{"id":42519,"date":"2024-09-26T12:12:56","date_gmt":"2024-09-26T10:12:56","guid":{"rendered":"https:\/\/praxas.com\/product\/non%20class\u00e9\/el-iot-sp-th\/"},"modified":"2025-11-06T17:24:53","modified_gmt":"2025-11-06T16:24:53","slug":"el-iot-sp-th","status":"publish","type":"product","link":"https:\/\/praxas.com\/fr\/product\/data-loggers-fr\/temperature-et-humidite\/el-iot-sp-th\/","title":{"rendered":"EL-IOT-SP-TH"},"content":{"rendered":"<p>Le EL-IOT-SP-TH est un enregistreur de donn\u00e9es de temp\u00e9rature et d&rsquo;humidit\u00e9 avanc\u00e9, con\u00e7u pour fonctionner de mani\u00e8re transparente dans le rayon d&rsquo;action de votre r\u00e9seau Wi-Fi. Il surveille et enregistre en permanence les conditions environnementales, en t\u00e9l\u00e9chargeant automatiquement les donn\u00e9es vers le nuage EasyLog. De l\u00e0, vous pouvez acc\u00e9der \u00e0 vos donn\u00e9es, les analyser et les partager \u00e0 partir de n&rsquo;importe quel appareil connect\u00e9 \u00e0 Internet dans le monde entier.  <\/p>\n<p>M\u00eame si le signal Wi-Fi est interrompu, l&rsquo;appareil continue d&rsquo;enregistrer les donn\u00e9es dans sa m\u00e9moire interne. Une fois la connexion r\u00e9tablie, il se reconnecte automatiquement et t\u00e9l\u00e9charge les donn\u00e9es stock\u00e9es dans le nuage, garantissant ainsi qu&rsquo;aucune donn\u00e9e n&rsquo;est perdue. L&rsquo;EL-IOT-SP-TH est \u00e9galement dot\u00e9 d&rsquo;un syst\u00e8me de sonde pr\u00e9-calibr\u00e9e, ce qui permet un remplacement rapide de la sonde sur site.  <\/p>\n<p>Avec des t\u00e9l\u00e9chargements de donn\u00e9es automatis\u00e9s et des notifications instantan\u00e9es par e-mail ou SMS en cas de modification des conditions critiques, cet appareil simplifie la surveillance de l&rsquo;environnement et vous offre un contr\u00f4le total et une grande tranquillit\u00e9 d&rsquo;esprit.<\/p>\n","protected":false},"excerpt":{"rendered":"<ul>\n<li>Enregistreur \u00e0 sonde intelligente de temp\u00e9rature et d&rsquo;humidit\u00e9 relative<\/li>\n<li>-30 \u00e0 +80\u00b0C \/0-100% RH<\/li>\n<li>Alarmes par e-mail et SMS en temps r\u00e9el<\/li>\n<li>Alertes visuelles et sonores<\/li>\n<li>T\u00e9l\u00e9chargement automatique des donn\u00e9es vers EasyLog Cloud<\/li>\n<\/ul>\n","protected":false},"featured_media":42363,"template":"","meta":{"_acf_changed":false,"content-type":"","_uag_custom_page_level_css":""},"product_brand":[],"product_cat":[1226],"product_tag":[2434,1233,2442,1241,3960],"class_list":{"0":"post-42519","1":"product","2":"type-product","3":"status-publish","4":"has-post-thumbnail","6":"product_cat-temperature-et-humidite","7":"product_tag-easylog-fr","8":"product_tag-easylog-cloud-fr","9":"product_tag-el-iot-fr","10":"product_tag-sonde-externe","11":"product_tag-sondes-intelligentes","13":"first","14":"instock","15":"taxable","16":"shipping-taxable","17":"purchasable","18":"product-type-simple"},"bundled_by":[],"bundle_stock_status":"instock","bundle_stock_quantity":null,"bundle_virtual":false,"bundle_layout":"","bundle_add_to_cart_form_location":"","bundle_editable_in_cart":false,"bundle_sold_individually_context":"","bundle_item_grouping":"","bundle_min_size":"","bundle_max_size":"","bundle_price":[],"bundled_items":[],"bundle_sell_ids":[],"acf":[],"spectra_custom_meta":{"_wcml_average_rating":[null],"_wcml_review_count":[null],"_wcml_rating_count":[null],"_backorders":["no"],"_download_limit":["0"],"_download_expiry":["0"],"_downloadable":["no"],"_manage_stock":["no"],"_sku":["EL-IOT-SP-TH"],"_stock_status":["instock"],"_sold_individually":["no"],"_tax_class":[""],"_tax_status":["taxable"],"_virtual":["no"],"_weight":["0.49"],"total_sales":["0"],"product_datasheet":["10242"],"_product_datasheet":["field_650ad7d6ea3a0"],"connectivity":["WiFi"],"_connectivity":["field_64dce263bb57c"],"brand":["EasyLog"],"_brand":["field_64ddf62ed2593"],"brand_image":["10467"],"_brand_image":["field_650c5e7c84cae"],"_specifications_table":["field_65044e1db92a8"],"_display_data_alarm":["field_667d647bcb066"],"_resources":["field_650849c6945ee"],"_calibration":["field_66a0ddd599972"],"_accessories":["field_650849e6945f0"],"_faqs":["field_650859523d8d5"],"_calibration_suitable_ids_gb":["field_654b4c4acb54a"],"_calibration_suitable_ids_us":["field_654b4c56cb54b"],"_show_in_calibration_suitable":["field_654cfb691d345"],"_shipping":["field_66852535c98a5"],"_refrigerant_cabinet":["field_66852557c98a6"],"_main_specifications":["field_66855b25b1245"],"_usd_price_4":["field_651570dcac479"],"_usd_price_9":["field_6515713eb4807"],"_usd_price_24":["field_65157141b4809"],"_usd_price_49":["field_65157140b4808"],"_usd_price_99":["field_6515715bb480a"],"_gbp_price_4":["field_6515716e83bfa"],"_gbp_price_9":["field_6515724783bfb"],"_gbp_price_24":["field_6515724b83bfc"],"_gbp_price_49":["field_6515725983bfd"],"_gbp_price_99":["field_6515725d83bfe"],"_usdhk_price_4":["field_6515726f83bff"],"_usdhk_price_9":["field_6515727c83c00"],"_usdhk_price_24":["field_6515728083c01"],"_usdhk_price_49":["field_6515728983c02"],"_usdhk_price_99":["field_6515728e83c03"],"stock_options":["In stock"],"_stock_options":["field_6544b605dc7f9"],"_top_nav_excluded":[""],"_cms_nav_minihome":[""],"wcml_sync_hash":["a:1:{s:15:\"postmeta_fields\";s:32:\"32939a60305322359dbaac01ca71e953\";}"],"attr_label_translations":["a:0:{}"],"_product_attributes":["a:2:{s:16:\"pa_product-brand\";a:6:{s:4:\"name\";s:16:\"pa_product-brand\";s:5:\"value\";s:0:\"\";s:8:\"position\";i:0;s:10:\"is_visible\";i:1;s:12:\"is_variation\";i:0;s:11:\"is_taxonomy\";i:1;}s:19:\"pa_product-features\";a:6:{s:4:\"name\";s:19:\"pa_product-features\";s:5:\"value\";s:0:\"\";s:8:\"position\";i:1;s:10:\"is_visible\";i:1;s:12:\"is_variation\";i:0;s:11:\"is_taxonomy\";i:1;}}"],"_thumbnail_id":["42363"],"_product_image_gallery":["42369,42375,42381"],"_crosssell_ids":["a:0:{}"],"hubwoo_ecomm_pro_id":["30656181459"],"_last_translation_edit_mode":["translation-editor"],"_wpml_word_count":["244"],"min_temp":["-18"],"max_temp":["60"],"_min_temp":["field_67ea5eb4e0a77"],"_max_temp":["field_67ea5f81e0a79"],"rank_math_primary_product_cat":["0"],"_other_features":["field_686fa2aa98dce"],"rank_math_description":["D\u00e9couvrez l'EL-IOT-SP-TH, un moniteur environnemental avanc\u00e9 qui offre un suivi pr\u00e9cis et en temps r\u00e9el de la temp\u00e9rature et de l'humidit\u00e9. Il propose un \u00e9talonnage sans effort de la sonde, un t\u00e9l\u00e9chargement continu des donn\u00e9es vers EasyLog Cloud et des alertes instantan\u00e9es pour un contr\u00f4le in\u00e9gal\u00e9. "],"rank_math_focus_keyword":["el-iot-sp-th, moniteur environnemental avanc\u00e9"],"specifications_table":["<table class=\"specifications\">\n<tbody>\n<tr class=\"even-row\">\n<td class=\"left-td\">Plage de mesure de la temp\u00e9rature<\/td>\n<td>\n<div class=\"product-specification__value col-m-6\">De -30\u00b0C \u00e0 +80\u00b0C (de -22\u00b0F \u00e0 +176\u00b0F)<\/div><\/td>\n<\/tr>\n<tr class=\"odd-row\">\n<td class=\"left-td\">R\u00e9solution<\/td>\n<td>\n<div class=\"product-specification__value col-m-6\">0.1\u00b0C<\/div><\/td>\n<\/tr>\n<tr class=\"even-row\">\n<td class=\"left-td\">Pr\u00e9cision de la temp\u00e9rature<\/td>\n<td>\n<div class=\"product-specification__value col-m-6\">\u00b10,3\u00b0C (\u00b10,6\u00b0F)<\/div><\/td>\n<\/tr>\n<tr class=\"odd-row\">\n<td class=\"left-td\">Plage d'humidit\u00e9<\/td>\n<td>\n<div class=\"product-specification__value col-m-6\">0 \u00e0 100%HR<\/div><\/td>\n<\/tr>\n<tr class=\"even-row\">\n<td class=\"left-td\">R\u00e9solution de l'humidit\u00e9<\/td>\n<td>\n<div class=\"product-specification__value col-m-6\">1%<\/div><\/td>\n<\/tr>\n<tr class=\"odd-row\">\n<td class=\"left-td\">Pr\u00e9cision sur l'humidit\u00e9 (\u00e0 25\u00b0C)<\/td>\n<td>\n<div class=\"product-specification__value col-m-6\">\u00b12%<\/div><\/td>\n<\/tr>\n<tr class=\"even-row\">\n<td class=\"left-td\">P\u00e9riode d'enregistrement<\/td>\n<td>10 secondes \u00e0 12 heures (s\u00e9lectionnable par l'utilisateur)<\/td>\n<\/tr>\n<tr class=\"odd-row\">\n<td class=\"left-td\">Intervalle de transmission<\/td>\n<td>\n<div class=\"product-specification__value col-m-6\">1 minute \u00e0 24 heures (s\u00e9lectionnable par l'utilisateur)<\/div><\/td>\n<\/tr>\n<tr class=\"even-row\">\n<td class=\"left-td\">Dur\u00e9e de vie de la batterie<\/td>\n<td>>1 an en g\u00e9n\u00e9ral<\/td>\n<\/tr>\n<tr class=\"odd-row\">\n<td class=\"left-td\">Type de batterie<\/td>\n<td>\n<div class=\"product-specification__value col-m-6\">4 piles AA 1,5V\n(ou via l'adaptateur secteur)<\/div><\/td>\n<\/tr>\n<tr class=\"even-row\">\n<td class=\"left-td\">Dimensions<\/td>\n<td>\n<div class=\"product-specification__value col-m-6\">94 x 83 x 31mm<\/div><\/td>\n<\/tr>\n<tr class=\"odd-row\">\n<td class=\"left-td\">Longueur du c\u00e2ble de la sonde<\/td>\n<td>\n<div class=\"product-specification__value col-m-6\">2m (79\")<\/div><\/td>\n<\/tr>\n<tr class=\"even-row\">\n<td class=\"left-td\">Plage de temp\u00e9rature de fonctionnement de l'enregistreur<\/td>\n<td>\n<div class=\"product-specification__value col-m-6\">-18 \u00e0 +55\u00b0C (0 \u00e0 +131\u00b0F) (piles)\n-20 \u00e0 +60\u00b0C (-4 \u00e0 +140\u00b0F) (alimentation)<\/div><\/td>\n<\/tr>\n<tr class=\"odd-row\">\n<td class=\"left-td\">Caract\u00e9ristiques environnementales<\/td>\n<td>IP54 (r\u00e9sistant aux \u00e9claboussures)<\/td>\n<\/tr>\n<tr class=\"even-row\">\n<td class=\"left-td\">M\u00e9moire interne<\/td>\n<td>300 000 lectures<\/td>\n<\/tr>\n<\/tbody>\n<\/table>"],"resources":["<ul class=\"resources-list\">\n \t<li><img src=\"https:\/\/praxas.com\/wp-content\/uploads\/document-icon.png\" alt=\"Ic\u00f4ne de document\"><a href=\"https:\/\/praxas.com\/wp-content\/uploads\/EL-IOT-SP-TH_Datasheet_Issue-1_09-2024-2.pdf\" target=\"_blank\" rel=\"noopener\">Fiche technique EL-IOT-SP-TH<\/a><\/li>\n \t<li><img src=\"https:\/\/praxas.com\/wp-content\/uploads\/document-icon.png\" alt=\"Ic\u00f4ne de document\"><a href=\"https:\/\/praxas.com\/wp-content\/uploads\/EL-IOT_QSG_Issue-5_04-23.pdf\" target=\"_blank\" rel=\"noopener\">Guide de d\u00e9marrage rapide EL-IOT-SP-TH<\/a><\/li>\n \t<li><img src=\"https:\/\/praxas.com\/wp-content\/uploads\/document-icon.png\" alt=\"Ic\u00f4ne de document\"><a href=\"https:\/\/praxas.com\/wp-content\/uploads\/bs-en-12830-record-of-compliance-issue-1-4.pdf\" target=\"_blank\" rel=\"noopener\">BS EN 12830:2021 Attestation de conformit\u00e9<\/a><\/li>\n \t<li><img src=\"https:\/\/praxas.com\/wp-content\/uploads\/document-icon.png\" alt=\"Ic\u00f4ne de document\"><a href=\"https:\/\/praxas.com\/wp-content\/uploads\/Declaration-of-Conformity_Indoor-Air-Quality_iss5-04_2024.pdf\" target=\"_blank\" rel=\"noopener\">EL-IOT D\u00e9claration de conformit\u00e9<\/a><\/li>\n<\/ul>\n<a class=\"button button-secondary\" href=\"http:\/\/praxas.com\/support\/\">Plus de soutien<\/a>"],"accessories":["[products skus=\"PSU EL-IOT,EL-IOT WALL BRACKET,EL-SP2-TH\"]"],"_uag_page_assets":["a:9:{s:3:\"css\";s:0:\"\";s:2:\"js\";s:0:\"\";s:18:\"current_block_list\";a:0:{}s:8:\"uag_flag\";b:0;s:11:\"uag_version\";s:10:\"1775742760\";s:6:\"gfonts\";a:0:{}s:10:\"gfonts_url\";s:0:\"\";s:12:\"gfonts_files\";a:0:{}s:14:\"uag_faq_layout\";b:0;}"],"_regular_price":["123.85"],"_price":["123.85"],"_max_variation_price":[""],"_max_variation_regular_price":[""],"_max_variation_sale_price":[""],"_min_variation_price":[""],"_min_variation_regular_price":[""],"_min_variation_sale_price":[""],"_sale_price":[""],"_wc_pb_base_regular_price":[""],"_wc_pb_base_sale_price":[""],"_wc_pb_base_price":[""],"_wc_sw_max_price":[""],"_wc_sw_max_regular_price":[""],"_wc_rating_count":[""],"_wc_review_count":[""],"_wc_average_rating":[0]},"uagb_featured_image_src":{"full":["https:\/\/praxas.com\/wp-content\/uploads\/EL-IOT-TH-Probe-black-1.png",800,463,false],"thumbnail":["https:\/\/praxas.com\/wp-content\/uploads\/EL-IOT-TH-Probe-black-1-150x150.png",150,150,true],"medium":["https:\/\/praxas.com\/wp-content\/uploads\/EL-IOT-TH-Probe-black-1-300x174.png",300,174,true],"medium_large":["https:\/\/praxas.com\/wp-content\/uploads\/EL-IOT-TH-Probe-black-1-768x444.png",768,444,true],"large":["https:\/\/praxas.com\/wp-content\/uploads\/EL-IOT-TH-Probe-black-1.png",800,463,false],"1536x1536":["https:\/\/praxas.com\/wp-content\/uploads\/EL-IOT-TH-Probe-black-1.png",800,463,false],"2048x2048":["https:\/\/praxas.com\/wp-content\/uploads\/EL-IOT-TH-Probe-black-1.png",800,463,false],"crunchify-admin-post-featured-image":["https:\/\/praxas.com\/wp-content\/uploads\/EL-IOT-TH-Probe-black-1-120x69.png",120,69,true],"commercegurus-pdp-large":["https:\/\/praxas.com\/wp-content\/uploads\/EL-IOT-TH-Probe-black-1.png",800,463,false],"commercegurus-plp-mobile":["https:\/\/praxas.com\/wp-content\/uploads\/EL-IOT-TH-Probe-black-1-441x255.png",441,255,true],"cgkit_image_swatch":["https:\/\/praxas.com\/wp-content\/uploads\/EL-IOT-TH-Probe-black-1-100x100.png",100,100,true],"woocommerce_thumbnail":["https:\/\/praxas.com\/wp-content\/uploads\/EL-IOT-TH-Probe-black-1-350x203.png",350,203,true],"woocommerce_single":["https:\/\/praxas.com\/wp-content\/uploads\/EL-IOT-TH-Probe-black-1.png",800,463,false],"woocommerce_gallery_thumbnail":["https:\/\/praxas.com\/wp-content\/uploads\/EL-IOT-TH-Probe-black-1-150x87.png",150,87,true]},"uagb_author_info":{"display_name":"Alex James","author_link":"https:\/\/praxas.com\/fr\/author\/"},"uagb_comment_info":0,"uagb_excerpt":"Enregistreur \u00e0 sonde intelligente de temp\u00e9rature et d'humidit\u00e9 relative -30 \u00e0 +80\u00b0C \/0-100% RH Alarmes par e-mail et SMS en temps r\u00e9el Alertes visuelles et sonores T\u00e9l\u00e9chargement automatique des donn\u00e9es vers EasyLog Cloud","_links":{"self":[{"href":"https:\/\/praxas.com\/fr\/wp-json\/wp\/v2\/product\/42519","targetHints":{"allow":["GET"]}}],"collection":[{"href":"https:\/\/praxas.com\/fr\/wp-json\/wp\/v2\/product"}],"about":[{"href":"https:\/\/praxas.com\/fr\/wp-json\/wp\/v2\/types\/product"}],"wp:featuredmedia":[{"embeddable":true,"href":"https:\/\/praxas.com\/fr\/wp-json\/wp\/v2\/media\/42363"}],"wp:attachment":[{"href":"https:\/\/praxas.com\/fr\/wp-json\/wp\/v2\/media?parent=42519"}],"wp:term":[{"taxonomy":"product_brand","embeddable":true,"href":"https:\/\/praxas.com\/fr\/wp-json\/wp\/v2\/product_brand?post=42519"},{"taxonomy":"product_cat","embeddable":true,"href":"https:\/\/praxas.com\/fr\/wp-json\/wp\/v2\/product_cat?post=42519"},{"taxonomy":"product_tag","embeddable":true,"href":"https:\/\/praxas.com\/fr\/wp-json\/wp\/v2\/product_tag?post=42519"}],"curies":[{"name":"wp","href":"https:\/\/api.w.org\/{rel}","templated":true}]}}