{"id":42951,"date":"2024-11-15T16:29:05","date_gmt":"2024-11-15T15:29:05","guid":{"rendered":"https:\/\/praxas.com\/product\/uncategorized\/lt5geo\/"},"modified":"2026-01-20T12:15:52","modified_gmt":"2026-01-20T11:15:52","slug":"lt5geo","status":"publish","type":"product","link":"https:\/\/praxas.com\/fr\/product\/data-loggers-fr\/enregistreurs-de-donnees-de-temperature\/lt5geo\/","title":{"rendered":"LT5GEO"},"content":{"rendered":"<p style=\"text-align: center;\"><strong>*Veuillez noter que cet appareil n\u00e9cessite un c\u00e2ble USB-C, que vous pouvez trouver <a href=\"https:\/\/praxas.com\/es\/product\/registradores-de-datos\/accesorios-es\/cable-usb-c-05m\/\">ici*<\/a>.<\/strong><\/p>\n<p>&nbsp;<\/p>\n<p>Nous vous pr\u00e9sentons la solution de suivi des exp\u00e9ditions LT5GEO &#8211; un dispositif de suivi complet et en temps r\u00e9el qui offre des options \u00e0 usage unique et \u00e0 usage multiple, con\u00e7u pour garantir que vos exp\u00e9ditions arrivent en toute s\u00e9curit\u00e9 et dans des conditions optimales.<\/p>\n<p>Le LT5GEO fournit des notifications instantan\u00e9es en cas d&rsquo;\u00e9cart par rapport aux param\u00e8tres pr\u00e9d\u00e9finis, avec des alertes envoy\u00e9es par appel t\u00e9l\u00e9phonique, SMS, WhatsApp ou e-mail pour que vos contacts d\u00e9sign\u00e9s puissent prendre des mesures imm\u00e9diates. En outre, vous recevrez des notifications d&rsquo;arriv\u00e9e par SMS ou par e-mail lorsque les marchandises atteindront leur destination. <\/p>\n<p>Ce puissant dispositif de surveillance s&rsquo;appuie sur la technologie cellulaire 4G\/5G (avec une fonction de repli 2G) pour un suivi fiable de la localisation. Le mode Auto Flight permet d&rsquo;enregistrer les donn\u00e9es en toute s\u00e9curit\u00e9 pendant le transport a\u00e9rien ; les transmissions sont interrompues en vol mais reprennent \u00e0 l&rsquo;atterrissage, ce qui permet de t\u00e9l\u00e9charger automatiquement les donn\u00e9es les plus r\u00e9centes sur <a href=\"https:\/\/praxas.com\/logtag-online\/\">LogTag\u00ae Online.<\/a> <\/p>\n<p>Le LT5GEO suit \u00e0 la fois l&#8217;emplacement et l&rsquo;\u00e9tat de votre exp\u00e9dition gr\u00e2ce \u00e0 une s\u00e9rie de capteurs avanc\u00e9s qui surveillent l&rsquo;<strong>humidit\u00e9, la lumi\u00e8re, les chocs et la temp\u00e9rature<\/strong>. Les mises \u00e0 jour en temps r\u00e9el sont accessibles via LogTag\u00ae Online, que vous pouvez consulter via n&rsquo;importe quel navigateur web ou en d\u00e9placement avec l&rsquo;application LogTag\u00ae Mobile. Suivez facilement l&rsquo;\u00e9tat et la localisation de votre exp\u00e9dition sans d\u00e9pendre des mises \u00e0 jour du transporteur, et assurez-vous que vos marchandises sont prot\u00e9g\u00e9es contre les risques li\u00e9s \u00e0 la temp\u00e9rature et \u00e0 l&rsquo;environnement.  <\/p>\n<p>Pour les applications \u00e0 usage unique ou multiple, le LT5GEO est facile \u00e0 utiliser avec un simple bouton de d\u00e9marrage\/arr\u00eat et un d\u00e9lai de d\u00e9marrage configurable pour une configuration flexible. L&rsquo;enregistreur peut stocker jusqu&rsquo;\u00e0 16 320 lectures \u00e0 bord, extensible \u00e0 1 million de lectures sur LogTag\u00ae Online, offrant une conservation compl\u00e8te des donn\u00e9es et des rapports d&rsquo;exp\u00e9dition automatis\u00e9s accessibles dans le monde entier. <\/p>\n<p>Construit pour r\u00e9pondre aux normes industrielles strictes, y compris FCC, CE, DO-160H, et FDA 21 CFR Part 11, le LT5GEO offre une fiabilit\u00e9 in\u00e9gal\u00e9e pour le contr\u00f4le des exp\u00e9ditions, vous tenant inform\u00e9 \u00e0 chaque \u00e9tape du processus.<\/p>\n","protected":false},"excerpt":{"rendered":"<ul>\n<li>Surveillance de la temp\u00e9rature, de l&rsquo;humidit\u00e9, de la lumi\u00e8re, des chocs et du GPS<\/li>\n<li>Localisation en temps r\u00e9el<\/li>\n<li>Alertes instantan\u00e9es par SMS, courriel, WhatsApp<\/li>\n<li>Mode de vol automatique pour le transit a\u00e9rien<\/li>\n<li>T\u00e9l\u00e9chargement des donn\u00e9es vers LogTag\u00ae Online<\/li>\n<li>Options \u00e0 usage unique et \u00e0 usage multiple<\/li>\n<\/ul>\n","protected":false},"featured_media":42931,"template":"","meta":{"_acf_changed":false,"content-type":"","_uag_custom_page_level_css":""},"product_brand":[],"product_cat":[1282,1238,1226],"product_tag":[2516],"class_list":{"0":"post-42951","1":"product","2":"type-product","3":"status-publish","4":"has-post-thumbnail","6":"product_cat-data-loggers-fr","7":"product_cat-enregistreurs-de-donnees-de-temperature","8":"product_cat-temperature-et-humidite","9":"product_tag-logtag-fr","11":"first","12":"instock","13":"taxable","14":"shipping-taxable","15":"purchasable","16":"product-type-variable"},"bundled_by":[],"bundle_stock_status":"instock","bundle_stock_quantity":null,"bundle_virtual":false,"bundle_layout":"","bundle_add_to_cart_form_location":"","bundle_editable_in_cart":false,"bundle_sold_individually_context":"","bundle_item_grouping":"","bundle_min_size":"","bundle_max_size":"","bundle_price":[],"bundled_items":[],"bundle_sell_ids":[],"acf":[],"spectra_custom_meta":{"hubwoo_ecomm_pro_id":["31417275613"],"_product_attributes":["a:2:{s:16:\"pa_make-a-choice\";a:6:{s:4:\"name\";s:16:\"pa_make-a-choice\";s:5:\"value\";s:0:\"\";s:8:\"position\";i:0;s:10:\"is_visible\";i:1;s:12:\"is_variation\";i:1;s:11:\"is_taxonomy\";i:1;}s:16:\"pa_product-brand\";a:6:{s:4:\"name\";s:16:\"pa_product-brand\";s:5:\"value\";s:0:\"\";s:8:\"position\";i:1;s:10:\"is_visible\";i:1;s:12:\"is_variation\";i:0;s:11:\"is_taxonomy\";i:1;}}"],"attr_label_translations":["a:1:{s:2:\"fr\";a:1:{s:13:\"make-a-choice\";s:15:\"Faites un choix\";}}"],"_wcml_average_rating":[null],"_wcml_review_count":[null],"_wcml_rating_count":[null],"_backorders":["no"],"_download_limit":["-1"],"_download_expiry":["-1"],"_downloadable":["no"],"_manage_stock":["no"],"_sku":["LT_5GEO"],"_stock_status":["instock"],"_sold_individually":["no"],"_tax_class":[""],"_tax_status":["taxable"],"_virtual":["no"],"_weight":["0.175"],"_width":["6.8"],"_height":["9"],"_length":["2.5"],"total_sales":["47"],"product_datasheet":[""],"_product_datasheet":["field_650ad7d6ea3a0"],"connectivity":["Cellular"],"_connectivity":["field_64dce263bb57c"],"brand":["LogTag"],"_brand":["field_64ddf62ed2593"],"brand_image":[""],"_brand_image":["field_650c5e7c84cae"],"_specifications_table":["field_65044e1db92a8"],"_display_data_alarm":["field_667d647bcb066"],"_resources":["field_650849c6945ee"],"_calibration":["field_66a0ddd599972"],"_accessories":["field_650849e6945f0"],"_faqs":["field_650859523d8d5"],"_calibration_suitable_ids_gb":["field_654b4c4acb54a"],"_calibration_suitable_ids_us":["field_654b4c56cb54b"],"_show_in_calibration_suitable":["field_654cfb691d345"],"_shipping":["field_66852535c98a5"],"_refrigerant_cabinet":["field_66852557c98a6"],"_main_specifications":["field_66855b25b1245"],"_usd_price_4":["field_651570dcac479"],"_usd_price_9":["field_6515713eb4807"],"_usd_price_24":["field_65157141b4809"],"_usd_price_49":["field_65157140b4808"],"_usd_price_99":["field_6515715bb480a"],"_gbp_price_4":["field_6515716e83bfa"],"_gbp_price_9":["field_6515724783bfb"],"_gbp_price_24":["field_6515724b83bfc"],"_gbp_price_49":["field_6515725983bfd"],"_gbp_price_99":["field_6515725d83bfe"],"_usdhk_price_4":["field_6515726f83bff"],"_usdhk_price_9":["field_6515727c83c00"],"_usdhk_price_24":["field_6515728083c01"],"_usdhk_price_49":["field_6515728983c02"],"_usdhk_price_99":["field_6515728e83c03"],"stock_options":["In stock"],"_stock_options":["field_6544b605dc7f9"],"_top_nav_excluded":[""],"_cms_nav_minihome":[""],"wcml_sync_hash":["a:1:{s:15:\"postmeta_fields\";s:32:\"27af67be6cf5b1b37bd289e06bb58970\";}"],"_thumbnail_id":["42931"],"_product_image_gallery":["42937,42943"],"_last_translation_edit_mode":["translation-editor"],"_wpml_word_count":["476"],"_price":["73.50","156.80","94.50","157.50","178.50"],"min_temp":["-30"],"max_temp":["70"],"_min_temp":["field_67ea5eb4e0a77"],"_max_temp":["field_67ea5f81e0a79"],"rank_math_primary_product_cat":["0"],"_other_features":["field_686fa2aa98dce"],"rank_math_title":["LT5GEO : Suivi puissant en temps r\u00e9el %sep% %sitename%"],"rank_math_description":["Suivez vos exp\u00e9ditions en temps r\u00e9el avec LT5GEO. Surveillez la temp\u00e9rature, l'humidit\u00e9, la lumi\u00e8re et le GPS, et recevez des alertes instantan\u00e9es pour une s\u00e9curit\u00e9 totale. "],"rank_math_focus_keyword":["LT5GEO"],"_crosssell_ids":["a:1:{i:0;i:7257;}"],"specifications_table":["<table class=\"specifications\">\n<tbody>\n<tr class=\"even-row\">\n<td class=\"left-td\">Mod\u00e8le du produit<\/td>\n<td>LT5GEO<\/td>\n<\/tr>\n<tr class=\"odd-row\">\n<td class=\"left-td\">Connectivit\u00e9<\/td>\n<td>LTE Cat M1\/EGPRS<\/td>\n<\/tr>\n<tr class=\"even-row\">\n<td class=\"left-td\">Plage de mesure du capteur<\/td>\n<td>De -30 \u00b0C \u00e0 +70 \u00b0C (de -22 \u00b0F \u00e0 +158 \u00b0F)<\/td>\n<\/tr>\n<tr class=\"odd-row\">\n<td class=\"left-td\">Plage de temp\u00e9rature de fonctionnement<\/td>\n<td>De -30 \u00b0C \u00e0 +70 \u00b0C (de -22 \u00b0F \u00e0 +158 \u00b0F)<\/td>\n<\/tr>\n<tr class=\"even-row\">\n<td class=\"left-td\">Plage de temp\u00e9rature de stockage<\/td>\n<td>0 \u00b0C \u00e0 +40 \u00b0C (+32 \u00b0F \u00e0 +104 \u00b0F)<\/td>\n<\/tr>\n<tr class=\"odd-row\">\n<td class=\"left-td\">Plage de mesure de l'humidit\u00e9<\/td>\n<td>0 %HR \u00e0 100 %HR (sans condensation), avec limitations<\/td>\n<\/tr>\n<tr class=\"even-row\">\n<td class=\"left-td\">Plage d'humidit\u00e9 de fonctionnement<\/td>\n<td>0 %HR \u00e0 100 %HR (sans condensation), avec limitations<\/td>\n<\/tr>\n<tr class=\"odd-row\">\n<td class=\"left-td\">Plage d'humidit\u00e9 de stockage<\/td>\n<td>5 \u00e0 95 %HR sans condensation<\/td>\n<\/tr>\n<tr class=\"even-row\">\n<td class=\"left-td\">Pr\u00e9cision de la lecture de la temp\u00e9rature<\/td>\n<td>\u00b10,45 \u00b0C (\u00b10,8 \u00b0F) pour +0 \u00b0C \u00e0 +50 \u00b0C ; \u00b10,8 \u00b0C (\u00b11,4 \u00b0F) pour +50 \u00b0C \u00e0 +70 \u00b0C ; \u00b10,95 \u00b0C (\u00b11,7 \u00b0F) pour -40 \u00b0C \u00e0 +0 \u00b0C<\/td>\n<\/tr>\n<tr class=\"odd-row\">\n<td class=\"left-td\">Pr\u00e9cision de la lecture de l'humidit\u00e9<\/td>\n<td>\u00b13 %HR pour 20 %HR \u00e0 80 %HR ; \u00b15 %HR pour 0 %HR \u00e0 20 %HR & 80 %HR \u00e0 100 %HR<\/td>\n<\/tr>\n<tr class=\"even-row\">\n<td class=\"left-td\">Gamme de capteurs de lumi\u00e8re<\/td>\n<td>0 - 120 000 lux<\/td>\n<\/tr>\n<tr class=\"odd-row\">\n<td class=\"left-td\">Gamme de capteurs de chocs<\/td>\n<td>0-16g<\/td>\n<\/tr>\n<tr class=\"even-row\">\n<td class=\"left-td\">R\u00e9solution du capteur de chocs<\/td>\n<td>0,1g (1 <sup>m\/s2<\/sup>)<\/td>\n<\/tr>\n<tr class=\"odd-row\">\n<td class=\"left-td\">Taux d'\u00e9chantillonnage du capteur de chocs<\/td>\n<td>25 Hz<\/td>\n<\/tr>\n<tr class=\"even-row\">\n<td class=\"left-td\">Capacit\u00e9 d'enregistrement des donn\u00e9es<\/td>\n<td>16 320 lectures (1 million avec LogTag\u00ae Online)<\/td>\n<\/tr>\n<tr class=\"odd-row\">\n<td class=\"left-td\">Intervalle de transmission<\/td>\n<td>1-24 heures, r\u00e9glable<\/td>\n<\/tr>\n<tr class=\"even-row\">\n<td class=\"left-td\">Intervalle d'\u00e9chantillonnage<\/td>\n<td>10 minutes<\/td>\n<\/tr>\n<tr class=\"odd-row\">\n<td class=\"left-td\">Options de d\u00e9marrage de l'enregistrement<\/td>\n<td>D\u00e9marrage par bouton-poussoir, d\u00e9lai configurable (1 minute \u00e0 72 heures)<\/td>\n<\/tr>\n<tr class=\"even-row\">\n<td class=\"left-td\">Caract\u00e9ristiques environnementales<\/td>\n<td>IP61<\/td>\n<\/tr>\n<tr class=\"odd-row\">\n<td class=\"left-td\">Logiciel<\/td>\n<td>LogTag\u00ae Online, LogTag\u00ae Mobile App en option<\/td>\n<\/tr>\n<tr class=\"even-row\">\n<td class=\"left-td\">Type de batterie<\/td>\n<td>Hydrure m\u00e9tallique de nickel (NiMH) rechargeable sans lithium<\/td>\n<\/tr>\n<tr class=\"odd-row\">\n<td class=\"left-td\">Dur\u00e9e de vie de la batterie<\/td>\n<td>90 jours (30 minutes d'enregistrement, 60 minutes de t\u00e9l\u00e9chargement)<\/td>\n<\/tr>\n<tr class=\"even-row\">\n<td class=\"left-td\">Interface de connexion<\/td>\n<td>USB 2.0 \/ USB Type-C<\/td>\n<\/tr>\n<tr class=\"odd-row\">\n<td class=\"left-td\">Dimensions de l'appareil<\/td>\n<td>90mm (H) x 68mm (L) x 25mm (L)<\/td>\n<\/tr>\n<tr class=\"even-row\">\n<td class=\"left-td\">Poids<\/td>\n<td>175g<\/td>\n<\/tr>\n<tr class=\"odd-row\">\n<td class=\"left-td\">Mat\u00e9riau du bo\u00eetier<\/td>\n<td>Polycarbonate<\/td>\n<\/tr>\n<\/tbody>\n<\/table>"],"resources":["<ul class=\"resources-list\">\n \t<li><img src=\"https:\/\/praxas.com\/wp-content\/uploads\/document-icon.png\" alt=\"Ic\u00f4ne de document\"><a href=\"https:\/\/praxas.com\/wp-content\/uploads\/LT5GEO-Brochure.pdf\">Brochure LogTag LT5GEO<\/a><\/li>\n \t<li><img src=\"https:\/\/praxas.com\/wp-content\/uploads\/document-icon.png\" alt=\"Ic\u00f4ne de document\"><a href=\"https:\/\/praxas.com\/wp-content\/uploads\/LT5GEO-Sell-Sheet.pdf\">Fiche de vente LogTag LT5GEO<\/a><\/li>\n \t<li><img src=\"https:\/\/praxas.com\/wp-content\/uploads\/document-icon.png\" alt=\"Ic\u00f4ne de document\"><a href=\"https:\/\/praxas.com\/wp-content\/uploads\/LT5GEO-FAQ-Document.pdf\">LogTag LT5GEO FAQs<\/a><\/li>\n<\/ul>\n\u00a0\n\n\u00a0\n<div style=\"text-align: center;\">\n<div style=\"display: inline-block; margin: 10px;\"><iframe title=\"Lecteur vid\u00e9o YouTube\" src=\"https:\/\/www.youtube.com\/embed\/i8Dj_F3I8ks\" width=\"448\" height=\"252\" frameborder=\"0\" allowfullscreen=\"allowfullscreen\"><\/iframe><\/div>\n<div style=\"display: inline-block; margin: 10px;\"><iframe title=\"Lecteur vid\u00e9o YouTube\" src=\"https:\/\/www.youtube.com\/embed\/DVeD0GFj5bg\" width=\"448\" height=\"252\" frameborder=\"0\" allowfullscreen=\"allowfullscreen\"><\/iframe><\/div>\n<\/div>"],"accessories":["[products skus=\"CABLE USB C 0.5M\"]"],"_uag_page_assets":["a:9:{s:3:\"css\";s:0:\"\";s:2:\"js\";s:0:\"\";s:18:\"current_block_list\";a:0:{}s:8:\"uag_flag\";b:0;s:11:\"uag_version\";s:10:\"1775212209\";s:6:\"gfonts\";a:0:{}s:10:\"gfonts_url\";s:0:\"\";s:12:\"gfonts_files\";a:0:{}s:14:\"uag_faq_layout\";b:0;}"],"_max_variation_price":[""],"_max_variation_regular_price":[""],"_max_variation_sale_price":[""],"_min_variation_price":[""],"_min_variation_regular_price":[""],"_min_variation_sale_price":[""],"_regular_price":[""],"_sale_price":[""],"_wc_pb_base_regular_price":[""],"_wc_pb_base_sale_price":[""],"_wc_pb_base_price":[""],"_wc_sw_max_price":[""],"_wc_sw_max_regular_price":[""],"_wc_rating_count":[""],"_wc_review_count":[""],"_wc_average_rating":[0]},"uagb_featured_image_src":{"full":["https:\/\/praxas.com\/wp-content\/uploads\/LOGTAG.jpg",800,420,false],"thumbnail":["https:\/\/praxas.com\/wp-content\/uploads\/LOGTAG-150x150.jpg",150,150,true],"medium":["https:\/\/praxas.com\/wp-content\/uploads\/LOGTAG-300x158.jpg",300,158,true],"medium_large":["https:\/\/praxas.com\/wp-content\/uploads\/LOGTAG-768x403.jpg",768,403,true],"large":["https:\/\/praxas.com\/wp-content\/uploads\/LOGTAG.jpg",800,420,false],"1536x1536":["https:\/\/praxas.com\/wp-content\/uploads\/LOGTAG.jpg",800,420,false],"2048x2048":["https:\/\/praxas.com\/wp-content\/uploads\/LOGTAG.jpg",800,420,false],"crunchify-admin-post-featured-image":["https:\/\/praxas.com\/wp-content\/uploads\/LOGTAG-120x63.jpg",120,63,true],"commercegurus-pdp-large":["https:\/\/praxas.com\/wp-content\/uploads\/LOGTAG.jpg",800,420,false],"commercegurus-plp-mobile":["https:\/\/praxas.com\/wp-content\/uploads\/LOGTAG-441x232.jpg",441,232,true],"cgkit_image_swatch":["https:\/\/praxas.com\/wp-content\/uploads\/LOGTAG-100x100.jpg",100,100,true],"woocommerce_thumbnail":["https:\/\/praxas.com\/wp-content\/uploads\/LOGTAG-350x184.jpg",350,184,true],"woocommerce_single":["https:\/\/praxas.com\/wp-content\/uploads\/LOGTAG.jpg",800,420,false],"woocommerce_gallery_thumbnail":["https:\/\/praxas.com\/wp-content\/uploads\/LOGTAG-150x79.jpg",150,79,true]},"uagb_author_info":{"display_name":"Claudia Arts Rutten","author_link":"https:\/\/praxas.com\/fr\/author\/"},"uagb_comment_info":0,"uagb_excerpt":"Surveillance de la temp\u00e9rature, de l'humidit\u00e9, de la lumi\u00e8re, des chocs et du GPS Localisation en temps r\u00e9el Alertes instantan\u00e9es par SMS, courriel, WhatsApp Mode de vol automatique pour le transit a\u00e9rien T\u00e9l\u00e9chargement des donn\u00e9es vers LogTag\u00ae Online Options \u00e0 usage unique et \u00e0 usage multiple","_links":{"self":[{"href":"https:\/\/praxas.com\/fr\/wp-json\/wp\/v2\/product\/42951","targetHints":{"allow":["GET"]}}],"collection":[{"href":"https:\/\/praxas.com\/fr\/wp-json\/wp\/v2\/product"}],"about":[{"href":"https:\/\/praxas.com\/fr\/wp-json\/wp\/v2\/types\/product"}],"wp:featuredmedia":[{"embeddable":true,"href":"https:\/\/praxas.com\/fr\/wp-json\/wp\/v2\/media\/42931"}],"wp:attachment":[{"href":"https:\/\/praxas.com\/fr\/wp-json\/wp\/v2\/media?parent=42951"}],"wp:term":[{"taxonomy":"product_brand","embeddable":true,"href":"https:\/\/praxas.com\/fr\/wp-json\/wp\/v2\/product_brand?post=42951"},{"taxonomy":"product_cat","embeddable":true,"href":"https:\/\/praxas.com\/fr\/wp-json\/wp\/v2\/product_cat?post=42951"},{"taxonomy":"product_tag","embeddable":true,"href":"https:\/\/praxas.com\/fr\/wp-json\/wp\/v2\/product_tag?post=42951"}],"curies":[{"name":"wp","href":"https:\/\/api.w.org\/{rel}","templated":true}]}}