{"id":46163,"date":"2025-02-24T17:12:41","date_gmt":"2025-02-24T16:12:41","guid":{"rendered":"https:\/\/praxas.com\/product\/non%20class\u00e9\/el-usb-vacx\/"},"modified":"2025-12-01T15:23:31","modified_gmt":"2025-12-01T14:23:31","slug":"el-usb-vacx","status":"publish","type":"product","link":"https:\/\/praxas.com\/fr\/product\/data-loggers-fr\/surveillance-des-vaccins\/el-usb-vacx\/","title":{"rendered":"EL-USB-VACX"},"content":{"rendered":"<p data-start=\"176\" data-end=\"537\">Le moniteur de vaccins EL-USB-VACX est con\u00e7u pour suivre avec pr\u00e9cision les temp\u00e9ratures dans les r\u00e9frig\u00e9rateurs et les cong\u00e9lateurs, prot\u00e9geant ainsi les vaccins de valeur contre les \u00e9carts qui pourraient compromettre leur efficacit\u00e9. Cet enregistreur de donn\u00e9es fiable assure un suivi pr\u00e9cis pendant le stockage et le transport, ce qui en fait une solution essentielle pour pr\u00e9server l&rsquo;int\u00e9grit\u00e9 des vaccins. <\/p>\n<h3 data-start=\"539\" data-end=\"561\"><strong data-start=\"543\" data-end=\"559\">Caract\u00e9ristiques principales<\/strong><\/h3>\n<ul data-start=\"563\" data-end=\"1398\">\n<li data-start=\"563\" data-end=\"721\">\n<p data-start=\"565\" data-end=\"721\"><strong data-start=\"565\" data-end=\"591\">Large gamme de temp\u00e9ratures<\/strong> &#8211; Mesure avec pr\u00e9cision les temp\u00e9ratures de -40\u00b0C \u00e0 +60\u00b0C, r\u00e9pondant ainsi aux exigences critiques de stockage d&rsquo;une large gamme de vaccins.<\/p>\n<\/li>\n<li data-start=\"723\" data-end=\"852\">\n<p data-start=\"725\" data-end=\"852\"><strong data-start=\"725\" data-end=\"751\">Stockage de donn\u00e9es \u00e9tendu<\/strong> &#8211; Enregistre plus de 1 000 000 de relev\u00e9s, cr\u00e9ant ainsi un historique d\u00e9taill\u00e9 des fluctuations de temp\u00e9rature.<\/p>\n<\/li>\n<li data-start=\"854\" data-end=\"1000\">\n<p data-start=\"856\" data-end=\"1000\"><strong data-start=\"856\" data-end=\"891\">Simulation de vaccins \u00e0 base de glycol<\/strong> &#8211; R\u00e9duit les fausses alarmes en reproduisant la r\u00e9ponse thermique des vaccins, ce qui garantit une surveillance extr\u00eamement fiable.<\/p>\n<\/li>\n<li data-start=\"1002\" data-end=\"1107\">\n<p data-start=\"1004\" data-end=\"1107\"><strong data-start=\"1004\" data-end=\"1033\">Sonde intelligente de haute pr\u00e9cision<\/strong> &#8211; Fournit des relev\u00e9s de temp\u00e9rature pr\u00e9cis pour une collecte de donn\u00e9es fiable.<\/p>\n<\/li>\n<li data-start=\"1109\" data-end=\"1258\">\n<p data-start=\"1111\" data-end=\"1258\"><strong data-start=\"1111\" data-end=\"1140\">\u00c9talonnage \u00e0 chaud<\/strong> &#8211; Permet un r\u00e9\u00e9talonnage sur site sans perturber les op\u00e9rations ou n\u00e9cessiter l&rsquo;envoi de l&rsquo;appareil en r\u00e9paration.<\/p>\n<\/li>\n<li data-start=\"1260\" data-end=\"1398\">\n<p data-start=\"1262\" data-end=\"1398\"><strong data-start=\"1262\" data-end=\"1282\">Logiciel embarqu\u00e9<\/strong> &#8211; Permet aux utilisateurs d&rsquo;\u00e9tablir des graphiques et de configurer les param\u00e8tres directement sur l&rsquo;appareil, ce qui simplifie la gestion et l&rsquo;analyse des donn\u00e9es.<\/p>\n<\/li>\n<\/ul>\n<h3 data-start=\"1400\" data-end=\"1457\"><strong data-start=\"1404\" data-end=\"1455\">Prot\u00e9ger les vaccins, pr\u00e9server la sant\u00e9 publique<\/strong><\/h3>\n<p data-start=\"1459\" data-end=\"1740\">Le moniteur de vaccins EL-USB-VACX est un outil essentiel pour les \u00e9tablissements de sant\u00e9, les pharmacies et les instituts de recherche. En assurant un contr\u00f4le pr\u00e9cis de la temp\u00e9rature et une gestion efficace des donn\u00e9es, il joue un r\u00f4le crucial dans le maintien de l&rsquo;efficacit\u00e9 des vaccins et la s\u00e9curit\u00e9 des patients. <\/p>\n","protected":false},"excerpt":{"rendered":"<ul>\n<li>  Moniteur des vaccins<\/li>\n<li>-40 \u00e0 +60\u00b0C<\/li>\n<li>Stocke plus de 1 000 000 de lectures<\/li>\n<li>Alarmes configurables<\/li>\n<li>Sonde rempla\u00e7able \u00e0 chaud<\/li>\n<li>Sonde intelligente de haute pr\u00e9cision<\/li>\n<\/ul>\n","protected":false},"featured_media":46131,"template":"","meta":{"_acf_changed":false,"content-type":"","_uag_custom_page_level_css":""},"product_brand":[],"product_cat":[1259,1238],"product_tag":[2434,3960,1260],"class_list":{"0":"post-46163","1":"product","2":"type-product","3":"status-publish","4":"has-post-thumbnail","6":"product_cat-surveillance-des-vaccins","7":"product_cat-enregistreurs-de-donnees-de-temperature","8":"product_tag-easylog-fr","9":"product_tag-sondes-intelligentes","10":"product_tag-usb-fr","12":"first","13":"instock","14":"taxable","15":"shipping-taxable","16":"purchasable","17":"product-type-simple"},"bundled_by":[],"bundle_stock_status":"instock","bundle_stock_quantity":null,"bundle_virtual":false,"bundle_layout":"","bundle_add_to_cart_form_location":"","bundle_editable_in_cart":false,"bundle_sold_individually_context":"","bundle_item_grouping":"","bundle_min_size":"","bundle_max_size":"","bundle_price":[],"bundled_items":[],"bundle_sell_ids":[],"acf":[],"spectra_custom_meta":{"hubwoo_ecomm_pro_id":["20314916706"],"_wcml_average_rating":[null],"_wcml_review_count":[null],"_wcml_rating_count":[null],"_backorders":["no"],"_download_limit":["-1"],"_download_expiry":["-1"],"_downloadable":["no"],"_manage_stock":["no"],"_sku":["EL-USB-VACX"],"_stock_status":["instock"],"_sold_individually":["no"],"_tax_class":[""],"_tax_status":["taxable"],"_virtual":["no"],"_weight":["0.134"],"_width":["6.8"],"_height":["2.3"],"_length":["8"],"total_sales":["0"],"product_datasheet":[""],"_product_datasheet":["field_650ad7d6ea3a0"],"connectivity":["USB"],"_connectivity":["field_64dce263bb57c"],"brand":["EasyLog"],"_brand":["field_64ddf62ed2593"],"brand_image":[""],"_brand_image":["field_650c5e7c84cae"],"_specifications_table":["field_65044e1db92a8"],"_display_data_alarm":["field_667d647bcb066"],"_resources":["field_650849c6945ee"],"_calibration":["field_66a0ddd599972"],"_accessories":["field_650849e6945f0"],"_faqs":["field_650859523d8d5"],"_calibration_suitable_ids_gb":["field_654b4c4acb54a"],"_calibration_suitable_ids_us":["field_654b4c56cb54b"],"_show_in_calibration_suitable":["field_654cfb691d345"],"_shipping":["field_66852535c98a5"],"_refrigerant_cabinet":["field_66852557c98a6"],"_main_specifications":["field_66855b25b1245"],"_usd_price_4":["field_651570dcac479"],"_usd_price_9":["field_6515713eb4807"],"_usd_price_24":["field_65157141b4809"],"_usd_price_49":["field_65157140b4808"],"_usd_price_99":["field_6515715bb480a"],"_gbp_price_4":["field_6515716e83bfa"],"_gbp_price_9":["field_6515724783bfb"],"_gbp_price_24":["field_6515724b83bfc"],"_gbp_price_49":["field_6515725983bfd"],"_gbp_price_99":["field_6515725d83bfe"],"_usdhk_price_4":["field_6515726f83bff"],"_usdhk_price_9":["field_6515727c83c00"],"_usdhk_price_24":["field_6515728083c01"],"_usdhk_price_49":["field_6515728983c02"],"_usdhk_price_99":["field_6515728e83c03"],"stock_options":["In stock"],"_stock_options":["field_6544b605dc7f9"],"_top_nav_excluded":[""],"_cms_nav_minihome":[""],"wcml_sync_hash":["a:1:{s:15:\"postmeta_fields\";s:32:\"654b63068d2cb48eb39132cbaaa10bef\";}"],"attr_label_translations":["a:0:{}"],"_product_attributes":["a:1:{s:16:\"pa_product-brand\";a:6:{s:4:\"name\";s:16:\"pa_product-brand\";s:5:\"value\";s:0:\"\";s:8:\"position\";i:0;s:10:\"is_visible\";i:1;s:12:\"is_variation\";i:0;s:11:\"is_taxonomy\";i:1;}}"],"_thumbnail_id":["46131"],"_product_image_gallery":["46107,46125"],"_crosssell_ids":["a:0:{}"],"min_temp":["-40"],"_min_temp":["field_67ea5eb4e0a77"],"_max_temp":["field_67ea5f81e0a79"],"max_temp":["60"],"_last_translation_edit_mode":["translation-editor"],"_wpml_word_count":["331"],"rank_math_primary_product_cat":["100"],"_regular_price":["208.79"],"_price":["208.79"],"_other_features":["field_686fa2aa98dce"],"rank_math_title":["%title%%sep% Moniteur des vaccins essentiels %sep% %sitename%"],"rank_math_focus_keyword":["Moniteur des vaccins"],"specifications_table":["<table class=\"specifications\">\n<tbody>\n<tr class=\"even-row\">\n<td class=\"left-td\">Plage de mesure de la temp\u00e9rature<\/td>\n<td>de -40 \u00e0 +60\u00b0C \/ de -40 \u00e0 +140\u00b0F<\/td>\n<\/tr>\n<tr class=\"odd-row\">\n<td class=\"left-td\">Plage de mesure de la temp\u00e9rature Pr\u00e9cision typique<\/td>\n<td>\u00b10,1\u00b0C (-10 \u00e0 +60\u00b0C) \/ \u00b10,2\u00b0F (+14 \u00e0 +140\u00b0F)<\/td>\n<\/tr>\n<tr class=\"even-row\">\n<td class=\"left-td\">Pr\u00e9cision maximale de la mesure de la temp\u00e9rature<\/td>\n<td>\u00b10,5\u00b0C (-40 \u00e0 +60\u00b0C) \/ \u00b10,9\u00b0F (-40 \u00e0 +140\u00b0F)<\/td>\n<\/tr>\n<tr class=\"odd-row\">\n<td class=\"left-td\">R\u00e9solution de la mesure de la temp\u00e9rature<\/td>\n<td>0,01\u00b0C (0,02\u00b0F)<\/td>\n<\/tr>\n<tr class=\"even-row\">\n<td class=\"left-td\">R\u00e9solution de l'affichage de la temp\u00e9rature<\/td>\n<td>0.01<\/td>\n<\/tr>\n<tr class=\"odd-row\">\n<td class=\"left-td\">P\u00e9riode d'enregistrement (s\u00e9lectionnable par l'utilisateur)<\/td>\n<td>1 minute \u00e0 24 heures<\/td>\n<\/tr>\n<tr class=\"even-row\">\n<td class=\"left-td\">Modes intelligents<\/td>\n<td>Imm\u00e9diat, d\u00e9marrage par pression, d\u00e9marrage diff\u00e9r\u00e9, d\u00e9clenchement par la temp\u00e9rature<\/td>\n<\/tr>\n<tr class=\"odd-row\">\n<td class=\"left-td\">Capacit\u00e9 de m\u00e9moire interne<\/td>\n<td>Plus de 1 000 000 de relev\u00e9s<\/td>\n<\/tr>\n<tr class=\"even-row\">\n<td class=\"left-td\">Sondeur<\/td>\n<td>Sonde d'alarme int\u00e9gr\u00e9e<\/td>\n<\/tr>\n<tr class=\"odd-row\">\n<td class=\"left-td\">Environnement de fonctionnement (enregistreur)<\/td>\n<td>-20 \u00e0 +60\u00b0C, 5 \u00e0 85%HR, 75 \u00e0 106kPa<\/td>\n<\/tr>\n<tr class=\"even-row\">\n<td class=\"left-td\">Environnement de transport<\/td>\n<td>-20 \u00e0 +60\u00b0C, 5 \u00e0 85%HR, 75 \u00e0 106kPa<\/td>\n<\/tr>\n<tr class=\"odd-row\">\n<td class=\"left-td\">Protection contre les infiltrations<\/td>\n<td>Enregistreur IP4X, Sonde : IP67<\/td>\n<\/tr>\n<tr class=\"even-row\">\n<td class=\"left-td\">Degr\u00e9 de pollution de l'environnement d'utilisation pr\u00e9vu<\/td>\n<td>2<\/td>\n<\/tr>\n<tr class=\"odd-row\">\n<td class=\"left-td\">Dur\u00e9e de vie de la batterie<\/td>\n<td>6 mois<\/td>\n<\/tr>\n<tr class=\"even-row\">\n<td class=\"left-td\">Batterie interne<\/td>\n<td>3,7V, 1750mAh, 6,475Wh, Li-ion<\/td>\n<\/tr>\n<tr class=\"odd-row\">\n<td class=\"left-td\">Tension d'alimentation USB<\/td>\n<td>4,5 \u00e0 5,5VDC, 500mA<\/td>\n<\/tr>\n<tr class=\"even-row\">\n<td class=\"left-td\">Dimensions (enregistreur)<\/td>\n<td>80 x 68 x 23mm (3.15 x 2.68 x 0.91\u2033)<\/td>\n<\/tr>\n<tr class=\"odd-row\">\n<td class=\"left-td\">Poids net<\/td>\n<td>134g<\/td>\n<\/tr>\n<tr class=\"even-row\">\n<td class=\"left-td\">Vis de fixation murale recommand\u00e9es<\/td>\n<td>4 x 20mm, t\u00eate frais\u00e9e, encastrement transversal, acier inoxydable<\/td>\n<\/tr>\n<\/tbody>\n<\/table>"],"resources":["<ul class=\"resources-list\">\n \t<li style=\"list-style-type: none;\">\n<ul class=\"resources-list\">\n \t<li><img src=\"https:\/\/praxas.com\/wp-content\/uploads\/document-icon.png\" alt=\"Ic\u00f4ne de document\"><a href=\"https:\/\/praxas.com\/wp-content\/uploads\/Datasheet_EL-USB-VACX_Iss1_09-2024.pdf\">Fiche technique EL-USB-VACX<\/a><\/li>\n \t<li><img src=\"https:\/\/praxas.com\/wp-content\/uploads\/document-icon.png\" alt=\"Ic\u00f4ne de document\"><a href=\"https:\/\/praxas.com\/wp-content\/uploads\/help-guide-3-network-requirements-and-settings-12-09-2022_issue-6-5.pdf\">Exigences et param\u00e8tres du r\u00e9seau<\/a><\/li>\n \t<li><img src=\"https:\/\/praxas.com\/wp-content\/uploads\/document-icon.png\" alt=\"Ic\u00f4ne de document\"><a href=\"https:\/\/praxas.com\/wp-content\/uploads\/EASYLOG-VERSION-EL-USB-TPXCS-_VFC-311-USB-QSG-v8.pdf\">Guide de d\u00e9marrage rapide EL-USB<\/a><\/li>\n \t<li><img src=\"https:\/\/praxas.com\/wp-content\/uploads\/document-icon.png\" alt=\"Ic\u00f4ne de document\"><a href=\"https:\/\/praxas.com\/wp-content\/uploads\/bs-en-12830-record-of-compliance-issue-1-6.pdf\">BS EN 12830:2021 Attestation de conformit\u00e9<\/a><\/li>\n \t<li><img src=\"https:\/\/praxas.com\/wp-content\/uploads\/document-icon.png\" alt=\"Ic\u00f4ne de document\"><a href=\"https:\/\/praxas.com\/wp-content\/uploads\/Declaration-of-Conformity_EL-USB-TPX_iss2.pdf\">EL-USB-TPX+ D\u00e9claration de conformit\u00e9<\/a><\/li>\n<\/ul>\n<\/li>\n<\/ul>\n<a class=\"button button-secondary\" href=\"http:\/\/praxas.com\/support\/\">Plus de soutien<\/a>"],"accessories":["[products skus=\"EL-WiFi Wall Bracket\"]"],"_uag_page_assets":["a:9:{s:3:\"css\";s:0:\"\";s:2:\"js\";s:0:\"\";s:18:\"current_block_list\";a:0:{}s:8:\"uag_flag\";b:0;s:11:\"uag_version\";s:10:\"1775212209\";s:6:\"gfonts\";a:0:{}s:10:\"gfonts_url\";s:0:\"\";s:12:\"gfonts_files\";a:0:{}s:14:\"uag_faq_layout\";b:0;}"],"_max_variation_price":[""],"_max_variation_regular_price":[""],"_max_variation_sale_price":[""],"_min_variation_price":[""],"_min_variation_regular_price":[""],"_min_variation_sale_price":[""],"_sale_price":[""],"_wc_pb_base_regular_price":[""],"_wc_pb_base_sale_price":[""],"_wc_pb_base_price":[""],"_wc_sw_max_price":[""],"_wc_sw_max_regular_price":[""],"_wc_rating_count":[""],"_wc_review_count":[""],"_wc_average_rating":[0]},"uagb_featured_image_src":{"full":["https:\/\/praxas.com\/wp-content\/uploads\/EL-USB-VACX-2.jpg",800,463,false],"thumbnail":["https:\/\/praxas.com\/wp-content\/uploads\/EL-USB-VACX-2-150x150.jpg",150,150,true],"medium":["https:\/\/praxas.com\/wp-content\/uploads\/EL-USB-VACX-2-300x174.jpg",300,174,true],"medium_large":["https:\/\/praxas.com\/wp-content\/uploads\/EL-USB-VACX-2-768x444.jpg",768,444,true],"large":["https:\/\/praxas.com\/wp-content\/uploads\/EL-USB-VACX-2.jpg",800,463,false],"1536x1536":["https:\/\/praxas.com\/wp-content\/uploads\/EL-USB-VACX-2.jpg",800,463,false],"2048x2048":["https:\/\/praxas.com\/wp-content\/uploads\/EL-USB-VACX-2.jpg",800,463,false],"crunchify-admin-post-featured-image":["https:\/\/praxas.com\/wp-content\/uploads\/EL-USB-VACX-2-120x69.jpg",120,69,true],"commercegurus-pdp-large":["https:\/\/praxas.com\/wp-content\/uploads\/EL-USB-VACX-2.jpg",800,463,false],"commercegurus-plp-mobile":["https:\/\/praxas.com\/wp-content\/uploads\/EL-USB-VACX-2-441x255.jpg",441,255,true],"cgkit_image_swatch":["https:\/\/praxas.com\/wp-content\/uploads\/EL-USB-VACX-2-100x100.jpg",100,100,true],"woocommerce_thumbnail":["https:\/\/praxas.com\/wp-content\/uploads\/EL-USB-VACX-2-350x203.jpg",350,203,true],"woocommerce_single":["https:\/\/praxas.com\/wp-content\/uploads\/EL-USB-VACX-2.jpg",800,463,false],"woocommerce_gallery_thumbnail":["https:\/\/praxas.com\/wp-content\/uploads\/EL-USB-VACX-2-150x87.jpg",150,87,true]},"uagb_author_info":{"display_name":"Alex James","author_link":"https:\/\/praxas.com\/fr\/author\/"},"uagb_comment_info":0,"uagb_excerpt":"Moniteur des vaccins -40 \u00e0 +60\u00b0C Stocke plus de 1 000 000 de lectures Alarmes configurables Sonde rempla\u00e7able \u00e0 chaud Sonde intelligente de haute pr\u00e9cision","_links":{"self":[{"href":"https:\/\/praxas.com\/fr\/wp-json\/wp\/v2\/product\/46163","targetHints":{"allow":["GET"]}}],"collection":[{"href":"https:\/\/praxas.com\/fr\/wp-json\/wp\/v2\/product"}],"about":[{"href":"https:\/\/praxas.com\/fr\/wp-json\/wp\/v2\/types\/product"}],"wp:featuredmedia":[{"embeddable":true,"href":"https:\/\/praxas.com\/fr\/wp-json\/wp\/v2\/media\/46131"}],"wp:attachment":[{"href":"https:\/\/praxas.com\/fr\/wp-json\/wp\/v2\/media?parent=46163"}],"wp:term":[{"taxonomy":"product_brand","embeddable":true,"href":"https:\/\/praxas.com\/fr\/wp-json\/wp\/v2\/product_brand?post=46163"},{"taxonomy":"product_cat","embeddable":true,"href":"https:\/\/praxas.com\/fr\/wp-json\/wp\/v2\/product_cat?post=46163"},{"taxonomy":"product_tag","embeddable":true,"href":"https:\/\/praxas.com\/fr\/wp-json\/wp\/v2\/product_tag?post=46163"}],"curies":[{"name":"wp","href":"https:\/\/api.w.org\/{rel}","templated":true}]}}