{"id":46979,"date":"2025-03-17T17:14:05","date_gmt":"2025-03-17T16:14:05","guid":{"rendered":"https:\/\/praxas.com\/product\/non%20class\u00e9\/pcf\/"},"modified":"2025-10-09T09:40:31","modified_gmt":"2025-10-09T07:40:31","slug":"pcf","status":"publish","type":"product","link":"https:\/\/praxas.com\/fr\/product\/etiquettes-dindicateurs-de-temperature\/pcf\/","title":{"rendered":"Indicateur de temp\u00e9rature descendant FCP"},"content":{"rendered":"<h2 data-start=\"95\" data-end=\"151\"><strong data-start=\"99\" data-end=\"149\">\u00c9tiquette de l&rsquo;indicateur de d\u00e9passement de temp\u00e9rature FCP\u2122 descendant<\/strong><\/h2>\n<p data-start=\"613\" data-end=\"1035\">Disponible par tranches de 500 pi\u00e8ces, le FCP indique clairement que les produits ont \u00e9t\u00e9 expos\u00e9s \u00e0 des temp\u00e9ratures plus froides gr\u00e2ce \u00e0 un changement de couleur irr\u00e9versible du vert au rouge. Le FCP alerte tous les acteurs cl\u00e9s de votre cha\u00eene d&rsquo;approvisionnement lorsqu&rsquo;un produit a \u00e9t\u00e9 expos\u00e9 \u00e0 une temp\u00e9rature froide ou glac\u00e9e susceptible de compromettre sa qualit\u00e9 ou son efficacit\u00e9. <\/p>\n<p data-start=\"613\" data-end=\"1035\"><strong>Les points forts sont les suivants :<\/strong><\/p>\n<ul>\n<li data-start=\"613\" data-end=\"1035\">Changement de couleur pr\u00e9cis et irr\u00e9versible<\/li>\n<li>Identification unique sous forme de code QR<\/li>\n<li>Transition de couleur dans une plage de temp\u00e9rature inf\u00e9rieure \u00e0 1\u00b0C<\/li>\n<li>Pr\u00e9cision test\u00e9e ind\u00e9pendamment \u00e0 \u00b12\u00b0C ou moins<\/li>\n<\/ul>\n","protected":false},"excerpt":{"rendered":"<p>\u00c9tiquettes indicatrices de temp\u00e9rature irr\u00e9versibles pour la surveillance des d\u00e9passements de temp\u00e9rature descendants.<\/p>\n<p>Disponible avec des points de d\u00e9clenchement \u00e0 -2\u00b0C, 0\u00b0C, 2\u00b0C, 3\u00b0C, 4\u00b0C, 7\u00b0C, 15\u00b0C.<\/p>\n","protected":false},"featured_media":46636,"template":"","meta":{"_acf_changed":false,"content-type":"","_uag_custom_page_level_css":""},"product_brand":[],"product_cat":[2662,2680],"product_tag":[],"class_list":{"0":"post-46979","1":"product","2":"type-product","3":"status-publish","4":"has-post-thumbnail","6":"product_cat-etiquettes-dindicateurs-de-temperature","7":"product_cat-temperature-descendante","9":"first","10":"instock","11":"taxable","12":"shipping-taxable","13":"product-type-simple"},"bundled_by":[],"bundle_stock_status":"instock","bundle_stock_quantity":null,"bundle_virtual":false,"bundle_layout":"","bundle_add_to_cart_form_location":"","bundle_editable_in_cart":false,"bundle_sold_individually_context":"","bundle_item_grouping":"","bundle_min_size":"","bundle_max_size":"","bundle_price":[],"bundled_items":[],"bundle_sell_ids":[],"acf":[],"spectra_custom_meta":{"hubwoo_ecomm_pro_id":["21104392760"],"_product_attributes":["a:2:{s:16:\"pa_product-brand\";a:6:{s:4:\"name\";s:16:\"pa_product-brand\";s:5:\"value\";s:0:\"\";s:8:\"position\";i:0;s:10:\"is_visible\";i:1;s:12:\"is_variation\";i:1;s:11:\"is_taxonomy\";i:1;}s:23:\"pa_response-temperature\";a:6:{s:4:\"name\";s:23:\"pa_response-temperature\";s:5:\"value\";s:0:\"\";s:8:\"position\";i:1;s:10:\"is_visible\";i:1;s:12:\"is_variation\";i:0;s:11:\"is_taxonomy\";i:1;}}"],"attr_label_translations":["a:1:{s:2:\"fr\";a:1:{s:20:\"response-temperature\";s:24:\"Temp\u00e9rature de r\u00e9ponse\";}}"],"_wcml_average_rating":[null],"_wcml_review_count":[null],"_wcml_rating_count":[null],"_backorders":["no"],"_download_limit":["-1"],"_download_expiry":["-1"],"_downloadable":["no"],"_manage_stock":["no"],"_sku":["FCP"],"_stock_status":["instock"],"_sold_individually":["no"],"_tax_class":[""],"_tax_status":["taxable"],"_virtual":["no"],"total_sales":["0"],"_price":[""],"product_datasheet":[""],"_product_datasheet":["field_650ad7d6ea3a0"],"connectivity":[""],"_connectivity":["field_64dce263bb57c"],"brand":["ATI"],"_brand":["field_64ddf62ed2593"],"brand_image":[""],"_brand_image":["field_650c5e7c84cae"],"_specifications_table":["field_65044e1db92a8"],"_display_data_alarm":["field_667d647bcb066"],"_resources":["field_650849c6945ee"],"_calibration":["field_66a0ddd599972"],"_accessories":["field_650849e6945f0"],"_faqs":["field_650859523d8d5"],"_calibration_suitable_ids_gb":["field_654b4c4acb54a"],"_calibration_suitable_ids_us":["field_654b4c56cb54b"],"_show_in_calibration_suitable":["field_654cfb691d345"],"_other_features":["field_668524f8c98a4"],"_shipping":["field_66852535c98a5"],"_refrigerant_cabinet":["field_66852557c98a6"],"_main_specifications":["field_66855b25b1245"],"_usd_price_4":["field_651570dcac479"],"_usd_price_9":["field_6515713eb4807"],"_usd_price_24":["field_65157141b4809"],"_usd_price_49":["field_65157140b4808"],"_usd_price_99":["field_6515715bb480a"],"_gbp_price_4":["field_6515716e83bfa"],"_gbp_price_9":["field_6515724783bfb"],"_gbp_price_24":["field_6515724b83bfc"],"_gbp_price_49":["field_6515725983bfd"],"_gbp_price_99":["field_6515725d83bfe"],"_usdhk_price_4":["field_6515726f83bff"],"_usdhk_price_9":["field_6515727c83c00"],"_usdhk_price_24":["field_6515728083c01"],"_usdhk_price_49":["field_6515728983c02"],"_usdhk_price_99":["field_6515728e83c03"],"stock_options":["In stock"],"_stock_options":["field_6544b605dc7f9"],"_top_nav_excluded":[""],"_cms_nav_minihome":[""],"wcml_sync_hash":["a:1:{s:15:\"postmeta_fields\";s:32:\"58b8860233e5372edae48a6593204bfe\";}"],"_thumbnail_id":["46636"],"_product_image_gallery":[""],"_crosssell_ids":["a:0:{}"],"_wpml_word_count":["169"],"_last_translation_edit_mode":["translation-editor"],"min_temp":[""],"max_temp":[""],"_min_temp":["field_67ea5eb4e0a77"],"_max_temp":["field_67ea5f81e0a79"],"rank_math_primary_product_cat":["2656"],"rank_math_title":["Praxas %sep% \u00c9tiquettes indicatrices de temp\u00e9rature"],"rank_math_focus_keyword":["\u00e9tiquettes d'indication de temp\u00e9rature"],"specifications_table":["\u00a0\n<table class=\"specifications\">\n<tbody>\n<tr class=\"even-row\">\n<td class=\"left-td\">Seuil de temp\u00e9rature<\/td>\n<td>Entre -2 \u00b0C et +15 \u00b0C<\/td>\n<\/tr>\n<tr class=\"odd-row\">\n<td class=\"left-td\">Pr\u00e9cision<\/td>\n<td>\u00b12\u00b0C (des pr\u00e9cisions plus \u00e9troites sont disponibles)<\/td>\n<\/tr>\n<tr class=\"even-row\">\n<td class=\"left-td\">Dur\u00e9e de conservation<\/td>\n<td>4 ans<\/td>\n<\/tr>\n<tr class=\"odd-row\">\n<td class=\"left-td\">Taille<\/td>\n<td>29 mm x 30 mm<\/td>\n<\/tr>\n<tr class=\"even-row\">\n<td class=\"left-td\">Format<\/td>\n<td>\u00c9tiquettes autocollantes<\/td>\n<\/tr>\n<tr class=\"odd-row\">\n<td class=\"left-td\">Affichage de l'indicateur<\/td>\n<td>29 mm x 30 mm<\/td>\n<\/tr>\n<tr class=\"even-row\">\n<td class=\"left-td\">Affichage de l'indicateur<\/td>\n<td>Changement irr\u00e9versible - la coche verte devient rouge fixe<\/td>\n<\/tr>\n<tr class=\"odd-row\">\n<td class=\"left-td\">Environnement<\/td>\n<td>Non dangereux, \u00e9limination normale\n(pas de composants en verre)<\/td>\n<\/tr>\n<tr class=\"even-row\">\n<td class=\"left-td\">Activation<\/td>\n<td>Auto-activation<\/td>\n<\/tr>\n<tr class=\"odd-row\">\n<td class=\"left-td\">Stockage<\/td>\n<td>Temp\u00e9rature ambiante<\/td>\n<\/tr>\n<\/tbody>\n<\/table>"],"resources":["<ul class=\"resources-list\">\n \t<li><img src=\"https:\/\/praxas.com\/wp-content\/uploads\/document-icon.png\" alt=\"Ic\u00f4ne de document\"><a href=\"https:\/\/praxas.com\/wp-content\/uploads\/APDS3300-0007-FCP-Prodcut-Data-Sheet-Rev-2.pdf\" target=\"_blank\" rel=\"noopener\">Fiche technique FCP<\/a><\/li>\n<\/ul>"],"_uag_page_assets":["a:9:{s:3:\"css\";s:0:\"\";s:2:\"js\";s:0:\"\";s:18:\"current_block_list\";a:0:{}s:8:\"uag_flag\";b:0;s:11:\"uag_version\";s:10:\"1775212209\";s:6:\"gfonts\";a:0:{}s:10:\"gfonts_url\";s:0:\"\";s:12:\"gfonts_files\";a:0:{}s:14:\"uag_faq_layout\";b:0;}"],"_max_variation_price":[""],"_max_variation_regular_price":[""],"_max_variation_sale_price":[""],"_min_variation_price":[""],"_min_variation_regular_price":[""],"_min_variation_sale_price":[""],"_regular_price":[""],"_sale_price":[""],"_wc_pb_base_regular_price":[""],"_wc_pb_base_sale_price":[""],"_wc_pb_base_price":[""],"_wc_sw_max_price":[""],"_wc_sw_max_regular_price":[""],"_wc_rating_count":[""],"_wc_review_count":[""],"_wc_average_rating":[0]},"uagb_featured_image_src":{"full":["https:\/\/praxas.com\/wp-content\/uploads\/ATI-FCP.jpg",800,463,false],"thumbnail":["https:\/\/praxas.com\/wp-content\/uploads\/ATI-FCP-150x150.jpg",150,150,true],"medium":["https:\/\/praxas.com\/wp-content\/uploads\/ATI-FCP-300x174.jpg",300,174,true],"medium_large":["https:\/\/praxas.com\/wp-content\/uploads\/ATI-FCP-768x444.jpg",768,444,true],"large":["https:\/\/praxas.com\/wp-content\/uploads\/ATI-FCP.jpg",800,463,false],"1536x1536":["https:\/\/praxas.com\/wp-content\/uploads\/ATI-FCP.jpg",800,463,false],"2048x2048":["https:\/\/praxas.com\/wp-content\/uploads\/ATI-FCP.jpg",800,463,false],"crunchify-admin-post-featured-image":["https:\/\/praxas.com\/wp-content\/uploads\/ATI-FCP-120x69.jpg",120,69,true],"commercegurus-pdp-large":["https:\/\/praxas.com\/wp-content\/uploads\/ATI-FCP.jpg",800,463,false],"commercegurus-plp-mobile":["https:\/\/praxas.com\/wp-content\/uploads\/ATI-FCP-441x255.jpg",441,255,true],"cgkit_image_swatch":["https:\/\/praxas.com\/wp-content\/uploads\/ATI-FCP-100x100.jpg",100,100,true],"woocommerce_thumbnail":["https:\/\/praxas.com\/wp-content\/uploads\/ATI-FCP-350x203.jpg",350,203,true],"woocommerce_single":["https:\/\/praxas.com\/wp-content\/uploads\/ATI-FCP.jpg",800,463,false],"woocommerce_gallery_thumbnail":["https:\/\/praxas.com\/wp-content\/uploads\/ATI-FCP-150x87.jpg",150,87,true]},"uagb_author_info":{"display_name":"Andy Price","author_link":"https:\/\/praxas.com\/fr\/author\/"},"uagb_comment_info":0,"uagb_excerpt":"\u00c9tiquettes indicatrices de temp\u00e9rature irr\u00e9versibles pour la surveillance des d\u00e9passements de temp\u00e9rature descendants. Disponible avec des points de d\u00e9clenchement \u00e0 -2\u00b0C, 0\u00b0C, 2\u00b0C, 3\u00b0C, 4\u00b0C, 7\u00b0C, 15\u00b0C.","_links":{"self":[{"href":"https:\/\/praxas.com\/fr\/wp-json\/wp\/v2\/product\/46979","targetHints":{"allow":["GET"]}}],"collection":[{"href":"https:\/\/praxas.com\/fr\/wp-json\/wp\/v2\/product"}],"about":[{"href":"https:\/\/praxas.com\/fr\/wp-json\/wp\/v2\/types\/product"}],"wp:featuredmedia":[{"embeddable":true,"href":"https:\/\/praxas.com\/fr\/wp-json\/wp\/v2\/media\/46636"}],"wp:attachment":[{"href":"https:\/\/praxas.com\/fr\/wp-json\/wp\/v2\/media?parent=46979"}],"wp:term":[{"taxonomy":"product_brand","embeddable":true,"href":"https:\/\/praxas.com\/fr\/wp-json\/wp\/v2\/product_brand?post=46979"},{"taxonomy":"product_cat","embeddable":true,"href":"https:\/\/praxas.com\/fr\/wp-json\/wp\/v2\/product_cat?post=46979"},{"taxonomy":"product_tag","embeddable":true,"href":"https:\/\/praxas.com\/fr\/wp-json\/wp\/v2\/product_tag?post=46979"}],"curies":[{"name":"wp","href":"https:\/\/api.w.org\/{rel}","templated":true}]}}