{"id":46995,"date":"2025-03-17T17:29:54","date_gmt":"2025-03-17T16:29:54","guid":{"rendered":"https:\/\/praxas.com\/product\/non%20class\u00e9\/endicat\/"},"modified":"2025-10-09T10:07:58","modified_gmt":"2025-10-09T08:07:58","slug":"endicat","status":"publish","type":"product","link":"https:\/\/praxas.com\/fr\/product\/etiquettes-dindicateurs-de-temperature\/endicat\/","title":{"rendered":"Indicateur de temp\u00e9rature programmable Endicate"},"content":{"rendered":"<h2 data-start=\"95\" data-end=\"151\"><strong data-start=\"99\" data-end=\"149\">Endicate\u2122 Temperature Monitor with LCD Display<\/strong><\/h2>\n<p data-start=\"153\" data-end=\"415\">Managing temperature-sensitive shipments can be complex, especially during transportation and storage. To ensure product integrity, ATI\u2019s Endicate electronic temperature monitoring solution delivers precise and reliable temperature excursion data upon receipt.<\/p>\n<p data-start=\"417\" data-end=\"611\">Equipped with high-accuracy sensors, Endicate continuously measures and displays temperature readings on a clear, easy-to-read LCD screen, offering full visibility throughout the supply chain.<\/p>\n<p data-start=\"613\" data-end=\"1035\">NIST traceable for dependable compliance, Endicate provides immediate insights into any temperature deviations. Designed for effortless use, it requires no calibration and can be activated instantly at the press of a button. The large LCD display supports up to four configurable alarm functions, ensuring quick and clear notifications if a shipment remains within safe conditions or has exceeded temperature thresholds.<\/p>\n<h3 data-start=\"613\" data-end=\"1035\">Compliant with WHO Standards<\/h3>\n<p data-start=\"613\" data-end=\"1035\">Endicate meets and exceeds World Health Organization compliance requirements. Find these devices listed on the <a href=\"https:\/\/apps.who.int\/immunization_standards\/vaccine_quality\/pqs_catalogue\/categorypage.aspx?id_cat=35\" target=\"_blank\" rel=\"noopener\">WHO Prequalified Devices and Equipment list<\/a>.<\/p>\n<p><\/p>\n<!-- \/wp:post-content -->","protected":false},"excerpt":{"rendered":"<ul>\n<li>Contr\u00f4leur de temp\u00e9rature de haute pr\u00e9cision<\/li>\n<li>Mesures -20 \u00b0C \u00e0 +70 \u00b0C<\/li>\n<li>4 alarmes programmables<\/li>\n<li>Contr\u00f4ler la s\u00e9curit\u00e9 du transport d&rsquo;articles sensibles \u00e0 la temp\u00e9rature<\/li>\n<\/ul>\n","protected":false},"featured_media":46692,"template":"","meta":{"_acf_changed":false,"content-type":"","_uag_custom_page_level_css":""},"product_brand":[],"product_cat":[2662,2670],"product_tag":[],"class_list":{"0":"post-46995","1":"product","2":"type-product","3":"status-publish","4":"has-post-thumbnail","6":"product_cat-etiquettes-dindicateurs-de-temperature","7":"product_cat-programmable-fr","9":"first","10":"instock","11":"taxable","12":"shipping-taxable","13":"product-type-simple"},"bundled_by":[],"bundle_stock_status":"instock","bundle_stock_quantity":null,"bundle_virtual":false,"bundle_layout":"","bundle_add_to_cart_form_location":"","bundle_editable_in_cart":false,"bundle_sold_individually_context":"","bundle_item_grouping":"","bundle_min_size":"","bundle_max_size":"","bundle_price":[],"bundled_items":[],"bundle_sell_ids":[],"acf":[],"spectra_custom_meta":{"hubwoo_ecomm_pro_id":["21111430993"],"_wcml_average_rating":[null],"_wcml_review_count":[null],"_wcml_rating_count":[null],"_backorders":["no"],"_download_limit":["-1"],"_download_expiry":["-1"],"_downloadable":["no"],"_manage_stock":["no"],"_sku":["Endicate"],"_stock_status":["instock"],"_sold_individually":["no"],"_tax_class":[""],"_tax_status":["taxable"],"_virtual":["no"],"total_sales":["0"],"_sale_price":[""],"_price":[""],"product_datasheet":[""],"_product_datasheet":["field_650ad7d6ea3a0"],"connectivity":[""],"_connectivity":["field_64dce263bb57c"],"brand":["ATI"],"_brand":["field_64ddf62ed2593"],"brand_image":[""],"_brand_image":["field_650c5e7c84cae"],"_specifications_table":["field_65044e1db92a8"],"_display_data_alarm":["field_667d647bcb066"],"_resources":["field_650849c6945ee"],"_calibration":["field_66a0ddd599972"],"_accessories":["field_650849e6945f0"],"_faqs":["field_650859523d8d5"],"_calibration_suitable_ids_gb":["field_654b4c4acb54a"],"_calibration_suitable_ids_us":["field_654b4c56cb54b"],"_show_in_calibration_suitable":["field_654cfb691d345"],"_other_features":["field_668524f8c98a4"],"_shipping":["field_66852535c98a5"],"_refrigerant_cabinet":["field_66852557c98a6"],"_main_specifications":["field_66855b25b1245"],"_usd_price_4":["field_651570dcac479"],"_usd_price_9":["field_6515713eb4807"],"_usd_price_24":["field_65157141b4809"],"_usd_price_49":["field_65157140b4808"],"_usd_price_99":["field_6515715bb480a"],"_gbp_price_4":["field_6515716e83bfa"],"_gbp_price_9":["field_6515724783bfb"],"_gbp_price_24":["field_6515724b83bfc"],"_gbp_price_49":["field_6515725983bfd"],"_gbp_price_99":["field_6515725d83bfe"],"_usdhk_price_4":["field_6515726f83bff"],"_usdhk_price_9":["field_6515727c83c00"],"_usdhk_price_24":["field_6515728083c01"],"_usdhk_price_49":["field_6515728983c02"],"_usdhk_price_99":["field_6515728e83c03"],"stock_options":["In stock"],"_stock_options":["field_6544b605dc7f9"],"_top_nav_excluded":[""],"_cms_nav_minihome":[""],"wcml_sync_hash":["a:1:{s:15:\"postmeta_fields\";s:32:\"827d4e761ff16442c4d9038a4f632076\";}"],"attr_label_translations":["a:0:{}"],"_product_attributes":["a:1:{s:16:\"pa_product-brand\";a:6:{s:4:\"name\";s:16:\"pa_product-brand\";s:5:\"value\";s:0:\"\";s:8:\"position\";i:0;s:10:\"is_visible\";i:1;s:12:\"is_variation\";i:0;s:11:\"is_taxonomy\";i:1;}}"],"_thumbnail_id":["46692"],"_product_image_gallery":["46584"],"_crosssell_ids":["a:0:{}"],"_last_translation_edit_mode":["translation-editor"],"_wpml_word_count":["231"],"min_temp":[""],"max_temp":[""],"_min_temp":["field_67ea5eb4e0a77"],"_max_temp":["field_67ea5f81e0a79"],"rank_math_primary_product_cat":["2656"],"rank_math_title":["  Praxas %sep% %title% %page% Indicateur de rupture de temp\u00e9rature"],"rank_math_description":["L'\u00e9tiquette de surveillance de la temp\u00e9rature Endicate fournit des donn\u00e9es pr\u00e9cises et fiables sur les \u00e9carts de temp\u00e9rature pour l'exp\u00e9dition d'articles sensibles \u00e0 la temp\u00e9rature."],"rank_math_focus_keyword":["Endicat"],"specifications_table":["\u00a0\n<table class=\"specifications\">\n<tbody>\n<tr class=\"even-row\">\n<td class=\"left-td\">Plage de mesure de la temp\u00e9rature<\/td>\n<td>De -20\u00b0C \u00e0 70\u00b0C<\/td>\n<\/tr>\n<tr class=\"odd-row\">\n<td class=\"left-td\">Application<\/td>\n<td>Adh\u00e9sif<\/td>\n<\/tr>\n<tr class=\"even-row\">\n<td class=\"left-td\">Alarmes<\/td>\n<td>Jusqu'\u00e0 4 alarmes programmables<\/td>\n<\/tr>\n<tr class=\"odd-row\">\n<td class=\"left-td\">Pr\u00e9cision de la temp\u00e9rature<\/td>\n<td>\u00b10.5\u00b0C<\/td>\n<\/tr>\n<tr class=\"even-row\">\n<td class=\"left-td\">Options de d\u00e9marrage<\/td>\n<td>Appui sur le bouton<\/td>\n<\/tr>\n<tr class=\"odd-row\">\n<td class=\"left-td\">Intervalle d'\u00e9chantillonnage des donn\u00e9es<\/td>\n<td>1-255 (incr\u00e9ments de 1 min)<\/td>\n<\/tr>\n<tr class=\"even-row\">\n<td class=\"left-td\">Type d'utilisation<\/td>\n<td>Usage unique<\/td>\n<\/tr>\n<tr class=\"odd-row\">\n<td class=\"left-td\">D\u00e9lai de d\u00e9marrage<\/td>\n<td>8 heures (par incr\u00e9ments de 1 minute)<\/td>\n<\/tr>\n<tr class=\"even-row\">\n<td class=\"left-td\">Dur\u00e9e d'utilisation (active)<\/td>\n<td>60 jours<\/td>\n<\/tr>\n<\/tbody>\n<\/table>"],"resources":["<ul class=\"resources-list\">\n \t<li><img src=\"https:\/\/praxas.com\/wp-content\/uploads\/document-icon.png\" alt=\"Ic\u00f4ne de document\"><a href=\"https:\/\/praxas.com\/wp-content\/uploads\/ATI24-009_endicate_PDS_2024.pdf\" target=\"_blank\" rel=\"noopener\">Fiche technique Endicate<\/a><\/li>\n \t<li><img src=\"https:\/\/praxas.com\/wp-content\/uploads\/document-icon.png\" alt=\"Ic\u00f4ne de document\"><a href=\"https:\/\/praxas.com\/wp-content\/uploads\/ATI23-023_Endicate_Users_Guide_2024.pdf\" target=\"_blank\" rel=\"noopener\">Guide de l'utilisateur d'Endicate<\/a><\/li>\n \t<li><img src=\"https:\/\/praxas.com\/wp-content\/uploads\/video-icon-orange.png\" alt=\"Ic\u00f4ne vid\u00e9o\"><a href=\"https:\/\/youtu.be\/UXFdSQHaKO8?si=kiMknLs8JJ-ge2xI\" target=\"_blank\" rel=\"noopener\">Vid\u00e9o de d\u00e9marrage rapide d'Endicate<\/a><\/li>\n<\/ul>"],"_uag_page_assets":["a:9:{s:3:\"css\";s:0:\"\";s:2:\"js\";s:0:\"\";s:18:\"current_block_list\";a:0:{}s:8:\"uag_flag\";b:0;s:11:\"uag_version\";s:10:\"1775212209\";s:6:\"gfonts\";a:0:{}s:10:\"gfonts_url\";s:0:\"\";s:12:\"gfonts_files\";a:0:{}s:14:\"uag_faq_layout\";b:0;}"],"_max_variation_price":[""],"_max_variation_regular_price":[""],"_max_variation_sale_price":[""],"_min_variation_price":[""],"_min_variation_regular_price":[""],"_min_variation_sale_price":[""],"_regular_price":[""],"_wc_pb_base_regular_price":[""],"_wc_pb_base_sale_price":[""],"_wc_pb_base_price":[""],"_wc_sw_max_price":[""],"_wc_sw_max_regular_price":[""],"_wc_rating_count":[""],"_wc_review_count":[""],"_wc_average_rating":[0]},"uagb_featured_image_src":{"full":["https:\/\/praxas.com\/wp-content\/uploads\/ATI-Endicate-1.jpg",800,463,false],"thumbnail":["https:\/\/praxas.com\/wp-content\/uploads\/ATI-Endicate-1-150x150.jpg",150,150,true],"medium":["https:\/\/praxas.com\/wp-content\/uploads\/ATI-Endicate-1-300x174.jpg",300,174,true],"medium_large":["https:\/\/praxas.com\/wp-content\/uploads\/ATI-Endicate-1-768x444.jpg",768,444,true],"large":["https:\/\/praxas.com\/wp-content\/uploads\/ATI-Endicate-1.jpg",800,463,false],"1536x1536":["https:\/\/praxas.com\/wp-content\/uploads\/ATI-Endicate-1.jpg",800,463,false],"2048x2048":["https:\/\/praxas.com\/wp-content\/uploads\/ATI-Endicate-1.jpg",800,463,false],"crunchify-admin-post-featured-image":["https:\/\/praxas.com\/wp-content\/uploads\/ATI-Endicate-1-120x69.jpg",120,69,true],"commercegurus-pdp-large":["https:\/\/praxas.com\/wp-content\/uploads\/ATI-Endicate-1.jpg",800,463,false],"commercegurus-plp-mobile":["https:\/\/praxas.com\/wp-content\/uploads\/ATI-Endicate-1-441x255.jpg",441,255,true],"cgkit_image_swatch":["https:\/\/praxas.com\/wp-content\/uploads\/ATI-Endicate-1-100x100.jpg",100,100,true],"woocommerce_thumbnail":["https:\/\/praxas.com\/wp-content\/uploads\/ATI-Endicate-1-350x203.jpg",350,203,true],"woocommerce_single":["https:\/\/praxas.com\/wp-content\/uploads\/ATI-Endicate-1.jpg",800,463,false],"woocommerce_gallery_thumbnail":["https:\/\/praxas.com\/wp-content\/uploads\/ATI-Endicate-1-150x87.jpg",150,87,true]},"uagb_author_info":{"display_name":"Andy Price","author_link":"https:\/\/praxas.com\/fr\/author\/"},"uagb_comment_info":0,"uagb_excerpt":"Contr\u00f4leur de temp\u00e9rature de haute pr\u00e9cision Mesures -20 \u00b0C \u00e0 +70 \u00b0C 4 alarmes programmables Contr\u00f4ler la s\u00e9curit\u00e9 du transport d'articles sensibles \u00e0 la temp\u00e9rature","_links":{"self":[{"href":"https:\/\/praxas.com\/fr\/wp-json\/wp\/v2\/product\/46995","targetHints":{"allow":["GET"]}}],"collection":[{"href":"https:\/\/praxas.com\/fr\/wp-json\/wp\/v2\/product"}],"about":[{"href":"https:\/\/praxas.com\/fr\/wp-json\/wp\/v2\/types\/product"}],"wp:featuredmedia":[{"embeddable":true,"href":"https:\/\/praxas.com\/fr\/wp-json\/wp\/v2\/media\/46692"}],"wp:attachment":[{"href":"https:\/\/praxas.com\/fr\/wp-json\/wp\/v2\/media?parent=46995"}],"wp:term":[{"taxonomy":"product_brand","embeddable":true,"href":"https:\/\/praxas.com\/fr\/wp-json\/wp\/v2\/product_brand?post=46995"},{"taxonomy":"product_cat","embeddable":true,"href":"https:\/\/praxas.com\/fr\/wp-json\/wp\/v2\/product_cat?post=46995"},{"taxonomy":"product_tag","embeddable":true,"href":"https:\/\/praxas.com\/fr\/wp-json\/wp\/v2\/product_tag?post=46995"}],"curies":[{"name":"wp","href":"https:\/\/api.w.org\/{rel}","templated":true}]}}