{"id":47623,"date":"2025-02-28T13:39:34","date_gmt":"2025-02-28T12:39:34","guid":{"rendered":"https:\/\/praxas.com\/product\/non%20class\u00e9\/congelateur-vertical-uluf-p620-mv\/"},"modified":"2026-01-19T13:36:29","modified_gmt":"2026-01-19T12:36:29","slug":"congelateur-vertical-uluf-p620-mv","status":"publish","type":"product","link":"https:\/\/praxas.com\/fr\/product\/refrigeration_produits\/congelateurs-a-basse-temperature\/congelateur-vertical-uluf-p620-mv\/","title":{"rendered":"Cong\u00e9lateur vertical ULUF P620 MV"},"content":{"rendered":"<p>Le ULUF P620 MV est un cong\u00e9lateur ultra-basse temp\u00e9rature (ULT) haute performance, con\u00e7u pour offrir une protection des \u00e9chantillons et une efficacit\u00e9 exceptionnelles. Gr\u00e2ce \u00e0 la technologie avanc\u00e9e TRUE DUAL\u2122, il garantit que vos \u00e9chantillons restent maintenus en toute s\u00e9curit\u00e9 \u00e0 -70\u00b0C, m\u00eame dans le cas improbable d&rsquo;une d\u00e9faillance du compresseur. <\/p>\n<p><strong>Le ULUF P620 MV :<\/strong><\/p>\n<ul>\n<li>Atteint -80\u00b0C en moins de 4 heures, gr\u00e2ce \u00e0 un puissant syst\u00e8me de refroidissement et \u00e0 une isolation robuste en polyur\u00e9thane et en panneaux isol\u00e9s sous vide, garantissant des temp\u00e9ratures constantes m\u00eame en cas d&rsquo;ouvertures fr\u00e9quentes de la porte.<\/li>\n<li>Utilise des r\u00e9frig\u00e9rants naturels \u00e0 faible potentiel d&rsquo;appauvrissement de la couche d&rsquo;ozone (ODP) et \u00e0 faible potentiel de r\u00e9chauffement de la plan\u00e8te (GWP), ce qui favorise la durabilit\u00e9 environnementale tout en r\u00e9duisant la consommation d&rsquo;\u00e9nergie et les co\u00fbts d&rsquo;exploitation.<\/li>\n<li>Fonctionne dans une plage multi-tension de 100 \u00e0 240 volts, offrant une compatibilit\u00e9 mondiale et des performances stables, sans n\u00e9cessiter d&rsquo;adaptateurs ou de transformateurs suppl\u00e9mentaires.<\/li>\n<li>\u00c9quip\u00e9 du contr\u00f4leur avanc\u00e9 V700, dot\u00e9 d&rsquo;alarmes essentielles et d&rsquo;un mode ECO pour optimiser l&rsquo;efficacit\u00e9 \u00e9nerg\u00e9tique et maintenir des temp\u00e9ratures uniformes.<\/li>\n<li>Con\u00e7u avec une poign\u00e9e de porte ergonomique, une serrure int\u00e9gr\u00e9e et une cl\u00e9 \u00e0 carte intelligente RFID pour une s\u00e9curit\u00e9 accrue, ainsi que quatre portes int\u00e9rieures amovibles dot\u00e9es de loquets magn\u00e9tiques pour faciliter l&rsquo;entretien et la d\u00e9cong\u00e9lation.<\/li>\n<li>Comprend des \u00e9tag\u00e8res Integraline modernes, perfor\u00e9es, r\u00e9glables et supportant jusqu&rsquo;\u00e0 50 kg, offrant des solutions de stockage flexibles et durables.<\/li>\n<\/ul>\n<p>En associant une technologie de pointe \u00e0 des fonctions conviviales et en mettant l&rsquo;accent sur la responsabilit\u00e9 environnementale, l&rsquo;ULUF P620 MV est le choix id\u00e9al pour les laboratoires qui ont besoin d&rsquo;un stockage fiable \u00e0 tr\u00e8s basse temp\u00e9rature.<\/p>\n","protected":false},"excerpt":{"rendered":"<ul>\n<li>-40\u02daC \/ -86\u02daC<\/li>\n<li>Ultra basse temp\u00e9rature &#8211; 614 L<\/li>\n<li class=\"fLight\">Des performances de refroidissement exceptionnelles<\/li>\n<li>\u00c9conomie d&rsquo;espace<\/li>\n<li>Syst\u00e8me de refroidissement TRUE DUAL\u2122<\/li>\n<li>Formulations avec ou sans CFC<\/li>\n<\/ul>\n","protected":false},"featured_media":46404,"template":"","meta":{"_acf_changed":false,"content-type":"","_uag_custom_page_level_css":""},"product_brand":[],"product_cat":[1484,1485],"product_tag":[2525,2641,2841],"class_list":{"0":"post-47623","1":"product","2":"type-product","3":"status-publish","4":"has-post-thumbnail","6":"product_cat-congelateurs-a-basse-temperature","7":"product_cat-86c-congelateurs-a-ultra-basse-temperature","8":"product_tag-arctiko-fr","9":"product_tag-congelateur","10":"product_tag-multi-tension","11":"product_shipping_class-lourd","13":"first","14":"instock","15":"taxable","16":"shipping-taxable","17":"purchasable","18":"product-type-simple"},"bundled_by":[],"bundle_stock_status":"instock","bundle_stock_quantity":null,"bundle_virtual":false,"bundle_layout":"","bundle_add_to_cart_form_location":"","bundle_editable_in_cart":false,"bundle_sold_individually_context":"","bundle_item_grouping":"","bundle_min_size":"","bundle_max_size":"","bundle_price":[],"bundled_items":[],"bundle_sell_ids":[],"acf":[],"spectra_custom_meta":{"hubwoo_ecomm_pro_id":["21795194398"],"_wcml_average_rating":[null],"_wcml_review_count":[null],"_wcml_rating_count":[null],"_backorders":["no"],"_download_limit":["0"],"_download_expiry":["0"],"_downloadable":["no"],"_manage_stock":["no"],"_sku":["P620MV"],"_stock_status":["instock"],"_sold_individually":["no"],"_tax_class":[""],"_tax_status":["taxable"],"_virtual":["no"],"_weight":["387"],"_width":["115"],"_height":["225"],"_length":["127"],"total_sales":["0"],"product_datasheet":[""],"_product_datasheet":["field_650ad7d6ea3a0"],"connectivity":[""],"_connectivity":["field_64dce263bb57c"],"brand":["Arctiko"],"_brand":["field_64ddf62ed2593"],"brand_image":[""],"_brand_image":["field_650c5e7c84cae"],"_specifications_table":["field_65044e1db92a8"],"_display_data_alarm":["field_667d647bcb066"],"_resources":["field_650849c6945ee"],"_calibration":["field_66a0ddd599972"],"_accessories":["field_650849e6945f0"],"_faqs":["field_650859523d8d5"],"_calibration_suitable_ids_gb":["field_654b4c4acb54a"],"_calibration_suitable_ids_us":["field_654b4c56cb54b"],"_show_in_calibration_suitable":["field_654cfb691d345"],"_shipping":["field_66852535c98a5"],"_refrigerant_cabinet":["field_66852557c98a6"],"_main_specifications":["field_66855b25b1245"],"_usd_price_4":["field_651570dcac479"],"_usd_price_9":["field_6515713eb4807"],"_usd_price_24":["field_65157141b4809"],"_usd_price_49":["field_65157140b4808"],"_usd_price_99":["field_6515715bb480a"],"_gbp_price_4":["field_6515716e83bfa"],"_gbp_price_9":["field_6515724783bfb"],"_gbp_price_24":["field_6515724b83bfc"],"_gbp_price_49":["field_6515725983bfd"],"_gbp_price_99":["field_6515725d83bfe"],"_usdhk_price_4":["field_6515726f83bff"],"_usdhk_price_9":["field_6515727c83c00"],"_usdhk_price_24":["field_6515728083c01"],"_usdhk_price_49":["field_6515728983c02"],"_usdhk_price_99":["field_6515728e83c03"],"stock_options":["In stock"],"_stock_options":["field_6544b605dc7f9"],"min_temp":["-86"],"max_temp":["-40"],"_min_temp":["field_67ea5eb4e0a77"],"_max_temp":["field_67ea5f81e0a79"],"_top_nav_excluded":[""],"_cms_nav_minihome":[""],"_product_image_gallery":["46404,46410,46416"],"wcml_sync_hash":["a:1:{s:15:\"postmeta_fields\";s:32:\"5d083f3dfd77685c44b6c8376c3b6ad8\";}"],"attr_label_translations":["a:0:{}"],"_product_attributes":["a:4:{s:16:\"pa_product-brand\";a:6:{s:4:\"name\";s:16:\"pa_product-brand\";s:5:\"value\";s:0:\"\";s:8:\"position\";i:0;s:10:\"is_visible\";i:1;s:12:\"is_variation\";i:0;s:11:\"is_taxonomy\";i:1;}s:19:\"pa_product-features\";a:6:{s:4:\"name\";s:19:\"pa_product-features\";s:5:\"value\";s:0:\"\";s:8:\"position\";i:1;s:10:\"is_visible\";i:1;s:12:\"is_variation\";i:0;s:11:\"is_taxonomy\";i:1;}s:11:\"pa_capacity\";a:6:{s:4:\"name\";s:11:\"pa_capacity\";s:5:\"value\";s:0:\"\";s:8:\"position\";i:2;s:10:\"is_visible\";i:1;s:12:\"is_variation\";i:0;s:11:\"is_taxonomy\";i:1;}s:14:\"pa_temperature\";a:6:{s:4:\"name\";s:14:\"pa_temperature\";s:5:\"value\";s:0:\"\";s:8:\"position\";i:3;s:10:\"is_visible\";i:1;s:12:\"is_variation\";i:0;s:11:\"is_taxonomy\";i:1;}}"],"_thumbnail_id":["46404"],"_crosssell_ids":["a:0:{}"],"_wpml_word_count":["372"],"_last_translation_edit_mode":["translation-editor"],"rank_math_primary_product_cat":["417"],"_other_features_arctiko":["field_668524f8c98a4"],"shipping":["<table class=\"specifications\">\n<tbody>\n<tr>\n<td class=\"left-td\">Poids \u00e0 l'exp\u00e9dition (kg)<\/td>\n<td>387<\/td>\n<\/tr>\n<tr>\n<td class=\"left-td\">Dimensions d'exp\u00e9dition LxPxH (cm)<\/td>\n<td>115 x 127 x 225<\/td>\n<\/tr>\n<tr>\n<td class=\"left-td\">Volume d'exp\u00e9dition (m\u00b3)<\/td>\n<td>3,29<\/td>\n<\/tr>\n<\/tbody>\n<\/table>"],"_regular_price":["14045"],"_price":["14045"],"_other_features":["field_686fa2aa98dce"],"rank_math_description":["Le ULUF P620 MV est un cong\u00e9lateur ULT haute performance offrant une protection exceptionnelle des \u00e9chantillons | -40\u02daC \/ -86\u02daC | Ultra Basse Temp\u00e9rature - 614 L"],"rank_math_focus_keyword":["ULUF P620 MV"],"display_data_alarm":["<table class=\"specifications\">\n<tbody>\n<tr>\n<td class=\"left-td\">Alarme (affich\u00e9e sous forme de texte, pas de codes)<\/td>\n<td>Oui<\/td>\n<\/tr>\n<tr>\n<td class=\"left-td\">Alarme visuelle \/ sonore<\/td>\n<td>Oui \/ Oui<\/td>\n<\/tr>\n<tr>\n<td class=\"left-td\">Alarme de panne de courant<\/td>\n<td>Oui<\/td>\n<\/tr>\n<tr>\n<td class=\"left-td\">Alarme haute \/ basse temp\u00e9rature r\u00e9glable<\/td>\n<td>Oui \/ Oui<\/td>\n<\/tr>\n<tr>\n<td class=\"left-td\">Alarme de porte ouverte<\/td>\n<td>Oui<\/td>\n<\/tr>\n<tr>\n<td class=\"left-td\">Alarme de d\u00e9faillance de la sonde<\/td>\n<td>Oui<\/td>\n<\/tr>\n<tr>\n<td class=\"left-td\">Alarme de batterie faible<\/td>\n<td>Oui<\/td>\n<\/tr>\n<tr>\n<td class=\"left-td\">Alarme de panne de compresseur<\/td>\n<td>Oui<\/td>\n<\/tr>\n<tr>\n<td class=\"left-td\">Batterie de secours pour les alarmes (environ heures)<\/td>\n<td>72<\/td>\n<\/tr>\n<tr>\n<td class=\"left-td\">Contact sans tension pour alarme \u00e0 distance (par exemple, module d'alarme GSM)<\/td>\n<td>Oui<\/td>\n<\/tr>\n<tr>\n<td class=\"left-td\">Enregistreur \u00e9lectronique de donn\u00e9es<\/td>\n<td>Oui<\/td>\n<\/tr>\n<tr>\n<td class=\"left-td\">Port RS 485<\/td>\n<td>En option<\/td>\n<\/tr>\n<tr>\n<td class=\"left-td\">Port USB pour la mise \u00e0 jour du logiciel et le t\u00e9l\u00e9chargement des donn\u00e9es<\/td>\n<td>Oui<\/td>\n<\/tr>\n<tr>\n<td class=\"left-td\">Enregistreur de temp\u00e9rature<\/td>\n<td>En option<\/td>\n<\/tr>\n<tr>\n<td class=\"left-td\">Type d'\u00e9cran<\/td>\n<td>\u00c9cran tactile de 7 pouces<\/td>\n<\/tr>\n<tr>\n<td class=\"left-td\">Nombre de sondes de r\u00e9f\u00e9rence en option<\/td>\n<td>0 (1 sonde de r\u00e9f\u00e9rence incluse en standard)<\/td>\n<\/tr>\n<tr>\n<td class=\"left-td\">Protection par mot de passe pour la mise en marche et l'arr\u00eat de l'appareil<\/td>\n<td>Oui<\/td>\n<\/tr>\n<tr>\n<td class=\"left-td\">Graphique de temp\u00e9rature sur l'\u00e9cran<\/td>\n<td>Oui<\/td>\n<\/tr>\n<\/tbody>\n<\/table>"],"other_features":["<table class=\"specifications\">\n<tbody>\n<tr>\n<td class=\"left-td\">Orifice de d\u00e9gagement du vide<\/td>\n<td>Oui<\/td>\n<\/tr>\n<tr>\n<td class=\"left-td\">Fonction antigel<\/td>\n<td>Oui<\/td>\n<\/tr>\n<tr>\n<td class=\"left-td\">Orifice d'acc\u00e8s pour sonde externe, etc. (diam\u00e8tre int. mm)<\/td>\n<td>12<\/td>\n<\/tr>\n<tr>\n<td class=\"left-td\">Lumi\u00e8re<\/td>\n<td>Oui<\/td>\n<\/tr>\n<tr>\n<td class=\"left-td\">Serrure avec cl\u00e9<\/td>\n<td>Oui<\/td>\n<\/tr>\n<tr>\n<td class=\"left-td\">Roulettes (nombre total de pi\u00e8ces) \/ roulettes avec frein (nombre de pi\u00e8ces)<\/td>\n<td>4 \/ 2<\/td>\n<\/tr>\n<tr>\n<td class=\"left-td\">Sous-couvercles \/ portes int\u00e9rieures (pcs)<\/td>\n<td>4<\/td>\n<\/tr>\n<tr>\n<td class=\"left-td\">Tablettes fixes (pcs) \/ tablettes r\u00e9glables (pcs)<\/td>\n<td>1 \/ 2<\/td>\n<\/tr>\n<tr>\n<td class=\"left-td\">Max. non. d'\u00e9tag\u00e8res (pcs) \/ recommand\u00e9 max. non. Nombre d'\u00e9tag\u00e8res (pcs)<\/td>\n<td>5 \/ 5<\/td>\n<\/tr>\n<tr>\n<td class=\"left-td\">Max. charge par \u00e9tag\u00e8re (kg)<\/td>\n<td>50<\/td>\n<\/tr>\n<tr>\n<td class=\"left-td\">Capacit\u00e9 totale des bo\u00eetes de 50 mm, intercalaires 9x9 (pcs)<\/td>\n<td>440<\/td>\n<\/tr>\n<tr>\n<td class=\"left-td\">Capacit\u00e9 totale des bo\u00eetes de 75 mm Intercalaires 9x9 (pcs)<\/td>\n<td>280<\/td>\n<\/tr>\n<tr>\n<td class=\"left-td\">Capacit\u00e9 totale des bo\u00eetes de 96 mm Intercalaires 9x9 (pcs)<\/td>\n<td>200<\/td>\n<\/tr>\n<tr>\n<td class=\"left-td\">Max. capacit\u00e9 des \u00e9chantillons dans les bo\u00eetes Arctiko 10x10 (pcs)<\/td>\n<td>44.200<\/td>\n<\/tr>\n<\/tbody>\n<\/table>"],"refrigerant_cabinet":["<table class=\"specifications\">\n<tbody>\n<tr>\n<td class=\"left-td\">Nombre de compresseurs<\/td>\n<td>2<\/td>\n<\/tr>\n<tr>\n<td class=\"left-td\">R\u00e9frig\u00e9rant<\/td>\n<td>GG20<\/td>\n<\/tr>\n<tr>\n<td class=\"left-td\">Mat\u00e9riau de l'armoire int\u00e9rieure<\/td>\n<td>acier inoxydable<\/td>\n<\/tr>\n<tr>\n<td class=\"left-td\">Mat\u00e9riau de l'armoire ext\u00e9rieure<\/td>\n<td>acier peint<\/td>\n<\/tr>\n<tr>\n<td class=\"left-td\">Couleur (armoire ext\u00e9rieure)<\/td>\n<td>blanc<\/td>\n<\/tr>\n<tr>\n<td class=\"left-td\">Type de mousse<\/td>\n<td>polyur\u00e9thane<\/td>\n<\/tr>\n<tr>\n<td class=\"left-td\">Panneaux isol\u00e9s sous vide VIP<\/td>\n<td>Oui<\/td>\n<\/tr>\n<\/tbody>\n<\/table>"],"main_specifications":["<table class=\"specifications\">\n<tbody>\n<tr>\n<td class=\"left-td\">Code de l'article<\/td>\n<td>1000049<\/td>\n<\/tr>\n<tr>\n<td class=\"left-td\">Plage de temp\u00e9rature (\u02daC)<\/td>\n<td>-40 \/ -86<\/td>\n<\/tr>\n<tr>\n<td class=\"left-td\">Max. temp\u00e9rature ambiante (\u02daC)<\/td>\n<td>32<\/td>\n<\/tr>\n<tr>\n<td class=\"left-td\">Capacit\u00e9 (L)<\/td>\n<td>614<\/td>\n<\/tr>\n<tr>\n<td class=\"left-td\">Dimensions ext\u00e9rieures LxPxH (mm)<\/td>\n<td>1035 x 859,5 x 1999<\/td>\n<\/tr>\n<tr>\n<td class=\"left-td\">Dimensions int\u00e9rieures LxPxH (mm)<\/td>\n<td>746 x 620 x 1320<\/td>\n<\/tr>\n<tr>\n<td class=\"left-td\">Poids (KG)<\/td>\n<td>247<\/td>\n<\/tr>\n<tr>\n<td class=\"left-td\">Isolation (mm)<\/td>\n<td>120<\/td>\n<\/tr>\n<tr>\n<td class=\"left-td\">Technologie de refroidissement<\/td>\n<td>double syst\u00e8me \/ statique<\/td>\n<\/tr>\n<tr>\n<td class=\"left-td\">Mod\u00e8le de contr\u00f4leur \/ type de sonde<\/td>\n<td>V700 \/ PT100<\/td>\n<\/tr>\n<tr>\n<td class=\"left-td\">Alimentation (V)<\/td>\n<td>100 \u00e0 240<\/td>\n<\/tr>\n<tr>\n<td class=\"left-td\">Fr\u00e9quence (Hz)<\/td>\n<td>50 \/ 60<\/td>\n<\/tr>\n<tr>\n<td class=\"left-td\">Consommation \u00e9lectrique (kWh\/24h)<\/td>\n<td>8,4<\/td>\n<\/tr>\n<\/tbody>\n<\/table>"],"other_features_arctiko":["<table class=\"specifications\">\n<tbody>\n<tr>\n<td class=\"left-td\">Orifice de d\u00e9gagement du vide<\/td>\n<td>Oui<\/td>\n<\/tr>\n<tr>\n<td class=\"left-td\">Fonction antigel<\/td>\n<td>Oui<\/td>\n<\/tr>\n<tr>\n<td class=\"left-td\">Orifice d'acc\u00e8s pour sonde externe, etc. (diam\u00e8tre int. mm)<\/td>\n<td>12<\/td>\n<\/tr>\n<tr>\n<td class=\"left-td\">Lumi\u00e8re<\/td>\n<td>Oui<\/td>\n<\/tr>\n<tr>\n<td class=\"left-td\">Serrure avec cl\u00e9<\/td>\n<td>Oui<\/td>\n<\/tr>\n<tr>\n<td class=\"left-td\">Roulettes (nombre total de pi\u00e8ces) \/ roulettes avec frein (nombre de pi\u00e8ces)<\/td>\n<td>4 \/ 2<\/td>\n<\/tr>\n<tr>\n<td class=\"left-td\">Sous-couvercles \/ portes int\u00e9rieures (pcs)<\/td>\n<td>4<\/td>\n<\/tr>\n<tr>\n<td class=\"left-td\">Tablettes fixes (pcs) \/ tablettes r\u00e9glables (pcs)<\/td>\n<td>1 \/ 2<\/td>\n<\/tr>\n<tr>\n<td class=\"left-td\">Max. non. d'\u00e9tag\u00e8res (pcs) \/ recommand\u00e9 max. non. Nombre d'\u00e9tag\u00e8res (pcs)<\/td>\n<td>5 \/ 5<\/td>\n<\/tr>\n<tr>\n<td class=\"left-td\">Max. charge par \u00e9tag\u00e8re (kg)<\/td>\n<td>50<\/td>\n<\/tr>\n<tr>\n<td class=\"left-td\">Capacit\u00e9 totale des bo\u00eetes de 50 mm, intercalaires 9x9 (pcs)<\/td>\n<td>440<\/td>\n<\/tr>\n<tr>\n<td class=\"left-td\">Capacit\u00e9 totale des bo\u00eetes de 75 mm Intercalaires 9x9 (pcs)<\/td>\n<td>280<\/td>\n<\/tr>\n<tr>\n<td class=\"left-td\">Capacit\u00e9 totale des bo\u00eetes de 96 mm Intercalaires 9x9 (pcs)<\/td>\n<td>200<\/td>\n<\/tr>\n<tr>\n<td class=\"left-td\">Max. capacit\u00e9 des \u00e9chantillons dans les bo\u00eetes Arctiko 10x10 (pcs)<\/td>\n<td>44.200<\/td>\n<\/tr>\n<\/tbody>\n<\/table>"],"_uag_page_assets":["a:9:{s:3:\"css\";s:0:\"\";s:2:\"js\";s:0:\"\";s:18:\"current_block_list\";a:0:{}s:8:\"uag_flag\";b:0;s:11:\"uag_version\";s:10:\"1777052440\";s:6:\"gfonts\";a:0:{}s:10:\"gfonts_url\";s:0:\"\";s:12:\"gfonts_files\";a:0:{}s:14:\"uag_faq_layout\";b:0;}"],"_max_variation_price":[""],"_max_variation_regular_price":[""],"_max_variation_sale_price":[""],"_min_variation_price":[""],"_min_variation_regular_price":[""],"_min_variation_sale_price":[""],"_sale_price":[""],"_wc_pb_base_regular_price":[""],"_wc_pb_base_sale_price":[""],"_wc_pb_base_price":[""],"_wc_sw_max_price":[""],"_wc_sw_max_regular_price":[""],"_wc_rating_count":[""],"_wc_review_count":[""],"_wc_average_rating":[0]},"uagb_featured_image_src":{"full":["https:\/\/praxas.com\/wp-content\/uploads\/ULUF-P620MV-Closed-Front.jpg",800,463,false],"thumbnail":["https:\/\/praxas.com\/wp-content\/uploads\/ULUF-P620MV-Closed-Front-150x150.jpg",150,150,true],"medium":["https:\/\/praxas.com\/wp-content\/uploads\/ULUF-P620MV-Closed-Front-300x174.jpg",300,174,true],"medium_large":["https:\/\/praxas.com\/wp-content\/uploads\/ULUF-P620MV-Closed-Front-768x444.jpg",768,444,true],"large":["https:\/\/praxas.com\/wp-content\/uploads\/ULUF-P620MV-Closed-Front.jpg",800,463,false],"1536x1536":["https:\/\/praxas.com\/wp-content\/uploads\/ULUF-P620MV-Closed-Front.jpg",800,463,false],"2048x2048":["https:\/\/praxas.com\/wp-content\/uploads\/ULUF-P620MV-Closed-Front.jpg",800,463,false],"crunchify-admin-post-featured-image":["https:\/\/praxas.com\/wp-content\/uploads\/ULUF-P620MV-Closed-Front-120x69.jpg",120,69,true],"commercegurus-pdp-large":["https:\/\/praxas.com\/wp-content\/uploads\/ULUF-P620MV-Closed-Front.jpg",800,463,false],"commercegurus-plp-mobile":["https:\/\/praxas.com\/wp-content\/uploads\/ULUF-P620MV-Closed-Front-441x255.jpg",441,255,true],"cgkit_image_swatch":["https:\/\/praxas.com\/wp-content\/uploads\/ULUF-P620MV-Closed-Front-100x100.jpg",100,100,true],"woocommerce_thumbnail":["https:\/\/praxas.com\/wp-content\/uploads\/ULUF-P620MV-Closed-Front-350x203.jpg",350,203,true],"woocommerce_single":["https:\/\/praxas.com\/wp-content\/uploads\/ULUF-P620MV-Closed-Front.jpg",800,463,false],"woocommerce_gallery_thumbnail":["https:\/\/praxas.com\/wp-content\/uploads\/ULUF-P620MV-Closed-Front-150x87.jpg",150,87,true]},"uagb_author_info":{"display_name":"Alex James","author_link":"https:\/\/praxas.com\/fr\/author\/"},"uagb_comment_info":0,"uagb_excerpt":"-40\u02daC \/ -86\u02daC Ultra basse temp\u00e9rature - 614 L Des performances de refroidissement exceptionnelles \u00c9conomie d'espace Syst\u00e8me de refroidissement TRUE DUAL\u2122 Formulations avec ou sans CFC","_links":{"self":[{"href":"https:\/\/praxas.com\/fr\/wp-json\/wp\/v2\/product\/47623","targetHints":{"allow":["GET"]}}],"collection":[{"href":"https:\/\/praxas.com\/fr\/wp-json\/wp\/v2\/product"}],"about":[{"href":"https:\/\/praxas.com\/fr\/wp-json\/wp\/v2\/types\/product"}],"wp:featuredmedia":[{"embeddable":true,"href":"https:\/\/praxas.com\/fr\/wp-json\/wp\/v2\/media\/46404"}],"wp:attachment":[{"href":"https:\/\/praxas.com\/fr\/wp-json\/wp\/v2\/media?parent=47623"}],"wp:term":[{"taxonomy":"product_brand","embeddable":true,"href":"https:\/\/praxas.com\/fr\/wp-json\/wp\/v2\/product_brand?post=47623"},{"taxonomy":"product_cat","embeddable":true,"href":"https:\/\/praxas.com\/fr\/wp-json\/wp\/v2\/product_cat?post=47623"},{"taxonomy":"product_tag","embeddable":true,"href":"https:\/\/praxas.com\/fr\/wp-json\/wp\/v2\/product_tag?post=47623"}],"curies":[{"name":"wp","href":"https:\/\/api.w.org\/{rel}","templated":true}]}}