{"id":49055,"date":"2025-05-09T13:09:18","date_gmt":"2025-05-09T11:09:18","guid":{"rendered":"https:\/\/praxas.com\/product\/non%20class\u00e9\/refrigerateur-biomedical-de-grande-capacite-lr-1350\/"},"modified":"2025-10-29T12:04:24","modified_gmt":"2025-10-29T11:04:24","slug":"refrigerateur-biomedical-de-grande-capacite-lr-1350","status":"publish","type":"product","link":"https:\/\/praxas.com\/fr\/product\/refrigeration_produits\/refrigerateurs\/refrigerateur-biomedical-de-grande-capacite-lr-1350\/","title":{"rendered":"R\u00e9frig\u00e9rateur biom\u00e9dical de grande capacit\u00e9 LR 1350"},"content":{"rendered":"<p>Le r\u00e9frig\u00e9rateur vertical haute capacit\u00e9 <strong>LR 1350<\/strong> d&rsquo;ARCTIKO est une solution de pointe con\u00e7ue pour r\u00e9pondre aux exigences rigoureuses des applications biom\u00e9dicales. Ce r\u00e9frig\u00e9rateur \u00e0 porte pleine, respectueux de l&rsquo;environnement et \u00e0 faible consommation d&rsquo;\u00e9nergie, offre une capacit\u00e9 substantielle de 1348 litres et un contr\u00f4le pr\u00e9cis de la temp\u00e9rature dans une plage de +2 \u00b0C \u00e0 +8 \u00b0C. <\/p>\n<p><i class=\"fa-solid fa-circle-check\" style=\"color: #009ee0;\"><\/i> <strong>CERTIFI\u00c9 ENERGY STAR<\/strong><br \/>\nCertifi\u00e9 Energy Star, garantissant une efficacit\u00e9 \u00e9nerg\u00e9tique exceptionnelle et un impact r\u00e9duit sur l&rsquo;environnement, tout en maintenant des performances sup\u00e9rieures dans les applications de stockage sensibles \u00e0 la temp\u00e9rature.<\/p>\n<p><i class=\"fa-solid fa-circle-check\" style=\"color: #009ee0;\"><\/i> <strong>ENREGISTREUR DE DONN\u00c9ES INT\u00c9GR\u00c9<\/strong><br \/>\nCombinant une surveillance pr\u00e9cise de la temp\u00e9rature pour un stockage optimal des \u00e9chantillons et une conformit\u00e9 r\u00e9glementaire, l&rsquo;enregistreur de donn\u00e9es int\u00e9gr\u00e9 vous permet de contr\u00f4ler l&rsquo;appareil en d\u00e9placement gr\u00e2ce \u00e0 des graphiques d\u00e9taill\u00e9s, des alarmes et des param\u00e8tres accessibles via la connexion Bluetooth de votre t\u00e9l\u00e9phone \u00e0 l&rsquo;\u00e9cran de l&rsquo;appareil.<\/p>\n<p><i class=\"fa-solid fa-circle-check\" style=\"color: #009ee0;\"><\/i> <strong>REFROIDISSEMENT PAR AIR FORC\u00c9<\/strong><br \/>\nLe refroidissement par air forc\u00e9 assure une excellente stabilit\u00e9 de la temp\u00e9rature. Le fait de forcer le flux d&rsquo;air autour des articles stock\u00e9s garantit une r\u00e9cup\u00e9ration rapide de la temp\u00e9rature apr\u00e8s l&rsquo;ouverture des portes. <\/p>\n<p><i class=\"fa-solid fa-circle-check\" style=\"color: #009ee0;\"><\/i> <strong>S\u00c9CURIT\u00c9 PAR SERRURE \u00c0 CL\u00c9S<\/strong><br \/>\n\u00c9quip\u00e9 d&rsquo;une serrure \u00e0 cl\u00e9s s\u00e9curis\u00e9e, il offre une protection suppl\u00e9mentaire au contenu de valeur et emp\u00eache tout acc\u00e8s non autoris\u00e9. Cette caract\u00e9ristique garantit l&rsquo;int\u00e9grit\u00e9 et la confidentialit\u00e9 des articles stock\u00e9s, ce qui en fait un outil id\u00e9al pour les environnements o\u00f9 la s\u00e9curit\u00e9 est primordiale.<\/p>\n<p><i class=\"fa-solid fa-circle-check\" style=\"color: #009ee0;\"><\/i> <strong>FONCTIONS D&rsquo;ALARME<\/strong><br \/>\nDes alarmes visuelles et sonores pour les temp\u00e9ratures \u00e9lev\u00e9es\/basses, les portes ouvertes, les pannes de sonde, les pannes d&rsquo;alimentation et les piles faibles vous permettent de r\u00e9agir rapidement dans le cas improbable d&rsquo;un probl\u00e8me d&rsquo;alimentation, d&rsquo;\u00e9quipement ou de processus.<\/p>\n<p><i class=\"fa-solid fa-circle-check\" style=\"color: #009ee0;\"><\/i> <strong>R\u00c9FRIG\u00c9RANTS CONFORMES \u00c0 LA POLITIQUE SNAP\/EPA<\/strong><br \/>\nUtilise des r\u00e9frig\u00e9rants enti\u00e8rement conformes \u00e0 la r\u00e9glementation de l&rsquo;Agence de protection de l&rsquo;environnement (EPA) et de la Politique des nouvelles alternatives (SNAP), garantissant un fonctionnement respectueux de l&rsquo;environnement sans compromettre les performances ou la s\u00e9curit\u00e9.<\/p>\n","protected":false},"excerpt":{"rendered":"<ul>\n<li>+2\u00b0C \/ +8\u00b0C,<\/li>\n<li>Mod\u00e8le vertical &#8211; 1348L<\/li>\n<li>Certifi\u00e9 Energy Star<\/li>\n<li>Enregistreur de donn\u00e9es int\u00e9gr\u00e9<\/li>\n<li>Refroidissement par air puls\u00e9<\/li>\n<li>S\u00e9curit\u00e9 des serrures \u00e0 cl\u00e9<\/li>\n<\/ul>\n","protected":false},"featured_media":48984,"template":"","meta":{"_acf_changed":false,"content-type":"","_uag_custom_page_level_css":""},"product_brand":[],"product_cat":[1437,1509,1439],"product_tag":[3772],"class_list":{"0":"post-49055","1":"product","2":"type-product","3":"status-publish","4":"has-post-thumbnail","6":"product_cat-refrigerateurs","7":"product_cat-2c-8c-refrigerateurs-biomedicaux","8":"product_cat-refrigeration_produits","9":"product_tag-flexaline-fr-2","10":"product_shipping_class-lourd","12":"first","13":"instock","14":"taxable","15":"shipping-taxable","16":"purchasable","17":"product-type-simple"},"bundled_by":[],"bundle_stock_status":"instock","bundle_stock_quantity":null,"bundle_virtual":false,"bundle_layout":"","bundle_add_to_cart_form_location":"","bundle_editable_in_cart":false,"bundle_sold_individually_context":"","bundle_item_grouping":"","bundle_min_size":"","bundle_max_size":"","bundle_price":[],"bundled_items":[],"bundle_sell_ids":[],"acf":[],"spectra_custom_meta":{"hubwoo_ecomm_pro_id":["23108317781"],"_wcml_average_rating":[null],"_wcml_review_count":[null],"_wcml_rating_count":[null],"_backorders":["no"],"_download_limit":["0"],"_download_expiry":["0"],"_downloadable":["no"],"_manage_stock":["no"],"_sku":["1600027"],"_stock_status":["instock"],"_sold_individually":["no"],"_tax_class":[""],"_tax_status":["taxable"],"_virtual":["no"],"_weight":["240.9"],"_width":["91.4"],"_height":["221"],"_length":["152.4"],"total_sales":["0"],"product_datasheet":[""],"_product_datasheet":["field_650ad7d6ea3a0"],"connectivity":["Bluetooth"],"_connectivity":["field_64dce263bb57c"],"brand":["Arctiko"],"_brand":["field_64ddf62ed2593"],"brand_image":[""],"_brand_image":["field_650c5e7c84cae"],"_specifications_table":["field_65044e1db92a8"],"_display_data_alarm":["field_667d647bcb066"],"_resources":["field_650849c6945ee"],"_calibration":["field_66a0ddd599972"],"_accessories":["field_650849e6945f0"],"_faqs":["field_650859523d8d5"],"_calibration_suitable_ids_gb":["field_654b4c4acb54a"],"_calibration_suitable_ids_us":["field_654b4c56cb54b"],"_show_in_calibration_suitable":["field_654cfb691d345"],"_shipping":["field_66852535c98a5"],"_refrigerant_cabinet":["field_66852557c98a6"],"_main_specifications":["field_66855b25b1245"],"_usd_price_4":["field_651570dcac479"],"_usd_price_9":["field_6515713eb4807"],"_usd_price_24":["field_65157141b4809"],"_usd_price_49":["field_65157140b4808"],"_usd_price_99":["field_6515715bb480a"],"_gbp_price_4":["field_6515716e83bfa"],"_gbp_price_9":["field_6515724783bfb"],"_gbp_price_24":["field_6515724b83bfc"],"_gbp_price_49":["field_6515725983bfd"],"_gbp_price_99":["field_6515725d83bfe"],"_usdhk_price_4":["field_6515726f83bff"],"_usdhk_price_9":["field_6515727c83c00"],"_usdhk_price_24":["field_6515728083c01"],"_usdhk_price_49":["field_6515728983c02"],"_usdhk_price_99":["field_6515728e83c03"],"stock_options":["In stock"],"_stock_options":["field_6544b605dc7f9"],"min_temp":["2"],"max_temp":["8"],"_min_temp":["field_67ea5eb4e0a77"],"_max_temp":["field_67ea5f81e0a79"],"_top_nav_excluded":[""],"_cms_nav_minihome":[""],"wcml_sync_hash":["a:1:{s:15:\"postmeta_fields\";s:32:\"f4c61e2d83fff250348a7edb51e5c712\";}"],"attr_label_translations":["a:0:{}"],"_product_attributes":["a:4:{s:16:\"pa_product-brand\";a:6:{s:4:\"name\";s:16:\"pa_product-brand\";s:5:\"value\";s:0:\"\";s:8:\"position\";i:0;s:10:\"is_visible\";i:1;s:12:\"is_variation\";i:0;s:11:\"is_taxonomy\";i:1;}s:15:\"pa_product-type\";a:6:{s:4:\"name\";s:15:\"pa_product-type\";s:5:\"value\";s:0:\"\";s:8:\"position\";i:1;s:10:\"is_visible\";i:1;s:12:\"is_variation\";i:0;s:11:\"is_taxonomy\";i:1;}s:19:\"pa_product-features\";a:6:{s:4:\"name\";s:19:\"pa_product-features\";s:5:\"value\";s:0:\"\";s:8:\"position\";i:2;s:10:\"is_visible\";i:1;s:12:\"is_variation\";i:0;s:11:\"is_taxonomy\";i:1;}s:14:\"pa_temperature\";a:6:{s:4:\"name\";s:14:\"pa_temperature\";s:5:\"value\";s:0:\"\";s:8:\"position\";i:3;s:10:\"is_visible\";i:1;s:12:\"is_variation\";i:0;s:11:\"is_taxonomy\";i:1;}}"],"_thumbnail_id":["48984"],"_product_image_gallery":["48990"],"_crosssell_ids":["a:0:{}"],"_wpml_word_count":["439"],"_last_translation_edit_mode":["translation-editor"],"rank_math_primary_product_cat":["411"],"_other_features_arctiko":["field_668524f8c98a4"],"shipping":["<table class=\"specifications\">\n<tbody>\n<tr class=\"even-row\">\n<td class=\"left-td\">Poids \u00e0 l'exp\u00e9dition (Kg)<\/td>\n<td>241<\/td>\n<\/tr>\n<tr class=\"odd-row\">\n<td class=\"left-td\">Poids \u00e0 l'exp\u00e9dition (Lb)<\/td>\n<td>531<\/td>\n<\/tr>\n<tr class=\"even-row\">\n<td class=\"left-td\">Dimensions d'exp\u00e9dition LxPxH (mm)<\/td>\n<td>1524 X 914 X 2210<\/td>\n<\/tr>\n<tr class=\"even-row\">\n<td class=\"left-td\">Volume d'exp\u00e9dition (M\u00b3)<\/td>\n<td>3.10<\/td>\n<\/tr>\n<\/tbody>\n<\/table>"],"_other_features":["field_686fa2aa98dce"],"rank_math_title":["R\u00e9frig\u00e9rateur biom\u00e9dical de grande capacit\u00e9 LR 1350\u00ae | Arctiko"],"rank_math_description":["Le r\u00e9frig\u00e9rateur vertical Arctiko LR 1350 de grande capacit\u00e9 offre les caract\u00e9ristiques sup\u00e9rieures requises pour les applications biom\u00e9dicales, y compris un contr\u00f4leur Carel de haute qualit\u00e9.\n"],"rank_math_focus_keyword":["LR 1350"],"specifications_table":["<table class=\"specifications\">\n<tbody>\n<tr class=\"even-row\">\n<td class=\"left-td\">Code de l'article<\/td>\n<td>1600027<\/td>\n<\/tr>\n<tr class=\"odd-row\">\n<td class=\"left-td\">Plage de temp\u00e9rature (\u00b0C)<\/td>\n<td>+2 \/ +8 \u00b0C<\/td>\n<\/tr>\n<tr class=\"even-row\">\n<td class=\"left-td\">Plage de temp\u00e9rature (\u00b0F)<\/td>\n<td>+35.6 \/ +46.4 \u00b0F<\/td>\n<\/tr>\n<tr class=\"odd-row\">\n<td class=\"left-td\">Max. Temp\u00e9rature ambiante (\u00b0C)<\/td>\n<td>+40\u00b0C<\/td>\n<\/tr>\n<tr class=\"even-row\">\n<td class=\"left-td\">Capacit\u00e9 (L)<\/td>\n<td>1348<\/td>\n<\/tr>\n<tr class=\"odd-row\">\n<td class=\"left-td\">Capacit\u00e9 (Cu.FT)<\/td>\n<td>48<\/td>\n<\/tr>\n<tr class=\"even-row\">\n<td class=\"left-td\">Dimensions ext\u00e9rieures LxPxH (Mm)<\/td>\n<td>1448 X 787 X 2007<\/td>\n<\/tr>\n<tr class=\"even-row\">\n<td class=\"left-td\">Dimensions int\u00e9rieures LxPxH (Mm)<\/td>\n<td>1321 X 660 X 1524<\/td>\n<\/tr>\n<tr class=\"even-row\">\n<td class=\"left-td\">Poids (KG)<\/td>\n<td>220<\/td>\n<\/tr>\n<tr class=\"even-row\">\n<td class=\"left-td\">Isolation (Mm)<\/td>\n<td>60<\/td>\n<\/tr>\n<tr class=\"odd-row\">\n<td class=\"left-td\">Isolation (pouces)<\/td>\n<td>2.36<\/td>\n<\/tr>\n<tr class=\"even-row\">\n<td class=\"left-td\">Technologie de refroidissement<\/td>\n<td>Air forc\u00e9<\/td>\n<\/tr>\n<tr class=\"odd-row\">\n<td class=\"left-td\">Mod\u00e8le de contr\u00f4leur \/ Type de sonde<\/td>\n<td>Carel IJS \/ NTC<\/td>\n<\/tr>\n<tr class=\"even-row\">\n<td class=\"left-td\">Alimentation (V)<\/td>\n<td>115<\/td>\n<\/tr>\n<tr class=\"odd-row\">\n<td class=\"left-td\">Fr\u00e9quence (Hz)<\/td>\n<td>60<\/td>\n<\/tr>\n<tr class=\"even-row\">\n<td class=\"left-td\">Consommation \u00e9lectrique (KWH\/24H)<\/td>\n<td>3.85<\/td>\n<\/tr>\n<tr class=\"odd-row\">\n<td class=\"left-td\">AMP (A)<\/td>\n<td>5.4<\/td>\n<\/tr>\n<tr class=\"even-row\">\n<td class=\"left-td\">Puissance (Watt)<\/td>\n<td>470<\/td>\n<\/tr>\n<tr class=\"odd-row\">\n<td class=\"left-td\">Puissance en chevaux (HP)<\/td>\n<td>1\/3<\/td>\n<\/tr>\n<\/tbody>\n<\/table>"],"display_data_alarm":["<table class=\"specifications\">\n<tbody>\n<tr class=\"even-row\">\n<td class=\"left-td\">Affichage de l'alarme sous forme de texte - Pas de codes<\/td>\n<td>Non<\/td>\n<\/tr>\n<tr class=\"odd-row\">\n<td class=\"left-td\">Alarme visuelle \/ acoustique<\/td>\n<td>Oui \/ Oui<\/td>\n<\/tr>\n<tr class=\"even-row\">\n<td class=\"left-td\">Alarme de panne de courant<\/td>\n<td>Oui<\/td>\n<\/tr>\n<tr class=\"odd-row\">\n<td class=\"left-td\">Alarme de temp\u00e9rature haute\/basse r\u00e9glable<\/td>\n<td>Oui \/ Oui<\/td>\n<\/tr>\n<tr class=\"even-row\">\n<td class=\"left-td\">Alarme de porte ouverte<\/td>\n<td>Oui<\/td>\n<\/tr>\n<tr class=\"odd-row\">\n<td class=\"left-td\">Alarme de d\u00e9faillance de la sonde<\/td>\n<td>Oui<\/td>\n<\/tr>\n<tr class=\"even-row\">\n<td class=\"left-td\">Alarme de batterie faible<\/td>\n<td>Oui<\/td>\n<\/tr>\n<tr class=\"odd-row\">\n<td class=\"left-td\">Alarme de panne de compresseur<\/td>\n<td>-<\/td>\n<\/tr>\n<tr class=\"even-row\">\n<td class=\"left-td\">Contact sans tension pour l'alarme \u00e0 distance (par exemple, module d'alarme GSM)<\/td>\n<td>Oui<\/td>\n<\/tr>\n<tr class=\"odd-row\">\n<td class=\"left-td\">Enregistreur \u00e9lectronique de donn\u00e9es<\/td>\n<td>Oui<\/td>\n<\/tr>\n<tr class=\"even-row\">\n<td class=\"left-td\">Port RS 485<\/td>\n<td>-<\/td>\n<\/tr>\n<tr class=\"odd-row\">\n<td class=\"left-td\">Port USB pour la mise \u00e0 jour du logiciel et le t\u00e9l\u00e9chargement des donn\u00e9es<\/td>\n<td>Oui<\/td>\n<\/tr>\n<tr class=\"even-row\">\n<td class=\"left-td\">Enregistreur de diagramme de temp\u00e9rature<\/td>\n<td>-<\/td>\n<\/tr>\n<tr class=\"odd-row\">\n<td class=\"left-td\">Type d'affichage<\/td>\n<td>num\u00e9rique<\/td>\n<\/tr>\n<tr class=\"even-row\">\n<td class=\"left-td\">Nombre de sondes de r\u00e9f\u00e9rence optionnelles<\/td>\n<td>SANS OBJET<\/td>\n<\/tr>\n<tr class=\"odd-row\">\n<td class=\"left-td\">Protection par mot de passe pour la mise en marche et l'arr\u00eat de l'unit\u00e9<\/td>\n<td>-<\/td>\n<\/tr>\n<tr class=\"even-row\">\n<td class=\"left-td\">Graphique de temp\u00e9rature sur l'\u00e9cran<\/td>\n<td>-<\/td>\n<\/tr>\n<\/tbody>\n<\/table>"],"resources":["<ul class=\"resources-list\">\n \t<li><img src=\"https:\/\/praxas.com\/wp-content\/uploads\/document-icon.png\" alt=\"Ic\u00f4ne de document\"><a href=\"https:\/\/arctiko.com\/wp-content\/uploads\/Arctiko-Datasheets-LR1350-04-2025_Rest-of-the-world.pdf\" target=\"_blank\" rel=\"noopener\">Fiche technique LR 1350<\/a><\/li>\n \t<li><img src=\"https:\/\/praxas.com\/wp-content\/uploads\/document-icon.png\" alt=\"Ic\u00f4ne de document\"><a href=\"https:\/\/arctiko.com\/wp-content\/uploads\/5088264-01-Dimensionstegning-LR-1350.pdf\">LR 1350 Sch\u00e9ma d'encombrement<\/a><\/li>\n \t<li><img src=\"https:\/\/praxas.com\/wp-content\/uploads\/document-icon.png\" alt=\"Ic\u00f4ne de document\"><a href=\"https:\/\/arctiko.com\/wp-content\/uploads\/5086150-01-El-diagram-for-LR_PR_LF_350_650_1350.pdf\">Sch\u00e9ma de c\u00e2blage<\/a><\/li>\n \t<li><img src=\"https:\/\/praxas.com\/wp-content\/uploads\/document-icon.png\" alt=\"Ic\u00f4ne de document\"><a href=\"https:\/\/arctiko.com\/wp-content\/uploads\/5080503-02-GB-Operating-instructions-LR350_650_1350-PR650_1350-LF650_1350.pdf\">Mode d'emploi<\/a><\/li>\n \t<li><img src=\"https:\/\/praxas.com\/wp-content\/uploads\/document-icon.png\" alt=\"Ic\u00f4ne de document\"><a href=\"\/wp-content\/uploads\/5082536-03-safety-datasheet-r290.pdf\" target=\"_blank\" rel=\"noopener\">Fiche technique de s\u00e9curit\u00e9 R290<\/a><\/li>\n \t<li><img src=\"https:\/\/praxas.com\/wp-content\/uploads\/document-icon.png\" alt=\"Ic\u00f4ne de document\"><a href=\"\/wp-content\/uploads\/2022-certifikat-iso-9001-arctiko-as.pdf\" target=\"_blank\" rel=\"noopener\">ISO 9001<\/a><\/li>\n<\/ul>"],"other_features":["<table class=\"specifications\">\n<tbody>\n<tr class=\"even-row\">\n<td class=\"left-td\">D\u00e9givrage automatique<\/td>\n<td>Oui<\/td>\n<\/tr>\n<tr class=\"even-row\">\n<td class=\"left-td\">Orifice d'\u00e9vacuation du vide<\/td>\n<td>Oui<\/td>\n<\/tr>\n<tr class=\"odd-row\">\n<td class=\"left-td\">Port d'acc\u00e8s pour sonde externe, etc. (Diam\u00e8tre int. Mm)<\/td>\n<td>Oui<\/td>\n<\/tr>\n<tr class=\"even-row\">\n<td class=\"left-td\">Lumi\u00e8re<\/td>\n<td>Oui<\/td>\n<\/tr>\n<tr class=\"odd-row\">\n<td class=\"left-td\">Verrouillage avec cl\u00e9<\/td>\n<td>Oui<\/td>\n<\/tr>\n<tr class=\"even-row\">\n<td class=\"left-td\">Roulettes (Total Pcs) \/ Roulettes avec frein (Pcs)<\/td>\n<td>6 \/ 2<\/td>\n<\/tr>\n<tr class=\"odd-row\">\n<td class=\"left-td\">Pieds fixes (Pcs) \/ Pieds de nivellement (Pcs)<\/td>\n<td>6<\/td>\n<\/tr>\n<tr class=\"even-row\">\n<td class=\"left-td\">Tablettes fixes (Pcs) \/ Tablettes r\u00e9glables (Pcs)<\/td>\n<td>6<\/td>\n<\/tr>\n<tr class=\"odd-row\">\n<td class=\"left-td\">Max. Non. Nombre d'\u00e9tag\u00e8res (Pcs) \/ Nombre d'\u00e9tag\u00e8res max. recommand\u00e9es (Pcs) \/ Nombre d'\u00e9tag\u00e8res max. recommand\u00e9es (Pcs) Non. Nombre d'\u00e9tag\u00e8res (Pcs)<\/td>\n<td>12<\/td>\n<\/tr>\n<tr class=\"even-row\">\n<td class=\"left-td\">Charge maximale par \u00e9tag\u00e8re (Kg)<\/td>\n<td>44<\/td>\n<\/tr>\n<\/tbody>\n<\/table>"],"refrigerant_cabinet":["<table class=\"specifications\">\n<tbody>\n<tr class=\"even-row\">\n<td class=\"left-td\">Nombre de compresseurs<\/td>\n<td>1<\/td>\n<\/tr>\n<tr class=\"odd-row\">\n<td class=\"left-td\">R\u00e9frig\u00e9rant<\/td>\n<td>R290<\/td>\n<\/tr>\n<tr class=\"even-row\">\n<td class=\"left-td\">Mat\u00e9riau de l'armoire int\u00e9rieure<\/td>\n<td>Acier galvanis\u00e9 par immersion \u00e0 chaud\n, trait\u00e9 anticorrosion\n, recouvert d'un film PVC<\/td>\n<\/tr>\n<tr class=\"odd-row\">\n<td class=\"left-td\">Mat\u00e9riau de l'armoire ext\u00e9rieure<\/td>\n<td>Acier galvanis\u00e9 par immersion \u00e0 chaud\n, trait\u00e9 anticorrosion\n, recouvert d'un film PVC<\/td>\n<\/tr>\n<tr class=\"even-row\">\n<td class=\"left-td\">Couleur (ext\u00e9rieur de l'armoire)<\/td>\n<td>blanc<\/td>\n<\/tr>\n<tr class=\"odd-row\">\n<td class=\"left-td\">Agent moussant<\/td>\n<td>Cyclopentane\nPolyur\u00e9thane<\/td>\n<\/tr>\n<\/tbody>\n<\/table>"],"other_features_arctiko":["\u00a0\n<table class=\"specifications\">\n<tbody>\n<tr class=\"even-row\">\n<td class=\"left-td\">D\u00e9givrage automatique<\/td>\n<td>Oui<\/td>\n<\/tr>\n<tr class=\"even-row\">\n<td class=\"left-td\">Orifice d'\u00e9vacuation du vide<\/td>\n<td>Oui<\/td>\n<\/tr>\n<tr class=\"odd-row\">\n<td class=\"left-td\">Port d'acc\u00e8s pour sonde externe, etc. (Diam\u00e8tre int. Mm)<\/td>\n<td>Oui<\/td>\n<\/tr>\n<tr class=\"even-row\">\n<td class=\"left-td\">Lumi\u00e8re<\/td>\n<td>Oui<\/td>\n<\/tr>\n<tr class=\"odd-row\">\n<td class=\"left-td\">Verrouillage avec cl\u00e9<\/td>\n<td>Oui<\/td>\n<\/tr>\n<tr class=\"even-row\">\n<td class=\"left-td\">Roulettes (Total Pcs) \/ Roulettes avec frein (Pcs)<\/td>\n<td>6 \/ 2<\/td>\n<\/tr>\n<tr class=\"odd-row\">\n<td class=\"left-td\">Pieds fixes (Pcs) \/ Pieds de nivellement (Pcs)<\/td>\n<td>6<\/td>\n<\/tr>\n<tr class=\"even-row\">\n<td class=\"left-td\">Tablettes fixes (Pcs) \/ Tablettes r\u00e9glables (Pcs)<\/td>\n<td>6<\/td>\n<\/tr>\n<tr class=\"odd-row\">\n<td class=\"left-td\">Max. Non. Nombre d'\u00e9tag\u00e8res (Pcs) \/ Nombre d'\u00e9tag\u00e8res max. recommand\u00e9es (Pcs) \/ Nombre d'\u00e9tag\u00e8res max. recommand\u00e9es (Pcs) Non. Nombre d'\u00e9tag\u00e8res (Pcs)<\/td>\n<td>12<\/td>\n<\/tr>\n<tr class=\"even-row\">\n<td class=\"left-td\">Charge maximale par \u00e9tag\u00e8re (Kg)<\/td>\n<td>44<\/td>\n<\/tr>\n<\/tbody>\n<\/table>"],"_uag_page_assets":["a:9:{s:3:\"css\";s:0:\"\";s:2:\"js\";s:0:\"\";s:18:\"current_block_list\";a:0:{}s:8:\"uag_flag\";b:0;s:11:\"uag_version\";s:10:\"1776763693\";s:6:\"gfonts\";a:0:{}s:10:\"gfonts_url\";s:0:\"\";s:12:\"gfonts_files\";a:0:{}s:14:\"uag_faq_layout\";b:0;}"],"_regular_price":["7295"],"_price":["7295"],"_max_variation_price":[""],"_max_variation_regular_price":[""],"_max_variation_sale_price":[""],"_min_variation_price":[""],"_min_variation_regular_price":[""],"_min_variation_sale_price":[""],"_sale_price":[""],"_wc_pb_base_regular_price":[""],"_wc_pb_base_sale_price":[""],"_wc_pb_base_price":[""],"_wc_sw_max_price":[""],"_wc_sw_max_regular_price":[""],"_wc_rating_count":[""],"_wc_review_count":[""],"_wc_average_rating":[0]},"uagb_featured_image_src":{"full":["https:\/\/praxas.com\/wp-content\/uploads\/LF1350-800x463-2.jpg",800,463,false],"thumbnail":["https:\/\/praxas.com\/wp-content\/uploads\/LF1350-800x463-2-150x150.jpg",150,150,true],"medium":["https:\/\/praxas.com\/wp-content\/uploads\/LF1350-800x463-2-300x174.jpg",300,174,true],"medium_large":["https:\/\/praxas.com\/wp-content\/uploads\/LF1350-800x463-2-768x444.jpg",768,444,true],"large":["https:\/\/praxas.com\/wp-content\/uploads\/LF1350-800x463-2.jpg",800,463,false],"1536x1536":["https:\/\/praxas.com\/wp-content\/uploads\/LF1350-800x463-2.jpg",800,463,false],"2048x2048":["https:\/\/praxas.com\/wp-content\/uploads\/LF1350-800x463-2.jpg",800,463,false],"crunchify-admin-post-featured-image":["https:\/\/praxas.com\/wp-content\/uploads\/LF1350-800x463-2-120x69.jpg",120,69,true],"commercegurus-pdp-large":["https:\/\/praxas.com\/wp-content\/uploads\/LF1350-800x463-2.jpg",800,463,false],"commercegurus-plp-mobile":["https:\/\/praxas.com\/wp-content\/uploads\/LF1350-800x463-2-441x255.jpg",441,255,true],"cgkit_image_swatch":["https:\/\/praxas.com\/wp-content\/uploads\/LF1350-800x463-2-100x100.jpg",100,100,true],"woocommerce_thumbnail":["https:\/\/praxas.com\/wp-content\/uploads\/LF1350-800x463-2-350x203.jpg",350,203,true],"woocommerce_single":["https:\/\/praxas.com\/wp-content\/uploads\/LF1350-800x463-2.jpg",800,463,false],"woocommerce_gallery_thumbnail":["https:\/\/praxas.com\/wp-content\/uploads\/LF1350-800x463-2-150x87.jpg",150,87,true]},"uagb_author_info":{"display_name":"Alex James","author_link":"https:\/\/praxas.com\/fr\/author\/"},"uagb_comment_info":0,"uagb_excerpt":"+2\u00b0C \/ +8\u00b0C, Mod\u00e8le vertical - 1348L Certifi\u00e9 Energy Star Enregistreur de donn\u00e9es int\u00e9gr\u00e9 Refroidissement par air puls\u00e9 S\u00e9curit\u00e9 des serrures \u00e0 cl\u00e9","_links":{"self":[{"href":"https:\/\/praxas.com\/fr\/wp-json\/wp\/v2\/product\/49055","targetHints":{"allow":["GET"]}}],"collection":[{"href":"https:\/\/praxas.com\/fr\/wp-json\/wp\/v2\/product"}],"about":[{"href":"https:\/\/praxas.com\/fr\/wp-json\/wp\/v2\/types\/product"}],"wp:featuredmedia":[{"embeddable":true,"href":"https:\/\/praxas.com\/fr\/wp-json\/wp\/v2\/media\/48984"}],"wp:attachment":[{"href":"https:\/\/praxas.com\/fr\/wp-json\/wp\/v2\/media?parent=49055"}],"wp:term":[{"taxonomy":"product_brand","embeddable":true,"href":"https:\/\/praxas.com\/fr\/wp-json\/wp\/v2\/product_brand?post=49055"},{"taxonomy":"product_cat","embeddable":true,"href":"https:\/\/praxas.com\/fr\/wp-json\/wp\/v2\/product_cat?post=49055"},{"taxonomy":"product_tag","embeddable":true,"href":"https:\/\/praxas.com\/fr\/wp-json\/wp\/v2\/product_tag?post=49055"}],"curies":[{"name":"wp","href":"https:\/\/api.w.org\/{rel}","templated":true}]}}