{"id":49541,"date":"2025-06-18T12:50:47","date_gmt":"2025-06-18T10:50:47","guid":{"rendered":"https:\/\/praxas.com\/product\/non%20class\u00e9\/stx-50-extension-de-capteur-externe\/"},"modified":"2025-10-09T10:14:01","modified_gmt":"2025-10-09T08:14:01","slug":"stx-50-extension-de-capteur-externe","status":"publish","type":"product","link":"https:\/\/praxas.com\/fr\/product\/data-loggers-fr\/accessoires-fr\/stx-50-extension-de-capteur-externe\/","title":{"rendered":"STX-50 Extension de capteur externe"},"content":{"rendered":"<p data-start=\"214\" data-end=\"278\"><strong data-start=\"218\" data-end=\"278\">LogTag STX-50 C\u00e2ble d&rsquo;extension de capteur externe &#8211; 5 m\u00e8tres<\/strong><\/p>\n<p data-start=\"280\" data-end=\"525\">Le LogTag STX-50 est un c\u00e2ble d&rsquo;extension de 5 m\u00e8tres con\u00e7u pour \u00eatre utilis\u00e9 avec les capteurs de temp\u00e9rature externes ST10 et ST100 dans les applications industrielles l\u00e9g\u00e8res. Il permet une plus grande flexibilit\u00e9 dans le placement des capteurs lorsque la connexion directe \u00e0 l&rsquo;enregistreur n&rsquo;est pas possible. <\/p>\n<p data-start=\"527\" data-end=\"822\">Le c\u00e2ble se termine par une fiche MCX et comporte un manchon de protection flexible \u00e0 l&rsquo;extr\u00e9mit\u00e9 de la prise pour garantir une connexion conforme \u00e0 la norme IP61 lors de l&rsquo;accouplement. Construit avec des mat\u00e9riaux de qualit\u00e9 alimentaire FDA et de l&rsquo;acier inoxydable 316 \u00e0 l&rsquo;extr\u00e9mit\u00e9 du capteur, le STX-50 peut \u00eatre utilis\u00e9 dans des environnements exigeant une conformit\u00e9 \u00e0 l&rsquo;hygi\u00e8ne. <\/p>\n<p data-start=\"824\" data-end=\"871\"><strong data-start=\"824\" data-end=\"871\">Caract\u00e9ristiques principales du c\u00e2ble d&rsquo;extension STX-50 :<\/strong><\/p>\n<ul data-start=\"873\" data-end=\"1127\">\n<li data-start=\"873\" data-end=\"901\">\n<p data-start=\"875\" data-end=\"901\">Longueur du c\u00e2ble 5m (~16&rsquo;5&Prime;)<\/p>\n<\/li>\n<li data-start=\"902\" data-end=\"951\">\n<p data-start=\"904\" data-end=\"951\">Compatible avec les capteurs des s\u00e9ries ST10 et ST100<\/p>\n<\/li>\n<li data-start=\"952\" data-end=\"995\">\n<p data-start=\"954\" data-end=\"995\">Connexion de capteur conforme \u00e0 la norme IP61 lorsqu&rsquo;elle est accoupl\u00e9e<\/p>\n<\/li>\n<li data-start=\"996\" data-end=\"1033\">\n<p data-start=\"998\" data-end=\"1033\">Plage de fonctionnement : -46 \u00b0C \u00e0 +74 \u00b0C<\/p>\n<\/li>\n<li data-start=\"1034\" data-end=\"1076\">\n<p data-start=\"1036\" data-end=\"1076\">Mat\u00e9riaux de qualit\u00e9 alimentaire FDA \u00e0 l&rsquo;extr\u00e9mit\u00e9 du capteur<\/p>\n<\/li>\n<li data-start=\"1077\" data-end=\"1127\">\n<p data-start=\"1079\" data-end=\"1127\">Non compatible avec les sondes intelligentes CP10 ou CP100<\/p>\n<\/li>\n<\/ul>\n<p data-start=\"1129\" data-end=\"1210\">Note : Con\u00e7u pour une installation permanente, pas de connexion\/d\u00e9connexion fr\u00e9quente.<\/p>\n","protected":false},"excerpt":{"rendered":"<ul>\n<li>Compatible avec les capteurs ST10\/ST100<\/li>\n<li>Plage de fonctionnement -46 \u00b0C \u00e0 +74 \u00b0C<\/li>\n<li>Raccordement accoupl\u00e9 conforme \u00e0 la norme IP61<\/li>\n<li>Mat\u00e9riaux de qualit\u00e9 alimentaire FDA (c\u00f4t\u00e9 capteur)<\/li>\n<\/ul>\n","protected":false},"featured_media":49531,"template":"","meta":{"_acf_changed":false,"content-type":"","_uag_custom_page_level_css":""},"product_brand":[],"product_cat":[1256],"product_tag":[2516,1241],"class_list":{"0":"post-49541","1":"product","2":"type-product","3":"status-publish","4":"has-post-thumbnail","6":"product_cat-accessoires-fr","7":"product_tag-logtag-fr","8":"product_tag-sonde-externe","10":"first","11":"instock","12":"taxable","13":"shipping-taxable","14":"purchasable","15":"product-type-simple"},"bundled_by":[],"bundle_stock_status":"instock","bundle_stock_quantity":null,"bundle_virtual":false,"bundle_layout":"","bundle_add_to_cart_form_location":"","bundle_editable_in_cart":false,"bundle_sold_individually_context":"","bundle_item_grouping":"","bundle_min_size":"","bundle_max_size":"","bundle_price":[],"bundled_items":[],"bundle_sell_ids":[],"acf":[],"spectra_custom_meta":{"hubwoo_ecomm_pro_id":["24989678188"],"_wcml_average_rating":[null],"_wcml_review_count":[null],"_wcml_rating_count":[null],"_backorders":["no"],"_download_limit":["-1"],"_download_expiry":["-1"],"_downloadable":["no"],"_manage_stock":["no"],"_sku":["STX-50"],"_stock_status":["instock"],"_sold_individually":["no"],"_tax_class":[""],"_tax_status":["taxable"],"_virtual":["no"],"total_sales":["0"],"_regular_price":["38.50"],"_price":["38.50"],"product_datasheet":[""],"_product_datasheet":["field_650ad7d6ea3a0"],"connectivity":[""],"_connectivity":["field_64dce263bb57c"],"brand":["LogTag"],"_brand":["field_64ddf62ed2593"],"brand_image":[""],"_brand_image":["field_650c5e7c84cae"],"_specifications_table":["field_65044e1db92a8"],"_display_data_alarm":["field_667d647bcb066"],"_resources":["field_650849c6945ee"],"_calibration":["field_66a0ddd599972"],"_accessories":["field_650849e6945f0"],"_faqs":["field_650859523d8d5"],"_calibration_suitable_ids_gb":["field_654b4c4acb54a"],"_calibration_suitable_ids_us":["field_654b4c56cb54b"],"_show_in_calibration_suitable":["field_654cfb691d345"],"_other_features":["field_668524f8c98a4"],"_shipping":["field_66852535c98a5"],"_refrigerant_cabinet":["field_66852557c98a6"],"_main_specifications":["field_66855b25b1245"],"_usd_price_4":["field_651570dcac479"],"_usd_price_9":["field_6515713eb4807"],"_usd_price_24":["field_65157141b4809"],"_usd_price_49":["field_65157140b4808"],"_usd_price_99":["field_6515715bb480a"],"_gbp_price_4":["field_6515716e83bfa"],"_gbp_price_9":["field_6515724783bfb"],"_gbp_price_24":["field_6515724b83bfc"],"_gbp_price_49":["field_6515725983bfd"],"_gbp_price_99":["field_6515725d83bfe"],"_usdhk_price_4":["field_6515726f83bff"],"_usdhk_price_9":["field_6515727c83c00"],"_usdhk_price_24":["field_6515728083c01"],"_usdhk_price_49":["field_6515728983c02"],"_usdhk_price_99":["field_6515728e83c03"],"stock_options":["In stock"],"_stock_options":["field_6544b605dc7f9"],"rank_math_primary_product_cat":["147"],"min_temp":["-46"],"max_temp":["73"],"_min_temp":["field_67ea5eb4e0a77"],"_max_temp":["field_67ea5f81e0a79"],"_top_nav_excluded":[""],"_cms_nav_minihome":[""],"wcml_sync_hash":["a:1:{s:15:\"postmeta_fields\";s:32:\"4bed1a98581066834b813d0871b13889\";}"],"attr_label_translations":["a:0:{}"],"_product_attributes":["a:1:{s:16:\"pa_product-brand\";a:6:{s:4:\"name\";s:16:\"pa_product-brand\";s:5:\"value\";s:0:\"\";s:8:\"position\";i:0;s:10:\"is_visible\";i:1;s:12:\"is_variation\";i:0;s:11:\"is_taxonomy\";i:1;}}"],"_thumbnail_id":["49531"],"_product_image_gallery":["49537"],"_crosssell_ids":["a:0:{}"],"_wpml_word_count":["244"],"_last_translation_edit_mode":["translation-editor"],"rank_math_focus_keyword":["STX-50"],"resources":["<ul class=\"resources-list\">\n \t<li><img src=\"https:\/\/praxas.com\/wp-content\/uploads\/document-icon.png\" alt=\"Ic\u00f4ne de document\"><a href=\"https:\/\/praxas.com\/wp-content\/uploads\/LogTag-STX-50-Brochure.pdf\">Brochure LogTag STX-50<\/a><\/li>\n<\/ul>"],"_uag_page_assets":["a:9:{s:3:\"css\";s:0:\"\";s:2:\"js\";s:0:\"\";s:18:\"current_block_list\";a:0:{}s:8:\"uag_flag\";b:0;s:11:\"uag_version\";s:10:\"1775212209\";s:6:\"gfonts\";a:0:{}s:10:\"gfonts_url\";s:0:\"\";s:12:\"gfonts_files\";a:0:{}s:14:\"uag_faq_layout\";b:0;}"],"_max_variation_price":[""],"_max_variation_regular_price":[""],"_max_variation_sale_price":[""],"_min_variation_price":[""],"_min_variation_regular_price":[""],"_min_variation_sale_price":[""],"_sale_price":[""],"_wc_pb_base_regular_price":[""],"_wc_pb_base_sale_price":[""],"_wc_pb_base_price":[""],"_wc_sw_max_price":[""],"_wc_sw_max_regular_price":[""],"_wc_rating_count":[""],"_wc_review_count":[""],"_wc_average_rating":[0]},"uagb_featured_image_src":{"full":["https:\/\/praxas.com\/wp-content\/uploads\/STX-50-web1.jpg",1200,680,false],"thumbnail":["https:\/\/praxas.com\/wp-content\/uploads\/STX-50-web1-150x150.jpg",150,150,true],"medium":["https:\/\/praxas.com\/wp-content\/uploads\/STX-50-web1-300x170.jpg",300,170,true],"medium_large":["https:\/\/praxas.com\/wp-content\/uploads\/STX-50-web1-768x435.jpg",768,435,true],"large":["https:\/\/praxas.com\/wp-content\/uploads\/STX-50-web1-1024x580.jpg",1024,580,true],"1536x1536":["https:\/\/praxas.com\/wp-content\/uploads\/STX-50-web1.jpg",1200,680,false],"2048x2048":["https:\/\/praxas.com\/wp-content\/uploads\/STX-50-web1.jpg",1200,680,false],"crunchify-admin-post-featured-image":["https:\/\/praxas.com\/wp-content\/uploads\/STX-50-web1-120x68.jpg",120,68,true],"commercegurus-pdp-large":["https:\/\/praxas.com\/wp-content\/uploads\/STX-50-web1-990x561.jpg",990,561,true],"commercegurus-plp-mobile":["https:\/\/praxas.com\/wp-content\/uploads\/STX-50-web1-441x250.jpg",441,250,true],"cgkit_image_swatch":["https:\/\/praxas.com\/wp-content\/uploads\/STX-50-web1-100x100.jpg",100,100,true],"woocommerce_thumbnail":["https:\/\/praxas.com\/wp-content\/uploads\/STX-50-web1-350x198.jpg",350,198,true],"woocommerce_single":["https:\/\/praxas.com\/wp-content\/uploads\/STX-50-web1-800x453.jpg",800,453,true],"woocommerce_gallery_thumbnail":["https:\/\/praxas.com\/wp-content\/uploads\/STX-50-web1-150x85.jpg",150,85,true]},"uagb_author_info":{"display_name":"Alex James","author_link":"https:\/\/praxas.com\/fr\/author\/"},"uagb_comment_info":0,"uagb_excerpt":"Compatible avec les capteurs ST10\/ST100 Plage de fonctionnement -46 \u00b0C \u00e0 +74 \u00b0C Raccordement accoupl\u00e9 conforme \u00e0 la norme IP61 Mat\u00e9riaux de qualit\u00e9 alimentaire FDA (c\u00f4t\u00e9 capteur)","_links":{"self":[{"href":"https:\/\/praxas.com\/fr\/wp-json\/wp\/v2\/product\/49541","targetHints":{"allow":["GET"]}}],"collection":[{"href":"https:\/\/praxas.com\/fr\/wp-json\/wp\/v2\/product"}],"about":[{"href":"https:\/\/praxas.com\/fr\/wp-json\/wp\/v2\/types\/product"}],"wp:featuredmedia":[{"embeddable":true,"href":"https:\/\/praxas.com\/fr\/wp-json\/wp\/v2\/media\/49531"}],"wp:attachment":[{"href":"https:\/\/praxas.com\/fr\/wp-json\/wp\/v2\/media?parent=49541"}],"wp:term":[{"taxonomy":"product_brand","embeddable":true,"href":"https:\/\/praxas.com\/fr\/wp-json\/wp\/v2\/product_brand?post=49541"},{"taxonomy":"product_cat","embeddable":true,"href":"https:\/\/praxas.com\/fr\/wp-json\/wp\/v2\/product_cat?post=49541"},{"taxonomy":"product_tag","embeddable":true,"href":"https:\/\/praxas.com\/fr\/wp-json\/wp\/v2\/product_tag?post=49541"}],"curies":[{"name":"wp","href":"https:\/\/api.w.org\/{rel}","templated":true}]}}