{"id":49595,"date":"2025-06-18T13:49:38","date_gmt":"2025-06-18T11:49:38","guid":{"rendered":"https:\/\/praxas.com\/product\/non%20class\u00e9\/tict-indicateur-de-temperature\/"},"modified":"2025-10-09T10:24:03","modified_gmt":"2025-10-09T08:24:03","slug":"tict-indicateur-de-temperature","status":"publish","type":"product","link":"https:\/\/praxas.com\/fr\/product\/data-loggers-fr\/enregistreurs-de-donnees-de-temperature\/tict-indicateur-de-temperature\/","title":{"rendered":"TICT Indicateur de temp\u00e9rature"},"content":{"rendered":"<p data-start=\"161\" data-end=\"225\"><strong data-start=\"165\" data-end=\"225\">LogTag TICT &#8211; Indicateur de temp\u00e9rature 45 jours avec 4 alarmes<\/strong><\/p>\n<p data-start=\"227\" data-end=\"565\">Le LogTag TICT est un indicateur de temp\u00e9rature \u00e0 usage unique et peu co\u00fbteux, con\u00e7u pour surveiller les marchandises pendant le transport pendant une p\u00e9riode pouvant aller jusqu \u00ab \u00e0 45 jours. Il comporte deux seuils d&rsquo;alarme pr\u00e9\u00e9tablis (haut et bas) et fournit un retour d&rsquo;information visuel clair par le biais d&rsquo;un affichage en forme de \u201ccoche\u201d (\u2713) ou de \u201ccroix\u201d (\u2717), ce qui permet d \u00bb \u00e9valuer facilement si les conditions sont rest\u00e9es dans les limites acceptables. <\/p>\n<p data-start=\"567\" data-end=\"811\">Le TICT enregistre \u00e9galement les temp\u00e9ratures minimales et maximales quotidiennes, ce qui permet de consulter rapidement les principales statistiques de temp\u00e9rature tout au long du voyage. Des profils pr\u00e9r\u00e9gl\u00e9s en usine sont disponibles pour les applications courantes, et des profils personnalis\u00e9s sont disponibles sur demande. <\/p>\n<p data-start=\"813\" data-end=\"830\"><strong data-start=\"813\" data-end=\"830\">Caract\u00e9ristiques principales :<\/strong><\/p>\n<ul data-start=\"832\" data-end=\"1127\">\n<li data-start=\"832\" data-end=\"874\">\n<p data-start=\"834\" data-end=\"874\">Surveillance de la temp\u00e9rature jusqu&rsquo;\u00e0 45 jours<\/p>\n<\/li>\n<li data-start=\"875\" data-end=\"919\">\n<p data-start=\"877\" data-end=\"919\">Deux seuils d&rsquo;alarme sup\u00e9rieurs et deux seuils d&rsquo;alarme inf\u00e9rieurs<\/p>\n<\/li>\n<li data-start=\"920\" data-end=\"971\">\n<p data-start=\"922\" data-end=\"971\">Affichage LCD \u00ab Tick \u00bb\/\u00ab Cross \u00bb pour un statut imm\u00e9diat<\/p>\n<\/li>\n<li data-start=\"972\" data-end=\"1016\">\n<p data-start=\"974\" data-end=\"1016\">Les statistiques quotidiennes de temp\u00e9rature min\/max sont conserv\u00e9es<\/p>\n<\/li>\n<li data-start=\"1017\" data-end=\"1075\">\n<p data-start=\"1019\" data-end=\"1075\">Profils configur\u00e9s en usine (options personnalis\u00e9es disponibles)<\/p>\n<\/li>\n<li data-start=\"1076\" data-end=\"1127\">\n<p data-start=\"1078\" data-end=\"1127\">Id\u00e9al pour les applications de transport et de cha\u00eene du froid<\/p>\n<\/li>\n<\/ul>\n","protected":false},"excerpt":{"rendered":"<ul>\n<li data-start=\"1161\" data-end=\"1211\">\n<p data-start=\"1163\" data-end=\"1211\">Dur\u00e9e de la surveillance de la temp\u00e9rature : jusqu&rsquo;\u00e0 45 jours<\/p>\n<\/li>\n<li data-start=\"1212\" data-end=\"1249\">\n<p data-start=\"1214\" data-end=\"1249\">Deux seuils d&rsquo;alarme haut et deux seuils d&rsquo;alarme bas<\/p>\n<\/li>\n<li data-start=\"1250\" data-end=\"1293\">\n<p data-start=\"1252\" data-end=\"1293\">Affichage \u00ab Tick \u00bb\/\u00ab Cross \u00bb pour un \u00e9tat clair<\/p>\n<\/li>\n<li data-start=\"1294\" data-end=\"1331\">\n<p data-start=\"1296\" data-end=\"1331\">Enregistrement quotidien des temp\u00e9ratures min\/max<\/p>\n<\/li>\n<li data-start=\"1332\" data-end=\"1365\">\n<p data-start=\"1334\" data-end=\"1365\">Conception jetable, \u00e0 usage unique<\/p>\n<\/li>\n<li data-start=\"1366\" data-end=\"1417\">\n<p data-start=\"1368\" data-end=\"1417\">Profils de surveillance pr\u00e9d\u00e9finis ou personnalis\u00e9s disponibles<\/p>\n<\/li>\n<\/ul>\n","protected":false},"featured_media":49581,"template":"","meta":{"_acf_changed":false,"content-type":"","_uag_custom_page_level_css":""},"product_brand":[],"product_cat":[1238,1282],"product_tag":[2516,2260],"class_list":{"0":"post-49595","1":"product","2":"type-product","3":"status-publish","4":"has-post-thumbnail","6":"product_cat-enregistreurs-de-donnees-de-temperature","7":"product_cat-data-loggers-fr","8":"product_tag-logtag-fr","9":"product_tag-temperature-fr","11":"first","12":"instock","13":"taxable","14":"shipping-taxable","15":"purchasable","16":"product-type-simple"},"bundled_by":[],"bundle_stock_status":"instock","bundle_stock_quantity":null,"bundle_virtual":false,"bundle_layout":"","bundle_add_to_cart_form_location":"","bundle_editable_in_cart":false,"bundle_sold_individually_context":"","bundle_item_grouping":"","bundle_min_size":"","bundle_max_size":"","bundle_price":[],"bundled_items":[],"bundle_sell_ids":[],"acf":[],"spectra_custom_meta":{"hubwoo_ecomm_pro_id":["24999310751"],"_wcml_average_rating":[null],"_wcml_review_count":[null],"_wcml_rating_count":[null],"_backorders":["no"],"_download_limit":["-1"],"_download_expiry":["-1"],"_downloadable":["no"],"_manage_stock":["no"],"_sku":["TICT"],"_stock_status":["instock"],"_sold_individually":["no"],"_tax_class":[""],"_tax_status":["taxable"],"_virtual":["no"],"total_sales":["0"],"_regular_price":["14.00"],"_price":["14.00"],"product_datasheet":[""],"_product_datasheet":["field_650ad7d6ea3a0"],"connectivity":[""],"_connectivity":["field_64dce263bb57c"],"brand":["LogTag"],"_brand":["field_64ddf62ed2593"],"brand_image":[""],"_brand_image":["field_650c5e7c84cae"],"_specifications_table":["field_65044e1db92a8"],"_display_data_alarm":["field_667d647bcb066"],"_resources":["field_650849c6945ee"],"_calibration":["field_66a0ddd599972"],"_accessories":["field_650849e6945f0"],"_faqs":["field_650859523d8d5"],"_calibration_suitable_ids_gb":["field_654b4c4acb54a"],"_calibration_suitable_ids_us":["field_654b4c56cb54b"],"_show_in_calibration_suitable":["field_654cfb691d345"],"_other_features":["field_668524f8c98a4"],"_shipping":["field_66852535c98a5"],"_refrigerant_cabinet":["field_66852557c98a6"],"_main_specifications":["field_66855b25b1245"],"_usd_price_4":["field_651570dcac479"],"_usd_price_9":["field_6515713eb4807"],"_usd_price_24":["field_65157141b4809"],"_usd_price_49":["field_65157140b4808"],"_usd_price_99":["field_6515715bb480a"],"_gbp_price_4":["field_6515716e83bfa"],"_gbp_price_9":["field_6515724783bfb"],"_gbp_price_24":["field_6515724b83bfc"],"_gbp_price_49":["field_6515725983bfd"],"_gbp_price_99":["field_6515725d83bfe"],"_usdhk_price_4":["field_6515726f83bff"],"_usdhk_price_9":["field_6515727c83c00"],"_usdhk_price_24":["field_6515728083c01"],"_usdhk_price_49":["field_6515728983c02"],"_usdhk_price_99":["field_6515728e83c03"],"stock_options":["In stock"],"_stock_options":["field_6544b605dc7f9"],"rank_math_primary_product_cat":["87"],"min_temp":["-25"],"max_temp":["60"],"_min_temp":["field_67ea5eb4e0a77"],"_max_temp":["field_67ea5f81e0a79"],"_top_nav_excluded":[""],"_cms_nav_minihome":[""],"wcml_sync_hash":["a:1:{s:15:\"postmeta_fields\";s:32:\"5361dd9e183c516eb9f3cc9f8bfe1bf2\";}"],"attr_label_translations":["a:0:{}"],"_product_attributes":["a:1:{s:16:\"pa_product-brand\";a:6:{s:4:\"name\";s:16:\"pa_product-brand\";s:5:\"value\";s:0:\"\";s:8:\"position\";i:0;s:10:\"is_visible\";i:1;s:12:\"is_variation\";i:0;s:11:\"is_taxonomy\";i:1;}}"],"_thumbnail_id":["49581"],"_product_image_gallery":["49587"],"_crosssell_ids":["a:0:{}"],"_wpml_word_count":["283"],"_last_translation_edit_mode":["translation-editor"],"rank_math_focus_keyword":["TICT"],"specifications_table":["<table class=\"w-full\">\n<tbody>\n<tr>\n<td class=\"text-base font-semibold font-gray\">Plage de mesure du capteur<\/td>\n<td class=\"text-base font-gray-300\">De -25 \u00b0C \u00e0 +60 \u00b0C (de -13 \u00b0F \u00e0 +140 \u00b0F)<\/td>\n<\/tr>\n<tr>\n<td class=\"text-base font-semibold font-gray\">Plage de temp\u00e9rature de fonctionnement<\/td>\n<td class=\"text-base font-gray-300\">De -25 \u00b0C \u00e0 +60 \u00b0C (de -13 \u00b0F \u00e0 +140 \u00b0F)<\/td>\n<\/tr>\n<tr>\n<td class=\"text-base font-semibold font-gray\">Temp\u00e9rature nominale Pr\u00e9cision de lecture<\/td>\n<td class=\"text-base font-gray-300\">Mieux que \u00b10,5 \u00b0C de -10 \u00b0C \u00e0 +25 \u00b0C\nMieux que \u00b11,0 \u00b0C de -25 \u00b0C \u00e0 -10 \u00b0C\nMieux que \u00b11,0 \u00b0C de +25 \u00b0C \u00e0 +60 \u00b0C\nLes performances r\u00e9elles sont g\u00e9n\u00e9ralement bien meilleures que les valeurs nominales.\nLes chiffres de pr\u00e9cision peuvent \u00eatre am\u00e9lior\u00e9s par un r\u00e9\u00e9talonnage.<\/td>\n<\/tr>\n<tr>\n<td class=\"text-base font-semibold font-gray\">Temp\u00e9rature nominale R\u00e9solution de la lecture<\/td>\n<td class=\"text-base font-gray-300\">0,1 \u00b0C pour -20 \u00b0C \u00e0 +60 \u00b0C.\nLogTag Analyzer\u00ae affiche actuellement \u00e0 une d\u00e9cimale de \u00b0C ou \u00b0F. La r\u00e9solution native est celle qui est stock\u00e9e dans le LogTag\u00ae <\/td>\n<\/tr>\n<tr>\n<td class=\"text-base font-semibold font-gray\">Temps de r\u00e9action du capteur<\/td>\n<td class=\"text-base font-gray-300\">Typiquement moins de 7 minutes (T90) dans l'air en mouvement (1m\/s)<\/td>\n<\/tr>\n<tr>\n<td class=\"text-base font-semibold font-gray\">Intervalle d'\u00e9chantillonnage<\/td>\n<td class=\"text-base font-gray-300\">Pr\u00e9d\u00e9fini en usine entre 1 et 59 minutes ; intervalle de 5 minutes pour le profil 0001<\/td>\n<\/tr>\n<tr>\n<td class=\"text-base font-semibold font-gray\">Options de d\u00e9marrage de l'enregistrement<\/td>\n<td class=\"text-base font-gray-300\">D\u00e9marrage par bouton-poussoir. Pr\u00e9r\u00e9glage en usine entre 1 et 255 minutes ; d\u00e9lai de 60 minutes pour le profil 0001. <\/td>\n<\/tr>\n<tr>\n<td class=\"text-base font-semibold font-gray\">Indication d'enregistrement<\/td>\n<td class=\"text-base font-gray-300\">OK \u2714 = La temp\u00e9rature est rest\u00e9e dans les limites de l'alarme\nReject X = Un \u00e9v\u00e9nement d'alarme a \u00e9t\u00e9 g\u00e9n\u00e9r\u00e9<\/td>\n<\/tr>\n<tr>\n<td class=\"text-base font-semibold font-gray\">\u00c9v\u00e9nements d'alarme<\/td>\n<td class=\"text-base font-gray-300\">Quatre alarmes pr\u00e9r\u00e9gl\u00e9es en usine, deux de surchauffe et deux de souschauffe.\nChaque alarme peut \u00eatre un rejet instantan\u00e9 ou un rejet cumulatif. Il peut \u00e9galement \u00eatre d\u00e9sactiv\u00e9 <\/td>\n<\/tr>\n<tr>\n<td class=\"text-base font-semibold font-gray\">Environnement<\/td>\n<td class=\"text-base font-gray-300\">IP64<\/td>\n<\/tr>\n<tr>\n<td class=\"text-base font-semibold font-gray\">Source d'alimentation<\/td>\n<td class=\"text-base font-gray-300\">Pile CR2032 3V LiMnO2 (fixe)<\/td>\n<\/tr>\n<tr>\n<td class=\"text-base font-semibold font-gray\">Dur\u00e9e de vie de la batterie<\/td>\n<td class=\"text-base font-gray-300\">Dur\u00e9e de stockage maximale de 5 ans avant le d\u00e9marrage\nP\u00e9riode de surveillance : 45 jours\nP\u00e9riode maximale d'accessibilit\u00e9 (affichage) de 6 mois apr\u00e8s l'arr\u00eat de l'appareil<\/td>\n<\/tr>\n<tr>\n<td class=\"text-base font-semibold font-gray\">Horloge temps r\u00e9el<\/td>\n<td class=\"text-base font-gray-300\">Horloge temps r\u00e9el int\u00e9gr\u00e9e\nPr\u00e9cision nominale \u00b125ppm @ 25 \u00b0C (\u00e9quivalent \u00e0 2,5 secondes\/jour)\nLe coefficient de temp\u00e9rature nominal est de -0,034 \u00b10,006ppm\/\u00b0C (c'est-\u00e0-dire typiquement +\/- 0,00294 seconde\/jour\/\u00b0C)<\/td>\n<\/tr>\n<tr>\n<td class=\"text-base font-semibold font-gray\">Taille<\/td>\n<td class=\"text-base font-gray-300\">71,5mm(L) x 33,0mm(H) x 8,6mm(T)<\/td>\n<\/tr>\n<tr>\n<td class=\"text-base font-semibold font-gray\">Poids<\/td>\n<td class=\"text-base font-gray-300\">23g<\/td>\n<\/tr>\n<tr>\n<td class=\"text-base font-semibold font-gray\">Mat\u00e9riau du bo\u00eetier<\/td>\n<td class=\"text-base font-gray-300\">Polycarbonate<\/td>\n<\/tr>\n<\/tbody>\n<\/table>"],"resources":["<ul class=\"resources-list\">\n \t<li><img src=\"https:\/\/praxas.com\/wp-content\/uploads\/document-icon.png\" alt=\"Ic\u00f4ne de document\"><a href=\"https:\/\/praxas.com\/wp-content\/uploads\/LogTag_TICT_Brochure_F.pdf\">Brochure LogTag TICT<\/a><\/li>\n \t<li><img src=\"https:\/\/praxas.com\/wp-content\/uploads\/document-icon.png\" alt=\"Ic\u00f4ne de document\"><a href=\"https:\/\/praxas.com\/wp-content\/uploads\/TICT_Product_User_Guide.pdf\">LogTag TICT Guide de l'utilisateur<\/a><\/li>\n<\/ul>"],"_uag_page_assets":["a:9:{s:3:\"css\";s:0:\"\";s:2:\"js\";s:0:\"\";s:18:\"current_block_list\";a:0:{}s:8:\"uag_flag\";b:0;s:11:\"uag_version\";s:10:\"1775212209\";s:6:\"gfonts\";a:0:{}s:10:\"gfonts_url\";s:0:\"\";s:12:\"gfonts_files\";a:0:{}s:14:\"uag_faq_layout\";b:0;}"],"_max_variation_price":[""],"_max_variation_regular_price":[""],"_max_variation_sale_price":[""],"_min_variation_price":[""],"_min_variation_regular_price":[""],"_min_variation_sale_price":[""],"_sale_price":[""],"_wc_pb_base_regular_price":[""],"_wc_pb_base_sale_price":[""],"_wc_pb_base_price":[""],"_wc_sw_max_price":[""],"_wc_sw_max_regular_price":[""],"_wc_rating_count":[""],"_wc_review_count":[""],"_wc_average_rating":[0]},"uagb_featured_image_src":{"full":["https:\/\/praxas.com\/wp-content\/uploads\/TICT.jpg",1200,680,false],"thumbnail":["https:\/\/praxas.com\/wp-content\/uploads\/TICT-150x150.jpg",150,150,true],"medium":["https:\/\/praxas.com\/wp-content\/uploads\/TICT-300x170.jpg",300,170,true],"medium_large":["https:\/\/praxas.com\/wp-content\/uploads\/TICT-768x435.jpg",768,435,true],"large":["https:\/\/praxas.com\/wp-content\/uploads\/TICT-1024x580.jpg",1024,580,true],"1536x1536":["https:\/\/praxas.com\/wp-content\/uploads\/TICT.jpg",1200,680,false],"2048x2048":["https:\/\/praxas.com\/wp-content\/uploads\/TICT.jpg",1200,680,false],"crunchify-admin-post-featured-image":["https:\/\/praxas.com\/wp-content\/uploads\/TICT-120x68.jpg",120,68,true],"commercegurus-pdp-large":["https:\/\/praxas.com\/wp-content\/uploads\/TICT-990x561.jpg",990,561,true],"commercegurus-plp-mobile":["https:\/\/praxas.com\/wp-content\/uploads\/TICT-441x250.jpg",441,250,true],"cgkit_image_swatch":["https:\/\/praxas.com\/wp-content\/uploads\/TICT-100x100.jpg",100,100,true],"woocommerce_thumbnail":["https:\/\/praxas.com\/wp-content\/uploads\/TICT-350x198.jpg",350,198,true],"woocommerce_single":["https:\/\/praxas.com\/wp-content\/uploads\/TICT-800x453.jpg",800,453,true],"woocommerce_gallery_thumbnail":["https:\/\/praxas.com\/wp-content\/uploads\/TICT-150x85.jpg",150,85,true]},"uagb_author_info":{"display_name":"Alex James","author_link":"https:\/\/praxas.com\/fr\/author\/"},"uagb_comment_info":0,"uagb_excerpt":"Dur\u00e9e de la surveillance de la temp\u00e9rature : jusqu'\u00e0 45 jours Deux seuils d'alarme haut et deux seuils d'alarme bas Affichage \u00ab Tick \u00bb\/\u00ab Cross \u00bb pour un \u00e9tat clair Enregistrement quotidien des temp\u00e9ratures min\/max Conception jetable, \u00e0 usage unique Profils de surveillance pr\u00e9d\u00e9finis ou personnalis\u00e9s disponibles","_links":{"self":[{"href":"https:\/\/praxas.com\/fr\/wp-json\/wp\/v2\/product\/49595","targetHints":{"allow":["GET"]}}],"collection":[{"href":"https:\/\/praxas.com\/fr\/wp-json\/wp\/v2\/product"}],"about":[{"href":"https:\/\/praxas.com\/fr\/wp-json\/wp\/v2\/types\/product"}],"wp:featuredmedia":[{"embeddable":true,"href":"https:\/\/praxas.com\/fr\/wp-json\/wp\/v2\/media\/49581"}],"wp:attachment":[{"href":"https:\/\/praxas.com\/fr\/wp-json\/wp\/v2\/media?parent=49595"}],"wp:term":[{"taxonomy":"product_brand","embeddable":true,"href":"https:\/\/praxas.com\/fr\/wp-json\/wp\/v2\/product_brand?post=49595"},{"taxonomy":"product_cat","embeddable":true,"href":"https:\/\/praxas.com\/fr\/wp-json\/wp\/v2\/product_cat?post=49595"},{"taxonomy":"product_tag","embeddable":true,"href":"https:\/\/praxas.com\/fr\/wp-json\/wp\/v2\/product_tag?post=49595"}],"curies":[{"name":"wp","href":"https:\/\/api.w.org\/{rel}","templated":true}]}}