{"id":49696,"date":"2025-06-18T16:21:11","date_gmt":"2025-06-18T14:21:11","guid":{"rendered":"https:\/\/praxas.com\/product\/non%20class\u00e9\/tred30-16u-enregistreur-de-temperature\/"},"modified":"2025-10-09T10:23:41","modified_gmt":"2025-10-09T08:23:41","slug":"tred30-16u-enregistreur-de-temperature","status":"publish","type":"product","link":"https:\/\/praxas.com\/fr\/product\/data-loggers-fr\/enregistreurs-de-donnees-de-temperature\/tred30-16u-enregistreur-de-temperature\/","title":{"rendered":"TRED30-16U Enregistreur de temp\u00e9rature"},"content":{"rendered":"<p data-start=\"217\" data-end=\"289\"><strong data-start=\"221\" data-end=\"289\">LogTag TRED30-16U &#8211; Enregistreur de temp\u00e9rature \u00e0 sonde externe avec USB-C<\/strong><\/p>\n<p data-start=\"291\" data-end=\"559\">Le LogTag TRED30-16U est un enregistreur de donn\u00e9es de temp\u00e9rature mis \u00e0 niveau, dot\u00e9 d&rsquo;une connexion USB-C pour le t\u00e9l\u00e9chargement direct des donn\u00e9es &#8211; aucun berceau d&rsquo;interface n&rsquo;est n\u00e9cessaire. Il enregistre plus de 17 500 relev\u00e9s et fournit jusqu \u00ab \u00e0 60 jours de donn\u00e9es r\u00e9capitulatives \u00e0 l \u00bb \u00e9cran via un \u00e9cran LCD clair et facile \u00e0 lire. <\/p>\n<p data-start=\"561\" data-end=\"805\">Compatible avec les sondes externes Smart et standard, le TRED30-16U permet une surveillance \u00e9tendue de la temp\u00e9rature de -40 \u00b0C \u00e0 +99 \u00b0C. Des alarmes visuelles et sonores signalent les d\u00e9passements de temp\u00e9rature, tandis qu&rsquo;un symbole \u2713 ou \u2717 indique l \u00ab \u00e9tat actuel en un coup d \u00bb \u0153il. <\/p>\n<p data-start=\"807\" data-end=\"924\">Id\u00e9al pour le transport, le stockage ou toute autre application n\u00e9cessitant une surveillance \u00e0 long terme et de haute pr\u00e9cision avec un acc\u00e8s rapide aux donn\u00e9es.<\/p>\n<p data-start=\"926\" data-end=\"943\"><strong data-start=\"926\" data-end=\"943\">Caract\u00e9ristiques principales :<\/strong><\/p>\n<ul data-start=\"945\" data-end=\"1263\">\n<li data-start=\"945\" data-end=\"979\">\n<p data-start=\"947\" data-end=\"979\">Mesures de -40 \u00b0C \u00e0 +99 \u00b0C<\/p>\n<\/li>\n<li data-start=\"980\" data-end=\"1011\">\n<p data-start=\"982\" data-end=\"1011\">Stocke plus de 17 500 lectures<\/p>\n<\/li>\n<li data-start=\"1012\" data-end=\"1055\">\n<p data-start=\"1014\" data-end=\"1055\">Un grand \u00e9cran LCD affiche 60 jours de donn\u00e9es r\u00e9capitulatives<\/p>\n<\/li>\n<li data-start=\"1056\" data-end=\"1091\">\n<p data-start=\"1058\" data-end=\"1091\">Port USB-C pour un acc\u00e8s rapide aux donn\u00e9es<\/p>\n<\/li>\n<li data-start=\"1092\" data-end=\"1137\">\n<p data-start=\"1094\" data-end=\"1137\">Compatible avec les sondes Smart et standard<\/p>\n<\/li>\n<li data-start=\"1138\" data-end=\"1176\">\n<p data-start=\"1140\" data-end=\"1176\">Alarmes sonores et visuelles int\u00e9gr\u00e9es<\/p>\n<\/li>\n<li data-start=\"1177\" data-end=\"1215\">\n<p data-start=\"1179\" data-end=\"1215\">Pile bouton rempla\u00e7able par l&rsquo;utilisateur<\/p>\n<\/li>\n<li data-start=\"1216\" data-end=\"1263\">\n<p data-start=\"1218\" data-end=\"1263\">Fonctionne \u00e9galement avec l&rsquo;interface traditionnelle \u00e0 3 broches<\/p>\n<\/li>\n<\/ul>\n","protected":false},"excerpt":{"rendered":"<ul>\n<li data-start=\"1297\" data-end=\"1336\">De -40 \u00b0C \u00e0 +99 \u00b0C<\/li>\n<li data-start=\"1337\" data-end=\"1379\">Enregistre plus de 17 500 relev\u00e9s sur plus de 60 jours<\/li>\n<li data-start=\"1380\" data-end=\"1412\">Connectivit\u00e9 USB-C et 3 broches<\/li>\n<li data-start=\"1413\" data-end=\"1458\">\u00c9cran LCD avec \u00e9tat visuel et r\u00e9sum\u00e9 sur 60 jours<\/li>\n<li data-start=\"1459\" data-end=\"1496\">Alarme sonore + affichage de l&rsquo;alerte \u2713\/\u2717.<\/li>\n<\/ul>\n","protected":false},"featured_media":49646,"template":"","meta":{"_acf_changed":false,"content-type":"","_uag_custom_page_level_css":""},"product_brand":[],"product_cat":[1238,1282],"product_tag":[2516,2260],"class_list":{"0":"post-49696","1":"product","2":"type-product","3":"status-publish","4":"has-post-thumbnail","6":"product_cat-enregistreurs-de-donnees-de-temperature","7":"product_cat-data-loggers-fr","8":"product_tag-logtag-fr","9":"product_tag-temperature-fr","11":"first","12":"instock","13":"taxable","14":"shipping-taxable","15":"purchasable","16":"product-type-variable"},"bundled_by":[],"bundle_stock_status":"instock","bundle_stock_quantity":null,"bundle_virtual":false,"bundle_layout":"","bundle_add_to_cart_form_location":"","bundle_editable_in_cart":false,"bundle_sold_individually_context":"","bundle_item_grouping":"","bundle_min_size":"","bundle_max_size":"","bundle_price":[],"bundled_items":[],"bundle_sell_ids":[],"acf":[],"spectra_custom_meta":{"hubwoo_ecomm_pro_id":["25021385055"],"_wcml_average_rating":[null],"_wcml_review_count":[null],"_wcml_rating_count":[null],"_backorders":["no"],"_download_limit":["-1"],"_download_expiry":["-1"],"_downloadable":["no"],"_manage_stock":["no"],"_sku":["TRED30-16U"],"_stock_status":["instock"],"_sold_individually":["no"],"_tax_class":[""],"_tax_status":["taxable"],"_virtual":["no"],"total_sales":["2"],"_price":["79.80","107.80","112.70","113.40","114.80","116.20","117.60"],"product_datasheet":[""],"_product_datasheet":["field_650ad7d6ea3a0"],"connectivity":["USB"],"_connectivity":["field_64dce263bb57c"],"brand":["LogTag"],"_brand":["field_64ddf62ed2593"],"brand_image":[""],"_brand_image":["field_650c5e7c84cae"],"_specifications_table":["field_65044e1db92a8"],"_display_data_alarm":["field_667d647bcb066"],"_resources":["field_650849c6945ee"],"_calibration":["field_66a0ddd599972"],"_accessories":["field_650849e6945f0"],"_faqs":["field_650859523d8d5"],"_calibration_suitable_ids_gb":["field_654b4c4acb54a"],"_calibration_suitable_ids_us":["field_654b4c56cb54b"],"_show_in_calibration_suitable":["field_654cfb691d345"],"_other_features":["field_668524f8c98a4"],"_shipping":["field_66852535c98a5"],"_refrigerant_cabinet":["field_66852557c98a6"],"_main_specifications":["field_66855b25b1245"],"_usd_price_4":["field_651570dcac479"],"_usd_price_9":["field_6515713eb4807"],"_usd_price_24":["field_65157141b4809"],"_usd_price_49":["field_65157140b4808"],"_usd_price_99":["field_6515715bb480a"],"_gbp_price_4":["field_6515716e83bfa"],"_gbp_price_9":["field_6515724783bfb"],"_gbp_price_24":["field_6515724b83bfc"],"_gbp_price_49":["field_6515725983bfd"],"_gbp_price_99":["field_6515725d83bfe"],"_usdhk_price_4":["field_6515726f83bff"],"_usdhk_price_9":["field_6515727c83c00"],"_usdhk_price_24":["field_6515728083c01"],"_usdhk_price_49":["field_6515728983c02"],"_usdhk_price_99":["field_6515728e83c03"],"stock_options":["In stock"],"_stock_options":["field_6544b605dc7f9"],"min_temp":["-40"],"max_temp":["99"],"_min_temp":["field_67ea5eb4e0a77"],"_max_temp":["field_67ea5f81e0a79"],"_top_nav_excluded":[""],"_cms_nav_minihome":[""],"wcml_sync_hash":["a:1:{s:15:\"postmeta_fields\";s:32:\"290725e2088e35a413c96412eaedb67d\";}"],"attr_label_translations":["a:0:{}"],"_product_attributes":["a:2:{s:16:\"pa_product-brand\";a:6:{s:4:\"name\";s:16:\"pa_product-brand\";s:5:\"value\";s:0:\"\";s:8:\"position\";i:0;s:10:\"is_visible\";i:1;s:12:\"is_variation\";i:0;s:11:\"is_taxonomy\";i:1;}s:22:\"pa_logtag-probe-choice\";a:6:{s:4:\"name\";s:22:\"pa_logtag-probe-choice\";s:5:\"value\";s:0:\"\";s:8:\"position\";i:1;s:10:\"is_visible\";i:1;s:12:\"is_variation\";i:1;s:11:\"is_taxonomy\";i:1;}}"],"_thumbnail_id":["49646"],"_product_image_gallery":["49670,49664,49658,49652,49676"],"_crosssell_ids":["a:0:{}"],"_wpml_word_count":["252"],"rank_math_primary_product_cat":["87"],"_last_translation_edit_mode":["translation-editor"],"_global_unique_id":["850040258486"],"rank_math_focus_keyword":["TRED30-16U"],"specifications_table":["<table class=\"w-full\">\n<tbody>\n<tr>\n<td class=\"text-base font-semibold font-gray\">Capteur externe Plage de mesure<\/td>\n<td class=\"text-base font-gray-300\">De -40 \u00b0C \u00e0 +99 \u00b0C (de -40 \u00b0F \u00e0 +210 \u00b0F)<\/td>\n<\/tr>\n<tr>\n<td class=\"text-base font-semibold font-gray\">Plage de temp\u00e9rature de fonctionnement<\/td>\n<td class=\"text-base font-gray-300\">De -30\u00b0C \u00e0 +60\u00b0C (de -22\u00b0F \u00e0 +140\u00b0F)<\/td>\n<\/tr>\n<tr>\n<td class=\"text-base font-semibold font-gray\">Plage de temp\u00e9rature de stockage<\/td>\n<td class=\"text-base font-gray-300\">De -10\u00b0C \u00e0 +40\u00b0C (14\u00b0F \u00e0 +104\u00b0F)<\/td>\n<\/tr>\n<tr>\n<td class=\"text-base font-semibold font-gray\">Pr\u00e9cision de la lecture de la temp\u00e9rature nominale<\/td>\n<td class=\"text-base font-gray-300\">Mieux que \u00b10,5\u00b0C (\u00b10,9\u00b0F) pour -20\u00b0C \u00e0 +40\u00b0C (-4\u00b0F \u00e0 +104\u00b0F), typiquement \u00b10,3\u00b0C (0,6\u00b0F).\nMieux que \u00b10,8\u00b0C (\u00b11.4\u00b0F) pour -40\u00b0C \u00e0 -20\u00b0C (-40\u00b0F \u00e0 -4\u00b0F), typiquement \u00b10,5\u00b0C (0,9\u00b0F).\nMieux que \u00b10,8\u00b0C (\u00b11,4\u00b0F) pour +40\u00b0C \u00e0 +70\u00b0C (+104\u00b0F \u00e0 +158\u00b0F), typiquement \u00b10.7\u00b0C (1,3\u00b0F).\nMieux que \u00b11,2\u00b0C (\u00b12,2\u00b0F) pour +70\u00b0C \u00e0 +99\u00b0C (+158\u00b0F \u00e0 +210\u00b0F), typiquement \u00b11\u00b0C (1,8\u00b0F).\nLes performances r\u00e9elles sont g\u00e9n\u00e9ralement bien meilleures que les valeurs nominales.\nLes chiffres de pr\u00e9cision peuvent \u00eatre am\u00e9lior\u00e9s par un recalibrage.<\/td>\n<\/tr>\n<tr>\n<td class=\"text-base font-semibold font-gray\">Temp\u00e9rature nominale R\u00e9solution de la lecture<\/td>\n<td class=\"text-base font-gray-300\">0,1\u00b0C (0,2\u00b0F) pour les mesures de -40\u00b0C \u00e0 +50\u00b0C (-40\u00b0F \u00e0 +122\u00b0F).\n0,2\u00b0C (0,4\u00b0F) pour les mesures de +50\u00b0C \u00e0 +70\u00b0C (+122\u00b0F \u00e0 +158\u00b0F).\n0,3\u00b0C (0,5\u00b0F) pour les mesures de +70\u00b0C \u00e0 +80\u00b0C (+158\u00b0F \u00e0 +176\u00b0F).\n0,4\u00b0C-0,6\u00b0C (0,7\u00b0F \u00e0 1\u00b0F) pour les mesures de +80\u00b0C \u00e0 +99\u00b0C (+176\u00b0F \u00e0 +210\u00b0F).\nLogTag Analyzer\u00ae affiche actuellement \u00e0 une d\u00e9cimale de \u00b0C ou \u00b0F. La r\u00e9solution native est celle qui est stock\u00e9e dans le LogTag\u00ae. <\/td>\n<\/tr>\n<tr>\n<td class=\"text-base font-semibold font-gray\">Temps de r\u00e9action du capteur<\/td>\n<td class=\"text-base font-gray-300\">G\u00e9n\u00e9ralement inf\u00e9rieur \u00e0 2 minutes (T90) dans l'air en mouvement (1m\/s) pour les types ST100T, ST100H et ST100S.<\/td>\n<\/tr>\n<tr>\n<td class=\"text-base font-semibold font-gray\">Capacit\u00e9 d'enregistrement<\/td>\n<td class=\"text-base font-gray-300\">17 526 relev\u00e9s de temp\u00e9rature. 60 jours \u00e0 5 minutes d'enregistrement.\nM\u00e9moire de statistiques sommaires journali\u00e8res (pour affichage sur l \u00ab \u00e9cran LCD) : jusqu \u00bb \u00e0 30 jours de statistiques Max\/Min\/Dur\u00e9e et de d\u00e9clenchement d'alarmes. <\/td>\n<\/tr>\n<tr>\n<td class=\"text-base font-semibold font-gray\">Intervalle d'\u00e9chantillonnage<\/td>\n<td class=\"text-base font-gray-300\">Configurable de 30 secondes \u00e0 une heure<\/td>\n<\/tr>\n<tr>\n<td class=\"text-base font-semibold font-gray\">Options de d\u00e9marrage de l'enregistrement<\/td>\n<td class=\"text-base font-gray-300\">D\u00e9marrage par bouton-poussoir ou par date et heure sp\u00e9cifiques. D\u00e9lai de d\u00e9marrage optionnel pouvant aller jusqu'\u00e0 18 heures <\/td>\n<\/tr>\n<tr>\n<td class=\"text-base font-semibold font-gray\">Indication d'enregistrement<\/td>\n<td class=\"text-base font-gray-300\">Indicateur d'\u00e9tat \"ENREGISTREMENT\"<\/td>\n<\/tr>\n<tr>\n<td class=\"text-base font-semibold font-gray\">Temps de t\u00e9l\u00e9chargement<\/td>\n<td class=\"text-base font-gray-300\">G\u00e9n\u00e9ralement moins de 10 secondes pour une m\u00e9moire compl\u00e8te (17 526 relev\u00e9s) en utilisant la connexion USB, en fonction de l'ordinateur.<\/td>\n<\/tr>\n<tr>\n<td class=\"text-base font-semibold font-gray\">Environnement<\/td>\n<td class=\"text-base font-gray-300\">IP61 (en cas de montage vertical ou de suspension)<\/td>\n<\/tr>\n<tr>\n<td class=\"text-base font-semibold font-gray\">Source d'alimentation<\/td>\n<td class=\"text-base font-gray-300\">Pile de 3V CR2032 LiMnO2, rempla\u00e7able par l'utilisateur<\/td>\n<\/tr>\n<tr>\n<td class=\"text-base font-semibold font-gray\">Autonomie de la batterie<\/td>\n<td class=\"text-base font-gray-300\">1 an de stockage, suivi d'un an de fonctionnement dans des conditions normales (enregistrement de 6 minutes, examen des statistiques sur l'\u00e9cran au maximum une fois par jour pendant 30 secondes \u00e0 chaque fois, t\u00e9l\u00e9chargement des donn\u00e9es une fois par mois)\nREMARQUE : l'activation continue de l'alarme sonore r\u00e9duira la dur\u00e9e de vie de la batterie. Lorsqu'une alarme est d\u00e9clench\u00e9e, il convient de l'effacer et de la r\u00e9initialiser d\u00e8s que possible. <\/td>\n<\/tr>\n<tr>\n<td class=\"text-base font-semibold font-gray\">Horloge temps r\u00e9el<\/td>\n<td class=\"text-base font-gray-300\">Horloge temps r\u00e9el int\u00e9gr\u00e9e\nPr\u00e9cision nominale \u00b125ppm @ 25\u00b0C (\u00e9quivalent \u00e0 2,5 secondes\/jour)\nLe coefficient de temp\u00e9rature nominal est de -0,034 \u00b10,006ppm\/\u00b0C (c'est-\u00e0-dire typiquement +\/- 0,00294 seconde\/jour\/\u00b0C).<\/td>\n<\/tr>\n<tr>\n<td class=\"text-base font-semibold font-gray\">Longueur du c\u00e2ble du capteur \u00e0 distance standard<\/td>\n<td class=\"text-base font-gray-300\">Standard : 1.5m (4'11\u2033)\nExtended : 3m (9'10\u2033) (Maximum recommand\u00e9)<\/td>\n<\/tr>\n<tr>\n<td class=\"text-base font-semibold font-gray\">Type de c\u00e2ble du capteur \u00e0 distance<\/td>\n<td class=\"text-base font-gray-300\">PTFE (homologu\u00e9 pour le contact alimentaire par la FDA), coaxial<\/td>\n<\/tr>\n<tr>\n<td class=\"text-base font-semibold font-gray\">Taille<\/td>\n<td class=\"text-base font-gray-300\">93mm(H) x 54.5mm(L) x 8.6mm(T)<\/td>\n<\/tr>\n<tr>\n<td class=\"text-base font-semibold font-gray\">Poids<\/td>\n<td class=\"text-base font-gray-300\">41g<\/td>\n<\/tr>\n<tr>\n<td class=\"text-base font-semibold font-gray\">Mat\u00e9riau du bo\u00eetier<\/td>\n<td class=\"text-base font-gray-300\">Polycarbonate<\/td>\n<\/tr>\n<\/tbody>\n<\/table>"],"resources":["<ul class=\"resources-list\">\n \t<li><img src=\"https:\/\/praxas.com\/wp-content\/uploads\/document-icon.png\" alt=\"Ic\u00f4ne de document\"><a href=\"https:\/\/praxas.com\/wp-content\/uploads\/LogTag_TRED30-16U_Brochure.pdf\">LogTag TRED30-16U Brochure<\/a><\/li>\n \t<li><img src=\"https:\/\/praxas.com\/wp-content\/uploads\/document-icon.png\" alt=\"Ic\u00f4ne de document\"><a href=\"https:\/\/praxas.com\/wp-content\/uploads\/TRED30-16U-QuickStartGuide-1.pdf\">LogTag TRED30-16U Guide de l'utilisateur<\/a><\/li>\n<\/ul>"],"accessories":["[products skus=\"LTI-HID,WMB-1,Buffer Bottle\"]"],"_uag_page_assets":["a:9:{s:3:\"css\";s:0:\"\";s:2:\"js\";s:0:\"\";s:18:\"current_block_list\";a:0:{}s:8:\"uag_flag\";b:0;s:11:\"uag_version\";s:10:\"1777052440\";s:6:\"gfonts\";a:0:{}s:10:\"gfonts_url\";s:0:\"\";s:12:\"gfonts_files\";a:0:{}s:14:\"uag_faq_layout\";b:0;}"],"rank_math_internal_links_processed":["1"],"_max_variation_price":[""],"_max_variation_regular_price":[""],"_max_variation_sale_price":[""],"_min_variation_price":[""],"_min_variation_regular_price":[""],"_min_variation_sale_price":[""],"_regular_price":[""],"_sale_price":[""],"_wc_pb_base_regular_price":[""],"_wc_pb_base_sale_price":[""],"_wc_pb_base_price":[""],"_wc_sw_max_price":[""],"_wc_sw_max_regular_price":[""],"_wc_rating_count":[""],"_wc_review_count":[""],"_wc_average_rating":[0]},"uagb_featured_image_src":{"full":["https:\/\/praxas.com\/wp-content\/uploads\/TRED30-16U_face-on.jpg",1200,680,false],"thumbnail":["https:\/\/praxas.com\/wp-content\/uploads\/TRED30-16U_face-on-150x150.jpg",150,150,true],"medium":["https:\/\/praxas.com\/wp-content\/uploads\/TRED30-16U_face-on-300x170.jpg",300,170,true],"medium_large":["https:\/\/praxas.com\/wp-content\/uploads\/TRED30-16U_face-on-768x435.jpg",768,435,true],"large":["https:\/\/praxas.com\/wp-content\/uploads\/TRED30-16U_face-on-1024x580.jpg",1024,580,true],"1536x1536":["https:\/\/praxas.com\/wp-content\/uploads\/TRED30-16U_face-on.jpg",1200,680,false],"2048x2048":["https:\/\/praxas.com\/wp-content\/uploads\/TRED30-16U_face-on.jpg",1200,680,false],"crunchify-admin-post-featured-image":["https:\/\/praxas.com\/wp-content\/uploads\/TRED30-16U_face-on-120x68.jpg",120,68,true],"commercegurus-pdp-large":["https:\/\/praxas.com\/wp-content\/uploads\/TRED30-16U_face-on-990x561.jpg",990,561,true],"commercegurus-plp-mobile":["https:\/\/praxas.com\/wp-content\/uploads\/TRED30-16U_face-on-441x250.jpg",441,250,true],"cgkit_image_swatch":["https:\/\/praxas.com\/wp-content\/uploads\/TRED30-16U_face-on-100x100.jpg",100,100,true],"woocommerce_thumbnail":["https:\/\/praxas.com\/wp-content\/uploads\/TRED30-16U_face-on-350x198.jpg",350,198,true],"woocommerce_single":["https:\/\/praxas.com\/wp-content\/uploads\/TRED30-16U_face-on-800x453.jpg",800,453,true],"woocommerce_gallery_thumbnail":["https:\/\/praxas.com\/wp-content\/uploads\/TRED30-16U_face-on-150x85.jpg",150,85,true]},"uagb_author_info":{"display_name":"Alex James","author_link":"https:\/\/praxas.com\/fr\/author\/"},"uagb_comment_info":0,"uagb_excerpt":"De -40 \u00b0C \u00e0 +99 \u00b0C Enregistre plus de 17 500 relev\u00e9s sur plus de 60 jours Connectivit\u00e9 USB-C et 3 broches \u00c9cran LCD avec \u00e9tat visuel et r\u00e9sum\u00e9 sur 60 jours Alarme sonore + affichage de l'alerte \u2713\/\u2717.","_links":{"self":[{"href":"https:\/\/praxas.com\/fr\/wp-json\/wp\/v2\/product\/49696","targetHints":{"allow":["GET"]}}],"collection":[{"href":"https:\/\/praxas.com\/fr\/wp-json\/wp\/v2\/product"}],"about":[{"href":"https:\/\/praxas.com\/fr\/wp-json\/wp\/v2\/types\/product"}],"wp:featuredmedia":[{"embeddable":true,"href":"https:\/\/praxas.com\/fr\/wp-json\/wp\/v2\/media\/49646"}],"wp:attachment":[{"href":"https:\/\/praxas.com\/fr\/wp-json\/wp\/v2\/media?parent=49696"}],"wp:term":[{"taxonomy":"product_brand","embeddable":true,"href":"https:\/\/praxas.com\/fr\/wp-json\/wp\/v2\/product_brand?post=49696"},{"taxonomy":"product_cat","embeddable":true,"href":"https:\/\/praxas.com\/fr\/wp-json\/wp\/v2\/product_cat?post=49696"},{"taxonomy":"product_tag","embeddable":true,"href":"https:\/\/praxas.com\/fr\/wp-json\/wp\/v2\/product_tag?post=49696"}],"curies":[{"name":"wp","href":"https:\/\/api.w.org\/{rel}","templated":true}]}}