{"id":50174,"date":"2025-06-20T15:11:38","date_gmt":"2025-06-20T13:11:38","guid":{"rendered":"https:\/\/praxas.com\/product\/non%20class\u00e9\/utrel-16f-enregistreur-de-basse-temperature\/"},"modified":"2025-10-09T10:21:56","modified_gmt":"2025-10-09T08:21:56","slug":"utrel-16f-enregistreur-de-basse-temperature","status":"publish","type":"product","link":"https:\/\/praxas.com\/fr\/product\/data-loggers-fr\/enregistreurs-de-donnees-de-temperature\/utrel-16f-enregistreur-de-basse-temperature\/","title":{"rendered":"UTREL-16F Enregistreur de basse temp\u00e9rature"},"content":{"rendered":"<p data-start=\"195\" data-end=\"272\"><strong data-start=\"199\" data-end=\"272\">LogTag UTREL-16F &#8211; Enregistreur de donn\u00e9es \u00e0 sonde externe PDF LCD basse temp\u00e9rature<\/strong><\/p>\n<p data-start=\"274\" data-end=\"449\">Le LogTag UTREL-16F est un enregistreur de donn\u00e9es de temp\u00e9rature multi-usages con\u00e7u pour surveiller les temp\u00e9ratures ultra-basses de -90\u00b0C \u00e0 +40\u00b0C lorsqu&rsquo;il est utilis\u00e9 avec une sonde externe ST10 compatible.<\/p>\n<p data-start=\"451\" data-end=\"629\">Son \u00e9cran LCD clair affiche les relev\u00e9s de temp\u00e9rature en direct, l&rsquo;\u00e9tat de l&rsquo;enregistrement et les notifications d&rsquo;alarme pour un maximum de six limites configurables par l&rsquo;utilisateur, y compris la dur\u00e9e de tout \u00e9cart.<\/p>\n<p data-start=\"631\" data-end=\"859\">La prise USB int\u00e9gr\u00e9e permet de g\u00e9n\u00e9rer automatiquement un rapport PDF d\u00e9taill\u00e9 lorsque l&rsquo;appareil est connect\u00e9 \u00e0 un ordinateur, sans qu&rsquo;aucun socle ou logiciel suppl\u00e9mentaire ne soit n\u00e9cessaire. Pour une analyse plus pouss\u00e9e, les donn\u00e9es peuvent \u00e9galement \u00eatre examin\u00e9es \u00e0 l&rsquo;aide du logiciel LogTag Analyzer. <\/p>\n<p data-start=\"861\" data-end=\"878\"><strong data-start=\"861\" data-end=\"878\">Caract\u00e9ristiques principales :<\/strong><\/p>\n<ul data-start=\"880\" data-end=\"1229\">\n<li data-start=\"880\" data-end=\"935\">\n<p data-start=\"882\" data-end=\"935\">Plage de temp\u00e9rature : -90\u00b0C \u00e0 +40\u00b0C (en fonction de la sonde)<\/p>\n<\/li>\n<li data-start=\"936\" data-end=\"998\">\n<p data-start=\"938\" data-end=\"998\">\u00c9cran LCD avec indicateurs de temp\u00e9rature, d&rsquo;\u00e9tat et d&rsquo;alarme<\/p>\n<\/li>\n<li data-start=\"999\" data-end=\"1036\">\n<p data-start=\"1001\" data-end=\"1036\">Contr\u00f4le jusqu&rsquo;\u00e0 6 seuils d&rsquo;alarme<\/p>\n<\/li>\n<li data-start=\"1037\" data-end=\"1080\">\n<p data-start=\"1039\" data-end=\"1080\">G\u00e9n\u00e8re un rapport PDF via le port USB int\u00e9gr\u00e9<\/p>\n<\/li>\n<li data-start=\"1081\" data-end=\"1137\">\n<p data-start=\"1083\" data-end=\"1137\">Compatible avec l&rsquo;analyseur LogTag pour un acc\u00e8s complet aux donn\u00e9es<\/p>\n<\/li>\n<li data-start=\"1138\" data-end=\"1183\">\n<p data-start=\"1140\" data-end=\"1183\">Format multi-usage avec une dur\u00e9e de vie de la batterie de 2 ans<\/p>\n<\/li>\n<li data-start=\"1184\" data-end=\"1229\">\n<p data-start=\"1186\" data-end=\"1229\">N\u00e9cessite une sonde externe ST10<\/p>\n<\/li>\n<\/ul>\n","protected":false},"excerpt":{"rendered":"<ul>\n<li data-start=\"1263\" data-end=\"1295\">De -90\u00b0C \u00e0 +40\u00b0C<\/li>\n<li data-start=\"1296\" data-end=\"1338\">LCD avec alarme et affichage de la temp\u00e9rature<\/li>\n<li data-start=\"1339\" data-end=\"1366\">Rapport PDF automatique via USB<\/li>\n<li data-start=\"1367\" data-end=\"1401\">Fonctionne avec la sonde externe ST10<\/li>\n<li data-start=\"1402\" data-end=\"1443\">Dur\u00e9e de vie de la batterie de 2 ans, appareil \u00e0 usage multiple<\/li>\n<\/ul>\n","protected":false},"featured_media":50149,"template":"","meta":{"_acf_changed":false,"content-type":"","_uag_custom_page_level_css":""},"product_brand":[],"product_cat":[1238,1282],"product_tag":[2516,2260,1260],"class_list":{"0":"post-50174","1":"product","2":"type-product","3":"status-publish","4":"has-post-thumbnail","6":"product_cat-enregistreurs-de-donnees-de-temperature","7":"product_cat-data-loggers-fr","8":"product_tag-logtag-fr","9":"product_tag-temperature-fr","10":"product_tag-usb-fr","12":"first","13":"instock","14":"taxable","15":"shipping-taxable","16":"purchasable","17":"product-type-variable"},"bundled_by":[],"bundle_stock_status":"instock","bundle_stock_quantity":null,"bundle_virtual":false,"bundle_layout":"","bundle_add_to_cart_form_location":"","bundle_editable_in_cart":false,"bundle_sold_individually_context":"","bundle_item_grouping":"","bundle_min_size":"","bundle_max_size":"","bundle_price":[],"bundled_items":[],"bundle_sell_ids":[],"acf":[],"spectra_custom_meta":{"hubwoo_ecomm_pro_id":["25077900656"],"_wcml_average_rating":[null],"_wcml_review_count":[null],"_wcml_rating_count":[null],"_backorders":["no"],"_download_limit":["-1"],"_download_expiry":["-1"],"_downloadable":["no"],"_manage_stock":["no"],"_sku":["UTREL-16F"],"_stock_status":["instock"],"_sold_individually":["no"],"_tax_class":[""],"_tax_status":["taxable"],"_virtual":["no"],"total_sales":["0"],"_price":["58.10","93.10","96.60"],"product_datasheet":[""],"_product_datasheet":["field_650ad7d6ea3a0"],"connectivity":["USB"],"_connectivity":["field_64dce263bb57c"],"brand":["LogTag"],"_brand":["field_64ddf62ed2593"],"brand_image":[""],"_brand_image":["field_650c5e7c84cae"],"_specifications_table":["field_65044e1db92a8"],"_display_data_alarm":["field_667d647bcb066"],"_resources":["field_650849c6945ee"],"_calibration":["field_66a0ddd599972"],"_accessories":["field_650849e6945f0"],"_faqs":["field_650859523d8d5"],"_calibration_suitable_ids_gb":["field_654b4c4acb54a"],"_calibration_suitable_ids_us":["field_654b4c56cb54b"],"_show_in_calibration_suitable":["field_654cfb691d345"],"_other_features":["field_668524f8c98a4"],"_shipping":["field_66852535c98a5"],"_refrigerant_cabinet":["field_66852557c98a6"],"_main_specifications":["field_66855b25b1245"],"_usd_price_4":["field_651570dcac479"],"_usd_price_9":["field_6515713eb4807"],"_usd_price_24":["field_65157141b4809"],"_usd_price_49":["field_65157140b4808"],"_usd_price_99":["field_6515715bb480a"],"_gbp_price_4":["field_6515716e83bfa"],"_gbp_price_9":["field_6515724783bfb"],"_gbp_price_24":["field_6515724b83bfc"],"_gbp_price_49":["field_6515725983bfd"],"_gbp_price_99":["field_6515725d83bfe"],"_usdhk_price_4":["field_6515726f83bff"],"_usdhk_price_9":["field_6515727c83c00"],"_usdhk_price_24":["field_6515728083c01"],"_usdhk_price_49":["field_6515728983c02"],"_usdhk_price_99":["field_6515728e83c03"],"stock_options":["In stock"],"_stock_options":["field_6544b605dc7f9"],"rank_math_primary_product_cat":["87"],"min_temp":["-90"],"max_temp":["40"],"_min_temp":["field_67ea5eb4e0a77"],"_max_temp":["field_67ea5f81e0a79"],"_top_nav_excluded":[""],"_cms_nav_minihome":[""],"wcml_sync_hash":["a:1:{s:15:\"postmeta_fields\";s:32:\"41961c52bc897970f82cc138c04d4978\";}"],"attr_label_translations":["a:0:{}"],"_product_attributes":["a:2:{s:16:\"pa_product-brand\";a:6:{s:4:\"name\";s:16:\"pa_product-brand\";s:5:\"value\";s:0:\"\";s:8:\"position\";i:0;s:10:\"is_visible\";i:1;s:12:\"is_variation\";i:0;s:11:\"is_taxonomy\";i:1;}s:22:\"pa_logtag-probe-choice\";a:6:{s:4:\"name\";s:22:\"pa_logtag-probe-choice\";s:5:\"value\";s:0:\"\";s:8:\"position\";i:1;s:10:\"is_visible\";i:1;s:12:\"is_variation\";i:1;s:11:\"is_taxonomy\";i:1;}}"],"_thumbnail_id":["50149"],"_product_image_gallery":["50161,50167,50155"],"_crosssell_ids":["a:0:{}"],"_wpml_word_count":["255"],"_last_translation_edit_mode":["translation-editor"],"_global_unique_id":["850040258042"],"rank_math_focus_keyword":["UTREL-16F"],"resources":["<ul class=\"resources-list\">\n \t<li><img src=\"https:\/\/praxas.com\/wp-content\/uploads\/document-icon.png\" alt=\"Ic\u00f4ne de document\"><a href=\"https:\/\/praxas.com\/wp-content\/uploads\/LogTag_UTREL-16F_Brochure.pdf\">Brochure LogTag UTREL-16F<\/a><\/li>\n \t<li><img src=\"https:\/\/praxas.com\/wp-content\/uploads\/document-icon.png\" alt=\"Ic\u00f4ne de document\"><a href=\"https:\/\/praxas.com\/wp-content\/uploads\/UTREL-16_QuickStartGuide.pdf\">Guide de d\u00e9marrage rapide du LogTag UTREL-16F<\/a><\/li>\n \t<li><img src=\"https:\/\/praxas.com\/wp-content\/uploads\/document-icon.png\" alt=\"Ic\u00f4ne de document\"><a href=\"https:\/\/praxas.com\/wp-content\/uploads\/UTREL-16_Product_User_Guide.pdf\">Manuel LogTag UTREL-16F<\/a><\/li>\n<\/ul>"],"accessories":["[products skus=\"WMB-1,Buffer Bottle\"]"],"_uag_page_assets":["a:9:{s:3:\"css\";s:0:\"\";s:2:\"js\";s:0:\"\";s:18:\"current_block_list\";a:0:{}s:8:\"uag_flag\";b:0;s:11:\"uag_version\";s:10:\"1777052440\";s:6:\"gfonts\";a:0:{}s:10:\"gfonts_url\";s:0:\"\";s:12:\"gfonts_files\";a:0:{}s:14:\"uag_faq_layout\";b:0;}"],"rank_math_internal_links_processed":["1"],"_max_variation_price":[""],"_max_variation_regular_price":[""],"_max_variation_sale_price":[""],"_min_variation_price":[""],"_min_variation_regular_price":[""],"_min_variation_sale_price":[""],"_regular_price":[""],"_sale_price":[""],"_wc_pb_base_regular_price":[""],"_wc_pb_base_sale_price":[""],"_wc_pb_base_price":[""],"_wc_sw_max_price":[""],"_wc_sw_max_regular_price":[""],"_wc_rating_count":[""],"_wc_review_count":[""],"_wc_average_rating":[0]},"uagb_featured_image_src":{"full":["https:\/\/praxas.com\/wp-content\/uploads\/UTREL-16F_NoCap.jpg",1200,680,false],"thumbnail":["https:\/\/praxas.com\/wp-content\/uploads\/UTREL-16F_NoCap-150x150.jpg",150,150,true],"medium":["https:\/\/praxas.com\/wp-content\/uploads\/UTREL-16F_NoCap-300x170.jpg",300,170,true],"medium_large":["https:\/\/praxas.com\/wp-content\/uploads\/UTREL-16F_NoCap-768x435.jpg",768,435,true],"large":["https:\/\/praxas.com\/wp-content\/uploads\/UTREL-16F_NoCap-1024x580.jpg",1024,580,true],"1536x1536":["https:\/\/praxas.com\/wp-content\/uploads\/UTREL-16F_NoCap.jpg",1200,680,false],"2048x2048":["https:\/\/praxas.com\/wp-content\/uploads\/UTREL-16F_NoCap.jpg",1200,680,false],"crunchify-admin-post-featured-image":["https:\/\/praxas.com\/wp-content\/uploads\/UTREL-16F_NoCap-120x68.jpg",120,68,true],"commercegurus-pdp-large":["https:\/\/praxas.com\/wp-content\/uploads\/UTREL-16F_NoCap-990x561.jpg",990,561,true],"commercegurus-plp-mobile":["https:\/\/praxas.com\/wp-content\/uploads\/UTREL-16F_NoCap-441x250.jpg",441,250,true],"cgkit_image_swatch":["https:\/\/praxas.com\/wp-content\/uploads\/UTREL-16F_NoCap-100x100.jpg",100,100,true],"woocommerce_thumbnail":["https:\/\/praxas.com\/wp-content\/uploads\/UTREL-16F_NoCap-350x198.jpg",350,198,true],"woocommerce_single":["https:\/\/praxas.com\/wp-content\/uploads\/UTREL-16F_NoCap-800x453.jpg",800,453,true],"woocommerce_gallery_thumbnail":["https:\/\/praxas.com\/wp-content\/uploads\/UTREL-16F_NoCap-150x85.jpg",150,85,true]},"uagb_author_info":{"display_name":"Alex James","author_link":"https:\/\/praxas.com\/fr\/author\/"},"uagb_comment_info":0,"uagb_excerpt":"De -90\u00b0C \u00e0 +40\u00b0C LCD avec alarme et affichage de la temp\u00e9rature Rapport PDF automatique via USB Fonctionne avec la sonde externe ST10 Dur\u00e9e de vie de la batterie de 2 ans, appareil \u00e0 usage multiple","_links":{"self":[{"href":"https:\/\/praxas.com\/fr\/wp-json\/wp\/v2\/product\/50174","targetHints":{"allow":["GET"]}}],"collection":[{"href":"https:\/\/praxas.com\/fr\/wp-json\/wp\/v2\/product"}],"about":[{"href":"https:\/\/praxas.com\/fr\/wp-json\/wp\/v2\/types\/product"}],"wp:featuredmedia":[{"embeddable":true,"href":"https:\/\/praxas.com\/fr\/wp-json\/wp\/v2\/media\/50149"}],"wp:attachment":[{"href":"https:\/\/praxas.com\/fr\/wp-json\/wp\/v2\/media?parent=50174"}],"wp:term":[{"taxonomy":"product_brand","embeddable":true,"href":"https:\/\/praxas.com\/fr\/wp-json\/wp\/v2\/product_brand?post=50174"},{"taxonomy":"product_cat","embeddable":true,"href":"https:\/\/praxas.com\/fr\/wp-json\/wp\/v2\/product_cat?post=50174"},{"taxonomy":"product_tag","embeddable":true,"href":"https:\/\/praxas.com\/fr\/wp-json\/wp\/v2\/product_tag?post=50174"}],"curies":[{"name":"wp","href":"https:\/\/api.w.org\/{rel}","templated":true}]}}