{"id":50226,"date":"2025-06-23T10:41:27","date_gmt":"2025-06-23T08:41:27","guid":{"rendered":"https:\/\/praxas.com\/product\/non%20class\u00e9\/utrel30-16-enregistreur-de-basse-temperature\/"},"modified":"2025-10-09T10:22:06","modified_gmt":"2025-10-09T08:22:06","slug":"utrel30-16-enregistreur-de-basse-temperature","status":"publish","type":"product","link":"https:\/\/praxas.com\/fr\/product\/data-loggers-fr\/enregistreurs-de-donnees-de-temperature\/utrel30-16-enregistreur-de-basse-temperature\/","title":{"rendered":"UTREL30-16 Enregistreur de basse temp\u00e9rature"},"content":{"rendered":"<p data-start=\"199\" data-end=\"272\"><strong data-start=\"203\" data-end=\"272\">LogTag UTREL30-16 &#8211; Enregistreur de donn\u00e9es LCD basse temp\u00e9rature multicanaux<\/strong><\/p>\n<p data-start=\"274\" data-end=\"537\">Le LogTag UTREL30-16 est un enregistreur de donn\u00e9es de temp\u00e9rature \u00e0 deux canaux con\u00e7u pour la surveillance des temp\u00e9ratures ultra-basses. Il peut enregistrer et stocker jusqu&rsquo;\u00e0 32 000 relev\u00e9s de temp\u00e9rature, offrant ainsi une solution fiable pour la cha\u00eene du froid et les applications sensibles \u00e0 la temp\u00e9rature \u00e0 long terme. <\/p>\n<p data-start=\"539\" data-end=\"789\">Son grand \u00e9cran clair permet de visualiser d&rsquo;un coup d&rsquo;\u0153il la temp\u00e9rature actuelle, l&rsquo;\u00e9tat de l&rsquo;enregistrement et les notifications d&rsquo;alarme sur une p\u00e9riode pouvant aller jusqu&rsquo;\u00e0 30 jours. Un symbole \u2717 bien visible et une alerte sonore optionnelle vous signalent tout d\u00e9passement des seuils d&rsquo;alarme pr\u00e9d\u00e9finis. <\/p>\n<p data-start=\"791\" data-end=\"928\">Id\u00e9al pour une utilisation avec la sonde externe ST10, l&rsquo;UTREL30-16 est un choix fiable pour une surveillance pr\u00e9cise et continue des basses temp\u00e9ratures.<\/p>\n<p data-start=\"930\" data-end=\"947\"><strong data-start=\"930\" data-end=\"947\">Caract\u00e9ristiques principales :<\/strong><\/p>\n<ul data-start=\"949\" data-end=\"1257\">\n<li data-start=\"949\" data-end=\"1004\">\n<p data-start=\"951\" data-end=\"1004\">Plage de mesure : -90\u00b0C \u00e0 +40\u00b0C (en fonction de la sonde)<\/p>\n<\/li>\n<li data-start=\"1005\" data-end=\"1038\">\n<p data-start=\"1007\" data-end=\"1038\">Enregistre jusqu&rsquo;\u00e0 32 000 lectures<\/p>\n<\/li>\n<li data-start=\"1039\" data-end=\"1099\">\n<p data-start=\"1041\" data-end=\"1099\">L \u00ab \u00e9cran LCD affiche l \u00bb \u00e9tat de l&rsquo;alarme et de la temp\u00e9rature pendant 30 jours.<\/p>\n<\/li>\n<li data-start=\"1100\" data-end=\"1136\">\n<p data-start=\"1102\" data-end=\"1136\">Alarme sonore avec indicateur LED<\/p>\n<\/li>\n<li data-start=\"1137\" data-end=\"1161\">\n<p data-start=\"1139\" data-end=\"1161\">Support double canal<\/p>\n<\/li>\n<li data-start=\"1162\" data-end=\"1219\">\n<p data-start=\"1164\" data-end=\"1219\">Compatible avec la sonde externe ST10<\/p>\n<\/li>\n<li data-start=\"1220\" data-end=\"1257\">\n<p data-start=\"1222\" data-end=\"1257\">Appareil multi-usages fonctionnant sur piles<\/p>\n<\/li>\n<\/ul>\n","protected":false},"excerpt":{"rendered":"<ul>\n<li data-start=\"1291\" data-end=\"1323\">De -90\u00b0C \u00e0 +40\u00b0C<\/li>\n<li data-start=\"1324\" data-end=\"1356\">Stocke jusqu&rsquo;\u00e0 32 000 relev\u00e9s<\/li>\n<li data-start=\"1357\" data-end=\"1396\">Grand \u00e9cran LCD avec affichage de l&rsquo;alarme \u00e0 30 jours<\/li>\n<li data-start=\"1397\" data-end=\"1426\">Alarme sonore + alerte LED<\/li>\n<li data-start=\"1427\" data-end=\"1459\">Prise en charge de la sonde externe ST10<\/li>\n<\/ul>\n","protected":false},"featured_media":50218,"template":"","meta":{"_acf_changed":false,"content-type":"","_uag_custom_page_level_css":""},"product_brand":[],"product_cat":[1238,1282],"product_tag":[2516,2260,1260],"class_list":{"0":"post-50226","1":"product","2":"type-product","3":"status-publish","4":"has-post-thumbnail","6":"product_cat-enregistreurs-de-donnees-de-temperature","7":"product_cat-data-loggers-fr","8":"product_tag-logtag-fr","9":"product_tag-temperature-fr","10":"product_tag-usb-fr","12":"first","13":"instock","14":"taxable","15":"shipping-taxable","16":"purchasable","17":"product-type-variable"},"bundled_by":[],"bundle_stock_status":"instock","bundle_stock_quantity":null,"bundle_virtual":false,"bundle_layout":"","bundle_add_to_cart_form_location":"","bundle_editable_in_cart":false,"bundle_sold_individually_context":"","bundle_item_grouping":"","bundle_min_size":"","bundle_max_size":"","bundle_price":[],"bundled_items":[],"bundle_sell_ids":[],"acf":[],"spectra_custom_meta":{"hubwoo_ecomm_pro_id":["25142863759"],"_product_image_gallery":["50212"],"_wcml_average_rating":[null],"_wcml_review_count":[null],"_wcml_rating_count":[null],"_backorders":["no"],"_download_limit":["-1"],"_download_expiry":["-1"],"_downloadable":["no"],"_manage_stock":["no"],"_sku":["UTREL30-16"],"_stock_status":["instock"],"_sold_individually":["no"],"_tax_class":[""],"_tax_status":["taxable"],"_virtual":["no"],"total_sales":["1"],"_price":["134.40","169.40","172.90"],"product_datasheet":[""],"_product_datasheet":["field_650ad7d6ea3a0"],"connectivity":["USB"],"_connectivity":["field_64dce263bb57c"],"brand":["LogTag"],"_brand":["field_64ddf62ed2593"],"brand_image":[""],"_brand_image":["field_650c5e7c84cae"],"_specifications_table":["field_65044e1db92a8"],"_display_data_alarm":["field_667d647bcb066"],"_resources":["field_650849c6945ee"],"_calibration":["field_66a0ddd599972"],"_accessories":["field_650849e6945f0"],"_faqs":["field_650859523d8d5"],"_calibration_suitable_ids_gb":["field_654b4c4acb54a"],"_calibration_suitable_ids_us":["field_654b4c56cb54b"],"_show_in_calibration_suitable":["field_654cfb691d345"],"_other_features":["field_668524f8c98a4"],"_shipping":["field_66852535c98a5"],"_refrigerant_cabinet":["field_66852557c98a6"],"_main_specifications":["field_66855b25b1245"],"_usd_price_4":["field_651570dcac479"],"_usd_price_9":["field_6515713eb4807"],"_usd_price_24":["field_65157141b4809"],"_usd_price_49":["field_65157140b4808"],"_usd_price_99":["field_6515715bb480a"],"_gbp_price_4":["field_6515716e83bfa"],"_gbp_price_9":["field_6515724783bfb"],"_gbp_price_24":["field_6515724b83bfc"],"_gbp_price_49":["field_6515725983bfd"],"_gbp_price_99":["field_6515725d83bfe"],"_usdhk_price_4":["field_6515726f83bff"],"_usdhk_price_9":["field_6515727c83c00"],"_usdhk_price_24":["field_6515728083c01"],"_usdhk_price_49":["field_6515728983c02"],"_usdhk_price_99":["field_6515728e83c03"],"stock_options":["In stock"],"_stock_options":["field_6544b605dc7f9"],"rank_math_primary_product_cat":["87"],"min_temp":["-90"],"max_temp":["40"],"_min_temp":["field_67ea5eb4e0a77"],"_max_temp":["field_67ea5f81e0a79"],"_top_nav_excluded":[""],"_cms_nav_minihome":[""],"wcml_sync_hash":["a:1:{s:15:\"postmeta_fields\";s:32:\"60c3ac6aa8af417b33eb5dcafd69e9a4\";}"],"attr_label_translations":["a:0:{}"],"_product_attributes":["a:2:{s:16:\"pa_product-brand\";a:6:{s:4:\"name\";s:16:\"pa_product-brand\";s:5:\"value\";s:0:\"\";s:8:\"position\";i:0;s:10:\"is_visible\";i:1;s:12:\"is_variation\";i:0;s:11:\"is_taxonomy\";i:1;}s:22:\"pa_logtag-probe-choice\";a:6:{s:4:\"name\";s:22:\"pa_logtag-probe-choice\";s:5:\"value\";s:0:\"\";s:8:\"position\";i:1;s:10:\"is_visible\";i:1;s:12:\"is_variation\";i:1;s:11:\"is_taxonomy\";i:1;}}"],"_thumbnail_id":["50218"],"_crosssell_ids":["a:0:{}"],"_wpml_word_count":["241"],"_last_translation_edit_mode":["translation-editor"],"_global_unique_id":["850040258059"],"rank_math_focus_keyword":["UTREL30-16"],"specifications_table":["<table class=\"w-full\">\n<tbody>\n<tr>\n<td class=\"text-base font-semibold font-gray\">Plage de mesure du capteur externe<\/td>\n<td class=\"text-base font-gray-300\">De -90\u00b0C \u00e0 +40\u00b0C (-130\u00b0F \u00e0 +104\u00b0F).<\/td>\n<\/tr>\n<tr>\n<td class=\"text-base font-semibold font-gray\">Plage de temp\u00e9rature de fonctionnement<\/td>\n<td class=\"text-base font-gray-300\">De -30\u00b0C \u00e0 +60\u00b0C (de -22\u00b0F \u00e0 +140\u00b0F)\nDe 0 \u00e0 99% d'humidit\u00e9 relative (sans condensation)<\/td>\n<\/tr>\n<tr>\n<td class=\"text-base font-semibold font-gray\">Plage de temp\u00e9rature de stockage<\/td>\n<td class=\"text-base font-gray-300\">0\u00b0C \u00e0 +40\u00b0C (32\u00b0F \u00e0 +104\u00b0F).<\/td>\n<\/tr>\n<tr>\n<td class=\"text-base font-semibold font-gray\">Temp\u00e9rature nominale R\u00e9solution<\/td>\n<td class=\"text-base font-gray-300\">Mieux que 0,1\u00b0C (0,2\u00b0F) pour les mesures de -80\u00b0C \u00e0 10\u00b0C (-112\u00b0F \u00e0 50\u00b0F)\nMieux que 0,2\u00b0C (0,4\u00b0F) pour les mesures de 10\u00b0C \u00e0 20\u00b0C (50\u00b0F \u00e0 68\u00b0F) et de -90\u00b0C \u00e0 -80\u00b0C (-130\u00b0F \u00e0 -112\u00b0F)\nMieux que 0.3\u00b0C (0,5\u00b0F) pour les mesures de 20\u00b0C \u00e0 30\u00b0C (68\u00b0F \u00e0 86\u00b0F)\nMieux que 0,5\u00b0C (0,9\u00b0F) pour les mesures de 30\u00b0C \u00e0 40\u00b0C (86\u00b0F \u00e0 104\u00b0F)\nLogTag Analyzer affiche actuellement \u00e0 une d\u00e9cimale de \u00b0C ou \u00b0F. La r\u00e9solution native est celle qui est stock\u00e9e dans le LogTag\u00ae. <\/td>\n<\/tr>\n<tr>\n<td class=\"text-base font-semibold font-gray\">Temps de r\u00e9action du capteur<\/td>\n<td class=\"text-base font-gray-300\">G\u00e9n\u00e9ralement inf\u00e9rieur \u00e0 2 minutes (T90) dans l'air en mouvement (1m\/s) pour le type ST10S<\/td>\n<\/tr>\n<tr>\n<td class=\"text-base font-semibold font-gray\">Pr\u00e9cision de la lecture de la temp\u00e9rature nominale<\/td>\n<td class=\"text-base font-gray-300\">Mieux que \u00b10,5\u00b0C pour -20\u00b0C \u00e0 +10\u00b0C (-4\u00b0F \u00e0 50\u00b0F)\nMieux que \u00b10.7\u00b0C pour -50\u00b0C \u00e0 -20\u00b0C (-58\u00b0F \u00e0 -4\u00b0F) et +10\u00b0C \u00e0 +30\u00b0C (50\u00b0F \u00e0 86\u00b0F)\nMieux que \u00b11\u00b0C pour -80\u00b0C \u00e0 -50\u00b0C (-112\u00b0F \u00e0 -58\u00b0F ) et +30\u00b0C \u00e0 +40\u00b0C (86\u00b0F \u00e0 104\u00b0F)\nMieux que \u00b11,8\u00b0C pour -90\u00b0C \u00e0 -80\u00b0C (-130\u00b0F \u00e0 -112\u00b0F)<\/td>\n<\/tr>\n<tr>\n<td class=\"text-base font-semibold font-gray\">Connectivit\u00e9 des sondes<\/td>\n<td class=\"text-base font-gray-300\">Jusqu'\u00e0 2<\/td>\n<\/tr>\n<tr>\n<td class=\"text-base font-semibold font-gray\">Compatibilit\u00e9 des sondes<\/td>\n<td class=\"text-base font-gray-300\">Toutes les sondes externes \u00e0 thermistance de pr\u00e9cision ST10 peuvent \u00eatre connect\u00e9es de mani\u00e8re interchangeable \u00e0 l'UTREL30-16.\nVeuillez vous r\u00e9f\u00e9rer \u00e0 la section Accessoires pour conna\u00eetre les sondes externes compatibles. Diff\u00e9rents mod\u00e8les de sondes peuvent \u00eatre utilis\u00e9s pour chaque canal. Non compatible avec les capteurs ST100.  <\/td>\n<\/tr>\n<tr>\n<td class=\"text-base font-semibold font-gray\">Capacit\u00e9 d'enregistrement<\/td>\n<td class=\"text-base font-gray-300\">M\u00e9moire totale de 32 000 enregistrements. Fournit 16 000 relev\u00e9s de temp\u00e9rature par canal.\nM\u00e9moire de statistiques sommaires journali\u00e8res (pour affichage sur l \u00ab \u00e9cran LCD) : jusqu \u00bb \u00e0 30 jours de statistiques Min\/Max\/dur\u00e9e et de d\u00e9clenchement d'alarme. <\/td>\n<\/tr>\n<tr>\n<td class=\"text-base font-semibold font-gray\">Intervalle d'\u00e9chantillonnage<\/td>\n<td class=\"text-base font-gray-300\">Configurable de 30 secondes \u00e0 18 heures. (Enregistrement typique de 5 minutes) <\/td>\n<\/tr>\n<tr>\n<td class=\"text-base font-semibold font-gray\">Alarmes<\/td>\n<td class=\"text-base font-gray-300\">Jusqu'\u00e0 6 alarmes configurables pour chaque canal.\nPossibilit\u00e9 de r\u00e9gler l'alarme s\u00e9par\u00e9ment pour le canal 1 et le canal 2.<\/td>\n<\/tr>\n<tr>\n<td class=\"text-base font-semibold font-gray\">Options de d\u00e9marrage de l'enregistrement<\/td>\n<td class=\"text-base font-gray-300\">D\u00e9marrage par bouton-poussoir (avec d\u00e9lai de d\u00e9marrage configurable de 1 minute \u00e0 72 heures) ou date et heure sp\u00e9cifiques.<\/td>\n<\/tr>\n<tr>\n<td class=\"text-base font-semibold font-gray\">Temps de t\u00e9l\u00e9chargement<\/td>\n<td class=\"text-base font-gray-300\">G\u00e9n\u00e9ralement avec une m\u00e9moire compl\u00e8te (32 000 relev\u00e9s) en moins de 20 secondes.<\/td>\n<\/tr>\n<tr>\n<td class=\"text-base font-semibold font-gray\">Environnement<\/td>\n<td class=\"text-base font-gray-300\">IP61 (lorsque l'appareil est mont\u00e9 verticalement ou suspendu avec le capuchon anti-poussi\u00e8re USB en place).<\/td>\n<\/tr>\n<tr>\n<td class=\"text-base font-semibold font-gray\">Source d'\u00e9nergie<\/td>\n<td class=\"text-base font-gray-300\">5V via la prise micro USB ou 2 piles AAA de 1,5V. Pile CR2032 LiMnO2 (fonction d'enregistrement de secours uniquement). <\/td>\n<\/tr>\n<tr>\n<td class=\"text-base font-semibold font-gray\">Dur\u00e9e de vie de la batterie<\/td>\n<td class=\"text-base font-gray-300\">Pile AAA jusqu'\u00e0 12 mois - si l'appareil est utilis\u00e9 sans alimentation \u00e9lectrique.<\/td>\n<\/tr>\n<tr>\n<td class=\"text-base font-semibold font-gray\">Horloge temps r\u00e9el<\/td>\n<td class=\"text-base font-gray-300\">Horloge temps r\u00e9el int\u00e9gr\u00e9e.\nPr\u00e9cision typique \u00b125ppm @ 25\u00b0C (\u00e9quivalent \u00e0 2,5 secondes\/jour).\nLe coefficient de temp\u00e9rature nominal est de -0,034 \u00b10,006ppm\/\u00b0C (c'est-\u00e0-dire typiquement +\/- 0,00294 seconde\/jour\/\u00b0C).<\/td>\n<\/tr>\n<tr>\n<td class=\"text-base font-semibold font-gray\">Interface de connexion<\/td>\n<td class=\"text-base font-gray-300\">Prise USB 2.0 \/ Micro USB.<\/td>\n<\/tr>\n<tr>\n<td class=\"text-base font-semibold font-gray\">Longueurs standard du c\u00e2ble de la sonde \u00e0 distance<\/td>\n<td class=\"text-base font-gray-300\">Standard : 1,5 m (4'11 \u00ab ).\nExtended : 3m (9'10 \u00bb) (maximum recommand\u00e9).<\/td>\n<\/tr>\n<tr>\n<td class=\"text-base font-semibold font-gray\">Type de c\u00e2ble de sonde \u00e0 distance<\/td>\n<td class=\"text-base font-gray-300\">Coaxial en PTFE (class\u00e9 FDA pour le contact alimentaire).<\/td>\n<\/tr>\n<tr>\n<td class=\"text-base font-semibold font-gray\">Taille<\/td>\n<td class=\"text-base font-gray-300\">141mm(H) x 72mm(L) x 18mm(T).<\/td>\n<\/tr>\n<tr>\n<td class=\"text-base font-semibold font-gray\">Poids<\/td>\n<td class=\"text-base font-gray-300\">156 g avec les piles AAA, (132 g - sans la sonde et les piles AAA).<\/td>\n<\/tr>\n<tr>\n<td class=\"text-base font-semibold font-gray\">Mat\u00e9riau du bo\u00eetier<\/td>\n<td class=\"text-base font-gray-300\">Polycarbonate.<\/td>\n<\/tr>\n<\/tbody>\n<\/table>"],"resources":["<ul class=\"resources-list\">\n \t<li><img src=\"https:\/\/praxas.com\/wp-content\/uploads\/document-icon.png\" alt=\"Ic\u00f4ne de document\"><a href=\"https:\/\/praxas.com\/wp-content\/uploads\/LogTag_UTREL30-16_Brochure.pdf\">Brochure LogTag UTREL30-16<\/a><\/li>\n \t<li><img src=\"https:\/\/praxas.com\/wp-content\/uploads\/document-icon.png\" alt=\"Ic\u00f4ne de document\"><a href=\"https:\/\/praxas.com\/wp-content\/uploads\/UTREL30-16-QuickStartGuide.pdf\">Guide de d\u00e9marrage rapide du LogTag UTREL30-16<\/a><\/li>\n<\/ul>"],"accessories":["[products skus=\"WBM-02,Buffer Bottle\"]"],"_uag_page_assets":["a:9:{s:3:\"css\";s:0:\"\";s:2:\"js\";s:0:\"\";s:18:\"current_block_list\";a:0:{}s:8:\"uag_flag\";b:0;s:11:\"uag_version\";s:10:\"1777052440\";s:6:\"gfonts\";a:0:{}s:10:\"gfonts_url\";s:0:\"\";s:12:\"gfonts_files\";a:0:{}s:14:\"uag_faq_layout\";b:0;}"],"rank_math_internal_links_processed":["1"],"_max_variation_price":[""],"_max_variation_regular_price":[""],"_max_variation_sale_price":[""],"_min_variation_price":[""],"_min_variation_regular_price":[""],"_min_variation_sale_price":[""],"_regular_price":[""],"_sale_price":[""],"_wc_pb_base_regular_price":[""],"_wc_pb_base_sale_price":[""],"_wc_pb_base_price":[""],"_wc_sw_max_price":[""],"_wc_sw_max_regular_price":[""],"_wc_rating_count":[""],"_wc_review_count":[""],"_wc_average_rating":[0]},"uagb_featured_image_src":{"full":["https:\/\/praxas.com\/wp-content\/uploads\/UTREL30-16-3probe.jpg",1200,680,false],"thumbnail":["https:\/\/praxas.com\/wp-content\/uploads\/UTREL30-16-3probe-150x150.jpg",150,150,true],"medium":["https:\/\/praxas.com\/wp-content\/uploads\/UTREL30-16-3probe-300x170.jpg",300,170,true],"medium_large":["https:\/\/praxas.com\/wp-content\/uploads\/UTREL30-16-3probe-768x435.jpg",768,435,true],"large":["https:\/\/praxas.com\/wp-content\/uploads\/UTREL30-16-3probe-1024x580.jpg",1024,580,true],"1536x1536":["https:\/\/praxas.com\/wp-content\/uploads\/UTREL30-16-3probe.jpg",1200,680,false],"2048x2048":["https:\/\/praxas.com\/wp-content\/uploads\/UTREL30-16-3probe.jpg",1200,680,false],"crunchify-admin-post-featured-image":["https:\/\/praxas.com\/wp-content\/uploads\/UTREL30-16-3probe-120x68.jpg",120,68,true],"commercegurus-pdp-large":["https:\/\/praxas.com\/wp-content\/uploads\/UTREL30-16-3probe-990x561.jpg",990,561,true],"commercegurus-plp-mobile":["https:\/\/praxas.com\/wp-content\/uploads\/UTREL30-16-3probe-441x250.jpg",441,250,true],"cgkit_image_swatch":["https:\/\/praxas.com\/wp-content\/uploads\/UTREL30-16-3probe-100x100.jpg",100,100,true],"woocommerce_thumbnail":["https:\/\/praxas.com\/wp-content\/uploads\/UTREL30-16-3probe-350x198.jpg",350,198,true],"woocommerce_single":["https:\/\/praxas.com\/wp-content\/uploads\/UTREL30-16-3probe-800x453.jpg",800,453,true],"woocommerce_gallery_thumbnail":["https:\/\/praxas.com\/wp-content\/uploads\/UTREL30-16-3probe-150x85.jpg",150,85,true]},"uagb_author_info":{"display_name":"Alex James","author_link":"https:\/\/praxas.com\/fr\/author\/"},"uagb_comment_info":0,"uagb_excerpt":"De -90\u00b0C \u00e0 +40\u00b0C Stocke jusqu'\u00e0 32 000 relev\u00e9s Grand \u00e9cran LCD avec affichage de l'alarme \u00e0 30 jours Alarme sonore + alerte LED Prise en charge de la sonde externe ST10","_links":{"self":[{"href":"https:\/\/praxas.com\/fr\/wp-json\/wp\/v2\/product\/50226","targetHints":{"allow":["GET"]}}],"collection":[{"href":"https:\/\/praxas.com\/fr\/wp-json\/wp\/v2\/product"}],"about":[{"href":"https:\/\/praxas.com\/fr\/wp-json\/wp\/v2\/types\/product"}],"wp:featuredmedia":[{"embeddable":true,"href":"https:\/\/praxas.com\/fr\/wp-json\/wp\/v2\/media\/50218"}],"wp:attachment":[{"href":"https:\/\/praxas.com\/fr\/wp-json\/wp\/v2\/media?parent=50226"}],"wp:term":[{"taxonomy":"product_brand","embeddable":true,"href":"https:\/\/praxas.com\/fr\/wp-json\/wp\/v2\/product_brand?post=50226"},{"taxonomy":"product_cat","embeddable":true,"href":"https:\/\/praxas.com\/fr\/wp-json\/wp\/v2\/product_cat?post=50226"},{"taxonomy":"product_tag","embeddable":true,"href":"https:\/\/praxas.com\/fr\/wp-json\/wp\/v2\/product_tag?post=50226"}],"curies":[{"name":"wp","href":"https:\/\/api.w.org\/{rel}","templated":true}]}}