{"id":50243,"date":"2025-06-23T11:04:22","date_gmt":"2025-06-23T09:04:22","guid":{"rendered":"https:\/\/praxas.com\/product\/non%20class\u00e9\/enregistreur-de-temperature-basse-utrel30-wifi\/"},"modified":"2025-10-09T10:21:37","modified_gmt":"2025-10-09T08:21:37","slug":"enregistreur-de-temperature-basse-utrel30-wifi","status":"publish","type":"product","link":"https:\/\/praxas.com\/fr\/product\/data-loggers-fr\/enregistreurs-de-donnees-de-temperature\/enregistreur-de-temperature-basse-utrel30-wifi\/","title":{"rendered":"Enregistreur de temp\u00e9rature basse UTREL30-WiFi"},"content":{"rendered":"<p data-start=\"214\" data-end=\"289\"><strong data-start=\"218\" data-end=\"289\">LogTag UTREL30-WiFi &#8211; Enregistreur de donn\u00e9es basse temp\u00e9rature \u00e0 double canal WiFi<\/strong><\/p>\n<p data-start=\"291\" data-end=\"639\">Le LogTag UTREL30-WiFi est un enregistreur de donn\u00e9es basse temp\u00e9rature \u00e0 deux canaux qui t\u00e9l\u00e9charge automatiquement les donn\u00e9es de temp\u00e9rature en temps r\u00e9el via le WiFi vers votre compte LogTag Online. Con\u00e7u pour une surveillance pr\u00e9cise et continue, il prend en charge deux sondes externes et offre un acc\u00e8s instantan\u00e9 aux donn\u00e9es en direct et historiques sans n\u00e9cessiter de t\u00e9l\u00e9chargements manuels. <\/p>\n<p data-start=\"641\" data-end=\"888\">Avec une capacit\u00e9 de 32 000 lectures (16 000 par canal), un grand \u00e9cran facile \u00e0 lire et des alarmes sonores et visuelles int\u00e9gr\u00e9es, il est id\u00e9al pour la cha\u00eene du froid, la surveillance des vaccins et des laboratoires o\u00f9 un suivi fiable et \u00e0 distance de la temp\u00e9rature est essentiel.<\/p>\n<p data-start=\"890\" data-end=\"907\"><strong data-start=\"890\" data-end=\"907\">Caract\u00e9ristiques principales :<\/strong><\/p>\n<ul data-start=\"909\" data-end=\"1259\">\n<li data-start=\"909\" data-end=\"959\">\n<p data-start=\"911\" data-end=\"959\">Mesures de -90\u00b0C \u00e0 +40\u00b0C (en fonction de la sonde)<\/p>\n<\/li>\n<li data-start=\"960\" data-end=\"1013\">\n<p data-start=\"962\" data-end=\"1013\">Enregistrement sur deux canaux, 16 000 lectures par canal<\/p>\n<\/li>\n<li data-start=\"1014\" data-end=\"1070\">\n<p data-start=\"1016\" data-end=\"1070\">T\u00e9l\u00e9chargement automatique en temps r\u00e9el via WiFi vers LogTag Online<\/p>\n<\/li>\n<li data-start=\"1071\" data-end=\"1116\">\n<p data-start=\"1073\" data-end=\"1116\">\u00c9cran LCD avec r\u00e9sum\u00e9 des alarmes sur 30 jours en un coup d&rsquo;\u0153il<\/p>\n<\/li>\n<li data-start=\"1117\" data-end=\"1156\">\n<p data-start=\"1119\" data-end=\"1156\">Indicateurs d&rsquo;alarme sonores et visuels<\/p>\n<\/li>\n<li data-start=\"1157\" data-end=\"1215\">\n<p data-start=\"1159\" data-end=\"1215\">Compatible avec les sondes externes ST10<\/p>\n<\/li>\n<li data-start=\"1216\" data-end=\"1259\">\n<p data-start=\"1218\" data-end=\"1259\">Format multi-usage avec une longue dur\u00e9e de vie de la batterie<\/p>\n<\/li>\n<\/ul>\n","protected":false},"excerpt":{"rendered":"<ul>\n<li data-start=\"1293\" data-end=\"1330\">De -90\u00b0C \u00e0 +40\u00b0C<\/li>\n<li data-start=\"1331\" data-end=\"1372\">Double canal, capacit\u00e9 de lecture de 32 000<\/li>\n<li data-start=\"1373\" data-end=\"1415\">T\u00e9l\u00e9chargement en temps r\u00e9el du WiFi vers LogTag Online<\/li>\n<li data-start=\"1416\" data-end=\"1447\">R\u00e9sum\u00e9 des alarmes sur 30 jours sur l&rsquo;\u00e9cran LCD<\/li>\n<li data-start=\"1448\" data-end=\"1486\">Alarmes sonores et visuelles int\u00e9gr\u00e9es<\/li>\n<\/ul>\n","protected":false},"featured_media":50237,"template":"","meta":{"_acf_changed":false,"content-type":"","_uag_custom_page_level_css":""},"product_brand":[],"product_cat":[1238,1282],"product_tag":[2516,2260,1227],"class_list":{"0":"post-50243","1":"product","2":"type-product","3":"status-publish","4":"has-post-thumbnail","6":"product_cat-enregistreurs-de-donnees-de-temperature","7":"product_cat-data-loggers-fr","8":"product_tag-logtag-fr","9":"product_tag-temperature-fr","10":"product_tag-wifi-fr","12":"first","13":"instock","14":"taxable","15":"shipping-taxable","16":"purchasable","17":"product-type-variable"},"bundled_by":[],"bundle_stock_status":"instock","bundle_stock_quantity":null,"bundle_virtual":false,"bundle_layout":"","bundle_add_to_cart_form_location":"","bundle_editable_in_cart":false,"bundle_sold_individually_context":"","bundle_item_grouping":"","bundle_min_size":"","bundle_max_size":"","bundle_price":[],"bundled_items":[],"bundle_sell_ids":[],"acf":[],"spectra_custom_meta":{"hubwoo_ecomm_pro_id":["25170020626"],"_wcml_average_rating":[null],"_wcml_review_count":[null],"_wcml_rating_count":[null],"_backorders":["no"],"_download_limit":["-1"],"_download_expiry":["-1"],"_downloadable":["no"],"_manage_stock":["no"],"_sku":["UTREL30-WIFI"],"_stock_status":["instock"],"_sold_individually":["no"],"_tax_class":[""],"_tax_status":["taxable"],"_virtual":["no"],"total_sales":["0"],"_price":["229.60","264.60","268.10"],"product_datasheet":[""],"_product_datasheet":["field_650ad7d6ea3a0"],"connectivity":["WiFi"],"_connectivity":["field_64dce263bb57c"],"brand":["LogTag"],"_brand":["field_64ddf62ed2593"],"brand_image":[""],"_brand_image":["field_650c5e7c84cae"],"_specifications_table":["field_65044e1db92a8"],"_display_data_alarm":["field_667d647bcb066"],"_resources":["field_650849c6945ee"],"_calibration":["field_66a0ddd599972"],"_accessories":["field_650849e6945f0"],"_faqs":["field_650859523d8d5"],"_calibration_suitable_ids_gb":["field_654b4c4acb54a"],"_calibration_suitable_ids_us":["field_654b4c56cb54b"],"_show_in_calibration_suitable":["field_654cfb691d345"],"_other_features":["field_668524f8c98a4"],"_shipping":["field_66852535c98a5"],"_refrigerant_cabinet":["field_66852557c98a6"],"_main_specifications":["field_66855b25b1245"],"_usd_price_4":["field_651570dcac479"],"_usd_price_9":["field_6515713eb4807"],"_usd_price_24":["field_65157141b4809"],"_usd_price_49":["field_65157140b4808"],"_usd_price_99":["field_6515715bb480a"],"_gbp_price_4":["field_6515716e83bfa"],"_gbp_price_9":["field_6515724783bfb"],"_gbp_price_24":["field_6515724b83bfc"],"_gbp_price_49":["field_6515725983bfd"],"_gbp_price_99":["field_6515725d83bfe"],"_usdhk_price_4":["field_6515726f83bff"],"_usdhk_price_9":["field_6515727c83c00"],"_usdhk_price_24":["field_6515728083c01"],"_usdhk_price_49":["field_6515728983c02"],"_usdhk_price_99":["field_6515728e83c03"],"stock_options":["In stock"],"_stock_options":["field_6544b605dc7f9"],"rank_math_primary_product_cat":["87"],"min_temp":["-90"],"max_temp":["40"],"_min_temp":["field_67ea5eb4e0a77"],"_max_temp":["field_67ea5f81e0a79"],"_top_nav_excluded":[""],"_cms_nav_minihome":[""],"wcml_sync_hash":["a:1:{s:15:\"postmeta_fields\";s:32:\"19251acf1aedb7c6da1b26ce3ff41f6b\";}"],"attr_label_translations":["a:0:{}"],"_product_attributes":["a:2:{s:16:\"pa_product-brand\";a:6:{s:4:\"name\";s:16:\"pa_product-brand\";s:5:\"value\";s:0:\"\";s:8:\"position\";i:0;s:10:\"is_visible\";i:1;s:12:\"is_variation\";i:0;s:11:\"is_taxonomy\";i:1;}s:22:\"pa_logtag-probe-choice\";a:6:{s:4:\"name\";s:22:\"pa_logtag-probe-choice\";s:5:\"value\";s:0:\"\";s:8:\"position\";i:1;s:10:\"is_visible\";i:1;s:12:\"is_variation\";i:1;s:11:\"is_taxonomy\";i:1;}}"],"_thumbnail_id":["50237"],"_product_image_gallery":["50231"],"_crosssell_ids":["a:0:{}"],"_wpml_word_count":["244"],"_last_translation_edit_mode":["translation-editor"],"_global_unique_id":["850040258066"],"rank_math_focus_keyword":["UTREL30-WiFi"],"specifications_table":["<table class=\"w-full\">\n<tbody>\n<tr>\n<td class=\"text-base font-semibold font-gray\">Plage de mesure du capteur externe<\/td>\n<td class=\"text-base font-gray-300\">De -90\u00b0C \u00e0 +40\u00b0C (-130\u00b0F \u00e0 +104\u00b0F).<\/td>\n<\/tr>\n<tr>\n<td class=\"text-base font-semibold font-gray\">Plage de temp\u00e9rature de fonctionnement<\/td>\n<td class=\"text-base font-gray-300\">De -30\u00b0C \u00e0 +60\u00b0C (de -22\u00b0F \u00e0 +140\u00b0F).<\/td>\n<\/tr>\n<tr>\n<td class=\"text-base font-semibold font-gray\">Temp\u00e9rature nominale R\u00e9solution<\/td>\n<td class=\"text-base font-gray-300\">0,1\u00b0C (0,2\u00b0F) pour les mesures de -80\u00b0C \u00e0 10\u00b0C (-112\u00b0F \u00e0 50\u00b0F)\n0,2\u00b0C (0,4\u00b0F) pour les mesures de 10\u00b0C \u00e0 20\u00b0C (50\u00b0F \u00e0 68\u00b0F) et de -90\u00b0C \u00e0 -80\u00b0C (-130\u00b0F \u00e0 -112\u00b0F)\n0,3\u00b0C (0.5\u00b0F) pour les mesures de 20\u00b0C \u00e0 30\u00b0C (68\u00b0F \u00e0 86\u00b0F)\n0,5\u00b0C (0,9\u00b0F) pour les mesures de 30\u00b0C \u00e0 40\u00b0C (86\u00b0F \u00e0 104\u00b0F)\nLogTag Analyzer affiche actuellement \u00e0 une d\u00e9cimale de \u00b0C ou \u00b0F. La r\u00e9solution native est celle qui est stock\u00e9e dans le LogTag\u00ae. <\/td>\n<\/tr>\n<tr>\n<td class=\"text-base font-semibold font-gray\">Pr\u00e9cision de la lecture de la temp\u00e9rature nominale<\/td>\n<td class=\"text-base font-gray-300\">Mieux que \u00b10,5\u00b0C pour -20\u00b0C \u00e0 +10\u00b0C (-4\u00b0F \u00e0 50\u00b0F)\nMieux que \u00b10.7\u00b0C pour -50\u00b0C \u00e0 -20\u00b0C (-58\u00b0F \u00e0 -4\u00b0F) et +10\u00b0C \u00e0 +30\u00b0C (50\u00b0F \u00e0 86\u00b0F)\nMieux que \u00b11\u00b0C pour -80\u00b0C \u00e0 -50\u00b0C (-112\u00b0F \u00e0 -58\u00b0F ) et +30\u00b0C \u00e0 +40\u00b0C (86\u00b0F \u00e0 104\u00b0F)\nMieux que \u00b11,8\u00b0C pour -90\u00b0C \u00e0 -80\u00b0C (-130\u00b0F \u00e0 -112\u00b0F)<\/td>\n<\/tr>\n<tr>\n<td class=\"text-base font-semibold font-gray\">Connectivit\u00e9 des sondes<\/td>\n<td class=\"text-base font-gray-300\">Jusqu'\u00e0 2<\/td>\n<\/tr>\n<tr>\n<td class=\"text-base font-semibold font-gray\">Compatibilit\u00e9 des sondes<\/td>\n<td class=\"text-base font-gray-300\">Toutes les sondes externes \u00e0 thermistance de pr\u00e9cision ST100 peuvent \u00eatre connect\u00e9es de mani\u00e8re interchangeable \u00e0 l'UTREL30-WiFi. Veuillez vous r\u00e9f\u00e9rer \u00e0 la page des sondes externes sur le site web de LogTag North America. <\/td>\n<\/tr>\n<tr>\n<td class=\"text-base font-semibold font-gray\">Capacit\u00e9 d'enregistrement<\/td>\n<td class=\"text-base font-gray-300\">M\u00e9moire totale de 32 000 enregistrements. Fournit 16 000 relev\u00e9s de temp\u00e9rature par canal.\nM\u00e9moire de statistiques sommaires journali\u00e8res (pour affichage sur l \u00ab \u00e9cran LCD) : jusqu \u00bb \u00e0 30 jours de statistiques Min\/Max\/dur\u00e9e et de d\u00e9clenchement d'alarme. <\/td>\n<\/tr>\n<tr>\n<td class=\"text-base font-semibold font-gray\">Intervalle d'\u00e9chantillonnage<\/td>\n<td class=\"text-base font-gray-300\">Configurable de 30 secondes \u00e0 18 heures.<\/td>\n<\/tr>\n<tr>\n<td class=\"text-base font-semibold font-gray\">Options de d\u00e9marrage de l'enregistrement<\/td>\n<td class=\"text-base font-gray-300\">D\u00e9marrage par bouton-poussoir (avec d\u00e9lai de d\u00e9marrage configurable de 1 minute \u00e0 72 heures) ou date et heure sp\u00e9cifiques.<\/td>\n<\/tr>\n<tr>\n<td class=\"text-base font-semibold font-gray\">Temps de t\u00e9l\u00e9chargement<\/td>\n<td class=\"text-base font-gray-300\">Typiquement avec une m\u00e9moire compl\u00e8te (32 130 lectures) en moins de 10 secondes.<\/td>\n<\/tr>\n<tr>\n<td class=\"text-base font-semibold font-gray\">Environnement<\/td>\n<td class=\"text-base font-gray-300\">IP61 (en cas de montage vertical ou de suspension).<\/td>\n<\/tr>\n<tr>\n<td class=\"text-base font-semibold font-gray\">Calibrage<\/td>\n<td class=\"text-base font-gray-300\">\u00c9talonn\u00e9 en usine \u00e0 l'aide d'un \u00e9quipement de r\u00e9f\u00e9rence \u00e9quivalent au NIST. Certificat d'\u00e9talonnage disponible sur demande. <\/td>\n<\/tr>\n<tr>\n<td class=\"text-base font-semibold font-gray\">Source d'alimentation<\/td>\n<td class=\"text-base font-gray-300\">5V via la prise micro USB ou 2 piles alcalines AAA de 1,5V,\nCR2032 3V LiMnO2 (fonction d'enregistrement de secours uniquement)<\/td>\n<\/tr>\n<tr>\n<td class=\"text-base font-semibold font-gray\">Autonomie de la batterie<\/td>\n<td class=\"text-base font-gray-300\">L'appareil doit normalement \u00eatre aliment\u00e9 par USB.\nLes piles AAA fournissent une alimentation de secours pour une dur\u00e9e maximale de 2 mois. <\/td>\n<\/tr>\n<tr>\n<td class=\"text-base font-semibold font-gray\">Interface de connexion<\/td>\n<td class=\"text-base font-gray-300\">USB 2.0 \/ prise Micro USB.<\/td>\n<\/tr>\n<tr>\n<td class=\"text-base font-semibold font-gray\">WiFi<\/td>\n<td class=\"text-base font-gray-300\">802.11 b\/g\/n<\/td>\n<\/tr>\n<tr>\n<td class=\"text-base font-semibold font-gray\">M\u00e9thodes d'authentification WiFi<\/td>\n<td class=\"text-base font-gray-300\">Ouvert, WPA2\/PSK (avec ou sans PMF), EAP-PEAP, EAP-TTLS<\/td>\n<\/tr>\n<tr>\n<td class=\"text-base font-semibold font-gray\">Bluetooth<\/td>\n<td class=\"text-base font-gray-300\">L'appareil doit normalement \u00eatre aliment\u00e9 par USB.\nLes piles AAA fournissent une alimentation de secours pour une dur\u00e9e maximale de 2 mois. <\/td>\n<\/tr>\n<tr>\n<td class=\"text-base font-semibold font-gray\">Interface de connexion<\/td>\n<td class=\"text-base font-gray-300\">USB 2.0 \/ prise Micro USB.<\/td>\n<\/tr>\n<tr>\n<td class=\"text-base font-semibold font-gray\">WiFi<\/td>\n<td class=\"text-base font-gray-300\">802.11 b\/g\/n<\/td>\n<\/tr>\n<tr>\n<td class=\"text-base font-semibold font-gray\">M\u00e9thodes d'authentification WiFi<\/td>\n<td class=\"text-base font-gray-300\">Ouvert, WPA2\/PSK (avec ou sans PMF), EAP-PEAP, EAP-TTLS<\/td>\n<\/tr>\n<tr>\n<td class=\"text-base font-semibold font-gray\">Bluetooth\u00ae<\/td>\n<td class=\"text-base font-gray-300\">Bluetooth\u00ae V4.2 BR\/EDR et Bluetooth LE\u00ae.<\/td>\n<\/tr>\n<tr>\n<td class=\"text-base font-semibold font-gray\">Taille<\/td>\n<td class=\"text-base font-gray-300\">141mm(H) x 72mm(L) x 18mm(T).<\/td>\n<\/tr>\n<tr>\n<td class=\"text-base font-semibold font-gray\">Poids<\/td>\n<td class=\"text-base font-gray-300\">158 g avec les piles AAA, (134 g - sans la sonde et les piles AAA).<\/td>\n<\/tr>\n<tr>\n<td class=\"text-base font-semibold font-gray\">Mat\u00e9riau du bo\u00eetier<\/td>\n<td class=\"text-base font-gray-300\">Polycarbonate.<\/td>\n<\/tr>\n<\/tbody>\n<\/table>"],"resources":["<ul class=\"resources-list\">\n \t<li><img src=\"https:\/\/praxas.com\/wp-content\/uploads\/document-icon.png\" alt=\"Ic\u00f4ne de document\"><a href=\"https:\/\/praxas.com\/wp-content\/uploads\/LogTag_UTREL30-WiFi_Brochure.pdf\">Brochure LogTag UTREL30-WiFi<\/a><\/li>\n \t<li><img src=\"https:\/\/praxas.com\/wp-content\/uploads\/document-icon.png\" alt=\"Ic\u00f4ne de document\"><a href=\"https:\/\/praxas.com\/wp-content\/uploads\/UTREL30-WiFi-QuickStartGuide.pdf\">Guide de d\u00e9marrage rapide du LogTag UTREL30-WiFi<\/a><\/li>\n \t<li><img src=\"https:\/\/praxas.com\/wp-content\/uploads\/document-icon.png\" alt=\"Ic\u00f4ne de document\"><a href=\"https:\/\/praxas.com\/wp-content\/uploads\/Bluetooth_Connection_Guide-1.pdf\">LogTag UTREL30-WiFi Guide du Bluetooth<\/a><\/li>\n<\/ul>"],"accessories":["[products skus=\"WBM-02,Buffer Bottle\"]"],"_uag_page_assets":["a:9:{s:3:\"css\";s:0:\"\";s:2:\"js\";s:0:\"\";s:18:\"current_block_list\";a:0:{}s:8:\"uag_flag\";b:0;s:11:\"uag_version\";s:10:\"1777020109\";s:6:\"gfonts\";a:0:{}s:10:\"gfonts_url\";s:0:\"\";s:12:\"gfonts_files\";a:0:{}s:14:\"uag_faq_layout\";b:0;}"],"rank_math_internal_links_processed":["1"],"_max_variation_price":[""],"_max_variation_regular_price":[""],"_max_variation_sale_price":[""],"_min_variation_price":[""],"_min_variation_regular_price":[""],"_min_variation_sale_price":[""],"_regular_price":[""],"_sale_price":[""],"_wc_pb_base_regular_price":[""],"_wc_pb_base_sale_price":[""],"_wc_pb_base_price":[""],"_wc_sw_max_price":[""],"_wc_sw_max_regular_price":[""],"_wc_rating_count":[""],"_wc_review_count":[""],"_wc_average_rating":[0]},"uagb_featured_image_src":{"full":["https:\/\/praxas.com\/wp-content\/uploads\/UTREL30-WiFi.jpg",1200,680,false],"thumbnail":["https:\/\/praxas.com\/wp-content\/uploads\/UTREL30-WiFi-150x150.jpg",150,150,true],"medium":["https:\/\/praxas.com\/wp-content\/uploads\/UTREL30-WiFi-300x170.jpg",300,170,true],"medium_large":["https:\/\/praxas.com\/wp-content\/uploads\/UTREL30-WiFi-768x435.jpg",768,435,true],"large":["https:\/\/praxas.com\/wp-content\/uploads\/UTREL30-WiFi-1024x580.jpg",1024,580,true],"1536x1536":["https:\/\/praxas.com\/wp-content\/uploads\/UTREL30-WiFi.jpg",1200,680,false],"2048x2048":["https:\/\/praxas.com\/wp-content\/uploads\/UTREL30-WiFi.jpg",1200,680,false],"crunchify-admin-post-featured-image":["https:\/\/praxas.com\/wp-content\/uploads\/UTREL30-WiFi-120x68.jpg",120,68,true],"commercegurus-pdp-large":["https:\/\/praxas.com\/wp-content\/uploads\/UTREL30-WiFi-990x561.jpg",990,561,true],"commercegurus-plp-mobile":["https:\/\/praxas.com\/wp-content\/uploads\/UTREL30-WiFi-441x250.jpg",441,250,true],"cgkit_image_swatch":["https:\/\/praxas.com\/wp-content\/uploads\/UTREL30-WiFi-100x100.jpg",100,100,true],"woocommerce_thumbnail":["https:\/\/praxas.com\/wp-content\/uploads\/UTREL30-WiFi-350x198.jpg",350,198,true],"woocommerce_single":["https:\/\/praxas.com\/wp-content\/uploads\/UTREL30-WiFi-800x453.jpg",800,453,true],"woocommerce_gallery_thumbnail":["https:\/\/praxas.com\/wp-content\/uploads\/UTREL30-WiFi-150x85.jpg",150,85,true]},"uagb_author_info":{"display_name":"Alex James","author_link":"https:\/\/praxas.com\/fr\/author\/"},"uagb_comment_info":0,"uagb_excerpt":"De -90\u00b0C \u00e0 +40\u00b0C Double canal, capacit\u00e9 de lecture de 32 000 T\u00e9l\u00e9chargement en temps r\u00e9el du WiFi vers LogTag Online R\u00e9sum\u00e9 des alarmes sur 30 jours sur l'\u00e9cran LCD Alarmes sonores et visuelles int\u00e9gr\u00e9es","_links":{"self":[{"href":"https:\/\/praxas.com\/fr\/wp-json\/wp\/v2\/product\/50243","targetHints":{"allow":["GET"]}}],"collection":[{"href":"https:\/\/praxas.com\/fr\/wp-json\/wp\/v2\/product"}],"about":[{"href":"https:\/\/praxas.com\/fr\/wp-json\/wp\/v2\/types\/product"}],"wp:featuredmedia":[{"embeddable":true,"href":"https:\/\/praxas.com\/fr\/wp-json\/wp\/v2\/media\/50237"}],"wp:attachment":[{"href":"https:\/\/praxas.com\/fr\/wp-json\/wp\/v2\/media?parent=50243"}],"wp:term":[{"taxonomy":"product_brand","embeddable":true,"href":"https:\/\/praxas.com\/fr\/wp-json\/wp\/v2\/product_brand?post=50243"},{"taxonomy":"product_cat","embeddable":true,"href":"https:\/\/praxas.com\/fr\/wp-json\/wp\/v2\/product_cat?post=50243"},{"taxonomy":"product_tag","embeddable":true,"href":"https:\/\/praxas.com\/fr\/wp-json\/wp\/v2\/product_tag?post=50243"}],"curies":[{"name":"wp","href":"https:\/\/api.w.org\/{rel}","templated":true}]}}