{"id":50282,"date":"2025-06-23T12:18:40","date_gmt":"2025-06-23T10:18:40","guid":{"rendered":"https:\/\/praxas.com\/product\/non%20class\u00e9\/enregistreur-de-temperature-de-vaccin-vaxtag\/"},"modified":"2025-10-09T10:20:29","modified_gmt":"2025-10-09T08:20:29","slug":"enregistreur-de-temperature-de-vaccin-vaxtag","status":"publish","type":"product","link":"https:\/\/praxas.com\/fr\/product\/data-loggers-fr\/surveillance-des-vaccins\/enregistreur-de-temperature-de-vaccin-vaxtag\/","title":{"rendered":"Enregistreur de temp\u00e9rature de vaccin VAXTAG"},"content":{"rendered":"<p data-start=\"221\" data-end=\"293\"><strong data-start=\"225\" data-end=\"293\">VAXTAG &#8211; Enregistreur de donn\u00e9es de temp\u00e9rature \u00e0 cristaux liquides \u00e0 plusieurs voies | Certifi\u00e9 PQS par l&rsquo;OMS<\/strong><\/p>\n<p data-start=\"295\" data-end=\"578\">Le VAXTAG est un enregistreur de donn\u00e9es de temp\u00e9rature \u00e0 usage multiple con\u00e7u pour surveiller les conditions de stockage des vaccins conform\u00e9ment \u00e0 la sp\u00e9cification PQS E006\/013 de l&rsquo;OMS. Il est pr\u00e9configur\u00e9 avec des param\u00e8tres d&rsquo;alarme conformes \u00e0 l&rsquo;OMS et offre une vue d&rsquo;ensemble sur l \u00ab \u00e9cran LCD de l \u00bb \u00e9tat actuel et des statistiques sur 30 jours. <\/p>\n<p data-start=\"580\" data-end=\"808\">Con\u00e7u pour \u00eatre utilis\u00e9 dans les r\u00e9frig\u00e9rateurs \u00e0 vaccins, les entrep\u00f4ts interm\u00e9diaires et comme solution de secours dans les chambres froides, l&rsquo;appareil stocke jusqu&rsquo;\u00e0 7 770 relev\u00e9s de temp\u00e9rature horodat\u00e9s et comprend un indicateur d&rsquo;alarme visuel en cas de d\u00e9passement de la temp\u00e9rature.<\/p>\n<p data-start=\"810\" data-end=\"827\"><strong data-start=\"810\" data-end=\"827\">Caract\u00e9ristiques principales :<\/strong><\/p>\n<ul data-start=\"829\" data-end=\"1233\">\n<li data-start=\"829\" data-end=\"866\">\n<p data-start=\"831\" data-end=\"866\">Plage de temp\u00e9rature : -40\u00b0C \u00e0 +60\u00b0C<\/p>\n<\/li>\n<li data-start=\"867\" data-end=\"906\">\n<p data-start=\"869\" data-end=\"906\">Liste PQS de l&rsquo;OMS &#8211; conforme \u00e0 la norme E006\/013<\/p>\n<\/li>\n<li data-start=\"907\" data-end=\"1008\">\n<p data-start=\"909\" data-end=\"932\">Alarmes pr\u00e9configur\u00e9es :<\/p>\n<ul data-start=\"935\" data-end=\"1008\">\n<li data-start=\"935\" data-end=\"971\">\n<p data-start=\"937\" data-end=\"971\">Faible : -0,5\u00b0C ou moins pendant 60 minutes<\/p>\n<\/li>\n<li data-start=\"974\" data-end=\"1008\">\n<p data-start=\"976\" data-end=\"1008\">Haut : +8\u00b0C ou plus pendant 10 heures<\/p>\n<\/li>\n<\/ul>\n<\/li>\n<li data-start=\"1009\" data-end=\"1048\">\n<p data-start=\"1011\" data-end=\"1048\">R\u00e9sum\u00e9 de 30 jours disponible sur l&rsquo;\u00e9cran<\/p>\n<\/li>\n<li data-start=\"1049\" data-end=\"1093\">\n<p data-start=\"1051\" data-end=\"1093\">Stocke jusqu&rsquo;\u00e0 7 770 relev\u00e9s pour les t\u00e9l\u00e9charger<\/p>\n<\/li>\n<li data-start=\"1094\" data-end=\"1145\">\n<p data-start=\"1096\" data-end=\"1145\">Indicateur visuel d&rsquo;alarme en cas de d\u00e9passement de la temp\u00e9rature<\/p>\n<\/li>\n<li data-start=\"1146\" data-end=\"1233\">\n<p data-start=\"1148\" data-end=\"1233\">Donn\u00e9es t\u00e9l\u00e9chargeables via l&rsquo;interface standard LogTag \u00e0 l&rsquo;aide du logiciel gratuit LogTag Analyzer<\/p>\n<\/li>\n<\/ul>\n","protected":false},"excerpt":{"rendered":"<ul>\n<li>De -40\u00b0C \u00e0 +60\u00b0C<\/li>\n<li>Code PQS de l&rsquo;OMS E006\/013<\/li>\n<li data-start=\"1330\" data-end=\"1374\">Alarmes pr\u00e9configur\u00e9es pour le stockage des vaccins<\/li>\n<li data-start=\"1375\" data-end=\"1400\">R\u00e9sum\u00e9 \u00e0 30 jours sur l&rsquo;\u00e9cran LCD<\/li>\n<li data-start=\"1401\" data-end=\"1432\">7 770 relev\u00e9s horodat\u00e9s<\/li>\n<\/ul>\n","protected":false},"featured_media":50249,"template":"","meta":{"_acf_changed":false,"content-type":"","_uag_custom_page_level_css":""},"product_brand":[],"product_cat":[1259,1282,1238],"product_tag":[2516,2260],"class_list":{"0":"post-50282","1":"product","2":"type-product","3":"status-publish","4":"has-post-thumbnail","6":"product_cat-surveillance-des-vaccins","7":"product_cat-data-loggers-fr","8":"product_cat-enregistreurs-de-donnees-de-temperature","9":"product_tag-logtag-fr","10":"product_tag-temperature-fr","12":"first","13":"instock","14":"taxable","15":"shipping-taxable","16":"purchasable","17":"product-type-simple"},"bundled_by":[],"bundle_stock_status":"instock","bundle_stock_quantity":null,"bundle_virtual":false,"bundle_layout":"","bundle_add_to_cart_form_location":"","bundle_editable_in_cart":false,"bundle_sold_individually_context":"","bundle_item_grouping":"","bundle_min_size":"","bundle_max_size":"","bundle_price":[],"bundled_items":[],"bundle_sell_ids":[],"acf":[],"spectra_custom_meta":{"hubwoo_ecomm_pro_id":["25184717312"],"_wcml_average_rating":[null],"_wcml_review_count":[null],"_wcml_rating_count":[null],"_backorders":["no"],"_download_limit":["-1"],"_download_expiry":["-1"],"_downloadable":["no"],"_manage_stock":["no"],"_sku":["vaxtag"],"_stock_status":["instock"],"_sold_individually":["no"],"_tax_class":[""],"_tax_status":["taxable"],"_virtual":["no"],"total_sales":["0"],"_regular_price":["51.10"],"_price":["51.10"],"product_datasheet":[""],"_product_datasheet":["field_650ad7d6ea3a0"],"connectivity":["Interface Cradle"],"_connectivity":["field_64dce263bb57c"],"brand":["LogTag"],"_brand":["field_64ddf62ed2593"],"brand_image":[""],"_brand_image":["field_650c5e7c84cae"],"_specifications_table":["field_65044e1db92a8"],"_display_data_alarm":["field_667d647bcb066"],"_resources":["field_650849c6945ee"],"_calibration":["field_66a0ddd599972"],"_accessories":["field_650849e6945f0"],"_faqs":["field_650859523d8d5"],"_calibration_suitable_ids_gb":["field_654b4c4acb54a"],"_calibration_suitable_ids_us":["field_654b4c56cb54b"],"_show_in_calibration_suitable":["field_654cfb691d345"],"_other_features":["field_668524f8c98a4"],"_shipping":["field_66852535c98a5"],"_refrigerant_cabinet":["field_66852557c98a6"],"_main_specifications":["field_66855b25b1245"],"_usd_price_4":["field_651570dcac479"],"_usd_price_9":["field_6515713eb4807"],"_usd_price_24":["field_65157141b4809"],"_usd_price_49":["field_65157140b4808"],"_usd_price_99":["field_6515715bb480a"],"_gbp_price_4":["field_6515716e83bfa"],"_gbp_price_9":["field_6515724783bfb"],"_gbp_price_24":["field_6515724b83bfc"],"_gbp_price_49":["field_6515725983bfd"],"_gbp_price_99":["field_6515725d83bfe"],"_usdhk_price_4":["field_6515726f83bff"],"_usdhk_price_9":["field_6515727c83c00"],"_usdhk_price_24":["field_6515728083c01"],"_usdhk_price_49":["field_6515728983c02"],"_usdhk_price_99":["field_6515728e83c03"],"stock_options":["In stock"],"_stock_options":["field_6544b605dc7f9"],"rank_math_primary_product_cat":["100"],"min_temp":["-40"],"max_temp":["60"],"_min_temp":["field_67ea5eb4e0a77"],"_max_temp":["field_67ea5f81e0a79"],"_top_nav_excluded":[""],"_cms_nav_minihome":[""],"wcml_sync_hash":["a:1:{s:15:\"postmeta_fields\";s:32:\"8a4d11054d250014a32e55d03eef596b\";}"],"attr_label_translations":["a:0:{}"],"_product_attributes":["a:1:{s:16:\"pa_product-brand\";a:6:{s:4:\"name\";s:16:\"pa_product-brand\";s:5:\"value\";s:0:\"\";s:8:\"position\";i:0;s:10:\"is_visible\";i:1;s:12:\"is_variation\";i:0;s:11:\"is_taxonomy\";i:1;}}"],"_thumbnail_id":["50249"],"_product_image_gallery":["50255"],"_crosssell_ids":["a:0:{}"],"_wpml_word_count":["246"],"_last_translation_edit_mode":["translation-editor"],"rank_math_focus_keyword":["VAXTAG"],"specifications_table":["<table class=\"w-full\">\n<tbody>\n<tr>\n<td class=\"text-base font-semibold font-gray\">Plage de mesure du capteur<\/td>\n<td class=\"text-base font-gray-300\">De -30\u00b0C \u00e0 +60\u00b0C (de -22\u00b0F \u00e0 +140\u00b0F).<\/td>\n<\/tr>\n<tr>\n<td class=\"text-base font-semibold font-gray\">Plage de temp\u00e9rature de fonctionnement<\/td>\n<td class=\"text-base font-gray-300\">De -30\u00b0C \u00e0 +60\u00b0C (de -22\u00b0F \u00e0 +140\u00b0F).<\/td>\n<\/tr>\n<tr>\n<td class=\"text-base font-semibold font-gray\">Plage de temp\u00e9rature de stockage<\/td>\n<td class=\"text-base font-gray-300\">De -10\u00b0C \u00e0 +40\u00b0C (de -14\u00b0F \u00e0 +104\u00b0F).<\/td>\n<\/tr>\n<tr>\n<td class=\"text-base font-semibold font-gray\">Pr\u00e9cision de la lecture de la temp\u00e9rature nominale<\/td>\n<td class=\"text-base font-gray-300\">Sup\u00e9rieure \u00e0 \u00b10,5\u00b0C (\u00b10,9\u00b0F) pour -20\u00b0C \u00e0 +40\u00b0C (-4\u00b0F \u00e0 +104\u00b0F), typiquement \u00b10,3\u00b0C (0,6\u00b0F).\nSup\u00e9rieure \u00e0 \u00b10,8\u00b0C (\u00b11,5\u00b0F) pour les autres mesures, typiquement \u00b10,5\u00b0C (0,9\u00b0F).\nLes performances r\u00e9elles sont g\u00e9n\u00e9ralement bien meilleures que les valeurs nominales.\nLes chiffres de pr\u00e9cision peuvent \u00eatre am\u00e9lior\u00e9s par un r\u00e9\u00e9talonnage.<\/td>\n<\/tr>\n<tr>\n<td class=\"text-base font-semibold font-gray\">Temp\u00e9rature nominale R\u00e9solution de la lecture<\/td>\n<td class=\"text-base font-gray-300\">0,1\u00b0C (0,2\u00b0F) pour les mesures de -30\u00b0C \u00e0 +40\u00b0C (-22\u00b0F \u00e0 +104\u00b0F).\n0,2\u00b0C (0,4\u00b0F) pour les mesures sup\u00e9rieures \u00e0 +40\u00b0C (+104\u00b0F).\nLogTag Analyzer\u00ae affiche actuellement \u00e0 une d\u00e9cimale de \u00b0C ou \u00b0F. La r\u00e9solution native est celle qui est stock\u00e9e dans le LogTag\u00ae. <\/td>\n<\/tr>\n<tr>\n<td class=\"text-base font-semibold font-gray\">Temps de r\u00e9action du capteur<\/td>\n<td class=\"text-base font-gray-300\">Typiquement moins de 5 minutes (T90) dans l'air en mouvement (1m\/s).<\/td>\n<\/tr>\n<tr>\n<td class=\"text-base font-semibold font-gray\">Capacit\u00e9 d'enregistrement<\/td>\n<td class=\"text-base font-gray-300\">7770 relev\u00e9s de temp\u00e9rature. 32 jours d'enregistrement \u00e0 6 minutes. M\u00e9moire des statistiques journali\u00e8res (pour affichage sur l \u00ab \u00e9cran LCD) : jusqu \u00bb \u00e0 30 jours de valeurs Max\/Min et de dur\u00e9e.  <\/td>\n<\/tr>\n<tr>\n<td class=\"text-base font-semibold font-gray\">Intervalle d'\u00e9chantillonnage<\/td>\n<td class=\"text-base font-gray-300\">R\u00e9gl\u00e9 en usine sur un intervalle de 6 minutes.<\/td>\n<\/tr>\n<tr>\n<td class=\"text-base font-semibold font-gray\">Options de d\u00e9marrage de l'enregistrement<\/td>\n<td class=\"text-base font-gray-300\">R\u00e9gl\u00e9 en usine sur le d\u00e9marrage par bouton-poussoir.<\/td>\n<\/tr>\n<tr>\n<td class=\"text-base font-semibold font-gray\">Indication d'enregistrement<\/td>\n<td class=\"text-base font-gray-300\">Indicateur d'\u00e9tat \"RECORDING\".<\/td>\n<\/tr>\n<tr>\n<td class=\"text-base font-semibold font-gray\">D\u00e9clenchement de l'alarme<\/td>\n<td class=\"text-base font-gray-300\">Alarme basse : exposition \u00e0 une temp\u00e9rature unique de -0,5\u00b0C ou moins pendant 60 minutes.\nAlarme haute : Exposition \u00e0 une temp\u00e9rature unique de +8\u00b0C ou plus pendant 10 heures.<\/td>\n<\/tr>\n<tr>\n<td class=\"text-base font-semibold font-gray\">Temps de t\u00e9l\u00e9chargement<\/td>\n<td class=\"text-base font-gray-300\">G\u00e9n\u00e9ralement moins de 5 secondes pour une m\u00e9moire compl\u00e8te (7770 relev\u00e9s), en fonction de l'ordinateur ou du dispositif de lecture utilis\u00e9.<\/td>\n<\/tr>\n<tr>\n<td class=\"text-base font-semibold font-gray\">Environnement<\/td>\n<td class=\"text-base font-gray-300\">IP65 (\u00e0 peu pr\u00e8s \u00e9quivalent \u00e0 NEMA 4) lorsqu'il est mont\u00e9 verticalement ou suspendu.<\/td>\n<\/tr>\n<tr>\n<td class=\"text-base font-semibold font-gray\">Source d'alimentation<\/td>\n<td class=\"text-base font-gray-300\">CR2450 3V LiMnO2 (pile fixe).<\/td>\n<\/tr>\n<tr>\n<td class=\"text-base font-semibold font-gray\">Dur\u00e9e de vie de la batterie<\/td>\n<td class=\"text-base font-gray-300\">1 an de stockage, suivi de 2 ans de fonctionnement avec une utilisation normale (enregistrement de 6 minutes, statistiques affich\u00e9es sur l'\u00e9cran pas plus d'une fois par jour pendant 30 secondes \u00e0 chaque fois, t\u00e9l\u00e9chargement des donn\u00e9es tous les mois).<\/td>\n<\/tr>\n<tr>\n<td class=\"text-base font-semibold font-gray\">Horloge temps r\u00e9el<\/td>\n<td class=\"text-base font-gray-300\">Horloge temps r\u00e9el int\u00e9gr\u00e9e.\nPr\u00e9cision nominale \u00b125ppm @ 25\u00b0C (\u00e9quivalent \u00e0 2,5 secondes\/jour).\nLe coefficient de temp\u00e9rature nominal est de -0,034 \u00b10,006ppm\/\u00b0C (c'est-\u00e0-dire typiquement +\/- 0,00294 seconde\/jour\/\u00b0C).<\/td>\n<\/tr>\n<tr>\n<td class=\"text-base font-semibold font-gray\">Taille<\/td>\n<td class=\"text-base font-gray-300\">93 mm(H) x 54,5 mm(L) x 8,6 mm(T).<\/td>\n<\/tr>\n<tr>\n<td class=\"text-base font-semibold font-gray\">Poids<\/td>\n<td class=\"text-base font-gray-300\">43g.<\/td>\n<\/tr>\n<\/tbody>\n<\/table>"],"resources":["<ul class=\"resources-list\">\n \t<li><img src=\"https:\/\/praxas.com\/wp-content\/uploads\/document-icon.png\" alt=\"Ic\u00f4ne de document\"><a href=\"https:\/\/praxas.com\/wp-content\/uploads\/LogTag_Vaxtag_Brochure.pdf\">Brochure LogTag VAXTAG<\/a><\/li>\n \t<li><img src=\"https:\/\/praxas.com\/wp-content\/uploads\/document-icon.png\" alt=\"Ic\u00f4ne de document\"><a href=\"https:\/\/praxas.com\/wp-content\/uploads\/LogTag_Vaxtag_Quickstart_Guide.pdf\">LogTag VAXTAG Guide de d\u00e9marrage rapide<\/a><\/li>\n \t<li><img src=\"https:\/\/praxas.com\/wp-content\/uploads\/document-icon.png\" alt=\"Ic\u00f4ne de document\"><a href=\"https:\/\/praxas.com\/wp-content\/uploads\/LogTag_Vaxtag_User_Guide.pdf\">Manuel LogTag VAXTAG<\/a><\/li>\n<\/ul>"],"accessories":["[products skus=\"LTI-HID,WMB-1,PROTECTIVE ENCLOSURE\"]"],"_uag_page_assets":["a:9:{s:3:\"css\";s:0:\"\";s:2:\"js\";s:0:\"\";s:18:\"current_block_list\";a:0:{}s:8:\"uag_flag\";b:0;s:11:\"uag_version\";s:10:\"1777052440\";s:6:\"gfonts\";a:0:{}s:10:\"gfonts_url\";s:0:\"\";s:12:\"gfonts_files\";a:0:{}s:14:\"uag_faq_layout\";b:0;}"],"rank_math_internal_links_processed":["1"],"_max_variation_price":[""],"_max_variation_regular_price":[""],"_max_variation_sale_price":[""],"_min_variation_price":[""],"_min_variation_regular_price":[""],"_min_variation_sale_price":[""],"_sale_price":[""],"_wc_pb_base_regular_price":[""],"_wc_pb_base_sale_price":[""],"_wc_pb_base_price":[""],"_wc_sw_max_price":[""],"_wc_sw_max_regular_price":[""],"_wc_rating_count":[""],"_wc_review_count":[""],"_wc_average_rating":[0]},"uagb_featured_image_src":{"full":["https:\/\/praxas.com\/wp-content\/uploads\/VAXTAG-Front.jpg",1200,680,false],"thumbnail":["https:\/\/praxas.com\/wp-content\/uploads\/VAXTAG-Front-150x150.jpg",150,150,true],"medium":["https:\/\/praxas.com\/wp-content\/uploads\/VAXTAG-Front-300x170.jpg",300,170,true],"medium_large":["https:\/\/praxas.com\/wp-content\/uploads\/VAXTAG-Front-768x435.jpg",768,435,true],"large":["https:\/\/praxas.com\/wp-content\/uploads\/VAXTAG-Front-1024x580.jpg",1024,580,true],"1536x1536":["https:\/\/praxas.com\/wp-content\/uploads\/VAXTAG-Front.jpg",1200,680,false],"2048x2048":["https:\/\/praxas.com\/wp-content\/uploads\/VAXTAG-Front.jpg",1200,680,false],"crunchify-admin-post-featured-image":["https:\/\/praxas.com\/wp-content\/uploads\/VAXTAG-Front-120x68.jpg",120,68,true],"commercegurus-pdp-large":["https:\/\/praxas.com\/wp-content\/uploads\/VAXTAG-Front-990x561.jpg",990,561,true],"commercegurus-plp-mobile":["https:\/\/praxas.com\/wp-content\/uploads\/VAXTAG-Front-441x250.jpg",441,250,true],"cgkit_image_swatch":["https:\/\/praxas.com\/wp-content\/uploads\/VAXTAG-Front-100x100.jpg",100,100,true],"woocommerce_thumbnail":["https:\/\/praxas.com\/wp-content\/uploads\/VAXTAG-Front-350x198.jpg",350,198,true],"woocommerce_single":["https:\/\/praxas.com\/wp-content\/uploads\/VAXTAG-Front-800x453.jpg",800,453,true],"woocommerce_gallery_thumbnail":["https:\/\/praxas.com\/wp-content\/uploads\/VAXTAG-Front-150x85.jpg",150,85,true]},"uagb_author_info":{"display_name":"Alex James","author_link":"https:\/\/praxas.com\/fr\/author\/"},"uagb_comment_info":0,"uagb_excerpt":"De -40\u00b0C \u00e0 +60\u00b0C Code PQS de l'OMS E006\/013 Alarmes pr\u00e9configur\u00e9es pour le stockage des vaccins R\u00e9sum\u00e9 \u00e0 30 jours sur l'\u00e9cran LCD 7 770 relev\u00e9s horodat\u00e9s","_links":{"self":[{"href":"https:\/\/praxas.com\/fr\/wp-json\/wp\/v2\/product\/50282","targetHints":{"allow":["GET"]}}],"collection":[{"href":"https:\/\/praxas.com\/fr\/wp-json\/wp\/v2\/product"}],"about":[{"href":"https:\/\/praxas.com\/fr\/wp-json\/wp\/v2\/types\/product"}],"wp:featuredmedia":[{"embeddable":true,"href":"https:\/\/praxas.com\/fr\/wp-json\/wp\/v2\/media\/50249"}],"wp:attachment":[{"href":"https:\/\/praxas.com\/fr\/wp-json\/wp\/v2\/media?parent=50282"}],"wp:term":[{"taxonomy":"product_brand","embeddable":true,"href":"https:\/\/praxas.com\/fr\/wp-json\/wp\/v2\/product_brand?post=50282"},{"taxonomy":"product_cat","embeddable":true,"href":"https:\/\/praxas.com\/fr\/wp-json\/wp\/v2\/product_cat?post=50282"},{"taxonomy":"product_tag","embeddable":true,"href":"https:\/\/praxas.com\/fr\/wp-json\/wp\/v2\/product_tag?post=50282"}],"curies":[{"name":"wp","href":"https:\/\/api.w.org\/{rel}","templated":true}]}}