{"id":50305,"date":"2025-06-23T12:32:47","date_gmt":"2025-06-23T10:32:47","guid":{"rendered":"https:\/\/praxas.com\/product\/non%20class\u00e9\/enregistreur-de-temperature-pour-vaccins-vaxtag\/"},"modified":"2025-10-09T10:20:38","modified_gmt":"2025-10-09T08:20:38","slug":"enregistreur-de-temperature-pour-vaccins-vaxtag","status":"publish","type":"product","link":"https:\/\/praxas.com\/fr\/product\/data-loggers-fr\/surveillance-des-vaccins\/enregistreur-de-temperature-pour-vaccins-vaxtag\/","title":{"rendered":"Enregistreur de temp\u00e9rature pour vaccins VAXTAG"},"content":{"rendered":"<p><strong>Enregistreur de donn\u00e9es de temp\u00e9rature USB Multi-Trip | OMS PQS<\/strong><\/p>\n<p data-start=\"452\" data-end=\"761\">Le VAXTAG+ est un enregistreur de donn\u00e9es de temp\u00e9rature \u00e0 usage multiple con\u00e7u pour surveiller les conditions de stockage des vaccins dans les \u00e9tablissements de sant\u00e9 et les entrep\u00f4ts interm\u00e9diaires. Il est enti\u00e8rement conforme \u00e0 la sp\u00e9cification PQS E006\/TR06.013 de l&rsquo;Organisation mondiale de la sant\u00e9 et est r\u00e9pertori\u00e9 sous le code PQS E006\/013 de l&rsquo;OMS. <\/p>\n<p data-start=\"763\" data-end=\"1139\">\u00c9quip\u00e9 d&rsquo;un \u00e9cran LCD facile \u00e0 lire et d&rsquo;un port USB int\u00e9gr\u00e9, le VAXTAG+ permet de t\u00e9l\u00e9charger rapidement des rapports au format PDF sans avoir besoin d&rsquo;un logiciel sp\u00e9cialis\u00e9. Il stocke plus de 16 000 relev\u00e9s de temp\u00e9rature horodat\u00e9s et fournit un r\u00e9sum\u00e9 sur 30 jours visualisable directement \u00e0 l&rsquo;\u00e9cran, ainsi qu&rsquo;un suivi s\u00e9par\u00e9 des temp\u00e9ratures les plus \u00e9lev\u00e9es et les plus basses enregistr\u00e9es sur une p\u00e9riode de 67 jours. <\/p>\n<p data-start=\"1141\" data-end=\"1181\">Les param\u00e8tres d&rsquo;alarme pr\u00e9configur\u00e9s comprennent<\/p>\n<ul data-start=\"1182\" data-end=\"1278\">\n<li data-start=\"1182\" data-end=\"1231\">\n<p data-start=\"1184\" data-end=\"1231\"><strong data-start=\"1184\" data-end=\"1198\">Alarme basse :<\/strong> -0,5\u00b0C ou moins pendant 60 minutes<\/p>\n<\/li>\n<li data-start=\"1232\" data-end=\"1278\">\n<p data-start=\"1234\" data-end=\"1278\"><strong data-start=\"1234\" data-end=\"1249\">Alarme haute :<\/strong> +8\u00b0C ou plus pendant 10 heures<\/p>\n<\/li>\n<\/ul>\n<p data-start=\"1280\" data-end=\"1375\">Un indicateur visuel appara\u00eet sur l&rsquo;\u00e9cran si une excursion de temp\u00e9rature d\u00e9passe ces limites.<\/p>\n<p data-start=\"1377\" data-end=\"1673\">Les utilisateurs peuvent v\u00e9rifier l&rsquo;historique des alarmes directement sur l&rsquo;appareil ou t\u00e9l\u00e9charger les enregistrements d\u00e9taill\u00e9s via USB pour les analyser dans le logiciel gratuit LogTag Analyzer. Ce logiciel permet d&rsquo;afficher des graphiques, des tableaux et des statistiques, ainsi que d&rsquo;exporter et d&rsquo;archiver les donn\u00e9es pour faciliter la tenue des registres et la mise en conformit\u00e9. <\/p>\n","protected":false},"excerpt":{"rendered":"<ul>\n<li>De -30\u00b0C \u00e0 +60\u00b0C<\/li>\n<li data-start=\"272\" data-end=\"318\">USB int\u00e9gr\u00e9 pour des rapports PDF sans logiciel<\/li>\n<li data-start=\"319\" data-end=\"353\">Class\u00e9 PQS par l&rsquo;OMS (Code E006\/013)<\/li>\n<li data-start=\"354\" data-end=\"402\">Alarme visuelle sur l&rsquo;\u00e9cran LCD en cas de d\u00e9passement de la temp\u00e9rature<\/li>\n<li data-start=\"403\" data-end=\"450\">M\u00e9moire de 67 jours avec r\u00e9sum\u00e9 de 30 jours sur l&rsquo;\u00e9cran<\/li>\n<\/ul>\n","protected":false},"featured_media":50298,"template":"","meta":{"_acf_changed":false,"content-type":"","_uag_custom_page_level_css":""},"product_brand":[],"product_cat":[1259,1282,1238],"product_tag":[2516,2260],"class_list":{"0":"post-50305","1":"product","2":"type-product","3":"status-publish","4":"has-post-thumbnail","6":"product_cat-surveillance-des-vaccins","7":"product_cat-data-loggers-fr","8":"product_cat-enregistreurs-de-donnees-de-temperature","9":"product_tag-logtag-fr","10":"product_tag-temperature-fr","12":"first","13":"instock","14":"taxable","15":"shipping-taxable","16":"purchasable","17":"product-type-simple"},"bundled_by":[],"bundle_stock_status":"instock","bundle_stock_quantity":null,"bundle_virtual":false,"bundle_layout":"","bundle_add_to_cart_form_location":"","bundle_editable_in_cart":false,"bundle_sold_individually_context":"","bundle_item_grouping":"","bundle_min_size":"","bundle_max_size":"","bundle_price":[],"bundled_items":[],"bundle_sell_ids":[],"acf":[],"spectra_custom_meta":{"hubwoo_ecomm_pro_id":["25186109760"],"_wcml_average_rating":[null],"_wcml_review_count":[null],"_wcml_rating_count":[null],"_backorders":["no"],"_download_limit":["-1"],"_download_expiry":["-1"],"_downloadable":["no"],"_manage_stock":["no"],"_sku":["VAXTAG+"],"_stock_status":["instock"],"_sold_individually":["no"],"_tax_class":[""],"_tax_status":["taxable"],"_virtual":["no"],"total_sales":["0"],"_regular_price":["55.30"],"_price":["55.30"],"product_datasheet":[""],"_product_datasheet":["field_650ad7d6ea3a0"],"connectivity":["USB"],"_connectivity":["field_64dce263bb57c"],"brand":["LogTag"],"_brand":["field_64ddf62ed2593"],"brand_image":[""],"_brand_image":["field_650c5e7c84cae"],"_specifications_table":["field_65044e1db92a8"],"_display_data_alarm":["field_667d647bcb066"],"_resources":["field_650849c6945ee"],"_calibration":["field_66a0ddd599972"],"_accessories":["field_650849e6945f0"],"_faqs":["field_650859523d8d5"],"_calibration_suitable_ids_gb":["field_654b4c4acb54a"],"_calibration_suitable_ids_us":["field_654b4c56cb54b"],"_show_in_calibration_suitable":["field_654cfb691d345"],"_other_features":["field_668524f8c98a4"],"_shipping":["field_66852535c98a5"],"_refrigerant_cabinet":["field_66852557c98a6"],"_main_specifications":["field_66855b25b1245"],"_usd_price_4":["field_651570dcac479"],"_usd_price_9":["field_6515713eb4807"],"_usd_price_24":["field_65157141b4809"],"_usd_price_49":["field_65157140b4808"],"_usd_price_99":["field_6515715bb480a"],"_gbp_price_4":["field_6515716e83bfa"],"_gbp_price_9":["field_6515724783bfb"],"_gbp_price_24":["field_6515724b83bfc"],"_gbp_price_49":["field_6515725983bfd"],"_gbp_price_99":["field_6515725d83bfe"],"_usdhk_price_4":["field_6515726f83bff"],"_usdhk_price_9":["field_6515727c83c00"],"_usdhk_price_24":["field_6515728083c01"],"_usdhk_price_49":["field_6515728983c02"],"_usdhk_price_99":["field_6515728e83c03"],"stock_options":["In stock"],"_stock_options":["field_6544b605dc7f9"],"rank_math_primary_product_cat":["100"],"min_temp":["-30"],"max_temp":["60"],"_min_temp":["field_67ea5eb4e0a77"],"_max_temp":["field_67ea5f81e0a79"],"_top_nav_excluded":[""],"_cms_nav_minihome":[""],"wcml_sync_hash":["a:1:{s:15:\"postmeta_fields\";s:32:\"696eb5834436b06c4430a2857d349d36\";}"],"attr_label_translations":["a:0:{}"],"_product_attributes":["a:1:{s:16:\"pa_product-brand\";a:6:{s:4:\"name\";s:16:\"pa_product-brand\";s:5:\"value\";s:0:\"\";s:8:\"position\";i:0;s:10:\"is_visible\";i:1;s:12:\"is_variation\";i:0;s:11:\"is_taxonomy\";i:1;}}"],"_thumbnail_id":["50298"],"_product_image_gallery":[""],"_crosssell_ids":["a:0:{}"],"_wpml_word_count":["302"],"_last_translation_edit_mode":["translation-editor"],"rank_math_focus_keyword":["VAXTAG"],"specifications_table":["<table class=\"w-full\">\n<tbody>\n<tr>\n<td class=\"text-base font-semibold font-gray\">Plage de mesure du capteur<\/td>\n<td class=\"text-base font-gray-300\">De -30 \u00b0C \u00e0 +60 \u00b0C (de -22 \u00b0F \u00e0 +140 \u00b0F)<\/td>\n<\/tr>\n<tr>\n<td class=\"text-base font-semibold font-gray\">Plage de temp\u00e9rature de fonctionnement<\/td>\n<td class=\"text-base font-gray-300\">De -30 \u00b0C \u00e0 +65 \u00b0C (de -22 \u00b0F \u00e0 +149 \u00b0F)<\/td>\n<\/tr>\n<tr>\n<td class=\"text-base font-semibold font-gray\">Plage de temp\u00e9rature de stockage<\/td>\n<td class=\"text-base font-gray-300\">0 \u00b0C \u00e0 +55 \u00b0C (+32\u00b0 F \u00e0 +131 \u00b0F)<\/td>\n<\/tr>\n<tr>\n<td class=\"text-base font-semibold font-gray\">R\u00e9solution de la lecture de la temp\u00e9rature nominale<\/td>\n<td class=\"text-base font-gray-300\">0,1 \u00b0C (0,1 \u00b0F) sur toute la plage<\/td>\n<\/tr>\n<tr>\n<td class=\"text-base font-semibold font-gray\">Pr\u00e9cision de la lecture de la temp\u00e9rature nominale<\/td>\n<td class=\"text-base font-gray-300\">Mieux que \u00b10,5 \u00b0C (\u00b10,9 \u00b0F) pour -20 \u00b0C \u00e0 +40 \u00b0C (-4 \u00b0F \u00e0 104 \u00b0F)\nMieux que \u00b10,7 \u00b0C (\u00b11,3 \u00b0F) pour -30 \u00b0C \u00e0 -20 \u00b0C (-22 \u00b0F \u00e0 -4 \u00b0F)\nMieux que \u00b10,7 \u00b0C (\u00b11,3 \u00b0F) pour +40 \u00b0C \u00e0 +60 \u00b0C (104 \u00b0F \u00e0 140 \u00b0F)<\/td>\n<\/tr>\n<tr>\n<td class=\"text-base font-semibold font-gray\">Type de sonde<\/td>\n<td class=\"text-base font-gray-300\">Interne<\/td>\n<\/tr>\n<tr>\n<td class=\"text-base font-semibold font-gray\">Capacit\u00e9 d'enregistrement<\/td>\n<td class=\"text-base font-gray-300\">16 065 relev\u00e9s de temp\u00e9rature. 67 jours \u00e0 6 minutes d'enregistrement. <\/td>\n<\/tr>\n<tr>\n<td class=\"text-base font-semibold font-gray\">Intervalle d'\u00e9chantillonnage<\/td>\n<td class=\"text-base font-gray-300\">R\u00e9gl\u00e9 en usine sur un intervalle de 6 minutes.<\/td>\n<\/tr>\n<tr>\n<td class=\"text-base font-semibold font-gray\">Options de d\u00e9marrage de l'enregistrement<\/td>\n<td class=\"text-base font-gray-300\">D\u00e9marrage par bouton-poussoir avec d\u00e9lai de d\u00e9marrage de 30 minutes<\/td>\n<\/tr>\n<tr>\n<td class=\"text-base font-semibold font-gray\">Indication d'enregistrement<\/td>\n<td class=\"text-base font-gray-300\">Indicateur d'\u00e9tat \"RECORDING\".<\/td>\n<\/tr>\n<tr>\n<td class=\"text-base font-semibold font-gray\">D\u00e9clenchement de l'alarme<\/td>\n<td class=\"text-base font-gray-300\">Alarme basse : exposition \u00e0 une temp\u00e9rature unique de -0,5\u00b0C ou moins pendant 60 minutes.\nAlarme haute : Exposition \u00e0 une temp\u00e9rature unique de +8\u00b0C ou plus pendant 10 heures.<\/td>\n<\/tr>\n<tr>\n<td class=\"text-base font-semibold font-gray\">Temps de t\u00e9l\u00e9chargement<\/td>\n<td class=\"text-base font-gray-300\">G\u00e9n\u00e9ralement avec une m\u00e9moire compl\u00e8te (16 065 relev\u00e9s), moins de 30 secondes entre le moment de l'insertion et la disponibilit\u00e9 du rapport PDF\n.\nG\u00e9n\u00e9ralement moins de 10 secondes entre le moment de l'insertion et la disponibilit\u00e9 du fichier LTD dans LogTag Analyzer (si configur\u00e9).<\/td>\n<\/tr>\n<tr>\n<td class=\"text-base font-semibold font-gray\">Environnement<\/td>\n<td class=\"text-base font-gray-300\">IEC 60529 : IP65 avec capuchon USB mont\u00e9<\/td>\n<\/tr>\n<tr>\n<td class=\"text-base font-semibold font-gray\">\u00c9talonnage<\/td>\n<td class=\"text-base font-gray-300\">\u00c9talonnage en usine \u00e0 l'aide d'instruments tra\u00e7ables \u00e0 un laboratoire d'essai accr\u00e9dit\u00e9 ISO\/IEC 17025<\/td>\n<\/tr>\n<tr>\n<td class=\"text-base font-semibold font-gray\">Source d'alimentation<\/td>\n<td class=\"text-base font-gray-300\">CR2450 3V LiMnO2 (pile fixe).<\/td>\n<\/tr>\n<tr>\n<td class=\"text-base font-semibold font-gray\">Dur\u00e9e de vie de la batterie<\/td>\n<td class=\"text-base font-gray-300\">G\u00e9n\u00e9ralement 4 ans en mode \u00e9conomiseur d \u00ab \u00e9cran (enregistrement de 6 minutes, statistiques affich\u00e9es sur l \u00bb \u00e9cran pas plus d'une fois par jour pendant 30 secondes \u00e0 chaque fois, t\u00e9l\u00e9chargement des donn\u00e9es une fois par mois) \u00e0 condition que l'enregistreur soit maintenu dans la plage de temp\u00e9rature de stockage lorsqu'il n'est pas utilis\u00e9 et que le produit ne soit pas stock\u00e9 pendant plus de 2 ans avant la premi\u00e8re utilisation.<\/td>\n<\/tr>\n<tr>\n<td class=\"text-base font-semibold font-gray\">Interface de connexion<\/td>\n<td class=\"text-base font-gray-300\">USB 2.0<\/td>\n<\/tr>\n<tr>\n<td class=\"text-base font-semibold font-gray\">Taille<\/td>\n<td class=\"text-base font-gray-300\">107 mm(H) x 54,5 mm (L) x 8,6 mm (T) y compris le capuchon USB<\/td>\n<\/tr>\n<tr>\n<td class=\"text-base font-semibold font-gray\">Poids<\/td>\n<td class=\"text-base font-gray-300\">46.8 g<\/td>\n<\/tr>\n<tr>\n<td class=\"text-base font-semibold font-gray\">Mat\u00e9riau du bo\u00eetier<\/td>\n<td class=\"text-base font-gray-300\">Polycarbonate<\/td>\n<\/tr>\n<\/tbody>\n<\/table>"],"resources":["<ul class=\"resources-list\">\n \t<li><img src=\"https:\/\/praxas.com\/wp-content\/uploads\/document-icon.png\" alt=\"Ic\u00f4ne de document\"><a href=\"https:\/\/praxas.com\/wp-content\/uploads\/VAXTAG-Brochure-ver.B-1.pdf\">Brochure LogTag VAXTAG<\/a><\/li>\n \t<li><img src=\"https:\/\/praxas.com\/wp-content\/uploads\/document-icon.png\" alt=\"Ic\u00f4ne de document\"><a href=\"https:\/\/praxas.com\/wp-content\/uploads\/LogTag_vaxtag_6-language-guide.pdf\">LogTag VAXTAG+ Guide de d\u00e9marrage rapide<\/a><\/li>\n<\/ul>"],"accessories":["[products skus=\"WMB-1,PROTECTIVE ENCLOSURE\"]"],"_uag_page_assets":["a:9:{s:3:\"css\";s:0:\"\";s:2:\"js\";s:0:\"\";s:18:\"current_block_list\";a:0:{}s:8:\"uag_flag\";b:0;s:11:\"uag_version\";s:10:\"1777020109\";s:6:\"gfonts\";a:0:{}s:10:\"gfonts_url\";s:0:\"\";s:12:\"gfonts_files\";a:0:{}s:14:\"uag_faq_layout\";b:0;}"],"rank_math_internal_links_processed":["1"],"_max_variation_price":[""],"_max_variation_regular_price":[""],"_max_variation_sale_price":[""],"_min_variation_price":[""],"_min_variation_regular_price":[""],"_min_variation_sale_price":[""],"_sale_price":[""],"_wc_pb_base_regular_price":[""],"_wc_pb_base_sale_price":[""],"_wc_pb_base_price":[""],"_wc_sw_max_price":[""],"_wc_sw_max_regular_price":[""],"_wc_rating_count":[""],"_wc_review_count":[""],"_wc_average_rating":[0]},"uagb_featured_image_src":{"full":["https:\/\/praxas.com\/wp-content\/uploads\/vaxtag-f.jpg",1200,680,false],"thumbnail":["https:\/\/praxas.com\/wp-content\/uploads\/vaxtag-f-150x150.jpg",150,150,true],"medium":["https:\/\/praxas.com\/wp-content\/uploads\/vaxtag-f-300x170.jpg",300,170,true],"medium_large":["https:\/\/praxas.com\/wp-content\/uploads\/vaxtag-f-768x435.jpg",768,435,true],"large":["https:\/\/praxas.com\/wp-content\/uploads\/vaxtag-f-1024x580.jpg",1024,580,true],"1536x1536":["https:\/\/praxas.com\/wp-content\/uploads\/vaxtag-f.jpg",1200,680,false],"2048x2048":["https:\/\/praxas.com\/wp-content\/uploads\/vaxtag-f.jpg",1200,680,false],"crunchify-admin-post-featured-image":["https:\/\/praxas.com\/wp-content\/uploads\/vaxtag-f-120x68.jpg",120,68,true],"commercegurus-pdp-large":["https:\/\/praxas.com\/wp-content\/uploads\/vaxtag-f-990x561.jpg",990,561,true],"commercegurus-plp-mobile":["https:\/\/praxas.com\/wp-content\/uploads\/vaxtag-f-441x250.jpg",441,250,true],"cgkit_image_swatch":["https:\/\/praxas.com\/wp-content\/uploads\/vaxtag-f-100x100.jpg",100,100,true],"woocommerce_thumbnail":["https:\/\/praxas.com\/wp-content\/uploads\/vaxtag-f-350x198.jpg",350,198,true],"woocommerce_single":["https:\/\/praxas.com\/wp-content\/uploads\/vaxtag-f-800x453.jpg",800,453,true],"woocommerce_gallery_thumbnail":["https:\/\/praxas.com\/wp-content\/uploads\/vaxtag-f-150x85.jpg",150,85,true]},"uagb_author_info":{"display_name":"Alex James","author_link":"https:\/\/praxas.com\/fr\/author\/"},"uagb_comment_info":0,"uagb_excerpt":"De -30\u00b0C \u00e0 +60\u00b0C USB int\u00e9gr\u00e9 pour des rapports PDF sans logiciel Class\u00e9 PQS par l'OMS (Code E006\/013) Alarme visuelle sur l'\u00e9cran LCD en cas de d\u00e9passement de la temp\u00e9rature M\u00e9moire de 67 jours avec r\u00e9sum\u00e9 de 30 jours sur l'\u00e9cran","_links":{"self":[{"href":"https:\/\/praxas.com\/fr\/wp-json\/wp\/v2\/product\/50305","targetHints":{"allow":["GET"]}}],"collection":[{"href":"https:\/\/praxas.com\/fr\/wp-json\/wp\/v2\/product"}],"about":[{"href":"https:\/\/praxas.com\/fr\/wp-json\/wp\/v2\/types\/product"}],"wp:featuredmedia":[{"embeddable":true,"href":"https:\/\/praxas.com\/fr\/wp-json\/wp\/v2\/media\/50298"}],"wp:attachment":[{"href":"https:\/\/praxas.com\/fr\/wp-json\/wp\/v2\/media?parent=50305"}],"wp:term":[{"taxonomy":"product_brand","embeddable":true,"href":"https:\/\/praxas.com\/fr\/wp-json\/wp\/v2\/product_brand?post=50305"},{"taxonomy":"product_cat","embeddable":true,"href":"https:\/\/praxas.com\/fr\/wp-json\/wp\/v2\/product_cat?post=50305"},{"taxonomy":"product_tag","embeddable":true,"href":"https:\/\/praxas.com\/fr\/wp-json\/wp\/v2\/product_tag?post=50305"}],"curies":[{"name":"wp","href":"https:\/\/api.w.org\/{rel}","templated":true}]}}