{"id":50330,"date":"2025-06-23T15:25:32","date_gmt":"2025-06-23T13:25:32","guid":{"rendered":"https:\/\/praxas.com\/product\/non%20class\u00e9\/haso-8-enregistreur-de-temperature-et-dhumidite\/"},"modified":"2025-08-06T08:08:40","modified_gmt":"2025-08-06T08:08:40","slug":"haso-8-enregistreur-de-temperature-et-dhumidite","status":"publish","type":"product","link":"https:\/\/praxas.com\/fr\/product\/data-loggers-fr\/temperature-et-humidite\/haso-8-enregistreur-de-temperature-et-dhumidite\/","title":{"rendered":"HASO-8 Enregistreur de temp\u00e9rature et d&rsquo;humidit\u00e9"},"content":{"rendered":"<p data-start=\"137\" data-end=\"195\"><strong data-start=\"137\" data-end=\"195\">HASO-8 &#8211; Enregistreur de donn\u00e9es de temp\u00e9rature et d&rsquo;humidit\u00e9 \u00e0 usage unique<\/strong><\/p>\n<p data-start=\"197\" data-end=\"396\">Le HASO-8 est un enregistreur de donn\u00e9es \u00e0 usage unique con\u00e7u pour enregistrer simultan\u00e9ment des donn\u00e9es de temp\u00e9rature et d&rsquo;humidit\u00e9 \u00e0 haute r\u00e9solution, ce qui le rend id\u00e9al pour la surveillance de la cha\u00eene du froid, le stockage et les applications de transport.<\/p>\n<p data-start=\"398\" data-end=\"724\">Pouvant stocker jusqu&rsquo;\u00e0 8 000 relev\u00e9s d&rsquo;humidit\u00e9 et de temp\u00e9rature appari\u00e9s, le HASO-8 est enferm\u00e9 dans un bo\u00eetier en polycarbonate durable et comporte un capteur \u00e0 r\u00e9ponse rapide avec horloge en temps r\u00e9el pour des enregistrements horodat\u00e9s pr\u00e9cis. Les seuils d&rsquo;alarme haut et bas personnalisables d\u00e9clenchent un indicateur visuel \u00ab\u00a0ALERTE\u00a0\u00bb en cas de d\u00e9passement. <\/p>\n<p data-start=\"726\" data-end=\"739\">Caract\u00e9ristiques principales :<\/p>\n<ul data-start=\"741\" data-end=\"1334\">\n<li data-start=\"741\" data-end=\"821\">Plages de mesure :\n<ul data-start=\"765\" data-end=\"821\">\n<li data-start=\"765\" data-end=\"794\">Temp\u00e9rature : -40\u00b0C \u00e0 +85\u00b0C<\/li>\n<li data-start=\"797\" data-end=\"821\">Humidit\u00e9 : 0 \u00e0 100 % RH<\/li>\n<\/ul>\n<\/li>\n<li data-start=\"823\" data-end=\"884\">Stocke jusqu&rsquo;\u00e0 8 000 relev\u00e9s de temp\u00e9rature et d&rsquo;humidit\u00e9 appari\u00e9s<\/li>\n<li data-start=\"886\" data-end=\"945\">Indicateurs \u00ab\u00a0OK\u00a0\u00bb et \u00ab\u00a0ALERT\u00a0\u00bb pour un retour d&rsquo;information imm\u00e9diat sur l&rsquo;\u00e9tat de la situation<\/li>\n<li data-start=\"947\" data-end=\"977\">Bo\u00eetier en polycarbonate durable<\/li>\n<li data-start=\"979\" data-end=\"1035\">Capteur \u00e0 r\u00e9ponse rapide pour une surveillance pr\u00e9cise en temps r\u00e9el<\/li>\n<li data-start=\"1037\" data-end=\"1087\">Alarmes personnalisables via le logiciel LogTag Analyzer<\/li>\n<li data-start=\"1089\" data-end=\"1172\">Donn\u00e9es t\u00e9l\u00e9charg\u00e9es via l&rsquo;interface standard LogTag \u00e0 l&rsquo;aide du logiciel gratuit LogTag Analyzer<\/li>\n<li data-start=\"1174\" data-end=\"1334\">Conforme aux principales normes internationales :\n<ul data-start=\"1219\" data-end=\"1334\">\n<li data-start=\"1219\" data-end=\"1239\">FDA 21 CFR Part 11<\/li>\n<li data-start=\"1242\" data-end=\"1255\">CE Annexe 11<\/li>\n<li data-start=\"1258\" data-end=\"1307\">R\u00e9glementation IATA sur les marchandises dangereuses (59e \u00e9dition)<\/li>\n<li data-start=\"1310\" data-end=\"1334\">CE, FCC, RCM et RoHS<\/li>\n<\/ul>\n<\/li>\n<\/ul>\n<p>&nbsp;<\/p>\n","protected":false},"excerpt":{"rendered":"<ul>\n<li>De -40\u00b0C \u00e0 +85\u00b0C<\/li>\n<li>Plage d&rsquo;humidit\u00e9 de 0 \u00e0 100 % RH<\/li>\n<li>Usage unique avec 8 000 lectures appari\u00e9es<\/li>\n<li>Indicateurs d&rsquo;\u00e9tat \u00ab\u00a0OK\u00a0\u00bb et \u00ab\u00a0ALERT\u00a0\u00bb.<\/li>\n<li>Temps de r\u00e9ponse rapide pour le suivi des transports<\/li>\n<\/ul>\n","protected":false},"featured_media":50323,"template":"","meta":{"_acf_changed":false,"content-type":"","_uag_custom_page_level_css":""},"product_brand":[],"product_cat":[1226,1282],"product_tag":[2516,2260],"class_list":{"0":"post-50330","1":"product","2":"type-product","3":"status-publish","4":"has-post-thumbnail","6":"product_cat-temperature-et-humidite","7":"product_cat-data-loggers-fr","8":"product_tag-logtag-fr","9":"product_tag-temperature-fr","11":"first","12":"instock","13":"taxable","14":"shipping-taxable","15":"purchasable","16":"product-type-simple"},"bundled_by":[],"bundle_stock_status":"instock","bundle_stock_quantity":null,"bundle_virtual":false,"bundle_layout":"","bundle_add_to_cart_form_location":"","bundle_editable_in_cart":false,"bundle_sold_individually_context":"","bundle_item_grouping":"","bundle_min_size":"","bundle_max_size":"","bundle_price":[],"bundled_items":[],"bundle_sell_ids":[],"acf":[],"spectra_custom_meta":{"hubwoo_ecomm_pro_id":["25159443372"],"_wcml_average_rating":[null],"_wcml_review_count":[null],"_wcml_rating_count":[null],"_backorders":["no"],"_download_limit":["-1"],"_download_expiry":["-1"],"_downloadable":["no"],"_manage_stock":["no"],"_sku":["HASO-8"],"_stock_status":["instock"],"_sold_individually":["no"],"_tax_class":[""],"_tax_status":["taxable"],"_virtual":["no"],"total_sales":["13"],"_regular_price":["60.90"],"_price":["60.90"],"product_datasheet":[""],"_product_datasheet":["field_650ad7d6ea3a0"],"connectivity":["Interface Cradle"],"_connectivity":["field_64dce263bb57c"],"brand":["LogTag"],"_brand":["field_64ddf62ed2593"],"brand_image":[""],"_brand_image":["field_650c5e7c84cae"],"_specifications_table":["field_65044e1db92a8"],"_display_data_alarm":["field_667d647bcb066"],"_resources":["field_650849c6945ee"],"_calibration":["field_66a0ddd599972"],"_accessories":["field_650849e6945f0"],"_faqs":["field_650859523d8d5"],"_calibration_suitable_ids_gb":["field_654b4c4acb54a"],"_calibration_suitable_ids_us":["field_654b4c56cb54b"],"_show_in_calibration_suitable":["field_654cfb691d345"],"_shipping":["field_66852535c98a5"],"_refrigerant_cabinet":["field_66852557c98a6"],"_main_specifications":["field_66855b25b1245"],"_usd_price_4":["field_651570dcac479"],"_usd_price_9":["field_6515713eb4807"],"_usd_price_24":["field_65157141b4809"],"_usd_price_49":["field_65157140b4808"],"_usd_price_99":["field_6515715bb480a"],"_gbp_price_4":["field_6515716e83bfa"],"_gbp_price_9":["field_6515724783bfb"],"_gbp_price_24":["field_6515724b83bfc"],"_gbp_price_49":["field_6515725983bfd"],"_gbp_price_99":["field_6515725d83bfe"],"_usdhk_price_4":["field_6515726f83bff"],"_usdhk_price_9":["field_6515727c83c00"],"_usdhk_price_24":["field_6515728083c01"],"_usdhk_price_49":["field_6515728983c02"],"_usdhk_price_99":["field_6515728e83c03"],"stock_options":["In stock"],"_stock_options":["field_6544b605dc7f9"],"rank_math_primary_product_cat":["97"],"min_temp":["-40"],"max_temp":["85"],"_min_temp":["field_67ea5eb4e0a77"],"_max_temp":["field_67ea5f81e0a79"],"_top_nav_excluded":[""],"_cms_nav_minihome":[""],"wcml_sync_hash":["a:1:{s:15:\"postmeta_fields\";s:32:\"b1263cadc20bbfd0d6f482b2f797714e\";}"],"attr_label_translations":["a:0:{}"],"_product_attributes":["a:1:{s:16:\"pa_product-brand\";a:6:{s:4:\"name\";s:16:\"pa_product-brand\";s:5:\"value\";s:0:\"\";s:8:\"position\";i:0;s:10:\"is_visible\";i:1;s:12:\"is_variation\";i:0;s:11:\"is_taxonomy\";i:1;}}"],"_thumbnail_id":["50323"],"_product_image_gallery":["50317"],"_crosssell_ids":["a:0:{}"],"_wpml_word_count":["281"],"_last_translation_edit_mode":["translation-editor"],"_other_features":["field_686fa2aa98dce"],"_global_unique_id":["850040258189"],"rank_math_focus_keyword":["HASO-8"],"specifications_table":["<table class=\"w-full\">\n<tbody>\n<tr>\n<td class=\"text-base font-semibold font-gray\">Plage de mesure du capteur<\/td>\n<td class=\"text-base font-gray-300\">De -40\u00b0C \u00e0 +85\u00b0C (de -40\u00b0F \u00e0 +185\u00b0F)<\/td>\n<\/tr>\n<tr>\n<td class=\"text-base font-semibold font-gray\">Plage de temp\u00e9rature de fonctionnement<\/td>\n<td class=\"text-base font-gray-300\">De -40\u00b0C \u00e0 +85\u00b0C (de -40\u00b0F \u00e0 +185\u00b0F)<\/td>\n<\/tr>\n<tr>\n<td class=\"text-base font-semibold font-gray\">Plage de temp\u00e9rature de stockage<\/td>\n<td class=\"text-base font-gray-300\">De +10\u00b0C \u00e0 +50\u00b0C (de +50\u00b0F \u00e0 +122\u00b0F)<\/td>\n<\/tr>\n<tr>\n<td class=\"text-base font-semibold font-gray\">Plage de mesure de l'humidit\u00e9<\/td>\n<td class=\"text-base font-gray-300\">0 % HR \u00e0 100 % HR (sans condensation), avec limitations<\/td>\n<\/tr>\n<tr>\n<td class=\"text-base font-semibold font-gray\">Humidit\u00e9 Plage de fonctionnement<\/td>\n<td class=\"text-base font-gray-300\">0% HR \u00e0 100% HR (sans condensation), avec limitations<\/td>\n<\/tr>\n<tr>\n<td class=\"text-base font-semibold font-gray\">Plage d'humidit\u00e9 de stockage<\/td>\n<td class=\"text-base font-gray-300\">20 % HR \u00e0 65 % HR<\/td>\n<\/tr>\n<tr>\n<td class=\"text-base font-semibold font-gray\">Pr\u00e9cision de la lecture de la temp\u00e9rature nominale<\/td>\n<td class=\"text-base font-gray-300\">Sup\u00e9rieure \u00e0 \u00b10,45\u00b0C (\u00b10,8\u00b0F) pour +0\u00b0C \u00e0 +50\u00b0C (+32\u00b0F \u00e0 +122\u00b0F), typiquement \u00b10,3\u00b0C (0,6\u00b0F).\nSup\u00e9rieure \u00e0 \u00b10,8\u00b0C (\u00b11,4\u00b0F) pour +50\u00b0C \u00e0 +80\u00b0C (+122\u00b0F \u00e0 +176\u00b0F), typiquement \u00b10,5\u00b0C (0,9\u00b0F).\nMieux que \u00b10,95\u00b0C (\u00b11,7\u00b0F) pour -40\u00b0C \u00e0 +0\u00b0C (-40\u00b0F \u00e0 +32\u00b0F), typiquement \u00b10,6\u00b0C (1,1\u00b0F).\nLes performances r\u00e9elles sont typiquement bien meilleures que les valeurs nominales.\nLes chiffres de pr\u00e9cision peuvent \u00eatre am\u00e9lior\u00e9s par un recalibrage.<\/td>\n<\/tr>\n<tr>\n<td class=\"text-base font-semibold font-gray\">Pr\u00e9cision de la lecture de l'humidit\u00e9 nominale<\/td>\n<td class=\"text-base font-gray-300\">Sup\u00e9rieure \u00e0 \u00b15%HR de 10%HR \u00e0 80%HR.\nSup\u00e9rieure \u00e0 \u00b16%HR de 0%HR \u00e0 10%HR.\nSup\u00e9rieure \u00e0 \u00b17%HR de 80%HR \u00e0 100%HR.\nLes performances r\u00e9elles sont g\u00e9n\u00e9ralement bien meilleures que les valeurs nominales.\nLes chiffres de pr\u00e9cision peuvent \u00eatre am\u00e9lior\u00e9s par recalibrage.<\/td>\n<\/tr>\n<tr>\n<td class=\"text-base font-semibold font-gray\">R\u00e9solution de l'humidit\u00e9<\/td>\n<td class=\"text-base font-gray-300\">Sup\u00e9rieure \u00e0 0,1 % HR.<\/td>\n<\/tr>\n<tr>\n<td class=\"text-base font-semibold font-gray\">R\u00e9solution de la temp\u00e9rature<\/td>\n<td class=\"text-base font-gray-300\">Sup\u00e9rieure \u00e0 0,1\u00b0C ou 0,1\u00b0F<\/td>\n<\/tr>\n<tr>\n<td class=\"text-base font-semibold font-gray\">Capacit\u00e9 d'enregistrement<\/td>\n<td class=\"text-base font-gray-300\">8 003 paires de relev\u00e9s d'humidit\u00e9 et de temp\u00e9rature. 53 jours \u00e0 10 minutes d'enregistrement, 80 jours \u00e0 15 minutes d'enregistrement. <\/td>\n<\/tr>\n<tr>\n<td class=\"text-base font-semibold font-gray\">Intervalle d \u00ab \u00e9chantillonnage<\/td>\n<td class=\"text-base font-gray-300\">Intervalle d \u00bb \u00e9chantillonnage<\/td>\n<\/tr>\n<tr>\n<td class=\"text-base font-semibold font-gray\">Options de d\u00e9marrage de l'enregistrement<\/td>\n<td class=\"text-base font-gray-300\">Options de d\u00e9marrage de l'enregistrement<\/td>\n<\/tr>\n<tr>\n<td class=\"text-base font-semibold font-gray\">Indication d'enregistrement<\/td>\n<td class=\"text-base font-gray-300\">Indicateur clignotant \u00ab OK \u00bb \/ indicateur clignotant \u00ab ALERTE \u00bb.<\/td>\n<\/tr>\n<tr>\n<td class=\"text-base font-semibold font-gray\">Temps de t\u00e9l\u00e9chargement<\/td>\n<td class=\"text-base font-gray-300\">G\u00e9n\u00e9ralement moins de 10 secondes pour une m\u00e9moire compl\u00e8te, en fonction de l'ordinateur ou du dispositif de lecture utilis\u00e9.<\/td>\n<\/tr>\n<tr>\n<td class=\"text-base font-semibold font-gray\">Environnement<\/td>\n<td class=\"text-base font-gray-300\">IP61 (en cas d'accrochage ou de montage vertical).<\/td>\n<\/tr>\n<tr>\n<td class=\"text-base font-semibold font-gray\">Source d'alimentation<\/td>\n<td class=\"text-base font-gray-300\">CR2032 3V LiMnO2 (fixe)<\/td>\n<\/tr>\n<tr>\n<td class=\"text-base font-semibold font-gray\">Dur\u00e9e de vie de la batterie<\/td>\n<td class=\"text-base font-gray-300\">2 ans de stockage, suivis de 6 mois de fonctionnement.<\/td>\n<\/tr>\n<tr>\n<td class=\"text-base font-semibold font-gray\">Horloge temps r\u00e9el<\/td>\n<td class=\"text-base font-gray-300\">Horloge temps r\u00e9el int\u00e9gr\u00e9e.\nPr\u00e9cision nominale \u00b125ppm @ 25\u00b0C (\u00e9quivalent \u00e0 2,5 secondes\/jour).\nLe coefficient de temp\u00e9rature nominal est de -0,034 \u00b10,006ppm\/\u00b0C (c'est-\u00e0-dire typiquement +\/- 0,00294 seconde\/jour\/\u00b0C).<\/td>\n<\/tr>\n<tr>\n<td class=\"text-base font-semibold font-gray\">Interface de connexion<\/td>\n<td class=\"text-base font-gray-300\">Berceau d'interface.<\/td>\n<\/tr>\n<tr>\n<td class=\"text-base font-semibold font-gray\">Logiciel<\/td>\n<td class=\"text-base font-gray-300\">Analyseur LogTag\u00ae.<\/td>\n<\/tr>\n<tr>\n<td class=\"text-base font-semibold font-gray\">Taille<\/td>\n<td class=\"text-base font-gray-300\">86 mm(H) x 54,5 mm(L) x 8,6 mm(T).<\/td>\n<\/tr>\n<tr>\n<td class=\"text-base font-semibold font-gray\">Poids<\/td>\n<td class=\"text-base font-gray-300\">34g.<\/td>\n<\/tr>\n<tr>\n<td class=\"text-base font-semibold font-gray\">Mat\u00e9riau du bo\u00eetier<\/td>\n<td class=\"text-base font-gray-300\">Polycarbonate.<\/td>\n<\/tr>\n<\/tbody>\n<\/table>"],"resources":["<ul class=\"resources-list\">\n \t<li><img src=\"https:\/\/praxas.com\/wp-content\/uploads\/document-icon.png\" alt=\"Ic\u00f4ne de document\"><a href=\"https:\/\/praxas.com\/wp-content\/uploads\/LogTag_HASO-8_Brochure.pdf\">Brochure LogTag HASO-8<\/a><\/li>\n \t<li><img src=\"https:\/\/praxas.com\/wp-content\/uploads\/document-icon.png\" alt=\"Ic\u00f4ne de document\"><a href=\"https:\/\/praxas.com\/wp-content\/uploads\/HAXO-8-QuickStartGuide.pdf\">Guide de d\u00e9marrage rapide du LogTag HASO-8<\/a><\/li>\n<\/ul>"],"accessories":["[products skus=\"LTI-HID,WMB-1\"]"],"_uag_page_assets":["a:9:{s:3:\"css\";s:0:\"\";s:2:\"js\";s:0:\"\";s:18:\"current_block_list\";a:0:{}s:8:\"uag_flag\";b:0;s:11:\"uag_version\";s:10:\"1777295789\";s:6:\"gfonts\";a:0:{}s:10:\"gfonts_url\";s:0:\"\";s:12:\"gfonts_files\";a:0:{}s:14:\"uag_faq_layout\";b:0;}"],"rank_math_internal_links_processed":["1"],"_max_variation_price":[""],"_max_variation_regular_price":[""],"_max_variation_sale_price":[""],"_min_variation_price":[""],"_min_variation_regular_price":[""],"_min_variation_sale_price":[""],"_sale_price":[""],"_wc_pb_base_regular_price":[""],"_wc_pb_base_sale_price":[""],"_wc_pb_base_price":[""],"_wc_sw_max_price":[""],"_wc_sw_max_regular_price":[""],"_wc_rating_count":[""],"_wc_review_count":[""],"_wc_average_rating":[0]},"uagb_featured_image_src":{"full":["https:\/\/praxas.com\/wp-content\/uploads\/HASO-8_front.jpg",1200,680,false],"thumbnail":["https:\/\/praxas.com\/wp-content\/uploads\/HASO-8_front-150x150.jpg",150,150,true],"medium":["https:\/\/praxas.com\/wp-content\/uploads\/HASO-8_front-300x170.jpg",300,170,true],"medium_large":["https:\/\/praxas.com\/wp-content\/uploads\/HASO-8_front-768x435.jpg",768,435,true],"large":["https:\/\/praxas.com\/wp-content\/uploads\/HASO-8_front-1024x580.jpg",1024,580,true],"1536x1536":["https:\/\/praxas.com\/wp-content\/uploads\/HASO-8_front.jpg",1200,680,false],"2048x2048":["https:\/\/praxas.com\/wp-content\/uploads\/HASO-8_front.jpg",1200,680,false],"crunchify-admin-post-featured-image":["https:\/\/praxas.com\/wp-content\/uploads\/HASO-8_front-120x68.jpg",120,68,true],"commercegurus-pdp-large":["https:\/\/praxas.com\/wp-content\/uploads\/HASO-8_front-990x561.jpg",990,561,true],"commercegurus-plp-mobile":["https:\/\/praxas.com\/wp-content\/uploads\/HASO-8_front-441x250.jpg",441,250,true],"cgkit_image_swatch":["https:\/\/praxas.com\/wp-content\/uploads\/HASO-8_front-100x100.jpg",100,100,true],"woocommerce_thumbnail":["https:\/\/praxas.com\/wp-content\/uploads\/HASO-8_front-350x198.jpg",350,198,true],"woocommerce_single":["https:\/\/praxas.com\/wp-content\/uploads\/HASO-8_front-800x453.jpg",800,453,true],"woocommerce_gallery_thumbnail":["https:\/\/praxas.com\/wp-content\/uploads\/HASO-8_front-150x85.jpg",150,85,true]},"uagb_author_info":{"display_name":"Alex James","author_link":"https:\/\/praxas.com\/fr\/author\/"},"uagb_comment_info":0,"uagb_excerpt":"De -40\u00b0C \u00e0 +85\u00b0C Plage d'humidit\u00e9 de 0 \u00e0 100 % RH Usage unique avec 8 000 lectures appari\u00e9es Indicateurs d'\u00e9tat \"OK\" et \"ALERT\". Temps de r\u00e9ponse rapide pour le suivi des transports","_links":{"self":[{"href":"https:\/\/praxas.com\/fr\/wp-json\/wp\/v2\/product\/50330","targetHints":{"allow":["GET"]}}],"collection":[{"href":"https:\/\/praxas.com\/fr\/wp-json\/wp\/v2\/product"}],"about":[{"href":"https:\/\/praxas.com\/fr\/wp-json\/wp\/v2\/types\/product"}],"wp:featuredmedia":[{"embeddable":true,"href":"https:\/\/praxas.com\/fr\/wp-json\/wp\/v2\/media\/50323"}],"wp:attachment":[{"href":"https:\/\/praxas.com\/fr\/wp-json\/wp\/v2\/media?parent=50330"}],"wp:term":[{"taxonomy":"product_brand","embeddable":true,"href":"https:\/\/praxas.com\/fr\/wp-json\/wp\/v2\/product_brand?post=50330"},{"taxonomy":"product_cat","embeddable":true,"href":"https:\/\/praxas.com\/fr\/wp-json\/wp\/v2\/product_cat?post=50330"},{"taxonomy":"product_tag","embeddable":true,"href":"https:\/\/praxas.com\/fr\/wp-json\/wp\/v2\/product_tag?post=50330"}],"curies":[{"name":"wp","href":"https:\/\/api.w.org\/{rel}","templated":true}]}}