{"id":51396,"date":"2025-08-06T11:48:42","date_gmt":"2025-08-06T09:48:42","guid":{"rendered":"https:\/\/praxas.com\/product\/non%20class\u00e9\/enregistreur-de-temperature-et-dhumidite-haxo-16u\/"},"modified":"2026-01-20T14:16:44","modified_gmt":"2026-01-20T13:16:44","slug":"enregistreur-de-temperature-et-dhumidite-haxo-16u","status":"publish","type":"product","link":"https:\/\/praxas.com\/fr\/product\/data-loggers-fr\/temperature-et-humidite\/enregistreur-de-temperature-et-dhumidite-haxo-16u\/","title":{"rendered":"Enregistreur de temp\u00e9rature et d&rsquo;humidit\u00e9 HAXO-16U"},"content":{"rendered":"<p data-start=\"239\" data-end=\"648\">Le <strong data-start=\"243\" data-end=\"255\">HAXO-16U<\/strong> est un enregistreur de donn\u00e9es de temp\u00e9rature et d&rsquo;humidit\u00e9 fiable et facile \u00e0 utiliser, con\u00e7u pour prot\u00e9ger les produits sensibles tels que les produits pharmaceutiques, les produits de sant\u00e9, les aliments, les fleurs, les poudres et le b\u00e9tail pendant le transport et le stockage. Aucun logiciel n&rsquo;\u00e9tant n\u00e9cessaire pour acc\u00e9der \u00e0 vos donn\u00e9es, les utilisateurs n&rsquo;ont qu&rsquo;\u00e0 connecter l&rsquo;appareil \u00e0 un PC via le port USB int\u00e9gr\u00e9 pour g\u00e9n\u00e9rer instantan\u00e9ment des rapports PDF et CSV clairs et rapides.<\/p>\n<p data-start=\"650\" data-end=\"1080\">Le contr\u00f4le est facilit\u00e9 par l&rsquo;\u00e9cran LCD lumineux, qui permet d&rsquo;effectuer des mises \u00e0 jour en un coup d&rsquo;\u0153il pendant l&rsquo;exp\u00e9dition ou l&rsquo;entreposage. Le HAXO-16U fonctionne avec un seul bouton, ce qui permet de marquer rapidement les \u00e9v\u00e9nements ou de d\u00e9marrer\/arr\u00eater l&rsquo;enregistrement sans avoir besoin d&rsquo;une formation compliqu\u00e9e. Construit pour r\u00e9sister aux environnements difficiles, il est dot\u00e9 d&rsquo;un bo\u00eetier robuste en polycarbonate et fonctionne de mani\u00e8re fiable jusqu&rsquo;\u00e0 -30 \u00b0C, ce qui le rend id\u00e9al pour la logistique de la cha\u00eene du froid.  <\/p>\n<p data-start=\"1082\" data-end=\"1505\">Offrant jusqu&rsquo;\u00e0 <strong data-start=\"1097\" data-end=\"1122\">365 jours d&rsquo;enregistrement<\/strong> ou <strong data-start=\"1126\" data-end=\"1145\">32 000 relev\u00e9s<\/strong>, l&rsquo;appareil convient aux voyages maritimes prolong\u00e9s et \u00e0 la surveillance \u00e0 long terme. Disponible en version \u00e0 usage unique ou multiple, il s&rsquo;agit d&rsquo;un choix rentable pour les entreprises qui ont besoin d&rsquo;une surveillance pr\u00e9cise et fiable sans co\u00fbts permanents de logiciel ou de mat\u00e9riel. Pour ceux qui veulent plus de contr\u00f4le, la configuration est disponible via le logiciel gratuit LogTag\u00ae Analyzer.<\/p>\n","protected":false},"excerpt":{"rendered":"<ul>\n<li>Contr\u00f4le de la temp\u00e9rature et de l&rsquo;humidit\u00e9<\/li>\n<li data-start=\"245\" data-end=\"267\">Plage de -30\u00b0C \u00e0 +70\u00b0C<\/li>\n<li data-start=\"270\" data-end=\"294\">Jusqu&rsquo;\u00e0 365 jours d&rsquo;enregistrement<\/li>\n<li data-start=\"297\" data-end=\"322\">Capacit\u00e9 de lecture de 32 000<\/li>\n<li data-start=\"351\" data-end=\"372\">T\u00e9l\u00e9chargement direct de l&rsquo;USB<\/li>\n<\/ul>\n","protected":false},"featured_media":51377,"template":"","meta":{"_acf_changed":false,"content-type":"","_uag_custom_page_level_css":""},"product_brand":[],"product_cat":[1226],"product_tag":[2516,1260],"class_list":{"0":"post-51396","1":"product","2":"type-product","3":"status-publish","4":"has-post-thumbnail","6":"product_cat-temperature-et-humidite","7":"product_tag-logtag-fr","8":"product_tag-usb-fr","10":"first","11":"instock","12":"taxable","13":"shipping-taxable","14":"purchasable","15":"product-type-variable"},"bundled_by":[],"bundle_stock_status":"instock","bundle_stock_quantity":null,"bundle_virtual":false,"bundle_layout":"","bundle_add_to_cart_form_location":"","bundle_editable_in_cart":false,"bundle_sold_individually_context":"","bundle_item_grouping":"","bundle_min_size":"","bundle_max_size":"","bundle_price":[],"bundled_items":[],"bundle_sell_ids":[],"acf":[],"spectra_custom_meta":{"hubwoo_ecomm_pro_id":["27172588036"],"_wcml_average_rating":[null],"_wcml_review_count":[null],"_wcml_rating_count":[null],"_backorders":["no"],"_download_limit":["-1"],"_download_expiry":["-1"],"_downloadable":["no"],"_manage_stock":["no"],"_sku":["HAXO-16U"],"_stock_status":["instock"],"_sold_individually":["no"],"_tax_class":[""],"_tax_status":["taxable"],"_virtual":["no"],"_weight":["0.0468"],"_width":["0.86"],"_height":["10.7"],"_length":["5.45"],"total_sales":["1"],"_price":["85.40","114.80"],"connectivity":["USB"],"_connectivity":["field_64dce263bb57c"],"brand":["LogTag"],"_brand":["field_64ddf62ed2593"],"brand_image":[""],"_brand_image":["field_650c5e7c84cae"],"_product_image_gallery":["51383,51389"],"_specifications_table":["field_65044e1db92a8"],"_display_data_alarm":["field_667d647bcb066"],"_resources":["field_650849c6945ee"],"_calibration":["field_66a0ddd599972"],"_accessories":["field_650849e6945f0"],"_faqs":["field_650859523d8d5"],"_other_features":["field_686fa2aa98dce"],"_shipping":["field_66852535c98a5"],"_refrigerant_cabinet":["field_66852557c98a6"],"_main_specifications":["field_66855b25b1245"],"stock_options":["In stock"],"_stock_options":["field_6544b605dc7f9"],"rank_math_primary_product_cat":["0"],"min_temp":["-30"],"max_temp":["70"],"_min_temp":["field_67ea5eb4e0a77"],"_max_temp":["field_67ea5f81e0a79"],"_top_nav_excluded":[""],"_cms_nav_minihome":[""],"wcml_sync_hash":["a:1:{s:15:\"postmeta_fields\";s:32:\"a9b9c1c4d524c0eb017c98d12316c862\";}"],"attr_label_translations":["a:0:{}"],"_product_attributes":["a:2:{s:16:\"pa_product-brand\";a:6:{s:4:\"name\";s:16:\"pa_product-brand\";s:5:\"value\";s:0:\"\";s:8:\"position\";i:0;s:10:\"is_visible\";i:1;s:12:\"is_variation\";i:0;s:11:\"is_taxonomy\";i:1;}s:16:\"pa_make-a-choice\";a:6:{s:4:\"name\";s:16:\"pa_make-a-choice\";s:5:\"value\";s:0:\"\";s:8:\"position\";i:1;s:10:\"is_visible\";i:1;s:12:\"is_variation\";i:1;s:11:\"is_taxonomy\";i:1;}}"],"_thumbnail_id":["51377"],"_crosssell_ids":["a:0:{}"],"_wpml_word_count":["300"],"rank_math_focus_keyword":["haxo-16"],"specifications_table":["<table class=\"specifications\">\n<tbody>\n<tr>\n<td class=\"left-td\">Mod\u00e8le du produit<\/td>\n<td>HAXO-16U (options \u00e0 usage unique et \u00e0 usage multiple disponibles)<\/td>\n<\/tr>\n<tr>\n<td class=\"left-td\">Plage de mesure du capteur<\/td>\n<td>De -30\u00b0C \u00e0 +70\u00b0C (de -22\u00b0F \u00e0 +158\u00b0F)<\/td>\n<\/tr>\n<tr>\n<td class=\"left-td\">Plage de temp\u00e9rature de fonctionnement<\/td>\n<td>De -30\u00b0C \u00e0 +70\u00b0C (de -22\u00b0F \u00e0 +158\u00b0F)<\/td>\n<\/tr>\n<tr>\n<td class=\"left-td\">Plage de temp\u00e9rature de stockage<\/td>\n<td>0\u00b0C \u00e0 +40\u00b0C (32\u00b0F \u00e0 +104\u00b0F)<\/td>\n<\/tr>\n<tr>\n<td class=\"left-td\">Plage de mesure de l'humidit\u00e9<\/td>\n<td>0%HR \u00e0 100%HR (sans condensation), avec limitations<\/td>\n<\/tr>\n<tr>\n<td class=\"left-td\">Humidit\u00e9 Plage de fonctionnement<\/td>\n<td>0%HR \u00e0 100%HR (sans condensation), avec limitations<\/td>\n<\/tr>\n<tr>\n<td class=\"left-td\">Plage de stockage de l'humidit\u00e9<\/td>\n<td>20 %HR \u00e0 60 %HR*<\/td>\n<\/tr>\n<tr>\n<td class=\"left-td\">Pr\u00e9cision de la temp\u00e9rature<\/td>\n<td>\u00b10,45\u00b0C (\u00b10,8\u00b0F) de 0\u00b0C \u00e0 +50\u00b0C, typiquement \u00b10,3\u00b0C (\u00b10,6\u00b0F)\n\u00b10,8\u00b0C (\u00b11,4\u00b0F) de +50\u00b0C \u00e0 +70\u00b0C, typiquement \u00b10,5\u00b0C (\u00b10,9\u00b0F)\n\u00b10,95\u00b0C (\u00b11,7\u00b0F) de -30\u00b0C \u00e0 0\u00b0C, typiquement \u00b10,6\u00b0C (\u00b11,1\u00b0F)<\/td>\n<\/tr>\n<tr>\n<td class=\"left-td\">Pr\u00e9cision de l'humidit\u00e9<\/td>\n<td>\u00b13%HR de 20%HR \u00e0 80%HR, typiquement \u00b12%HR\n\u00b15%HR de 0%HR \u00e0 20%HR, typiquement \u00b14%HR\n\u00b15%HR de 80%HR \u00e0 100%HR, typiquement \u00b14%HR<\/td>\n<\/tr>\n<tr>\n<td class=\"left-td\">R\u00e9solution de l'humidit\u00e9<\/td>\n<td>Sup\u00e9rieure \u00e0 0,1 %HR<\/td>\n<\/tr>\n<tr>\n<td class=\"left-td\">R\u00e9solution de la temp\u00e9rature<\/td>\n<td>Sup\u00e9rieure \u00e0 0,1\u00b0C ou 0,1\u00b0F<\/td>\n<\/tr>\n<tr>\n<td class=\"left-td\">Capacit\u00e9 d'enregistrement<\/td>\n<td>32 000 enregistrements, jusqu'\u00e0 365 jours \u00e0 intervalles de 16 minutes<\/td>\n<\/tr>\n<tr>\n<td class=\"left-td\">Intervalle d'\u00e9chantillonnage<\/td>\n<td>Configurable de 10 secondes \u00e0 18 heures<\/td>\n<\/tr>\n<tr>\n<td class=\"left-td\">Options de d\u00e9marrage de l'enregistrement<\/td>\n<td>Bouton-poussoir ou date\/heure de d\u00e9marrage<\/td>\n<\/tr>\n<tr>\n<td class=\"left-td\">Environnement<\/td>\n<td>IP61 avec capuchon USB<\/td>\n<\/tr>\n<tr>\n<td class=\"left-td\">Source d'alimentation<\/td>\n<td>Pi\u00e8ce de monnaie CR2450 3V Li-MnO2 (non rechargeable, non rempla\u00e7able)<\/td>\n<\/tr>\n<tr>\n<td class=\"left-td\">Dur\u00e9e de vie de la batterie<\/td>\n<td>3 ans de stockage, 2 ans d'utilisation normale (sur la base d'un enregistrement de 5 minutes)<\/td>\n<\/tr>\n<tr>\n<td class=\"left-td\">Interface de connexion<\/td>\n<td>USB 2.0 int\u00e9gr\u00e9<\/td>\n<\/tr>\n<tr>\n<td class=\"left-td\">Taille<\/td>\n<td>107 mm (H) x 54,5 mm (L) x 8,6 mm (T)<\/td>\n<\/tr>\n<tr>\n<td class=\"left-td\">Poids<\/td>\n<td>46.8g<\/td>\n<\/tr>\n<tr>\n<td class=\"left-td\">Mat\u00e9riau du bo\u00eetier<\/td>\n<td>Polycarbonate<\/td>\n<\/tr>\n<\/tbody>\n<\/table>"],"resources":["<ul>\n \t<li><a href=\"https:\/\/praxas.com\/wp-content\/uploads\/HAXO-16U-Brochure.pdf\"><img src=\"https:\/\/praxas.com\/wp-content\/uploads\/document-icon.png\" alt=\"Ic\u00f4ne de document\">Brochure LogTag HAXO-16U<\/a><\/li>\n \t<li><img src=\"https:\/\/praxas.com\/wp-content\/uploads\/document-icon.png\" alt=\"Ic\u00f4ne de document\"><a href=\"https:\/\/praxas.com\/wp-content\/uploads\/HAXO-16U-QSG.pdf\">Guide de d\u00e9marrage rapide du LogTag HAXO-16U<\/a><\/li>\n<\/ul>\nD\u00e9couvrez le <a href=\"https:\/\/www.youtube.com\/watch?v=1Zs-xYGUK1s\">tutoriel vid\u00e9o de LogTag sur HAXO-16U<\/a>.\n\n\u00a0"],"_last_translation_edit_mode":["translation-editor"],"_uag_page_assets":["a:9:{s:3:\"css\";s:0:\"\";s:2:\"js\";s:0:\"\";s:18:\"current_block_list\";a:0:{}s:8:\"uag_flag\";b:0;s:11:\"uag_version\";s:10:\"1777052440\";s:6:\"gfonts\";a:0:{}s:10:\"gfonts_url\";s:0:\"\";s:12:\"gfonts_files\";a:0:{}s:14:\"uag_faq_layout\";b:0;}"],"rank_math_internal_links_processed":["1"],"_max_variation_price":[""],"_max_variation_regular_price":[""],"_max_variation_sale_price":[""],"_min_variation_price":[""],"_min_variation_regular_price":[""],"_min_variation_sale_price":[""],"_regular_price":[""],"_sale_price":[""],"_wc_pb_base_regular_price":[""],"_wc_pb_base_sale_price":[""],"_wc_pb_base_price":[""],"_wc_sw_max_price":[""],"_wc_sw_max_regular_price":[""],"_wc_rating_count":[""],"_wc_review_count":[""],"_wc_average_rating":[0]},"uagb_featured_image_src":{"full":["https:\/\/praxas.com\/wp-content\/uploads\/HAXO-16U_C_max_Print.jpg",1200,680,false],"thumbnail":["https:\/\/praxas.com\/wp-content\/uploads\/HAXO-16U_C_max_Print-150x150.jpg",150,150,true],"medium":["https:\/\/praxas.com\/wp-content\/uploads\/HAXO-16U_C_max_Print-300x170.jpg",300,170,true],"medium_large":["https:\/\/praxas.com\/wp-content\/uploads\/HAXO-16U_C_max_Print-768x435.jpg",768,435,true],"large":["https:\/\/praxas.com\/wp-content\/uploads\/HAXO-16U_C_max_Print-1024x580.jpg",1024,580,true],"1536x1536":["https:\/\/praxas.com\/wp-content\/uploads\/HAXO-16U_C_max_Print.jpg",1200,680,false],"2048x2048":["https:\/\/praxas.com\/wp-content\/uploads\/HAXO-16U_C_max_Print.jpg",1200,680,false],"crunchify-admin-post-featured-image":["https:\/\/praxas.com\/wp-content\/uploads\/HAXO-16U_C_max_Print-120x68.jpg",120,68,true],"commercegurus-pdp-large":["https:\/\/praxas.com\/wp-content\/uploads\/HAXO-16U_C_max_Print-990x561.jpg",990,561,true],"commercegurus-plp-mobile":["https:\/\/praxas.com\/wp-content\/uploads\/HAXO-16U_C_max_Print-441x250.jpg",441,250,true],"cgkit_image_swatch":["https:\/\/praxas.com\/wp-content\/uploads\/HAXO-16U_C_max_Print-100x100.jpg",100,100,true],"woocommerce_thumbnail":["https:\/\/praxas.com\/wp-content\/uploads\/HAXO-16U_C_max_Print-350x198.jpg",350,198,true],"woocommerce_single":["https:\/\/praxas.com\/wp-content\/uploads\/HAXO-16U_C_max_Print-800x453.jpg",800,453,true],"woocommerce_gallery_thumbnail":["https:\/\/praxas.com\/wp-content\/uploads\/HAXO-16U_C_max_Print-150x85.jpg",150,85,true]},"uagb_author_info":{"display_name":"Alex James","author_link":"https:\/\/praxas.com\/fr\/author\/"},"uagb_comment_info":0,"uagb_excerpt":"Contr\u00f4le de la temp\u00e9rature et de l'humidit\u00e9 Plage de -30\u00b0C \u00e0 +70\u00b0C Jusqu'\u00e0 365 jours d'enregistrement Capacit\u00e9 de lecture de 32 000 T\u00e9l\u00e9chargement direct de l'USB","_links":{"self":[{"href":"https:\/\/praxas.com\/fr\/wp-json\/wp\/v2\/product\/51396","targetHints":{"allow":["GET"]}}],"collection":[{"href":"https:\/\/praxas.com\/fr\/wp-json\/wp\/v2\/product"}],"about":[{"href":"https:\/\/praxas.com\/fr\/wp-json\/wp\/v2\/types\/product"}],"wp:featuredmedia":[{"embeddable":true,"href":"https:\/\/praxas.com\/fr\/wp-json\/wp\/v2\/media\/51377"}],"wp:attachment":[{"href":"https:\/\/praxas.com\/fr\/wp-json\/wp\/v2\/media?parent=51396"}],"wp:term":[{"taxonomy":"product_brand","embeddable":true,"href":"https:\/\/praxas.com\/fr\/wp-json\/wp\/v2\/product_brand?post=51396"},{"taxonomy":"product_cat","embeddable":true,"href":"https:\/\/praxas.com\/fr\/wp-json\/wp\/v2\/product_cat?post=51396"},{"taxonomy":"product_tag","embeddable":true,"href":"https:\/\/praxas.com\/fr\/wp-json\/wp\/v2\/product_tag?post=51396"}],"curies":[{"name":"wp","href":"https:\/\/api.w.org\/{rel}","templated":true}]}}