{"id":53342,"date":"2025-11-11T15:37:55","date_gmt":"2025-11-11T14:37:55","guid":{"rendered":"https:\/\/praxas.com\/?post_type=product&#038;p=53342"},"modified":"2025-11-11T16:04:36","modified_gmt":"2025-11-11T15:04:36","slug":"trix-16-enregistreur-de-temperature-copy","status":"publish","type":"product","link":"https:\/\/praxas.com\/fr\/product\/data-loggers-fr\/enregistreurs-de-donnees-de-temperature\/trix-16-enregistreur-de-temperature-copy\/","title":{"rendered":"Enregistreur de temp\u00e9rature TRIX-8"},"content":{"rendered":"<p data-start=\"236\" data-end=\"628\">L&rsquo;<strong data-start=\"308\" data-end=\"354\">enregistreur de temp\u00e9rature multi-usages LogTag TRIX-8<\/strong> permet de surveiller et d&rsquo;enregistrer avec pr\u00e9cision l&rsquo;exposition des produits \u00e0 la temp\u00e9rature. Con\u00e7u pour des performances fiables dans une large gamme d&rsquo;applications, cet appareil polyvalent capture des donn\u00e9es de temp\u00e9rature pr\u00e9cises sur une plage de mesure de <strong data-start=\"511\" data-end=\"529\">-40\u00b0C \u00e0 +85\u00b0C<\/strong>, ce qui le rend id\u00e9al pour le transport \u00e0 courte et longue distance, le stockage et les environnements de traitement. <\/p>\n<p data-start=\"630\" data-end=\"945\">\u00c9quip\u00e9 d&rsquo;un <strong data-start=\"647\" data-end=\"666\">capteur interne<\/strong> et d&rsquo;une <strong data-start=\"673\" data-end=\"692\">horloge en temps r\u00e9el<\/strong>, le TRIX-8 horodate chaque relev\u00e9, assurant ainsi une tra\u00e7abilit\u00e9 totale des donn\u00e9es de temp\u00e9rature. Avec une <strong data-start=\"785\" data-end=\"822\">capacit\u00e9 de m\u00e9moire de 8 000 relev\u00e9s<\/strong> et une <strong data-start=\"829\" data-end=\"862\">dur\u00e9e de vie de la batterie allant jusqu&rsquo;\u00e0 3 ans<\/strong>, il constitue une solution durable et fiable pour les besoins de surveillance continue de la temp\u00e9rature. <\/p>\n<p data-start=\"947\" data-end=\"1140\">Le LogTag TRIX-8 est <strong data-start=\"968\" data-end=\"1020\">pr\u00e9qualifi\u00e9 par l&rsquo;OMS PQS (E06\/06 : Code PQS E006\/00<\/strong>), ce qui confirme sa conformit\u00e9 aux normes internationales de qualit\u00e9 et de performance dans le domaine de la logistique sensible \u00e0 la temp\u00e9rature.<\/p>\n<p><strong>Les avantages de l&rsquo;enregistreur de temp\u00e9rature LogTag TRIX-8 sont les suivants :<\/strong><\/p>\n<ul>\n<li data-start=\"1219\" data-end=\"1274\">Plage de mesure : <strong data-start=\"1236\" data-end=\"1272\">-40\u00b0C \u00e0 +85\u00b0C (-40\u00b0F \u00e0 +185\u00b0F)<\/strong><\/li>\n<li data-start=\"1277\" data-end=\"1299\"><strong data-start=\"1277\" data-end=\"1290\">Pr\u00e9cision :<\/strong> \u00b10,5\u00b0C<\/li>\n<li data-start=\"1302\" data-end=\"1339\"><strong data-start=\"1302\" data-end=\"1322\">Capacit\u00e9 de la m\u00e9moire :<\/strong> 8 000 relev\u00e9s<\/li>\n<li data-start=\"1342\" data-end=\"1375\"><strong data-start=\"1342\" data-end=\"1359\">Dur\u00e9e de vie de la batterie :<\/strong> Jusqu&rsquo;\u00e0 3 ans<\/li>\n<li data-start=\"1378\" data-end=\"1455\"><strong data-start=\"1378\" data-end=\"1407\">Indicateurs \u00ab\u00a0OK\u00a0\u00bb et \u00ab\u00a0ALERTE\u00a0\u00bb<\/strong> avec r\u00e9glages personnalisables des alarmes haute et basse<\/li>\n<li data-start=\"1458\" data-end=\"1520\"><strong data-start=\"1458\" data-end=\"1482\">Vitesse de t\u00e9l\u00e9chargement rapide :<\/strong> Moins de 5 secondes pour une m\u00e9moire compl\u00e8te<\/li>\n<li data-start=\"1523\" data-end=\"1582\"><strong data-start=\"1523\" data-end=\"1556\">Bo\u00eetier en polycarbonate durable<\/strong> pour une protection sup\u00e9rieure<\/li>\n<li data-start=\"1585\" data-end=\"1642\"><strong data-start=\"1585\" data-end=\"1605\">Conception polyvalente<\/strong> pour une surveillance \u00e0 long terme et r\u00e9p\u00e9t\u00e9e<\/li>\n<li data-start=\"1645\" data-end=\"1716\"><strong data-start=\"1645\" data-end=\"1670\">Pr\u00e9qualification OMS PQS<\/strong>, garantissant la fiabilit\u00e9 et la conformit\u00e9 \u00e0 l&rsquo;\u00e9chelle mondiale<\/li>\n<\/ul>\n<h3 data-start=\"1723\" data-end=\"1775\">Contr\u00f4le efficace de la temp\u00e9rature sur plusieurs trajets<\/h3>\n<p data-start=\"1777\" data-end=\"2093\">Con\u00e7u pour \u00eatre performant et flexible, le TRIX-8 est id\u00e9al pour une utilisation r\u00e9p\u00e9t\u00e9e dans le cadre d&rsquo;exp\u00e9ditions multiples ou d&rsquo;applications de stockage. Sa conception robuste garantit un fonctionnement constant dans des environnements exigeants, pr\u00e9servant l&rsquo;int\u00e9grit\u00e9 des produits sensibles \u00e0 la temp\u00e9rature tels que les vaccins, les produits pharmaceutiques, les denr\u00e9es alimentaires et les denr\u00e9es p\u00e9rissables. <\/p>\n<h3 data-start=\"2100\" data-end=\"2141\">Gestion et analyse ais\u00e9es des donn\u00e9es<\/h3>\n<p data-start=\"2143\" data-end=\"2494\">Acc\u00e9dez \u00e0 vos donn\u00e9es sans effort en utilisant l&rsquo;<strong data-start=\"2183\" data-end=\"2203\">interface LogTag<\/strong> et le <strong data-start=\"2212\" data-end=\"2245\">logiciel gratuit <a href=\"https:\/\/praxas.com\/fr\/logiciel\/logiciel-logtag\/\">LogTag Analyzer<\/a><\/strong>. Configurez les param\u00e8tres de l&rsquo;enregistreur, t\u00e9l\u00e9chargez les donn\u00e9es enregistr\u00e9es et visualisez les r\u00e9sultats \u00e0 l&rsquo;aide de graphiques, de statistiques et de rapports. L&rsquo;exportation vers <strong data-start=\"2374\" data-end=\"2406\">Excel et d&rsquo;autres applications<\/strong> est rapide et simple, ce qui permet une int\u00e9gration transparente dans votre syst\u00e8me de gestion de la qualit\u00e9.  <\/p>\n<h3 data-start=\"2501\" data-end=\"2541\">Qualit\u00e9 et conformit\u00e9 certifi\u00e9es<\/h3>\n<p data-start=\"2543\" data-end=\"2867\">Le LogTag TRIX-8 est conforme aux principales certifications internationales, notamment <strong data-start=\"2611\" data-end=\"2663\">FCC, CE, C-TICK, T\u00dcV, EN12830, WHO PQS et RoHS<\/strong>, ce qui en fait l&rsquo;un des enregistreurs de temp\u00e9rature les plus fiables et les plus conformes du march\u00e9. Sa pr\u00e9cision, sa rapidit\u00e9 et sa capacit\u00e9 d&rsquo;utilisation multiple en font la <strong data-start=\"2806\" data-end=\"2866\">r\u00e9f\u00e9rence de l&rsquo;industrie en mati\u00e8re de surveillance fiable de la temp\u00e9rature<\/strong>. <\/p>\n","protected":false},"excerpt":{"rendered":"<ul>\n<li>8 000 lectures Capacit\u00e9 de la m\u00e9moire<\/li>\n<li>De -40\u00b0C \u00e0 +85\u00b0C<\/li>\n<li>Indicateurs d&rsquo;alarme \u00ab\u00a0OK\u00a0\u00bb et \u00ab\u00a0ALERT\u00a0\u00bb.<\/li>\n<li>Jusqu&rsquo;\u00e0 3 ans de dur\u00e9e de vie de la batterie<\/li>\n<li>T\u00e9l\u00e9chargement rapide Temps de r\u00e9ponse rapide<\/li>\n<\/ul>\n","protected":false},"featured_media":53353,"template":"","meta":{"_acf_changed":false,"content-type":"","_uag_custom_page_level_css":""},"product_brand":[],"product_cat":[1238],"product_tag":[2516],"class_list":{"0":"post-53342","1":"product","2":"type-product","3":"status-publish","4":"has-post-thumbnail","6":"product_cat-enregistreurs-de-donnees-de-temperature","7":"product_tag-logtag-fr","9":"first","10":"instock","11":"taxable","12":"shipping-taxable","13":"purchasable","14":"product-type-simple"},"bundled_by":[],"bundle_stock_status":"instock","bundle_stock_quantity":null,"bundle_virtual":false,"bundle_layout":"","bundle_add_to_cart_form_location":"","bundle_editable_in_cart":false,"bundle_sold_individually_context":"","bundle_item_grouping":"","bundle_min_size":"","bundle_max_size":"","bundle_price":[],"bundled_items":[],"bundle_sell_ids":[],"acf":[],"spectra_custom_meta":{"_regular_price":["25.20"],"total_sales":["28"],"_tax_status":["taxable"],"_tax_class":[""],"_manage_stock":["no"],"_backorders":["no"],"_sold_individually":["no"],"_weight":["0.033"],"_virtual":["no"],"_downloadable":["no"],"_product_image_gallery":["53359"],"_download_limit":["-1"],"_download_expiry":["-1"],"_thumbnail_id":["53353"],"_stock":[null],"_stock_status":["instock"],"_wcml_average_rating":[null],"_wcml_review_count":[null],"_wcml_rating_count":[null],"_wc_average_rating":[0],"_wc_review_count":["0"],"_product_attributes":["a:1:{s:16:\"pa_product-brand\";a:6:{s:4:\"name\";s:16:\"pa_product-brand\";s:5:\"value\";s:0:\"\";s:8:\"position\";i:0;s:10:\"is_visible\";i:1;s:12:\"is_variation\";i:0;s:11:\"is_taxonomy\";i:1;}}"],"_product_version":["10.3.3"],"_price":["25.20"],"attr_label_translations":["a:1:{s:2:\"fr\";a:1:{s:13:\"make-a-choice\";s:15:\"Faites un choix\";}}"],"product_datasheet":[""],"_product_datasheet":["field_650ad7d6ea3a0"],"_connectivity":["field_64dce263bb57c"],"brand":["LogTag"],"_brand":["field_64ddf62ed2593"],"brand_image":[""],"_brand_image":["field_650c5e7c84cae"],"_specifications_table":["field_65044e1db92a8"],"_display_data_alarm":["field_667d647bcb066"],"_resources":["field_650849c6945ee"],"_accessories":["field_650849e6945f0"],"_faqs":["field_650859523d8d5"],"_calibration_suitable_ids_gb":["field_654b4c4acb54a"],"_calibration_suitable_ids_us":["field_654b4c56cb54b"],"_show_in_calibration_suitable":["field_654cfb691d345"],"_shipping":["field_66852535c98a5"],"_refrigerant_cabinet":["field_66852557c98a6"],"_main_specifications":["field_66855b25b1245"],"_usd_price_4":["field_651570dcac479"],"_usd_price_9":["field_6515713eb4807"],"_usd_price_24":["field_65157141b4809"],"_usd_price_49":["field_65157140b4808"],"_usd_price_99":["field_6515715bb480a"],"_gbp_price_4":["field_6515716e83bfa"],"_gbp_price_9":["field_6515724783bfb"],"_gbp_price_24":["field_6515724b83bfc"],"_gbp_price_49":["field_6515725983bfd"],"_gbp_price_99":["field_6515725d83bfe"],"_usdhk_price_4":["field_6515726f83bff"],"_usdhk_price_9":["field_6515727c83c00"],"_usdhk_price_24":["field_6515728083c01"],"_usdhk_price_49":["field_6515728983c02"],"_usdhk_price_99":["field_6515728e83c03"],"stock_options":["In stock"],"_stock_options":["field_6544b605dc7f9"],"_top_nav_excluded":[""],"_cms_nav_minihome":[""],"wcml_sync_hash":["a:1:{s:15:\"postmeta_fields\";s:32:\"b5c9eab1b2104102b184a534b57f0fd1\";}"],"_last_translation_edit_mode":["translation-editor"],"_calibration":["field_66a0ddd599972"],"connectivity":["Interface Cradle"],"classic-editor-remember":["classic-editor"],"rank_math_seo_score":["86"],"rank_math_contentai_score":["a:5:{s:8:\"keywords\";s:5:\"74.51\";s:9:\"wordCount\";s:1:\"0\";s:9:\"linkCount\";s:1:\"0\";s:12:\"headingCount\";s:1:\"0\";s:10:\"mediaCount\";s:1:\"0\";}"],"commercekit_gallery_layout":[""],"commercekit_disable_sticky_atc":["0"],"commercekit_wc_video_gallery":["a:0:{}"],"_rank_math_gtin_code":[""],"usd_price_4":[""],"usd_price_9":[""],"usd_price_24":[""],"usd_price_49":[""],"usd_price_99":[""],"gbp_price_4":[""],"gbp_price_9":[""],"gbp_price_24":[""],"gbp_price_49":[""],"gbp_price_99":[""],"usdhk_price_4":[""],"usdhk_price_9":[""],"usdhk_price_24":[""],"usdhk_price_49":[""],"usdhk_price_99":[""],"display_data_alarm":[""],"calibration":[""],"faqs":[""],"calibration_suitable_ids_gb":[""],"calibration_suitable_ids_us":[""],"show_in_calibration_suitable":[""],"other_features":[""],"shipping":[""],"refrigerant_cabinet":[""],"main_specifications":[""],"shoptimizer_layout_pdp_short_description_position":["default"],"rank_math_analytic_object_id":["1362"],"_wpml_media_duplicate":["1"],"_wpml_media_featured":["1"],"min_temp":["-40"],"max_temp":["85"],"_min_temp":["field_67ea5eb4e0a77"],"_max_temp":["field_67ea5f81e0a79"],"_wpml_word_count":["566"],"rank_math_primary_product_cat":["87"],"hubwoo_ecomm_pro_id":["25307430445"],"rank_math_primary_product_brand":["0"],"_sku":["TRIX-8"],"_other_features":["field_686fa2aa98dce"],"rank_math_description":["Contr\u00f4lez les temp\u00e9ratures de -40\u00b0C \u00e0 +85\u00b0C avec l'enregistreur de temp\u00e9rature LogTag Trix-16. Il enregistre jusqu'\u00e0 8 000 relev\u00e9s, dispose d'alarmes personnalisables et est con\u00e7u pour durer."],"rank_math_focus_keyword":["TRIX-8"],"specifications_table":["<table class=\"specifications\">\n<tbody>\n<tr>\n<td class=\"left-td\">Plage de mesure du capteur<\/td>\n<td>De -40\u00b0C \u00e0 +85\u00b0C (de -40\u00b0F \u00e0 +185\u00b0F)<\/td>\n<\/tr>\n<tr>\n<td class=\"left-td\">Plage de temp\u00e9rature de fonctionnement<\/td>\n<td>De -40\u00b0C \u00e0 +85\u00b0C (de -40\u00b0F \u00e0 +185\u00b0F)<\/td>\n<\/tr>\n<tr>\n<td class=\"left-td\">Plage de temp\u00e9rature de stockage<\/td>\n<td>De -30\u00b0C \u00e0 +55\u00b0C (de -22\u00b0F \u00e0 +131\u00b0F)<\/td>\n<\/tr>\n<tr>\n<td class=\"left-td\">Pr\u00e9cision de la lecture de la temp\u00e9rature nominale<\/td>\n<td>Sup\u00e9rieure \u00e0 \u00b10,5\u00b0C pour -20\u00b0C \u00e0 +40\u00b0C\nSup\u00e9rieure \u00e0 \u00b10,7\u00b0C pour -30\u00b0C \u00e0 -20\u00b0C et +40\u00b0C \u00e0 +60\u00b0C\nSup\u00e9rieure \u00e0 \u00b10,8\u00b0C pour +60\u00b0C \u00e0 +85\u00b0C\nSup\u00e9rieure \u00e0 \u00b10,9\u00b0C pour -40\u00b0C \u00e0 -30\u00b0C\nLes performances r\u00e9elles sont g\u00e9n\u00e9ralement bien meilleures que les valeurs nominales.\nLes chiffres de pr\u00e9cision peuvent \u00eatre am\u00e9lior\u00e9s par un r\u00e9\u00e9talonnage.<\/td>\n<\/tr>\n<tr>\n<td class=\"left-td\">Temp\u00e9rature nominale R\u00e9solution de la lecture<\/td>\n<td>Moins de 0,1\u00b0C pour -40\u00b0C \u00e0 +40\u00b0C\nMoins de 0,2\u00b0C pour +40\u00b0C \u00e0 +80\u00b0C\nMoins de 0,4\u00b0C pour +80\u00b0C \u00e0 +85\u00b0C\nLogTag Analyzer\u00ae affiche actuellement \u00e0 une d\u00e9cimale de \u00b0C ou \u00b0F. La r\u00e9solution native est celle qui est stock\u00e9e dans le LogTag\u00ae. <\/td>\n<\/tr>\n<tr>\n<td class=\"left-td\">Temps de r\u00e9action du capteur<\/td>\n<td>Typiquement moins de 5 minutes (T90) dans l'air en mouvement (1m\/s)<\/td>\n<\/tr>\n<tr>\n<td class=\"left-td\">Capacit\u00e9 d'enregistrement<\/td>\n<td>8031 relev\u00e9s de temp\u00e9rature.\n53 jours \u00e0 10 minutes d'enregistrement, 80 jours \u00e0 15 minutes d'enregistrement <\/td>\n<\/tr>\n<tr>\n<td class=\"left-td\">Intervalle d'\u00e9chantillonnage<\/td>\n<td>Configurable de 30 secondes \u00e0 plusieurs heures<\/td>\n<\/tr>\n<tr>\n<td class=\"left-td\">Options de d\u00e9marrage de l'enregistrement<\/td>\n<td>D\u00e9marrage par bouton-poussoir ou par date et heure sp\u00e9cifiques.\nD\u00e9lai de d\u00e9marrage optionnel pouvant aller jusqu'\u00e0 18 heures <\/td>\n<\/tr>\n<tr>\n<td class=\"left-td\">Indication d'enregistrement<\/td>\n<td>Indicateur clignotant \"OK\" \/ indicateur clignotant \"ALERTE\".<\/td>\n<\/tr>\n<tr>\n<td class=\"left-td\">Alarmes<\/td>\n<td>1 alarme sup\u00e9rieure configurable et 1 alarme inf\u00e9rieure configurable<\/td>\n<\/tr>\n<tr>\n<td class=\"left-td\">Temps de t\u00e9l\u00e9chargement<\/td>\n<td>G\u00e9n\u00e9ralement moins de 5 secondes pour une m\u00e9moire compl\u00e8te (8031 lectures), en fonction de l'ordinateur ou du dispositif de lecture utilis\u00e9.<\/td>\n<\/tr>\n<tr>\n<td class=\"left-td\">Environnement<\/td>\n<td>IP65 (\u00e0 peu pr\u00e8s \u00e9quivalent \u00e0 NEMA 4)<\/td>\n<\/tr>\n<tr>\n<td class=\"left-td\">Source d'alimentation<\/td>\n<td>Pile CR2450 3V LiMnO2 (fixe)<\/td>\n<\/tr>\n<tr>\n<td class=\"left-td\">Dur\u00e9e de vie de la batterie<\/td>\n<td>1 an de stockage, suivi de 2 \u00e0 3 ans d'utilisation normale (sur la base d'un enregistrement de 15 minutes, t\u00e9l\u00e9chargement mensuel des donn\u00e9es)<\/td>\n<\/tr>\n<tr>\n<td class=\"left-td\">Horloge temps r\u00e9el<\/td>\n<td>Horloge temps r\u00e9el int\u00e9gr\u00e9e\nPr\u00e9cision nominale \u00b125ppm @ 25\u00b0C (\u00e9quivalent \u00e0 2,5 secondes\/jour)\nLe coefficient de temp\u00e9rature nominal est de -0,034 \u00b10,006ppm\/\u00b0C (c'est-\u00e0-dire typiquement \u00b10,00294 seconde\/jour\/\u00b0C)<\/td>\n<\/tr>\n<tr>\n<td class=\"left-td\">Taille<\/td>\n<td>86mm(H) x 54.5mm(L) x 8.6mm(T)<\/td>\n<\/tr>\n<tr>\n<td class=\"left-td\">Poids<\/td>\n<td>33g<\/td>\n<\/tr>\n<tr>\n<td class=\"left-td\">Mat\u00e9riau du bo\u00eetier<\/td>\n<td>Polycarbonate<\/td>\n<\/tr>\n<\/tbody>\n<\/table>"],"resources":["<ul class=\"resources-list\">\n \t<li><img src=\"https:\/\/praxas.com\/wp-content\/uploads\/document-icon.png\" alt=\"Ic\u00f4ne de document\"><a href=\"https:\/\/praxas.com\/wp-content\/uploads\/LogTag_TRIX-8_Brochure.pdf\">Brochure LogTag TRIX-8<\/a><\/li>\n \t<li><img src=\"https:\/\/praxas.com\/wp-content\/uploads\/document-icon.png\" alt=\"Ic\u00f4ne de document\"><a href=\"https:\/\/praxas.com\/wp-content\/uploads\/General_LogTag_Quick_Start_Guide.pdf\">LogTag TRIX-8 Guide de d\u00e9marrage rapide<\/a><\/li>\n<\/ul>\n\u00a0"],"accessories":["[products skus=\"LTI-HID,PROTECTIVE ENCLOSURE,WMB-1\"]"],"_uag_page_assets":["a:9:{s:3:\"css\";s:0:\"\";s:2:\"js\";s:0:\"\";s:18:\"current_block_list\";a:0:{}s:8:\"uag_flag\";b:0;s:11:\"uag_version\";s:10:\"1777052440\";s:6:\"gfonts\";a:0:{}s:10:\"gfonts_url\";s:0:\"\";s:12:\"gfonts_files\";a:0:{}s:14:\"uag_faq_layout\";b:0;}"],"rank_math_internal_links_processed":["1"],"_max_variation_price":[""],"_max_variation_regular_price":[""],"_max_variation_sale_price":[""],"_min_variation_price":[""],"_min_variation_regular_price":[""],"_min_variation_sale_price":[""],"_sale_price":[""],"_wc_pb_base_regular_price":[""],"_wc_pb_base_sale_price":[""],"_wc_pb_base_price":[""],"_wc_sw_max_price":[""],"_wc_sw_max_regular_price":[""],"_wc_rating_count":[""]},"uagb_featured_image_src":{"full":["https:\/\/praxas.com\/wp-content\/uploads\/TRIX-8-Front.jpg",1200,680,false],"thumbnail":["https:\/\/praxas.com\/wp-content\/uploads\/TRIX-8-Front-150x150.jpg",150,150,true],"medium":["https:\/\/praxas.com\/wp-content\/uploads\/TRIX-8-Front-300x170.jpg",300,170,true],"medium_large":["https:\/\/praxas.com\/wp-content\/uploads\/TRIX-8-Front-768x435.jpg",768,435,true],"large":["https:\/\/praxas.com\/wp-content\/uploads\/TRIX-8-Front-1024x580.jpg",1024,580,true],"1536x1536":["https:\/\/praxas.com\/wp-content\/uploads\/TRIX-8-Front.jpg",1200,680,false],"2048x2048":["https:\/\/praxas.com\/wp-content\/uploads\/TRIX-8-Front.jpg",1200,680,false],"crunchify-admin-post-featured-image":["https:\/\/praxas.com\/wp-content\/uploads\/TRIX-8-Front-120x68.jpg",120,68,true],"commercegurus-pdp-large":["https:\/\/praxas.com\/wp-content\/uploads\/TRIX-8-Front-990x561.jpg",990,561,true],"commercegurus-plp-mobile":["https:\/\/praxas.com\/wp-content\/uploads\/TRIX-8-Front-441x250.jpg",441,250,true],"cgkit_image_swatch":["https:\/\/praxas.com\/wp-content\/uploads\/TRIX-8-Front-100x100.jpg",100,100,true],"woocommerce_thumbnail":["https:\/\/praxas.com\/wp-content\/uploads\/TRIX-8-Front-350x198.jpg",350,198,true],"woocommerce_single":["https:\/\/praxas.com\/wp-content\/uploads\/TRIX-8-Front-800x453.jpg",800,453,true],"woocommerce_gallery_thumbnail":["https:\/\/praxas.com\/wp-content\/uploads\/TRIX-8-Front-150x85.jpg",150,85,true]},"uagb_author_info":{"display_name":"Alex James","author_link":"https:\/\/praxas.com\/fr\/author\/"},"uagb_comment_info":0,"uagb_excerpt":"8 000 lectures Capacit\u00e9 de la m\u00e9moire De -40\u00b0C \u00e0 +85\u00b0C Indicateurs d'alarme \"OK\" et \"ALERT\". Jusqu'\u00e0 3 ans de dur\u00e9e de vie de la batterie T\u00e9l\u00e9chargement rapide Temps de r\u00e9ponse rapide","_links":{"self":[{"href":"https:\/\/praxas.com\/fr\/wp-json\/wp\/v2\/product\/53342","targetHints":{"allow":["GET"]}}],"collection":[{"href":"https:\/\/praxas.com\/fr\/wp-json\/wp\/v2\/product"}],"about":[{"href":"https:\/\/praxas.com\/fr\/wp-json\/wp\/v2\/types\/product"}],"wp:featuredmedia":[{"embeddable":true,"href":"https:\/\/praxas.com\/fr\/wp-json\/wp\/v2\/media\/53353"}],"wp:attachment":[{"href":"https:\/\/praxas.com\/fr\/wp-json\/wp\/v2\/media?parent=53342"}],"wp:term":[{"taxonomy":"product_brand","embeddable":true,"href":"https:\/\/praxas.com\/fr\/wp-json\/wp\/v2\/product_brand?post=53342"},{"taxonomy":"product_cat","embeddable":true,"href":"https:\/\/praxas.com\/fr\/wp-json\/wp\/v2\/product_cat?post=53342"},{"taxonomy":"product_tag","embeddable":true,"href":"https:\/\/praxas.com\/fr\/wp-json\/wp\/v2\/product_tag?post=53342"}],"curies":[{"name":"wp","href":"https:\/\/api.w.org\/{rel}","templated":true}]}}