{"id":57852,"date":"2025-02-24T16:52:37","date_gmt":"2025-02-24T15:52:37","guid":{"rendered":"https:\/\/praxas.com\/product\/non class\u00e9\/el-usb-tpx\/"},"modified":"2025-02-24T16:52:37","modified_gmt":"2025-02-24T15:52:37","slug":"el-usb-tpx","status":"publish","type":"product","link":"https:\/\/praxas.com\/fr\/product\/data-loggers-fr\/enregistreurs-de-donnees-de-temperature\/el-usb-tpx\/","title":{"rendered":"EL-USB-TPX+"},"content":{"rendered":"<p data-start=\"94\" data-end=\"171\"><strong data-start=\"94\" data-end=\"169\">Obtenez une pr\u00e9cision de temp\u00e9rature in\u00e9gal\u00e9e avec l&rsquo;enregistreur de donn\u00e9es EL-USB-TPX+.<\/strong><\/p>\n<p data-start=\"173\" data-end=\"487\">L&rsquo;enregistreur de donn\u00e9es de temp\u00e9rature de haute pr\u00e9cision EL-USB-TPX+ assure une surveillance pr\u00e9cise de la temp\u00e9rature tout en respectant les normes industrielles. Con\u00e7u pour les applications exigeantes o\u00f9 une mesure pr\u00e9cise de la temp\u00e9rature est essentielle, cet appareil polyvalent offre une fiabilit\u00e9 et des performances exceptionnelles. <\/p>\n<h3 data-start=\"489\" data-end=\"511\"><strong data-start=\"493\" data-end=\"509\">Caract\u00e9ristiques principales<\/strong><\/h3>\n<ul data-start=\"513\" data-end=\"1345\">\n<li data-start=\"513\" data-end=\"654\">\n<p data-start=\"515\" data-end=\"654\"><strong data-start=\"515\" data-end=\"541\">Large gamme de temp\u00e9ratures<\/strong> &#8211; Mesure des temp\u00e9ratures de -40\u00b0C \u00e0 +125\u00b0C, adapt\u00e9e aux environnements industriels, scientifiques et de laboratoire.<\/p>\n<\/li>\n<li data-start=\"656\" data-end=\"787\">\n<p data-start=\"658\" data-end=\"787\"><strong data-start=\"658\" data-end=\"684\">Stockage de donn\u00e9es \u00e9tendu<\/strong> &#8211; Enregistre plus de 1 000 000 de relev\u00e9s, offrant un journal complet des variations de temp\u00e9rature au fil du temps.<\/p>\n<\/li>\n<li data-start=\"789\" data-end=\"907\">\n<p data-start=\"791\" data-end=\"907\"><strong data-start=\"791\" data-end=\"820\">Sonde intelligente de haute pr\u00e9cision<\/strong> &#8211; Fournit des mesures de temp\u00e9rature pr\u00e9cises pour les applications et les processus critiques.<\/p>\n<\/li>\n<li data-start=\"909\" data-end=\"1046\">\n<p data-start=\"911\" data-end=\"1046\"><strong data-start=\"911\" data-end=\"940\">\u00c9talonnage \u00e0 chaud<\/strong> &#8211; Permet un r\u00e9\u00e9talonnage sur site sans interruption de service, \u00e9liminant ainsi la n\u00e9cessit\u00e9 d&rsquo;envoyer l&rsquo;appareil \u00e0 l&rsquo;ext\u00e9rieur.<\/p>\n<\/li>\n<li data-start=\"1048\" data-end=\"1185\">\n<p data-start=\"1050\" data-end=\"1185\"><strong data-start=\"1050\" data-end=\"1070\">Logiciel embarqu\u00e9<\/strong> &#8211; Permet aux utilisateurs d&rsquo;\u00e9tablir des graphiques et de configurer les param\u00e8tres directement sur l&rsquo;appareil, ce qui simplifie l&rsquo;analyse et la gestion des donn\u00e9es.<\/p>\n<\/li>\n<li data-start=\"1187\" data-end=\"1345\">\n<p data-start=\"1189\" data-end=\"1345\"><strong data-start=\"1189\" data-end=\"1217\">Alarme sonore int\u00e9gr\u00e9e<\/strong> &#8211; Comprend une alarme sonore et visuelle locale, permettant de signaler les fluctuations de temp\u00e9rature avant qu&rsquo;elles ne deviennent critiques.<\/p>\n<\/li>\n<\/ul>\n<p data-start=\"1347\" data-end=\"1641\">Contrairement aux enregistreurs conventionnels, le EL-USB-TPX+ simplifie l&rsquo;\u00e9talonnage en permettant le remplacement de la sonde sans interrompre les op\u00e9rations, ce qui garantit une surveillance continue. Ses alarmes configurables, son affichage intuitif et sa capacit\u00e9 de stockage de plus de 1 000 000 de mesures am\u00e9liorent la convivialit\u00e9 et l&rsquo;efficacit\u00e9 de l&rsquo;appareil. <\/p>\n<p data-start=\"1643\" data-end=\"1982\">La configuration de l&rsquo;appareil est simple gr\u00e2ce \u00e0 la compatibilit\u00e9 PC et Mac, ainsi qu&rsquo;\u00e0 l&rsquo;int\u00e9gration EasyLog Cloud pour un acc\u00e8s et une analyse des donn\u00e9es en ligne en toute transparence. Une batterie rechargeable d&rsquo;une dur\u00e9e de six mois et un support de montage mural inclus font de cet enregistreur de donn\u00e9es le choix id\u00e9al pour une surveillance ininterrompue et de haute pr\u00e9cision de la temp\u00e9rature. <\/p>\n<h3 data-start=\"1984\" data-end=\"2033\"><strong data-start=\"1988\" data-end=\"2031\">Une pr\u00e9cision et une fiabilit\u00e9 auxquelles vous pouvez faire confiance<\/strong><\/h3>\n<p data-start=\"2035\" data-end=\"2296\">Le EL-USB-TPX+ est la solution id\u00e9ale pour les professionnels qui exigent les plus hauts niveaux de pr\u00e9cision et de fiabilit\u00e9 en mati\u00e8re de suivi de la temp\u00e9rature. Gr\u00e2ce \u00e0 ses caract\u00e9ristiques de pointe et \u00e0 ses fonctionnalit\u00e9s adaptables, il constitue un outil essentiel pour un large \u00e9ventail d&rsquo;applications. <\/p>\n","protected":false},"excerpt":{"rendered":"<ul>\n<li>Enregistreur de donn\u00e9es de temp\u00e9rature<\/li>\n<li>-40 \u00e0 +125\u00b0C<\/li>\n<li>Sonde rempla\u00e7able \u00e0 chaud<\/li>\n<li>Stocke plus de 1 000 000 de lectures<\/li>\n<li>Sonde d&rsquo;alarme int\u00e9gr\u00e9e<\/li>\n<\/ul>\n","protected":false},"featured_media":46047,"template":"","meta":{"_acf_changed":false,"content-type":"","_uag_custom_page_level_css":""},"product_brand":[],"product_cat":[1238],"product_tag":[2434,3960,2260,1260],"class_list":{"0":"post-57852","1":"product","2":"type-product","3":"status-publish","4":"has-post-thumbnail","6":"product_cat-enregistreurs-de-donnees-de-temperature","7":"product_tag-easylog-fr","8":"product_tag-sondes-intelligentes","9":"product_tag-temperature-fr","10":"product_tag-usb-fr","12":"first","13":"instock","14":"taxable","15":"shipping-taxable","16":"purchasable","17":"product-type-simple"},"bundled_by":[],"bundle_stock_status":"instock","bundle_stock_quantity":null,"bundle_virtual":false,"bundle_layout":"","bundle_add_to_cart_form_location":"","bundle_editable_in_cart":false,"bundle_sold_individually_context":"","bundle_item_grouping":"","bundle_min_size":"","bundle_max_size":"","bundle_price":[],"bundled_items":[],"bundle_sell_ids":[],"acf":[],"spectra_custom_meta":{"hubwoo_ecomm_pro_id":["37305159829"],"_wcml_average_rating":[null],"_wcml_review_count":[null],"_wcml_rating_count":[null],"_backorders":["no"],"_download_limit":["-1"],"_download_expiry":["-1"],"_downloadable":["no"],"_manage_stock":["no"],"_sku":["EL-USB-TPX+"],"_stock_status":["instock"],"_sold_individually":["no"],"_tax_class":[""],"_tax_status":["taxable"],"_virtual":["no"],"_weight":["0.134"],"_width":["6.8"],"_height":["2.3"],"_length":["8"],"total_sales":["0"],"_regular_price":["161"],"_price":["161"],"product_datasheet":[""],"_product_datasheet":["field_650ad7d6ea3a0"],"connectivity":["USB"],"_connectivity":["field_64dce263bb57c"],"brand":["EasyLog"],"_brand":["field_64ddf62ed2593"],"brand_image":[""],"_brand_image":["field_650c5e7c84cae"],"_specifications_table":["field_65044e1db92a8"],"_display_data_alarm":["field_667d647bcb066"],"_resources":["field_650849c6945ee"],"_calibration":["field_66a0ddd599972"],"_accessories":["field_650849e6945f0"],"_faqs":["field_650859523d8d5"],"_calibration_suitable_ids_gb":["field_654b4c4acb54a"],"_calibration_suitable_ids_us":["field_654b4c56cb54b"],"_show_in_calibration_suitable":["field_654cfb691d345"],"_other_features":["field_668524f8c98a4"],"_shipping":["field_66852535c98a5"],"_refrigerant_cabinet":["field_66852557c98a6"],"_main_specifications":["field_66855b25b1245"],"_usd_price_4":["field_651570dcac479"],"_usd_price_9":["field_6515713eb4807"],"_usd_price_24":["field_65157141b4809"],"_usd_price_49":["field_65157140b4808"],"_usd_price_99":["field_6515715bb480a"],"_gbp_price_4":["field_6515716e83bfa"],"_gbp_price_9":["field_6515724783bfb"],"_gbp_price_24":["field_6515724b83bfc"],"_gbp_price_49":["field_6515725983bfd"],"_gbp_price_99":["field_6515725d83bfe"],"_usdhk_price_4":["field_6515726f83bff"],"_usdhk_price_9":["field_6515727c83c00"],"_usdhk_price_24":["field_6515728083c01"],"_usdhk_price_49":["field_6515728983c02"],"_usdhk_price_99":["field_6515728e83c03"],"stock_options":["In stock"],"_stock_options":["field_6544b605dc7f9"],"rank_math_primary_product_cat":["87"],"min_temp":["-40"],"max_temp":["125"],"_min_temp":["field_67ea5eb4e0a77"],"_max_temp":["field_67ea5f81e0a79"],"_top_nav_excluded":[""],"_cms_nav_minihome":[""],"rank_math_title":["%title%%sep% Enregistreur de temp\u00e9rature puissant %sep% %sitename%"],"rank_math_focus_keyword":["temp\u00e9rature"],"specifications_table":["<table class=\"specifications\">\n<tbody>\n<tr class=\"even-row\">\n<td class=\"left-td\">Mod\u00e8le<\/td>\n<td>EL-USB-TPX+<\/td>\n<\/tr>\n<tr class=\"odd-row\">\n<td class=\"left-td\">Utilisation pr\u00e9vue<\/td>\n<td>Enregistrement des donn\u00e9es de temp\u00e9rature et alerte<\/td>\n<\/tr>\n<tr class=\"even-row\">\n<td class=\"left-td\">Plage de mesure de la temp\u00e9rature<\/td>\n<td>De -40 \u00e0 +125\u00b0C (de -40 \u00e0 +257\u00b0F)<\/td>\n<\/tr>\n<tr class=\"odd-row\">\n<td class=\"left-td\">Pr\u00e9cision de la mesure de la temp\u00e9rature<\/td>\n<td>\u00b10,2\u00b0C (-15 \u00e0 +80\u00b0C) \/ \u00b10,4\u00b0F (+5 \u00e0 +176\u00b0F)<\/td>\n<\/tr>\n<tr class=\"even-row\">\n<td class=\"left-td\">Pr\u00e9cision maximale de la mesure de la temp\u00e9rature<\/td>\n<td>\u00b10,5\u00b0C (-40 \u00e0 +125\u00b0C) \/ \u00b10,9\u00b0F (-40 \u00e0 +257\u00b0F)<\/td>\n<\/tr>\n<tr class=\"odd-row\">\n<td class=\"left-td\">R\u00e9solution de la mesure de la temp\u00e9rature<\/td>\n<td>0,01\u00b0C (0,02\u00b0F)<\/td>\n<\/tr>\n<tr class=\"even-row\">\n<td class=\"left-td\">R\u00e9solution de l'affichage de la temp\u00e9rature<\/td>\n<td>0.01<\/td>\n<\/tr>\n<tr class=\"odd-row\">\n<td class=\"left-td\">P\u00e9riode d'enregistrement (s\u00e9lectionnable par l'utilisateur)<\/td>\n<td>1 minute \u00e0 24 heures<\/td>\n<\/tr>\n<tr class=\"even-row\">\n<td class=\"left-td\">Modes de d\u00e9marrage<\/td>\n<td>Imm\u00e9diat, d\u00e9marrage par pression, d\u00e9marrage diff\u00e9r\u00e9, d\u00e9clenchement par la temp\u00e9rature<\/td>\n<\/tr>\n<tr class=\"odd-row\">\n<td class=\"left-td\">Capacit\u00e9 de m\u00e9moire interne<\/td>\n<td>Plus de 1 000 000 de relev\u00e9s<\/td>\n<\/tr>\n<tr class=\"even-row\">\n<td class=\"left-td\">Sondeur<\/td>\n<td>Sonde d'alarme int\u00e9gr\u00e9e<\/td>\n<\/tr>\n<tr class=\"odd-row\">\n<td class=\"left-td\">Environnement de fonctionnement (enregistreur)<\/td>\n<td>-20 \u00e0 +60\u00b0C, 5 \u00e0 85%HR, 75 \u00e0 106kPa<\/td>\n<\/tr>\n<tr class=\"even-row\">\n<td class=\"left-td\">Environnement de transport<\/td>\n<td>-20 \u00e0 +60\u00b0C, 5 \u00e0 85%HR, 75 \u00e0 106kPa<\/td>\n<\/tr>\n<tr class=\"odd-row\">\n<td class=\"left-td\">Protection contre les infiltrations<\/td>\n<td>Enregistreur : IP4X, Sonde : IP67<\/td>\n<\/tr>\n<tr class=\"even-row\">\n<td class=\"left-td\">Degr\u00e9 de pollution de l'environnement d'utilisation pr\u00e9vu<\/td>\n<td>2<\/td>\n<\/tr>\n<tr class=\"odd-row\">\n<td class=\"left-td\">Dur\u00e9e de vie de la batterie<\/td>\n<td>6 mois<\/td>\n<\/tr>\n<tr class=\"even-row\">\n<td class=\"left-td\">Batterie interne<\/td>\n<td>3,7V, 1750mAh, 6,475Wh, Li-ion<\/td>\n<\/tr>\n<tr class=\"odd-row\">\n<td class=\"left-td\">Tension d'alimentation USB<\/td>\n<td>4,5 \u00e0 5,5VDC, 500mA<\/td>\n<\/tr>\n<tr class=\"even-row\">\n<td class=\"left-td\">Dimensions (enregistreur)<\/td>\n<td>80 x 68 x 23mm (3.15 x 2.68 x 0.91\")<\/td>\n<\/tr>\n<tr class=\"odd-row\">\n<td class=\"left-td\">Poids net<\/td>\n<td>134g<\/td>\n<\/tr>\n<tr class=\"even-row\">\n<td class=\"left-td\">Vis de fixation murale recommand\u00e9es<\/td>\n<td>4 x 20mm, t\u00eate frais\u00e9e, encastrement transversal, acier inoxydable<\/td>\n<\/tr>\n<\/tbody>\n<\/table>"],"resources":["<ul class=\"resources-list\">\n \t<li style=\"list-style-type: none;\">\n<ul class=\"resources-list\">\n \t<li><img src=\"https:\/\/praxas.com\/wp-content\/uploads\/document-icon.png\" alt=\"Ic\u00f4ne de document\"><a href=\"https:\/\/praxas.com\/wp-content\/uploads\/Datasheet_EL-USB-TPX_Iss1_09-2024_White.pdf\">Fiche technique EL-USB-TPX+ (en anglais)<\/a><\/li>\n \t<li><img src=\"https:\/\/praxas.com\/wp-content\/uploads\/document-icon.png\" alt=\"Ic\u00f4ne de document\"><a href=\"https:\/\/praxas.com\/wp-content\/uploads\/help-guide-3-network-requirements-and-settings-12-09-2022_issue-6-5.pdf\">Exigences et param\u00e8tres du r\u00e9seau<\/a><\/li>\n \t<li><img src=\"https:\/\/praxas.com\/wp-content\/uploads\/document-icon.png\" alt=\"Ic\u00f4ne de document\"><a href=\"https:\/\/praxas.com\/wp-content\/uploads\/EASYLOG-VERSION-EL-USB-TPXCS-_VFC-311-USB-QSG-v8.pdf\">Guide de d\u00e9marrage rapide EL-USB<\/a><\/li>\n \t<li><img src=\"https:\/\/praxas.com\/wp-content\/uploads\/document-icon.png\" alt=\"Ic\u00f4ne de document\"><a href=\"https:\/\/praxas.com\/wp-content\/uploads\/bs-en-12830-record-of-compliance-issue-1-5.pdf\">BS EN 12830:2021 Attestation de conformit\u00e9<\/a><\/li>\n \t<li><img src=\"https:\/\/praxas.com\/wp-content\/uploads\/document-icon.png\" alt=\"Ic\u00f4ne de document\"><a href=\"https:\/\/praxas.com\/wp-content\/uploads\/Declaration-of-Conformity_EL-USB-TPX_iss1.pdf\">EL-USB-TPX+ D\u00e9claration de conformit\u00e9<\/a><\/li>\n<\/ul>\n<\/li>\n<\/ul>\n<a class=\"button button-secondary\" href=\"http:\/\/praxas.com\/support\/\">Plus de soutien<\/a>"],"accessories":["[products skus=\"EL-P-TPX+,EL-WiFi Wall Bracket,PSU-USB-UK\"]"],"rank_math_robots":["a:1:{i:0;s:7:\"noindex\";}"],"_thumbnail_id":["46047"],"_product_attributes":["a:1:{s:16:\"pa_product-brand\";a:6:{s:4:\"name\";s:16:\"pa_product-brand\";s:5:\"value\";s:0:\"\";s:8:\"position\";i:0;s:10:\"is_visible\";i:1;s:12:\"is_variation\";i:0;s:11:\"is_taxonomy\";i:1;}}"],"_last_translation_edit_mode":["translation-editor"],"_wpml_word_count":["471"],"_uag_page_assets":["a:9:{s:3:\"css\";s:0:\"\";s:2:\"js\";s:0:\"\";s:18:\"current_block_list\";a:0:{}s:8:\"uag_flag\";b:0;s:11:\"uag_version\";s:10:\"1775212209\";s:6:\"gfonts\";a:0:{}s:10:\"gfonts_url\";s:0:\"\";s:12:\"gfonts_files\";a:0:{}s:14:\"uag_faq_layout\";b:0;}"],"_max_variation_price":[""],"_max_variation_regular_price":[""],"_max_variation_sale_price":[""],"_min_variation_price":[""],"_min_variation_regular_price":[""],"_min_variation_sale_price":[""],"_sale_price":[""],"_wc_pb_base_regular_price":[""],"_wc_pb_base_sale_price":[""],"_wc_pb_base_price":[""],"_wc_sw_max_price":[""],"_wc_sw_max_regular_price":[""],"_wc_rating_count":[""],"_wc_review_count":[""],"_wc_average_rating":[0]},"uagb_featured_image_src":{"full":["https:\/\/praxas.com\/wp-content\/uploads\/EL-USB-TPX-White-Version-2.jpg",800,463,false],"thumbnail":["https:\/\/praxas.com\/wp-content\/uploads\/EL-USB-TPX-White-Version-2-150x150.jpg",150,150,true],"medium":["https:\/\/praxas.com\/wp-content\/uploads\/EL-USB-TPX-White-Version-2-300x174.jpg",300,174,true],"medium_large":["https:\/\/praxas.com\/wp-content\/uploads\/EL-USB-TPX-White-Version-2-768x444.jpg",768,444,true],"large":["https:\/\/praxas.com\/wp-content\/uploads\/EL-USB-TPX-White-Version-2.jpg",800,463,false],"1536x1536":["https:\/\/praxas.com\/wp-content\/uploads\/EL-USB-TPX-White-Version-2.jpg",800,463,false],"2048x2048":["https:\/\/praxas.com\/wp-content\/uploads\/EL-USB-TPX-White-Version-2.jpg",800,463,false],"crunchify-admin-post-featured-image":["https:\/\/praxas.com\/wp-content\/uploads\/EL-USB-TPX-White-Version-2-120x69.jpg",120,69,true],"commercegurus-pdp-large":["https:\/\/praxas.com\/wp-content\/uploads\/EL-USB-TPX-White-Version-2.jpg",800,463,false],"commercegurus-plp-mobile":["https:\/\/praxas.com\/wp-content\/uploads\/EL-USB-TPX-White-Version-2-441x255.jpg",441,255,true],"cgkit_image_swatch":["https:\/\/praxas.com\/wp-content\/uploads\/EL-USB-TPX-White-Version-2-100x100.jpg",100,100,true],"woocommerce_thumbnail":["https:\/\/praxas.com\/wp-content\/uploads\/EL-USB-TPX-White-Version-2-350x203.jpg",350,203,true],"woocommerce_single":["https:\/\/praxas.com\/wp-content\/uploads\/EL-USB-TPX-White-Version-2.jpg",800,463,false],"woocommerce_gallery_thumbnail":["https:\/\/praxas.com\/wp-content\/uploads\/EL-USB-TPX-White-Version-2-150x87.jpg",150,87,true]},"uagb_author_info":{"display_name":"Alex James","author_link":"https:\/\/praxas.com\/fr\/author\/"},"uagb_comment_info":0,"uagb_excerpt":"Enregistreur de donn\u00e9es de temp\u00e9rature -40 \u00e0 +125\u00b0C Sonde rempla\u00e7able \u00e0 chaud Stocke plus de 1 000 000 de lectures Sonde d'alarme int\u00e9gr\u00e9e","_links":{"self":[{"href":"https:\/\/praxas.com\/fr\/wp-json\/wp\/v2\/product\/57852","targetHints":{"allow":["GET"]}}],"collection":[{"href":"https:\/\/praxas.com\/fr\/wp-json\/wp\/v2\/product"}],"about":[{"href":"https:\/\/praxas.com\/fr\/wp-json\/wp\/v2\/types\/product"}],"wp:featuredmedia":[{"embeddable":true,"href":"https:\/\/praxas.com\/fr\/wp-json\/wp\/v2\/media\/46047"}],"wp:attachment":[{"href":"https:\/\/praxas.com\/fr\/wp-json\/wp\/v2\/media?parent=57852"}],"wp:term":[{"taxonomy":"product_brand","embeddable":true,"href":"https:\/\/praxas.com\/fr\/wp-json\/wp\/v2\/product_brand?post=57852"},{"taxonomy":"product_cat","embeddable":true,"href":"https:\/\/praxas.com\/fr\/wp-json\/wp\/v2\/product_cat?post=57852"},{"taxonomy":"product_tag","embeddable":true,"href":"https:\/\/praxas.com\/fr\/wp-json\/wp\/v2\/product_tag?post=57852"}],"curies":[{"name":"wp","href":"https:\/\/api.w.org\/{rel}","templated":true}]}}