{"id":58099,"date":"2026-02-18T11:50:48","date_gmt":"2026-02-18T10:50:48","guid":{"rendered":"https:\/\/praxas.com\/product\/non%20class\u00e9\/trel30-16u-enregistreur-de-basse-temperature\/"},"modified":"2026-02-25T11:16:16","modified_gmt":"2026-02-25T10:16:16","slug":"trel30-16u-enregistreur-de-basse-temperature","status":"publish","type":"product","link":"https:\/\/praxas.com\/fr\/product\/data-loggers-fr\/enregistreurs-de-donnees-de-temperature\/trel30-16u-enregistreur-de-basse-temperature\/","title":{"rendered":"TREL30-16U Enregistreur de temp\u00e9rature ultra-basse"},"content":{"rendered":"<p data-start=\"156\" data-end=\"467\">Le TREL30-16U repr\u00e9sente la prochaine \u00e9volution en mati\u00e8re de surveillance \u00e0 tr\u00e8s basse temp\u00e9rature, con\u00e7ue pour les environnements froids les plus exigeants. Con\u00e7u pour fournir des mesures pr\u00e9cises et fiables jusqu&rsquo;\u00e0 <strong data-start=\"358\" data-end=\"368\">-90 \u00b0C<\/strong>, il convient parfaitement \u00e0 la surveillance d&rsquo;\u00e9chantillons sensibles, au stockage en laboratoire et \u00e0 la logistique de la glace s\u00e8che. <\/p>\n<p data-start=\"469\" data-end=\"738\">Con\u00e7u pour \u00eatre fiable dans des conditions de froid extr\u00eame, le TREL30-16U est utilis\u00e9 pour le stockage d&rsquo;\u00e9chantillons biologiques et les applications de la cha\u00eene du froid pharmaceutique o\u00f9 la glace s\u00e8che est essentielle. Ses performances robustes garantissent l&rsquo;int\u00e9grit\u00e9 des donn\u00e9es, m\u00eame dans les conditions les plus difficiles d&rsquo;ultra-basse temp\u00e9rature. <\/p>\n<p data-start=\"740\" data-end=\"1030\">Am\u00e9liorant la convivialit\u00e9, le TREL30-16U propose des <strong data-start=\"785\" data-end=\"847\">t\u00e9l\u00e9chargements de donn\u00e9es sans logiciel via une connexion USB-C moderne<\/strong>, associant une fiabilit\u00e9 \u00e9prouv\u00e9e \u00e0 une commodit\u00e9 sans effort et permettant de gagner du temps. Avec un fonctionnement intuitif et une facilit\u00e9 d&rsquo;utilisation am\u00e9lior\u00e9e, il \u00e9tablit une nouvelle norme en mati\u00e8re de surveillance des temp\u00e9ratures ultra-basses. <\/p>\n","protected":false},"excerpt":{"rendered":"<ul>\n<li>De -90\u00b0C \u00e0 +40\u00b0C<\/li>\n<li>Connexion USB-C<\/li>\n<li>17 500+ jeux d&rsquo;enregistrement<\/li>\n<li>Alarme sonore int\u00e9gr\u00e9e<\/li>\n<li>Fonction Auto-Pause<\/li>\n<\/ul>\n","protected":false},"featured_media":58100,"template":"","meta":{"_acf_changed":false,"content-type":"","_uag_custom_page_level_css":""},"product_brand":[],"product_cat":[1282,1238],"product_tag":[2516,2260],"class_list":{"0":"post-58099","1":"product","2":"type-product","3":"status-publish","4":"has-post-thumbnail","6":"product_cat-data-loggers-fr","7":"product_cat-enregistreurs-de-donnees-de-temperature","8":"product_tag-logtag-fr","9":"product_tag-temperature-fr","11":"first","12":"instock","13":"taxable","14":"shipping-taxable","15":"purchasable","16":"product-type-variable"},"bundled_by":[],"bundle_stock_status":"instock","bundle_stock_quantity":null,"bundle_virtual":false,"bundle_layout":"","bundle_add_to_cart_form_location":"","bundle_editable_in_cart":false,"bundle_sold_individually_context":"","bundle_item_grouping":"","bundle_min_size":"","bundle_max_size":"","bundle_price":[],"bundled_items":[],"bundle_sell_ids":[],"acf":[],"spectra_custom_meta":{"hubwoo_ecomm_pro_id":["41494243660"],"_wcml_average_rating":[null],"_wcml_review_count":[null],"_wcml_rating_count":[null],"_backorders":["no"],"_download_limit":["-1"],"_download_expiry":["-1"],"_downloadable":["no"],"_manage_stock":["no"],"_sku":["TREL30-16U"],"_stock_status":["instock"],"_sold_individually":["no"],"_tax_class":[""],"_tax_status":["taxable"],"_virtual":["no"],"_weight":["0.043"],"total_sales":["0"],"_price":["91.90","126.90"],"connectivity":["USB-C"],"_connectivity":["field_64dce263bb57c"],"brand":["LogTag"],"_brand":["field_64ddf62ed2593"],"brand_image":[""],"_brand_image":["field_650c5e7c84cae"],"_specifications_table":["field_65044e1db92a8"],"_display_data_alarm":["field_667d647bcb066"],"_resources":["field_650849c6945ee"],"_calibration":["field_66a0ddd599972"],"_accessories":["field_650849e6945f0"],"_faqs":["field_650859523d8d5"],"_other_features":["field_686fa2aa98dce"],"_refrigerant_cabinet":["field_66852557c98a6"],"_main_specifications":["field_66855b25b1245"],"stock_options":["In stock"],"_stock_options":["field_6544b605dc7f9"],"min_temp":["-90"],"max_temp":["40"],"_min_temp":["field_67ea5eb4e0a77"],"_max_temp":["field_67ea5f81e0a79"],"_top_nav_excluded":[""],"_cms_nav_minihome":[""],"_thumbnail_id":["58100"],"_product_attributes":["a:1:{s:22:\"pa_logtag-probe-choice\";a:6:{s:4:\"name\";s:22:\"pa_logtag-probe-choice\";s:5:\"value\";s:0:\"\";s:8:\"position\";i:0;s:10:\"is_visible\";i:1;s:12:\"is_variation\";i:1;s:11:\"is_taxonomy\";i:1;}}"],"_last_translation_edit_mode":["translation-editor"],"_wpml_word_count":["221"],"_product_image_gallery":["58101,58102,58103"],"specifications_table":["<table class=\"specifications\">\n<tbody>\n<tr>\n<td class=\"left-td\">Mod\u00e8le du produit<\/td>\n<td>TREL30-16U (batterie rempla\u00e7able)<\/td>\n<\/tr>\n<tr>\n<td class=\"left-td\">Type de capteur<\/td>\n<td>Capteur de temp\u00e9rature externe<\/td>\n<\/tr>\n<tr>\n<td class=\"left-td\">Plage de mesure du capteur<\/td>\n<td>-90 \u00b0C \u00e0 +40 \u00b0C (-130 \u00b0F \u00e0 +104 \u00b0F)<\/td>\n<\/tr>\n<tr>\n<td class=\"left-td\">Plage de temp\u00e9rature de fonctionnement<\/td>\n<td>De -30 \u00b0C \u00e0 +60 \u00b0C (de -22 \u00b0F \u00e0 +140 \u00b0F)<\/td>\n<\/tr>\n<tr>\n<td class=\"left-td\">Plage de temp\u00e9rature de stockage<\/td>\n<td>De -10 \u00b0C \u00e0 +40 \u00b0C (14 \u00b0F \u00e0 +104 \u00b0F)<\/td>\n<\/tr>\n<tr>\n<td class=\"left-td\">Temp\u00e9rature nominale Pr\u00e9cision de lecture<\/td>\n<td>Mieux que \u00b10,5 \u00b0C pour -20 \u00b0C \u00e0 +10 \u00b0C (-4 \u00b0F \u00e0 +50 \u00b0F)\nMieux que \u00b10,7 \u00b0C pour -50 \u00b0C \u00e0 -20 \u00b0C (-58 \u00b0F \u00e0 -4 \u00b0F)\nMieux que \u00b10,7 \u00b0C pour +10 \u00b0C \u00e0 +30 \u00b0C (+50 \u00b0F \u00e0 +86 \u00b0F)\nMieux que \u00b11.0 \u00b0C pour -80 \u00b0C \u00e0 -50 \u00b0C (-112 \u00b0F \u00e0 -58 \u00b0F)\nMieux que \u00b11,0 \u00b0C pour +30 \u00b0C \u00e0 +40 \u00b0C (+86 \u00b0F \u00e0 +104 \u00b0F)\nMieux que \u00b11,8 \u00b0C pour -90 \u00b0C \u00e0 -80 \u00b0C (-130 \u00b0F \u00e0 -112 \u00b0F)\nLes performances r\u00e9elles sont g\u00e9n\u00e9ralement bien meilleures que les valeurs nominales.<\/td>\n<\/tr>\n<tr>\n<td class=\"left-td\">Temp\u00e9rature nominale R\u00e9solution de la lecture<\/td>\n<td>0,1 \u00b0C (0,2 \u00b0F) pour -80 \u00b0C \u00e0 +10 \u00b0C (-112 \u00b0F \u00e0 +50 \u00b0F)\n0,2 \u00b0C (0,4 \u00b0F) pour -90 \u00b0C \u00e0 -80 \u00b0C (-130 \u00b0F \u00e0 -112 \u00b0F)\n0,2 \u00b0C (0,4 \u00b0F) pour +10 \u00b0C \u00e0 +20 \u00b0C (+50 \u00b0F \u00e0 +68 \u00b0F)\n0.3 \u00b0C (0,5 \u00b0F) pour +20 \u00b0C \u00e0 +30 \u00b0C (+68 \u00b0F \u00e0 +86 \u00b0F)\n0,5 \u00b0C (0,9 \u00b0F) pour +30 \u00b0C \u00e0 +40 \u00b0C (+86 \u00b0F \u00e0 +104 \u00b0F)\nLogTag Analyzer\u00ae affiche \u00e0 une d\u00e9cimale pr\u00e8s. La r\u00e9solution native est stock\u00e9e dans le LogTag\u00ae. <\/td>\n<\/tr>\n<tr>\n<td class=\"left-td\">Capacit\u00e9 d'enregistrement<\/td>\n<td>17 526 relev\u00e9s de temp\u00e9rature\n60 jours \u00e0 5 minutes d'enregistrement\nStatistiques journali\u00e8res (LCD) : jusqu'\u00e0 30 jours de Max\/Min\/dur\u00e9e et statistiques d'alarme<\/td>\n<\/tr>\n<tr>\n<td class=\"left-td\">Intervalle d'\u00e9chantillonnage<\/td>\n<td>Configurable de 30 secondes \u00e0 18 heures<\/td>\n<\/tr>\n<tr>\n<td class=\"left-td\">Options de d\u00e9marrage de l'enregistrement<\/td>\n<td>D\u00e9marrage par bouton-poussoir ou par date et heure sp\u00e9cifiques. D\u00e9lai de d\u00e9marrage optionnel pouvant aller jusqu'\u00e0 18 heures <\/td>\n<\/tr>\n<tr>\n<td class=\"left-td\">Indication d'enregistrement<\/td>\n<td>Indicateur d'\u00e9tat \"REC\"<\/td>\n<\/tr>\n<tr>\n<td class=\"left-td\">Temps de t\u00e9l\u00e9chargement<\/td>\n<td>G\u00e9n\u00e9ralement moins de 10 secondes pour une m\u00e9moire compl\u00e8te (17 526 relev\u00e9s) en utilisant une connexion USB.<\/td>\n<\/tr>\n<tr>\n<td class=\"left-td\">Environnement<\/td>\n<td>IP61 (en cas de montage vertical ou de suspension)<\/td>\n<\/tr>\n<tr>\n<td class=\"left-td\">Source d'alimentation<\/td>\n<td>Pile de 3V CR2032 <sub>LiMnO2<\/sub>, rempla\u00e7able par l'utilisateur<\/td>\n<\/tr>\n<tr>\n<td class=\"left-td\">Dur\u00e9e de vie des piles<\/td>\n<td>1 an de stockage, suivi d'un an de fonctionnement dans des conditions normales d'utilisation\n(enregistrement de 6 minutes, v\u00e9rification de l'affichage une fois par jour, t\u00e9l\u00e9chargement mensuel des donn\u00e9es)\n<strong>Remarque : l<\/strong> 'activation continue de l'alarme sonore r\u00e9duit la dur\u00e9e de vie de la batterie.<\/td>\n<\/tr>\n<tr>\n<td class=\"left-td\">Horloge temps r\u00e9el<\/td>\n<td>Horloge temps r\u00e9el int\u00e9gr\u00e9e\nPr\u00e9cision nominale \u00b125ppm @ 25 \u00b0C (\u22482,5 secondes\/jour)\nCoefficient de temp\u00e9rature : -0,034 \u00b10,006ppm\/\u00b0C<\/td>\n<\/tr>\n<tr>\n<td class=\"left-td\">Longueur standard du c\u00e2ble de la sonde externe<\/td>\n<td>Standard : 1,5 m (4'11\")\n\u00c9tendue : 3m (9'10\") (maximum recommand\u00e9)<\/td>\n<\/tr>\n<tr>\n<td class=\"left-td\">Type de c\u00e2ble du capteur \u00e0 distance<\/td>\n<td>PTFE (homologu\u00e9 pour le contact alimentaire par la FDA), coaxial<\/td>\n<\/tr>\n<tr>\n<td class=\"left-td\">Interface de connexion<\/td>\n<td>Prise m\u00e9tallique de type USB-C<\/td>\n<\/tr>\n<tr>\n<td class=\"left-td\">Taille<\/td>\n<td>93 mm (H) x 54,5 mm (L) x 8,6 mm (T)<\/td>\n<\/tr>\n<tr>\n<td class=\"left-td\">Poids<\/td>\n<td>43g (sans sonde externe)<\/td>\n<\/tr>\n<tr>\n<td class=\"left-td\">Mat\u00e9riau du bo\u00eetier<\/td>\n<td>Polycarbonate<\/td>\n<\/tr>\n<\/tbody>\n<\/table>"],"resources":["<ul class=\"resources-list\">\n \t<li style=\"list-style-type: none;\">\n<ul class=\"resources-list\">\n \t<li><img src=\"https:\/\/praxas.com\/wp-content\/uploads\/document-icon.png\" alt=\"Ic\u00f4ne de document\"><a href=\"https:\/\/praxas.com\/wp-content\/uploads\/TREL30-16U-Brochure.pdf\">LogTag TREL30-16U Brochure<\/a><\/li>\n \t<li><img src=\"https:\/\/praxas.com\/wp-content\/uploads\/document-icon.png\" alt=\"Ic\u00f4ne de document\"><a href=\"https:\/\/praxas.com\/wp-content\/uploads\/TREL30-16U-QuickStartGuide.pdf\">LogTag TREL30-16U Guide de d\u00e9marrage rapide<\/a><\/li>\n \t<li><img src=\"https:\/\/praxas.com\/wp-content\/uploads\/document-icon.png\" alt=\"Ic\u00f4ne de document\"><a href=\"https:\/\/praxas.com\/wp-content\/uploads\/Primer-Guide-TREL30-16U.pdf\">LogTag TREL30-16U Guide d'amor\u00e7age<\/a><\/li>\n<\/ul>\n<\/li>\n<\/ul>\n\u00a0"],"accessories":["[products skus=\"LTI-HID,Buffer Bottle,WMB-1\"]"],"_uag_page_assets":["a:9:{s:3:\"css\";s:0:\"\";s:2:\"js\";s:0:\"\";s:18:\"current_block_list\";a:0:{}s:8:\"uag_flag\";b:0;s:11:\"uag_version\";s:10:\"1777052440\";s:6:\"gfonts\";a:0:{}s:10:\"gfonts_url\";s:0:\"\";s:12:\"gfonts_files\";a:0:{}s:14:\"uag_faq_layout\";b:0;}"],"rank_math_internal_links_processed":["1"],"_max_variation_price":[""],"_max_variation_regular_price":[""],"_max_variation_sale_price":[""],"_min_variation_price":[""],"_min_variation_regular_price":[""],"_min_variation_sale_price":[""],"_regular_price":[""],"_sale_price":[""],"_wc_pb_base_regular_price":[""],"_wc_pb_base_sale_price":[""],"_wc_pb_base_price":[""],"_wc_sw_max_price":[""],"_wc_sw_max_regular_price":[""],"_wc_rating_count":[""],"_wc_review_count":[""],"_wc_average_rating":[0]},"uagb_featured_image_src":{"full":["https:\/\/praxas.com\/wp-content\/uploads\/TREL30-16U_NS_Web.jpg",1200,680,false],"thumbnail":["https:\/\/praxas.com\/wp-content\/uploads\/TREL30-16U_NS_Web-150x150.jpg",150,150,true],"medium":["https:\/\/praxas.com\/wp-content\/uploads\/TREL30-16U_NS_Web-300x170.jpg",300,170,true],"medium_large":["https:\/\/praxas.com\/wp-content\/uploads\/TREL30-16U_NS_Web-768x435.jpg",768,435,true],"large":["https:\/\/praxas.com\/wp-content\/uploads\/TREL30-16U_NS_Web-1024x580.jpg",1024,580,true],"1536x1536":["https:\/\/praxas.com\/wp-content\/uploads\/TREL30-16U_NS_Web.jpg",1200,680,false],"2048x2048":["https:\/\/praxas.com\/wp-content\/uploads\/TREL30-16U_NS_Web.jpg",1200,680,false],"crunchify-admin-post-featured-image":["https:\/\/praxas.com\/wp-content\/uploads\/TREL30-16U_NS_Web-120x68.jpg",120,68,true],"commercegurus-pdp-large":["https:\/\/praxas.com\/wp-content\/uploads\/TREL30-16U_NS_Web-990x561.jpg",990,561,true],"commercegurus-plp-mobile":["https:\/\/praxas.com\/wp-content\/uploads\/TREL30-16U_NS_Web-441x250.jpg",441,250,true],"cgkit_image_swatch":["https:\/\/praxas.com\/wp-content\/uploads\/TREL30-16U_NS_Web-100x100.jpg",100,100,true],"woocommerce_thumbnail":["https:\/\/praxas.com\/wp-content\/uploads\/TREL30-16U_NS_Web-350x198.jpg",350,198,true],"woocommerce_single":["https:\/\/praxas.com\/wp-content\/uploads\/TREL30-16U_NS_Web-800x453.jpg",800,453,true],"woocommerce_gallery_thumbnail":["https:\/\/praxas.com\/wp-content\/uploads\/TREL30-16U_NS_Web-150x85.jpg",150,85,true]},"uagb_author_info":{"display_name":"Alex James","author_link":"https:\/\/praxas.com\/fr\/author\/"},"uagb_comment_info":0,"uagb_excerpt":"De -90\u00b0C \u00e0 +40\u00b0C Connexion USB-C 17 500+ jeux d'enregistrement Alarme sonore int\u00e9gr\u00e9e Fonction Auto-Pause","_links":{"self":[{"href":"https:\/\/praxas.com\/fr\/wp-json\/wp\/v2\/product\/58099","targetHints":{"allow":["GET"]}}],"collection":[{"href":"https:\/\/praxas.com\/fr\/wp-json\/wp\/v2\/product"}],"about":[{"href":"https:\/\/praxas.com\/fr\/wp-json\/wp\/v2\/types\/product"}],"wp:featuredmedia":[{"embeddable":true,"href":"https:\/\/praxas.com\/fr\/wp-json\/wp\/v2\/media\/58100"}],"wp:attachment":[{"href":"https:\/\/praxas.com\/fr\/wp-json\/wp\/v2\/media?parent=58099"}],"wp:term":[{"taxonomy":"product_brand","embeddable":true,"href":"https:\/\/praxas.com\/fr\/wp-json\/wp\/v2\/product_brand?post=58099"},{"taxonomy":"product_cat","embeddable":true,"href":"https:\/\/praxas.com\/fr\/wp-json\/wp\/v2\/product_cat?post=58099"},{"taxonomy":"product_tag","embeddable":true,"href":"https:\/\/praxas.com\/fr\/wp-json\/wp\/v2\/product_tag?post=58099"}],"curies":[{"name":"wp","href":"https:\/\/api.w.org\/{rel}","templated":true}]}}