{"id":58250,"date":"2026-03-31T11:48:38","date_gmt":"2026-03-31T09:48:38","guid":{"rendered":"https:\/\/praxas.com\/product\/non%20class\u00e9\/enregistreur-de-temperature-l3-usb-pdf\/"},"modified":"2026-04-01T17:10:53","modified_gmt":"2026-04-01T15:10:53","slug":"enregistreur-de-temperature-l3-usb-pdf","status":"publish","type":"product","link":"https:\/\/praxas.com\/fr\/product\/data-loggers-fr\/logistique-de-la-chaine-du-froid\/enregistreur-de-temperature-l3-usb-pdf\/","title":{"rendered":"Enregistreur de temp\u00e9rature L3 USB PDF"},"content":{"rendered":"<p>Le <strong>LogTag\u00ae L3<\/strong> est un enregistreur de temp\u00e9rature compact, \u00e0 usage unique, con\u00e7u sp\u00e9cifiquement pour le <strong>suivi de la cha\u00eene du froid<\/strong> dans la logistique alimentaire, pharmaceutique et des sciences de la vie. Con\u00e7u pour \u00eatre fiable de l&rsquo;exp\u00e9dition \u00e0 la livraison, le L3 assure un suivi pr\u00e9cis de la temp\u00e9rature pour garantir l&rsquo;int\u00e9grit\u00e9 du produit tout au long de la cha\u00eene du froid. <\/p>\n<div>\n<p>\u00c9quip\u00e9 d&rsquo;un <strong>connecteur USB int\u00e9gr\u00e9<\/strong>, le LogTag L3 g\u00e9n\u00e8re automatiquement un <strong>rapport PDF multilingue, <\/strong>sans n\u00e9cessiter de logiciel particulier*. Les rapports de conformit\u00e9 sont ainsi rapides, faciles \u00e0 r\u00e9aliser et accessibles \u00e0 tout moment de la cha\u00eene d&rsquo;approvisionnement. <\/p>\n<p>Fonctionnant jusqu&rsquo;\u00e0 <strong>6 mois<\/strong> et offrant une <strong>plage de mesure<\/strong> \u00e9tendue <strong>de -30 \u00b0C \u00e0 +70 \u00b0C<\/strong>, le L3 assure une surveillance continue et pr\u00e9cise des produits r\u00e9frig\u00e9r\u00e9s, congel\u00e9s ou sensibles \u00e0 la temp\u00e9rature ambiante. Avec des <strong>param\u00e8tres de configuration standard<\/strong> et des <strong>seuils d&rsquo;alarme pr\u00e9configur\u00e9s<\/strong>, l&rsquo;appareil est pr\u00eat \u00e0 \u00eatre d\u00e9ploy\u00e9 imm\u00e9diatement. Les indicateurs LED <strong>verts \u00ab\u00a0OK\u00a0\u00bb<\/strong> et <strong>rouges \u00ab\u00a0Fail\u00a0\u00bb<\/strong> fournissent une confirmation visuelle instantan\u00e9e des d\u00e9passements de temp\u00e9rature.  <\/p>\n<p>Dot\u00e9 d&rsquo;une <strong>m\u00e9moire de 16 000 logs<\/strong>, le LogTag L3 assure une saisie robuste des donn\u00e9es, m\u00eame pour les itin\u00e9raires de transit les plus longs.<\/p>\n<\/div>\n<p>&nbsp;<\/p>\n<p>*LogTag propose <strong><a href=\"https:\/\/logtagrecorders.com\/software\/logtag-analyzer\/\" target=\"_blank\" rel=\"noopener\">LogTag\u00ae Analyzer<\/a>, <\/strong>un logiciel compagnon gratuit. Il fournit une plateforme puissante et facile \u00e0 utiliser pour configurer, t\u00e9l\u00e9charger et afficher les donn\u00e9es de n&rsquo;importe quel enregistreur de donn\u00e9es LogTag. <\/p>\n","protected":false},"excerpt":{"rendered":"<ul>\n<li data-section-id=\"1616lch\" data-start=\"21\" data-end=\"41\">De -30 \u00b0C \u00e0 +70 \u00b0C<\/li>\n<li data-section-id=\"dqrch8\" data-start=\"42\" data-end=\"66\">Rapports PDF auto USB<\/li>\n<li data-section-id=\"td831m\" data-start=\"67\" data-end=\"92\">16 129 M\u00e9moire de lecture<\/li>\n<li data-section-id=\"18z36rj\" data-start=\"93\" data-end=\"118\">Indicateurs OK \/ ALERT<\/li>\n<li data-section-id=\"80gnr8\" data-start=\"119\" data-end=\"139\" data-is-last-node=\"\">Conception robuste IP67<\/li>\n<\/ul>\n","protected":false},"featured_media":58251,"template":"","meta":{"_acf_changed":false,"content-type":"","_uag_custom_page_level_css":""},"product_brand":[],"product_cat":[1281],"product_tag":[],"class_list":{"0":"post-58250","1":"product","2":"type-product","3":"status-publish","4":"has-post-thumbnail","6":"product_cat-logistique-de-la-chaine-du-froid","8":"first","9":"instock","10":"taxable","11":"shipping-taxable","12":"purchasable","13":"product-type-simple"},"bundled_by":[],"bundle_stock_status":"instock","bundle_stock_quantity":null,"bundle_virtual":false,"bundle_layout":"","bundle_add_to_cart_form_location":"","bundle_editable_in_cart":false,"bundle_sold_individually_context":"","bundle_item_grouping":"","bundle_min_size":"","bundle_max_size":"","bundle_price":[],"bundled_items":[],"bundle_sell_ids":[],"acf":[],"spectra_custom_meta":{"hubwoo_ecomm_pro_id":["43407126412"],"_wcml_average_rating":[null],"_wcml_review_count":[null],"_wcml_rating_count":[null],"_backorders":["no"],"_download_limit":["-1"],"_download_expiry":["-1"],"_downloadable":["no"],"_manage_stock":["no"],"_sku":["L3"],"_stock_status":["instock"],"_sold_individually":["no"],"_tax_class":[""],"_tax_status":["taxable"],"_virtual":["no"],"_weight":["0.031"],"total_sales":["0"],"_regular_price":["16.28"],"_price":["16.28"],"connectivity":["USB"],"_connectivity":["field_64dce263bb57c"],"brand":["LogTag"],"_brand":["field_64ddf62ed2593"],"brand_image":[""],"_brand_image":["field_650c5e7c84cae"],"_specifications_table":["field_65044e1db92a8"],"_display_data_alarm":["field_667d647bcb066"],"_resources":["field_650849c6945ee"],"_calibration":["field_66a0ddd599972"],"_accessories":["field_650849e6945f0"],"_faqs":["field_650859523d8d5"],"_other_features":["field_686fa2aa98dce"],"_refrigerant_cabinet":["field_66852557c98a6"],"_main_specifications":["field_66855b25b1245"],"stock_options":["In stock"],"_stock_options":["field_6544b605dc7f9"],"rank_math_primary_product_cat":["101"],"min_temp":["-30"],"max_temp":["70"],"_min_temp":["field_67ea5eb4e0a77"],"_max_temp":["field_67ea5f81e0a79"],"_top_nav_excluded":[""],"_cms_nav_minihome":[""],"_product_image_gallery":[""],"_thumbnail_id":["58251"],"_last_translation_edit_mode":["translation-editor"],"_wpml_word_count":["287"],"rank_math_description":["Le L3 est un enregistreur de temp\u00e9rature compact \u00e0 usage unique sp\u00e9cialement con\u00e7u pour la surveillance de la cha\u00eene du froid dans les secteurs de l'alimentation, de la pharmacie et de la logistique des sciences de la vie."],"specifications_table":["<table class=\"specifications\">\n<tbody>\n<tr>\n<td class=\"left-td\">Mod\u00e8le de produit<\/td>\n<td>L3<\/td>\n<\/tr>\n<tr>\n<td class=\"left-td\">Plage de mesure du capteur<\/td>\n<td>De -30 \u00b0C \u00e0 +70 \u00b0C (de -22 \u00b0F \u00e0 +158 \u00b0F)<\/td>\n<\/tr>\n<tr>\n<td class=\"left-td\">Plage de temp\u00e9rature de fonctionnement<\/td>\n<td>De -30 \u00b0C \u00e0 +70 \u00b0C (de -22 \u00b0F \u00e0 +158 \u00b0F)<\/td>\n<\/tr>\n<tr>\n<td class=\"left-td\">Plage de temp\u00e9rature de stockage<\/td>\n<td>0 \u00b0C \u00e0 +40 \u00b0C (32 \u00b0F \u00e0 +104 \u00b0F)<\/td>\n<\/tr>\n<tr>\n<td class=\"left-td\">Pr\u00e9cision de la lecture de la temp\u00e9rature nominale<\/td>\n<td>Sup\u00e9rieure \u00e0 \u00b10,5 \u00b0C (\u00b10,9 \u00b0F) de -5 \u00b0C \u00e0 +30 \u00b0C (23 \u00b0F \u00e0 +86 \u00b0F).\nSup\u00e9rieure \u00e0 \u00b10,8 \u00b0C pour les autres zones de la plage nominale.\nLes performances r\u00e9elles sont g\u00e9n\u00e9ralement bien meilleures que les valeurs nominales.\nLes chiffres de pr\u00e9cision peuvent \u00eatre am\u00e9lior\u00e9s par un r\u00e9\u00e9talonnage.<\/td>\n<\/tr>\n<tr>\n<td class=\"left-td\">R\u00e9solution de la lecture de la temp\u00e9rature nominale<\/td>\n<td>Meilleure que 0,1 \u00b0C ou 0,1 \u00b0F.\nLa r\u00e9solution native est celle qui est stock\u00e9e dans le LogTag\u00ae L3.<\/td>\n<\/tr>\n<tr>\n<td class=\"left-td\">Capacit\u00e9 d'enregistrement<\/td>\n<td>16 129 relev\u00e9s de temp\u00e9rature.\n112 jours \u00e0 10 minutes d'enregistrement, 168 jours \u00e0 15 minutes d'enregistrement.<\/td>\n<\/tr>\n<tr>\n<td class=\"left-td\">Intervalle d'\u00e9chantillonnage<\/td>\n<td>Intervalle d'enregistrement pr\u00e9d\u00e9fini de 30 secondes \u00e0 18 heures (typiquement 5 minutes d'enregistrement).<\/td>\n<\/tr>\n<tr>\n<td class=\"left-td\">Options de d\u00e9marrage de l'enregistrement<\/td>\n<td>D\u00e9marrage par bouton-poussoir. D\u00e9lai de d\u00e9marrage optionnel (1 min \u00e0 72 heures) en fonction de la configuration pr\u00e9d\u00e9finie. <\/td>\n<\/tr>\n<tr>\n<td class=\"left-td\">Indication d'enregistrement<\/td>\n<td>Indicateur clignotant \"OK\" \/ indicateur clignotant \"ALERTE\".<\/td>\n<\/tr>\n<tr>\n<td class=\"left-td\">Temps de t\u00e9l\u00e9chargement<\/td>\n<td>G\u00e9n\u00e9ralement moins de 30 secondes pour une m\u00e9moire compl\u00e8te (16 129 lectures) entre l'insertion et la disponibilit\u00e9 du PDF.<\/td>\n<\/tr>\n<tr>\n<td class=\"left-td\">Environnement<\/td>\n<td>IEC 60529 : IP67 lorsque le plastique est intact<\/td>\n<\/tr>\n<tr>\n<td class=\"left-td\">Source d'alimentation<\/td>\n<td>Pile CR2032 <sub>LiMnO2<\/sub> (fixe)<\/td>\n<\/tr>\n<tr>\n<td class=\"left-td\">Dur\u00e9e de vie de la batterie<\/td>\n<td>2 ans de stockage, suivis de 6 mois d'utilisation normale (sur la base d'un enregistrement de 6 minutes, de t\u00e9l\u00e9chargements mensuels).<\/td>\n<\/tr>\n<tr>\n<td class=\"left-td\">Horloge temps r\u00e9el<\/td>\n<td>Horloge temps r\u00e9el int\u00e9gr\u00e9e.\nPr\u00e9cision nominale \u00b125ppm @ 25 \u00b0C (\u22482,5 secondes\/jour).\nCoefficient de temp\u00e9rature : -0,034 \u00b10,006ppm\/\u00b0C (\u2248\u00b10,00294 secondes\/jour\/\u00b0C).<\/td>\n<\/tr>\n<tr>\n<td class=\"left-td\">Interface de connexion<\/td>\n<td>USB 2.0, prise de type A<\/td>\n<\/tr>\n<tr>\n<td class=\"left-td\">Taille<\/td>\n<td>93 mm (H) x 54,5 mm (L) x 8,6 mm (T)<\/td>\n<\/tr>\n<tr>\n<td class=\"left-td\">Poids<\/td>\n<td>31g<\/td>\n<\/tr>\n<tr>\n<td class=\"left-td\">Mat\u00e9riau du bo\u00eetier<\/td>\n<td>LDPE \/ ABS<\/td>\n<\/tr>\n<\/tbody>\n<\/table>"],"resources":["<ul class=\"resources-list\">\n \t<li style=\"list-style-type: none;\">\n<ul class=\"resources-list\">\n \t<li><img src=\"https:\/\/praxas.com\/wp-content\/uploads\/document-icon.png\" alt=\"Ic\u00f4ne de document\"><a href=\"https:\/\/praxas.com\/wp-content\/uploads\/LogTag-L3-Brochure.pdf\">Brochure LogTag L3<\/a><\/li>\n \t<li><img src=\"https:\/\/praxas.com\/wp-content\/uploads\/document-icon.png\" alt=\"Ic\u00f4ne de document\"><a href=\"https:\/\/praxas.com\/wp-content\/uploads\/LogTag-L3-4-how-to-steps.pdf\">LogTag L3 Comment faire<\/a><\/li>\n<\/ul>\n<\/li>\n<\/ul>"],"rank_math_internal_links_processed":["1"],"_uag_page_assets":["a:9:{s:3:\"css\";s:0:\"\";s:2:\"js\";s:0:\"\";s:18:\"current_block_list\";a:0:{}s:8:\"uag_flag\";b:0;s:11:\"uag_version\";s:10:\"1777651425\";s:6:\"gfonts\";a:0:{}s:10:\"gfonts_url\";s:0:\"\";s:12:\"gfonts_files\";a:0:{}s:14:\"uag_faq_layout\";b:0;}"],"_max_variation_price":[""],"_max_variation_regular_price":[""],"_max_variation_sale_price":[""],"_min_variation_price":[""],"_min_variation_regular_price":[""],"_min_variation_sale_price":[""],"_sale_price":[""],"_wc_pb_base_regular_price":[""],"_wc_pb_base_sale_price":[""],"_wc_pb_base_price":[""],"_wc_sw_max_price":[""],"_wc_sw_max_regular_price":[""],"_wc_rating_count":[""],"_wc_review_count":[""],"_wc_average_rating":[0]},"uagb_featured_image_src":{"full":["https:\/\/praxas.com\/wp-content\/uploads\/L3-Product-Image.jpg",800,463,false],"thumbnail":["https:\/\/praxas.com\/wp-content\/uploads\/L3-Product-Image-150x150.jpg",150,150,true],"medium":["https:\/\/praxas.com\/wp-content\/uploads\/L3-Product-Image-300x174.jpg",300,174,true],"medium_large":["https:\/\/praxas.com\/wp-content\/uploads\/L3-Product-Image-768x444.jpg",768,444,true],"large":["https:\/\/praxas.com\/wp-content\/uploads\/L3-Product-Image.jpg",800,463,false],"1536x1536":["https:\/\/praxas.com\/wp-content\/uploads\/L3-Product-Image.jpg",800,463,false],"2048x2048":["https:\/\/praxas.com\/wp-content\/uploads\/L3-Product-Image.jpg",800,463,false],"crunchify-admin-post-featured-image":["https:\/\/praxas.com\/wp-content\/uploads\/L3-Product-Image-120x69.jpg",120,69,true],"commercegurus-pdp-large":["https:\/\/praxas.com\/wp-content\/uploads\/L3-Product-Image.jpg",800,463,false],"commercegurus-plp-mobile":["https:\/\/praxas.com\/wp-content\/uploads\/L3-Product-Image-441x255.jpg",441,255,true],"cgkit_image_swatch":["https:\/\/praxas.com\/wp-content\/uploads\/L3-Product-Image-100x100.jpg",100,100,true],"woocommerce_thumbnail":["https:\/\/praxas.com\/wp-content\/uploads\/L3-Product-Image-350x203.jpg",350,203,true],"woocommerce_single":["https:\/\/praxas.com\/wp-content\/uploads\/L3-Product-Image.jpg",800,463,false],"woocommerce_gallery_thumbnail":["https:\/\/praxas.com\/wp-content\/uploads\/L3-Product-Image-150x87.jpg",150,87,true]},"uagb_author_info":{"display_name":"Alex James","author_link":"https:\/\/praxas.com\/fr\/author\/"},"uagb_comment_info":0,"uagb_excerpt":"De -30 \u00b0C \u00e0 +70 \u00b0C Rapports PDF auto USB 16 129 M\u00e9moire de lecture Indicateurs OK \/ ALERT Conception robuste IP67","_links":{"self":[{"href":"https:\/\/praxas.com\/fr\/wp-json\/wp\/v2\/product\/58250","targetHints":{"allow":["GET"]}}],"collection":[{"href":"https:\/\/praxas.com\/fr\/wp-json\/wp\/v2\/product"}],"about":[{"href":"https:\/\/praxas.com\/fr\/wp-json\/wp\/v2\/types\/product"}],"wp:featuredmedia":[{"embeddable":true,"href":"https:\/\/praxas.com\/fr\/wp-json\/wp\/v2\/media\/58251"}],"wp:attachment":[{"href":"https:\/\/praxas.com\/fr\/wp-json\/wp\/v2\/media?parent=58250"}],"wp:term":[{"taxonomy":"product_brand","embeddable":true,"href":"https:\/\/praxas.com\/fr\/wp-json\/wp\/v2\/product_brand?post=58250"},{"taxonomy":"product_cat","embeddable":true,"href":"https:\/\/praxas.com\/fr\/wp-json\/wp\/v2\/product_cat?post=58250"},{"taxonomy":"product_tag","embeddable":true,"href":"https:\/\/praxas.com\/fr\/wp-json\/wp\/v2\/product_tag?post=58250"}],"curies":[{"name":"wp","href":"https:\/\/api.w.org\/{rel}","templated":true}]}}