{"id":58321,"date":"2026-04-17T09:17:07","date_gmt":"2026-04-17T07:17:07","guid":{"rendered":"https:\/\/praxas.com\/product\/non class\u00e9\/lt5geo-le-enregistreur-de-temperature-ultra-basse\/"},"modified":"2026-04-17T09:17:07","modified_gmt":"2026-04-17T07:17:07","slug":"lt5geo-le-enregistreur-de-temperature-ultra-basse","status":"publish","type":"product","link":"https:\/\/praxas.com\/fr\/product\/data-loggers-fr\/lt5geo-le-enregistreur-de-temperature-ultra-basse\/","title":{"rendered":"LT5GEO-LE Enregistreur de temp\u00e9rature ultra-basse"},"content":{"rendered":"<p data-start=\"0\" data-end=\"350\">Le LogTag LT5GEO-LE est un enregistreur de donn\u00e9es cellulaire 4G\/5G \u00e0 tr\u00e8s basse temp\u00e9rature con\u00e7u pour la surveillance continue de produits sensibles tels que les vaccins et les \u00e9chantillons biologiques. Il suit la temp\u00e9rature jusqu&rsquo;\u00e0 -90\u00b0C, ainsi que la lumi\u00e8re, les chocs et l&#8217;emplacement, offrant ainsi une visibilit\u00e9 compl\u00e8te tout au long du stockage et du transport. <\/p>\n<p data-start=\"352\" data-end=\"685\">Les donn\u00e9es sont automatiquement t\u00e9l\u00e9charg\u00e9es sur le nuage LogTag Online, ce qui permet aux utilisateurs d&rsquo;acc\u00e9der en temps r\u00e9el aux relev\u00e9s, aux rapports et aux alertes sans manipulation manuelle. Les notifications instantan\u00e9es garantissent une r\u00e9ponse rapide \u00e0 tout \u00e9cart de temp\u00e9rature, ce qui permet de maintenir l&rsquo;int\u00e9grit\u00e9 des produits dans les environnements critiques de la cha\u00eene du froid. <\/p>\n","protected":false},"excerpt":{"rendered":"<ul>\n<li data-section-id=\"gva0vs\" data-start=\"687\" data-end=\"705\">De -90\u00b0C \u00e0 +40\u00b0C<\/li>\n<li data-section-id=\"tp4oeb\" data-start=\"706\" data-end=\"730\">Surveillance ultra-faible<\/li>\n<li data-section-id=\"sj0r9z\" data-start=\"731\" data-end=\"751\">Alertes en temps r\u00e9el<\/li>\n<li data-section-id=\"1ptxt2b\" data-start=\"752\" data-end=\"774\">Connectivit\u00e9 4G\/5G<\/li>\n<li data-section-id=\"165h3xp\" data-start=\"775\" data-end=\"794\" data-is-last-node=\"\">Acc\u00e8s aux donn\u00e9es en nuage<\/li>\n<\/ul>\n","protected":false},"featured_media":58325,"template":"","meta":{"_acf_changed":false,"content-type":"","_uag_custom_page_level_css":""},"product_brand":[],"product_cat":[1282,1238,1226],"product_tag":[2516,1240],"class_list":{"0":"post-58321","1":"product","2":"type-product","3":"status-publish","4":"has-post-thumbnail","6":"product_cat-data-loggers-fr","7":"product_cat-enregistreurs-de-donnees-de-temperature","8":"product_cat-temperature-et-humidite","9":"product_tag-logtag-fr","10":"product_tag-ult-fr","12":"first","13":"instock","14":"taxable","15":"shipping-taxable","16":"purchasable","17":"product-type-variable"},"bundled_by":[],"bundle_stock_status":"instock","bundle_stock_quantity":null,"bundle_virtual":false,"bundle_layout":"","bundle_add_to_cart_form_location":"","bundle_editable_in_cart":false,"bundle_sold_individually_context":"","bundle_item_grouping":"","bundle_min_size":"","bundle_max_size":"","bundle_price":[],"bundled_items":[],"bundle_sell_ids":[],"acf":[],"spectra_custom_meta":{"hubwoo_ecomm_pro_id":["43942277809"],"_last_translation_edit_mode":["translation-editor"],"_wcml_average_rating":[null],"_wcml_review_count":[null],"_wcml_rating_count":[null],"_backorders":["no"],"_download_limit":["-1"],"_download_expiry":["-1"],"_downloadable":["no"],"_manage_stock":["no"],"_sku":["LT5GEO-LE"],"_stock_status":["instock"],"_sold_individually":["no"],"_tax_class":[""],"_tax_status":["taxable"],"_virtual":["no"],"_width":["6.8"],"_height":["9"],"_length":["2.5"],"total_sales":["0"],"_price":["94.50","178.50"],"connectivity":["Cellular"],"_connectivity":["field_64dce263bb57c"],"brand":["LogTag"],"_brand":["field_64ddf62ed2593"],"brand_image":[""],"_brand_image":["field_650c5e7c84cae"],"_specifications_table":["field_65044e1db92a8"],"_display_data_alarm":["field_667d647bcb066"],"_resources":["field_650849c6945ee"],"_calibration":["field_66a0ddd599972"],"_accessories":["field_650849e6945f0"],"_faqs":["field_650859523d8d5"],"_other_features":["field_686fa2aa98dce"],"_refrigerant_cabinet":["field_66852557c98a6"],"_main_specifications":["field_66855b25b1245"],"stock_options":["In stock"],"_stock_options":["field_6544b605dc7f9"],"rank_math_primary_product_cat":["144"],"min_temp":["-90"],"max_temp":["40"],"_min_temp":["field_67ea5eb4e0a77"],"_max_temp":["field_67ea5f81e0a79"],"_top_nav_excluded":[""],"_cms_nav_minihome":[""],"specifications_table":["<table class=\"specifications\">\n<tbody>\n<tr class=\"even-row\">\n<td class=\"left-td\">Mod\u00e8le du produit<\/td>\n<td>LT5GEO-LE-S (usage unique) \/ LT5GEO-LE-M (usage multiple)<\/td>\n<\/tr>\n<tr class=\"odd-row\">\n<td class=\"left-td\">Connectivit\u00e9<\/td>\n<td>LTE Cat M1\/EGPRS<\/td>\n<\/tr>\n<tr class=\"even-row\">\n<td class=\"left-td\">Plage de mesure du capteur<\/td>\n<td>-90 \u00b0C \u00e0 +40 \u00b0C (-130 \u00b0F \u00e0 +104 \u00b0F)<\/td>\n<\/tr>\n<tr class=\"odd-row\">\n<td class=\"left-td\">Plage de temp\u00e9rature de fonctionnement<\/td>\n<td>De -30 \u00b0C \u00e0 +70 \u00b0C (de -22 \u00b0F \u00e0 +158 \u00b0F)<\/td>\n<\/tr>\n<tr class=\"even-row\">\n<td class=\"left-td\">Plage de temp\u00e9rature de stockage<\/td>\n<td>0 \u00b0C \u00e0 +40 \u00b0C (+32 \u00b0F \u00e0 +104 \u00b0F)<\/td>\n<\/tr>\n<tr class=\"odd-row\">\n<td class=\"left-td\">Pr\u00e9cision de la lecture de la temp\u00e9rature<\/td>\n<td>Mieux que \u00b10,5 \u00b0C pour -20 \u00b0C \u00e0 +10 \u00b0C (-4 \u00b0F \u00e0 +50 \u00b0F)\nMieux que \u00b10,7 \u00b0C pour -50 \u00b0C \u00e0 -20 \u00b0C (-58 \u00b0F \u00e0 -4 \u00b0F)\nMieux que \u00b10,7 \u00b0C pour +10 \u00b0C \u00e0 +30 \u00b0C (+50 \u00b0F \u00e0 +86 \u00b0F)\nMieux que \u00b11.0 \u00b0C pour -80 \u00b0C \u00e0 -50 \u00b0C (-112 \u00b0F \u00e0 -58 \u00b0F)\nMieux que \u00b11,0 \u00b0C pour +30 \u00b0C \u00e0 +40 \u00b0C (+86 \u00b0F \u00e0 +104 \u00b0F)\nMieux que \u00b11,8 \u00b0C pour -90 \u00b0C \u00e0 -80 \u00b0C (-130 \u00b0F \u00e0 -112 \u00b0F)\nLes performances r\u00e9elles sont g\u00e9n\u00e9ralement bien meilleures que les valeurs nominales. Les chiffres de pr\u00e9cision peuvent \u00eatre am\u00e9lior\u00e9s par un r\u00e9\u00e9talonnage.<\/td>\n<\/tr>\n<tr class=\"even-row\">\n<td class=\"left-td\">Gamme de capteurs de lumi\u00e8re<\/td>\n<td>0 - 120 000 lux<\/td>\n<\/tr>\n<tr class=\"odd-row\">\n<td class=\"left-td\">Gamme de capteurs de chocs<\/td>\n<td>0-16g<\/td>\n<\/tr>\n<tr class=\"even-row\">\n<td class=\"left-td\">R\u00e9solution du capteur de chocs<\/td>\n<td>0,1g (1 <sup>m\/s2<\/sup>)<\/td>\n<\/tr>\n<tr class=\"odd-row\">\n<td class=\"left-td\">Taux d'\u00e9chantillonnage du capteur de chocs<\/td>\n<td>25 Hz<\/td>\n<\/tr>\n<tr class=\"even-row\">\n<td class=\"left-td\">Capacit\u00e9 d'enregistrement des donn\u00e9es<\/td>\n<td>M\u00e9moire locale de l'enregistreur 16 320 (1 million d'enregistrements avec LogTag\u00ae Online)<\/td>\n<\/tr>\n<tr class=\"odd-row\">\n<td class=\"left-td\">Intervalle de transmission<\/td>\n<td>20 minutes \u00e0 24 heures (configurable) ; t\u00e9l\u00e9chargement imm\u00e9diat en cas de d\u00e9clenchement d'une alarme<\/td>\n<\/tr>\n<tr class=\"even-row\">\n<td class=\"left-td\">Intervalle d'\u00e9chantillonnage<\/td>\n<td>Configurable de 1 minute \u00e0 18 heures<\/td>\n<\/tr>\n<tr class=\"odd-row\">\n<td class=\"left-td\">Options de d\u00e9marrage de l'enregistrement<\/td>\n<td>D\u00e9marrage par bouton-poussoir avec d\u00e9lai configurable (de 1 minute \u00e0 72 heures)<\/td>\n<\/tr>\n<tr class=\"even-row\">\n<td class=\"left-td\">Caract\u00e9ristiques environnementales<\/td>\n<td>IP61<\/td>\n<\/tr>\n<tr class=\"odd-row\">\n<td class=\"left-td\">Logiciel<\/td>\n<td>LogTag\u00ae Online et LogTag\u00ae Mobile App en option<\/td>\n<\/tr>\n<tr class=\"even-row\">\n<td class=\"left-td\">Type de batterie<\/td>\n<td>Hydrure m\u00e9tallique de nickel (NiMH) rechargeable sans lithium<\/td>\n<\/tr>\n<tr class=\"odd-row\">\n<td class=\"left-td\">Dur\u00e9e de vie de la batterie<\/td>\n<td>S'ajuste en fonction de l'intervalle de transmission ; dur\u00e9e maximale du voyage jusqu'\u00e0 90 jours<\/td>\n<\/tr>\n<tr class=\"even-row\">\n<td class=\"left-td\">Interface de connexion<\/td>\n<td>USB 2.0 \/ USB Type-C Prise m\u00e9tallique<\/td>\n<\/tr>\n<tr class=\"odd-row\">\n<td class=\"left-td\">Dimensions<\/td>\n<td>90mm (H) x 68mm (L) x 25mm (P)<\/td>\n<\/tr>\n<tr class=\"even-row\">\n<td class=\"left-td\">Poids<\/td>\n<td>166g<\/td>\n<\/tr>\n<tr class=\"odd-row\">\n<td class=\"left-td\">Mat\u00e9riau du bo\u00eetier<\/td>\n<td>Polycarbonate<\/td>\n<\/tr>\n<\/tbody>\n<\/table>"],"resources":["<ul class=\"resources-list\">\n \t<li><img src=\"https:\/\/praxas.com\/wp-content\/uploads\/document-icon.png\" alt=\"Ic\u00f4ne de document\"><a href=\"https:\/\/praxas.com\/wp-content\/uploads\/LT5GEO-LE-Brochure.pdf\">Brochure LogTag LT5GEO-LE<\/a><\/li>\n \t<li><img src=\"https:\/\/praxas.com\/wp-content\/uploads\/document-icon.png\" alt=\"Ic\u00f4ne de document\"><a href=\"https:\/\/praxas.com\/wp-content\/uploads\/LT5GEO-E-LT5GEO-LE-Transportation-QSG.pdf\">LogTag LT5GEO-LE Guide de d\u00e9marrage rapide pour le transport<\/a><\/li>\n \t<li><img src=\"https:\/\/praxas.com\/wp-content\/uploads\/document-icon.png\" alt=\"Ic\u00f4ne de document\"><a href=\"https:\/\/praxas.com\/wp-content\/uploads\/LT5GEO-E-LT5GEO-LE-Fridge-Freezer-QSG.pdf\">Guide de d\u00e9marrage rapide du r\u00e9frig\u00e9rateur-cong\u00e9lateur LogTag LT5GEO-LE<\/a><\/li>\n<\/ul>\n\u00a0\n\n\u00a0\n<div style=\"text-align: center;\">\n<div style=\"display: inline-block; margin: 10px;\"><iframe title=\"Lecteur vid\u00e9o YouTube\" src=\"https:\/\/www.youtube.com\/embed\/pyN-Ea5rM1I?si=35uGuVFEvLaCYrTz\" width=\"448\" height=\"252\" frameborder=\"0\" allowfullscreen=\"allowfullscreen\"><\/iframe><\/div>\n<div style=\"display: inline-block; margin: 10px;\"><iframe title=\"Lecteur vid\u00e9o YouTube\" src=\"https:\/\/www.youtube.com\/embed\/GOVHbKjjy8w?si=baiJXfhd0f6IDQTA\" width=\"448\" height=\"252\" frameborder=\"0\" allowfullscreen=\"allowfullscreen\"><span data-mce-type=\"bookmark\" style=\"display: inline-block; width: 0px; overflow: hidden; line-height: 0;\" class=\"mce_SELRES_start\"><\/span><span data-mce-type=\"bookmark\" style=\"display: inline-block; width: 0px; overflow: hidden; line-height: 0;\" class=\"mce_SELRES_start\"><\/span><\/iframe><\/div>\n<\/div>"],"rank_math_internal_links_processed":["1","1"],"_thumbnail_id":["58325"],"_product_attributes":["a:2:{s:16:\"pa_product-brand\";a:6:{s:4:\"name\";s:16:\"pa_product-brand\";s:5:\"value\";s:0:\"\";s:8:\"position\";i:0;s:10:\"is_visible\";i:1;s:12:\"is_variation\";i:0;s:11:\"is_taxonomy\";i:1;}s:16:\"pa_make-a-choice\";a:6:{s:4:\"name\";s:16:\"pa_make-a-choice\";s:5:\"value\";s:0:\"\";s:8:\"position\";i:1;s:10:\"is_visible\";i:1;s:12:\"is_variation\";i:1;s:11:\"is_taxonomy\";i:1;}}"],"_wpml_word_count":["164"],"_product_image_gallery":["58323,58324,58322"],"_uag_page_assets":["a:9:{s:3:\"css\";s:0:\"\";s:2:\"js\";s:0:\"\";s:18:\"current_block_list\";a:0:{}s:8:\"uag_flag\";b:0;s:11:\"uag_version\";s:10:\"1777651425\";s:6:\"gfonts\";a:0:{}s:10:\"gfonts_url\";s:0:\"\";s:12:\"gfonts_files\";a:0:{}s:14:\"uag_faq_layout\";b:0;}"],"_max_variation_price":[""],"_max_variation_regular_price":[""],"_max_variation_sale_price":[""],"_min_variation_price":[""],"_min_variation_regular_price":[""],"_min_variation_sale_price":[""],"_regular_price":[""],"_sale_price":[""],"_wc_pb_base_regular_price":[""],"_wc_pb_base_sale_price":[""],"_wc_pb_base_price":[""],"_wc_sw_max_price":[""],"_wc_sw_max_regular_price":[""],"_wc_rating_count":[""],"_wc_review_count":[""],"_wc_average_rating":[0]},"uagb_featured_image_src":{"full":["https:\/\/praxas.com\/wp-content\/uploads\/LT5GEO-LE-solo-front.jpg",1200,680,false],"thumbnail":["https:\/\/praxas.com\/wp-content\/uploads\/LT5GEO-LE-solo-front-150x150.jpg",150,150,true],"medium":["https:\/\/praxas.com\/wp-content\/uploads\/LT5GEO-LE-solo-front-300x170.jpg",300,170,true],"medium_large":["https:\/\/praxas.com\/wp-content\/uploads\/LT5GEO-LE-solo-front-768x435.jpg",768,435,true],"large":["https:\/\/praxas.com\/wp-content\/uploads\/LT5GEO-LE-solo-front-1024x580.jpg",1024,580,true],"1536x1536":["https:\/\/praxas.com\/wp-content\/uploads\/LT5GEO-LE-solo-front.jpg",1200,680,false],"2048x2048":["https:\/\/praxas.com\/wp-content\/uploads\/LT5GEO-LE-solo-front.jpg",1200,680,false],"crunchify-admin-post-featured-image":["https:\/\/praxas.com\/wp-content\/uploads\/LT5GEO-LE-solo-front-120x68.jpg",120,68,true],"commercegurus-pdp-large":["https:\/\/praxas.com\/wp-content\/uploads\/LT5GEO-LE-solo-front-990x561.jpg",990,561,true],"commercegurus-plp-mobile":["https:\/\/praxas.com\/wp-content\/uploads\/LT5GEO-LE-solo-front-441x250.jpg",441,250,true],"cgkit_image_swatch":["https:\/\/praxas.com\/wp-content\/uploads\/LT5GEO-LE-solo-front-100x100.jpg",100,100,true],"woocommerce_thumbnail":["https:\/\/praxas.com\/wp-content\/uploads\/LT5GEO-LE-solo-front-350x198.jpg",350,198,true],"woocommerce_single":["https:\/\/praxas.com\/wp-content\/uploads\/LT5GEO-LE-solo-front-800x453.jpg",800,453,true],"woocommerce_gallery_thumbnail":["https:\/\/praxas.com\/wp-content\/uploads\/LT5GEO-LE-solo-front-150x85.jpg",150,85,true]},"uagb_author_info":{"display_name":"Alex James","author_link":"https:\/\/praxas.com\/fr\/author\/"},"uagb_comment_info":0,"uagb_excerpt":"De -90\u00b0C \u00e0 +40\u00b0C Surveillance ultra-faible Alertes en temps r\u00e9el Connectivit\u00e9 4G\/5G Acc\u00e8s aux donn\u00e9es en nuage","_links":{"self":[{"href":"https:\/\/praxas.com\/fr\/wp-json\/wp\/v2\/product\/58321","targetHints":{"allow":["GET"]}}],"collection":[{"href":"https:\/\/praxas.com\/fr\/wp-json\/wp\/v2\/product"}],"about":[{"href":"https:\/\/praxas.com\/fr\/wp-json\/wp\/v2\/types\/product"}],"wp:featuredmedia":[{"embeddable":true,"href":"https:\/\/praxas.com\/fr\/wp-json\/wp\/v2\/media\/58325"}],"wp:attachment":[{"href":"https:\/\/praxas.com\/fr\/wp-json\/wp\/v2\/media?parent=58321"}],"wp:term":[{"taxonomy":"product_brand","embeddable":true,"href":"https:\/\/praxas.com\/fr\/wp-json\/wp\/v2\/product_brand?post=58321"},{"taxonomy":"product_cat","embeddable":true,"href":"https:\/\/praxas.com\/fr\/wp-json\/wp\/v2\/product_cat?post=58321"},{"taxonomy":"product_tag","embeddable":true,"href":"https:\/\/praxas.com\/fr\/wp-json\/wp\/v2\/product_tag?post=58321"}],"curies":[{"name":"wp","href":"https:\/\/api.w.org\/{rel}","templated":true}]}}