{"id":35609,"date":"2024-06-28T10:13:47","date_gmt":"2024-06-28T10:13:47","guid":{"rendered":"https:\/\/staging.praxas.com\/comunicazione-e-frode\/"},"modified":"2025-06-20T10:31:47","modified_gmt":"2025-06-20T10:31:47","slug":"comunicazione-e-frode","status":"publish","type":"page","link":"https:\/\/praxas.com\/it\/politiche-aziendali\/comunicazione-e-frode\/","title":{"rendered":"Comunicazione e frode"},"content":{"rendered":"<h2>La protezione dei dati in Praxas<\/h2>\n<p>In Praxas, la sicurezza dei tuoi dati \u00e8 la nostra massima priorit\u00e0. La tua carta fedelt\u00e0 contiene dati personali.<\/p>\n<p>&nbsp;<\/p>\n<h3>Come puoi proteggere meglio i tuoi dati?<\/h3>\n<p>\u00c8 bene cambiare regolarmente la password. Nel farlo, evita le informazioni personali o le sequenze di numeri logici. Tieni la tua password solo per te.<\/p>\n<p>Se hai domande o se noti che i tuoi dati sono cambiati, puoi sempre contattarci all&#8217;indirizzo info@praxas.com o chiamare il numero +31 (0)76 50 40268. Saremo lieti di assisterti.<\/p>\n<p>&nbsp;<\/p>\n<h3>Cosa succede se noti un&#8217;attivit\u00e0 sospetta sui tuoi dati?<\/h3>\n<p>Ti preghiamo di segnalarlo immediatamente a Praxas. Verificheremo immediatamente con te e apporteremo eventuali modifiche per prevenire le frodi.<\/p>\n<p>&nbsp;<\/p>\n<h2>PRAXAS METTE IN GUARDIA DA COMPORTAMENTI FRAUDOLENTI<\/h2>\n<p>Ti ricordiamo che attualmente circolano e-mail fraudolente che utilizzano impropriamente il nome e talvolta il logo di Praxas.<\/p>\n<p>Ti invitiamo a prestare attenzione quando ricevi questi messaggi, poich\u00e9 si tratta di tentativi di frode, noti anche come phishing. In particolare, stiamo assistendo a un aumento del phishing via e-mail. Non aprire gli allegati delle e-mail!<\/p>\n<p>&nbsp;<\/p>\n<h3>Come riconoscere un tentativo di phishing via e-mail?<\/h3>\n<p>Le email di phishing possono apparire molto realistiche riproducendo il marchio Praxas. Presta attenzione al mittente, all&#8217;oggetto e al contenuto dell&#8217;e-mail. Non cliccare su link sospetti e non condividere informazioni personali come nome, indirizzo e-mail, dati bancari, ecc.<\/p>\n<p>Attualmente le e-mail vengono inviate dal nome Petra Manley (Acquisti). Questa signora non lavora per Praxas.<\/p>\n<p>&nbsp;<\/p>\n<h3>Cosa fare in caso di frode via e-mail o telefono?<\/h3>\n<p>Non rispondere a richieste sospette e non condividere i tuoi dati personali. Segnala il sospetto di frode al nostro servizio clienti.<\/p>\n<p>&nbsp;<\/p>\n<h3>Cosa succede se sei stato vittima di una frode via e-mail o telefonica?<\/h3>\n<p>Se hai condiviso i dati e sospetti una frode, blocca immediatamente il tuo conto corrente e segnalalo alla polizia.<\/p>\n","protected":false},"excerpt":{"rendered":"<p>La protezione dei dati in Praxas In Praxas, la sicurezza dei tuoi dati \u00e8 la nostra massima priorit\u00e0. La tua carta fedelt\u00e0 contiene dati personali. &nbsp; Come puoi proteggere meglio i tuoi dati? \u00c8 bene cambiare regolarmente la password. Nel farlo, evita le informazioni personali o le sequenze di numeri logici. Tieni la tua password [&hellip;]<\/p>\n","protected":false},"author":8383,"featured_media":0,"parent":35708,"menu_order":5,"comment_status":"closed","ping_status":"closed","template":"template-fullwidth.php","meta":{"_acf_changed":false,"content-type":"","_uag_custom_page_level_css":"","footnotes":""},"class_list":["post-35609","page","type-page","status-publish","hentry"],"acf":[],"spectra_custom_meta":{"hero_image":[""],"_hero_image":["field_64f1a7da7af44"],"_hero_h1":["field_64f19e1edd052"],"_hero_h2":["field_64f19e2ddd053"],"_hero_text":["field_64f19e42dd054"],"_hero_button_text":["field_64f19e4edd055"],"_hero_button_link":["field_64f19e5ddd056"],"_top_nav_excluded":[""],"_cms_nav_minihome":[""],"_wp_page_template":["template-fullwidth.php"],"_last_translation_edit_mode":["translation-editor"],"_wpml_word_count":["338"],"_uag_page_assets":["a:9:{s:3:\"css\";s:0:\"\";s:2:\"js\";s:0:\"\";s:18:\"current_block_list\";a:0:{}s:8:\"uag_flag\";b:0;s:11:\"uag_version\";s:10:\"1775742760\";s:6:\"gfonts\";a:0:{}s:10:\"gfonts_url\";s:0:\"\";s:12:\"gfonts_files\";a:0:{}s:14:\"uag_faq_layout\";b:0;}"]},"uagb_featured_image_src":{"full":false,"thumbnail":false,"medium":false,"medium_large":false,"large":false,"1536x1536":false,"2048x2048":false,"crunchify-admin-post-featured-image":false,"commercegurus-pdp-large":false,"commercegurus-plp-mobile":false,"cgkit_image_swatch":false,"woocommerce_thumbnail":false,"woocommerce_single":false,"woocommerce_gallery_thumbnail":false},"uagb_author_info":{"display_name":"Alex James","author_link":"https:\/\/praxas.com\/it\/author\/alex\/"},"uagb_comment_info":0,"uagb_excerpt":"La protezione dei dati in Praxas In Praxas, la sicurezza dei tuoi dati \u00e8 la nostra massima priorit\u00e0. La tua carta fedelt\u00e0 contiene dati personali. &nbsp; Come puoi proteggere meglio i tuoi dati? \u00c8 bene cambiare regolarmente la password. Nel farlo, evita le informazioni personali o le sequenze di numeri logici. Tieni la tua password&hellip;","_links":{"self":[{"href":"https:\/\/praxas.com\/it\/wp-json\/wp\/v2\/pages\/35609","targetHints":{"allow":["GET"]}}],"collection":[{"href":"https:\/\/praxas.com\/it\/wp-json\/wp\/v2\/pages"}],"about":[{"href":"https:\/\/praxas.com\/it\/wp-json\/wp\/v2\/types\/page"}],"author":[{"embeddable":true,"href":"https:\/\/praxas.com\/it\/wp-json\/wp\/v2\/users\/8383"}],"replies":[{"embeddable":true,"href":"https:\/\/praxas.com\/it\/wp-json\/wp\/v2\/comments?post=35609"}],"version-history":[{"count":1,"href":"https:\/\/praxas.com\/it\/wp-json\/wp\/v2\/pages\/35609\/revisions"}],"predecessor-version":[{"id":35714,"href":"https:\/\/praxas.com\/it\/wp-json\/wp\/v2\/pages\/35609\/revisions\/35714"}],"up":[{"embeddable":true,"href":"https:\/\/praxas.com\/it\/wp-json\/wp\/v2\/pages\/35708"}],"wp:attachment":[{"href":"https:\/\/praxas.com\/it\/wp-json\/wp\/v2\/media?parent=35609"}],"curies":[{"name":"wp","href":"https:\/\/api.w.org\/{rel}","templated":true}]}}