{"id":35610,"date":"2023-11-14T09:37:42","date_gmt":"2023-11-14T09:37:42","guid":{"rendered":"https:\/\/staging.praxas.com\/modelli-di-progetto\/"},"modified":"2024-07-23T11:34:26","modified_gmt":"2024-07-23T11:34:26","slug":"modelli-di-progetto","status":"publish","type":"page","link":"https:\/\/praxas.com\/it\/panelpilotace-universita\/modelli-di-progetto\/","title":{"rendered":"Modelli di progetto"},"content":{"rendered":"<p>Abbiamo creato alcune funzioni di base per farti iniziare il tuo prossimo progetto di visualizzazione. Sfoglia l&#8217;elenco qui sotto e scarica funzioni pratiche come lo spinner dei numeri, gli allarmi e i grafici di tendenza.<\/p>\n<p><img loading=\"lazy\" decoding=\"async\" class=\"alignnone wp-image-16151\" src=\"https:\/\/praxas.com\/wp-content\/uploads\/numerickeypad-300x176.png\" alt=\"Tastiera numerica\" width=\"348\" height=\"204\" srcset=\"https:\/\/praxas.com\/wp-content\/uploads\/numerickeypad-300x176.png 300w, https:\/\/praxas.com\/wp-content\/uploads\/numerickeypad-120x70.png 120w, https:\/\/praxas.com\/wp-content\/uploads\/numerickeypad-350x205.png 350w, https:\/\/praxas.com\/wp-content\/uploads\/numerickeypad-150x88.png 150w, https:\/\/praxas.com\/wp-content\/uploads\/numerickeypad.png 400w\" sizes=\"auto, (max-width: 348px) 100vw, 348px\" \/><\/p>\n<h3>Tastierino numerico<\/h3>\n<p>Questo esempio ti mostra come impostare una schermata di blocco a 4 cifre utilizzando un tastierino numerico. Il modello mostra l&#8217;uso delle funzioni Maths Builder e Trigger all&#8217;interno di un progetto PanelPilotACE. Questi modelli sono personalizzabili in base alle tue esigenze.<\/p>\n<p><a class=\"button button-orange\" href=\"\/wp-content\/uploads\/ppa-design-studio_graphics-guide_iss1_07-20.pdf\" target=\"_blank\" rel=\"noopener\">SGD 43-A<\/a> <a class=\"button button-orange\" href=\"\/wp-content\/uploads\/panelpilotace_numerickeypad_sgd70a.zip\" target=\"_blank\" rel=\"noopener\">SGD70-A<\/a><\/p>\n<h3><img loading=\"lazy\" decoding=\"async\" class=\"alignnone wp-image-16174\" src=\"https:\/\/praxas.com\/wp-content\/uploads\/keyboard-300x176.png\" alt=\"Tastiera\" width=\"338\" height=\"198\" srcset=\"https:\/\/praxas.com\/wp-content\/uploads\/keyboard-300x176.png 300w, https:\/\/praxas.com\/wp-content\/uploads\/keyboard-120x70.png 120w, https:\/\/praxas.com\/wp-content\/uploads\/keyboard-350x205.png 350w, https:\/\/praxas.com\/wp-content\/uploads\/keyboard-150x88.png 150w, https:\/\/praxas.com\/wp-content\/uploads\/keyboard.png 400w\" sizes=\"auto, (max-width: 338px) 100vw, 338px\" \/><\/h3>\n<h3>Tastiera QWERTY<\/h3>\n<p>Questo modello consente al creatore dell&#8217;app di aggiungere la funzionalit\u00e0 della tastiera al touchscreen di PanelPilotACE. Un esempio delle funzioni avanzate che possono essere programmate nelle unit\u00e0. Il modello \u00e8 personalizzabile e pu\u00f2 essere aggiunto a progetti esistenti o utilizzato per creare qualcosa di nuovo. Questo modello \u00e8 disponibile solo per il modello SGD 70-A.<\/p>\n<p><a class=\"button button-orange\" href=\"\/wp-content\/uploads\/panelpilotaceqwertykeyboard_sgd70a-2.zip\" target=\"_blank\" rel=\"noopener\">SGD 70-A<\/a><\/p>\n<h3>Grafico di tendenza<\/h3>\n<p><img loading=\"lazy\" decoding=\"async\" class=\"alignnone wp-image-16177\" src=\"https:\/\/praxas.com\/wp-content\/uploads\/trendgraph-300x176.png\" alt=\"\" width=\"331\" height=\"194\" srcset=\"https:\/\/praxas.com\/wp-content\/uploads\/trendgraph-300x176.png 300w, https:\/\/praxas.com\/wp-content\/uploads\/trendgraph-120x70.png 120w, https:\/\/praxas.com\/wp-content\/uploads\/trendgraph-350x205.png 350w, https:\/\/praxas.com\/wp-content\/uploads\/trendgraph-150x88.png 150w, https:\/\/praxas.com\/wp-content\/uploads\/trendgraph.png 400w\" sizes=\"auto, (max-width: 331px) 100vw, 331px\" \/><\/p>\n<p>La funzione Grafico delle tendenze \u00e8 una potente funzione disponibile su entrambi i modelli PanelPilotACE. Questi modelli dimostrano come la registrazione dei dati possa essere rappresentata in forma grafica per migliorare l&#8217;esperienza dell&#8217;utente. Questa funzione \u00e8 stata creata nel PanelPilotACE Design Studio.<\/p>\n<p><a class=\"button button-orange\" href=\"\/wp-content\/uploads\/panelpilotace_trendgraph_sgd43a.zip\" target=\"_blank\" rel=\"noopener\">SGD 43-A<\/a> <a class=\"button button-orange\" href=\"\/wp-content\/uploads\/panelpilotace_trend-graph_sgd70a.zip\" target=\"_blank\" rel=\"noopener\">SGD 70-A<\/a><\/p>\n<h3>Registrazione dei dati<\/h3>\n<p><img loading=\"lazy\" decoding=\"async\" class=\"alignnone wp-image-16188\" src=\"https:\/\/praxas.com\/wp-content\/uploads\/datalogging-300x176.png\" alt=\"registrazione dei dati\" width=\"322\" height=\"189\" srcset=\"https:\/\/praxas.com\/wp-content\/uploads\/datalogging-300x176.png 300w, https:\/\/praxas.com\/wp-content\/uploads\/datalogging-768x449.png 768w, https:\/\/praxas.com\/wp-content\/uploads\/datalogging-120x70.png 120w, https:\/\/praxas.com\/wp-content\/uploads\/datalogging-990x579.png 990w, https:\/\/praxas.com\/wp-content\/uploads\/datalogging-441x258.png 441w, https:\/\/praxas.com\/wp-content\/uploads\/datalogging-350x205.png 350w, https:\/\/praxas.com\/wp-content\/uploads\/datalogging-800x468.png 800w, https:\/\/praxas.com\/wp-content\/uploads\/datalogging-150x88.png 150w, https:\/\/praxas.com\/wp-content\/uploads\/datalogging.png 1000w\" sizes=\"auto, (max-width: 322px) 100vw, 322px\" \/><\/p>\n<p>Questo \u00e8 l&#8217;esempio tratto dal video Tutorial di PanelPilotACE sulla registrazione dei dati. Dimostra l&#8217;uso della registrazione dei dati in PanelPilotACE Design Studio.<\/p>\n<p><a class=\"button button-orange\" href=\"\/wp-content\/uploads\/panelpilotace_datalogging_sgd43a.zip\" target=\"_blank\" rel=\"noopener\">SGD 43-A<\/a> <a class=\"button button-orange\" href=\"\/wp-content\/uploads\/panelpilotace_datalogging_sgd70a.zip\" target=\"_blank\" rel=\"noopener\">SGD 70-A<\/a><\/p>\n<h3>Numero Spinner<\/h3>\n<p><img loading=\"lazy\" decoding=\"async\" class=\"alignnone wp-image-16198\" src=\"https:\/\/praxas.com\/wp-content\/uploads\/numberspinner-300x176.png\" alt=\"Numero Spinner\" width=\"324\" height=\"190\" srcset=\"https:\/\/praxas.com\/wp-content\/uploads\/numberspinner-300x176.png 300w, https:\/\/praxas.com\/wp-content\/uploads\/numberspinner-768x449.png 768w, https:\/\/praxas.com\/wp-content\/uploads\/numberspinner-120x70.png 120w, https:\/\/praxas.com\/wp-content\/uploads\/numberspinner-990x579.png 990w, https:\/\/praxas.com\/wp-content\/uploads\/numberspinner-441x258.png 441w, https:\/\/praxas.com\/wp-content\/uploads\/numberspinner-350x205.png 350w, https:\/\/praxas.com\/wp-content\/uploads\/numberspinner-800x468.png 800w, https:\/\/praxas.com\/wp-content\/uploads\/numberspinner-150x88.png 150w, https:\/\/praxas.com\/wp-content\/uploads\/numberspinner.png 1000w\" sizes=\"auto, (max-width: 324px) 100vw, 324px\" \/><\/p>\n<p>Uno spinner numerico di base che pu\u00f2 essere utilizzato in vari modi all&#8217;interno di un progetto. Questa versione ha limiti e dimensioni variabili. Utilizza la funzione Maths Builder insieme ai pulsanti pi\u00f9 e meno.<\/p>\n<p><a class=\"button button-orange\" href=\"\/wp-content\/uploads\/panelpilotace_numberspinner_sgd43a.zip\" target=\"_blank\" rel=\"noopener\">SGD 43-A<\/a> <a class=\"button button-orange\" href=\"\/wp-content\/uploads\/panelpilotace_numberspinner_sgd70a.zip\" target=\"_blank\" rel=\"noopener\">SGD 70-A<\/a><\/p>\n<h3>Contatore con allarme variabile<\/h3>\n<p><img loading=\"lazy\" decoding=\"async\" class=\"alignnone wp-image-16204\" src=\"https:\/\/praxas.com\/wp-content\/uploads\/meterwvariablealarm-300x176.png\" alt=\"Contatore con allarme variabile\" width=\"336\" height=\"197\" srcset=\"https:\/\/praxas.com\/wp-content\/uploads\/meterwvariablealarm-300x176.png 300w, https:\/\/praxas.com\/wp-content\/uploads\/meterwvariablealarm-768x449.png 768w, https:\/\/praxas.com\/wp-content\/uploads\/meterwvariablealarm-120x70.png 120w, https:\/\/praxas.com\/wp-content\/uploads\/meterwvariablealarm-990x579.png 990w, https:\/\/praxas.com\/wp-content\/uploads\/meterwvariablealarm-441x258.png 441w, https:\/\/praxas.com\/wp-content\/uploads\/meterwvariablealarm-350x205.png 350w, https:\/\/praxas.com\/wp-content\/uploads\/meterwvariablealarm-800x468.png 800w, https:\/\/praxas.com\/wp-content\/uploads\/meterwvariablealarm-150x88.png 150w, https:\/\/praxas.com\/wp-content\/uploads\/meterwvariablealarm.png 1000w\" sizes=\"auto, (max-width: 336px) 100vw, 336px\" \/><\/p>\n<p>Questo progetto utilizza un Generatore di Logica, un Trigger di Propriet\u00e0, un Set di Regole e un Generatore di Matematica per creare una funzione di allarme variabile dall&#8217;utente.<\/p>\n<p><a class=\"button button-orange\" href=\"\/wp-content\/uploads\/basic-meter-w-variable-alarm_sgd43a.zip\" target=\"_blank\" rel=\"noopener\">SGD 43-A<\/a> <a class=\"button button-orange\" href=\"\/wp-content\/uploads\/basic-meter-wvariable-alarm_sgd70a.zip\" target=\"_blank\" rel=\"noopener\">SGD 70-A<\/a><\/p>\n<h3>Contatore analogico<\/h3>\n<p><img loading=\"lazy\" decoding=\"async\" class=\"alignnone wp-image-16209\" src=\"https:\/\/praxas.com\/wp-content\/uploads\/analoguecounter-300x176.png\" alt=\"Contatore analogico\" width=\"332\" height=\"195\" srcset=\"https:\/\/praxas.com\/wp-content\/uploads\/analoguecounter-300x176.png 300w, https:\/\/praxas.com\/wp-content\/uploads\/analoguecounter-768x449.png 768w, https:\/\/praxas.com\/wp-content\/uploads\/analoguecounter-120x70.png 120w, https:\/\/praxas.com\/wp-content\/uploads\/analoguecounter-990x579.png 990w, https:\/\/praxas.com\/wp-content\/uploads\/analoguecounter-441x258.png 441w, https:\/\/praxas.com\/wp-content\/uploads\/analoguecounter-350x205.png 350w, https:\/\/praxas.com\/wp-content\/uploads\/analoguecounter-800x468.png 800w, https:\/\/praxas.com\/wp-content\/uploads\/analoguecounter-150x88.png 150w, https:\/\/praxas.com\/wp-content\/uploads\/analoguecounter.png 1000w\" sizes=\"auto, (max-width: 332px) 100vw, 332px\" \/><\/p>\n<p>Questo modello utilizza un conteggio debounced da un ingresso analogico. Per raggiungere questo obiettivo utilizza un trigger di propriet\u00e0, un costruttore di logica, un costruttore di matematica e un set di regole. I livelli di attivazione sono impostati su 3V = alto. Questo pu\u00f2 essere regolato nella funzione Logic Builder.<\/p>\n<p><a class=\"button button-orange\" href=\"\/wp-content\/uploads\/panelpilotace_analoguecounter_sgd43a.zip\" target=\"_blank\" rel=\"noopener\">SGD 43-A<\/a> <a class=\"button button-orange\" href=\"\/wp-content\/uploads\/panelpilotace_analoguecounter_sgd70a.zip\" target=\"_blank\" rel=\"noopener\">SGD 70-A<\/a><\/p>\n<h3>Tara<\/h3>\n<p><img loading=\"lazy\" decoding=\"async\" class=\"alignnone wp-image-16214\" src=\"https:\/\/praxas.com\/wp-content\/uploads\/tare-300x176.png\" alt=\"Display della tara\" width=\"324\" height=\"190\" srcset=\"https:\/\/praxas.com\/wp-content\/uploads\/tare-300x176.png 300w, https:\/\/praxas.com\/wp-content\/uploads\/tare-768x449.png 768w, https:\/\/praxas.com\/wp-content\/uploads\/tare-120x70.png 120w, https:\/\/praxas.com\/wp-content\/uploads\/tare-990x579.png 990w, https:\/\/praxas.com\/wp-content\/uploads\/tare-441x258.png 441w, https:\/\/praxas.com\/wp-content\/uploads\/tare-350x205.png 350w, https:\/\/praxas.com\/wp-content\/uploads\/tare-800x468.png 800w, https:\/\/praxas.com\/wp-content\/uploads\/tare-150x88.png 150w, https:\/\/praxas.com\/wp-content\/uploads\/tare.png 1000w\" sizes=\"auto, (max-width: 324px) 100vw, 324px\" \/><\/p>\n<p>Questo \u00e8 un esempio di come creare un&#8217;applicazione Tara utilizzando i Costruttori matematici, le Variabili e le Azioni logiche. Regola la scala lineare dell&#8217;ingresso analogico utilizzando le propriet\u00e0 delle variabili nel progetto.<\/p>\n<p><a class=\"button button-orange\" href=\"\/wp-content\/uploads\/panelpilotacetaredisplay_sgd43a.zip\" target=\"_blank\" rel=\"noopener\">SGD 43-A<\/a> <a class=\"button button-orange\" href=\"\/wp-content\/uploads\/panelpilot_taredisplay_sgd70a.zip\" target=\"_blank\" rel=\"noopener\">SGD 70-A<\/a><\/p>\n<h3>Allarme che cambia colore<\/h3>\n<p><img loading=\"lazy\" decoding=\"async\" class=\"alignnone size-medium wp-image-18100\" src=\"https:\/\/praxas.com\/wp-content\/uploads\/colourchangealarm-1-300x176.png\" alt=\"\" width=\"300\" height=\"176\" srcset=\"https:\/\/praxas.com\/wp-content\/uploads\/colourchangealarm-1-300x176.png 300w, https:\/\/praxas.com\/wp-content\/uploads\/colourchangealarm-1-768x449.png 768w, https:\/\/praxas.com\/wp-content\/uploads\/colourchangealarm-1-120x70.png 120w, https:\/\/praxas.com\/wp-content\/uploads\/colourchangealarm-1-990x579.png 990w, https:\/\/praxas.com\/wp-content\/uploads\/colourchangealarm-1-441x258.png 441w, https:\/\/praxas.com\/wp-content\/uploads\/colourchangealarm-1-350x205.png 350w, https:\/\/praxas.com\/wp-content\/uploads\/colourchangealarm-1-800x468.png 800w, https:\/\/praxas.com\/wp-content\/uploads\/colourchangealarm-1-150x88.png 150w, https:\/\/praxas.com\/wp-content\/uploads\/colourchangealarm-1.png 1000w\" sizes=\"auto, (max-width: 300px) 100vw, 300px\" \/><\/p>\n<p>Questo progetto mostra un metodo per cambiare il colore di un elemento visivo. In questo caso l&#8217;icona dell&#8217;allarme cambier\u00e0 colore quando si trover\u00e0 in diversi stati di allarme. Il modello utilizza delle variabili per i colori e i valori di allarme alto\/basso.<\/p>\n<p><a class=\"button button-orange\" href=\"https:\/\/praxas.com\/wp-content\/uploads\/panelpilotace_colourchangealarm_sgd43a-1.zip\" target=\"_blank\" rel=\"noopener\">SGD 43-A<\/a> <a class=\"button button-orange\" href=\"https:\/\/praxas.com\/wp-content\/uploads\/panelpilotace_colourchangealarm_sgd70a-1.zip\" target=\"_blank\" rel=\"noopener\">SGD 70-A<\/a><\/p>\n<h3>Registrazione PID con FTP<\/h3>\n<p><img loading=\"lazy\" decoding=\"async\" class=\"alignnone wp-image-16222\" src=\"https:\/\/praxas.com\/wp-content\/uploads\/pidController-300x176.png\" alt=\"Controllore PID \" width=\"319\" height=\"187\" srcset=\"https:\/\/praxas.com\/wp-content\/uploads\/pidController-300x176.png 300w, https:\/\/praxas.com\/wp-content\/uploads\/pidController-768x449.png 768w, https:\/\/praxas.com\/wp-content\/uploads\/pidController-120x70.png 120w, https:\/\/praxas.com\/wp-content\/uploads\/pidController-990x579.png 990w, https:\/\/praxas.com\/wp-content\/uploads\/pidController-441x258.png 441w, https:\/\/praxas.com\/wp-content\/uploads\/pidController-350x205.png 350w, https:\/\/praxas.com\/wp-content\/uploads\/pidController-800x468.png 800w, https:\/\/praxas.com\/wp-content\/uploads\/pidController-150x88.png 150w, https:\/\/praxas.com\/wp-content\/uploads\/pidController.png 1000w\" sizes=\"auto, (max-width: 319px) 100vw, 319px\" \/><\/p>\n<p>Questo \u00e8 un modello dimostrativo con funzioni di controllo PID per PanelPilotACE. Visualizza la registrazione dei dati e il trasferimento FTP. Questo modello \u00e8 disponibile solo per il modello SGD 70-A.<\/p>\n<p><a class=\"button button-orange\" href=\"\/wp-content\/uploads\/panelpilotace_pidloggingwithftp_sgd70a.zip\" target=\"_blank\" rel=\"noopener\">SGD 70-A<\/a><\/p>\n<h3>RS232<\/h3>\n<p><img loading=\"lazy\" decoding=\"async\" class=\"alignnone wp-image-16226\" src=\"https:\/\/praxas.com\/wp-content\/uploads\/rs232-300x176.png\" alt=\"RS232\" width=\"319\" height=\"187\" srcset=\"https:\/\/praxas.com\/wp-content\/uploads\/rs232-300x176.png 300w, https:\/\/praxas.com\/wp-content\/uploads\/rs232-768x449.png 768w, https:\/\/praxas.com\/wp-content\/uploads\/rs232-120x70.png 120w, https:\/\/praxas.com\/wp-content\/uploads\/rs232-990x579.png 990w, https:\/\/praxas.com\/wp-content\/uploads\/rs232-441x258.png 441w, https:\/\/praxas.com\/wp-content\/uploads\/rs232-350x205.png 350w, https:\/\/praxas.com\/wp-content\/uploads\/rs232-800x468.png 800w, https:\/\/praxas.com\/wp-content\/uploads\/rs232-150x88.png 150w, https:\/\/praxas.com\/wp-content\/uploads\/rs232.png 1000w\" sizes=\"auto, (max-width: 319px) 100vw, 319px\" \/><\/p>\n<p>Questo modello mostra come utilizzare le funzionalit\u00e0 di comunicazione RS232 di PanelPilotACE. I dati possono essere inviati e ricevuti tramite la porta seriale. Invia i dati premendo il pulsante tx. Nota che il valore \u00e8 uguale al valore dell&#8217;ingresso analogico visualizzato nella casella di testo adiacente. \u00c8 possibile visualizzare una stringa inviando &#8220;in1,[string]&#8221; al dispositivo.<\/p>\n<p><a class=\"button button-orange\" href=\"\/wp-content\/uploads\/panelpilotace_rs232_sgd43a.zip\" target=\"_blank\" rel=\"noopener\">SGD 43-A<\/a> <a class=\"button button-orange\" href=\"\/wp-content\/uploads\/panelpilotace_rs232_sgd70a.zip\" target=\"_blank\" rel=\"noopener\">SGD 70-A <\/a><\/p>\n<h3>RS485 con Modbus<\/h3>\n<p><img loading=\"lazy\" decoding=\"async\" class=\"alignnone wp-image-16233\" src=\"https:\/\/praxas.com\/wp-content\/uploads\/rs485-300x176.png\" alt=\"RS485 \" width=\"324\" height=\"190\" srcset=\"https:\/\/praxas.com\/wp-content\/uploads\/rs485-300x176.png 300w, https:\/\/praxas.com\/wp-content\/uploads\/rs485-768x449.png 768w, https:\/\/praxas.com\/wp-content\/uploads\/rs485-120x70.png 120w, https:\/\/praxas.com\/wp-content\/uploads\/rs485-990x579.png 990w, https:\/\/praxas.com\/wp-content\/uploads\/rs485-441x258.png 441w, https:\/\/praxas.com\/wp-content\/uploads\/rs485-350x205.png 350w, https:\/\/praxas.com\/wp-content\/uploads\/rs485-800x468.png 800w, https:\/\/praxas.com\/wp-content\/uploads\/rs485-150x88.png 150w, https:\/\/praxas.com\/wp-content\/uploads\/rs485.png 1000w\" sizes=\"auto, (max-width: 324px) 100vw, 324px\" \/><\/p>\n<p>Questi modelli sono progetti dimostrativi che mostrano come i comandi dei protocolli RS485 e MODBUS RTU possono essere utilizzati con PanelPilotACE. RS485 \u00e8 disponibile per l&#8217;SGD 43-A con l&#8217;aggiunta dell&#8217;opzione <a href=\"\/it\/product\/visualizza-panelpilot\/accessori-it\/s43-rs485\/\" target=\"_blank\" rel=\"noopener\"><strong>RS485<\/strong><\/a> con l&#8217;aggiunta della scheda aggiuntiva RS485.<\/p>\n<p><a class=\"button button-orange\" href=\"\/wp-content\/uploads\/panelpilotace_rs485modbus_sgd43a.zip\" target=\"_blank\" rel=\"noopener\">SGD 43-A<\/a> <a class=\"button button-orange\" href=\"\/wp-content\/uploads\/panelpilotace_rs485modbus_sgd70a.zip\" target=\"_blank\" rel=\"noopener\">SGD70-A<\/a><\/p>\n<h3>Termostato con Modbus<\/h3>\n<p><img loading=\"lazy\" decoding=\"async\" class=\"alignnone wp-image-16237\" src=\"https:\/\/praxas.com\/wp-content\/uploads\/modbusthermo-300x176.png\" alt=\"\" width=\"327\" height=\"192\" srcset=\"https:\/\/praxas.com\/wp-content\/uploads\/modbusthermo-300x176.png 300w, https:\/\/praxas.com\/wp-content\/uploads\/modbusthermo-768x449.png 768w, https:\/\/praxas.com\/wp-content\/uploads\/modbusthermo-120x70.png 120w, https:\/\/praxas.com\/wp-content\/uploads\/modbusthermo-990x579.png 990w, https:\/\/praxas.com\/wp-content\/uploads\/modbusthermo-441x258.png 441w, https:\/\/praxas.com\/wp-content\/uploads\/modbusthermo-350x205.png 350w, https:\/\/praxas.com\/wp-content\/uploads\/modbusthermo-800x468.png 800w, https:\/\/praxas.com\/wp-content\/uploads\/modbusthermo-150x88.png 150w, https:\/\/praxas.com\/wp-content\/uploads\/modbusthermo.png 1000w\" sizes=\"auto, (max-width: 327px) 100vw, 327px\" \/><\/p>\n<p>Questi modelli mostrano come i comandi MODBUS possono essere utilizzati con PanelPilotACE. RS485 \u00e8 disponibile per l&#8217;SGD 43-A con l&#8217;aggiunta dell&#8217;opzione <strong><a href=\"\/it\/product\/visualizza-panelpilot\/accessori-it\/s43-rs485\/\" target=\"_blank\" rel=\"noopener\">RS485<\/a><\/strong> con l&#8217;aggiunta della scheda aggiuntiva RS485.<\/p>\n<p><a class=\"button button-orange\" href=\"\/wp-content\/uploads\/panelpilotace_modbusthermostat_sgd43a.zip\" target=\"_blank\" rel=\"noopener\">SGD 43-A<\/a> <a class=\"button button-orange\" href=\"\/wp-content\/uploads\/panelpilotace_modbusthermostat_sgd70a.zip\" target=\"_blank\" rel=\"noopener\">SGD 70-A<\/a><\/p>\n<h3>Ethernet<\/h3>\n<p><img loading=\"lazy\" decoding=\"async\" class=\"alignnone wp-image-16242\" src=\"https:\/\/praxas.com\/wp-content\/uploads\/ethernet-300x176.png\" alt=\"Ethernet\" width=\"326\" height=\"191\" srcset=\"https:\/\/praxas.com\/wp-content\/uploads\/ethernet-300x176.png 300w, https:\/\/praxas.com\/wp-content\/uploads\/ethernet-768x449.png 768w, https:\/\/praxas.com\/wp-content\/uploads\/ethernet-120x70.png 120w, https:\/\/praxas.com\/wp-content\/uploads\/ethernet-990x579.png 990w, https:\/\/praxas.com\/wp-content\/uploads\/ethernet-441x258.png 441w, https:\/\/praxas.com\/wp-content\/uploads\/ethernet-350x205.png 350w, https:\/\/praxas.com\/wp-content\/uploads\/ethernet-800x468.png 800w, https:\/\/praxas.com\/wp-content\/uploads\/ethernet-150x88.png 150w, https:\/\/praxas.com\/wp-content\/uploads\/ethernet.png 1000w\" sizes=\"auto, (max-width: 326px) 100vw, 326px\" \/><\/p>\n<p>Questo \u00e8 un modello di esempio che mostra le funzionalit\u00e0 di rete del modello SGD 70-A via Ethernet. Questo modello \u00e8 disponibile solo per il modello SGD 70-A.<\/p>\n<p><a class=\"button button-orange\" href=\"\/wp-content\/uploads\/panelpilotace_ethernet_sgd70a.zip\" target=\"_blank\" rel=\"noopener\">SGD 70-A<\/a><\/p>\n<h3>Elementi del termistore<\/h3>\n<p>Si tratta di un file .zip contenente tre modelli per l&#8217;interfacciamento con la nostra scheda aggiuntiva Thermistor. Questi modelli includono Elemento termistore, Elemento termistore con allarmi e Modello di media mobile.<\/p>\n<p><a class=\"button button-orange\" href=\"\/wp-content\/uploads\/ThermistorElements.zip\" target=\"_blank\" rel=\"noopener\">DOWNLOAD<\/a><\/p>\n","protected":false},"excerpt":{"rendered":"<p>Abbiamo creato alcune funzioni di base per farti iniziare il tuo prossimo progetto di visualizzazione. Sfoglia l&#8217;elenco qui sotto e scarica funzioni pratiche come lo spinner dei numeri, gli allarmi e i grafici di tendenza. Tastierino numerico Questo esempio ti mostra come impostare una schermata di blocco a 4 cifre utilizzando un tastierino numerico. Il [&hellip;]<\/p>\n","protected":false},"author":5,"featured_media":0,"parent":35629,"menu_order":0,"comment_status":"closed","ping_status":"closed","template":"","meta":{"_acf_changed":false,"content-type":"","_uag_custom_page_level_css":"","footnotes":""},"class_list":["post-35610","page","type-page","status-publish","hentry"],"acf":[],"spectra_custom_meta":{"hero_image":[""],"_hero_image":["field_64f1a7da7af44"],"_hero_h1":["field_64f19e1edd052"],"_hero_h2":["field_64f19e2ddd053"],"_hero_text":["field_64f19e42dd054"],"_hero_button_text":["field_64f19e4edd055"],"_hero_button_link":["field_64f19e5ddd056"],"_top_nav_excluded":[""],"_cms_nav_minihome":[""],"_wp_page_template":["default"],"_last_translation_edit_mode":["native-editor"],"rank_math_og_content_image":["a:2:{s:5:\"check\";s:32:\"ddd2145f9b420106d4e769beeedd8385\";s:6:\"images\";a:1:{i:0;i:16151;}}"],"_edit_lock":["1721734334:8383"],"classic-editor-remember":["classic-editor"],"rank_math_seo_score":["19"],"_edit_last":["8383"],"hero_h1":[""],"hero_h2":[""],"hero_text":[""],"hero_button_text":[""],"hero_button_link":[""],"_wpml_media_duplicate":["1"],"_wpml_media_featured":["1"],"_uag_page_assets":["a:9:{s:3:\"css\";s:0:\"\";s:2:\"js\";s:0:\"\";s:18:\"current_block_list\";a:0:{}s:8:\"uag_flag\";b:0;s:11:\"uag_version\";s:10:\"1775658900\";s:6:\"gfonts\";a:0:{}s:10:\"gfonts_url\";s:0:\"\";s:12:\"gfonts_files\";a:0:{}s:14:\"uag_faq_layout\";b:0;}"]},"uagb_featured_image_src":{"full":false,"thumbnail":false,"medium":false,"medium_large":false,"large":false,"1536x1536":false,"2048x2048":false,"crunchify-admin-post-featured-image":false,"commercegurus-pdp-large":false,"commercegurus-plp-mobile":false,"cgkit_image_swatch":false,"woocommerce_thumbnail":false,"woocommerce_single":false,"woocommerce_gallery_thumbnail":false},"uagb_author_info":{"display_name":"Ellen Potter","author_link":"https:\/\/praxas.com\/it\/author\/ellen\/"},"uagb_comment_info":0,"uagb_excerpt":"Abbiamo creato alcune funzioni di base per farti iniziare il tuo prossimo progetto di visualizzazione. Sfoglia l&#8217;elenco qui sotto e scarica funzioni pratiche come lo spinner dei numeri, gli allarmi e i grafici di tendenza. Tastierino numerico Questo esempio ti mostra come impostare una schermata di blocco a 4 cifre utilizzando un tastierino numerico. Il&hellip;","_links":{"self":[{"href":"https:\/\/praxas.com\/it\/wp-json\/wp\/v2\/pages\/35610","targetHints":{"allow":["GET"]}}],"collection":[{"href":"https:\/\/praxas.com\/it\/wp-json\/wp\/v2\/pages"}],"about":[{"href":"https:\/\/praxas.com\/it\/wp-json\/wp\/v2\/types\/page"}],"author":[{"embeddable":true,"href":"https:\/\/praxas.com\/it\/wp-json\/wp\/v2\/users\/5"}],"replies":[{"embeddable":true,"href":"https:\/\/praxas.com\/it\/wp-json\/wp\/v2\/comments?post=35610"}],"version-history":[{"count":3,"href":"https:\/\/praxas.com\/it\/wp-json\/wp\/v2\/pages\/35610\/revisions"}],"predecessor-version":[{"id":38465,"href":"https:\/\/praxas.com\/it\/wp-json\/wp\/v2\/pages\/35610\/revisions\/38465"}],"up":[{"embeddable":true,"href":"https:\/\/praxas.com\/it\/wp-json\/wp\/v2\/pages\/35629"}],"wp:attachment":[{"href":"https:\/\/praxas.com\/it\/wp-json\/wp\/v2\/media?parent=35610"}],"curies":[{"name":"wp","href":"https:\/\/api.w.org\/{rel}","templated":true}]}}