{"id":35648,"date":"2023-09-21T11:39:03","date_gmt":"2023-09-21T09:39:03","guid":{"rendered":"https:\/\/staging.praxas.com\/supporto-per-il-monitor-della-qualita-dellaria-el-wem\/"},"modified":"2025-10-14T12:49:36","modified_gmt":"2025-10-14T10:49:36","slug":"supporto-per-il-monitor-della-qualita-dellaria-el-wem","status":"publish","type":"page","link":"https:\/\/praxas.com\/it\/supporto\/supporto-per-il-monitor-della-qualita-dellaria-el-wem\/","title":{"rendered":"Supporto per il monitor della qualit\u00e0 dell&#8217;aria EL-WEM"},"content":{"rendered":"<div class=\"accordion\">\n<h2 class=\"accordion-header\"><strong>Perch\u00e9 non vedo i dati del mio EL-WEM dopo averlo acceso per la prima volta?  <\/strong><strong><br \/>\n<\/strong><br \/>\n<i class=\"fas fa-chevron-circle-down\"><\/i><\/h2>\n<div class=\"accordion-content\">I sensori di qualit\u00e0 dell&#8217;aria dell&#8217;EL-WEM sono molto sensibili e impiegano circa 5 minuti per autocalibrarsi quando il dispositivo viene acceso. Dopo questo periodo di tempo, l&#8217;EL-WEM inizier\u00e0 automaticamente a registrare le letture.<\/div>\n<\/div>\n<p><strong><br \/>\n<\/strong><\/p>\n<div class=\"accordion\">\n<h2 class=\"accordion-header\"><strong>  Come posso forzare una trasmissione dal mio dispositivo?<\/strong> <strong><br \/>\n<\/strong><br \/>\n<i class=\"fas fa-chevron-circle-down\"><\/i><\/h2>\n<div class=\"accordion-content\">EL-WIFI &#8211; Quando il sensore sta visualizzando la schermata di lettura principale sul display LCD, premi tre volte il pulsante sulla parte anteriore. Le schermate MAX, MIN e Potenza del segnale verranno visualizzate rapidamente. Il dispositivo cercher\u00e0 di trasmettere immediatamente i dati pi\u00f9 recenti, indipendentemente dall&#8217;impostazione della velocit\u00e0 di trasmissione.<\/p>\n<p>EL-IOT &#8211; Devi tenere premuto il pulsante principale del dispositivo per 1-8 secondi. In questo modo si riconosce un allarme, si crea un evento di audit nel record e si forza la sincronizzazione dei dati con il Cloud.<\/p>\n<p>EL-WEM &#8211; Poich\u00e9 l&#8217;EL-WEM ha una frequenza di aggiornamento veloce per impostazione predefinita, non c&#8217;\u00e8 modo di forzare la trasmissione con il cloud.<\/p><\/div>\n<\/div>\n<div class=\"accordion\">\n<h2 class=\"accordion-header\"><strong>Come posso resettare il mio sensore?  <\/strong><strong><br \/>\n<\/strong><br \/>\n<i class=\"fas fa-chevron-circle-down\"><\/i><\/h2>\n<div class=\"accordion-content\">SI CONSIGLIA DI ARCHIVIARE IL DISPOSITIVO NELLA PAGINA DEI DISPOSITIVI DEL CLOUD DI EASYLOG PRIMA DI ESEGUIRE UN RESET DI FABBRICA.<\/p>\n<p>EL-WIFI &#8211; Il dispositivo pu\u00f2 essere resettato tenendo premuto il pulsante per 10 secondi. Rilascia il pulsante quando sullo schermo appare RST. Il dispositivo manterr\u00e0 tutte le impostazioni ma perder\u00e0 tutti i dati che non sono stati trasferiti a EasyLog Cloud. Continuer\u00e0 a essere collegato all&#8217;account con cui \u00e8 stato impostato e inizier\u00e0 semplicemente una nuova sessione di registrazione.<\/p>\n<p>Se necessario, \u00e8 possibile eseguire un reset completo tenendo premuto il pulsante per 20 secondi fino alla comparsa di FArS sullo schermo. In questo modo il dispositivo torner\u00e0 allo stato di fabbrica, cancellando tutte le impostazioni e cancellando tutti i dati rimanenti. Il dispositivo non sar\u00e0 pi\u00f9 connesso ad alcuna rete o account EasyLog Cloud.<\/p>\n<p>EL-IOT &#8211; Per resettare il dispositivo, devi rimuovere il coperchio della batteria con un cacciavite. Una volta rimosso, c&#8217;\u00e8 un pulsante di reset che pu\u00f2 essere premuto con uno spillo. Tieni premuto questo pulsante per alcuni secondi finch\u00e9 il dispositivo non emette un segnale acustico.<\/p>\n<p>EL-WEM &#8211; Per effettuare un soft reset del dispositivo, \u00e8 presente un pulsante di reset sul fondo della base. Premi il pulsante e rilascialo dopo 1 secondo.<\/p>\n<p>Per resettare il dispositivo, tieni premuto lo stesso pulsante di reset per 5 secondi.<\/p><\/div>\n<\/div>\n<div class=\"accordion\">\n<h2 class=\"accordion-header\"><strong>Quale durata della batteria posso aspettarmi dal mio dispositivo e perder\u00f2 i miei dati se si esaurisce?<\/strong><strong><br \/>\n<\/strong><br \/>\n<i class=\"fas fa-chevron-circle-down\"><\/i><\/h2>\n<div class=\"accordion-content\"><span data-contrast=\"auto\">Ci sono diversi fattori che possono influenzare in modo significativo la durata della batteria del dispositivo, tra cui: la pianificazione della sincronizzazione, il metodo di crittografia Wi-Fi, la frequenza di rotazione della chiave di crittografia Wi-Fi (determinata dal punto di accesso o dal router), la potenza del segnale tra il punto di accesso o il router e il dispositivo, il volume e il tipo di traffico Wi-Fi proveniente da altri dispositivi, la frequenza di campionamento e la temperatura di esercizio. Nei nostri test, abbiamo ottenuto regolarmente una durata della batteria superiore a sei mesi con una velocit\u00e0 di trasmissione di un&#8217;ora o pi\u00f9 a temperatura ambiente. Il dispositivo non effettuer\u00e0 letture in assenza di alimentazione, ma tutte le letture effettuate prima della perdita di alimentazione saranno sincronizzate. Una volta ricaricato, il dispositivo si riconnetter\u00e0 a <a href=\"https:\/\/praxas.com\/it\/easylog-cloud-it\/\" target=\"_blank\" rel=\"noopener\"><br \/>\n  <strong>EasyLog Cloud<\/strong><br \/>\n<\/a>, avvier\u00e0 una nuova sessione di registrazione e continuer\u00e0 a registrare.<\/span><span data-ccp-props=\"{\"201341983\":0,\"335559739\":160,\"335559740\":259}\"> <\/span><\/p>\n<p><span data-contrast=\"auto\">EL-WIFI &#8211; La batteria di questo dispositivo \u00e8 ricaricabile e la carica dura in genere 6 mesi. Puoi anche alimentare il dispositivo tramite un alimentatore di rete.<\/span><span data-ccp-props=\"{\"201341983\":0,\"335559739\":160,\"335559740\":259}\"> <\/span><\/p>\n<p><span data-contrast=\"auto\">EL-IOT &#8211; Le batterie durano in genere pi\u00f9 di un anno. Il dispositivo richiede <strong>4<\/strong> batterie <strong>AA da 1,5V<\/strong> <\/span><span data-ccp-props=\"{\"201341983\":0,\"335559739\":160,\"335559740\":259}\"> <\/span><\/p>\n<p><span data-contrast=\"auto\">EL-WEM &#8211; Questo dispositivo deve essere sempre alimentato dalla rete elettrica.<\/span><span data-ccp-props=\"{&quot;201341983&quot;:0,&quot;335559739&quot;:160,&quot;335559740&quot;:259}\"><\/div>\n<\/div>\n<p><\/span><\/p>\n","protected":false},"excerpt":{"rendered":"","protected":false},"author":2,"featured_media":0,"parent":35717,"menu_order":0,"comment_status":"closed","ping_status":"closed","template":"template-fullwidth.php","meta":{"_acf_changed":false,"content-type":"","_uag_custom_page_level_css":"","footnotes":""},"class_list":["post-35648","page","type-page","status-publish","hentry"],"acf":[],"spectra_custom_meta":{"hero_image":[""],"_hero_image":["field_64f1a7da7af44"],"_hero_h1":["field_64f19e1edd052"],"_hero_h2":["field_64f19e2ddd053"],"_hero_text":["field_64f19e42dd054"],"_hero_button_text":["field_64f19e4edd055"],"_hero_button_link":["field_64f19e5ddd056"],"_top_nav_excluded":[""],"_cms_nav_minihome":[""],"_wp_page_template":["template-fullwidth.php"],"rank_math_title":["Assistenza EL-WEM | Assistenza monitor qualit\u00e0 dell'aria | EasyLog"],"_last_translation_edit_mode":["translation-editor"],"_edit_lock":["1721739914:8383"],"classic-editor-remember":["classic-editor"],"rank_math_seo_score":["7"],"_edit_last":["8383"],"hero_h1":[""],"hero_h2":[""],"hero_text":[""],"hero_button_text":[""],"hero_button_link":[""],"_wpml_media_duplicate":["1"],"_wpml_media_featured":["1"],"_wpml_word_count":["685"],"rank_math_description":["Hai bisogno di assistenza per EL-WEM? Leggi le FAQ sul nostro sito web o contatta il nostro team di vendita per saperne di pi\u00f9! "],"rank_math_focus_keyword":["EL-WEM"],"_uag_page_assets":["a:9:{s:3:\"css\";s:0:\"\";s:2:\"js\";s:0:\"\";s:18:\"current_block_list\";a:0:{}s:8:\"uag_flag\";b:0;s:11:\"uag_version\";s:10:\"1777020109\";s:6:\"gfonts\";a:0:{}s:10:\"gfonts_url\";s:0:\"\";s:12:\"gfonts_files\";a:0:{}s:14:\"uag_faq_layout\";b:0;}"]},"uagb_featured_image_src":{"full":false,"thumbnail":false,"medium":false,"medium_large":false,"large":false,"1536x1536":false,"2048x2048":false,"crunchify-admin-post-featured-image":false,"commercegurus-pdp-large":false,"commercegurus-plp-mobile":false,"cgkit_image_swatch":false,"woocommerce_thumbnail":false,"woocommerce_single":false,"woocommerce_gallery_thumbnail":false},"uagb_author_info":{"display_name":"Andy Price","author_link":"https:\/\/praxas.com\/it\/author\/andyp\/"},"uagb_comment_info":0,"uagb_excerpt":null,"_links":{"self":[{"href":"https:\/\/praxas.com\/it\/wp-json\/wp\/v2\/pages\/35648","targetHints":{"allow":["GET"]}}],"collection":[{"href":"https:\/\/praxas.com\/it\/wp-json\/wp\/v2\/pages"}],"about":[{"href":"https:\/\/praxas.com\/it\/wp-json\/wp\/v2\/types\/page"}],"author":[{"embeddable":true,"href":"https:\/\/praxas.com\/it\/wp-json\/wp\/v2\/users\/2"}],"replies":[{"embeddable":true,"href":"https:\/\/praxas.com\/it\/wp-json\/wp\/v2\/comments?post=35648"}],"version-history":[{"count":4,"href":"https:\/\/praxas.com\/it\/wp-json\/wp\/v2\/pages\/35648\/revisions"}],"predecessor-version":[{"id":51999,"href":"https:\/\/praxas.com\/it\/wp-json\/wp\/v2\/pages\/35648\/revisions\/51999"}],"up":[{"embeddable":true,"href":"https:\/\/praxas.com\/it\/wp-json\/wp\/v2\/pages\/35717"}],"wp:attachment":[{"href":"https:\/\/praxas.com\/it\/wp-json\/wp\/v2\/media?parent=35648"}],"curies":[{"name":"wp","href":"https:\/\/api.w.org\/{rel}","templated":true}]}}