{"id":35656,"date":"2023-09-21T11:35:46","date_gmt":"2023-09-21T11:35:46","guid":{"rendered":"https:\/\/staging.praxas.com\/supporto-el-sms\/"},"modified":"2025-06-20T09:44:20","modified_gmt":"2025-06-20T09:44:20","slug":"supporto-el-sms","status":"publish","type":"page","link":"https:\/\/praxas.com\/it\/supporto\/supporto-el-sms\/","title":{"rendered":"Supporto EL-SMS"},"content":{"rendered":"<h2><span class=\"ui-provider azr azs azt azu azv azw azx azy azz baa bab bac bae baf bag bah bai baj bak bal bam ban bao bap baq bar bas bat bau bav baw bax bay baz bba\" dir=\"ltr\">Domande frequenti<\/span><\/h2>\n<p><span class=\"ui-provider azr azs azt azu azv azw azx azy azz baa bab bac bae baf bag bah bai baj bak bal bam ban bao bap baq bar bas bat bau bav baw bax bay baz bba\" dir=\"ltr\"><\/p>\n<div class=\"accordion\">\n<h2 class=\"accordion-header\">Il mio dispositivo EL-SMS-2G ha la possibilit\u00e0 di registrare i dati sulla temperatura?<br \/>\n<i class=\"fas fa-chevron-circle-down\"><\/i><\/h2>\n<div class=\"accordion-content\">No, si tratta di un dispositivo di avviso della temperatura piuttosto che di un dispositivo di registrazione della temperatura e non registra le letture della temperatura.<\/div>\n<\/div>\n<p><\/span><\/p>\n<p><span class=\"ui-provider azr azs azt azu azv azw azx azy azz baa bab bac bae baf bag bah bai baj bak bal bam ban bao bap baq bar bas bat bau bav baw bax bay baz bba\" dir=\"ltr\"><\/p>\n<div class=\"accordion\">\n<h2 class=\"accordion-header\">Che tipo di batterie sono utilizzate dai dispositivi EL-SMS-2G?<br \/>\n<i class=\"fas fa-chevron-circle-down\"><\/i><\/h2>\n<div class=\"accordion-content\"><a href=\"https:\/\/praxas.com\/it\/product\/registratori-di-dati\/accessori\/bat-1v5-aa-pk4\/\"><strong>4 batterie alcaline AA<\/strong><\/a>. Raccomandiamo inoltre di utilizzare solo batterie alcaline di alta qualit\u00e0, per garantire la migliore durata possibile delle batterie.<\/div>\n<\/div>\n<p><\/span><\/p>\n<p><span class=\"ui-provider azr azs azt azu azv azw azx azy azz baa bab bac bae baf bag bah bai baj bak bal bam ban bao bap baq bar bas bat bau bav baw bax bay baz bba\" dir=\"ltr\"><\/p>\n<div class=\"accordion\">\n<h2 class=\"accordion-header\">Come posso capire quando la batteria del mio dispositivo EL-SMS-2G \u00e8 scarica?<br \/>\n<i class=\"fas fa-chevron-circle-down\"><\/i><\/h2>\n<div class=\"accordion-content\">Quando il dispositivo \u00e8 in modalit\u00e0 Standby, premi il pulsante &#8220;Stato&#8221; e il LED rosso si accender\u00e0 per 1,5 secondi se la batteria \u00e8 scarica. Quando il dispositivo \u00e8 in modalit\u00e0 Run, invia un messaggio di avviso di batteria scarica.<\/div>\n<\/div>\n<p><\/span><\/p>\n<p><span class=\"ui-provider azr azs azt azu azv azw azx azy azz baa bab bac bae baf bag bah bai baj bak bal bam ban bao bap baq bar bas bat bau bav baw bax bay baz bba\" dir=\"ltr\"><\/p>\n<div class=\"accordion\">\n<h2 class=\"accordion-header\">Come faccio a sostituire le batterie del mio dispositivo EL-SMS-2G?<br \/>\n<i class=\"fas fa-chevron-circle-down\"><\/i><\/h2>\n<div class=\"accordion-content\">Sul retro dell&#8217;unit\u00e0 \u00e8 presente un coperchio della batteria che pu\u00f2 essere rimosso a mano.<\/div>\n<\/div>\n<p><\/span><\/p>\n<p><span class=\"ui-provider azr azs azt azu azv azw azx azy azz baa bab bac bae baf bag bah bai baj bak bal bam ban bao bap baq bar bas bat bau bav baw bax bay baz bba\" dir=\"ltr\"><\/p>\n<div class=\"accordion\">\n<h2 class=\"accordion-header\">Quanto durano le batterie del mio dispositivo EL-SMS-2G?<br \/>\n<i class=\"fas fa-chevron-circle-down\"><\/i><\/h2>\n<div class=\"accordion-content\">La durata prevista della batteria a temperatura ambiente, con l&#8217;invio di un messaggio di riepilogo giornaliero e fino a una notifica di allarme a settimana, \u00e8 di un anno.<\/div>\n<\/div>\n<p><\/span><\/p>\n<p><span class=\"ui-provider azr azs azt azu azv azw azx azy azz baa bab bac bae baf bag bah bai baj bak bal bam ban bao bap baq bar bas bat bau bav baw bax bay baz bba\" dir=\"ltr\"><\/p>\n<div class=\"accordion\">\n<h2 class=\"accordion-header\">Se le batterie del mio dispositivo EL-SMS-2G si esauriscono, perder\u00f2 tutti i dati?<br \/>\n<i class=\"fas fa-chevron-circle-down\"><\/i><\/h2>\n<div class=\"accordion-content\">No, verr\u00e0 memorizzato nella memoria interna.<\/div>\n<\/div>\n<p><\/span><\/p>\n<p><span class=\"ui-provider azr azs azt azu azv azw azx azy azz baa bab bac bae baf bag bah bai baj bak bal bam ban bao bap baq bar bas bat bau bav baw bax bay baz bba\" dir=\"ltr\"><\/p>\n<div class=\"accordion\">\n<h2 class=\"accordion-header\">Posso alimentare in modo permanente il mio dispositivo EL-SMS-2G?<br \/>\n<i class=\"fas fa-chevron-circle-down\"><\/i><\/h2>\n<div class=\"accordion-content\">No, \u00e8 alimentato solo a batteria.<\/div>\n<\/div>\n<p><\/span><\/p>\n<p><span class=\"ui-provider azr azs azt azu azv azw azx azy azz baa bab bac bae baf bag bah bai baj bak bal bam ban bao bap baq bar bas bat bau bav baw bax bay baz bba\" dir=\"ltr\"><\/p>\n<div class=\"accordion\">\n<h2 class=\"accordion-header\">Di che tipo di scheda SIM ha bisogno il mio dispositivo EL-SMS-2G?<br \/>\n<i class=\"fas fa-chevron-circle-down\"><\/i><\/h2>\n<div class=\"accordion-content\">Una scheda micro SIM.<\/div>\n<\/div>\n<p><\/span><\/p>\n<p><span class=\"ui-provider azr azs azt azu azv azw azx azy azz baa bab bac bae baf bag bah bai baj bak bal bam ban bao bap baq bar bas bat bau bav baw bax bay baz bba\" dir=\"ltr\"><\/p>\n<div class=\"accordion\">\n<h2 class=\"accordion-header\">Un dispositivo EL-SMS-2G viene fornito con una scheda SIM?<br \/>\n<i class=\"fas fa-chevron-circle-down\"><\/i><\/h2>\n<div class=\"accordion-content\">No, questo deve essere acquistato dalla rete mobile che hai scelto.<\/div>\n<\/div>\n<p><\/span><\/p>\n<p><span class=\"ui-provider azr azs azt azu azv azw azx azy azz baa bab bac bae baf bag bah bai baj bak bal bam ban bao bap baq bar bas bat bau bav baw bax bay baz bba\" dir=\"ltr\"><\/p>\n<div class=\"accordion\">\n<h2 class=\"accordion-header\">La scheda SIM non funziona nel mio dispositivo EL-SMS-2G, cosa posso fare?<br \/>\n<i class=\"fas fa-chevron-circle-down\"><\/i><\/h2>\n<div class=\"accordion-content\">Controlla che non sia abilitato il blocco del codice PIN sulla SIM. Se necessario, inserisci la scheda SIM in un normale telefono cellulare per disattivare il blocco del codice PIN.<\/div>\n<\/div>\n<p><\/span><\/p>\n<p><span class=\"ui-provider azr azs azt azu azv azw azx azy azz baa bab bac bae baf bag bah bai baj bak bal bam ban bao bap baq bar bas bat bau bav baw bax bay baz bba\" dir=\"ltr\"><\/p>\n<div class=\"accordion\">\n<h2 class=\"accordion-header\">Come si configura il dispositivo EL-SMS-2G?<br \/>\n<i class=\"fas fa-chevron-circle-down\"><\/i><\/h2>\n<div class=\"accordion-content\">Il dispositivo viene configurato tramite l&#8217;App EL-SMS, disponibile per Android e iOS. L&#8217;applicazione EL-SMS crea un SMS di configurazione che viene inviato al dispositivo per eseguirne la configurazione. Per maggiori informazioni, consulta il Manuale d&#8217;uso.<\/div>\n<\/div>\n<p><\/span><\/p>\n<p><span class=\"ui-provider azr azs azt azu azv azw azx azy azz baa bab bac bae baf bag bah bai baj bak bal bam ban bao bap baq bar bas bat bau bav baw bax bay baz bba\" dir=\"ltr\"><\/p>\n<div class=\"accordion\">\n<h2 class=\"accordion-header\">Dove posso ottenere l&#8217;applicazione mobile EL-SMS e quanto costa?<br \/>\n<i class=\"fas fa-chevron-circle-down\"><\/i><\/h2>\n<div class=\"accordion-content\">La versione per Android \u00e8 disponibile sul Google Play Store e quella per iOS sull&#8217;App Store. L&#8217;applicazione \u00e8 gratuita.<\/div>\n<\/div>\n<p><\/span><\/p>\n<p><span class=\"ui-provider azr azs azt azu azv azw azx azy azz baa bab bac bae baf bag bah bai baj bak bal bam ban bao bap baq bar bas bat bau bav baw bax bay baz bba\" dir=\"ltr\"><\/p>\n<div class=\"accordion\">\n<h2 class=\"accordion-header\">Come posso sapere se il mio dispositivo EL-SMS-2G \u00e8 stato configurato correttamente?<br \/>\n<i class=\"fas fa-chevron-circle-down\"><\/i><\/h2>\n<div class=\"accordion-content\">Dopo aver inviato l&#8217;SMS di configurazione, riceverai un messaggio &#8220;Setup complete&#8221; sul tuo telefono.<\/div>\n<\/div>\n<p><\/span><\/p>\n<p><span class=\"ui-provider azr azs azt azu azv azw azx azy azz baa bab bac bae baf bag bah bai baj bak bal bam ban bao bap baq bar bas bat bau bav baw bax bay baz bba\" dir=\"ltr\"><\/p>\n<div class=\"accordion\">\n<h2 class=\"accordion-header\">Non riesco a configurare il mio dispositivo EL-SMS-2G, cosa potrebbe esserci di sbagliato?<br \/>\n<i class=\"fas fa-chevron-circle-down\"><\/i><\/h2>\n<div class=\"accordion-content\">Controlla che la scheda SIM sia inserita correttamente nel dispositivo e che abbia credito. \u00c8 inoltre necessario che nel luogo in cui ti trovi ci sia un segnale mobile sufficiente, altrimenti il dispositivo potrebbe non riuscire a registrarsi sulla rete mobile. Se il dispositivo non riesce a registrarsi dopo due minuti, uscir\u00e0 dal tentativo di configurazione. Questo viene segnalato da cinque brevi segnali acustici del segnalatore e da cinque lampeggi del LED rosso quando si preme il pulsante di stato.<\/div>\n<\/div>\n<p><\/span><\/p>\n<p><span class=\"ui-provider azr azs azt azu azv azw azx azy azz baa bab bac bae baf bag bah bai baj bak bal bam ban bao bap baq bar bas bat bau bav baw bax bay baz bba\" dir=\"ltr\"><\/p>\n<div class=\"accordion\">\n<h2 class=\"accordion-header\">Come posso sapere se il mio dispositivo EL-SMS-2G funziona correttamente?<br \/>\n<i class=\"fas fa-chevron-circle-down\"><\/i><\/h2>\n<div class=\"accordion-content\">Il dispositivo pu\u00f2 essere configurato per inviare messaggi di riepilogo periodici per confermare il normale funzionamento.<\/div>\n<\/div>\n<p><\/span><\/p>\n<p><span class=\"ui-provider azr azs azt azu azv azw azx azy azz baa bab bac bae baf bag bah bai baj bak bal bam ban bao bap baq bar bas bat bau bav baw bax bay baz bba\" dir=\"ltr\"><\/p>\n<div class=\"accordion\">\n<h2 class=\"accordion-header\">Che tipo di telefono devo usare con un dispositivo EL-SMS-2G?<br \/>\n<i class=\"fas fa-chevron-circle-down\"><\/i><\/h2>\n<div class=\"accordion-content\">Hai bisogno di uno smartphone Android o Apple e i requisiti del sistema operativo sono indicati in un&#8217;altra FAQ. Il telefono deve essere in grado di inviare e ricevere messaggi di testo.<\/div>\n<\/div>\n<p><\/span><\/p>\n<p><span class=\"ui-provider azr azs azt azu azv azw azx azy azz baa bab bac bae baf bag bah bai baj bak bal bam ban bao bap baq bar bas bat bau bav baw bax bay baz bba\" dir=\"ltr\"><\/p>\n<div class=\"accordion\">\n<h2 class=\"accordion-header\">Di quale versione di Android ho bisogno per eseguire la versione Android dell&#8217;app EL-SMS?<br \/>\n<i class=\"fas fa-chevron-circle-down\"><\/i><\/h2>\n<div class=\"accordion-content\">Versione Android 4.0.3 e successive.<\/div>\n<\/div>\n<p><\/span><\/p>\n<p><span class=\"ui-provider azr azs azt azu azv azw azx azy azz baa bab bac bae baf bag bah bai baj bak bal bam ban bao bap baq bar bas bat bau bav baw bax bay baz bba\" dir=\"ltr\"><\/p>\n<div class=\"accordion\">\n<h2 class=\"accordion-header\">Di quale versione di iOS ho bisogno per eseguire la versione iOS dell&#8217;app EL-SMS?<br \/>\n<i class=\"fas fa-chevron-circle-down\"><\/i><\/h2>\n<div class=\"accordion-content\">L&#8217;app \u00e8 compatibile con le versioni iOS 9.2 e successive.<\/div>\n<\/div>\n<p><\/span><\/p>\n<p><span class=\"ui-provider azr azs azt azu azv azw azx azy azz baa bab bac bae baf bag bah bai baj bak bal bam ban bao bap baq bar bas bat bau bav baw bax bay baz bba\" dir=\"ltr\"><\/p>\n<div class=\"accordion\">\n<h2 class=\"accordion-header\">Il mio dispositivo EL-SMS-2G \u00e8 impermeabile e pu\u00f2 essere utilizzato all&#8217;aperto?<br \/>\n<i class=\"fas fa-chevron-circle-down\"><\/i><\/h2>\n<div class=\"accordion-content\"><\/span>Il prodotto ha un grado di protezione IP53 a condizione che sia collegata la sonda del termistore. Questo fornisce:<br \/>\n&#8211; Protezione contro corpi solidi di dimensioni superiori a 1 mm.<br \/>\n&#8211; Protezione contro gocce d&#8217;acqua deviate fino a 15\u00b0 dalla verticale.<\/p>\n<p>Se desideri utilizzare l&#8217;unit\u00e0 all&#8217;esterno, \u00e8 necessario collegare la sonda del termistore e posizionare l&#8217;unit\u00e0 in un luogo riparato.<span class=\"ui-provider azr azs azt azu azv azw azx azy azz baa bab bac bae baf bag bah bai baj bak bal bam ban bao bap baq bar bas bat bau bav baw bax bay baz bba\" dir=\"ltr\"><\/div>\n<\/div>\n<p><\/span><\/p>\n<p><span class=\"ui-provider azr azs azt azu azv azw azx azy azz baa bab bac bae baf bag bah bai baj bak bal bam ban bao bap baq bar bas bat bau bav baw bax bay baz bba\" dir=\"ltr\"><\/p>\n<div class=\"accordion\">\n<h2 class=\"accordion-header\">Che tipo di rete mobile utilizza il dispositivo per inviare e ricevere messaggi SMS?<br \/>\n<i class=\"fas fa-chevron-circle-down\"><\/i><\/h2>\n<div class=\"accordion-content\">La rete GSM (Global System for Mobile Communications).<\/span><\/div>\n<\/div>\n<p><\/span><\/p>\n<p><span class=\"ui-provider azr azs azt azu azv azw azx azy azz baa bab bac bae baf bag bah bai baj bak bal bam ban bao bap baq bar bas bat bau bav baw bax bay baz bba\" dir=\"ltr\"><\/p>\n<div class=\"accordion\">\n<h2 class=\"accordion-header\">Dove posso trovare il mio dispositivo EL-SMS-2G?<br \/>\n<i class=\"fas fa-chevron-circle-down\"><\/i><\/h2>\n<div class=\"accordion-content\">Ovunque ci sia un segnale mobile sufficiente da parte del servizio di rete mobile che intendi utilizzare.<\/span><\/div>\n<\/div>\n<p><\/span><\/p>\n<p><span class=\"ui-provider azr azs azt azu azv azw azx azy azz baa bab bac bae baf bag bah bai baj bak bal bam ban bao bap baq bar bas bat bau bav baw bax bay baz bba\" dir=\"ltr\"><\/p>\n<div class=\"accordion\">\n<h2 class=\"accordion-header\">Come posso sapere qual \u00e8 la potenza del segnale mobile che il mio dispositivo EL-SMS-2G sta ricevendo?<br \/>\n<i class=\"fas fa-chevron-circle-down\"><\/i><\/h2>\n<div class=\"accordion-content\">Se il segnale \u00e8 sufficiente per inviare un messaggio, ti verr\u00e0 mostrata la potenza del segnale in barre all&#8217;interno del messaggio &#8220;Configurazione completata&#8221; che viene inviato al telefono al termine della configurazione.<\/span><\/div>\n<\/div>\n<p><\/span><\/p>\n<p><span class=\"ui-provider azr azs azt azu azv azw azx azy azz baa bab bac bae baf bag bah bai baj bak bal bam ban bao bap baq bar bas bat bau bav baw bax bay baz bba\" dir=\"ltr\"><\/p>\n<div class=\"accordion\">\n<h2 class=\"accordion-header\">A quanti telefoni possono essere inviati contemporaneamente gli avvisi del dispositivo EL-SMS-2G?<br \/>\n<i class=\"fas fa-chevron-circle-down\"><\/i><\/h2>\n<div class=\"accordion-content\">Fino a tre. Tieni presente che specificare pi\u00f9 telefoni per le notifiche ridurr\u00e0 significativamente la durata prevista della batteria e potrebbe comportare costi aggiuntivi per l&#8217;invio di pi\u00f9 messaggi.<\/span><\/div>\n<\/div>\n<p><\/span><\/p>\n<p><span class=\"ui-provider azr azs azt azu azv azw azx azy azz baa bab bac bae baf bag bah bai baj bak bal bam ban bao bap baq bar bas bat bau bav baw bax bay baz bba\" dir=\"ltr\"><\/p>\n<div class=\"accordion\">\n<h2 class=\"accordion-header\">Posso spegnere l&#8217;audio del dispositivo EL-SMS-2G?<br \/>\n<i class=\"fas fa-chevron-circle-down\"><\/i><\/h2>\n<div class=\"accordion-content\">No, non puoi.<\/span><\/div>\n<\/div>\n<p><\/span><\/p>\n<p><span class=\"ui-provider azr azs azt azu azv azw azx azy azz baa bab bac bae baf bag bah bai baj bak bal bam ban bao bap baq bar bas bat bau bav baw bax bay baz bba\" dir=\"ltr\"><\/p>\n<div class=\"accordion\">\n<h2 class=\"accordion-header\">Perch\u00e9 il mio dispositivo EL-SMS-2G non si connette alla rete mobile?<br \/>\n<i class=\"fas fa-chevron-circle-down\"><\/i><\/h2>\n<div class=\"accordion-content\">Verifica che la scheda SIM sia inserita correttamente, che non abbia un codice PIN bloccato e che non sia difettosa, e che la potenza del segnale sia adeguata alla posizione. Questo pu\u00f2 essere fatto utilizzando un telefono cellulare per osservare la potenza del segnale disponibile.<\/span><\/div>\n<\/div>\n<p><\/span><\/p>\n<p><span class=\"ui-provider azr azs azt azu azv azw azx azy azz baa bab bac bae baf bag bah bai baj bak bal bam ban bao bap baq bar bas bat bau bav baw bax bay baz bba\" dir=\"ltr\"><\/p>\n<div class=\"accordion\">\n<h2 class=\"accordion-header\">Posso impostare gli allarmi di temperatura sul mio dispositivo EL-SMS-2G in Celsius o Fahrenheit?<br \/>\n<i class=\"fas fa-chevron-circle-down\"><\/i><\/h2>\n<div class=\"accordion-content\">S\u00ec. Puoi utilizzare l&#8217;App EL-SMS per configurare il dispositivo in modo che utilizzi i valori Celsius o Fahrenheit e impostare gli allarmi di conseguenza.<\/span><\/div>\n<\/div>\n<p><\/span><\/p>\n<p><span class=\"ui-provider azr azs azt azu azv azw azx azy azz baa bab bac bae baf bag bah bai baj bak bal bam ban bao bap baq bar bas bat bau bav baw bax bay baz bba\" dir=\"ltr\"><\/p>\n<div class=\"accordion\">\n<h2 class=\"accordion-header\">Come posso interrompere il monitoraggio del mio dispositivo EL-SMS-2G?<br \/>\n<i class=\"fas fa-chevron-circle-down\"><\/i><\/h2>\n<div class=\"accordion-content\">Premi il pulsante &#8220;Stato&#8221; per cinque secondi e tieni premuto il pulsante &#8220;Stop&#8221; per almeno un secondo. L&#8217;unit\u00e0 interromper\u00e0 il monitoraggio, mostrer\u00e0 il LED verde per tre secondi e poi si resetter\u00e0. A questo punto verr\u00e0 visualizzata la sequenza di LED di accensione e l&#8217;unit\u00e0 si trover\u00e0 in modalit\u00e0 standby in uno stato &#8220;non configurato&#8221;.<\/span><\/div>\n<\/div>\n<p><\/span><\/p>\n<p><span class=\"ui-provider azr azs azt azu azv azw azx azy azz baa bab bac bae baf bag bah bai baj bak bal bam ban bao bap baq bar bas bat bau bav baw bax bay baz bba\" dir=\"ltr\"><\/p>\n<div class=\"accordion\">\n<h2 class=\"accordion-header\">Come posso modificare le impostazioni del mio dispositivo EL-SMS-2G?<br \/>\n<i class=\"fas fa-chevron-circle-down\"><\/i><\/h2>\n<div class=\"accordion-content\">Questo avviene inviando un nuovo SMS di configurazione al dispositivo, utilizzando l&#8217;App.<\/span><\/div>\n<\/div>\n<p><\/span><\/p>\n<p><span class=\"ui-provider azr azs azt azu azv azw azx azy azz baa bab bac bae baf bag bah bai baj bak bal bam ban bao bap baq bar bas bat bau bav baw bax bay baz bba\" dir=\"ltr\"><\/p>\n<div class=\"accordion\">\n<h2 class=\"accordion-header\">Posso configurare il mio dispositivo EL-SMS-2G da remoto?<br \/>\n<i class=\"fas fa-chevron-circle-down\"><\/i><\/h2>\n<div class=\"accordion-content\">Anche se l&#8217;SMS di configurazione pu\u00f2 essere inviato da qualsiasi luogo, \u00e8 necessario che ci sia una persona con il dispositivo, poich\u00e9 il pulsante &#8220;Stato&#8221; sul dispositivo deve essere premuto per cinque secondi per iniziare la sequenza di configurazione.<\/span><\/div>\n<\/div>\n<p><\/span><\/p>\n<p><span class=\"ui-provider azr azs azt azu azv azw azx azy azz baa bab bac bae baf bag bah bai baj bak bal bam ban bao bap baq bar bas bat bau bav baw bax bay baz bba\" dir=\"ltr\"><\/p>\n<div class=\"accordion\">\n<h2 class=\"accordion-header\">Come posso sapere se il mio dispositivo EL-SMS-2G \u00e8 in modalit\u00e0 standby?<br \/>\n<i class=\"fas fa-chevron-circle-down\"><\/i><\/h2>\n<div class=\"accordion-content\">Premi il pulsante &#8220;Stato&#8221; per un secondo. Il dispositivo mostrer\u00e0 quattro lampeggi del LED verde o cinque lampeggi del LED rosso. Quattro lampeggi del LED verde indicano che l&#8217;unit\u00e0 \u00e8 pronta per iniziare il primo tentativo di configurazione. Cinque lampeggi del LED rosso significano che l&#8217;ultimo tentativo di configurazione dell&#8217;unit\u00e0 \u00e8 fallito, ma che l&#8217;unit\u00e0 \u00e8 pronta per un altro tentativo.<\/span><\/div>\n<\/div>\n<p><\/span><\/p>\n<p><span class=\"ui-provider azr azs azt azu azv azw azx azy azz baa bab bac bae baf bag bah bai baj bak bal bam ban bao bap baq bar bas bat bau bav baw bax bay baz bba\" dir=\"ltr\"><\/p>\n<div class=\"accordion\">\n<h2 class=\"accordion-header\">Cosa significa questa sequenza di flash LED del mio dispositivo EL-SMS-2G?<br \/>\n<i class=\"fas fa-chevron-circle-down\"><\/i><\/h2>\n<div class=\"accordion-content\">Consulta il Manuale d&#8217;uso dove sono spiegate le sequenze di flash dei LED.<\/span><\/div>\n<\/div>\n<p><\/span><\/p>\n<p><span class=\"ui-provider azr azs azt azu azv azw azx azy azz baa bab bac bae baf bag bah bai baj bak bal bam ban bao bap baq bar bas bat bau bav baw bax bay baz bba\" dir=\"ltr\"><\/p>\n<div class=\"accordion\">\n<h2 class=\"accordion-header\">Come posso sapere se il mio dispositivo EL-SMS-2G \u00e8 registrato su una rete mobile?<br \/>\n<i class=\"fas fa-chevron-circle-down\"><\/i><\/h2>\n<div class=\"accordion-content\">Lo stato della connessione alla rete mobile viene mostrato solo quando il dispositivo sta cercando di inviare o ricevere un SMS ed \u00e8 indicato dal LED arancione di stato Netlight sulla parte anteriore del dispositivo. Questo lampeggia ogni 0,8s quando il dispositivo non \u00e8 collegato e passa a lampeggiare ogni 2s quando \u00e8 collegato.<\/span><\/div>\n<\/div>\n<p><\/span><\/p>\n<p><span class=\"ui-provider azr azs azt azu azv azw azx azy azz baa bab bac bae baf bag bah bai baj bak bal bam ban bao bap baq bar bas bat bau bav baw bax bay baz bba\" dir=\"ltr\"><\/p>\n<div class=\"accordion\">\n<h2 class=\"accordion-header\">Ogni quanto tempo devo inviare il mio dispositivo EL-SMS-2G per la ricalibrazione?<br \/>\n<i class=\"fas fa-chevron-circle-down\"><\/i><\/h2>\n<div class=\"accordion-content\">Noi consigliamo di ricalibrare ogni anno, ma le tue procedure potrebbero richiedere altro. Contattaci per avere informazioni sui servizi di calibrazione che offriamo.<\/span><\/div>\n<\/div>\n<p><\/span><\/p>\n<p><span class=\"ui-provider azr azs azt azu azv azw azx azy azz baa bab bac bae baf bag bah bai baj bak bal bam ban bao bap baq bar bas bat bau bav baw bax bay baz bba\" dir=\"ltr\"><\/p>\n<div class=\"accordion\">\n<h2 class=\"accordion-header\">Perch\u00e9 l&#8217;ora indicata dal mio dispositivo EL-SMS-2G sembra essere in ritardo rispetto all&#8217;ora reale?<br \/>\n<i class=\"fas fa-chevron-circle-down\"><\/i><\/h2>\n<div class=\"accordion-content\">L&#8217;ora del dispositivo viene impostata quando riceve un SMS di configurazione dall&#8217;App. Se il dispositivo riceve in ritardo l&#8217;SMS di configurazione, l&#8217;ora del dispositivo sar\u00e0 in ritardo rispetto all&#8217;ora del cellulare utilizzato per configurare il dispositivo.<\/span><\/div>\n<\/div>\n<p><\/span><\/p>\n<p><span class=\"ui-provider azr azs azt azu azv azw azx azy azz baa bab bac bae baf bag bah bai baj bak bal bam ban bao bap baq bar bas bat bau bav baw bax bay baz bba\" dir=\"ltr\"><\/p>\n<div class=\"accordion\">\n<h2 class=\"accordion-header\">La rete 2G rimarr\u00e0 disponibile negli anni a venire?<br \/>\n<i class=\"fas fa-chevron-circle-down\"><\/i><\/h2>\n<div class=\"accordion-content\">Uno dei principali network ha espresso l&#8217;intenzione di mantenere la propria rete 2G operativa in Europa almeno fino al 2025, quindi una rete 2G dovrebbe essere disponibile per il prossimo futuro.<\/span><\/div>\n<\/div>\n<p><\/span><\/p>\n","protected":false},"excerpt":{"rendered":"<p>Domande frequenti<\/p>\n","protected":false},"author":2,"featured_media":0,"parent":35717,"menu_order":4,"comment_status":"closed","ping_status":"closed","template":"template-fullwidth.php","meta":{"_acf_changed":false,"content-type":"","_uag_custom_page_level_css":"","footnotes":""},"class_list":["post-35656","page","type-page","status-publish","hentry"],"acf":[],"spectra_custom_meta":{"hero_image":[""],"_hero_image":["field_64f1a7da7af44"],"_hero_h1":["field_64f19e1edd052"],"_hero_h2":["field_64f19e2ddd053"],"_hero_text":["field_64f19e42dd054"],"_hero_button_text":["field_64f19e4edd055"],"_hero_button_link":["field_64f19e5ddd056"],"_top_nav_excluded":[""],"_cms_nav_minihome":[""],"_wp_page_template":["template-fullwidth.php"],"_last_translation_edit_mode":["translation-editor"],"_edit_lock":["1721740905:8383"],"classic-editor-remember":["classic-editor"],"rank_math_seo_score":["56"],"_edit_last":["8383"],"hero_h1":[""],"hero_h2":[""],"hero_text":[""],"hero_button_text":[""],"hero_button_link":[""],"_wpml_media_duplicate":["1"],"_wpml_media_featured":["1"],"_wpml_word_count":["1482"],"rank_math_title":["Supporto EL-SMS | Avvisi SMS | Praxas"],"rank_math_description":["Hai bisogno di assistenza per EL-SMS o hai delle domande? Sfoglia le nostre FAQ o contatta il nostro team di vendita per ricevere assistenza! "],"rank_math_focus_keyword":["Supporto EL-SMS"],"_uag_page_assets":["a:9:{s:3:\"css\";s:0:\"\";s:2:\"js\";s:0:\"\";s:18:\"current_block_list\";a:0:{}s:8:\"uag_flag\";b:0;s:11:\"uag_version\";s:10:\"1775742760\";s:6:\"gfonts\";a:0:{}s:10:\"gfonts_url\";s:0:\"\";s:12:\"gfonts_files\";a:0:{}s:14:\"uag_faq_layout\";b:0;}"]},"uagb_featured_image_src":{"full":false,"thumbnail":false,"medium":false,"medium_large":false,"large":false,"1536x1536":false,"2048x2048":false,"crunchify-admin-post-featured-image":false,"commercegurus-pdp-large":false,"commercegurus-plp-mobile":false,"cgkit_image_swatch":false,"woocommerce_thumbnail":false,"woocommerce_single":false,"woocommerce_gallery_thumbnail":false},"uagb_author_info":{"display_name":"Andy Price","author_link":"https:\/\/praxas.com\/it\/author\/andyp\/"},"uagb_comment_info":0,"uagb_excerpt":"Domande frequenti","_links":{"self":[{"href":"https:\/\/praxas.com\/it\/wp-json\/wp\/v2\/pages\/35656","targetHints":{"allow":["GET"]}}],"collection":[{"href":"https:\/\/praxas.com\/it\/wp-json\/wp\/v2\/pages"}],"about":[{"href":"https:\/\/praxas.com\/it\/wp-json\/wp\/v2\/types\/page"}],"author":[{"embeddable":true,"href":"https:\/\/praxas.com\/it\/wp-json\/wp\/v2\/users\/2"}],"replies":[{"embeddable":true,"href":"https:\/\/praxas.com\/it\/wp-json\/wp\/v2\/comments?post=35656"}],"version-history":[{"count":4,"href":"https:\/\/praxas.com\/it\/wp-json\/wp\/v2\/pages\/35656\/revisions"}],"predecessor-version":[{"id":46898,"href":"https:\/\/praxas.com\/it\/wp-json\/wp\/v2\/pages\/35656\/revisions\/46898"}],"up":[{"embeddable":true,"href":"https:\/\/praxas.com\/it\/wp-json\/wp\/v2\/pages\/35717"}],"wp:attachment":[{"href":"https:\/\/praxas.com\/it\/wp-json\/wp\/v2\/media?parent=35656"}],"curies":[{"name":"wp","href":"https:\/\/api.w.org\/{rel}","templated":true}]}}