{"id":35659,"date":"2023-09-21T11:34:18","date_gmt":"2023-09-21T09:34:18","guid":{"rendered":"https:\/\/staging.praxas.com\/supporto-panelpilot-b\/"},"modified":"2025-10-20T15:21:29","modified_gmt":"2025-10-20T13:21:29","slug":"supporto-panelpilot-b","status":"publish","type":"page","link":"https:\/\/praxas.com\/it\/supporto\/supporto-panelpilot-b\/","title":{"rendered":"Supporto PanelPilot B"},"content":{"rendered":"<h2><strong>Domande frequenti<\/strong><\/h2>\n<p><span class=\"ui-provider azr azs azt azu azv azw azx azy azz baa bab bac bae baf bag bah bai baj bak bal bam ban bao bap baq bar bas bat bau bav baw bax bay baz bba\" dir=\"ltr\"><\/p>\n<div class=\"accordion\">\n<h2 class=\"accordion-header\">L&#8217;SGD 21-B \u00e8 impermeabile?<br \/>\n<i class=\"fas fa-chevron-circle-down\"><\/i><\/h2>\n<div class=\"accordion-content\">Il pannello frontale del prodotto ha un grado di protezione IP54. Questo significa che \u00e8 protetto dagli spruzzi d&#8217;acqua quando viene installato in un pannello.<\/div>\n<\/div>\n<p><\/span><\/p>\n<p><span class=\"ui-provider azr azs azt azu azv azw azx azy azz baa bab bac bae baf bag bah bai baj bak bal bam ban bao bap baq bar bas bat bau bav baw bax bay baz bba\" dir=\"ltr\"><\/p>\n<div class=\"accordion\">\n<h2 class=\"accordion-header\">Dove posso controllare l&#8217;ultima versione del software di configurazione del PanelPilot B?<br \/>\n<i class=\"fas fa-chevron-circle-down\"><\/i><\/h2>\n<div class=\"accordion-content\">Visita il nostro <span style=\"text-decoration: underline;\"><strong><a href=\"\/it\/software\/software-panelpilot\/panelpilot-b\/\" target=\"_blank\" rel=\"noopener\">Software PanelPilot B<\/a><\/strong><\/span> pagina.<\/div>\n<\/div>\n<p><\/span><strong><br \/>\n<\/strong><\/p>\n<p><span class=\"ui-provider azr azs azt azu azv azw azx azy azz baa bab bac bae baf bag bah bai baj bak bal bam ban bao bap baq bar bas bat bau bav baw bax bay baz bba\" dir=\"ltr\"><\/p>\n<div class=\"accordion\">\n<h2 class=\"accordion-header\">Posso aggiungere il logo della mia azienda al display SGD 21-B?<br \/>\n<i class=\"fas fa-chevron-circle-down\"><\/i><\/h2>\n<div class=\"accordion-content\">S\u00ec. Quando configuri il tuo strumento utilizzando il software PanelPilot B, c&#8217;\u00e8 una fase che ti permette di aggiungere un file grafico da utilizzare come splash screen, che verr\u00e0 mostrato sul display per i primi secondi dopo l&#8217;accensione. Per ottenere risultati ottimali, l&#8217;immagine utilizzata deve essere in bianco e nero con una risoluzione di 250 x 122 pixel. I formati di immagine consentiti sono png, bmp, jpg, gif, exif e tiff.<\/div>\n<\/div>\n<p><\/span><strong><br \/>\n<\/strong><\/p>\n<p><span class=\"ui-provider azr azs azt azu azv azw azx azy azz baa bab bac bae baf bag bah bai baj bak bal bam ban bao bap baq bar bas bat bau bav baw bax bay baz bba\" dir=\"ltr\"><\/p>\n<div class=\"accordion\">\n<h2 class=\"accordion-header\">Sto cercando una configurazione che non \u00e8 elencata nel software PanelPilot B, potete crearne una per me?<br \/>\n<i class=\"fas fa-chevron-circle-down\"><\/i><\/h2>\n<div class=\"accordion-content\">Possiamo offrire un servizio gratuito di progettazione di app per ordini superiori a 500 unit\u00e0. Contatta il nostro <span style=\"text-decoration: underline;\"><strong><a href=\"\/it\/contattaci\/\">team di vendita<\/a><\/strong><\/span> per discutere delle tue esigenze.<\/div>\n<\/div>\n<p><\/span><\/p>\n<p><span class=\"ui-provider azr azs azt azu azv azw azx azy azz baa bab bac bae baf bag bah bai baj bak bal bam ban bao bap baq bar bas bat bau bav baw bax bay baz bba\" dir=\"ltr\"><\/p>\n<div class=\"accordion\">\n<h2 class=\"accordion-header\">Esiste un tutorial per configurare l&#8217;SGD 21-B utilizzando il software PanelPilot B?<br \/>\n<i class=\"fas fa-chevron-circle-down\"><\/i><\/h2>\n<div class=\"accordion-content\">S\u00ec, consulta il nostro video sull&#8217;installazione dell&#8217;SGD 21-B <span style=\"text-decoration: underline;\"><strong><a href=\"https:\/\/www.youtube.com\/watch?v=97e6ebL5ljI&amp;feature=youtu.be\" target=\"_blank\" rel=\"noopener\">Video Tutorial<\/a><\/strong><\/span> su YouTube.<\/div>\n<\/div>\n<p><\/span><\/p>\n<p><span class=\"ui-provider azr azs azt azu azv azw azx azy azz baa bab bac bae baf bag bah bai baj bak bal bam ban bao bap baq bar bas bat bau bav baw bax bay baz bba\" dir=\"ltr\"><\/p>\n<div class=\"accordion\">\n<h2 class=\"accordion-header\">Qual \u00e8 la tensione massima che posso misurare con l&#8217;SGD 21-B?<br \/>\n<i class=\"fas fa-chevron-circle-down\"><\/i><\/h2>\n<div class=\"accordion-content\">Con il dispositivo di serie, la tensione massima di ingresso che pu\u00f2 essere misurata \u00e8 di 1,25V. Tuttavia, \u00e8 possibile misurare tensioni di ingresso fino a 30,0V inserendo nel dispositivo delle resistenze di scala (non fornite). Si prega di consultare la scheda tecnica (disponibile presso il sito <span style=\"text-decoration: underline;\"><strong><a href=\"\/it\/product\/visualizza-panelpilot\/panelpilot-b-it\/sgd-21-b\/\">SGD 21-B<\/a><\/strong><\/span> per le istruzioni su come procedere.<\/div>\n<\/div>\n<p><\/span><\/p>\n<p><span class=\"ui-provider azr azs azt azu azv azw azx azy azz baa bab bac bae baf bag bah bai baj bak bal bam ban bao bap baq bar bas bat bau bav baw bax bay baz bba\" dir=\"ltr\"><\/p>\n<div class=\"accordion\">\n<h2 class=\"accordion-header\">Qual \u00e8 lo scopo dell&#8217;inserimento di resistenze di scala nell&#8217;SGD 21-B?<br \/>\n<i class=\"fas fa-chevron-circle-down\"><\/i><\/h2>\n<div class=\"accordion-content\">Il dispositivo \u00e8 in grado di misurare tensioni di ingresso fino a 1,25V. L&#8217;inserimento di resistenze di scala (non fornite) consente di misurare tensioni di ingresso fino a 30,0V. Per i dettagli su come montarli, consulta la scheda tecnica (disponibile presso il sito web di<span style=\"text-decoration: underline;\"><strong> <a href=\"\/it\/product\/visualizza-panelpilot\/panelpilot-b-it\/sgd-21-b\/\">SGD 21-B<\/a><\/strong><\/span> ).<\/div>\n<\/div>\n<p><\/span><\/p>\n","protected":false},"excerpt":{"rendered":"<p>Domande frequenti<\/p>\n","protected":false},"author":2,"featured_media":0,"parent":35717,"menu_order":2,"comment_status":"closed","ping_status":"closed","template":"template-fullwidth.php","meta":{"_acf_changed":false,"content-type":"","_uag_custom_page_level_css":"","footnotes":""},"class_list":["post-35659","page","type-page","status-publish","hentry"],"acf":[],"spectra_custom_meta":{"hero_image":[""],"_hero_image":["field_64f1a7da7af44"],"_hero_h1":["field_64f19e1edd052"],"_hero_h2":["field_64f19e2ddd053"],"_hero_text":["field_64f19e42dd054"],"_hero_button_text":["field_64f19e4edd055"],"_hero_button_link":["field_64f19e5ddd056"],"_top_nav_excluded":[""],"_cms_nav_minihome":[""],"_wp_page_template":["template-fullwidth.php"],"_last_translation_edit_mode":["native-editor"],"rank_math_title":["Assistenza PanelPilot B | FAQ PanelPilot | Praxas"],"rank_math_description":["Consulta la pagina del supporto PanelPilot B se hai bisogno di assistenza per i tuoi dispositivi PanelPilot B o chiama il nostro team di vendita per ulteriore supporto o altre richieste!"],"rank_math_focus_keyword":["Supporto PanelPilot B"],"_edit_lock":["1760966352:8383"],"classic-editor-remember":["classic-editor"],"rank_math_seo_score":["31"],"_edit_last":["8383"],"hero_h1":[""],"hero_h2":[""],"hero_text":[""],"hero_button_text":[""],"hero_button_link":[""],"_wpml_media_duplicate":["1"],"_wpml_media_featured":["1"],"rank_math_contentai_score":["a:5:{s:8:\"keywords\";s:5:\"74.51\";s:9:\"wordCount\";s:1:\"0\";s:9:\"linkCount\";s:1:\"0\";s:12:\"headingCount\";s:1:\"0\";s:10:\"mediaCount\";s:1:\"0\";}"],"rank_math_rich_snippet":["off"],"rank_math_robots":["a:1:{i:0;s:7:\"noindex\";}"],"rank_math_analytic_object_id":["1298"],"_wpml_word_count":["343"],"_uag_page_assets":["a:9:{s:3:\"css\";s:0:\"\";s:2:\"js\";s:0:\"\";s:18:\"current_block_list\";a:0:{}s:8:\"uag_flag\";b:0;s:11:\"uag_version\";s:10:\"1777885450\";s:6:\"gfonts\";a:0:{}s:10:\"gfonts_url\";s:0:\"\";s:12:\"gfonts_files\";a:0:{}s:14:\"uag_faq_layout\";b:0;}"]},"uagb_featured_image_src":{"full":false,"thumbnail":false,"medium":false,"medium_large":false,"large":false,"1536x1536":false,"2048x2048":false,"crunchify-admin-post-featured-image":false,"commercegurus-pdp-large":false,"commercegurus-plp-mobile":false,"cgkit_image_swatch":false,"woocommerce_thumbnail":false,"woocommerce_single":false,"woocommerce_gallery_thumbnail":false},"uagb_author_info":{"display_name":"Andy Price","author_link":"https:\/\/praxas.com\/it\/author\/andyp\/"},"uagb_comment_info":0,"uagb_excerpt":"Domande frequenti","_links":{"self":[{"href":"https:\/\/praxas.com\/it\/wp-json\/wp\/v2\/pages\/35659","targetHints":{"allow":["GET"]}}],"collection":[{"href":"https:\/\/praxas.com\/it\/wp-json\/wp\/v2\/pages"}],"about":[{"href":"https:\/\/praxas.com\/it\/wp-json\/wp\/v2\/types\/page"}],"author":[{"embeddable":true,"href":"https:\/\/praxas.com\/it\/wp-json\/wp\/v2\/users\/2"}],"replies":[{"embeddable":true,"href":"https:\/\/praxas.com\/it\/wp-json\/wp\/v2\/comments?post=35659"}],"version-history":[{"count":3,"href":"https:\/\/praxas.com\/it\/wp-json\/wp\/v2\/pages\/35659\/revisions"}],"predecessor-version":[{"id":38488,"href":"https:\/\/praxas.com\/it\/wp-json\/wp\/v2\/pages\/35659\/revisions\/38488"}],"up":[{"embeddable":true,"href":"https:\/\/praxas.com\/it\/wp-json\/wp\/v2\/pages\/35717"}],"wp:attachment":[{"href":"https:\/\/praxas.com\/it\/wp-json\/wp\/v2\/media?parent=35659"}],"curies":[{"name":"wp","href":"https:\/\/api.w.org\/{rel}","templated":true}]}}