{"id":35669,"date":"2023-09-21T11:31:09","date_gmt":"2023-09-21T09:31:09","guid":{"rendered":"https:\/\/staging.praxas.com\/supporto-per-il-data-logger-21cfr\/"},"modified":"2025-10-14T12:31:30","modified_gmt":"2025-10-14T10:31:30","slug":"supporto-per-il-data-logger-21cfr","status":"publish","type":"page","link":"https:\/\/praxas.com\/it\/supporto\/supporto-per-il-data-logger-21cfr\/","title":{"rendered":"Supporto per il Data Logger 21CFR"},"content":{"rendered":"<h2><span style=\"text-decoration: underline;\">Domande frequenti<\/span><\/h2>\n<h2>21CFR:<\/h2>\n<div class=\"accordion\">\n<h2 class=\"accordion-header\">Potresti spiegare cos&#8217;\u00e8 il 21CFR Part 11?<br \/>\n<i class=\"fas fa-chevron-circle-down\"><\/i><\/h2>\n<div class=\"accordion-content\">Il Codice dei Regolamenti Federali 21 Parte 11 della FDA (Food &amp; Drugs Administration) degli Stati Uniti \u00e8 un&#8217;estensione dei regolamenti esistenti che definisce quali registrazioni e firme elettroniche devono essere considerate accurate per sostituire le registrazioni cartacee per l&#8217;industria farmaceutica e medica. Il nostro sistema \u00e8 stato progettato per aiutare le aziende a rispettare queste normative.<\/div>\n<\/div>\n<h2>WiFi\/Cloud:<\/h2>\n<div class=\"accordion\">\n<h2 class=\"accordion-header\">Il prodotto 21CFR Cloud \u00e8 adatto alla mia azienda?<br \/>\n<i class=\"fas fa-chevron-circle-down\"><\/i><\/h2>\n<div class=\"accordion-content\">Il prodotto \u00e8 stato progettato per le aziende che desiderano utilizzare strumenti elettronici per sostituire in modo sicuro i loro registri cartacei per conformarsi alle normative 21 CFR Part 11 per le industrie farmaceutiche e mediche. Inoltre, se lavori e vuoi essere compatibile con l&#8217;industria farmaceutica e medica degli Stati Uniti e vuoi ottimizzare i tuoi registri di conseguenza, l&#8217;avvio di un 21 CFR Cloud sarebbe vantaggioso.<\/div>\n<\/div>\n<div class=\"accordion\">\n<h2 class=\"accordion-header\">Esistono applicazioni per il sistema WiFi 21CFR Part 11?<br \/>\n<i class=\"fas fa-chevron-circle-down\"><\/i><\/h2>\n<div class=\"accordion-content\">Per controllare la sicurezza dell&#8217;accesso al Cloud 21CFR, al momento non sono state rilasciate applicazioni Android o IOS.<\/div>\n<\/div>\n<div class=\"accordion\">\n<h2 class=\"accordion-header\">Posso utilizzare uno dei vostri data logger WiFi standard su 21CFR Cloud?<br \/>\n<i class=\"fas fa-chevron-circle-down\"><\/i><\/h2>\n<div class=\"accordion-content\">I nostri registratori di dati WiFi 21 CFR sono stati progettati e prodotti appositamente per funzionare con il 21CFR Cloud. Nessuno dei nostri logger standard comunica con il 21CFR Cloud e non possono essere aggiornati per funzionare su di esso.<\/div>\n<\/div>\n<div class=\"accordion\">\n<h2 class=\"accordion-header\">Esiste un account &#8220;gratuito&#8221; o &#8220;personale&#8221; per 21CFR Cloud?<br \/>\n<i class=\"fas fa-chevron-circle-down\"><\/i><\/h2>\n<div class=\"accordion-content\">A causa della maggiore complessit\u00e0 dell&#8217;amministrazione del 21CFR, gli account Free e Personal presenti sul nostro Cloud standard non sono adatti all&#8217;amministrazione del 21CFR. Il 21CFR Cloud \u00e8 un servizio professionale per le aziende.<\/div>\n<\/div>\n<div class=\"accordion\">\n<h2 class=\"accordion-header\">Come per il sistema di sensori WiFi standard, esiste una versione basata su PC?<br \/>\n<i class=\"fas fa-chevron-circle-down\"><\/i><\/h2>\n<div class=\"accordion-content\">Poich\u00e9 una versione che gira su un PC locale non pu\u00f2 essere adeguatamente protetta e controllata, attualmente non \u00e8 disponibile una versione che utilizzi un PC locale.<\/div>\n<\/div>\n<div class=\"accordion\">\n<h2 class=\"accordion-header\">Come posso avviare un account 21CFR Part 11 Professional Cloud?<br \/>\n<i class=\"fas fa-chevron-circle-down\"><\/i><\/h2>\n<div class=\"accordion-content\">Vai alla sezione Download del software e scarica e installa l&#8217;ultima versione del software del sensore WiFi 21CFR. <span style=\"text-decoration: underline;\"><br \/>\n  <strong><br \/>\n    <a href=\"https:\/\/praxas.com\/easylog-21cfr-wifi\/\">Software del sensore WiFi 21CFR.<\/a><br \/>\n  <\/strong><br \/>\n<\/span> Sul tuo PC Windows avvia il programma, clicca sul pulsante arancione Sign-Up e segui le istruzioni sullo schermo per configurare un account. Una volta configurato e in possesso di un data logger WiFi compatibile con il 21CFR, clicca sul pulsante &#8220;Set-Up Device on the Cloud&#8221; e segui le istruzioni sullo schermo.<\/div>\n<\/div>\n<div class=\"accordion\">\n<h2 class=\"accordion-header\">In che modo il 21CFR \u00e8 diverso da EasyLog Cloud?<br \/>\n<i class=\"fas fa-chevron-circle-down\"><\/i><\/h2>\n<div class=\"accordion-content\">21CFR Part 11 \u00e8 un regolamento della FDA americana che riguarda i registri elettronici dei dati per le aziende alimentari e farmaceutiche. I sistemi conformi al 21CFR richiedono il nostro hardware designato per il 21CFR e il nostro servizio cloud separato per il 21CFR.<\/div>\n<\/div>\n<h2>USB:<\/h2>\n<div class=\"accordion\">\n<h2 class=\"accordion-header\">Il mio EL-USB Logger non si connette. Come posso controllare e risolvere i problemi di batteria e driver?<br \/>\n<i class=\"fas fa-chevron-circle-down\"><\/i><\/h2>\n<div class=\"accordion-content\">Abbiamo preparato una guida sui problemi della batteria e del driver, consultala qui <a href=\"\/wp-content\/uploads\/el-usb-range-includes-el-gfx-range-troubleshooting.pdf\"><br \/>\n  <strong>qui<\/strong><br \/>\n<\/a>.<\/div>\n<\/div>\n<div class=\"accordion\">\n<h2 class=\"accordion-header\">Cosa succede se dimentico i miei dati di accesso al software 21CFR USB?<br \/>\n<i class=\"fas fa-chevron-circle-down\"><\/i><\/h2>\n<div class=\"accordion-content\">Un amministratore del software dovr\u00e0 reimpostare la password dal menu &lt;Admin&gt; &lt;Edit User&gt;. Al successivo tentativo di accesso ti verr\u00e0 chiesto di inserire e confermare una nuova password. Per ulteriori informazioni sull&#8217;uso del software, consulta la Guida al software 21CFR. <a href=\"\/wp-content\/uploads\/easylog-21cfr-operation-guide_iss4.pdf\"><br \/>\n  <strong>Guida al software 21CFR<\/strong><br \/>\n<\/a>.<\/div>\n<\/div>\n","protected":false},"excerpt":{"rendered":"<p>Domande frequenti 21CFR: WiFi\/Cloud: USB:<\/p>\n","protected":false},"author":2,"featured_media":0,"parent":35717,"menu_order":0,"comment_status":"closed","ping_status":"closed","template":"template-fullwidth.php","meta":{"_acf_changed":false,"content-type":"","_uag_custom_page_level_css":"","footnotes":""},"class_list":["post-35669","page","type-page","status-publish","hentry"],"acf":[],"spectra_custom_meta":{"hero_image":[""],"_hero_image":["field_64f1a7da7af44"],"_hero_h1":["field_64f19e1edd052"],"_hero_h2":["field_64f19e2ddd053"],"_hero_text":["field_64f19e42dd054"],"_hero_button_text":["field_64f19e4edd055"],"_hero_button_link":["field_64f19e5ddd056"],"_top_nav_excluded":[""],"_cms_nav_minihome":[""],"_wp_page_template":["template-fullwidth.php"],"_last_translation_edit_mode":["translation-editor"],"_edit_lock":["1721736136:8383"],"classic-editor-remember":["classic-editor"],"rank_math_seo_score":["17"],"_edit_last":["8383"],"hero_h1":[""],"hero_h2":[""],"hero_text":[""],"hero_button_text":[""],"hero_button_link":[""],"_wpml_media_duplicate":["1"],"_wpml_media_featured":["1"],"_wpml_word_count":["571"],"rank_math_title":["Supporto per i Data Logger 21CFR | Data Logger sicuri | Praxas"],"rank_math_description":["Consulta le nostre FAQ Se hai bisogno di assistenza per i Data Logger 21CFR, se hai ancora bisogno di assistenza chiama il nostro team di vendita oggi stesso!"],"rank_math_focus_keyword":["Supporto per il Data Logger 21CFR"],"_uag_page_assets":["a:9:{s:3:\"css\";s:0:\"\";s:2:\"js\";s:0:\"\";s:18:\"current_block_list\";a:0:{}s:8:\"uag_flag\";b:0;s:11:\"uag_version\";s:10:\"1776254989\";s:6:\"gfonts\";a:0:{}s:10:\"gfonts_url\";s:0:\"\";s:12:\"gfonts_files\";a:0:{}s:14:\"uag_faq_layout\";b:0;}"]},"uagb_featured_image_src":{"full":false,"thumbnail":false,"medium":false,"medium_large":false,"large":false,"1536x1536":false,"2048x2048":false,"crunchify-admin-post-featured-image":false,"commercegurus-pdp-large":false,"commercegurus-plp-mobile":false,"cgkit_image_swatch":false,"woocommerce_thumbnail":false,"woocommerce_single":false,"woocommerce_gallery_thumbnail":false},"uagb_author_info":{"display_name":"Andy Price","author_link":"https:\/\/praxas.com\/it\/author\/andyp\/"},"uagb_comment_info":0,"uagb_excerpt":"Domande frequenti 21CFR: WiFi\/Cloud: USB:","_links":{"self":[{"href":"https:\/\/praxas.com\/it\/wp-json\/wp\/v2\/pages\/35669","targetHints":{"allow":["GET"]}}],"collection":[{"href":"https:\/\/praxas.com\/it\/wp-json\/wp\/v2\/pages"}],"about":[{"href":"https:\/\/praxas.com\/it\/wp-json\/wp\/v2\/types\/page"}],"author":[{"embeddable":true,"href":"https:\/\/praxas.com\/it\/wp-json\/wp\/v2\/users\/2"}],"replies":[{"embeddable":true,"href":"https:\/\/praxas.com\/it\/wp-json\/wp\/v2\/comments?post=35669"}],"version-history":[{"count":4,"href":"https:\/\/praxas.com\/it\/wp-json\/wp\/v2\/pages\/35669\/revisions"}],"predecessor-version":[{"id":51934,"href":"https:\/\/praxas.com\/it\/wp-json\/wp\/v2\/pages\/35669\/revisions\/51934"}],"up":[{"embeddable":true,"href":"https:\/\/praxas.com\/it\/wp-json\/wp\/v2\/pages\/35717"}],"wp:attachment":[{"href":"https:\/\/praxas.com\/it\/wp-json\/wp\/v2\/media?parent=35669"}],"curies":[{"name":"wp","href":"https:\/\/api.w.org\/{rel}","templated":true}]}}