{"id":35672,"date":"2023-09-21T11:29:59","date_gmt":"2023-09-21T11:29:59","guid":{"rendered":"https:\/\/staging.praxas.com\/supporto-del-data-logger-sgd-atp\/"},"modified":"2025-06-20T09:43:11","modified_gmt":"2025-06-20T09:43:11","slug":"supporto-del-data-logger-sgd-atp","status":"publish","type":"page","link":"https:\/\/praxas.com\/it\/supporto\/supporto-del-data-logger-sgd-atp\/","title":{"rendered":"Supporto del Data Logger SGD-ATP"},"content":{"rendered":"<h2>Domande frequenti<\/h2>\n<p><span class=\"ui-provider azr azs azt azu azv azw azx azy azz baa bab bac bae baf bag bah bai baj bak bal bam ban bao bap baq bar bas bat bau bav baw bax bay baz bba\" dir=\"ltr\"><\/p>\n<div class=\"accordion\">\n<h2 class=\"accordion-header\">Cosa significa il simbolo ERR sul mio dispositivo EL-SGD ATP?<br \/>\n<i class=\"fas fa-chevron-circle-down\"><\/i><\/h2>\n<div class=\"accordion-content\"><\/span>Significa che qualcosa ha influenzato i record di log visualizzati sul dispositivo, ma questo non influisce sui dati effettivamente registrati. Le cause principali sono:<\/p>\n<ul>\n<li>Errore della sonda a un certo punto.<\/li>\n<li>Il numero di registri \u00e8 stato superato.<span class=\"ui-provider azr azs azt azu azv azw azx azy azz baa bab bac bae baf bag bah bai baj bak bal bam ban bao bap baq bar bas bat bau bav baw bax bay baz bba\" dir=\"ltr\"><\/div>\n<\/div>\n<p><\/span><\/li>\n<\/ul>\n<p><span class=\"ui-provider azr azs azt azu azv azw azx azy azz baa bab bac bae baf bag bah bai baj bak bal bam ban bao bap baq bar bas bat bau bav baw bax bay baz bba\" dir=\"ltr\"><\/p>\n<div class=\"accordion\">\n<h2 class=\"accordion-header\">Perch\u00e9 il pulsante &#8220;avvia tutte le registrazioni&#8221; \u00e8 grigio sul mio EL-SGD 43\/70-ATP?<br \/>\n<i class=\"fas fa-chevron-circle-down\"><\/i><\/h2>\n<div class=\"accordion-content\">Questo significa che il dispositivo \u00e8 in modalit\u00e0 di avvio ritardato e aspetter\u00e0 fino all&#8217;ora\/data di avvio specificata prima di iniziare il log.<\/span><span class=\"ui-provider azr azs azt azu azv azw azx azy azz baa bab bac bae baf bag bah bai baj bak bal bam ban bao bap baq bar bas bat bau bav baw bax bay baz bba\" dir=\"ltr\"><\/div>\n<\/div>\n<p><\/span><\/p>\n<p><strong><br \/>\n<\/strong><span class=\"ui-provider azr azs azt azu azv azw azx azy azz baa bab bac bae baf bag bah bai baj bak bal bam ban bao bap baq bar bas bat bau bav baw bax bay baz bba\" dir=\"ltr\"><\/p>\n<div class=\"accordion\">\n<h2 class=\"accordion-header\">Come posso controllare i livelli di allarme e la velocit\u00e0 di registrazione sul mio EL-SGD 43\/70-ATP?<br \/>\n<i class=\"fas fa-chevron-circle-down\"><\/i><\/h2>\n<div class=\"accordion-content\">Nella schermata informativa, se tieni premuto il riquadro del valore registrato alto o basso, questo verr\u00e0 sostituito dai valori di allarme alto o basso (sempre che siano stati impostati). Se tieni premuto il riquadro del numero di registri, verr\u00e0 visualizzato il tasso di registrazione.<\/span><span class=\"ui-provider azr azs azt azu azv azw azx azy azz baa bab bac bae baf bag bah bai baj bak bal bam ban bao bap baq bar bas bat bau bav baw bax bay baz bba\" dir=\"ltr\"><\/div>\n<\/div>\n<p><\/span><\/p>\n<p><span class=\"ui-provider azr azs azt azu azv azw azx azy azz baa bab bac bae baf bag bah bai baj bak bal bam ban bao bap baq bar bas bat bau bav baw bax bay baz bba\" dir=\"ltr\"><\/p>\n<div class=\"accordion\">\n<h2 class=\"accordion-header\">Ho commesso un errore nell&#8217;impostazione del dispositivo sulla gamma di data logger EL-SGD, come posso modificarlo?<br \/>\n<i class=\"fas fa-chevron-circle-down\"><\/i><\/h2>\n<div class=\"accordion-content\">Vai alla schermata delle informazioni e poi a quella delle impostazioni. Da qui puoi selezionare il reset di fabbrica che ti permetter\u00e0 di riconfigurare il tuo dispositivo.<\/span><span class=\"ui-provider azr azs azt azu azv azw azx azy azz baa bab bac bae baf bag bah bai baj bak bal bam ban bao bap baq bar bas bat bau bav baw bax bay baz bba\" dir=\"ltr\"><\/div>\n<\/div>\n<p><\/span><\/p>\n<p><strong><br \/>\n<\/strong><span class=\"ui-provider azr azs azt azu azv azw azx azy azz baa bab bac bae baf bag bah bai baj bak bal bam ban bao bap baq bar bas bat bau bav baw bax bay baz bba\" dir=\"ltr\"><\/p>\n<div class=\"accordion\">\n<h2 class=\"accordion-header\">Se eseguo un reset di fabbrica o spengo il mio EL-SGD 43\/70-ATP perder\u00f2 i miei registri?<br \/>\n<i class=\"fas fa-chevron-circle-down\"><\/i><\/h2>\n<div class=\"accordion-content\">No, l&#8217;unico modo in cui i tuoi registri andranno persi \u00e8 se scegli di eliminarli dopo averli scaricati. In caso contrario, verr\u00e0 eseguito il backup in un file con data e ora.<\/span><span class=\"ui-provider azr azs azt azu azv azw azx azy azz baa bab bac bae baf bag bah bai baj bak bal bam ban bao bap baq bar bas bat bau bav baw bax bay baz bba\" dir=\"ltr\"><\/div>\n<\/div>\n<p><\/span><\/p>\n<p><span class=\"ui-provider azr azs azt azu azv azw azx azy azz baa bab bac bae baf bag bah bai baj bak bal bam ban bao bap baq bar bas bat bau bav baw bax bay baz bba\" dir=\"ltr\"><\/p>\n<div class=\"accordion\">\n<h2 class=\"accordion-header\">Credo che il mio data logger EL-SGD 43\/70-ATP abbia perso l&#8217;alimentazione e ora il conteggio dei registri \u00e8 tornato a 1, ho perso tutti i dati?<br \/>\n<i class=\"fas fa-chevron-circle-down\"><\/i><\/h2>\n<div class=\"accordion-content\">No, quando viene a mancare l&#8217;alimentazione al dispositivo, il registro dei dati in corso viene interrotto e sottoposto a backup, per poi avviarne uno nuovo una volta riacceso il dispositivo.<\/span><span class=\"ui-provider azr azs azt azu azv azw azx azy azz baa bab bac bae baf bag bah bai baj bak bal bam ban bao bap baq bar bas bat bau bav baw bax bay baz bba\" dir=\"ltr\"><\/div>\n<\/div>\n<p><\/span><\/p>\n","protected":false},"excerpt":{"rendered":"<p>Domande frequenti<\/p>\n","protected":false},"author":2,"featured_media":0,"parent":35717,"menu_order":0,"comment_status":"closed","ping_status":"closed","template":"template-fullwidth.php","meta":{"_acf_changed":false,"content-type":"","_uag_custom_page_level_css":"","footnotes":""},"class_list":["post-35672","page","type-page","status-publish","hentry"],"acf":[],"spectra_custom_meta":{"hero_image":[""],"_hero_image":["field_64f1a7da7af44"],"_hero_h1":["field_64f19e1edd052"],"_hero_h2":["field_64f19e2ddd053"],"_hero_text":["field_64f19e42dd054"],"_hero_button_text":["field_64f19e4edd055"],"_hero_button_link":["field_64f19e5ddd056"],"_top_nav_excluded":[""],"_cms_nav_minihome":[""],"_wp_page_template":["template-fullwidth.php"],"rank_math_focus_keyword":["Registratore di dati OEM"],"_last_translation_edit_mode":["translation-editor"],"_wpml_word_count":["314"],"rank_math_title":["Assistenza ai Data Logger OEM | Assistenza ai Data Logger EasyLog"],"rank_math_description":["Sfoglia le nostre FAQ sul nostro sito web o contatta il nostro team di vendita di Lascar Electronics se hai bisogno di assistenza per i nostri Data Logger OEM."],"_uag_page_assets":["a:9:{s:3:\"css\";s:0:\"\";s:2:\"js\";s:0:\"\";s:18:\"current_block_list\";a:0:{}s:8:\"uag_flag\";b:0;s:11:\"uag_version\";s:10:\"1776966156\";s:6:\"gfonts\";a:0:{}s:10:\"gfonts_url\";s:0:\"\";s:12:\"gfonts_files\";a:0:{}s:14:\"uag_faq_layout\";b:0;}"]},"uagb_featured_image_src":{"full":false,"thumbnail":false,"medium":false,"medium_large":false,"large":false,"1536x1536":false,"2048x2048":false,"crunchify-admin-post-featured-image":false,"commercegurus-pdp-large":false,"commercegurus-plp-mobile":false,"cgkit_image_swatch":false,"woocommerce_thumbnail":false,"woocommerce_single":false,"woocommerce_gallery_thumbnail":false},"uagb_author_info":{"display_name":"Andy Price","author_link":"https:\/\/praxas.com\/it\/author\/andyp\/"},"uagb_comment_info":0,"uagb_excerpt":"Domande frequenti","_links":{"self":[{"href":"https:\/\/praxas.com\/it\/wp-json\/wp\/v2\/pages\/35672","targetHints":{"allow":["GET"]}}],"collection":[{"href":"https:\/\/praxas.com\/it\/wp-json\/wp\/v2\/pages"}],"about":[{"href":"https:\/\/praxas.com\/it\/wp-json\/wp\/v2\/types\/page"}],"author":[{"embeddable":true,"href":"https:\/\/praxas.com\/it\/wp-json\/wp\/v2\/users\/2"}],"replies":[{"embeddable":true,"href":"https:\/\/praxas.com\/it\/wp-json\/wp\/v2\/comments?post=35672"}],"version-history":[{"count":2,"href":"https:\/\/praxas.com\/it\/wp-json\/wp\/v2\/pages\/35672\/revisions"}],"predecessor-version":[{"id":46917,"href":"https:\/\/praxas.com\/it\/wp-json\/wp\/v2\/pages\/35672\/revisions\/46917"}],"up":[{"embeddable":true,"href":"https:\/\/praxas.com\/it\/wp-json\/wp\/v2\/pages\/35717"}],"wp:attachment":[{"href":"https:\/\/praxas.com\/it\/wp-json\/wp\/v2\/media?parent=35672"}],"curies":[{"name":"wp","href":"https:\/\/api.w.org\/{rel}","templated":true}]}}