{"id":35675,"date":"2023-09-21T11:28:08","date_gmt":"2023-09-21T11:28:08","guid":{"rendered":"https:\/\/staging.praxas.com\/supporto-per-i-data-logger-della-catena-del-freddo\/"},"modified":"2025-06-20T09:44:26","modified_gmt":"2025-06-20T09:44:26","slug":"supporto-per-i-data-logger-della-catena-del-freddo","status":"publish","type":"page","link":"https:\/\/praxas.com\/it\/supporto\/supporto-per-i-data-logger-della-catena-del-freddo\/","title":{"rendered":"Supporto per i Data Logger della catena del freddo"},"content":{"rendered":"<h2><strong>Domande frequenti<\/strong><\/h2>\n<p><span class=\"ui-provider azr azs azt azu azv azw azx azy azz baa bab bac bae baf bag bah bai baj bak bal bam ban bao bap baq bar bas bat bau bav baw bax bay baz bba\" dir=\"ltr\"><\/p>\n<div class=\"accordion\">\n<h2 class=\"accordion-header\">Il mio logger CC-2 \u00e8 impermeabile?<br \/>\n<i class=\"fas fa-chevron-circle-down\"><\/i><\/h2>\n<div class=\"accordion-content\">\u00c8 contenuto in una custodia in plastica con grado di protezione IP67, quindi \u00e8 impermeabile finch\u00e9 non si rompe il sigillo della custodia.<\/div>\n<\/div>\n<p><\/span><\/p>\n<p><span class=\"ui-provider azr azs azt azu azv azw azx azy azz baa bab bac bae baf bag bah bai baj bak bal bam ban bao bap baq bar bas bat bau bav baw bax bay baz bba\" dir=\"ltr\"><\/p>\n<div class=\"accordion\">\n<h2 class=\"accordion-header\">Posso modificare i livelli di allarme del mio logger CC-2?<br \/>\n<i class=\"fas fa-chevron-circle-down\"><\/i><\/h2>\n<div class=\"accordion-content\">No, i livelli di allarme sono preimpostati e non possono essere modificati. Tuttavia, Lascar pu\u00f2 anche fornire configurazioni personalizzate di questo logger su richiesta, in cui gli allarmi di alta e bassa temperatura e umidit\u00e0 sono impostati in base alle tue esigenze. Se la cosa ti interessa, contatta il loro <a href=\"https:\/\/lascarelectronics.com\/contact-us\/\" target=\"_blank\" rel=\"noopener\">team di vendita<\/a>.<\/div>\n<\/div>\n<p><\/span><\/p>\n<p><span class=\"ui-provider azr azs azt azu azv azw azx azy azz baa bab bac bae baf bag bah bai baj bak bal bam ban bao bap baq bar bas bat bau bav baw bax bay baz bba\" dir=\"ltr\"><\/p>\n<div class=\"accordion\">\n<h2 class=\"accordion-header\">Come faccio a spegnere il mio logger CC-2?<br \/>\n<i class=\"fas fa-chevron-circle-down\"><\/i><\/h2>\n<div class=\"accordion-content\">Non \u00e8 possibile spegnere completamente il logger, ma puoi interrompere la registrazione premendo il pulsante Start\/Stop.<\/div>\n<\/div>\n<p><\/span><\/p>\n<p><span class=\"ui-provider azr azs azt azu azv azw azx azy azz baa bab bac bae baf bag bah bai baj bak bal bam ban bao bap baq bar bas bat bau bav baw bax bay baz bba\" dir=\"ltr\"><\/p>\n<div class=\"accordion\">\n<h2 class=\"accordion-header\">Ci sono allarmi per il livello di umidit\u00e0 sul mio logger CC-2?<br \/>\n<i class=\"fas fa-chevron-circle-down\"><\/i><\/h2>\n<div class=\"accordion-content\">No, nei modelli standard i livelli di allarme sono impostati solo per la temperatura, ma il logger registra sia i dati di temperatura che di umidit\u00e0. Tuttavia, Lascar pu\u00f2 fornire versioni personalizzate di questo logger in cui gli allarmi di temperatura e umidit\u00e0 sono impostati in base alle tue specifiche. Se la cosa ti interessa, contatta il nostro <a href=\"https:\/\/lascarelectronics.com\/contact-us\/\" target=\"_blank\" rel=\"noopener\">team di vendita<\/a>.<\/div>\n<\/div>\n<p><\/span><\/p>\n<p><span class=\"ui-provider azr azs azt azu azv azw azx azy azz baa bab bac bae baf bag bah bai baj bak bal bam ban bao bap baq bar bas bat bau bav baw bax bay baz bba\" dir=\"ltr\"><\/p>\n<div class=\"accordion\">\n<h2 class=\"accordion-header\">Come faccio a capire se il mio logger CC-2 funziona normalmente?<br \/>\n<i class=\"fas fa-chevron-circle-down\"><\/i><\/h2>\n<div class=\"accordion-content\">Puoi ottenere informazioni sullo stato del logger premendo il pulsante circolare rosso e bianco che far\u00e0 lampeggiare un indicatore LED. Consulta la <span style=\"text-decoration: underline;\"><strong><a href=\"\/wp-content\/uploads\/easylog_cc-2_quick-start-guide_v1_07-17.pdf\">Guida rapida<\/a><\/strong><\/span> per le spiegazioni sul significato dei lampeggi.<\/div>\n<\/div>\n<p><\/span><\/p>\n<p><span class=\"ui-provider azr azs azt azu azv azw azx azy azz baa bab bac bae baf bag bah bai baj bak bal bam ban bao bap baq bar bas bat bau bav baw bax bay baz bba\" dir=\"ltr\"><\/p>\n<div class=\"accordion\">\n<h2 class=\"accordion-header\">Come si configura il logger CC-2?<br \/>\n<i class=\"fas fa-chevron-circle-down\"><\/i><\/h2>\n<div class=\"accordion-content\">Il dispositivo \u00e8 preconfigurato con i livelli di allarme della temperatura, tutto ci\u00f2 che devi fare \u00e8 premere il pulsante circolare rosso e bianco per iniziare a registrare la temperatura e l&#8217;umidit\u00e0.<\/div>\n<\/div>\n<p><\/span><\/p>\n<p>&nbsp;<\/p>\n","protected":false},"excerpt":{"rendered":"<p>Domande frequenti &nbsp;<\/p>\n","protected":false},"author":2,"featured_media":0,"parent":35717,"menu_order":0,"comment_status":"closed","ping_status":"closed","template":"template-fullwidth.php","meta":{"_acf_changed":false,"content-type":"","_uag_custom_page_level_css":"","footnotes":""},"class_list":["post-35675","page","type-page","status-publish","hentry"],"acf":[],"spectra_custom_meta":{"hero_image":[""],"_hero_image":["field_64f1a7da7af44"],"_hero_h1":["field_64f19e1edd052"],"_hero_h2":["field_64f19e2ddd053"],"_hero_text":["field_64f19e42dd054"],"_hero_button_text":["field_64f19e4edd055"],"_hero_button_link":["field_64f19e5ddd056"],"_top_nav_excluded":[""],"_cms_nav_minihome":[""],"_wp_page_template":["template-fullwidth.php"],"_last_translation_edit_mode":["translation-editor"],"rank_math_title":["Supporto per i Data Logger della catena del freddo | EL-CC e EL-PDF | Lascar"],"rank_math_description":["Se hai bisogno di assistenza per i Data Logger della catena del freddo, non temere di contattare il nostro team di vendita oggi stesso! Oppure puoi consultare una serie di FAQ sul nostro sito web"],"rank_math_focus_keyword":["Supporto per i Data Logger della catena del freddo"],"_wpml_word_count":["294"],"_uag_page_assets":["a:9:{s:3:\"css\";s:0:\"\";s:2:\"js\";s:0:\"\";s:18:\"current_block_list\";a:0:{}s:8:\"uag_flag\";b:0;s:11:\"uag_version\";s:10:\"1776254989\";s:6:\"gfonts\";a:0:{}s:10:\"gfonts_url\";s:0:\"\";s:12:\"gfonts_files\";a:0:{}s:14:\"uag_faq_layout\";b:0;}"]},"uagb_featured_image_src":{"full":false,"thumbnail":false,"medium":false,"medium_large":false,"large":false,"1536x1536":false,"2048x2048":false,"crunchify-admin-post-featured-image":false,"commercegurus-pdp-large":false,"commercegurus-plp-mobile":false,"cgkit_image_swatch":false,"woocommerce_thumbnail":false,"woocommerce_single":false,"woocommerce_gallery_thumbnail":false},"uagb_author_info":{"display_name":"Andy Price","author_link":"https:\/\/praxas.com\/it\/author\/andyp\/"},"uagb_comment_info":0,"uagb_excerpt":"Domande frequenti &nbsp;","_links":{"self":[{"href":"https:\/\/praxas.com\/it\/wp-json\/wp\/v2\/pages\/35675","targetHints":{"allow":["GET"]}}],"collection":[{"href":"https:\/\/praxas.com\/it\/wp-json\/wp\/v2\/pages"}],"about":[{"href":"https:\/\/praxas.com\/it\/wp-json\/wp\/v2\/types\/page"}],"author":[{"embeddable":true,"href":"https:\/\/praxas.com\/it\/wp-json\/wp\/v2\/users\/2"}],"replies":[{"embeddable":true,"href":"https:\/\/praxas.com\/it\/wp-json\/wp\/v2\/comments?post=35675"}],"version-history":[{"count":1,"href":"https:\/\/praxas.com\/it\/wp-json\/wp\/v2\/pages\/35675\/revisions"}],"predecessor-version":[{"id":35719,"href":"https:\/\/praxas.com\/it\/wp-json\/wp\/v2\/pages\/35675\/revisions\/35719"}],"up":[{"embeddable":true,"href":"https:\/\/praxas.com\/it\/wp-json\/wp\/v2\/pages\/35717"}],"wp:attachment":[{"href":"https:\/\/praxas.com\/it\/wp-json\/wp\/v2\/media?parent=35675"}],"curies":[{"name":"wp","href":"https:\/\/api.w.org\/{rel}","templated":true}]}}