{"id":35677,"date":"2023-09-21T11:27:16","date_gmt":"2023-09-21T11:27:16","guid":{"rendered":"https:\/\/staging.praxas.com\/supporto-del-data-logger-el-usb\/"},"modified":"2025-06-20T09:44:33","modified_gmt":"2025-06-20T09:44:33","slug":"supporto-del-data-logger-el-usb","status":"publish","type":"page","link":"https:\/\/praxas.com\/it\/supporto\/supporto-del-data-logger-el-usb\/","title":{"rendered":"Supporto del Data Logger EL-USB"},"content":{"rendered":"<div class=\"accordion\">\n<h2 class=\"accordion-header\"><strong>Come faccio a installare manualmente i driver per il mio data logger USB EasyLog? <\/strong><strong><br \/>\n<\/strong><br \/>\n<i class=\"fas fa-chevron-circle-down\"><\/i><\/h2>\n<div class=\"accordion-content\">Se hai bisogno di installare manualmente i driver per il tuo data logger USB, clicca qui. <span style=\"text-decoration: underline;\"><a href=\"\/wp-content\/uploads\/easylog_usb-manual-driver-install.pdf\"><strong>clicca qui<\/strong><\/a><\/span> per le istruzioni relative al tuo sistema operativo.<\/div>\n<\/div>\n<div class=\"accordion\">\n<h2 class=\"accordion-header\"><strong>Come faccio a sostituire la batteria del mio logger?  <\/strong><strong><br \/>\n<\/strong><br \/>\n<i class=\"fas fa-chevron-circle-down\"><\/i><\/h2>\n<div class=\"accordion-content\">\n<ul>\n<li>Gamma EL-USB<br \/>\nIl tuo data logger \u00e8 dotato di una batteria da 3 6V 1\/2AA.<span style=\"text-decoration: underline;\"> <a href=\"https:\/\/praxas.com\/it\/product\/registratori-di-dati\/accessori\/bat-3v6-1-2aa\/\"><strong>batteria da 3,6V 1\/2AA<\/strong><\/a><\/span> gi\u00e0 installata. Puoi sostituire la batteria seguendo le istruzioni riportate di seguito.<img loading=\"lazy\" decoding=\"async\" class=\"alignnone wp-image-10717\" src=\"https:\/\/praxas.com\/wp-content\/uploads\/el-usb-batteryreplacement-300x90.png\" alt=\"Sostituzione della batteria El USB\" width=\"702\" height=\"211\" srcset=\"https:\/\/praxas.com\/wp-content\/uploads\/el-usb-batteryreplacement-300x90.png 300w, https:\/\/praxas.com\/wp-content\/uploads\/el-usb-batteryreplacement-768x231.png 768w, https:\/\/praxas.com\/wp-content\/uploads\/el-usb-batteryreplacement-120x36.png 120w, https:\/\/praxas.com\/wp-content\/uploads\/el-usb-batteryreplacement-441x133.png 441w, https:\/\/praxas.com\/wp-content\/uploads\/el-usb-batteryreplacement-150x45.png 150w, https:\/\/praxas.com\/wp-content\/uploads\/el-usb-batteryreplacement.png 800w\" sizes=\"auto, (max-width: 702px) 100vw, 702px\" \/><\/li>\n<li>Gamme EL-CC-1 \/ EL-CC-2 \/ EL-PDF-1<\/li>\n<\/ul>\n<p>Si tratta di unit\u00e0 sigillate e le batterie non sono sostituibili. Se la batteria si \u00e8 esaurita, dovrai acquistare un prodotto sostitutivo.<\/p>\n<ul>\n<li>Gamma EL-GFX<\/li>\n<\/ul>\n<p>Quando si sostituiscono le due batterie <span style=\"text-decoration: underline;\"><strong><a href=\"https:\/\/praxas.com\/it\/product\/registratori-di-dati\/accessori\/bat-3v6-1-2aa\/\">batterie da 3,6V 1\/2AA<\/a><\/strong><\/span>allenta le due viti situate alla base dell&#8217;unit\u00e0. Rimuovi la parte inferiore dell&#8217;alloggiamento per esporre il vano batteria. Rimuovi le vecchie batterie e posiziona quelle nuove. Riposiziona l&#8217;alloggiamento inferiore e stringi le viti.<\/p>\n<p><img loading=\"lazy\" decoding=\"async\" class=\"alignnone size-full wp-image-10722\" src=\"https:\/\/praxas.com\/wp-content\/uploads\/el-gfx-batteryreplacement.png\" alt=\"Sostituzione della batteria di EL GFX\" width=\"199\" height=\"199\" srcset=\"https:\/\/praxas.com\/wp-content\/uploads\/el-gfx-batteryreplacement.png 199w, https:\/\/praxas.com\/wp-content\/uploads\/el-gfx-batteryreplacement-150x150.png 150w, https:\/\/praxas.com\/wp-content\/uploads\/el-gfx-batteryreplacement-120x120.png 120w, https:\/\/praxas.com\/wp-content\/uploads\/el-gfx-batteryreplacement-100x100.png 100w\" sizes=\"auto, (max-width: 199px) 100vw, 199px\" \/><\/p>\n<ul>\n<li>EL-USB-LITE<\/li>\n<\/ul>\n<p>Con il coperchio fuori dal logger, rimuovi la vite dall&#8217;estremit\u00e0 opposta del logger. Separa con attenzione le due modanature e rimuovi la batteria dal supporto metallico. Sostituisci la batteria con una <strong><a href=\"https:\/\/praxas.com\/it\/product\/registratori-di-dati\/accessori\/bat-3vx5\/\"><span style=\"text-decoration: underline;\">BAT 3VX5<\/span>.<\/a><\/strong><\/p>\n<p><img loading=\"lazy\" decoding=\"async\" class=\"alignnone wp-image-10724\" src=\"https:\/\/praxas.com\/wp-content\/uploads\/el-usb-lite-batteryreplacement-300x77.png\" alt=\"Sostituzione della batteria di EL USB Lite\" width=\"656\" height=\"168\" srcset=\"https:\/\/praxas.com\/wp-content\/uploads\/el-usb-lite-batteryreplacement-300x77.png 300w, https:\/\/praxas.com\/wp-content\/uploads\/el-usb-lite-batteryreplacement-768x197.png 768w, https:\/\/praxas.com\/wp-content\/uploads\/el-usb-lite-batteryreplacement-120x31.png 120w, https:\/\/praxas.com\/wp-content\/uploads\/el-usb-lite-batteryreplacement-441x113.png 441w, https:\/\/praxas.com\/wp-content\/uploads\/el-usb-lite-batteryreplacement-150x38.png 150w, https:\/\/praxas.com\/wp-content\/uploads\/el-usb-lite-batteryreplacement.png 801w\" sizes=\"auto, (max-width: 656px) 100vw, 656px\" \/><\/p>\n<ul>\n<li>EL-USB-1-PRO<\/li>\n<\/ul>\n<p>Rimuovi il coperchio della batteria con una piccola moneta o qualcosa di simile e fai scivolare fuori la batteria. Sostituisci la batteria con una <span style=\"text-decoration: underline;\"><strong><a href=\"https:\/\/praxas.com\/it\/product\/registratori-di-dati\/accessori\/bat-3v6-2-3aa-h-temp\/\">BATT 3V6 2\/3AA<\/a><\/strong><\/span> H TEMP e poi riavvita il coperchio della batteria. Si noti che si tratta di una batteria speciale che consente il funzionamento del logger a temperature elevate. L&#8217;uso di batterie non adatte pu\u00f2 provocare incendi o esplosioni ad alte temperature.<\/p>\n<p><img loading=\"lazy\" decoding=\"async\" class=\"alignnone wp-image-10727\" src=\"https:\/\/praxas.com\/wp-content\/uploads\/el-usb-pro-batteryreplacement-300x77.png\" alt=\"Sostituzione della batteria di EL USB pro  \" width=\"647\" height=\"166\" srcset=\"https:\/\/praxas.com\/wp-content\/uploads\/el-usb-pro-batteryreplacement-300x77.png 300w, https:\/\/praxas.com\/wp-content\/uploads\/el-usb-pro-batteryreplacement-768x196.png 768w, https:\/\/praxas.com\/wp-content\/uploads\/el-usb-pro-batteryreplacement-120x31.png 120w, https:\/\/praxas.com\/wp-content\/uploads\/el-usb-pro-batteryreplacement-441x113.png 441w, https:\/\/praxas.com\/wp-content\/uploads\/el-usb-pro-batteryreplacement-150x38.png 150w, https:\/\/praxas.com\/wp-content\/uploads\/el-usb-pro-batteryreplacement.png 799w\" sizes=\"auto, (max-width: 647px) 100vw, 647px\" \/><\/p>\n<ul>\n<li>EL-USB-ACT<\/li>\n<\/ul>\n<p>L&#8217;EL-USB-ACT viene fornito con due batterie AA inserite. Per iniziare a usarlo, la linguetta della batteria deve essere rimossa come mostrato di seguito. Per sostituire le batterie \u00e8 sufficiente allentare la vite sul retro del dispositivo e sostituirle con altre due batterie AA.<\/p>\n<p><img loading=\"lazy\" decoding=\"async\" class=\"alignnone wp-image-10728\" src=\"https:\/\/praxas.com\/wp-content\/uploads\/el-usb-act-batteryreplacement.png\" alt=\"Sostituzione della batteria dell'atto EL USB\" width=\"213\" height=\"213\" srcset=\"https:\/\/praxas.com\/wp-content\/uploads\/el-usb-act-batteryreplacement.png 199w, https:\/\/praxas.com\/wp-content\/uploads\/el-usb-act-batteryreplacement-150x150.png 150w, https:\/\/praxas.com\/wp-content\/uploads\/el-usb-act-batteryreplacement-120x120.png 120w, https:\/\/praxas.com\/wp-content\/uploads\/el-usb-act-batteryreplacement-100x100.png 100w\" sizes=\"auto, (max-width: 213px) 100vw, 213px\" \/><\/p>\n<ul>\n<li>EL-USB-1-RCG<\/li>\n<\/ul>\n<p>L&#8217;EL-USB-1-RCG \u00e8 dotato di una batteria ricaricabile non sostituibile. Se pensi che la batteria sia scarica, collega il logger a un PC utilizzando un cavo Mini USB (CABLE USB A-MF) per un massimo di cinque ore.<\/p><\/div>\n<\/div>\n<div class=\"accordion\">\n<h2 class=\"accordion-header\"><strong>Perch\u00e9 le mie batterie non funzionano?  <\/strong><strong><br \/>\n<\/strong><br \/>\n<i class=\"fas fa-chevron-circle-down\"><\/i><\/h2>\n<div class=\"accordion-content\">Se lasciate inutilizzate per lunghi periodi di tempo, le batterie al litio-metallo, comprese quelle utilizzate nella gamma di data logger EasyLog, formano naturalmente uno strato interno non conduttivo &#8211; uno strato di passivazione &#8211; che impedisce loro di autoscaricarsi e ne aumenta la durata di conservazione. Quando viene installato per la prima volta nel data logger, pu\u00f2 causare un calo momentaneo della tensione della batteria (la Tensione Minima Transitoria) quando lo strato interno viene interrotto, causando il reset del data logger. Inserendo le batterie nel data logger e lasciandolo collegato a un PC per circa 30 secondi, questo strato verr\u00e0 rimosso. Dopo questa operazione, rimuovi e reinstalla le batterie per resettare il data logger. La durata complessiva della batteria non ne risentir\u00e0.<\/div>\n<\/div>\n<div class=\"accordion\">\n<h2 class=\"accordion-header\"><strong>Quanto durer\u00e0 la batteria del mio data logger?  <\/strong><strong><br \/>\n<\/strong><br \/>\n<i class=\"fas fa-chevron-circle-down\"><\/i><\/h2>\n<div class=\"accordion-content\">La durata della batteria dipende dal logger in tuo possesso e dalle impostazioni; nella scheda tecnica del tuo prodotto puoi vedere la durata della batteria indicata nella tabella delle specifiche.<\/div>\n<\/div>\n<div class=\"accordion\">\n<h2 class=\"accordion-header\"><strong>I data logger USB sono impermeabili?  <\/strong><br \/>\n<i class=\"fas fa-chevron-circle-down\"><\/i><\/h2>\n<div class=\"accordion-content\">Tutti i nostri data logger hanno un grado di protezione IP sulla scheda tecnica. Il grado di protezione IP \u00e8 un codice a due cifre che indica il livello di protezione da oggetti solidi e dall&#8217;ingresso di acqua, come indicato di seguito:<\/p>\n<p>Prima cifra &#8211; Protezione meccanica<\/p>\n<ol>\n<li>Protetto contro gli oggetti solidi di oltre 50 mm<\/li>\n<li>Protetto contro gli oggetti solidi di oltre 12 mm<\/li>\n<li>Protetto contro gli oggetti solidi di dimensioni superiori a 2,5 mm<\/li>\n<li>Protetto contro gli oggetti solidi di oltre 1 mm<\/li>\n<li>Protezione contro le polveri nocive, ingresso limitato consentito<\/li>\n<li>Totalmente protetto dalla polvere<\/li>\n<\/ol>\n<p>Seconda cifra &#8211; Protezione dall&#8217;ingresso dell&#8217;acqua<\/p>\n<ol>\n<li>Protezione contro la caduta verticale di gocce d&#8217;acqua<\/li>\n<li>Protetto contro gli spruzzi d&#8217;acqua diretti fino a 15\u00b0 dalla verticale<\/li>\n<li>Protetto contro gli spruzzi d&#8217;acqua diretti fino a 60\u00b0 rispetto alla verticale<\/li>\n<li>Protetto contro gli spruzzi d&#8217;acqua provenienti da tutte le direzioni, \u00e8 consentito un ingresso limitato.<\/li>\n<li>Protetto contro i getti d&#8217;acqua a bassa pressione provenienti da tutte le direzioni, \u00e8 consentito un ingresso limitato.<\/li>\n<li>Protetto contro i forti getti d&#8217;acqua, \u00e8 consentito un ingresso limitato.<\/li>\n<li>Protetto contro l&#8217;immersione fino a 1 metro di profondit\u00e0 per 30 minuti.<\/li>\n<\/ol>\n<\/div>\n<\/div>\n<div class=\"accordion\">\n<h2 class=\"accordion-header\"><strong>Cosa significano i simboli sul mio datalogger USB-LCD?  <\/strong><br \/>\n<i class=\"fas fa-chevron-circle-down\"><\/i><\/h2>\n<div class=\"accordion-content\">\n<ul>\n<li>Se quando si preme il pulsante sul display del data logger compare la scritta &#8220;&#8212;&#8220;, significa che il logger non sta registrando.<\/li>\n<li>PS&#8221; indica che il data logger \u00e8 in modalit\u00e0 Push-to-Start. Premendo il pulsante si avvia la sessione di registrazione dei dati.<\/li>\n<li>&#8216;dS&#8217; indica che il data logger \u00e8 in modalit\u00e0 Avvio ritardato. La sessione di registrazione dei dati inizier\u00e0 all&#8217;ora specificata al momento della configurazione del logger.<\/div>\n<\/div>\n<div class=\"accordion\">\n<h2 class=\"accordion-header\"><strong>Il sensore di CO nel mio EL-USB-CO\/EL-USB-CO300 ha una durata di conservazione?  <\/strong><strong><br \/>\n<\/strong><br \/>\n<i class=\"fas fa-chevron-circle-down\"><\/i><\/h2>\n<div class=\"accordion-content\">La durata del sensore di un logger EL-USB-CO\/CO300 \u00e8 in genere di 4 anni. Puoi trovare la data di scadenza esatta nel software EasyLog alla voce Stato attuale.<\/div>\n<\/div>\n<div class=\"accordion\">\n<h2 class=\"accordion-header\"><strong>Come posso controllare quante letture\/campioni ho effettuato con la mia GFX-D2?  <\/strong><strong><br \/>\n<\/strong><br \/>\n<i class=\"fas fa-chevron-circle-down\"><\/i><\/h2>\n<div class=\"accordion-content\">Premi il tasto i del dispositivo e naviga verso il basso fino all&#8217;ultima pagina.<\/div>\n<\/div>\n<div class=\"accordion\">\n<h2 class=\"accordion-header\"><strong>Il mio EL-USB Logger non si connette. Come posso controllare e risolvere i problemi di batteria e driver?  <\/strong><strong><br \/>\n<\/strong><br \/>\n<i class=\"fas fa-chevron-circle-down\"><\/i><\/h2>\n<div class=\"accordion-content\">Abbiamo preparato una guida sui problemi della batteria e del driver, consultala qui. <span style=\"text-decoration: underline;\"><strong><a href=\"\/wp-content\/uploads\/el-usb-range-includes-el-gfx-range-troubleshooting-1.pdf\" target=\"_blank\" rel=\"noopener\">qui.<\/a><\/strong><\/span><\/div>\n<\/div>\n<p>&nbsp;<\/p>\n","protected":false},"excerpt":{"rendered":"<p>&nbsp;<\/p>\n","protected":false},"author":2,"featured_media":0,"parent":35717,"menu_order":0,"comment_status":"closed","ping_status":"closed","template":"template-fullwidth.php","meta":{"_acf_changed":false,"content-type":"","_uag_custom_page_level_css":"","footnotes":""},"class_list":["post-35677","page","type-page","status-publish","hentry"],"acf":[],"spectra_custom_meta":{"hero_image":[""],"_hero_image":["field_64f1a7da7af44"],"_hero_h1":["field_64f19e1edd052"],"_hero_h2":["field_64f19e2ddd053"],"_hero_text":["field_64f19e42dd054"],"_hero_button_text":["field_64f19e4edd055"],"_hero_button_link":["field_64f19e5ddd056"],"_top_nav_excluded":[""],"_cms_nav_minihome":[""],"_wp_page_template":["template-fullwidth.php"],"_last_translation_edit_mode":["translation-editor"],"rank_math_og_content_image":["a:2:{s:5:\"check\";s:32:\"a7d5f9209a0cd91e598b5baab65d9f8d\";s:6:\"images\";a:1:{i:0;i:10717;}}"],"_edit_lock":["1721736794:8383"],"classic-editor-remember":["classic-editor"],"rank_math_seo_score":["19"],"_edit_last":["8383"],"hero_h1":[""],"hero_h2":[""],"hero_text":[""],"hero_button_text":[""],"hero_button_link":[""],"_wpml_media_duplicate":["1"],"_wpml_media_featured":["1"],"rank_math_title":["Supporto EL-USB | Supporto Data Logger USB | Supporto EasyLog"],"rank_math_description":["Se hai bisogno di assistenza per i Data Logger USB o sei curioso di conoscere i nostri Data Logger USB, leggi le nostre FAQ o chiama un membro del nostro team di vendita!"],"rank_math_focus_keyword":["Supporto del Data Logger USB"],"_wpml_word_count":["938"],"_uag_page_assets":["a:9:{s:3:\"css\";s:0:\"\";s:2:\"js\";s:0:\"\";s:18:\"current_block_list\";a:0:{}s:8:\"uag_flag\";b:0;s:11:\"uag_version\";s:10:\"1776254989\";s:6:\"gfonts\";a:0:{}s:10:\"gfonts_url\";s:0:\"\";s:12:\"gfonts_files\";a:0:{}s:14:\"uag_faq_layout\";b:0;}"]},"uagb_featured_image_src":{"full":false,"thumbnail":false,"medium":false,"medium_large":false,"large":false,"1536x1536":false,"2048x2048":false,"crunchify-admin-post-featured-image":false,"commercegurus-pdp-large":false,"commercegurus-plp-mobile":false,"cgkit_image_swatch":false,"woocommerce_thumbnail":false,"woocommerce_single":false,"woocommerce_gallery_thumbnail":false},"uagb_author_info":{"display_name":"Andy Price","author_link":"https:\/\/praxas.com\/it\/author\/andyp\/"},"uagb_comment_info":0,"uagb_excerpt":"&nbsp;","_links":{"self":[{"href":"https:\/\/praxas.com\/it\/wp-json\/wp\/v2\/pages\/35677","targetHints":{"allow":["GET"]}}],"collection":[{"href":"https:\/\/praxas.com\/it\/wp-json\/wp\/v2\/pages"}],"about":[{"href":"https:\/\/praxas.com\/it\/wp-json\/wp\/v2\/types\/page"}],"author":[{"embeddable":true,"href":"https:\/\/praxas.com\/it\/wp-json\/wp\/v2\/users\/2"}],"replies":[{"embeddable":true,"href":"https:\/\/praxas.com\/it\/wp-json\/wp\/v2\/comments?post=35677"}],"version-history":[{"count":7,"href":"https:\/\/praxas.com\/it\/wp-json\/wp\/v2\/pages\/35677\/revisions"}],"predecessor-version":[{"id":49842,"href":"https:\/\/praxas.com\/it\/wp-json\/wp\/v2\/pages\/35677\/revisions\/49842"}],"up":[{"embeddable":true,"href":"https:\/\/praxas.com\/it\/wp-json\/wp\/v2\/pages\/35717"}],"wp:attachment":[{"href":"https:\/\/praxas.com\/it\/wp-json\/wp\/v2\/media?parent=35677"}],"curies":[{"name":"wp","href":"https:\/\/api.w.org\/{rel}","templated":true}]}}