{"id":35707,"date":"2023-08-23T12:58:20","date_gmt":"2023-08-23T12:58:20","guid":{"rendered":"https:\/\/staging.praxas.com\/codice-di-condotta\/"},"modified":"2025-06-20T09:51:22","modified_gmt":"2025-06-20T09:51:22","slug":"codice-di-condotta","status":"publish","type":"page","link":"https:\/\/praxas.com\/it\/politiche-aziendali\/codice-di-condotta\/","title":{"rendered":"Codice di condotta"},"content":{"rendered":"<p>&nbsp;<\/p>\n<p>&nbsp;<\/p>\n<ol>\n<li><strong>Introduzione  <\/strong><\/li>\n<\/ol>\n<p><strong>Scopo  <\/strong><\/p>\n<p>Il presente Codice di Condotta \u00e8 una guida per i dipendenti di Praxas B.V. in relazione alla condotta etica in tutte le interazioni con colleghi, clienti e altri partner commerciali. Il documento definisce i nostri valori fondamentali di onest\u00e0, integrit\u00e0 e rispetto, le nostre responsabilit\u00e0 condivise e le indicazioni generali sulle aspettative dell&#8217;azienda.<\/p>\n<p>Promuoviamo la libert\u00e0 di espressione e la comunicazione aperta, ma ci aspettiamo che tutti i dipendenti rispettino il nostro Codice di Condotta.<\/p>\n<p>Questa politica non pu\u00f2 certo affrontare tutte le situazioni che si verificano sul lavoro. Pertanto, non sostituisce in alcun modo il nostro giudizio morale e imparziale e le nostre azioni oneste e premurose. Se si verifica una situazione sul lavoro e hai bisogno di indicazioni aggiuntive rispetto a questa politica, devi chiedere consiglio al tuo supervisore o al tuo manager.<\/p>\n<p><strong>Ambito di applicazione  <\/strong><\/p>\n<p>Il presente Codice di Condotta si applica a tutti i dipendenti di Praxas B.V. indipendentemente dal contratto di lavoro, dal grado o dalla sede. Il Codice si applica anche ai fornitori e alle terze parti che forniscono materiali e servizi all&#8217;Azienda, come consulenti, agenti, consiglieri, istituzioni e altri soggetti che agiscono per conto dell&#8217;Azienda. Gli affiliati di terze parti sono inoltre responsabili della segnalazione di eventuali violazioni di questa politica che osservano nei rapporti con l&#8217;Azienda.<\/p>\n<p><strong> <\/strong><\/p>\n<ol start=\"2\">\n<li><strong>Responsabilit\u00e0  <\/strong><\/li>\n<\/ol>\n<p><strong>Gestione<\/strong><\/p>\n<p>I leader senior, i direttori, i manager e i supervisori hanno il compito di fornire solidi esempi di condotta etica. I manager hanno anche la responsabilit\u00e0 di creare un ambiente aperto e solidale in cui i dipendenti si sentano a proprio agio nel sollevare dubbi etici e nel segnalare casi di cattiva condotta.<\/p>\n<p><strong>Dipendenti<\/strong><\/p>\n<p>Tutti i dipendenti devono trattare tutti in modo equo, mantenere il rispetto reciproco, promuovere un ambiente di squadra collaborativo ed evitare l&#8217;esecuzione e\/o l&#8217;apparenza di pratiche non etiche o compromettenti. Il comportamento dei dipendenti deve riflettere i valori e la cultura dell&#8217;azienda e non influenzare negativamente gli stakeholder dell&#8217;azienda. Tutti i dipendenti sono responsabili di:<\/p>\n<ul>\n<li>Applicare impegno e intelligenza per svolgere tutte le responsabilit\u00e0 lavorative in modo etico.<\/li>\n<li>Divulgare qualsiasi conflitto di interessi relativo alla propria posizione all&#8217;interno di Praxas B.V.<\/li>\n<li>Mantenere una condotta professionale nelle interazioni con altri dipendenti, clienti, venditori, agenti e qualsiasi altro interlocutore dell&#8217;azienda.<\/li>\n<\/ul>\n<p><strong> <\/strong><\/p>\n<ol start=\"3\">\n<li><strong>Rispetto ed etica sul posto di lavoro<\/strong><\/li>\n<\/ol>\n<p>Per lavorare in modo efficace, tutti noi abbiamo bisogno di un ambiente di lavoro sano e sicuro. I dipendenti devono conoscere la politica di Praxas B.V. Salute e Sicurezza dei Lavoratori. Offriamo un ambiente di lavoro privo di coercizione, discriminazione e molestie. Pertanto, il rispetto, l&#8217;inclusione e i valori etici condivisi sono al centro dei nostri valori fondamentali. Indipendentemente dal tuo reparto e dal tuo livello di autorit\u00e0, devi rispettare la nostra politica antidiscriminazione e anti-molestie in tutti gli aspetti del lavoro, dall&#8217;assunzione alla valutazione delle prestazioni, fino alle relazioni interpersonali.<\/p>\n<p>Tutte le forme di abuso di sostanze, cos\u00ec come l&#8217;uso o la distribuzione di droghe e alcolici durante il lavoro, sono severamente vietati.<\/p>\n<p><strong> <\/strong><\/p>\n<ol start=\"4\">\n<li><strong>Conformit\u00e0 alla legge<\/strong><\/li>\n<\/ol>\n<p>Praxas B.V. rispetta tutte le leggi, le norme e i regolamenti locali, nazionali o regionali in cui opera. Questo include le leggi relative alla schiavit\u00f9 moderna e alla tratta di esseri umani.<\/p>\n<p>Tutti i nostri dipendenti, e coloro che agiscono per nostro conto, devono tutelare la legalit\u00e0 dell&#8217;azienda. I dipendenti devono rispettare tutte le leggi in materia di ambiente, sicurezza e correttezza. Le violazioni della legge possono comportare danni significativi per l&#8217;azienda, tra cui sanzioni pecuniarie, negazione dei privilegi di contrattazione governativa, reclusione per condotta criminale e danni alle nostre relazioni commerciali e alla nostra reputazione. I dipendenti e coloro che agiscono per conto dell&#8217;azienda sono tenuti a essere etici e responsabili quando si occupano delle finanze, dei prodotti, delle partnership e dell&#8217;immagine pubblica dell&#8217;azienda.<\/p>\n<p><strong> <\/strong><\/p>\n<ol start=\"5\">\n<li><strong>Concorrenza leale<\/strong><\/li>\n<\/ol>\n<p>Praxas B.V. \u00e8 impegnata in una competizione etica, equa e vigorosa. Venderemo prodotti e servizi in base al loro merito, alla qualit\u00e0 superiore, alla funzionalit\u00e0 e ai prezzi competitivi. Prenderemo decisioni indipendenti in materia di prezzi e marketing e non collaboreremo o coordineremo impropriamente le nostre attivit\u00e0 con i nostri concorrenti. Non offriremo o solleciteremo pagamenti o regali impropri in relazione all&#8217;acquisto o alla vendita di beni o servizi che avvantaggino ingiustamente l&#8217;Azienda. Non intraprenderemo o assisteremo a boicottaggi illegali di clienti.<\/p>\n<p><strong> <\/strong><\/p>\n<ol start=\"6\">\n<li><strong>Protezione della propriet\u00e0 aziendale<\/strong><\/li>\n<\/ol>\n<p>Tutti i dipendenti devono trattare la propriet\u00e0 dell&#8217;azienda, sia materiale che immateriale, con rispetto e cura. I dipendenti non devono abusare delle attrezzature dell&#8217;azienda o usarle in modo futile e devono rispettare tutti i tipi di propriet\u00e0 incorporea. Ci\u00f2 include marchi, copyright, propriet\u00e0 intellettuale e altri beni (rapporti, informazioni, ecc.). I dipendenti devono usarli solo per portare a termine le loro mansioni lavorative. Inoltre, \u00e8 vietato l&#8217;uso dei nostri beni a scopo di lucro individuale o per qualsiasi scopo illegale, personale non autorizzato o non etico.<\/p>\n<p>L&#8217;Azienda non tollerer\u00e0 l&#8217;uso delle risorse aziendali per creare, accedere, archiviare, stampare, sollecitare o inviare materiali molesti, minacciosi, abusivi, sessualmente espliciti o altrimenti offensivi o inappropriati.<\/p>\n<p><strong> <\/strong><\/p>\n<ol start=\"7\">\n<li><strong>Frodi, integrit\u00e0 finanziaria e contabilit\u00e0<\/strong><\/li>\n<\/ol>\n<p>Nessun dipendente o candidato pu\u00f2 falsificare domande, registri, fatture, documenti, fogli di presenza, moduli di rimborso spese, timecard, questionari investigativi o qualsiasi altro documento. I dipendenti che si accorgono di aver falsificato o fatto dichiarazioni false o omissioni materiali su tali documenti saranno soggetti ad azioni disciplinari.<\/p>\n<p>Una documentazione finanziaria e aziendale accurata e affidabile \u00e8 di fondamentale importanza. Non devi intraprendere azioni che possano portare alla trasmissione di informazioni finanziarie false o inaccurate sulla nostra Societ\u00e0 o sui nostri clienti. L&#8217;utente \u00e8 tenuto a garantire che tutte le comunicazioni effettuate all&#8217;Azienda, ai clienti o a terzi per nostro conto siano complete e accurate.<\/p>\n<p><strong> <\/strong><\/p>\n<ol start=\"8\">\n<li><strong>Conflitto di interessi  <\/strong><\/li>\n<\/ol>\n<p>I dipendenti devono evitare situazioni che comportino un conflitto di interessi reale o potenziale, in modo da non mettere in discussione l&#8217;integrit\u00e0 dell&#8217;azienda. Esistono numerose situazioni che potrebbero generare un conflitto di interessi. I pi\u00f9 comuni includono:<\/p>\n<ul>\n<li>Accettare regali dai fornitori<\/li>\n<li>Impiego da parte di un&#8217;altra societ\u00e0 che sia cliente, fornitore o concorrente di Praxas B.V.<\/li>\n<li>La propriet\u00e0 di una parte significativa di un&#8217;altra societ\u00e0 o azienda che sia cliente, fornitore o concorrente di Praxas B.V.<\/li>\n<li>Rapporti stretti o familiari con i fornitori<\/li>\n<li>Comunicazioni e\/o collaborazioni con i concorrenti<\/li>\n<\/ul>\n<p>I dipendenti devono assicurarsi che le decisioni siano basate sul miglior interesse dell&#8217;azienda e che non siano in cambio di alcun vantaggio personale, diretto o indiretto.<\/p>\n<p><strong> <\/strong><\/p>\n<ol start=\"9\">\n<li><strong>Informazioni riservate<\/strong><\/li>\n<\/ol>\n<p>Per qualsiasi azienda, le informazioni riservate sono un bene e ogni direttore, dipendente e agente dell&#8217;azienda deve proteggerle. Le informazioni riservate comprendono tutte le informazioni non pubbliche relative a clienti, dipendenti e partner commerciali, nonch\u00e9 le informazioni personali ottenute da qualsiasi fonte durante l&#8217;attivit\u00e0. I dipendenti non devono cercare, accettare o utilizzare informazioni aziendali riservate di o da un concorrente.<\/p>\n<p><strong> <\/strong><\/p>\n<ol start=\"10\">\n<li><strong>Corruzione<\/strong><\/li>\n<\/ol>\n<p>La corruzione \u00e8 un reato penale e abbiamo una tolleranza zero nei confronti di regali inappropriati, accordi commerciali e transazioni che possono influenzare le decisioni aziendali. \u00c8 inoltre vietato a Praxas B.V. fare donazioni politiche.<\/p>\n<p>Scoraggiamo i dipendenti dall&#8217;accettare regali, intrattenimenti, mance e servizi da clienti o partner. Le eccezioni a questa regola includono le normali attivit\u00e0 commerciali come pasti e bevande, regali che hanno un valore simbolico minimo o regali legati al marketing. Sono esclusi anche i premi di pensionamento e i contributi a organizzazioni caritatevoli e no-profit riconosciute.<\/p>\n<p>Un dipendente che riceve, o un suo familiare riceve, un regalo non richiesto vietato da queste linee guida deve segnalarlo al proprio supervisore o responsabile.<\/p>\n<p><strong> <\/strong><\/p>\n<ol start=\"11\">\n<li><strong>Professionalit\u00e0<\/strong><\/li>\n<\/ol>\n<p>Tutti i dipendenti devono dimostrare integrit\u00e0 e professionalit\u00e0 sul posto di lavoro:<br \/>\n<strong>Aspetto personale<\/strong><br \/>\nTutti i dipendenti devono attenersi al nostro codice di abbigliamento e alle linee guida sull&#8217;aspetto personale.<\/p>\n<ul>\n<li><strong>Mansioni e autorit\u00e0<\/strong><br \/>\nTutti i dipendenti devono svolgere le proprie mansioni con integrit\u00e0 e rispetto nei confronti dei clienti, degli stakeholder e della comunit\u00e0. I supervisori e i manager non devono abusare della loro autorit\u00e0. Ci aspettiamo che deleghino i compiti ai membri del loro team tenendo conto delle loro competenze e del loro carico di lavoro. Allo stesso modo, ci aspettiamo che i membri del team seguano le istruzioni dei capisquadra e portino a termine i loro compiti con competenza e tempestivit\u00e0.<\/li>\n<li><strong>Assenteismo e ritardo<\/strong><br \/>\nI dipendenti devono rispettare gli orari. Possiamo fare delle eccezioni in caso di occasioni\/emergenze che impediscono ai dipendenti di rispettare gli orari o i giorni di lavoro standard, ma in generale ci aspettiamo che i dipendenti siano puntuali quando vanno e vengono dal lavoro. Tieni sempre informato il tuo manager di eventuali ritardi, modifiche alla giornata lavorativa o assenze dal lavoro.<\/li>\n<li><strong>Comunicazione<\/strong><br \/>\nTutti i dipendenti devono essere aperti e onesti nelle loro comunicazioni con i colleghi, i supervisori o i membri del team. Praxas B.V. apprezza il libero flusso di pensieri, idee, domande e preoccupazioni. I dipendenti devono essere amichevoli e collaborativi. Devono cercare di non disturbare il posto di lavoro e di non ostacolare il lavoro dei colleghi.<\/li>\n<\/ul>\n<p>Tutti i dipendenti coinvolti nella vendita dei nostri prodotti e servizi devono garantire che tutte le comunicazioni, le dichiarazioni e le affermazioni ai clienti siano accurate, complete e veritiere.<\/p>\n<p>I dipendenti possono essere contattati da giornalisti e altri membri dei media con richieste di informazioni sull&#8217;azienda. Per garantire che si parli con una sola voce e si forniscano informazioni accurate sull&#8217;azienda, i dipendenti devono indirizzare tutte le richieste dei media al reparto Marketing. Nessuno pu\u00f2 rilasciare un comunicato stampa senza aver prima consultato l&#8217;ufficio marketing.<\/p>\n<p>Praxas B.V. si aspetta che i dipendenti utilizzino i social media e le piattaforme di social networking in modo responsabile. Ci aspettiamo che l&#8217;utente rispetti la privacy degli altri dipendenti, clienti e partner commerciali e che si conformi alle leggi e alle linee guida governative che regolano i social media. Quando utilizzi qualsiasi forma di social media, devi rispettare il presente Codice di condotta. Non devi divulgare informazioni riservate sulla Societ\u00e0 o sui suoi dipendenti, appaltatori o fornitori terzi. Non dovrai agire per conto dell&#8217;Azienda per cause politiche o sociali, a meno che non ti venga chiesto espressamente di farlo.<\/p>\n<ul>\n<li><strong>Violenza sul luogo di lavoro<\/strong><br \/>\nPraxas B.V. si impegna a garantire un luogo di lavoro sicuro e protetto per i dipendenti, i clienti, i venditori e i visitatori. Praxas B.V. non tollera atti di violenza o minacce di violenza nei confronti di dipendenti, candidati, clienti, fornitori o partner commerciali. Non sono ammesse risse, parole minacciose o comportamenti aggressivi. Le armi di qualsiasi tipo sono severamente vietate e non sono consentite nei locali della Societ\u00e0, salvo quanto consentito dalle leggi o dai regolamenti locali.<\/li>\n<li><strong>Benefici<\/strong><br \/>\nCi aspettiamo che i dipendenti non abusino dei loro benefici lavorativi. Si tratta di ferie, assicurazioni, strutture, abbonamenti o altri benefici offerti dalla nostra azienda.<\/li>\n<li><strong>Politiche<\/strong><br \/>\nQuesta politica sar\u00e0 distribuita a tutti i dipendenti dall&#8217;ufficio Risorse Umane durante l&#8217;inserimento e\/o l&#8217;onboarding e successivamente ad eventuali revisioni. Saranno distribuite anche altre politiche pertinenti, in modo che tutti i dipendenti abbiano accesso alla lettura e al successivo rispetto delle politiche aziendali.<\/li>\n<\/ul>\n<p>&nbsp;<\/p>\n<p>In caso di dubbi, i dipendenti devono contattare l&#8217;ufficio Risorse Umane o un suo rappresentante, il loro diretto supervisore, un manager o un direttore dell&#8217;azienda.<\/p>\n<p><strong> <\/strong><\/p>\n<ol start=\"12\">\n<li><strong>Diversit\u00e0 e inclusione<\/strong><\/li>\n<\/ol>\n<p>Praxas B.V. \u00e8 un datore di lavoro che offre pari opportunit\u00e0 di impiego e si impegna a fornire un ambiente di lavoro privo di discriminazioni.<\/p>\n<p>Praxas B.V. non tollera molestie o discriminazioni. Qualsiasi dipendente o stakeholder che si senta molestato o discriminato deve riferire l&#8217;accaduto al proprio manager o all&#8217;ufficio Risorse Umane.<\/p>\n<p>I dipendenti devono rispettare la politica antidiscriminazione e anti-molestie di Praxas B.V..<\/p>\n<p><strong> <\/strong><\/p>\n<ol start=\"13\">\n<li><strong>Segnalazione di problemi e azioni disciplinari<\/strong><\/li>\n<\/ol>\n<p>La violazione di questo codice pu\u00f2 comportare gravi conseguenze per Praxas B.V., la sua immagine, la sua credibilit\u00e0 e la fiducia dei suoi clienti. Le violazioni possono portare a multe sostanziali e a restrizioni sulle future attivit\u00e0 dell&#8217;azienda, oltre che a potenziali multe e pene detentive per i singoli dipendenti.<\/p>\n<p>I dipendenti sono invitati a segnalare tempestivamente eventuali violazioni. Le segnalazioni devono essere fatte al supervisore o al responsabile del dipendente, oppure altrove, a seconda delle circostanze. L&#8217;Azienda indagher\u00e0 su tutti i casi segnalati di comportamento discutibile o non etico e non perpetrer\u00e0 o tollerer\u00e0 ritorsioni nei confronti dei dipendenti, a volte definiti &#8220;informatori&#8221;, che sollevano autentici dubbi sull&#8217;etica in buona fede.<\/p>\n<p>La nostra azienda potrebbe dover intraprendere azioni disciplinari contro i dipendenti che ripetutamente o intenzionalmente non rispettano il nostro Codice di Condotta. Le azioni disciplinari variano a seconda della gravit\u00e0 della violazione.<\/p>\n<p><strong>Le possibili conseguenze includono:<\/strong><\/p>\n<ul>\n<li>Retrocessione<\/li>\n<li>Ammonizione<\/li>\n<li>Sospensione o cessazione<\/li>\n<\/ul>\n<p>Possiamo intraprendere azioni legali in caso di corruzione, furto, appropriazione indebita o altri comportamenti illegali.<\/p>\n","protected":false},"excerpt":{"rendered":"<p>&nbsp; &nbsp; Introduzione Scopo Il presente Codice di Condotta \u00e8 una guida per i dipendenti di Praxas B.V. in relazione alla condotta etica in tutte le interazioni con colleghi, clienti e altri partner commerciali. Il documento definisce i nostri valori fondamentali di onest\u00e0, integrit\u00e0 e rispetto, le nostre responsabilit\u00e0 condivise e le indicazioni generali sulle [&hellip;]<\/p>\n","protected":false},"author":1,"featured_media":0,"parent":35708,"menu_order":1,"comment_status":"closed","ping_status":"closed","template":"template-fullwidth.php","meta":{"_acf_changed":false,"content-type":"","_uag_custom_page_level_css":"","footnotes":""},"class_list":["post-35707","page","type-page","status-publish","hentry"],"acf":[],"spectra_custom_meta":{"hero_image":[""],"_hero_image":["field_64f1a7da7af44"],"_hero_h1":["field_64f19e1edd052"],"_hero_h2":["field_64f19e2ddd053"],"_hero_text":["field_64f19e42dd054"],"_hero_button_text":["field_64f19e4edd055"],"_hero_button_link":["field_64f19e5ddd056"],"_top_nav_excluded":[""],"_cms_nav_minihome":[""],"_wp_page_template":["template-fullwidth.php"],"_last_translation_edit_mode":["translation-editor"],"_wpml_word_count":["2469"],"_uag_page_assets":["a:9:{s:3:\"css\";s:0:\"\";s:2:\"js\";s:0:\"\";s:18:\"current_block_list\";a:0:{}s:8:\"uag_flag\";b:0;s:11:\"uag_version\";s:10:\"1775742760\";s:6:\"gfonts\";a:0:{}s:10:\"gfonts_url\";s:0:\"\";s:12:\"gfonts_files\";a:0:{}s:14:\"uag_faq_layout\";b:0;}"]},"uagb_featured_image_src":{"full":false,"thumbnail":false,"medium":false,"medium_large":false,"large":false,"1536x1536":false,"2048x2048":false,"crunchify-admin-post-featured-image":false,"commercegurus-pdp-large":false,"commercegurus-plp-mobile":false,"cgkit_image_swatch":false,"woocommerce_thumbnail":false,"woocommerce_single":false,"woocommerce_gallery_thumbnail":false},"uagb_author_info":{"display_name":"AndyS","author_link":"https:\/\/praxas.com\/it\/author\/andys\/"},"uagb_comment_info":0,"uagb_excerpt":"&nbsp; &nbsp; Introduzione Scopo Il presente Codice di Condotta \u00e8 una guida per i dipendenti di Praxas B.V. in relazione alla condotta etica in tutte le interazioni con colleghi, clienti e altri partner commerciali. Il documento definisce i nostri valori fondamentali di onest\u00e0, integrit\u00e0 e rispetto, le nostre responsabilit\u00e0 condivise e le indicazioni generali sulle&hellip;","_links":{"self":[{"href":"https:\/\/praxas.com\/it\/wp-json\/wp\/v2\/pages\/35707","targetHints":{"allow":["GET"]}}],"collection":[{"href":"https:\/\/praxas.com\/it\/wp-json\/wp\/v2\/pages"}],"about":[{"href":"https:\/\/praxas.com\/it\/wp-json\/wp\/v2\/types\/page"}],"author":[{"embeddable":true,"href":"https:\/\/praxas.com\/it\/wp-json\/wp\/v2\/users\/1"}],"replies":[{"embeddable":true,"href":"https:\/\/praxas.com\/it\/wp-json\/wp\/v2\/comments?post=35707"}],"version-history":[{"count":2,"href":"https:\/\/praxas.com\/it\/wp-json\/wp\/v2\/pages\/35707\/revisions"}],"predecessor-version":[{"id":49848,"href":"https:\/\/praxas.com\/it\/wp-json\/wp\/v2\/pages\/35707\/revisions\/49848"}],"up":[{"embeddable":true,"href":"https:\/\/praxas.com\/it\/wp-json\/wp\/v2\/pages\/35708"}],"wp:attachment":[{"href":"https:\/\/praxas.com\/it\/wp-json\/wp\/v2\/media?parent=35707"}],"curies":[{"name":"wp","href":"https:\/\/api.w.org\/{rel}","templated":true}]}}