{"id":35793,"date":"2023-08-22T09:43:45","date_gmt":"2023-08-22T09:43:45","guid":{"rendered":"https:\/\/staging.praxas.com\/catena-del-freddo-easylog\/"},"modified":"2025-06-20T09:56:45","modified_gmt":"2025-06-20T09:56:45","slug":"catena-del-freddo-easylog","status":"publish","type":"page","link":"https:\/\/praxas.com\/it\/software\/software-easylog\/catena-del-freddo-easylog\/","title":{"rendered":"Catena del freddo EasyLog"},"content":{"rendered":"","protected":false},"excerpt":{"rendered":"","protected":false},"author":1,"featured_media":35796,"parent":36290,"menu_order":3,"comment_status":"closed","ping_status":"closed","template":"template-software.php","meta":{"_acf_changed":false,"content-type":"","_uag_custom_page_level_css":"","footnotes":""},"class_list":["post-35793","page","type-page","status-publish","has-post-thumbnail","hentry"],"acf":[],"spectra_custom_meta":{"hero_image":[""],"_hero_image":["field_64f1a7da7af44"],"_hero_h1":["field_64f19e1edd052"],"_hero_h2":["field_64f19e2ddd053"],"_hero_text":["field_64f19e42dd054"],"_hero_button_text":["field_64f19e4edd055"],"_hero_button_link":["field_64f19e5ddd056"],"_section_1_left_logo":["field_651e72281c3c5"],"_section_1_header_text":["field_651e7c25d75f7"],"_section_1_content":["field_651e75bf15788"],"_section_1_download_button_link":["field_651e75feff811"],"_section_2_header_text":["field_651e773b3573b"],"_section_2_content":["field_651e775b3573d"],"_section_3_header_text":["field_651e7df523dc1"],"_section_3_content":["field_651e7e0c23dc2"],"_top_nav_excluded":[""],"_cms_nav_minihome":[""],"_wp_page_template":["template-software.php"],"_thumbnail_id":["35796"],"_last_translation_edit_mode":["translation-editor"],"_edit_lock":["1721726231:8383"],"classic-editor-remember":["classic-editor"],"rank_math_seo_score":["56"],"_edit_last":["8383"],"section_2_content":[""],"hero_h1":[""],"hero_h2":[""],"hero_text":[""],"hero_button_text":[""],"hero_button_link":[""],"section_1_left_logo":["14549"],"_wpml_media_duplicate":["1"],"_wpml_media_featured":["1"],"_wpml_word_count":["4"],"rank_math_title":["Software per la catena del freddo EasyLog | Registratori di dati per la catena del freddo"],"rank_math_description":["Il software EasyLog per la catena del freddo viene fornito con la configurazione gratuita per tutti i data logger EL-CC-1 e EL-CC-2. Chiama per maggiori dettagli! "],"rank_math_focus_keyword":["catena del freddo easylog"],"section_1_header_text":["Catena del freddo EasyLog"],"section_1_content":["Versione 2.0 del software EasyLog Cold Chain, compatibile con Windows 10 e 11."],"section_1_download_button_link":["https:\/\/s3.amazonaws.com\/lascar_downloads\/EasyLog+CC+Installer.exe"],"section_2_header_text":["Benvenuti nel software per la catena del freddo EasyLog"],"section_3_header_text":["Caratteristiche"],"section_3_content":["<img class=\"alignleft wp-image-12619 size-medium\" src=\"https:\/\/praxas.com\/wp-content\/uploads\/cc-swscreens-300x270.png\" alt=\"Software per la catena del freddo EasyLog\" width=\"300\" height=\"270\">I data logger EL-CC Coldchain di Lascar vengono forniti con un software di configurazione gratuito per tutti i data logger della serie <strong><a href=\"https:\/\/praxas.com\/?s=EL-CC-1\">EL-CC-1<\/a><\/strong> e <strong><a href=\"https:\/\/praxas.com\/?s=EL-CC-2\">EL-CC-2<\/a> <\/strong>della gamma EL-CC-2.\n\nPoich\u00e9 i logger sono preconfigurati, non \u00e8 necessario alcuno step-up. Invece, \u00e8 sufficiente cliccare su <strong>Prime Logger<\/strong> per avviare la registrazione, su <strong>Save Data<\/strong> per scaricare i dati dal logger o su <strong>View Previous Data<\/strong> per vedere le sessioni di registrazione precedenti.\n\nI dati vengono scaricati nel software EasyLog in formato grafico. Passa il cursore sul grafico per vedere i log con data e ora. Esporta tutti i dati in Excel per ulteriori analisi o visualizza le statistiche medie su un periodo di tempo utilizzando il report di riepilogo di EasyLog.\n\n\u00a0"],"_uag_page_assets":["a:9:{s:3:\"css\";s:0:\"\";s:2:\"js\";s:0:\"\";s:18:\"current_block_list\";a:0:{}s:8:\"uag_flag\";b:0;s:11:\"uag_version\";s:10:\"1776254989\";s:6:\"gfonts\";a:0:{}s:10:\"gfonts_url\";s:0:\"\";s:12:\"gfonts_files\";a:0:{}s:14:\"uag_faq_layout\";b:0;}"]},"uagb_featured_image_src":{"full":["https:\/\/praxas.com\/wp-content\/uploads\/SoftwarePage_Icons_EL-CC.jpg",1200,630,false],"thumbnail":["https:\/\/praxas.com\/wp-content\/uploads\/SoftwarePage_Icons_EL-CC-150x150.jpg",150,150,true],"medium":["https:\/\/praxas.com\/wp-content\/uploads\/SoftwarePage_Icons_EL-CC-300x158.jpg",300,158,true],"medium_large":["https:\/\/praxas.com\/wp-content\/uploads\/SoftwarePage_Icons_EL-CC-768x403.jpg",768,403,true],"large":["https:\/\/praxas.com\/wp-content\/uploads\/SoftwarePage_Icons_EL-CC-1024x538.jpg",1024,538,true],"1536x1536":["https:\/\/praxas.com\/wp-content\/uploads\/SoftwarePage_Icons_EL-CC.jpg",1200,630,false],"2048x2048":["https:\/\/praxas.com\/wp-content\/uploads\/SoftwarePage_Icons_EL-CC.jpg",1200,630,false],"crunchify-admin-post-featured-image":["https:\/\/praxas.com\/wp-content\/uploads\/SoftwarePage_Icons_EL-CC-120x63.jpg",120,63,true],"commercegurus-pdp-large":["https:\/\/praxas.com\/wp-content\/uploads\/SoftwarePage_Icons_EL-CC-990x520.jpg",990,520,true],"commercegurus-plp-mobile":["https:\/\/praxas.com\/wp-content\/uploads\/SoftwarePage_Icons_EL-CC-441x232.jpg",441,232,true],"cgkit_image_swatch":["https:\/\/praxas.com\/wp-content\/uploads\/SoftwarePage_Icons_EL-CC-100x100.jpg",100,100,true],"woocommerce_thumbnail":["https:\/\/praxas.com\/wp-content\/uploads\/SoftwarePage_Icons_EL-CC-300x158.jpg",300,158,true],"woocommerce_single":["https:\/\/praxas.com\/wp-content\/uploads\/SoftwarePage_Icons_EL-CC-800x420.jpg",800,420,true],"woocommerce_gallery_thumbnail":["https:\/\/praxas.com\/wp-content\/uploads\/SoftwarePage_Icons_EL-CC-150x79.jpg",150,79,true]},"uagb_author_info":{"display_name":"AndyS","author_link":"https:\/\/praxas.com\/it\/author\/andys\/"},"uagb_comment_info":0,"uagb_excerpt":null,"_links":{"self":[{"href":"https:\/\/praxas.com\/it\/wp-json\/wp\/v2\/pages\/35793","targetHints":{"allow":["GET"]}}],"collection":[{"href":"https:\/\/praxas.com\/it\/wp-json\/wp\/v2\/pages"}],"about":[{"href":"https:\/\/praxas.com\/it\/wp-json\/wp\/v2\/types\/page"}],"author":[{"embeddable":true,"href":"https:\/\/praxas.com\/it\/wp-json\/wp\/v2\/users\/1"}],"replies":[{"embeddable":true,"href":"https:\/\/praxas.com\/it\/wp-json\/wp\/v2\/comments?post=35793"}],"version-history":[{"count":2,"href":"https:\/\/praxas.com\/it\/wp-json\/wp\/v2\/pages\/35793\/revisions"}],"predecessor-version":[{"id":38437,"href":"https:\/\/praxas.com\/it\/wp-json\/wp\/v2\/pages\/35793\/revisions\/38437"}],"up":[{"embeddable":true,"href":"https:\/\/praxas.com\/it\/wp-json\/wp\/v2\/pages\/36290"}],"wp:featuredmedia":[{"embeddable":true,"href":"https:\/\/praxas.com\/it\/wp-json\/wp\/v2\/media\/35796"}],"wp:attachment":[{"href":"https:\/\/praxas.com\/it\/wp-json\/wp\/v2\/media?parent=35793"}],"curies":[{"name":"wp","href":"https:\/\/api.w.org\/{rel}","templated":true}]}}