{"id":43375,"date":"2024-12-16T10:09:01","date_gmt":"2024-12-16T09:09:01","guid":{"rendered":"https:\/\/praxas.com\/easylog\/"},"modified":"2025-10-14T12:34:04","modified_gmt":"2025-10-14T10:34:04","slug":"easylog","status":"publish","type":"page","link":"https:\/\/praxas.com\/it\/easylog\/","title":{"rendered":"EasyLog"},"content":{"rendered":"\n<div class=\"wp-block-cover alignfull is-light\" style=\"min-height:850px;aspect-ratio:unset;\"><img loading=\"lazy\" decoding=\"async\" width=\"2450\" height=\"1330\" class=\"wp-block-cover__image-background wp-image-43347\" alt=\"EasyLog Brand landing page banner\" src=\"https:\/\/praxas.com\/wp-content\/uploads\/Praxas-EL-banner.jpg\" style=\"object-position:20% 50%\" data-object-fit=\"cover\" data-object-position=\"20% 50%\" srcset=\"https:\/\/praxas.com\/wp-content\/uploads\/Praxas-EL-banner.jpg 2450w, https:\/\/praxas.com\/wp-content\/uploads\/Praxas-EL-banner-300x163.jpg 300w, https:\/\/praxas.com\/wp-content\/uploads\/Praxas-EL-banner-1024x556.jpg 1024w, https:\/\/praxas.com\/wp-content\/uploads\/Praxas-EL-banner-768x417.jpg 768w, https:\/\/praxas.com\/wp-content\/uploads\/Praxas-EL-banner-1536x834.jpg 1536w, https:\/\/praxas.com\/wp-content\/uploads\/Praxas-EL-banner-2048x1112.jpg 2048w, https:\/\/praxas.com\/wp-content\/uploads\/Praxas-EL-banner-120x65.jpg 120w, https:\/\/praxas.com\/wp-content\/uploads\/Praxas-EL-banner-990x537.jpg 990w, https:\/\/praxas.com\/wp-content\/uploads\/Praxas-EL-banner-441x239.jpg 441w, https:\/\/praxas.com\/wp-content\/uploads\/Praxas-EL-banner-350x190.jpg 350w, https:\/\/praxas.com\/wp-content\/uploads\/Praxas-EL-banner-800x434.jpg 800w, https:\/\/praxas.com\/wp-content\/uploads\/Praxas-EL-banner-150x81.jpg 150w\" sizes=\"auto, (max-width: 2450px) 100vw, 2450px\" \/><span aria-hidden=\"true\" class=\"wp-block-cover__background has-cyan-bluish-gray-background-color has-background-dim-0 has-background-dim\"><\/span><div class=\"wp-block-cover__inner-container has-global-padding is-layout-constrained wp-container-core-cover-is-layout-a4c69c57 wp-block-cover-is-layout-constrained\">\n<div class=\"wp-block-columns is-layout-flex wp-container-core-columns-is-layout-28f84493 wp-block-columns-is-layout-flex\">\n<div class=\"wp-block-column is-layout-flow wp-block-column-is-layout-flow\" style=\"flex-basis:50%\">\n<figure class=\"wp-block-image alignleft size-full\"><img loading=\"lazy\" decoding=\"async\" width=\"200\" height=\"57\" src=\"https:\/\/praxas.com\/wp-content\/uploads\/el-logo_white_product_application-only_colour_cube_blue_text.png\" alt=\"Logo del marchio EasyLog\" class=\"wp-image-10467\" srcset=\"https:\/\/praxas.com\/wp-content\/uploads\/el-logo_white_product_application-only_colour_cube_blue_text.png 200w, https:\/\/praxas.com\/wp-content\/uploads\/el-logo_white_product_application-only_colour_cube_blue_text-120x34.png 120w, https:\/\/praxas.com\/wp-content\/uploads\/el-logo_white_product_application-only_colour_cube_blue_text-150x43.png 150w\" sizes=\"auto, (max-width: 200px) 100vw, 200px\" \/><\/figure>\n\n\n\n<div style=\"height:50px\" aria-hidden=\"true\" class=\"wp-block-spacer\"><\/div>\n\n\n\n<h1 class=\"wp-block-heading has-text-color has-link-color wp-elements-850eabdeefb19b5ae8251a306b6417bf\" style=\"color:#009ee0\">Semplificare la registrazione dei dati con EasyLog<\/h1>\n\n\n\n<div style=\"height:10px\" aria-hidden=\"true\" class=\"wp-block-spacer\"><\/div>\n\n\n\n<p class=\"has-black-color has-text-color has-link-color wp-elements-ef323f41b2e6b8468146ff55020f41a4\">EasyLog di <a href=\"https:\/\/lascarelectronics.com\/intl\/\" data-type=\"link\" data-id=\"https:\/\/lascarelectronics.com\/intl\/\" target=\"_blank\" rel=\"noopener\">Lascar Electronics<\/a> rende facile il monitoraggio ambientale. Progettati per applicazioni quali temperatura, umidit\u00e0 e qualit\u00e0 dell&#8217;aria, i dispositivi EasyLog forniscono dati precisi e affidabili per garantire la conformit\u00e0 e proteggere i tuoi prodotti. Dai semplici dispositivi USB ai modelli abilitati al Wi-Fi con integrazione cloud in tempo reale, EasyLog offre soluzioni per ogni esigenza di monitoraggio, mettendo a disposizione degli utenti una tecnologia innovativa e funzioni intuitive.  <\/p>\n\n\n\n<div class=\"wp-block-buttons is-content-justification-right is-layout-flex wp-container-core-buttons-is-layout-d445cf74 wp-block-buttons-is-layout-flex\">\n<div class=\"wp-block-button\"><a class=\"wp-block-button__link has-background wp-element-button\" href=\"https:\/\/praxas.com\/it\/tag-prodotto\/easylog-it\/\" style=\"border-radius:6px;background-color:#205d8f\"><strong>Esplora i prodotti<\/strong><\/a><\/div>\n\n\n\n<div class=\"wp-block-button is-style-outline is-style-outline--1\"><a class=\"wp-block-button__link has-text-color has-link-color wp-element-button\" href=\"https:\/\/praxas.com\/it\/contattaci\/\" style=\"border-radius:6px;color:#205d8f\"><strong>Parla con un esperto<\/strong><\/a><\/div>\n<\/div>\n\n\n\n<div style=\"height:100px\" aria-hidden=\"true\" class=\"wp-block-spacer\"><\/div>\n<\/div>\n\n\n\n<div class=\"wp-block-column is-layout-flow wp-block-column-is-layout-flow\"><\/div>\n<\/div>\n<\/div><\/div>\n\n<div class=\"wp-block-group alignfull has-background has-global-padding is-layout-constrained wp-container-core-group-is-layout-a4c69c57 wp-block-group-is-layout-constrained\" style=\"background-color:#205d8f\">\n<div style=\"height:20px\" aria-hidden=\"true\" class=\"wp-block-spacer\"><\/div>\n\n\n\n<h2 class=\"wp-block-heading has-text-align-center has-white-color has-text-color has-link-color wp-elements-553225b7dddc7e132fde2d4b84ce5d2e\">EasyLog &#8211; Una soluzione completa<\/h2>\n\n\n\n<p class=\"has-text-align-center has-white-color has-text-color has-link-color wp-elements-97aa1d6c070a69875af3e1e27fab0eac\">EasyLog combina funzionalit\u00e0 di monitoraggio avanzate con un design facile da usare per offrire una registrazione dei dati precisa e affidabile per le applicazioni critiche. Che si tratti di salvaguardare la conservazione dei vaccini, di mantenere l&#8217;integrit\u00e0 della catena del freddo o di monitorare la qualit\u00e0 dell&#8217;aria, EasyLog garantisce la conformit\u00e0 agli standard normativi e semplifica la raccolta dei dati e i rapporti. Con EasyLog sei sempre informato e in controllo, indipendentemente dall&#8217;ambiente o dal settore.  <\/p>\n\n\n\n<div style=\"height:50px\" aria-hidden=\"true\" class=\"wp-block-spacer\"><\/div>\n<\/div>\n\n<div class=\"wp-block-group alignfull has-global-padding is-layout-constrained wp-container-core-group-is-layout-a4c69c57 wp-block-group-is-layout-constrained\">\n<div style=\"height:30px\" aria-hidden=\"true\" class=\"wp-block-spacer\"><\/div>\n\n\n\n<div class=\"wp-block-columns is-layout-flex wp-container-core-columns-is-layout-28f84493 wp-block-columns-is-layout-flex\">\n<div class=\"wp-block-column is-layout-flow wp-block-column-is-layout-flow\">\n<h3 class=\"wp-block-heading has-text-color has-link-color wp-elements-785bc287df5a6115433fb1fea23be176\" style=\"color:#009ee0\">Rimani aggiornato<\/h3>\n\n\n\n<p>Iscriviti per ricevere gli ultimi aggiornamenti su EasyLog, comprese le novit\u00e0 sui prodotti, i consigli sulla conformit\u00e0 e le informazioni sul settore.<\/p>\n\n\n<p><script src=\"https:\/\/js.hsforms.net\/forms\/embed\/22752398.js\" defer><\/script><\/p>\n<div class=\"hs-form-frame\" data-region=\"na1\" data-form-id=\"75c615be-7a1a-4d83-85ea-0956aa97c930\" data-portal-id=\"22752398\"><\/div>\n<\/div>\n\n\n\n<div class=\"wp-block-column is-layout-flow wp-block-column-is-layout-flow\">\n<figure class=\"wp-block-image alignright size-full is-resized has-custom-border\"><img loading=\"lazy\" decoding=\"async\" width=\"1200\" height=\"1200\" src=\"https:\/\/praxas.com\/wp-content\/uploads\/Vaccine-Logger.jpg\" alt=\"\" class=\"wp-image-42851\" style=\"border-radius:15px;width:403px;height:auto\" srcset=\"https:\/\/praxas.com\/wp-content\/uploads\/Vaccine-Logger.jpg 1200w, https:\/\/praxas.com\/wp-content\/uploads\/Vaccine-Logger-300x300.jpg 300w, https:\/\/praxas.com\/wp-content\/uploads\/Vaccine-Logger-1024x1024.jpg 1024w, https:\/\/praxas.com\/wp-content\/uploads\/Vaccine-Logger-150x150.jpg 150w, https:\/\/praxas.com\/wp-content\/uploads\/Vaccine-Logger-768x768.jpg 768w, https:\/\/praxas.com\/wp-content\/uploads\/Vaccine-Logger-120x120.jpg 120w, https:\/\/praxas.com\/wp-content\/uploads\/Vaccine-Logger-990x990.jpg 990w, https:\/\/praxas.com\/wp-content\/uploads\/Vaccine-Logger-441x441.jpg 441w, https:\/\/praxas.com\/wp-content\/uploads\/Vaccine-Logger-100x100.jpg 100w, https:\/\/praxas.com\/wp-content\/uploads\/Vaccine-Logger-350x350.jpg 350w, https:\/\/praxas.com\/wp-content\/uploads\/Vaccine-Logger-800x800.jpg 800w\" sizes=\"auto, (max-width: 1200px) 100vw, 1200px\" \/><\/figure>\n<\/div>\n<\/div>\n<\/div>\n\n<div style=\"height:60px\" aria-hidden=\"true\" class=\"wp-block-spacer\"><\/div>\n\n<div class=\"wp-block-group alignfull has-global-padding is-layout-constrained wp-container-core-group-is-layout-a4c69c57 wp-block-group-is-layout-constrained\">\n<div class=\"wp-block-columns is-layout-flex wp-container-core-columns-is-layout-28f84493 wp-block-columns-is-layout-flex\">\n<div class=\"wp-block-column is-layout-flow wp-block-column-is-layout-flow\">\n<h4 class=\"wp-block-heading has-text-align-center has-text-color has-link-color has-large-font-size wp-elements-915ebc56981e7745da8deaa2029fc1af\" style=\"color:#009ee0\">Esplora i prodotti EasyLog<\/h4>\n\n\n<div class=\"woocommerce columns-3 \"><ul class=\"products columns-3\">\n<li class=\"product type-product post-36684 status-publish first instock product_cat-registratori-di-dati-di-temperatura product_tag-display-it product_tag-easylog-it product_tag-easylog-cloud-it product_tag-iot-it product_tag-sonda-esterna product_tag-termistore product_tag-wifi-it has-post-thumbnail taxable shipping-taxable purchasable product-type-simple\">\n\t<a href=\"https:\/\/praxas.com\/it\/product\/registratori-di-dati\/registratori-di-dati-di-temperatura\/el-wifi-tp-2\/\" class=\"woocommerce-LoopProduct-link woocommerce-loop-product__link\"><div class=\"product-inner\"><div class=\"product-content-catname\">Registratori di dati di temperatura<\/div><div class=\"woocommerce-image__wrapper\"><a href=\"https:\/\/praxas.com\/it\/product\/registratori-di-dati\/registratori-di-dati-di-temperatura\/el-wifi-tp-2\/\" title=\"EL-WiFi-TP\" class=\"woocommerce-LoopProduct-link woocommerce-loop-product__link\"><img loading=\"lazy\" decoding=\"async\" width=\"300\" height=\"173\" src=\"https:\/\/praxas.com\/wp-content\/uploads\/easylog-data-logger-EL-WiFi-TP_straight-3-300x173.png\" class=\"attachment-woocommerce_thumbnail size-woocommerce_thumbnail\" alt=\"Registratore di dati EL-WiFi-TP easylog\" srcset=\"https:\/\/praxas.com\/wp-content\/uploads\/easylog-data-logger-EL-WiFi-TP_straight-3-300x173.png 300w, https:\/\/praxas.com\/wp-content\/uploads\/easylog-data-logger-EL-WiFi-TP_straight-3-768x444.png 768w, https:\/\/praxas.com\/wp-content\/uploads\/easylog-data-logger-EL-WiFi-TP_straight-3-120x69.png 120w, https:\/\/praxas.com\/wp-content\/uploads\/easylog-data-logger-EL-WiFi-TP_straight-3-441x255.png 441w, https:\/\/praxas.com\/wp-content\/uploads\/easylog-data-logger-EL-WiFi-TP_straight-3-150x87.png 150w, https:\/\/praxas.com\/wp-content\/uploads\/easylog-data-logger-EL-WiFi-TP_straight-3.png 800w\" sizes=\"auto, (max-width: 360px) 147px, (max-width: 300px) 100vw, 300px\" \/>\t\t\t\n\t<\/a><\/div><div class=\"woocommerce-card__header\">\t\t\t\t\t<p class=\"product__categories\"><a href=\"https:\/\/praxas.com\/it\/categoria-prodotto\/registratori-di-dati\/registratori-di-dati-di-temperatura\/\" rel=\"tag\">Registratori di dati di temperatura<\/a><\/p>\t\t\t\t<div class=\"woocommerce-loop-product__title\"><a tabindex=\"0\" href=\"https:\/\/praxas.com\/it\/product\/registratori-di-dati\/registratori-di-dati-di-temperatura\/el-wifi-tp-2\/\" aria-label=\"EL-WiFi-TP\" class=\"woocommerce-LoopProduct-link woocommerce-loop-product__link\">EL-WiFi-TP<\/a><\/div>\n\t<span class=\"price\"><span class=\"woocommerce-Price-amount amount\"><bdi><span class=\"woocommerce-Price-currencySymbol\">&euro;<\/span>141,35<\/bdi><\/span> <small class=\"woocommerce-price-suffix\">ex. tax<\/small><\/span>\n<div class=\"card-short-description\"><!--WiFi Thermistor Probe Data Logger-->\nRegistratore di dati con sonda a termistore WiFi (da -40 a 125 \u00b0C)<\/div><\/a><a href=\"\/it\/wp-json\/wp\/v2\/pages\/43375?add-to-cart=36684\" aria-describedby=\"woocommerce_loop_add_to_cart_link_describedby_36684\" data-quantity=\"1\" class=\"button product_type_simple add_to_cart_button ajax_add_to_cart\" data-product_id=\"36684\" data-product_sku=\"EL-WiFi-TP\" aria-label=\"Aggiungi al carrello: &quot;EL-WiFi-TP&quot;\" rel=\"nofollow\" data-success_message=\"&quot;EL-WiFi-TP&quot; \u00e8 stato aggiunto al tuo carrello\" role=\"button\">Aggiungi al carrello<\/a>\t<span id=\"woocommerce_loop_add_to_cart_link_describedby_36684\" class=\"screen-reader-text\">\n\t\t\t<\/span>\n<span class=\"gtm4wp_productdata\" style=\"display:none; visibility:hidden;\" data-gtm4wp_product_data=\"{&quot;internal_id&quot;:36684,&quot;item_id&quot;:36684,&quot;item_name&quot;:&quot;EL-WiFi-TP&quot;,&quot;sku&quot;:&quot;EL-WiFi-TP&quot;,&quot;price&quot;:141.35,&quot;stocklevel&quot;:22,&quot;stockstatus&quot;:&quot;instock&quot;,&quot;google_business_vertical&quot;:&quot;retail&quot;,&quot;item_category&quot;:&quot;Registratori di dati di temperatura&quot;,&quot;id&quot;:36684,&quot;productlink&quot;:&quot;https:\\\/\\\/praxas.com\\\/it\\\/product\\\/registratori-di-dati\\\/registratori-di-dati-di-temperatura\\\/el-wifi-tp-2\\\/&quot;,&quot;item_list_name&quot;:&quot;General Product List&quot;,&quot;index&quot;:1,&quot;product_type&quot;:&quot;simple&quot;,&quot;item_brand&quot;:&quot;&quot;}\"><\/span><\/div><div class=\"product-card-footer\"><\/div><\/div><\/li>\n<li class=\"product type-product post-42517 status-publish instock product_cat-temperatura-e-umidita product_tag-easylog-it product_tag-easylog-cloud-it product_tag-el-iot-it product_tag-sonda-esterna product_tag-sonde-intelligenti has-post-thumbnail taxable shipping-taxable purchasable product-type-simple\">\n\t<a href=\"https:\/\/praxas.com\/it\/product\/registratori-di-dati\/temperatura-e-umidita\/el-iot-sp-th\/\" class=\"woocommerce-LoopProduct-link woocommerce-loop-product__link\"><div class=\"product-inner\"><div class=\"product-content-catname\">Temperatura e umidit\u00e0<\/div><div class=\"woocommerce-image__wrapper\"><a href=\"https:\/\/praxas.com\/it\/product\/registratori-di-dati\/temperatura-e-umidita\/el-iot-sp-th\/\" title=\"EL-IOT-SP-TH\" class=\"woocommerce-LoopProduct-link woocommerce-loop-product__link\"><img loading=\"lazy\" decoding=\"async\" width=\"350\" height=\"203\" src=\"https:\/\/praxas.com\/wp-content\/uploads\/EL-IOT-TH-Probe-black-1-350x203.png\" class=\"attachment-woocommerce_thumbnail size-woocommerce_thumbnail\" alt=\"EL-IOT-SP-TH\" srcset=\"https:\/\/praxas.com\/wp-content\/uploads\/EL-IOT-TH-Probe-black-1-350x203.png 350w, https:\/\/praxas.com\/wp-content\/uploads\/EL-IOT-TH-Probe-black-1-300x174.png 300w, https:\/\/praxas.com\/wp-content\/uploads\/EL-IOT-TH-Probe-black-1-768x444.png 768w, https:\/\/praxas.com\/wp-content\/uploads\/EL-IOT-TH-Probe-black-1-120x69.png 120w, https:\/\/praxas.com\/wp-content\/uploads\/EL-IOT-TH-Probe-black-1-441x255.png 441w, https:\/\/praxas.com\/wp-content\/uploads\/EL-IOT-TH-Probe-black-1-150x87.png 150w, https:\/\/praxas.com\/wp-content\/uploads\/EL-IOT-TH-Probe-black-1.png 800w\" sizes=\"auto, (max-width: 360px) 147px, (max-width: 350px) 100vw, 350px\" \/>\t\t\t\n\t<\/a><\/div><div class=\"woocommerce-card__header\">\t\t\t\t\t<p class=\"product__categories\"><a href=\"https:\/\/praxas.com\/it\/categoria-prodotto\/registratori-di-dati\/temperatura-e-umidita\/\" rel=\"tag\">Temperatura e umidit\u00e0<\/a><\/p>\t\t\t\t<div class=\"woocommerce-loop-product__title\"><a tabindex=\"0\" href=\"https:\/\/praxas.com\/it\/product\/registratori-di-dati\/temperatura-e-umidita\/el-iot-sp-th\/\" aria-label=\"EL-IOT-SP-TH\" class=\"woocommerce-LoopProduct-link woocommerce-loop-product__link\">EL-IOT-SP-TH<\/a><\/div>\n\t<span class=\"price\"><span class=\"woocommerce-Price-amount amount\"><bdi><span class=\"woocommerce-Price-currencySymbol\">&euro;<\/span>123,85<\/bdi><\/span> <small class=\"woocommerce-price-suffix\">ex. tax<\/small><\/span>\n<div class=\"card-short-description\"><ul>\n \t<li>Registratore di sonde intelligenti Temp e RH<\/li>\n \t<li>Da -30 a +80\u00b0C \/0-100% RH<\/li>\n \t<li>Allarmi via e-mail e SMS in tempo reale<\/li>\n \t<li>Avvisi visivi e acustici<\/li>\n \t<li>Caricamento automatico dei dati su EasyLog Cloud<\/li>\n<\/ul><\/div><\/a><a href=\"\/it\/wp-json\/wp\/v2\/pages\/43375?add-to-cart=42517\" aria-describedby=\"woocommerce_loop_add_to_cart_link_describedby_42517\" data-quantity=\"1\" class=\"button product_type_simple add_to_cart_button ajax_add_to_cart\" data-product_id=\"42517\" data-product_sku=\"EL-IOT-SP-TH\" aria-label=\"Aggiungi al carrello: &quot;EL-IOT-SP-TH&quot;\" rel=\"nofollow\" data-success_message=\"&quot;EL-IOT-SP-TH&quot; \u00e8 stato aggiunto al tuo carrello\" role=\"button\">Aggiungi al carrello<\/a>\t<span id=\"woocommerce_loop_add_to_cart_link_describedby_42517\" class=\"screen-reader-text\">\n\t\t\t<\/span>\n<span class=\"gtm4wp_productdata\" style=\"display:none; visibility:hidden;\" data-gtm4wp_product_data=\"{&quot;internal_id&quot;:42517,&quot;item_id&quot;:42517,&quot;item_name&quot;:&quot;EL-IOT-SP-TH&quot;,&quot;sku&quot;:&quot;EL-IOT-SP-TH&quot;,&quot;price&quot;:123.85,&quot;stocklevel&quot;:null,&quot;stockstatus&quot;:&quot;instock&quot;,&quot;google_business_vertical&quot;:&quot;retail&quot;,&quot;item_category&quot;:&quot;Temperatura e umidit\\u00e0&quot;,&quot;id&quot;:42517,&quot;productlink&quot;:&quot;https:\\\/\\\/praxas.com\\\/it\\\/product\\\/registratori-di-dati\\\/temperatura-e-umidita\\\/el-iot-sp-th\\\/&quot;,&quot;item_list_name&quot;:&quot;General Product List&quot;,&quot;index&quot;:2,&quot;product_type&quot;:&quot;simple&quot;,&quot;item_brand&quot;:&quot;&quot;}\"><\/span><\/div><div class=\"product-card-footer\"><\/div><\/div><\/li>\n<\/ul>\n<\/div>\n\n\n\n<div class=\"wp-block-buttons is-content-justification-center is-layout-flex wp-container-core-buttons-is-layout-a89b3969 wp-block-buttons-is-layout-flex\">\n<div class=\"wp-block-button\"><a class=\"wp-block-button__link has-background wp-element-button\" href=\"https:\/\/praxas.com\/it\/tag-prodotto\/easylog-it\/\" style=\"border-radius:6px;background-color:#009ee0\"><strong>Esplora i prodotti EasyLog<\/strong><\/a><\/div>\n<\/div>\n<\/div>\n<\/div>\n<\/div>\n\n<div style=\"height:80px\" aria-hidden=\"true\" class=\"wp-block-spacer\"><\/div>\n\n<div class=\"wp-block-group alignfull has-global-padding is-layout-constrained wp-container-core-group-is-layout-a4c69c57 wp-block-group-is-layout-constrained\">\n<div class=\"wp-block-columns is-layout-flex wp-container-core-columns-is-layout-28f84493 wp-block-columns-is-layout-flex\">\n<div class=\"wp-block-column has-background is-layout-flow wp-block-column-is-layout-flow\" style=\"background-color:#e5e5e5;padding-top:var(--wp--preset--spacing--medium);padding-right:var(--wp--preset--spacing--medium);padding-bottom:var(--wp--preset--spacing--medium);padding-left:var(--wp--preset--spacing--medium)\">\n<h5 class=\"wp-block-heading has-text-align-center has-text-color has-link-color has-large-font-size wp-elements-f6449d51f685d87b23ad15ec56eb970c\" style=\"color:#009ee0\">EasyLog Cloud &#8211; Monitoraggio semplificato basato sul cloud<\/h5>\n\n\n\n<div class=\"wp-block-columns is-layout-flex wp-container-core-columns-is-layout-28f84493 wp-block-columns-is-layout-flex\">\n<div class=\"wp-block-column is-layout-flow wp-block-column-is-layout-flow\" style=\"flex-basis:33.33%\">\n<figure class=\"wp-block-image size-full has-custom-border\"><img loading=\"lazy\" decoding=\"async\" width=\"2048\" height=\"2048\" src=\"https:\/\/praxas.com\/wp-content\/uploads\/PraxasCloud.jpg\" alt=\"Pagina di atterraggio di PraxasCloud EasyLog\" class=\"wp-image-43353\" style=\"border-radius:15px;aspect-ratio:1;object-fit:cover\" srcset=\"https:\/\/praxas.com\/wp-content\/uploads\/PraxasCloud.jpg 2048w, https:\/\/praxas.com\/wp-content\/uploads\/PraxasCloud-300x300.jpg 300w, https:\/\/praxas.com\/wp-content\/uploads\/PraxasCloud-1024x1024.jpg 1024w, https:\/\/praxas.com\/wp-content\/uploads\/PraxasCloud-150x150.jpg 150w, https:\/\/praxas.com\/wp-content\/uploads\/PraxasCloud-768x768.jpg 768w, https:\/\/praxas.com\/wp-content\/uploads\/PraxasCloud-1536x1536.jpg 1536w, https:\/\/praxas.com\/wp-content\/uploads\/PraxasCloud-120x120.jpg 120w, https:\/\/praxas.com\/wp-content\/uploads\/PraxasCloud-990x990.jpg 990w, https:\/\/praxas.com\/wp-content\/uploads\/PraxasCloud-441x441.jpg 441w, https:\/\/praxas.com\/wp-content\/uploads\/PraxasCloud-100x100.jpg 100w, https:\/\/praxas.com\/wp-content\/uploads\/PraxasCloud-350x350.jpg 350w, https:\/\/praxas.com\/wp-content\/uploads\/PraxasCloud-800x800.jpg 800w\" sizes=\"auto, (max-width: 2048px) 100vw, 2048px\" \/><\/figure>\n<\/div>\n\n\n\n<div class=\"wp-block-column is-layout-flow wp-block-column-is-layout-flow\" style=\"flex-basis:66.66%\">\n<p>Prova la gestione dei dati basata sul cloud con EasyLog Cloud. Specificamente progettato per integrarsi senza problemi con i dispositivi EasyLog, il cloud fornisce: <\/p>\n\n\n\n<ul class=\"wp-block-list\">\n<li><strong>Monitoraggio remoto<\/strong>: Accedi ai dati in tempo reale da qualsiasi luogo.<\/li>\n\n\n\n<li><strong>Avvisi personalizzati<\/strong>: Rimani informato con notifiche istantanee sui cambiamenti critici.<\/li>\n\n\n\n<li><strong>Storage sicuro e illimitato<\/strong>: Tieni al sicuro i tuoi dati con un solido sistema di archiviazione in cloud.<\/li>\n\n\n\n<li><strong>Conformit\u00e0 facile<\/strong>: Genera e gestisci report pronti per la revisione senza sforzo.<\/li>\n<\/ul>\n\n\n\n<p>Dalla conservazione dei vaccini alla gestione della catena del freddo, EasyLog Cloud migliora la tua esperienza di monitoraggio, garantendo precisione, conformit\u00e0 e controllo.<\/p>\n\n\n\n<div class=\"wp-block-buttons is-content-justification-right is-layout-flex wp-container-core-buttons-is-layout-d445cf74 wp-block-buttons-is-layout-flex\">\n<div class=\"wp-block-button\"><a class=\"wp-block-button__link has-background has-text-align-center wp-element-button\" href=\"https:\/\/praxas.com\/it\/easylog-cloud-it\/\" style=\"border-radius:6px;background-color:#009ee0\"><strong>Per saperne di pi\u00f9<\/strong><\/a><\/div>\n\n\n\n<div class=\"wp-block-button is-style-outline is-style-outline--2\"><a class=\"wp-block-button__link has-text-color has-link-color has-text-align-center wp-element-button\" href=\"https:\/\/www.easylogcloud.com\/\" style=\"border-radius:6px;color:#009ee0\" target=\"_blank\" rel=\"noreferrer noopener\"><strong>Iscriviti<\/strong><\/a><\/div>\n<\/div>\n<\/div>\n<\/div>\n<\/div>\n<\/div>\n<\/div>\n\n<div style=\"height:80px\" aria-hidden=\"true\" class=\"wp-block-spacer\"><\/div>\n","protected":false},"excerpt":{"rendered":"<p>EasyLog &#8211; Una soluzione completa EasyLog combina funzionalit\u00e0 di monitoraggio avanzate con un design facile da usare per offrire una registrazione dei dati precisa e affidabile per le applicazioni critiche. Che si tratti di salvaguardare la conservazione dei vaccini, di mantenere l&#8217;integrit\u00e0 della catena del freddo o di monitorare la qualit\u00e0 dell&#8217;aria, EasyLog garantisce la [&hellip;]<\/p>\n","protected":false},"author":8383,"featured_media":0,"parent":0,"menu_order":0,"comment_status":"closed","ping_status":"closed","template":"template-fullwidth-no-heading.php","meta":{"_acf_changed":false,"content-type":"","_uag_custom_page_level_css":"","footnotes":""},"class_list":["post-43375","page","type-page","status-publish","hentry"],"acf":[],"spectra_custom_meta":{"hero_image":[""],"_hero_image":["field_64f1a7da7af44"],"_hero_h1":["field_64f19e1edd052"],"_hero_h2":["field_64f19e2ddd053"],"_hero_text":["field_64f19e42dd054"],"_hero_button_text":["field_64f19e4edd055"],"_hero_button_link":["field_64f19e5ddd056"],"_top_nav_excluded":[""],"_cms_nav_minihome":[""],"_wp_page_template":["template-fullwidth-no-heading.php"],"_last_translation_edit_mode":["translation-editor"],"rank_math_analytic_object_id":["803"],"rank_math_og_content_image":["a:2:{s:5:\"check\";s:32:\"95625f66dc71e5ccefb5994c671d3e02\";s:6:\"images\";a:1:{i:0;i:43347;}}"],"_wpml_word_count":["373"],"rank_math_title":["EasyLog: Registrazione dati affidabile %sep% %sitename%"],"rank_math_focus_keyword":["EasyLog"],"_uag_css_file_name":["uag-css-43375.css"],"_uag_page_assets":["a:9:{s:3:\"css\";s:263:\".uag-blocks-common-selector{z-index:var(--z-index-desktop) !important}@media (max-width: 976px){.uag-blocks-common-selector{z-index:var(--z-index-tablet) !important}}@media (max-width: 767px){.uag-blocks-common-selector{z-index:var(--z-index-mobile) !important}}\n\";s:2:\"js\";s:0:\"\";s:18:\"current_block_list\";a:13:{i:0;s:10:\"core\/cover\";i:1;s:12:\"core\/columns\";i:2;s:11:\"core\/column\";i:3;s:10:\"core\/image\";i:4;s:11:\"core\/spacer\";i:5;s:12:\"core\/heading\";i:6;s:14:\"core\/paragraph\";i:7;s:12:\"core\/buttons\";i:8;s:11:\"core\/button\";i:9;s:10:\"core\/group\";i:10;s:14:\"core\/shortcode\";i:11;s:9:\"core\/list\";i:12;s:14:\"core\/list-item\";}s:8:\"uag_flag\";b:0;s:11:\"uag_version\";s:10:\"1777885450\";s:6:\"gfonts\";a:0:{}s:10:\"gfonts_url\";s:0:\"\";s:12:\"gfonts_files\";a:0:{}s:14:\"uag_faq_layout\";b:0;}"]},"uagb_featured_image_src":{"full":false,"thumbnail":false,"medium":false,"medium_large":false,"large":false,"1536x1536":false,"2048x2048":false,"crunchify-admin-post-featured-image":false,"commercegurus-pdp-large":false,"commercegurus-plp-mobile":false,"cgkit_image_swatch":false,"woocommerce_thumbnail":false,"woocommerce_single":false,"woocommerce_gallery_thumbnail":false},"uagb_author_info":{"display_name":"Alex James","author_link":"https:\/\/praxas.com\/it\/author\/alex\/"},"uagb_comment_info":0,"uagb_excerpt":"EasyLog &#8211; Una soluzione completa EasyLog combina funzionalit\u00e0 di monitoraggio avanzate con un design facile da usare per offrire una registrazione dei dati precisa e affidabile per le applicazioni critiche. Che si tratti di salvaguardare la conservazione dei vaccini, di mantenere l&#8217;integrit\u00e0 della catena del freddo o di monitorare la qualit\u00e0 dell&#8217;aria, EasyLog garantisce la&hellip;","_links":{"self":[{"href":"https:\/\/praxas.com\/it\/wp-json\/wp\/v2\/pages\/43375","targetHints":{"allow":["GET"]}}],"collection":[{"href":"https:\/\/praxas.com\/it\/wp-json\/wp\/v2\/pages"}],"about":[{"href":"https:\/\/praxas.com\/it\/wp-json\/wp\/v2\/types\/page"}],"author":[{"embeddable":true,"href":"https:\/\/praxas.com\/it\/wp-json\/wp\/v2\/users\/8383"}],"replies":[{"embeddable":true,"href":"https:\/\/praxas.com\/it\/wp-json\/wp\/v2\/comments?post=43375"}],"version-history":[{"count":8,"href":"https:\/\/praxas.com\/it\/wp-json\/wp\/v2\/pages\/43375\/revisions"}],"predecessor-version":[{"id":51946,"href":"https:\/\/praxas.com\/it\/wp-json\/wp\/v2\/pages\/43375\/revisions\/51946"}],"wp:attachment":[{"href":"https:\/\/praxas.com\/it\/wp-json\/wp\/v2\/media?parent=43375"}],"curies":[{"name":"wp","href":"https:\/\/api.w.org\/{rel}","templated":true}]}}