{"id":34349,"date":"2023-07-27T03:14:00","date_gmt":"2023-07-27T01:14:00","guid":{"rendered":"https:\/\/staging.praxas.com\/product\/senza-categoria\/el-wifi-th\/"},"modified":"2025-10-14T16:44:59","modified_gmt":"2025-10-14T14:44:59","slug":"el-wifi-th","status":"publish","type":"product","link":"https:\/\/praxas.com\/it\/product\/registratori-di-dati\/temperatura-e-umidita\/el-wifi-th\/","title":{"rendered":"EL-WiFi-TH+"},"content":{"rendered":"<p>Questo registratore di dati di temperatura, umidit\u00e0 e punto di rugiada ad alta precisione, abilitato al WiFi, \u00e8 in grado di monitorare da remoto un ambiente con un intervallo di misurazione da -20 a +60\u00b0C (da -4 a +140\u00b0F) e da 0 a 100% RH. I dati vengono caricati periodicamente tramite una rete WiFi standard su EasyLog Cloud. <strong><br \/>\n  <a href=\"https:\/\/praxas.com\/en\/easylog-cloud\/\">EasyLog Cloud<\/a><br \/>\n<\/strong> o a un singolo PC host.<\/p>\n<p>EasyLog Cloud consente di accedere a ogni data logger e ai dati raccolti da qualsiasi dispositivo abilitato a internet. Modifica le impostazioni del data logger da remoto, ricevi avvisi via e-mail sulle condizioni di allarme, collega i sensori di pi\u00f9 siti a un unico account e assegna diversi privilegi agli utenti.<\/p>\n<p>Il dispositivo memorizza i dati internamente se perde la connessione WiFi e li carica automaticamente sul Cloud una volta ricollegato.<\/p>\n<p>Utilizza il <strong><br \/>\n  <a href=\"https:\/\/praxas.com\/en\/easylog-cloud\/\">EasyLog Cloud<\/a><br \/>\n<\/strong> per Android e Apple per configurare facilmente il tuo dispositivo e accedere ai tuoi dati in qualsiasi momento e ovunque.<\/p>\n<p>Questo prodotto \u00e8 conforme alla norma BS EN 12830:2018 (Registratori di temperatura per il trasporto, lo stoccaggio e la distribuzione di merci sensibili alla temperatura).<\/p>\n","protected":false},"excerpt":{"rendered":"<p>Data Logger WiFi Temp e RH ad alta precisione (da -20 a +60\u00b0C)<\/p>\n","protected":false},"featured_media":34350,"template":"","meta":{"_acf_changed":false,"content-type":"","_uag_custom_page_level_css":""},"product_brand":[],"product_cat":[1880],"product_tag":[1883,1884,1882,2436,1887,1886,1885,1881],"class_list":{"0":"post-34349","1":"product","2":"type-product","3":"status-publish","4":"has-post-thumbnail","6":"product_cat-temperatura-e-umidita","7":"product_tag-allarme","8":"product_tag-alta-precisione","9":"product_tag-display-it","10":"product_tag-easylog-it","11":"product_tag-easylog-cloud-it","12":"product_tag-iot-it","13":"product_tag-sensore-interno","14":"product_tag-wifi-it","16":"first","17":"instock","18":"taxable","19":"shipping-taxable","20":"purchasable","21":"product-type-simple"},"bundled_by":[],"bundle_stock_status":"instock","bundle_stock_quantity":16,"bundle_virtual":false,"bundle_layout":"","bundle_add_to_cart_form_location":"","bundle_editable_in_cart":false,"bundle_sold_individually_context":"","bundle_item_grouping":"","bundle_min_size":"","bundle_max_size":"","bundle_price":[],"bundled_items":[],"bundle_sell_ids":[],"acf":[],"spectra_custom_meta":{"_download_limit":["-1","-1"],"_download_expiry":["-1","-1"],"_downloadable":["no","no"],"_sku":["EL-WiFi-TH+","EL-WiFi-TH+"],"_stock_status":["instock","instock","instock","instock","instock","instock","instock"],"_sold_individually":["no","no"],"_tax_class":["",""],"_tax_status":["taxable","taxable"],"_virtual":["no","no"],"_weight":["0.187"],"_width":["0"],"_height":["0"],"_length":["0"],"total_sales":["76","76"],"_product_datasheet":["field_650ad7d6ea3a0"],"connectivity":["WiFi"],"_connectivity":["field_64dce263bb57c"],"brand":["EasyLog"],"_brand":["field_64ddf62ed2593"],"_brand_image":["field_650c5e7c84cae"],"_specifications_table":["field_65044e1db92a8"],"_display_data_alarm":["field_667d647bcb066"],"_resources":["field_650849c6945ee"],"_accessories":["field_650849e6945f0"],"_faqs":["field_650859523d8d5"],"_calibration_suitable_ids_gb":["field_654b4c4acb54a"],"_calibration_suitable_ids_us":["field_654b4c56cb54b"],"_show_in_calibration_suitable":["field_654cfb691d345"],"_shipping":["field_66852535c98a5"],"_refrigerant_cabinet":["field_66852557c98a6"],"_usd_price_4":["field_651570dcac479"],"_usd_price_9":["field_6515713eb4807"],"_usd_price_24":["field_65157141b4809"],"_usd_price_49":["field_65157140b4808"],"_usd_price_99":["field_6515715bb480a"],"_gbp_price_4":["field_6515716e83bfa"],"_gbp_price_9":["field_6515724783bfb"],"_gbp_price_24":["field_6515724b83bfc"],"_gbp_price_49":["field_6515725983bfd"],"_gbp_price_99":["field_6515725d83bfe"],"_usdhk_price_4":["field_6515726f83bff"],"_usdhk_price_9":["field_6515727c83c00"],"_usdhk_price_24":["field_6515728083c01"],"_usdhk_price_49":["field_6515728983c02"],"_usdhk_price_99":["field_6515728e83c03"],"stock_options":["In stock"],"_stock_options":["field_6544b605dc7f9"],"_top_nav_excluded":[""],"_cms_nav_minihome":[""],"wcml_sync_hash":["a:1:{s:15:\"postmeta_fields\";s:32:\"03edadabd53c028e19953a183b5a71f7\";}"],"attr_label_translations":["a:0:{}"],"_product_image_gallery":["34351,34352"],"_thumbnail_id":["34350"],"_crosssell_ids":["a:0:{}"],"_stock":["16.000000"],"_main_specifications":["field_66855b25b1245"],"_last_translation_edit_mode":["translation-editor"],"calibration":[""],"_edit_lock":["1721816667:8383"],"classic-editor-remember":["classic-editor"],"rank_math_seo_score":["75"],"_edit_last":["8383"],"commercekit_gallery_layout":[""],"commercekit_disable_sticky_atc":["0"],"commercekit_wc_video_gallery":["a:0:{}"],"_rank_math_gtin_code":[""],"_wcml_average_rating":[null],"_wcml_review_count":[null],"_wcml_rating_count":[null],"_wc_average_rating":[0],"_wc_review_count":["0"],"_product_version":["9.1.2"],"display_data_alarm":[""],"calibration_suitable_ids_gb":[""],"calibration_suitable_ids_us":[""],"show_in_calibration_suitable":[""],"other_features":[""],"shipping":[""],"refrigerant_cabinet":[""],"main_specifications":[""],"shoptimizer_layout_pdp_short_description_position":["default"],"rank_math_primary_product_cat":["0"],"product_datasheet":["10469"],"brand_image":["10467"],"_wpml_media_duplicate":["1"],"_wpml_media_featured":["1"],"_product_attributes":["a:2:{s:16:\"pa_product-brand\";a:6:{s:4:\"name\";s:16:\"pa_product-brand\";s:5:\"value\";s:0:\"\";s:8:\"position\";i:0;s:10:\"is_visible\";i:1;s:12:\"is_variation\";i:0;s:11:\"is_taxonomy\";i:1;}s:19:\"pa_product-features\";a:6:{s:4:\"name\";s:19:\"pa_product-features\";s:5:\"value\";s:0:\"\";s:8:\"position\";i:1;s:10:\"is_visible\";i:1;s:12:\"is_variation\";i:0;s:11:\"is_taxonomy\";i:1;}}"],"_backorders":["no","no"],"_manage_stock":["no","no"],"_calibration":["field_66a0ddd599972"],"min_temp":["-20"],"max_temp":["60"],"_min_temp":["field_67ea5eb4e0a77"],"_max_temp":["field_67ea5f81e0a79"],"_wpml_word_count":["199"],"_global_unique_id":["5056744400083"],"faqs":["[accordion]\n[accordion_header]I miei dispositivi non comunicano con PraxasCloud?[\/accordion_header]\n[accordion_section]\n\nI motivi per cui il tuo dispositivo potrebbe avere problemi di comunicazione con il cloud potrebbero essere:\n\nC'\u00e8 un segnale debole tra il dispositivo e il router\nLa batteria del dispositivo \u00e8 scarica.\nL'SSID o la password del router potrebbero essere cambiati\nIl router \u00e8 stato scollegato o \u00e8 stato spento\nC'\u00e8 un ostacolo che blocca il segnale, come pareti di metallo o di cemento\nQuesti motivi devono essere presi in considerazione quando si configura inizialmente il dispositivo per avere il massimo successo nella comunicazione con il cloud.\n\n[\/accordion_section]\n[\/accordion]\n\n<span class=\"ui-provider ee bhc bhd bhe bhf bhg bhh bhi bhj bhk bhl bhm bhn bho bhp bhq bhr bhs bht bhu bhv bhw bhx bhy bhz bia bib bic bid bie bif big bih bii bij\" dir=\"ltr\">[accordion]\n[accordion_header]Come funziona l'abbonamento a PraxasCloud?[\/accordion_header]\n[accordion_section]Visita la pagina di iscrizione dove potrai spostare i cursori per selezionare le diverse funzioni che desideri. Puoi iscriverti con una carta per la fatturazione mensile automatica oppure le aziende possono contattare l'ufficio vendite locale per abbonamenti a lungo termine. https:\/\/www.praxascloud.com\/accounttype.aspx\n [\/accordion_section]\n[\/accordion]<\/span>\n\n<a class=\"button button-orange\" href=\"\/support\/el-wifi-data-loggers\/\">Pi\u00f9 supporto<\/a>"],"_other_features":["field_686fa2aa98dce"],"rank_math_title":["EL-WiFi-TH+ | Registratore di dati di temperatura e umidit\u00e0 | Praxas"],"rank_math_description":["Stai cercando una soluzione di Data Logging wireless? Se \u00e8 cos\u00ec, il data logger di temperatura e umidit\u00e0 EL-WiFi-TH+ potrebbe fare al caso tuo! Contatta il nostro team di vendita per saperne di pi\u00f9."],"rank_math_focus_keyword":["EL-WiFi-TH+"],"specifications_table":["<table class=\"specifications\">\n<tbody>\n<tr class=\"even-row\">\n<td class=\"left-td\">Intervallo di misurazione<\/td>\n<td>Da -20 a +60\u00b0C \/ da -4 a + 140\u00b0F\nDa 0 a 100% RH<\/td>\n<\/tr>\n<tr class=\"odd-row\">\n<td class=\"left-td\">Precisione<\/td>\n<td>\u00b10,2\u00b0C \/ \u00b10,4\u00b0F\n\u00b11,8% RH Tipico<\/td>\n<\/tr>\n<tr class=\"even-row\">\n<td class=\"left-td\">Letture<\/td>\n<td>Illimitato<\/td>\n<\/tr>\n<tr class=\"odd-row\">\n<td class=\"left-td\">Velocit\u00e0 di registrazione<\/td>\n<td>Selezionabile dall'utente tra 10 secondi e 12 ore<\/td>\n<\/tr>\n<tr class=\"even-row\">\n<td class=\"left-td\">Batteria<\/td>\n<td>Batteria ricaricabile \/ 6 mesi di durata della batteria \/ Opzione alimentazione a rete<\/td>\n<\/tr>\n<\/tbody>\n<\/table>"],"resources":["<ul class=\"resources-list\">\n \t<li><img src=\"https:\/\/praxas.com\/wp-content\/uploads\/document-icon.png\" alt=\"Icona del documento\"><a href=\"https:\/\/praxas.com\/wp-content\/uploads\/easylog-data-logger-el-wifi-thplus_iss8_03-19.pdf\" target=\"_blank\" rel=\"noopener\">Scheda tecnica di EL-WiFi-TH+<\/a><\/li>\n \t<li><img src=\"https:\/\/praxas.com\/wp-content\/uploads\/software-icon.png\" alt=\"Icona del software\"><a href=\"https:\/\/praxas.com\/software\/easylog-software\/easylog-wifi\/\" target=\"_blank\" rel=\"noopener\">Software EasyLog WiFi<\/a><\/li>\n \t<li><img src=\"https:\/\/praxas.com\/wp-content\/uploads\/software-icon.png\" alt=\"Icona del software\"><a href=\"https:\/\/praxas.com\/en\/easylog-cloud\/\" target=\"_blank\" rel=\"noopener\">EasyLog Cloud<\/a><\/li>\n \t<li><img src=\"https:\/\/praxas.com\/wp-content\/uploads\/document-icon.png\" alt=\"Icona del documento\">\n<a href=\"https:\/\/praxas.com\/wp-content\/uploads\/el_wifi_qsg_iss4_11-18_pages.pdf\" target=\"_blank\" rel=\"noopener\">Guida rapida di EL-WiFi<\/a><\/li>\n \t<li><img src=\"https:\/\/praxas.com\/wp-content\/uploads\/document-icon.png\" alt=\"Icona del documento\">\n<a href=\"https:\/\/praxas.com\/wp-content\/uploads\/help-guide-3-network-requirements-and-settings-12-09-2022_issue-6.pdf\" target=\"_blank\" rel=\"noopener\">Requisiti e impostazioni di rete<\/a><\/li>\n \t<li><img src=\"https:\/\/praxas.com\/wp-content\/uploads\/video-icon-orange.png\" alt=\"Icona video\">\n<a href=\"https:\/\/www.youtube.com\/playlist?list=PL_yZedoZ_7MpemnH-a3NswL9-NgUz3DVe\" target=\"_blank\" rel=\"noopener\">Video tutorial<\/a><\/li>\n \t<li><img src=\"https:\/\/praxas.com\/wp-content\/uploads\/document-icon.png\" alt=\"Icona del documento\"><a href=\"https:\/\/praxas.com\/wp-content\/uploads\/conformity_certificate_wifi_range_with_coo-issu8.pdf\" target=\"_blank\" rel=\"noopener\">EL-WiFi-TH+ Dichiarazione di conformit\u00e0<\/a><\/li>\n \t<li><img src=\"https:\/\/praxas.com\/wp-content\/uploads\/document-icon.png\" alt=\"Icona del documento\"><a href=\"https:\/\/praxas.com\/wp-content\/uploads\/bs-en-12830-record-of-compliance-issue-1.pdf\" target=\"_blank\" rel=\"noopener\">BS EN 12830:2018 Registrazione della conformit\u00e0<\/a><\/li>\n<\/ul>\n\u00a0"],"accessories":["[products skus=\"PSU USB-UK,PSU USB-EU,EL-WiFi Wall Bracket\"]"],"usd_price_4":["0.00"],"usd_price_9":["0.00"],"usd_price_24":["0.00"],"usd_price_49":["0.00"],"usd_price_99":["0.00"],"gbp_price_4":["0.00"],"gbp_price_9":["0.00"],"gbp_price_24":["125.99"],"gbp_price_49":["0.00"],"gbp_price_99":["111.99"],"usdhk_price_4":["0.00"],"usdhk_price_9":["0.00"],"usdhk_price_24":["170.09"],"usdhk_price_49":["0.00"],"usdhk_price_99":["151.19"],"_uag_page_assets":["a:9:{s:3:\"css\";s:0:\"\";s:2:\"js\";s:0:\"\";s:18:\"current_block_list\";a:0:{}s:8:\"uag_flag\";b:0;s:11:\"uag_version\";s:10:\"1775212209\";s:6:\"gfonts\";a:0:{}s:10:\"gfonts_url\";s:0:\"\";s:12:\"gfonts_files\";a:0:{}s:14:\"uag_faq_layout\";b:0;}"],"_regular_price":["180.05","180.05"],"_price":["180.05","180.05"],"_max_variation_price":[""],"_max_variation_regular_price":[""],"_max_variation_sale_price":[""],"_min_variation_price":[""],"_min_variation_regular_price":[""],"_min_variation_sale_price":[""],"_sale_price":[""],"_wc_pb_base_regular_price":[""],"_wc_pb_base_sale_price":[""],"_wc_pb_base_price":[""],"_wc_sw_max_price":[""],"_wc_sw_max_regular_price":[""],"_wc_rating_count":[""]},"uagb_featured_image_src":{"full":["https:\/\/praxas.com\/wp-content\/uploads\/WiFi-TH-Straight.png",800,463,false],"thumbnail":["https:\/\/praxas.com\/wp-content\/uploads\/WiFi-TH-Straight-150x150.png",150,150,true],"medium":["https:\/\/praxas.com\/wp-content\/uploads\/WiFi-TH-Straight-300x174.png",300,174,true],"medium_large":["https:\/\/praxas.com\/wp-content\/uploads\/WiFi-TH-Straight-768x444.png",768,444,true],"large":["https:\/\/praxas.com\/wp-content\/uploads\/WiFi-TH-Straight.png",800,463,false],"1536x1536":["https:\/\/praxas.com\/wp-content\/uploads\/WiFi-TH-Straight.png",800,463,false],"2048x2048":["https:\/\/praxas.com\/wp-content\/uploads\/WiFi-TH-Straight.png",800,463,false],"crunchify-admin-post-featured-image":["https:\/\/praxas.com\/wp-content\/uploads\/WiFi-TH-Straight-120x69.png",120,69,true],"commercegurus-pdp-large":["https:\/\/praxas.com\/wp-content\/uploads\/WiFi-TH-Straight.png",800,463,false],"commercegurus-plp-mobile":["https:\/\/praxas.com\/wp-content\/uploads\/WiFi-TH-Straight-441x255.png",441,255,true],"cgkit_image_swatch":["https:\/\/praxas.com\/wp-content\/uploads\/WiFi-TH-Straight-100x100.png",100,100,true],"woocommerce_thumbnail":["https:\/\/praxas.com\/wp-content\/uploads\/WiFi-TH-Straight-300x174.png",300,174,true],"woocommerce_single":["https:\/\/praxas.com\/wp-content\/uploads\/WiFi-TH-Straight.png",800,463,false],"woocommerce_gallery_thumbnail":["https:\/\/praxas.com\/wp-content\/uploads\/WiFi-TH-Straight-150x87.png",150,87,true]},"uagb_author_info":{"display_name":"AndyS","author_link":"https:\/\/praxas.com\/it\/author\/"},"uagb_comment_info":0,"uagb_excerpt":"Data Logger WiFi Temp e RH ad alta precisione (da -20 a +60\u00b0C)","_links":{"self":[{"href":"https:\/\/praxas.com\/it\/wp-json\/wp\/v2\/product\/34349","targetHints":{"allow":["GET"]}}],"collection":[{"href":"https:\/\/praxas.com\/it\/wp-json\/wp\/v2\/product"}],"about":[{"href":"https:\/\/praxas.com\/it\/wp-json\/wp\/v2\/types\/product"}],"wp:featuredmedia":[{"embeddable":true,"href":"https:\/\/praxas.com\/it\/wp-json\/wp\/v2\/media\/34350"}],"wp:attachment":[{"href":"https:\/\/praxas.com\/it\/wp-json\/wp\/v2\/media?parent=34349"}],"wp:term":[{"taxonomy":"product_brand","embeddable":true,"href":"https:\/\/praxas.com\/it\/wp-json\/wp\/v2\/product_brand?post=34349"},{"taxonomy":"product_cat","embeddable":true,"href":"https:\/\/praxas.com\/it\/wp-json\/wp\/v2\/product_cat?post=34349"},{"taxonomy":"product_tag","embeddable":true,"href":"https:\/\/praxas.com\/it\/wp-json\/wp\/v2\/product_tag?post=34349"}],"curies":[{"name":"wp","href":"https:\/\/api.w.org\/{rel}","templated":true}]}}