{"id":34506,"date":"2023-07-27T03:09:00","date_gmt":"2023-07-27T01:09:00","guid":{"rendered":"https:\/\/staging.praxas.com\/product\/senza-categoria\/el-usb-2-lcd\/"},"modified":"2025-10-08T18:08:19","modified_gmt":"2025-10-08T16:08:19","slug":"el-usb-2-lcd","status":"publish","type":"product","link":"https:\/\/praxas.com\/it\/product\/registratori-di-dati\/temperatura-e-umidita\/el-usb-2-lcd\/","title":{"rendered":"EL-USB-2-LCD+"},"content":{"rendered":"<p>Questo data logger autonomo misura oltre 16.000 letture in un intervallo compreso tra -35 e +80\u00b0C (-31 e +176\u00b0F) e tra 0 e 100% di umidit\u00e0 (RH). Con la semplice pressione di un pulsante, puoi utilizzare il display di bordo per scorrere tra i registri della temperatura corrente, minima e massima osservati durante la sessione, sia per la temperatura che per l&#8217;umidit\u00e0. \u00c8 facile configurare il logger e visualizzare i dati scaricati collegando l&#8217;unit\u00e0 alla porta USB di un PC e utilizzando il software gratuito EasyLog in dotazione. I dati possono poi essere graficati, stampati ed esportati in altre applicazioni per un&#8217;analisi dettagliata. Fornito con \u00bd batteria AA e clip per il montaggio a parete.<\/p>\n<p><strong>NOTA BENE <\/strong>: puoi aggiungere fino a DUE BATTERIE DI RICAMBIO per ogni data logger ordinato.<\/p>\n<p><strong>LO SAPEVI?<\/strong><\/p>\n<p>Il modello <a href=\"https:\/\/praxas.com\/it\/product\/registratori-di-dati\/temperatura-e-umidita\/el-sie-2\/\"><br \/>\n  <strong>EL-SIE-2<\/strong><br \/>\n<\/a> e <a href=\"https:\/\/praxas.com\/es\/product\/registradores-de-datos\/temperatura-y-humedad\/el-sie-2\/\"><br \/>\n  <strong>EL-SIE-2+<\/strong><br \/>\n<\/a> sono i pi\u00f9 recenti e innovativi data logger USB di EasyLog e rappresentano un&#8217;alternativa pi\u00f9 potente a questo dispositivo. Possono memorizzare fino a un milione di letture di temperatura e umidit\u00e0 e sono dotati di un display cristallino per un monitoraggio immediato.<\/p>\n","protected":false},"excerpt":{"rendered":"<p><!--High-Accuracy Temperature &amp; Humidity USB Data Logger--><br \/>\nData Logger USB di temperatura e umidit\u00e0 ad alta precisione (da -35\u00b0C a 80\u00b0C)<\/p>\n","protected":false},"featured_media":34507,"template":"","meta":{"_acf_changed":false,"content-type":"","_uag_custom_page_level_css":""},"product_brand":[],"product_cat":[1880],"product_tag":[1884,1882,2436,1885,1914],"class_list":{"0":"post-34506","1":"product","2":"type-product","3":"status-publish","4":"has-post-thumbnail","6":"product_cat-temperatura-e-umidita","7":"product_tag-alta-precisione","8":"product_tag-display-it","9":"product_tag-easylog-it","10":"product_tag-sensore-interno","11":"product_tag-usb-it","13":"first","14":"instock","15":"taxable","16":"shipping-taxable","17":"purchasable","18":"product-type-simple"},"bundled_by":[],"bundle_stock_status":"instock","bundle_stock_quantity":16,"bundle_virtual":false,"bundle_layout":"","bundle_add_to_cart_form_location":"","bundle_editable_in_cart":false,"bundle_sold_individually_context":"","bundle_item_grouping":"","bundle_min_size":"","bundle_max_size":"","bundle_price":[],"bundled_items":[],"bundle_sell_ids":[],"acf":[],"spectra_custom_meta":{"_download_limit":["-1","-1"],"_download_expiry":["-1","-1"],"_downloadable":["no","no"],"_sku":["EL-USB-2-LCD+","EL-USB-2-LCD+"],"_stock_status":["instock","instock","instock","instock","instock","instock"],"_sold_individually":["no","no"],"_tax_class":["",""],"_tax_status":["taxable","taxable"],"_virtual":["no","no"],"_weight":["0.091"],"_width":["0"],"_height":["0"],"_length":["0"],"total_sales":["27","27"],"_product_datasheet":["field_650ad7d6ea3a0"],"_connectivity":["field_64dce263bb57c"],"brand":["EasyLog"],"_brand":["field_64ddf62ed2593"],"_brand_image":["field_650c5e7c84cae"],"_specifications_table":["field_65044e1db92a8"],"_display_data_alarm":["field_667d647bcb066"],"_resources":["field_650849c6945ee"],"_accessories":["field_650849e6945f0"],"_faqs":["field_650859523d8d5"],"_calibration_suitable_ids_gb":["field_654b4c4acb54a"],"_calibration_suitable_ids_us":["field_654b4c56cb54b"],"_show_in_calibration_suitable":["field_654cfb691d345"],"_other_features":["field_668524f8c98a4"],"_shipping":["field_66852535c98a5"],"_refrigerant_cabinet":["field_66852557c98a6"],"_usd_price_4":["field_651570dcac479"],"_usd_price_9":["field_6515713eb4807"],"_usd_price_24":["field_65157141b4809"],"_usd_price_49":["field_65157140b4808"],"_usd_price_99":["field_6515715bb480a"],"_gbp_price_4":["field_6515716e83bfa"],"_gbp_price_9":["field_6515724783bfb"],"_gbp_price_24":["field_6515724b83bfc"],"_gbp_price_49":["field_6515725983bfd"],"_gbp_price_99":["field_6515725d83bfe"],"_usdhk_price_4":["field_6515726f83bff"],"_usdhk_price_9":["field_6515727c83c00"],"_usdhk_price_24":["field_6515728083c01"],"_usdhk_price_49":["field_6515728983c02"],"_usdhk_price_99":["field_6515728e83c03"],"stock_options":["In stock"],"_stock_options":["field_6544b605dc7f9"],"_top_nav_excluded":[""],"_cms_nav_minihome":[""],"calibration":[""],"wcml_sync_hash":["a:1:{s:15:\"postmeta_fields\";s:32:\"6c873eebd99ddb72752752f744a889b2\";}"],"attr_label_translations":["a:0:{}"],"_product_image_gallery":["34508,34509"],"_thumbnail_id":["34507"],"_crosssell_ids":["a:0:{}"],"_stock":["16.000000"],"connectivity":["USB"],"_main_specifications":["field_66855b25b1245"],"_last_translation_edit_mode":["translation-editor"],"_edit_lock":["1721821518:8383"],"classic-editor-remember":["classic-editor"],"rank_math_seo_score":["76"],"_edit_last":["8383"],"commercekit_gallery_layout":[""],"commercekit_disable_sticky_atc":["0"],"commercekit_wc_video_gallery":["a:0:{}"],"_rank_math_gtin_code":[""],"_wcml_average_rating":[null],"_wcml_review_count":[null],"_wcml_rating_count":[null],"_wc_average_rating":[0],"_wc_review_count":["0"],"_product_version":["9.1.2"],"display_data_alarm":[""],"calibration_suitable_ids_gb":[""],"calibration_suitable_ids_us":[""],"show_in_calibration_suitable":[""],"other_features":[""],"shipping":[""],"refrigerant_cabinet":[""],"main_specifications":[""],"shoptimizer_layout_pdp_short_description_position":["default"],"rank_math_primary_product_cat":["0"],"product_datasheet":["10675"],"brand_image":["10467"],"_wpml_media_duplicate":["1"],"_wpml_media_featured":["1"],"_product_attributes":["a:2:{s:16:\"pa_product-brand\";a:6:{s:4:\"name\";s:16:\"pa_product-brand\";s:5:\"value\";s:0:\"\";s:8:\"position\";i:0;s:10:\"is_visible\";i:1;s:12:\"is_variation\";i:0;s:11:\"is_taxonomy\";i:1;}s:19:\"pa_product-features\";a:6:{s:4:\"name\";s:19:\"pa_product-features\";s:5:\"value\";s:0:\"\";s:8:\"position\";i:1;s:10:\"is_visible\";i:1;s:12:\"is_variation\";i:0;s:11:\"is_taxonomy\";i:1;}}"],"_backorders":["no","no"],"_manage_stock":["no","no"],"_calibration":["field_66a0ddd599972"],"min_temp":["-35"],"max_temp":["80"],"_min_temp":["field_67ea5eb4e0a77"],"_max_temp":["field_67ea5f81e0a79"],"_wpml_word_count":["198"],"_global_unique_id":["5056744400922"],"rank_math_title":["EL-USB-2-LCD+ | Registratore di dati di temperatura e umidit\u00e0 USB"],"rank_math_description":["Il data logger EasyLog EL-USB-2-LCD+ USB per temperatura e umidit\u00e0 misura oltre 16.000 letture in un intervallo compreso tra -35 e +80\u00b0C e tra 0 e 100% di umidit\u00e0 (RH)."],"rank_math_focus_keyword":["EL-USB-2-LCD+"],"specifications_table":["<table class=\"specifications\">\n<tbody>\n<tr class=\"odd-row\">\n<td class=\"left-td\">Temperatura:<\/td>\n<td><\/td>\n<\/tr>\n<tr class=\"even-row\">\n <td class=\"left-td\"> Intervallo di misurazione<\/td>\n<td>Da -35\u00b0C a 80\u00b0C (da -31\u00b0F a 176\u00b0F)<\/td>\n<\/tr>\n<tr class=\"odd-row\">\n<td class=\"left-td\">Risoluzione interna<\/td>\n<td>0,5\u00b0C (1\u00b0F)<\/td>\n<\/tr>\n<tr class=\"even-row\">\n<td class=\"left-td\">Precisione (errore complessivo)<\/td>\n<td>0,45\u00b0C (0,86\u00b0F) tipico (da 5 a 60\u00b0C)<\/td>\n<\/tr>\n<tr class=\"odd-row\">\n<td class=\"left-td\">Stabilit\u00e0 a lungo termine<\/td>\n<td><0,02\u00b0C (0,04\u00b0F) \/ anno<\/td>\n<\/tr>\n<tr class=\"even-row\">\n<td class=\"left-td\">Umidit\u00e0 relativa:<\/td>\n<td><\/td>\n<\/tr>\n<tr class=\"odd-row\">\n<td class=\"left-td\">Intervallo di misurazione<\/td>\n<td>Da 0 a 100% RH<\/td>\n<\/tr>\n<tr class=\"even-row\">\n<td class=\"left-td\">Risoluzione interna<\/td>\n<td>0,5%RH<\/td>\n<\/tr>\n<tr class=\"odd-row\">\n<td class=\"left-td\">Precisione (errore complessivo)<\/td>\n<td>2,05%RH tipico (da 10 a 90%RH)<\/td>\n<\/tr>\n<tr class=\"even-row\">\n<td class=\"left-td\">Stabilit\u00e0 a lungo termine<\/td>\n<td><0,25%RH \/ anno<\/td>\n<\/tr>\n<tr class=\"odd-row\">\n<td class=\"left-td\">Velocit\u00e0 di registrazione<\/td>\n<td>Selezionabile dall'utente tra 10 secondi e 12 ore<\/td>\n<\/tr>\n<tr class=\"even-row\">\n<td class=\"left-td\">Durata della batteria<\/td>\n<td>2 anni<\/td>\n<\/tr>\n<\/tbody>\n<\/table>"],"resources":["<ul class=\"resources-list\">\n \t<li><img src=\"https:\/\/praxas.com\/wp-content\/uploads\/document-icon.png\" alt=\"Icona del documento\"><a href=\"https:\/\/praxas.com\/wp-content\/uploads\/package-easylog-data-logger-el-usb-2-lcdplus_iss11_02-21.pdf\" target=\"_blank\" rel=\"noopener\">Scheda tecnica di EL-USB-2-LCD+<\/a><\/li>\n \t<li><img src=\"https:\/\/praxas.com\/wp-content\/uploads\/software-icon.png\" alt=\"Icona del software\"><a href=\"https:\/\/praxas.com\/software\/easylog-software\/easylog-usb\/\" target=\"_blank\" rel=\"noopener\">Software EasyLog USB<\/a><\/li>\n \t<li><img src=\"https:\/\/praxas.com\/wp-content\/uploads\/document-icon.png\" alt=\"Icona del documento\"><a href=\"https:\/\/praxas.com\/wp-content\/uploads\/easylog-usb_quick-start-guide_iss12_singlepage-05_2018.pdf\" target=\"_blank\" rel=\"noopener\">Guida rapida di EL-USB-2-LCD+<\/a><\/li>\n \t<li><img src=\"https:\/\/praxas.com\/wp-content\/uploads\/document-icon.png\" alt=\"Icona del documento\"><a href=\"https:\/\/praxas.com\/wp-content\/uploads\/el-usb-range-includes-el-gfx-range-troubleshooting.pdf\" target=\"_blank\" rel=\"noopener\">Risoluzione dei problemi della gamma EL-USB<\/a><\/li>\n \t<li><img src=\"https:\/\/praxas.com\/wp-content\/uploads\/video-icon-orange.png\" alt=\"Icona video\"><a href=\"https:\/\/www.youtube.com\/playlist?list=PL_yZedoZ_7MqFFU3keWRD0tO46uMTbvcL\" target=\"_blank\" rel=\"noopener\">Video tutorial<\/a><\/li>\n \t<li><img src=\"https:\/\/praxas.com\/wp-content\/uploads\/document-icon.png\" alt=\"Icona del documento\"><a href=\"https:\/\/praxas.com\/wp-content\/uploads\/Declaration-of-Conformity_EasyLog_iss26.pdf\" target=\"_blank\" rel=\"noopener\">EL-USB-2-LCD+ Dichiarazione di conformit\u00e0<\/a><\/li>\n<\/ul>\n\u00a0"],"accessories":["[products skus=\"BAT 3V6 1\/2AA\"]"],"faqs":["[accordion]\n[accordion_header]Perch\u00e9 le mie batterie non funzionano?[\/accordion_header]\n[accordion_section]Se lasciate inutilizzate per lunghi periodi di tempo, le batterie al litio-metallo, comprese quelle utilizzate nella gamma di data logger EasyLog, formano naturalmente uno strato interno non conduttivo - uno strato di passivazione - che impedisce loro di autoscaricarsi e ne aumenta la durata di conservazione. Quando viene installato per la prima volta nel data logger, pu\u00f2 causare un calo momentaneo della tensione della batteria (la Tensione Minima Transitoria) quando lo strato interno viene interrotto, causando il reset del data logger. Inserendo le batterie nel data logger e lasciandolo collegato a un PC per circa 30 secondi, questo strato verr\u00e0 rimosso. Dopo questa operazione, rimuovi e reinstalla le batterie per resettare il data logger. La durata complessiva della batteria non ne risentir\u00e0.[\/accordion_section]\n[\/accordion]\n\n[accordion]\n[accordion_header]Ogni quanto tempo devo inviare il mio data logger per la ricalibrazione?[\/accordion_header]\n[accordion_section]Noi consigliamo di ricalibrare ogni anno, ma le tue procedure potrebbero richiedere qualcosa di diverso. Puoi contattare Lascar per qualsiasi informazione sui <a href=\"https:\/\/lascarelectronics.com\/calibration\/\">servizi di calibrazione<\/a> che pu\u00f2 offrire.[\/accordion_section]\n[\/accordion]\n\n<a class=\"button button-orange\" href=\"\/support\/el-usb-data-loggers\/\">Pi\u00f9 supporto<\/a>"],"usd_price_4":["0.00"],"usd_price_9":["0.00"],"usd_price_24":["0.00"],"usd_price_49":["0.00"],"usd_price_99":["0.00"],"gbp_price_4":["0.00"],"gbp_price_9":["0.00"],"gbp_price_24":["80.99"],"gbp_price_49":["0.00"],"gbp_price_99":["71.99"],"usdhk_price_4":["0.00"],"usdhk_price_9":["0.00"],"usdhk_price_24":["107.99"],"usdhk_price_49":["0.00"],"usdhk_price_99":["95.99"],"_uag_page_assets":["a:9:{s:3:\"css\";s:0:\"\";s:2:\"js\";s:0:\"\";s:18:\"current_block_list\";a:0:{}s:8:\"uag_flag\";b:0;s:11:\"uag_version\";s:10:\"1775212209\";s:6:\"gfonts\";a:0:{}s:10:\"gfonts_url\";s:0:\"\";s:12:\"gfonts_files\";a:0:{}s:14:\"uag_faq_layout\";b:0;}"],"_regular_price":["115.65","115.65"],"_price":["115.65","115.65"],"_max_variation_price":[""],"_max_variation_regular_price":[""],"_max_variation_sale_price":[""],"_min_variation_price":[""],"_min_variation_regular_price":[""],"_min_variation_sale_price":[""],"_sale_price":[""],"_wc_pb_base_regular_price":[""],"_wc_pb_base_sale_price":[""],"_wc_pb_base_price":[""],"_wc_sw_max_price":[""],"_wc_sw_max_regular_price":[""],"_wc_rating_count":[""]},"uagb_featured_image_src":{"full":["https:\/\/praxas.com\/wp-content\/uploads\/easylog-data-logger-EL-USB-2-LCD-Straight.png",800,463,false],"thumbnail":["https:\/\/praxas.com\/wp-content\/uploads\/easylog-data-logger-EL-USB-2-LCD-Straight-150x150.png",150,150,true],"medium":["https:\/\/praxas.com\/wp-content\/uploads\/easylog-data-logger-EL-USB-2-LCD-Straight-300x174.png",300,174,true],"medium_large":["https:\/\/praxas.com\/wp-content\/uploads\/easylog-data-logger-EL-USB-2-LCD-Straight-768x444.png",768,444,true],"large":["https:\/\/praxas.com\/wp-content\/uploads\/easylog-data-logger-EL-USB-2-LCD-Straight.png",800,463,false],"1536x1536":["https:\/\/praxas.com\/wp-content\/uploads\/easylog-data-logger-EL-USB-2-LCD-Straight.png",800,463,false],"2048x2048":["https:\/\/praxas.com\/wp-content\/uploads\/easylog-data-logger-EL-USB-2-LCD-Straight.png",800,463,false],"crunchify-admin-post-featured-image":["https:\/\/praxas.com\/wp-content\/uploads\/easylog-data-logger-EL-USB-2-LCD-Straight-120x69.png",120,69,true],"commercegurus-pdp-large":["https:\/\/praxas.com\/wp-content\/uploads\/easylog-data-logger-EL-USB-2-LCD-Straight.png",800,463,false],"commercegurus-plp-mobile":["https:\/\/praxas.com\/wp-content\/uploads\/easylog-data-logger-EL-USB-2-LCD-Straight-441x255.png",441,255,true],"cgkit_image_swatch":["https:\/\/praxas.com\/wp-content\/uploads\/easylog-data-logger-EL-USB-2-LCD-Straight-100x100.png",100,100,true],"woocommerce_thumbnail":["https:\/\/praxas.com\/wp-content\/uploads\/easylog-data-logger-EL-USB-2-LCD-Straight-300x174.png",300,174,true],"woocommerce_single":["https:\/\/praxas.com\/wp-content\/uploads\/easylog-data-logger-EL-USB-2-LCD-Straight.png",800,463,false],"woocommerce_gallery_thumbnail":["https:\/\/praxas.com\/wp-content\/uploads\/easylog-data-logger-EL-USB-2-LCD-Straight-150x87.png",150,87,true]},"uagb_author_info":{"display_name":"AndyS","author_link":"https:\/\/praxas.com\/it\/author\/"},"uagb_comment_info":0,"uagb_excerpt":"Data Logger USB di temperatura e umidit\u00e0 ad alta precisione (da -35\u00b0C a 80\u00b0C)","_links":{"self":[{"href":"https:\/\/praxas.com\/it\/wp-json\/wp\/v2\/product\/34506","targetHints":{"allow":["GET"]}}],"collection":[{"href":"https:\/\/praxas.com\/it\/wp-json\/wp\/v2\/product"}],"about":[{"href":"https:\/\/praxas.com\/it\/wp-json\/wp\/v2\/types\/product"}],"wp:featuredmedia":[{"embeddable":true,"href":"https:\/\/praxas.com\/it\/wp-json\/wp\/v2\/media\/34507"}],"wp:attachment":[{"href":"https:\/\/praxas.com\/it\/wp-json\/wp\/v2\/media?parent=34506"}],"wp:term":[{"taxonomy":"product_brand","embeddable":true,"href":"https:\/\/praxas.com\/it\/wp-json\/wp\/v2\/product_brand?post=34506"},{"taxonomy":"product_cat","embeddable":true,"href":"https:\/\/praxas.com\/it\/wp-json\/wp\/v2\/product_cat?post=34506"},{"taxonomy":"product_tag","embeddable":true,"href":"https:\/\/praxas.com\/it\/wp-json\/wp\/v2\/product_tag?post=34506"}],"curies":[{"name":"wp","href":"https:\/\/api.w.org\/{rel}","templated":true}]}}