{"id":34526,"date":"2023-07-27T03:29:00","date_gmt":"2023-07-27T01:29:00","guid":{"rendered":"https:\/\/staging.praxas.com\/product\/senza-categoria\/el-sie-6\/"},"modified":"2025-10-14T16:20:30","modified_gmt":"2025-10-14T14:20:30","slug":"el-sie-6","status":"publish","type":"product","link":"https:\/\/praxas.com\/it\/product\/registratori-di-dati\/pressione\/el-sie-6\/","title":{"rendered":"EL-SIE-6+"},"content":{"rendered":"<p>Monitora l&#8217;ambiente in cui vivi e lavori con l&#8217;EasyLog EL-SIE-6+. Grazie all&#8217;avanzato software integrato, non c&#8217;\u00e8 nulla da installare sul PC o sul Mac: basta collegare il logger con un cavo USB e utilizzare il browser web per configurare il dispositivo e visualizzare, analizzare e scaricare i dati. Non potrebbe essere pi\u00f9 facile.<\/p>\n<p>Il display luminoso e chiaro mostra le letture correnti e lo stato del dispositivo in un colpo d&#8217;occhio e il prodotto viene fornito con una staffa per un montaggio a parete sicuro. EL-SIE-6+ utilizza batterie AAA standard e la durata tipica delle batterie \u00e8 di oltre 1 anno.<\/p>\n<p>La versione EL-SIE-6+ misura temperatura, umidit\u00e0 e pressione. Tuttavia, sono disponibili altri modelli che misurano solo la temperatura o la temperatura e l&#8217;umidit\u00e0. Sono disponibili anche versioni standard e ad alta precisione. I mercati chiave includono la gestione di strutture ed edifici, la logistica, i magazzini e lo stoccaggio, le camere bianche e altri ambienti sensibili alla pressione.<\/p>\n<p>I dati registrati possono essere scaricati sul tuo computer o caricati su un account EasyLog Cloud per un&#8217;archiviazione sicura e una potente analisi.<\/p>\n","protected":false},"excerpt":{"rendered":"<p>Registratore di dati di pressione, temperatura e umidit\u00e0 con display<\/p>\n","protected":false},"featured_media":34527,"template":"","meta":{"_acf_changed":false,"content-type":"","_uag_custom_page_level_css":""},"product_brand":[],"product_cat":[1925],"product_tag":[1882,2436,1887,1885,1914],"class_list":{"0":"post-34526","1":"product","2":"type-product","3":"status-publish","4":"has-post-thumbnail","6":"product_cat-pressione","7":"product_tag-display-it","8":"product_tag-easylog-it","9":"product_tag-easylog-cloud-it","10":"product_tag-sensore-interno","11":"product_tag-usb-it","13":"first","14":"instock","15":"taxable","16":"shipping-taxable","17":"purchasable","18":"product-type-simple"},"bundled_by":[],"bundle_stock_status":"instock","bundle_stock_quantity":10,"bundle_virtual":false,"bundle_layout":"","bundle_add_to_cart_form_location":"","bundle_editable_in_cart":false,"bundle_sold_individually_context":"","bundle_item_grouping":"","bundle_min_size":"","bundle_max_size":"","bundle_price":[],"bundled_items":[],"bundle_sell_ids":[],"acf":[],"spectra_custom_meta":{"_wcml_average_rating":[null],"_wcml_review_count":[null],"_wcml_rating_count":[null],"_download_limit":["-1","-1"],"_download_expiry":["-1","-1"],"_downloadable":["no","no"],"_sku":["EL-SIE-6+","EL-SIE-6+"],"_stock_status":["instock","instock","instock","instock","instock","instock","instock"],"_sold_individually":["no","no"],"_tax_class":["",""],"_tax_status":["taxable","taxable"],"_virtual":["no","no"],"_weight":["0"],"_width":["0"],"_height":["0"],"_length":["0"],"total_sales":["14","14"],"_product_datasheet":["field_650ad7d6ea3a0"],"_connectivity":["field_64dce263bb57c"],"brand":["EasyLog"],"_brand":["field_64ddf62ed2593"],"brand_image":["10467"],"_brand_image":["field_650c5e7c84cae"],"_specifications_table":["field_65044e1db92a8"],"_resources":["field_650849c6945ee"],"_accessories":["field_650849e6945f0"],"_faqs":["field_650859523d8d5"],"_calibration_suitable_ids_gb":["field_654b4c4acb54a"],"_calibration_suitable_ids_us":["field_654b4c56cb54b"],"_show_in_calibration_suitable":["field_654cfb691d345"],"_usd_price_4":["field_651570dcac479"],"_usd_price_9":["field_6515713eb4807"],"_usd_price_24":["field_65157141b4809"],"_usd_price_49":["field_65157140b4808"],"_usd_price_99":["field_6515715bb480a"],"_gbp_price_4":["field_6515716e83bfa"],"_gbp_price_9":["field_6515724783bfb"],"_gbp_price_24":["field_6515724b83bfc"],"_gbp_price_49":["field_6515725983bfd"],"_gbp_price_99":["field_6515725d83bfe"],"_usdhk_price_4":["field_6515726f83bff"],"_usdhk_price_9":["field_6515727c83c00"],"_usdhk_price_24":["field_6515728083c01"],"_usdhk_price_49":["field_6515728983c02"],"_usdhk_price_99":["field_6515728e83c03"],"stock_options":["In stock"],"_stock_options":["field_6544b605dc7f9"],"_top_nav_excluded":[""],"_cms_nav_minihome":[""],"calibration":["I test di calibrazione eseguiti sui nostri prodotti garantiscono la costante accuratezza del tuo data logger EasyLog. Questo aspetto \u00e8 rilevante per tutti gli utenti, ma \u00e8 particolarmente importante per le applicazioni mediche, alimentari e scientifiche e per i casi in cui \u00e8 necessario dimostrare la conformit\u00e0 agli audit. Offriamo una serie di opzioni di calibrazione standard adatte alle applicazioni pi\u00f9 comuni, come il monitoraggio di frigoriferi, prodotti refrigerati e congelatori, ma possiamo anche fornire calibrazioni personalizzate in qualsiasi punto di misurazione tu abbia bisogno. Per maggiori dettagli, contatta il nostro team di vendita.\n\nOpzioni di calibrazione disponibili per l'EL-SIE-6+:\n\n[country code=\"GB\"][products ids=\"7306\"][\/country][country code=\"US\"][products ids=\"7271,7273,7276\"][\/country][country code=\"HK\"][products ids=\"7270\"][\/country]"],"wcml_sync_hash":["a:1:{s:15:\"postmeta_fields\";s:32:\"079b77114cf8824acbbd9bdd2841ae39\";}"],"attr_label_translations":["a:0:{}"],"_product_attributes":["a:2:{s:16:\"pa_product-brand\";a:6:{s:4:\"name\";s:16:\"pa_product-brand\";s:5:\"value\";s:0:\"\";s:8:\"position\";i:0;s:10:\"is_visible\";i:1;s:12:\"is_variation\";i:0;s:11:\"is_taxonomy\";i:1;}s:19:\"pa_product-features\";a:6:{s:4:\"name\";s:19:\"pa_product-features\";s:5:\"value\";s:0:\"\";s:8:\"position\";i:1;s:10:\"is_visible\";i:1;s:12:\"is_variation\";i:0;s:11:\"is_taxonomy\";i:1;}}"],"_product_image_gallery":["34528,34529"],"_thumbnail_id":["34527"],"_crosssell_ids":["a:0:{}"],"_stock":["10.000000"],"product_datasheet":[""],"connectivity":["USB"],"_display_data_alarm":["field_667d647bcb066"],"_calibration":["field_66a0ddd599972"],"_shipping":["field_66852535c98a5"],"_refrigerant_cabinet":["field_66852557c98a6"],"_main_specifications":["field_66855b25b1245"],"_last_translation_edit_mode":["translation-editor"],"_backorders":["no","no"],"_manage_stock":["no","no"],"min_temp":["-18"],"max_temp":["55"],"_min_temp":["field_67ea5eb4e0a77"],"_max_temp":["field_67ea5f81e0a79"],"_wpml_word_count":["208"],"rank_math_primary_product_cat":["0"],"_global_unique_id":["5056744400809"],"_other_features":["field_686fa2aa98dce"],"rank_math_title":["EL-SIE-6+ | Registratore di dati di pressione, temperatura e umidit\u00e0"],"rank_math_description":["Scopri il Data Logger EasyLogEL-SIE-6+ per temperatura, umidit\u00e0 e pressione di Lascar Electronics. Questo dispositivo \u00e8 perfetto per il monitoraggio ambientale."],"rank_math_focus_keyword":["EL-SIE-6+"],"specifications_table":["<table class=\"specifications\">\n<tbody>\n<tr class=\"even-row\">\n<td class=\"left-td\">Intervallo di misurazione (T)<\/td>\n<td>Da -18 a +55\u00b0C (da -0,4 a +131\u00b0F)<\/td>\n<\/tr>\n<tr class=\"odd-row\">\n<td class=\"left-td\">Risoluzione (T)<\/td>\n<td>0.01\u00b0<\/td>\n<\/tr>\n<tr class=\"even-row\">\n<td class=\"left-td\">Precisione (T)<\/td>\n<td>\u00b10,2\u00b0C (\u00b10,36\u00b0F)<\/td>\n<\/tr>\n<tr class=\"odd-row\">\n<td class=\"left-td\">Intervallo di misurazione (RH)<\/td>\n<td>Da 0 a 100%RH<\/td>\n<\/tr>\n<tr class=\"even-row\">\n<td class=\"left-td\">Risoluzione (RH)<\/td>\n<td>0.1%<\/td>\n<\/tr>\n<tr class=\"odd-row\">\n<td class=\"left-td\">Precisione (RH)<\/td>\n<td>\u00b11,5% tipico (da 0 a 80%RH)<\/td>\n<\/tr>\n<tr class=\"even-row\">\n<td class=\"left-td\">Intervallo di misurazione (P)<\/td>\n<td>Da 300 a 1200mbar<\/td>\n<\/tr>\n<tr class=\"odd-row\">\n<td class=\"left-td\">Risoluzione (P)<\/td>\n<td>0,01mbar<\/td>\n<\/tr>\n<tr class=\"even-row\">\n<td class=\"left-td\">Risoluzione (P) del display<\/td>\n<td>0,1mbar<\/td>\n<\/tr>\n<tr class=\"odd-row\">\n<td class=\"left-td\">Precisione (P)<\/td>\n<td>\u00b11mbar<\/td>\n<\/tr>\n<tr class=\"even-row\">\n<td class=\"left-td\">Velocit\u00e0 di registrazione<\/td>\n<td>Da 10 secondi a 24 ore, selezionabile dall'utente<\/td>\n<\/tr>\n<tr class=\"odd-row\">\n<td class=\"left-td\">Modalit\u00e0 di avvio<\/td>\n<td>Avvio immediato, push-to-start, avvio ritardato, attivazione dei parametri<\/td>\n<\/tr>\n<tr class=\"even-row\">\n<td class=\"left-td\">Capacit\u00e0 di memoria<\/td>\n<td>1.000.000 di letture totali, >500.000 letture per canale<\/td>\n<\/tr>\n<tr class=\"odd-row\">\n<td class=\"left-td\">Sirena<\/td>\n<td>Allarme sonoro integrato<\/td>\n<\/tr>\n<tr class=\"even-row\">\n<td class=\"left-td\">Alimentazione<\/td>\n<td>2 batterie AAA da 1,5 V<\/td>\n<\/tr>\n<tr class=\"odd-row\">\n<td class=\"left-td\">Durata della batteria<\/td>\n<td>>1 anno (a 25\u00b0C con velocit\u00e0 di registrazione di 10 minuti)<\/td>\n<\/tr>\n<tr class=\"even-row\">\n<td class=\"left-td\">Dimensioni<\/td>\n<td>93 x 42 x 17 mm (staffa esclusa)<\/td>\n<\/tr>\n<tr class=\"odd-row\">\n<td class=\"left-td\">Intervallo di temperatura operativa<\/td>\n<td>Da -18 a +55\u00b0C (da -0,4 a +131\u00b0F)<\/td>\n<\/tr>\n<tr class=\"even-row\">\n<td class=\"left-td\">Valutazione ambientale<\/td>\n<td>IP2X<\/td>\n<\/tr>\n<\/tbody>\n<\/table>"],"resources":["<ul class=\"resources-list\">\n \t<li><img src=\"https:\/\/praxas.com\/wp-content\/uploads\/document-icon.png\" alt=\"Icona del documento\">Scheda tecnica di EL-SIE-6+<\/li>\n \t<li><a href=\"https:\/\/praxas.com\/wp-content\/uploads\/easylog-data-logger-el-sie-6-iss4_11-22.pdf\" target=\"_blank\" rel=\"noopener\">Inglese<\/a><\/li>\n \t<li><a href=\"https:\/\/praxas.com\/wp-content\/uploads\/el-sie-6plus-iss4_11-22-french.pdf\" target=\"_blank\" rel=\"noopener\">Francese<\/a><\/li>\n \t<li><a href=\"https:\/\/praxas.com\/wp-content\/uploads\/el-sie-6plus-iss4_11-22-german.pdf\" target=\"_blank\" rel=\"noopener\">Tedesco<\/a><\/li>\n \t<li><a href=\"https:\/\/praxas.com\/wp-content\/uploads\/el-sie-6plus-iss4_11-22-italian.pdf\" target=\"_blank\" rel=\"noopener\">Italiano<\/a><\/li>\n \t<li><a href=\"https:\/\/praxas.com\/wp-content\/uploads\/easylog-data-logger-el-sie-6-iss4_11-22-1-1.pdf\" target=\"_blank\" rel=\"noopener\">Spagnolo<\/a><\/li>\n \t<li><img src=\"https:\/\/praxas.com\/wp-content\/uploads\/document-icon.png\" alt=\"Icona del documento\">Guida rapida di EL-SIE-6+<\/li>\n \t<li><a href=\"https:\/\/praxas.com\/wp-content\/uploads\/el-sie-qsg-11_2019-pths-for-webpdf-1-1.pdf\" target=\"_blank\" rel=\"noopener\">Inglese<\/a><\/li>\n \t<li><a href=\"https:\/\/praxas.com\/wp-content\/uploads\/el-sie-qsg-11_2019-french-1.pdf\" target=\"_blank\" rel=\"noopener\">Francese<\/a><\/li>\n \t<li><a href=\"https:\/\/praxas.com\/wp-content\/uploads\/el-sie-qsg-11_2019-german-1.pdf\" target=\"_blank\" rel=\"noopener\">Tedesco<\/a><\/li>\n \t<li><a href=\"https:\/\/praxas.com\/wp-content\/uploads\/el-sie-qsg-11_2019-italian-1.pdf\" target=\"_blank\" rel=\"noopener\">Italiano<\/a><\/li>\n \t<li><a href=\"https:\/\/praxas.com\/wp-content\/uploads\/el-sie-qsg-11_2019-spanish-1.pdf\" target=\"_blank\" rel=\"noopener\">Spagnolo<\/a><\/li>\n \t<li><img src=\"https:\/\/praxas.com\/wp-content\/uploads\/video-icon-orange.png\" alt=\"Icona video\"><a href=\"https:\/\/www.youtube.com\/playlist?list=PL_yZedoZ_7MrFJR7JPSQPoTegZBsG4ROO\" target=\"_blank\" rel=\"noopener\">Video tutorial EL-SIE<\/a><\/li>\n \t<li><img src=\"https:\/\/praxas.com\/wp-content\/uploads\/document-icon.png\" alt=\"Icona del documento\"><a href=\"https:\/\/praxas.com\/wp-content\/uploads\/Declaration-of-Conformity_EasyLog_iss26.pdf\" target=\"_blank\" rel=\"noopener\">Dichiarazione di conformit\u00e0 EL-SIE<\/a><\/li>\n \t<li><img src=\"https:\/\/praxas.com\/wp-content\/uploads\/document-icon.png\" alt=\"Icona del documento\"><a href=\"https:\/\/praxas.com\/wp-content\/uploads\/declaration-of-conformity_easylog_useonaircraft_iss2-1-1.pdf\" target=\"_blank\" rel=\"noopener\">Dichiarazione di utilizzo su aeromobili<\/a><\/li>\n<\/ul>"],"accessories":["[products skus=\"BAT 1V5 AAA,CABLE USB C 0.5M\"]"],"show_in_calibration_suitable":["1"],"usd_price_4":["0.00"],"usd_price_9":["0.00"],"usd_price_24":["0.00"],"usd_price_49":["0.00"],"usd_price_99":["0.00"],"gbp_price_4":["0.00"],"gbp_price_9":["0.00"],"gbp_price_24":["152.99"],"gbp_price_49":["0.00"],"gbp_price_99":["135.99"],"usdhk_price_4":["0.00"],"usdhk_price_9":["0.00"],"usdhk_price_24":["206.99"],"usdhk_price_49":["0.00"],"usdhk_price_99":["183.99"],"_uag_page_assets":["a:9:{s:3:\"css\";s:0:\"\";s:2:\"js\";s:0:\"\";s:18:\"current_block_list\";a:0:{}s:8:\"uag_flag\";b:0;s:11:\"uag_version\";s:10:\"1775212209\";s:6:\"gfonts\";a:0:{}s:10:\"gfonts_url\";s:0:\"\";s:12:\"gfonts_files\";a:0:{}s:14:\"uag_faq_layout\";b:0;}"],"_regular_price":["221.7","221.7"],"_price":["221.7","221.7"],"_max_variation_price":[""],"_max_variation_regular_price":[""],"_max_variation_sale_price":[""],"_min_variation_price":[""],"_min_variation_regular_price":[""],"_min_variation_sale_price":[""],"_sale_price":[""],"_wc_pb_base_regular_price":[""],"_wc_pb_base_sale_price":[""],"_wc_pb_base_price":[""],"_wc_sw_max_price":[""],"_wc_sw_max_regular_price":[""],"_wc_rating_count":[""],"_wc_review_count":[""],"_wc_average_rating":[0]},"uagb_featured_image_src":{"full":["https:\/\/praxas.com\/wp-content\/uploads\/EL-SIE-Right-Side-Pressure-logo-800x463-1.png",800,463,false],"thumbnail":["https:\/\/praxas.com\/wp-content\/uploads\/EL-SIE-Right-Side-Pressure-logo-800x463-1-150x150.png",150,150,true],"medium":["https:\/\/praxas.com\/wp-content\/uploads\/EL-SIE-Right-Side-Pressure-logo-800x463-1-300x174.png",300,174,true],"medium_large":["https:\/\/praxas.com\/wp-content\/uploads\/EL-SIE-Right-Side-Pressure-logo-800x463-1-768x444.png",768,444,true],"large":["https:\/\/praxas.com\/wp-content\/uploads\/EL-SIE-Right-Side-Pressure-logo-800x463-1.png",800,463,false],"1536x1536":["https:\/\/praxas.com\/wp-content\/uploads\/EL-SIE-Right-Side-Pressure-logo-800x463-1.png",800,463,false],"2048x2048":["https:\/\/praxas.com\/wp-content\/uploads\/EL-SIE-Right-Side-Pressure-logo-800x463-1.png",800,463,false],"crunchify-admin-post-featured-image":["https:\/\/praxas.com\/wp-content\/uploads\/EL-SIE-Right-Side-Pressure-logo-800x463-1-120x69.png",120,69,true],"commercegurus-pdp-large":["https:\/\/praxas.com\/wp-content\/uploads\/EL-SIE-Right-Side-Pressure-logo-800x463-1.png",800,463,false],"commercegurus-plp-mobile":["https:\/\/praxas.com\/wp-content\/uploads\/EL-SIE-Right-Side-Pressure-logo-800x463-1-441x255.png",441,255,true],"cgkit_image_swatch":["https:\/\/praxas.com\/wp-content\/uploads\/EL-SIE-Right-Side-Pressure-logo-800x463-1-100x100.png",100,100,true],"woocommerce_thumbnail":["https:\/\/praxas.com\/wp-content\/uploads\/EL-SIE-Right-Side-Pressure-logo-800x463-1-300x174.png",300,174,true],"woocommerce_single":["https:\/\/praxas.com\/wp-content\/uploads\/EL-SIE-Right-Side-Pressure-logo-800x463-1.png",800,463,false],"woocommerce_gallery_thumbnail":["https:\/\/praxas.com\/wp-content\/uploads\/EL-SIE-Right-Side-Pressure-logo-800x463-1-150x87.png",150,87,true]},"uagb_author_info":{"display_name":"AndyS","author_link":"https:\/\/praxas.com\/it\/author\/"},"uagb_comment_info":0,"uagb_excerpt":"Registratore di dati di pressione, temperatura e umidit\u00e0 con display","_links":{"self":[{"href":"https:\/\/praxas.com\/it\/wp-json\/wp\/v2\/product\/34526","targetHints":{"allow":["GET"]}}],"collection":[{"href":"https:\/\/praxas.com\/it\/wp-json\/wp\/v2\/product"}],"about":[{"href":"https:\/\/praxas.com\/it\/wp-json\/wp\/v2\/types\/product"}],"wp:featuredmedia":[{"embeddable":true,"href":"https:\/\/praxas.com\/it\/wp-json\/wp\/v2\/media\/34527"}],"wp:attachment":[{"href":"https:\/\/praxas.com\/it\/wp-json\/wp\/v2\/media?parent=34526"}],"wp:term":[{"taxonomy":"product_brand","embeddable":true,"href":"https:\/\/praxas.com\/it\/wp-json\/wp\/v2\/product_brand?post=34526"},{"taxonomy":"product_cat","embeddable":true,"href":"https:\/\/praxas.com\/it\/wp-json\/wp\/v2\/product_cat?post=34526"},{"taxonomy":"product_tag","embeddable":true,"href":"https:\/\/praxas.com\/it\/wp-json\/wp\/v2\/product_tag?post=34526"}],"curies":[{"name":"wp","href":"https:\/\/api.w.org\/{rel}","templated":true}]}}