{"id":35203,"date":"2023-06-28T16:43:00","date_gmt":"2023-06-28T14:43:00","guid":{"rendered":"https:\/\/staging.praxas.com\/product\/senza-categoria\/el-wifi-vac\/"},"modified":"2025-10-14T17:11:18","modified_gmt":"2025-10-14T15:11:18","slug":"el-wifi-vac","status":"publish","type":"product","link":"https:\/\/praxas.com\/it\/product\/registratori-di-dati\/monitoraggio-dei-vaccini\/el-wifi-vac\/","title":{"rendered":"EL-WiFi-VAC"},"content":{"rendered":"<p>L&#8217;EL-WiFi-VAC consente il monitoraggio remoto della temperatura del vaccino e la raccolta dei dati attraverso una rete WiFi, visualizzabile da qualsiasi dispositivo abilitato a internet, compresi smartphone, tablet o PC, utilizzando il programma EasyLog Cloud. <a href=\"https:\/\/praxas.com\/en\/easylog-cloud\/\"><br \/>\n  <strong>EasyLog Cloud<\/strong><br \/>\n<\/a> EasyLog. Imposta allarmi di alta e bassa temperatura e ricevi avvisi istantanei via e-mail quando le temperature diventano troppo calde o fredde nel frigorifero o nel congelatore.<\/p>\n<p>Il dispositivo memorizza i dati internamente se perde la connessione WiFi e li carica automaticamente sul Cloud una volta ricollegato.<\/p>\n<p>Utilizza il <a href=\"https:\/\/praxas.com\/en\/easylog-cloud\/\"><br \/>\n  <strong>EasyLog Cloud<\/strong><br \/>\n<\/a> per Android e Apple per configurare facilmente il tuo dispositivo e accedere ai tuoi dati in qualsiasi momento e ovunque.<\/p>\n<p>Questo prodotto soddisfa e supera gli standard CDC per il monitoraggio dei vaccini.<\/p>\n<p>Questo prodotto \u00e8 conforme alla norma BS EN 12830:2018 (Registratori di temperatura per il trasporto, lo stoccaggio e la distribuzione di merci sensibili alla temperatura).<\/p>\n","protected":false},"excerpt":{"rendered":"<p>Kit di monitoraggio dei vaccini WiFi<\/p>\n","protected":false},"featured_media":35204,"template":"","meta":{"_acf_changed":false,"content-type":"","_uag_custom_page_level_css":""},"product_brand":[],"product_cat":[1913],"product_tag":[1883,1882,2436,1887,1886,1895,1898,1881],"class_list":{"0":"post-35203","1":"product","2":"type-product","3":"status-publish","4":"has-post-thumbnail","6":"product_cat-monitoraggio-dei-vaccini","7":"product_tag-allarme","8":"product_tag-display-it","9":"product_tag-easylog-it","10":"product_tag-easylog-cloud-it","11":"product_tag-iot-it","12":"product_tag-sonda-esterna","13":"product_tag-termistore","14":"product_tag-wifi-it","16":"first","17":"instock","18":"taxable","19":"shipping-taxable","20":"purchasable","21":"product-type-simple"},"bundled_by":[],"bundle_stock_status":"instock","bundle_stock_quantity":91,"bundle_virtual":false,"bundle_layout":"","bundle_add_to_cart_form_location":"","bundle_editable_in_cart":false,"bundle_sold_individually_context":"","bundle_item_grouping":"","bundle_min_size":"","bundle_max_size":"","bundle_price":[],"bundled_items":[],"bundle_sell_ids":[],"acf":[],"spectra_custom_meta":{"_download_limit":["-1","-1"],"_download_expiry":["-1","-1"],"_downloadable":["no","no"],"_sku":["EL-WiFi-VAC","EL-WiFi-VAC"],"_stock_status":["instock","instock","instock","instock","instock","instock","instock","instock"],"_sold_individually":["no","no"],"_tax_class":["",""],"_tax_status":["taxable","taxable"],"_virtual":["no","no"],"_weight":["1"],"_width":["0"],"_height":["0"],"_length":["0"],"total_sales":["12","12"],"_product_datasheet":["field_650ad7d6ea3a0"],"connectivity":["WiFi","WiFi"],"_connectivity":["field_64dce263bb57c","field_64dce263bb57c"],"brand":["EasyLog","EasyLog"],"_brand":["field_64ddf62ed2593","field_64ddf62ed2593"],"_brand_image":["field_650c5e7c84cae"],"_specifications_table":["field_65044e1db92a8"],"_display_data_alarm":["field_667d647bcb066"],"_resources":["field_650849c6945ee"],"_accessories":["field_650849e6945f0","field_650849e6945f0"],"_faqs":["field_650859523d8d5"],"_calibration_suitable_ids_gb":["field_654b4c4acb54a"],"_calibration_suitable_ids_us":["field_654b4c56cb54b"],"_show_in_calibration_suitable":["field_654cfb691d345"],"_shipping":["field_66852535c98a5"],"_refrigerant_cabinet":["field_66852557c98a6"],"_main_specifications":["field_66855b25b1245"],"_usd_price_4":["field_651570dcac479"],"_usd_price_9":["field_6515713eb4807"],"_usd_price_24":["field_65157141b4809"],"_usd_price_49":["field_65157140b4808"],"_usd_price_99":["field_6515715bb480a"],"_gbp_price_4":["field_6515716e83bfa"],"_gbp_price_9":["field_6515724783bfb"],"_gbp_price_24":["field_6515724b83bfc"],"_gbp_price_49":["field_6515725983bfd"],"_gbp_price_99":["field_6515725d83bfe"],"_usdhk_price_4":["field_6515726f83bff"],"_usdhk_price_9":["field_6515727c83c00"],"_usdhk_price_24":["field_6515728083c01"],"_usdhk_price_49":["field_6515728983c02"],"_usdhk_price_99":["field_6515728e83c03"],"stock_options":["In stock"],"_stock_options":["field_6544b605dc7f9"],"_top_nav_excluded":[""],"_cms_nav_minihome":[""],"wcml_sync_hash":["a:1:{s:15:\"postmeta_fields\";s:32:\"2aec0ae448ecf1341a1897f83c2aeda5\";}"],"attr_label_translations":["a:0:{}"],"_product_image_gallery":["35205,35206"],"_thumbnail_id":["35204"],"_crosssell_ids":["a:0:{}"],"_stock":["91.000000"],"_calibration":["field_66a0ddd599972"],"_edit_lock":["1722264282:8383"],"classic-editor-remember":["classic-editor"],"rank_math_seo_score":["75"],"_edit_last":["8383"],"commercekit_gallery_layout":[""],"commercekit_disable_sticky_atc":["0"],"commercekit_wc_video_gallery":["a:0:{}"],"_rank_math_gtin_code":[""],"_wcml_average_rating":[null],"_wcml_review_count":[null],"_wcml_rating_count":[null],"_wc_average_rating":[0],"_wc_review_count":["0"],"_product_version":["9.1.2"],"display_data_alarm":[""],"calibration":[""],"calibration_suitable_ids_gb":[""],"calibration_suitable_ids_us":[""],"show_in_calibration_suitable":[""],"other_features":[""],"shipping":[""],"refrigerant_cabinet":[""],"main_specifications":[""],"shoptimizer_layout_pdp_short_description_position":["default"],"product_datasheet":["10483"],"brand_image":["10467"],"_wpml_media_duplicate":["1"],"_wpml_media_featured":["1"],"_last_translation_edit_mode":["translation-editor"],"_product_attributes":["a:2:{s:16:\"pa_product-brand\";a:6:{s:4:\"name\";s:16:\"pa_product-brand\";s:5:\"value\";s:0:\"\";s:8:\"position\";i:0;s:10:\"is_visible\";i:1;s:12:\"is_variation\";i:0;s:11:\"is_taxonomy\";i:1;}s:19:\"pa_product-features\";a:6:{s:4:\"name\";s:19:\"pa_product-features\";s:5:\"value\";s:0:\"\";s:8:\"position\";i:1;s:10:\"is_visible\";i:1;s:12:\"is_variation\";i:0;s:11:\"is_taxonomy\";i:1;}}"],"_backorders":["no","no"],"_manage_stock":["no","no"],"min_temp":["-40"],"max_temp":["60"],"_min_temp":["field_67ea5eb4e0a77"],"_max_temp":["field_67ea5f81e0a79"],"_wpml_word_count":["177"],"rank_math_primary_product_cat":["100","100"],"_global_unique_id":["5056744400144"],"faqs":["[accordion]\n[accordion_header]Perch\u00e9 il mio dispositivo non si connette alla rete wireless?[\/accordion_header]\n[accordion_section]\n\nPuoi eseguire i seguenti passaggi per risolvere questo problema:\n\nControlli di base:\n\n1) Verifica che la password inserita sia corretta.\n\n2) Assicurati che il nome SSID non contenga spazi o altri caratteri speciali.\n\n3) Verifica che la tua rete abbia una connessione a Internet.\n\n4) Verifica che il dispositivo sia nel raggio d'azione del router.\n\n5) \u00c8 richiesta una rete a 2,4 GHz che supporti gli standard 802.11b, g o n. Le reti a 5GHz non sono supportate.\n\nControlli di rete avanzati:\n\n6) La porta TCP 14354 \u00e8 aperta al traffico in uscita dalla rete e dal firewall.\n\n7) Assicurati che il filtro MAC non sia attivo o che, se \u00e8 attivo, l'indirizzo MAC del dispositivo sia incluso nell'elenco dei dispositivi conosciuti.\n\n8) Verifica che il servizio DHCP sia attivo. Questo permette di assegnare al dispositivo un indirizzo IP. Normalmente, il servizio DHCP viene eseguito nel router o in un server di rete. Assicurati che l'intervallo di indirizzi IP DHCP configurato consenta l'aggiunta di nuovi dispositivi, altrimenti estendi l'intervallo.\n\n9) Se la tua rete wireless utilizza l'autenticazione WPA Enterprise, assicurati che durante la configurazione sia stato selezionato il tipo di autenticazione corretto dalla casella a discesa. Sono supportati solo i tipi elencati.\n\n[\/accordion_section]\n[\/accordion]\n\n[accordion]\n[accordion_header]Quale durata della batteria posso aspettarmi dal mio dispositivo e perder\u00f2 i miei dati se si esaurisce?[\/accordion_header]\n[accordion_section]\n\nCi sono diversi fattori che possono influenzare in modo significativo la durata della batteria del dispositivo, tra cui: la pianificazione della sincronizzazione, il metodo di crittografia Wi-Fi, la frequenza di rotazione della chiave di crittografia Wi-Fi (determinata dal punto di accesso o dal router), la potenza del segnale tra il punto di accesso o il router e il dispositivo, il volume e il tipo di traffico Wi-Fi proveniente da altri dispositivi, la frequenza di campionamento e la temperatura di esercizio. Nei nostri test, abbiamo ottenuto regolarmente una durata della batteria superiore a sei mesi con una velocit\u00e0 di trasmissione di un'ora o pi\u00f9 a temperatura ambiente. Il dispositivo non effettuer\u00e0 letture in assenza di alimentazione, ma tutte le letture effettuate prima della perdita di alimentazione saranno sincronizzate. Una volta ricaricato, il dispositivo si riconnetter\u00e0 a EasyLog Cloud, avvier\u00e0 una nuova sessione di registrazione e continuer\u00e0 a registrare.\n\nEL-WIFI - La batteria di questo dispositivo \u00e8 ricaricabile e la carica dura in genere 6 mesi. Puoi anche alimentare il dispositivo tramite un alimentatore di rete.\n\nEL-IOT - Le batterie durano in genere pi\u00f9 di un anno. Il dispositivo richiede 4 batterie AA da 1.5V\n\nEL-WEM - Questo dispositivo deve essere sempre alimentato dalla rete elettrica.\n\n[\/accordion_section]\n[\/accordion]\n\n<a class=\"button button-orange\" href=\"\/support\/el-wifi-data-loggers\/\">Pi\u00f9 supporto<\/a>"],"_other_features":["field_686fa2aa98dce"],"rank_math_title":["EL-WiFi-VAC | Data logger digitali per vaccini | Praxas"],"rank_math_description":["L'EL-WiFi-VAC consente il monitoraggio remoto della temperatura dei vaccini e la raccolta dei dati attraverso una rete WiFi visualizzabile da qualsiasi dispositivo abilitato a internet tramite EasyLog Cloud."],"rank_math_focus_keyword":["EL-WiFi-VAC"],"specifications_table":["<table class=\"specifications\">\n<tbody>\n<tr class=\"even-row\">\n<td class=\"left-td\">Campo di misura (sonda in dotazione)<\/td>\n<td>Da -40 a 60\u00b0C (da -40 a 140\u00b0F)<\/td>\n<\/tr>\n<tr class=\"odd-row\">\n<td class=\"left-td\">Risoluzione di misurazione<\/td>\n<td>0,01\u00b0C (0,02\u00b0F)<\/td>\n<\/tr>\n<tr class=\"even-row\">\n<td class=\"left-td\">Precisione di misurazione (tipica)<\/td>\n<td>\u00b10,1\u00b0C\/\u00b10,2\u00b0F (da -10 a +60\u00b0C\/+14 a +140\u00b0F)<\/td>\n<\/tr>\n<tr class=\"odd-row\">\n<td class=\"left-td\">Precisione di misurazione (massima)<\/td>\n<td>\u00b10,6\u00b0C\/\u00b11,1\u00b0F (da -40 a +60\u00b0C\/da -40 a +140\u00b0F)<\/td>\n<\/tr>\n<tr class=\"even-row\">\n<td class=\"left-td\">Temperatura di funzionamento (modulo)<\/td>\n<td>Da -20 a +60\u00b0C (da -4 a +140\u00b0F)<\/td>\n<\/tr>\n<tr class=\"odd-row\">\n<td class=\"left-td\">Letture<\/td>\n<td>Illimitato<\/td>\n<\/tr>\n<tr class=\"even-row\">\n<td class=\"left-td\">Velocit\u00e0 di registrazione<\/td>\n<td>Selezionabile dall'utente tra 10 secondi e 12 ore<\/td>\n<\/tr>\n<tr class=\"odd-row\">\n<td class=\"left-td\">Durata della batteria<\/td>\n<td>Batteria ricaricabile \/ 6 mesi di durata della batteria \/ Opzione alimentazione a rete<\/td>\n<\/tr>\n<tr class=\"even-row\">\n<td class=\"left-td\">Certificato di calibrazione<\/td>\n<td>Fornito a 2 e 8\u00b0C<\/td>\n<\/tr>\n<\/tbody>\n<\/table>"],"resources":["<ul class=\"resources-list\">\n \t<li><img src=\"https:\/\/praxas.com\/wp-content\/uploads\/document-icon.png\" alt=\"Icona del documento\"><a href=\"https:\/\/praxas.com\/wp-content\/uploads\/easylog-data-logger-el-wifi-vac_iss4_07-19.pdf\" target=\"_blank\" rel=\"noopener\">Scheda tecnica di EL-WiFi-VAC<\/a><\/li>\n \t<li><img src=\"https:\/\/praxas.com\/wp-content\/uploads\/software-icon.png\" alt=\"Icona del software\"><a href=\"https:\/\/praxas.com\/software\/easylog-software\/easylog-wifi\/\" target=\"_blank\" rel=\"noopener\">Software EasyLog WiFi<\/a><\/li>\n \t<li><img src=\"https:\/\/praxas.com\/wp-content\/uploads\/software-icon.png\" alt=\"Icona del software\"><a href=\"https:\/\/praxas.com\/en\/easylog-cloud\/\" target=\"_blank\" rel=\"noopener\">EasyLog Cloud<\/a><\/li>\n \t<li><img src=\"https:\/\/praxas.com\/wp-content\/uploads\/document-icon.png\" alt=\"Icona del documento\"><a href=\"https:\/\/praxas.com\/wp-content\/uploads\/el_wifi_qsg_iss4_11-18_pages.pdf\" target=\"_blank\" rel=\"noopener\">Guida rapida di EL-WiFi<\/a><\/li>\n \t<li><img src=\"https:\/\/praxas.com\/wp-content\/uploads\/document-icon.png\" alt=\"Icona del documento\"><a href=\"https:\/\/praxas.com\/wp-content\/uploads\/help-guide-3-network-requirements-and-settings-12-09-2022_issue-6.pdf\" target=\"_blank\" rel=\"noopener\">Requisiti e impostazioni di rete<\/a><\/li>\n \t<li><img src=\"https:\/\/praxas.com\/wp-content\/uploads\/video-icon-orange.png\" alt=\"Icona video\"><a href=\"https:\/\/www.youtube.com\/playlist?list=PL_yZedoZ_7MpemnH-a3NswL9-NgUz3DVe\" target=\"_blank\" rel=\"noopener\">Video tutorial<\/a><\/li>\n \t<li><img src=\"https:\/\/praxas.com\/wp-content\/uploads\/document-icon.png\" alt=\"Icona del documento\"><a href=\"https:\/\/praxas.com\/wp-content\/uploads\/conformity_certificate_wifi_range_with_coo-issu8.pdf\" target=\"_blank\" rel=\"noopener\">EL-WiFi-VAC Dichiarazione di conformit\u00e0<\/a><\/li>\n \t<li><img src=\"https:\/\/praxas.com\/wp-content\/uploads\/document-icon.png\" alt=\"Icona del documento\"><a href=\"https:\/\/praxas.com\/wp-content\/uploads\/bs-en-12830-record-of-compliance-issue-1.pdf\" target=\"_blank\" rel=\"noopener\">BS EN 12830:2018 Registrazione della conformit\u00e0<\/a><\/li>\n<\/ul>"],"accessories":["[products skus=\"EL-P-VAC,PSU USB-UK,PSU USB-EU,EL-WiFi Wall Bracket,EL-PROBE-EXTENDER-10M,EL-PROBE-EXTENDER-3M,EL-PROBE-EXTENDER-5M,EL-PROBE-EXTENDER-1.5M,Fridge Install Kit-TP\"]","[products skus=\"EL-P-VAC,PSU USB-UK,PSU USB-EU,EL-WiFi Wall Bracket,EL-PROBE-EXTENDER-10M,EL-PROBE-EXTENDER-3M,EL-PROBE-EXTENDER-5M,EL-PROBE-EXTENDER-1.5M,Fridge Install Kit-TP\"]"],"usd_price_4":["0.00"],"usd_price_9":["0.00"],"usd_price_24":["0.00"],"usd_price_49":["0.00"],"usd_price_99":["0.00"],"gbp_price_4":["0.00"],"gbp_price_9":["0.00"],"gbp_price_24":["166.49"],"gbp_price_49":["0.00"],"gbp_price_99":["147.99"],"usdhk_price_4":["0.00"],"usdhk_price_9":["0.00"],"usdhk_price_24":["224.99"],"usdhk_price_49":["0.00"],"usdhk_price_99":["199.99"],"_uag_page_assets":["a:9:{s:3:\"css\";s:0:\"\";s:2:\"js\";s:0:\"\";s:18:\"current_block_list\";a:0:{}s:8:\"uag_flag\";b:0;s:11:\"uag_version\";s:10:\"1775212209\";s:6:\"gfonts\";a:0:{}s:10:\"gfonts_url\";s:0:\"\";s:12:\"gfonts_files\";a:0:{}s:14:\"uag_faq_layout\";b:0;}"],"_regular_price":["237.75","237.75"],"_price":["237.75","237.75"],"_max_variation_price":[""],"_max_variation_regular_price":[""],"_max_variation_sale_price":[""],"_min_variation_price":[""],"_min_variation_regular_price":[""],"_min_variation_sale_price":[""],"_sale_price":[""],"_wc_pb_base_regular_price":[""],"_wc_pb_base_sale_price":[""],"_wc_pb_base_price":[""],"_wc_sw_max_price":[""],"_wc_sw_max_regular_price":[""],"_wc_rating_count":[""]},"uagb_featured_image_src":{"full":["https:\/\/praxas.com\/wp-content\/uploads\/Easylog-data-loggers-EL-WiFi-TP-Vac-Probe-Straight.png",800,463,false],"thumbnail":["https:\/\/praxas.com\/wp-content\/uploads\/Easylog-data-loggers-EL-WiFi-TP-Vac-Probe-Straight-150x150.png",150,150,true],"medium":["https:\/\/praxas.com\/wp-content\/uploads\/Easylog-data-loggers-EL-WiFi-TP-Vac-Probe-Straight-300x174.png",300,174,true],"medium_large":["https:\/\/praxas.com\/wp-content\/uploads\/Easylog-data-loggers-EL-WiFi-TP-Vac-Probe-Straight-768x444.png",768,444,true],"large":["https:\/\/praxas.com\/wp-content\/uploads\/Easylog-data-loggers-EL-WiFi-TP-Vac-Probe-Straight.png",800,463,false],"1536x1536":["https:\/\/praxas.com\/wp-content\/uploads\/Easylog-data-loggers-EL-WiFi-TP-Vac-Probe-Straight.png",800,463,false],"2048x2048":["https:\/\/praxas.com\/wp-content\/uploads\/Easylog-data-loggers-EL-WiFi-TP-Vac-Probe-Straight.png",800,463,false],"crunchify-admin-post-featured-image":["https:\/\/praxas.com\/wp-content\/uploads\/Easylog-data-loggers-EL-WiFi-TP-Vac-Probe-Straight-120x69.png",120,69,true],"commercegurus-pdp-large":["https:\/\/praxas.com\/wp-content\/uploads\/Easylog-data-loggers-EL-WiFi-TP-Vac-Probe-Straight.png",800,463,false],"commercegurus-plp-mobile":["https:\/\/praxas.com\/wp-content\/uploads\/Easylog-data-loggers-EL-WiFi-TP-Vac-Probe-Straight-441x255.png",441,255,true],"cgkit_image_swatch":["https:\/\/praxas.com\/wp-content\/uploads\/Easylog-data-loggers-EL-WiFi-TP-Vac-Probe-Straight-100x100.png",100,100,true],"woocommerce_thumbnail":["https:\/\/praxas.com\/wp-content\/uploads\/Easylog-data-loggers-EL-WiFi-TP-Vac-Probe-Straight-300x174.png",300,174,true],"woocommerce_single":["https:\/\/praxas.com\/wp-content\/uploads\/Easylog-data-loggers-EL-WiFi-TP-Vac-Probe-Straight.png",800,463,false],"woocommerce_gallery_thumbnail":["https:\/\/praxas.com\/wp-content\/uploads\/Easylog-data-loggers-EL-WiFi-TP-Vac-Probe-Straight-150x87.png",150,87,true]},"uagb_author_info":{"display_name":"AndyS","author_link":"https:\/\/praxas.com\/it\/author\/"},"uagb_comment_info":0,"uagb_excerpt":"Kit di monitoraggio dei vaccini WiFi","_links":{"self":[{"href":"https:\/\/praxas.com\/it\/wp-json\/wp\/v2\/product\/35203","targetHints":{"allow":["GET"]}}],"collection":[{"href":"https:\/\/praxas.com\/it\/wp-json\/wp\/v2\/product"}],"about":[{"href":"https:\/\/praxas.com\/it\/wp-json\/wp\/v2\/types\/product"}],"wp:featuredmedia":[{"embeddable":true,"href":"https:\/\/praxas.com\/it\/wp-json\/wp\/v2\/media\/35204"}],"wp:attachment":[{"href":"https:\/\/praxas.com\/it\/wp-json\/wp\/v2\/media?parent=35203"}],"wp:term":[{"taxonomy":"product_brand","embeddable":true,"href":"https:\/\/praxas.com\/it\/wp-json\/wp\/v2\/product_brand?post=35203"},{"taxonomy":"product_cat","embeddable":true,"href":"https:\/\/praxas.com\/it\/wp-json\/wp\/v2\/product_cat?post=35203"},{"taxonomy":"product_tag","embeddable":true,"href":"https:\/\/praxas.com\/it\/wp-json\/wp\/v2\/product_tag?post=35203"}],"curies":[{"name":"wp","href":"https:\/\/api.w.org\/{rel}","templated":true}]}}