{"id":35282,"date":"2023-07-27T02:03:00","date_gmt":"2023-07-27T00:03:00","guid":{"rendered":"https:\/\/staging.praxas.com\/product\/senza-categoria\/el-sie-1\/"},"modified":"2025-10-14T16:55:14","modified_gmt":"2025-10-14T14:55:14","slug":"el-sie-1","status":"publish","type":"product","link":"https:\/\/praxas.com\/it\/product\/registratori-di-dati\/registratori-di-dati-di-temperatura\/el-sie-1\/","title":{"rendered":"EL-SIE-1+"},"content":{"rendered":"<p>Monitora l&#8217;ambiente in cui vivi e lavori con l&#8217;EasyLog EL-SIE-1+. Grazie all&#8217;avanzato software integrato, non c&#8217;\u00e8 nulla da installare sul PC o sul Mac: basta collegare il logger con un cavo USB e utilizzare il browser web per configurare il dispositivo e visualizzare, analizzare e scaricare i dati. Non potrebbe essere pi\u00f9 facile.<\/p>\n<p>Il display luminoso e chiaro mostra le letture correnti e lo stato del dispositivo in un colpo d&#8217;occhio e il prodotto viene fornito con una staffa per un montaggio a parete sicuro. EL-SIE-1+ utilizza batterie AAA standard e la durata tipica delle batterie \u00e8 di oltre 1 anno.<\/p>\n<p>Il modello EL-SIE-1+ \u00e8 una versione ad alta precisione e misura solo la temperatura. Sono disponibili anche altri modelli che misurano temperatura e umidit\u00e0 o temperatura, umidit\u00e0 e pressione. I mercati chiave includono la gestione di strutture ed edifici, la logistica, i magazzini e lo stoccaggio, le camere bianche e altri ambienti sensibili alla pressione.<\/p>\n<p>I dati registrati possono essere scaricati sul tuo computer o caricati su un account EasyLog Cloud per un&#8217;archiviazione sicura e una potente analisi.<\/p>\n<p>Le traduzioni della scheda tecnica di EL-SIE-1+ sono disponibili nella scheda risorse.<\/p>\n","protected":false},"excerpt":{"rendered":"<p>Registratore di dati di temperatura USB ad alta precisione con display<\/p>\n","protected":false},"featured_media":35283,"template":"","meta":{"_acf_changed":false,"content-type":"","_uag_custom_page_level_css":""},"product_brand":[],"product_cat":[1892],"product_tag":[1883,1884,1882,2436,1887,1926,1885,1914],"class_list":{"0":"post-35282","1":"product","2":"type-product","3":"status-publish","4":"has-post-thumbnail","6":"product_cat-registratori-di-dati-di-temperatura","7":"product_tag-allarme","8":"product_tag-alta-precisione","9":"product_tag-display-it","10":"product_tag-easylog-it","11":"product_tag-easylog-cloud-it","12":"product_tag-el-sie-it","13":"product_tag-sensore-interno","14":"product_tag-usb-it","16":"first","17":"instock","18":"taxable","19":"shipping-taxable","20":"purchasable","21":"product-type-simple"},"bundled_by":[],"bundle_stock_status":"instock","bundle_stock_quantity":10,"bundle_virtual":false,"bundle_layout":"","bundle_add_to_cart_form_location":"","bundle_editable_in_cart":false,"bundle_sold_individually_context":"","bundle_item_grouping":"","bundle_min_size":"","bundle_max_size":"","bundle_price":[],"bundled_items":[],"bundle_sell_ids":[],"acf":[],"spectra_custom_meta":{"_wcml_average_rating":[null],"_wcml_review_count":[null],"_wcml_rating_count":[null],"_download_limit":["-1","-1"],"_download_expiry":["-1","-1"],"_downloadable":["no","no"],"_sku":["EL-SIE-1+","EL-SIE-1+"],"_stock_status":["instock","instock","instock","instock","instock","instock","instock"],"_sold_individually":["no","no"],"_tax_class":["",""],"_tax_status":["taxable","taxable"],"_virtual":["no","no"],"_weight":["0"],"_width":["0"],"_height":["0"],"_length":["0","0"],"total_sales":["0","0"],"product_datasheet":["10427"],"_product_datasheet":["field_650ad7d6ea3a0"],"_connectivity":["field_64dce263bb57c","field_64dce263bb57c"],"brand":["EasyLog","EasyLog"],"_brand":["field_64ddf62ed2593","field_64ddf62ed2593"],"brand_image":["10467"],"_brand_image":["field_650c5e7c84cae"],"_specifications_table":["field_65044e1db92a8"],"_resources":["field_650849c6945ee"],"_accessories":["field_650849e6945f0","field_650849e6945f0"],"_faqs":["field_650859523d8d5"],"_calibration_suitable_ids_gb":["field_654b4c4acb54a"],"_calibration_suitable_ids_us":["field_654b4c56cb54b"],"_show_in_calibration_suitable":["field_654cfb691d345"],"_usd_price_4":["field_651570dcac479"],"_usd_price_9":["field_6515713eb4807"],"_usd_price_24":["field_65157141b4809"],"_usd_price_49":["field_65157140b4808"],"_usd_price_99":["field_6515715bb480a"],"_gbp_price_4":["field_6515716e83bfa"],"_gbp_price_9":["field_6515724783bfb"],"_gbp_price_24":["field_6515724b83bfc"],"_gbp_price_49":["field_6515725983bfd"],"_gbp_price_99":["field_6515725d83bfe"],"_usdhk_price_4":["field_6515726f83bff"],"_usdhk_price_9":["field_6515727c83c00"],"_usdhk_price_24":["field_6515728083c01"],"_usdhk_price_49":["field_6515728983c02"],"_usdhk_price_99":["field_6515728e83c03"],"stock_options":["In stock"],"_stock_options":["field_6544b605dc7f9"],"_top_nav_excluded":[""],"_cms_nav_minihome":[""],"calibration":["I test di calibrazione effettuati sui nostri prodotti garantiscono l'accuratezza costante del tuo data logger EasyLog. Questo aspetto \u00e8 rilevante per tutti gli utenti, ma \u00e8 particolarmente importante per le applicazioni mediche, alimentari e scientifiche e per i casi in cui \u00e8 necessario dimostrare la conformit\u00e0 agli audit. Offriamo una serie di opzioni di calibrazione standard adatte alle applicazioni pi\u00f9 comuni, come il monitoraggio di frigoriferi, prodotti refrigerati e congelatori, ma possiamo anche fornire calibrazioni personalizzate in qualsiasi punto di misurazione tu abbia bisogno. Per maggiori dettagli, contatta il nostro team di vendita.\n\nOpzioni di calibrazione disponibili per l'EL-SIE-1+:\n\n[country code=\"GB\"][products ids=\"7303,7302\"][\/country][country code=\"US\"][products ids=\"7260,7258,7264,7262\"][\/country][country code=\"HK\"][products ids=\"7259,7261\"][\/country]"],"wcml_sync_hash":["a:1:{s:15:\"postmeta_fields\";s:32:\"2a6c2cf1bb53904a9b19512e5d5a132f\";}"],"attr_label_translations":["a:0:{}"],"_product_attributes":["a:2:{s:16:\"pa_product-brand\";a:6:{s:4:\"name\";s:16:\"pa_product-brand\";s:5:\"value\";s:0:\"\";s:8:\"position\";i:0;s:10:\"is_visible\";i:1;s:12:\"is_variation\";i:0;s:11:\"is_taxonomy\";i:1;}s:19:\"pa_product-features\";a:6:{s:4:\"name\";s:19:\"pa_product-features\";s:5:\"value\";s:0:\"\";s:8:\"position\";i:1;s:10:\"is_visible\";i:1;s:12:\"is_variation\";i:0;s:11:\"is_taxonomy\";i:1;}}"],"_product_image_gallery":["35284,35285"],"_thumbnail_id":["35283"],"_crosssell_ids":["a:0:{}"],"_stock":["10.000000"],"_display_data_alarm":["field_667d647bcb066"],"_calibration":["field_66a0ddd599972"],"_shipping":["field_66852535c98a5"],"_refrigerant_cabinet":["field_66852557c98a6"],"_main_specifications":["field_66855b25b1245"],"_last_translation_edit_mode":["translation-editor"],"connectivity":["USB","USB"],"_backorders":["no","no"],"_manage_stock":["no","no"],"min_temp":["-18"],"max_temp":["55"],"_min_temp":["field_67ea5eb4e0a77"],"_max_temp":["field_67ea5f81e0a79"],"_wpml_word_count":["217"],"rank_math_primary_product_cat":["87","87"],"_global_unique_id":["5056744400779"],"faqs":["[accordion]\n[accordion_header]Perch\u00e9 le mie batterie non funzionano?[\/accordion_header]\n[accordion_section]Se lasciate inutilizzate per lunghi periodi di tempo, le batterie al litio-metallo, comprese quelle utilizzate nella gamma di data logger EasyLog, formano naturalmente uno strato interno non conduttivo - uno strato di passivazione - che impedisce loro di autoscaricarsi e ne aumenta la durata di conservazione. Quando viene installato per la prima volta nel data logger, pu\u00f2 causare un calo momentaneo della tensione della batteria (la Tensione Minima Transitoria) quando lo strato interno viene interrotto, causando il reset del data logger. Inserendo le batterie nel data logger e lasciandolo collegato a un PC per circa 30 secondi, questo strato verr\u00e0 rimosso. Dopo questa operazione, rimuovi e reinstalla le batterie per resettare il data logger. La durata complessiva della batteria non ne risentir\u00e0.[\/accordion_section]\n[\/accordion]\n\n<a class=\"button button-orange\" href=\"\/support\/el-usb-data-loggers\/\">Pi\u00f9 supporto<\/a>"],"_other_features":["field_686fa2aa98dce"],"rank_math_title":["EL-SIE-1+ | Registratore di dati di temperatura USB ad alta precisione"],"rank_math_description":["Hai bisogno di una soluzione per la registrazione dei dati di temperatura? Se \u00e8 cos\u00ec, allora EasyLog EL-SIE-1+ fa al caso tuo! Controlla facilmente l'ambiente in cui vivi e lavori!"],"rank_math_focus_keyword":["EL-SIE-1+"],"specifications_table":["<table class=\"specifications\">\n<tbody>\n<tr class=\"even-row\">\n<td class=\"left-td\">Intervallo di misurazione (T)<\/td>\n<td>Da -18 a +55\u00b0C (da -0,4 a +131\u00b0F)<\/td>\n<\/tr>\n<tr class=\"odd-row\">\n<td class=\"left-td\">Precisione<\/td>\n<td>\u00b10,1\u00b0C (\u00b10,18\u00b0F)<\/td>\n<\/tr>\n<tr class=\"even-row\">\n<td class=\"left-td\">Velocit\u00e0 di registrazione<\/td>\n<td>Da 10 secondi a 24 ore, selezionabile dall'utente<\/td>\n<\/tr>\n<tr class=\"odd-row\">\n<td class=\"left-td\">Modalit\u00e0 di avvio<\/td>\n<td>Avvio immediato, push-to-start, avvio ritardato, attivazione dei parametri<\/td>\n<\/tr>\n<tr class=\"even-row\">\n<td class=\"left-td\">Capacit\u00e0 di memoria<\/td>\n<td>Oltre 1.000.000 di letture totali<\/td>\n<\/tr>\n<tr class=\"odd-row\">\n<td class=\"left-td\">Sirena<\/td>\n<td>Allarme sonoro integrato<\/td>\n<\/tr>\n<tr class=\"even-row\">\n<td class=\"left-td\">Alimentazione<\/td>\n<td>2 batterie AAA da 1,5 V<\/td>\n<\/tr>\n<tr class=\"odd-row\">\n<td class=\"left-td\">Durata della batteria<\/td>\n<td>>1 anno (a 25\u00b0C con velocit\u00e0 di registrazione di 10 minuti)<\/td>\n<\/tr>\n<tr class=\"even-row\">\n<td class=\"left-td\">Dimensioni<\/td>\n<td>93 x 42 x 17 mm (staffa esclusa)<\/td>\n<\/tr>\n<tr class=\"odd-row\">\n<td class=\"left-td\">Intervallo di temperatura operativa<\/td>\n<td>Da -18 a +55\u00b0C (da -0,4 a +131\u00b0F)<\/td>\n<\/tr>\n<tr class=\"even-row\">\n<td class=\"left-td\">Valutazione ambientale<\/td>\n<td>IP2X<\/td>\n<\/tr>\n<\/tbody>\n<\/table>"],"resources":["<ul class=\"resources-list\">\n \t<li><img src=\"https:\/\/praxas.com\/wp-content\/uploads\/document-icon.png\" alt=\"Icona del documento\">Scheda tecnica di EL-SIE-1+<\/li>\n \t<li><a href=\"https:\/\/praxas.com\/wp-content\/uploads\/easylog-data-logger-el-sie-1plus-iss4_11-22.pdf\" target=\"_blank\" rel=\"noopener\">Inglese<\/a><\/li>\n \t<li><a href=\"https:\/\/praxas.com\/wp-content\/uploads\/el-sie-1plus-iss4_11-22-french.pdf\" target=\"_blank\" rel=\"noopener\">Francese<\/a><\/li>\n \t<li><a href=\"https:\/\/praxas.com\/wp-content\/uploads\/el-sie-1plus-iss4_11-22-german.pdf\" target=\"_blank\" rel=\"noopener\">Tedesco<\/a><\/li>\n \t<li><a href=\"https:\/\/praxas.com\/wp-content\/uploads\/el-sie-1plus-iss4_11-22-italian.pdf\" target=\"_blank\" rel=\"noopener\">Italiano<\/a><\/li>\n \t<li><a href=\"https:\/\/praxas.com\/wp-content\/uploads\/easylog-data-logger-el-sie-1plus-iss4_11-22.pdf\" target=\"_blank\" rel=\"noopener\">Spagnolo<\/a><\/li>\n \t<li><img src=\"https:\/\/praxas.com\/wp-content\/uploads\/document-icon.png\" alt=\"Icona del documento\"><span class=\"mldTitle\">Guida rapida di EL-SIE-1+<\/span><\/li>\n \t<li><a href=\"https:\/\/praxas.com\/wp-content\/uploads\/el-sie-qsg-11_2019-pths-for-webpdf.pdf\" target=\"_blank\" rel=\"noopener\">Inglese<\/a><\/li>\n \t<li><a href=\"https:\/\/praxas.com\/wp-content\/uploads\/el-sie-qsg-11_2019-french.pdf\" target=\"_blank\" rel=\"noopener\">Francese<\/a><\/li>\n \t<li><a href=\"https:\/\/praxas.com\/wp-content\/uploads\/el-sie-qsg-11_2019-german.pdf\" target=\"_blank\" rel=\"noopener\">Tedesco<\/a><\/li>\n \t<li><a href=\"https:\/\/praxas.com\/wp-content\/uploads\/el-sie-qsg-11_2019-italian.pdf\" target=\"_blank\" rel=\"noopener\">Italiano<\/a><\/li>\n \t<li><a href=\"https:\/\/praxas.com\/wp-content\/uploads\/el-sie-qsg-11_2019-spanish.pdf\" target=\"_blank\" rel=\"noopener\">Spagnolo<\/a><\/li>\n \t<li><img src=\"https:\/\/praxas.com\/wp-content\/uploads\/video-icon-orange.png\" alt=\"Icona video\"><a href=\"https:\/\/www.youtube.com\/playlist?list=PL_yZedoZ_7MrFJR7JPSQPoTegZBsG4ROO\" target=\"_blank\" rel=\"noopener\">Tutorial EL-SIE<\/a><\/li>\n \t<li><img src=\"https:\/\/praxas.com\/wp-content\/uploads\/document-icon.png\" alt=\"Icona del documento\"><a href=\"https:\/\/praxas.com\/wp-content\/uploads\/Declaration-of-Conformity_EasyLog_iss26.pdf\" target=\"_blank\" rel=\"noopener\">EL-SIE-1 Dichiarazione di conformit\u00e0<\/a><\/li>\n \t<li><img src=\"https:\/\/praxas.com\/wp-content\/uploads\/document-icon.png\" alt=\"Icona del documento\"><a href=\"https:\/\/praxas.com\/wp-content\/uploads\/declaration-of-conformity_easylog_useonaircraft_iss2.pdf\" target=\"_blank\" rel=\"noopener\">Dichiarazione di utilizzo su aeromobili<\/a><\/li>\n<\/ul>\n<a class=\"button button-secondary\" href=\"https:\/\/praxas.com\/support\/\">Pi\u00f9 supporto<\/a>"],"accessories":["[products skus=\"BAT 1V5 AAA,CABLE USB C 0.5M\"]","[products skus=\"BAT 1V5 AAA,CABLE USB C 0.5M\"]"],"usd_price_4":["0.00"],"usd_price_9":["0.00"],"usd_price_24":["0.00"],"usd_price_49":["0.00"],"usd_price_99":["0.00"],"gbp_price_4":["0.00"],"gbp_price_9":["0.00"],"gbp_price_24":["62.99"],"gbp_price_49":["0.00"],"gbp_price_99":["55.99"],"usdhk_price_4":["0.00"],"usdhk_price_9":["0.00"],"usdhk_price_24":["85.49"],"usdhk_price_49":["0.00"],"usdhk_price_99":["75.99"],"_uag_page_assets":["a:9:{s:3:\"css\";s:0:\"\";s:2:\"js\";s:0:\"\";s:18:\"current_block_list\";a:0:{}s:8:\"uag_flag\";b:0;s:11:\"uag_version\";s:10:\"1777020109\";s:6:\"gfonts\";a:0:{}s:10:\"gfonts_url\";s:0:\"\";s:12:\"gfonts_files\";a:0:{}s:14:\"uag_faq_layout\";b:0;}"],"_regular_price":["91.4","91.4"],"_price":["91.4","91.4"],"_max_variation_price":[""],"_max_variation_regular_price":[""],"_max_variation_sale_price":[""],"_min_variation_price":[""],"_min_variation_regular_price":[""],"_min_variation_sale_price":[""],"_sale_price":[""],"_wc_pb_base_regular_price":[""],"_wc_pb_base_sale_price":[""],"_wc_pb_base_price":[""],"_wc_sw_max_price":[""],"_wc_sw_max_regular_price":[""],"_wc_rating_count":[""],"_wc_review_count":[""],"_wc_average_rating":[0]},"uagb_featured_image_src":{"full":["https:\/\/praxas.com\/wp-content\/uploads\/EL-SIE-Right-Side-Temp-800x463-1.png",800,463,false],"thumbnail":["https:\/\/praxas.com\/wp-content\/uploads\/EL-SIE-Right-Side-Temp-800x463-1-150x150.png",150,150,true],"medium":["https:\/\/praxas.com\/wp-content\/uploads\/EL-SIE-Right-Side-Temp-800x463-1-300x174.png",300,174,true],"medium_large":["https:\/\/praxas.com\/wp-content\/uploads\/EL-SIE-Right-Side-Temp-800x463-1-768x444.png",768,444,true],"large":["https:\/\/praxas.com\/wp-content\/uploads\/EL-SIE-Right-Side-Temp-800x463-1.png",800,463,false],"1536x1536":["https:\/\/praxas.com\/wp-content\/uploads\/EL-SIE-Right-Side-Temp-800x463-1.png",800,463,false],"2048x2048":["https:\/\/praxas.com\/wp-content\/uploads\/EL-SIE-Right-Side-Temp-800x463-1.png",800,463,false],"crunchify-admin-post-featured-image":["https:\/\/praxas.com\/wp-content\/uploads\/EL-SIE-Right-Side-Temp-800x463-1-120x69.png",120,69,true],"commercegurus-pdp-large":["https:\/\/praxas.com\/wp-content\/uploads\/EL-SIE-Right-Side-Temp-800x463-1.png",800,463,false],"commercegurus-plp-mobile":["https:\/\/praxas.com\/wp-content\/uploads\/EL-SIE-Right-Side-Temp-800x463-1-441x255.png",441,255,true],"cgkit_image_swatch":["https:\/\/praxas.com\/wp-content\/uploads\/EL-SIE-Right-Side-Temp-800x463-1-100x100.png",100,100,true],"woocommerce_thumbnail":["https:\/\/praxas.com\/wp-content\/uploads\/EL-SIE-Right-Side-Temp-800x463-1-300x174.png",300,174,true],"woocommerce_single":["https:\/\/praxas.com\/wp-content\/uploads\/EL-SIE-Right-Side-Temp-800x463-1.png",800,463,false],"woocommerce_gallery_thumbnail":["https:\/\/praxas.com\/wp-content\/uploads\/EL-SIE-Right-Side-Temp-800x463-1-150x87.png",150,87,true]},"uagb_author_info":{"display_name":"AndyS","author_link":"https:\/\/praxas.com\/it\/author\/"},"uagb_comment_info":0,"uagb_excerpt":"Registratore di dati di temperatura USB ad alta precisione con display","_links":{"self":[{"href":"https:\/\/praxas.com\/it\/wp-json\/wp\/v2\/product\/35282","targetHints":{"allow":["GET"]}}],"collection":[{"href":"https:\/\/praxas.com\/it\/wp-json\/wp\/v2\/product"}],"about":[{"href":"https:\/\/praxas.com\/it\/wp-json\/wp\/v2\/types\/product"}],"wp:featuredmedia":[{"embeddable":true,"href":"https:\/\/praxas.com\/it\/wp-json\/wp\/v2\/media\/35283"}],"wp:attachment":[{"href":"https:\/\/praxas.com\/it\/wp-json\/wp\/v2\/media?parent=35282"}],"wp:term":[{"taxonomy":"product_brand","embeddable":true,"href":"https:\/\/praxas.com\/it\/wp-json\/wp\/v2\/product_brand?post=35282"},{"taxonomy":"product_cat","embeddable":true,"href":"https:\/\/praxas.com\/it\/wp-json\/wp\/v2\/product_cat?post=35282"},{"taxonomy":"product_tag","embeddable":true,"href":"https:\/\/praxas.com\/it\/wp-json\/wp\/v2\/product_tag?post=35282"}],"curies":[{"name":"wp","href":"https:\/\/api.w.org\/{rel}","templated":true}]}}