{"id":35342,"date":"2023-06-26T18:24:00","date_gmt":"2023-06-26T16:24:00","guid":{"rendered":"https:\/\/staging.praxas.com\/product\/senza-categoria\/sgd-70-a\/"},"modified":"2025-10-09T10:04:31","modified_gmt":"2025-10-09T08:04:31","slug":"sgd-70-a","status":"publish","type":"product","link":"https:\/\/praxas.com\/it\/product\/uncategorized-it\/sgd-70-a\/","title":{"rendered":"SGD 70-A"},"content":{"rendered":"<p>SGD 70-A \u00e8 un display touch capacitivo da 7&#8243; progettato per essere utilizzato con PanelPilotACE Design Studio, un pacchetto software gratuito in stile drag-and-drop per lo sviluppo rapido di interfacce utente avanzate e misuratori di pannelli. Questo display off-the-shelf \u00e8 dotato di numerose interfacce hardware, tra cui quattro ingressi analogici bipolari a 16 bit (fino a un massimo di \u00b140V d.c.), otto pin di ingresso\/uscita digitali, due uscite di allarme, quattro uscite PWM a 8 bit, controllo PID, Ethernet FTP per i dati registrati, registrazione dei dati multicanale e grafici di tendenza, RS232 e RS485 seriali e un&#8217;ulteriore scheda aggiuntiva per misurare la temperatura. <a href=\"https:\/\/praxas.com\/it\/product\/uncategorized-it\/s70-tp\/\"><br \/>\n  <strong>temperatura<\/strong><br \/>\n<\/a>.<\/p>\n<p><strong>Kit di sviluppo<\/strong><br \/>\nIl kit di sviluppo, <a href=\"https:\/\/praxas.com\/es\/product\/uncategorized-es\/sgd-70-a-dk\/\"><br \/>\n  <strong>SGD 70-A-DK+<\/strong><br \/>\n<\/a>\u00e8 la scelta migliore se stai iniziando a sviluppare sulla piattaforma PanelPilotACE. Include tutto il necessario per iniziare: un SGD 70-A, una scheda di sviluppo e un cavo USB. La scheda fornisce interruttori, quadranti, LED e connessioni a morsetti a vite per tutte le funzionalit\u00e0 di ingresso e uscita dell&#8217;SGD 70-A.<\/p>\n<p><strong>Universit\u00e0 PanelPilotACE<\/strong><br \/>\nIl <a href=\"https:\/\/praxas.com\/it\/panelpilotace-universita\/\"><br \/>\n  <strong>PanelPilotACE University<\/strong><br \/>\n<\/a> offre una moltitudine di risorse per rendere la tua esperienza di programmazione il pi\u00f9 rapida ed efficiente possibile. Dalle Guide alle Procedure e alle Domande Frequenti a un numero sempre crescente di Modelli ACE preconfigurati e a una Libreria di Icone e Grafici, visita l&#8217;Universit\u00e0 e rendi il tuo progetto PanelPilotACE ancora pi\u00f9 veloce.<\/p>\n","protected":false},"excerpt":{"rendered":"<p>7&#8243; con interfacce analogiche, digitali, PWM e seriali<\/p>\n","protected":false},"featured_media":35343,"template":"","meta":{"_acf_changed":false,"content-type":"","_uag_custom_page_level_css":""},"product_brand":[],"product_cat":[2647],"product_tag":[1882,1956],"class_list":{"0":"post-35342","1":"product","2":"type-product","3":"status-publish","4":"has-post-thumbnail","6":"product_cat-uncategorized-it","7":"product_tag-display-it","8":"product_tag-hmi-it","10":"first","11":"instock","12":"taxable","13":"shipping-taxable","14":"purchasable","15":"product-type-simple"},"bundled_by":[],"bundle_stock_status":"instock","bundle_stock_quantity":3,"bundle_virtual":false,"bundle_layout":"","bundle_add_to_cart_form_location":"","bundle_editable_in_cart":false,"bundle_sold_individually_context":"","bundle_item_grouping":"","bundle_min_size":"","bundle_max_size":"","bundle_price":[],"bundled_items":[],"bundle_sell_ids":[],"acf":[],"spectra_custom_meta":{"_download_limit":["-1","-1"],"_download_expiry":["-1","-1"],"_downloadable":["no","no"],"_stock_status":["instock","instock","instock","instock","instock","instock","instock"],"_sold_individually":["no","no"],"_tax_class":["",""],"_tax_status":["taxable","taxable"],"_virtual":["no","no"],"_weight":["0.482"],"_width":["0"],"_height":["0"],"_length":["0","0"],"total_sales":["11","11"],"_product_datasheet":["field_650ad7d6ea3a0"],"_connectivity":["field_64dce263bb57c","field_64dce263bb57c"],"brand":["PanelPilot","PanelPilot"],"_brand":["field_64ddf62ed2593","field_64ddf62ed2593"],"_brand_image":["field_650c5e7c84cae"],"_specifications_table":["field_65044e1db92a8"],"_resources":["field_650849c6945ee"],"_accessories":["field_650849e6945f0","field_650849e6945f0"],"_faqs":["field_650859523d8d5"],"_calibration_suitable_ids_gb":["field_654b4c4acb54a"],"_calibration_suitable_ids_us":["field_654b4c56cb54b"],"_show_in_calibration_suitable":["field_654cfb691d345"],"_usd_price_4":["field_651570dcac479"],"_usd_price_9":["field_6515713eb4807"],"_usd_price_24":["field_65157141b4809"],"_usd_price_49":["field_65157140b4808"],"_usd_price_99":["field_6515715bb480a"],"_gbp_price_4":["field_6515716e83bfa"],"_gbp_price_9":["field_6515724783bfb"],"_gbp_price_24":["field_6515724b83bfc"],"_gbp_price_49":["field_6515725983bfd"],"_gbp_price_99":["field_6515725d83bfe"],"_usdhk_price_4":["field_6515726f83bff"],"_usdhk_price_9":["field_6515727c83c00"],"_usdhk_price_24":["field_6515728083c01"],"_usdhk_price_49":["field_6515728983c02"],"_usdhk_price_99":["field_6515728e83c03"],"stock_options":["In stock"],"_stock_options":["field_6544b605dc7f9"],"_top_nav_excluded":[""],"_cms_nav_minihome":[""],"wcml_sync_hash":["a:1:{s:15:\"postmeta_fields\";s:32:\"f37969bc2304fe72a2bd9a83c21255f4\";}"],"attr_label_translations":["a:0:{}"],"_product_image_gallery":["35344,35345,35346"],"_thumbnail_id":["35343"],"_crosssell_ids":["a:0:{}"],"_stock":["3.000000"],"_sku":["SGD 70-A","SGD 70-A"],"connectivity":["",""],"_display_data_alarm":["field_667d647bcb066"],"_calibration":["field_66a0ddd599972"],"_shipping":["field_66852535c98a5"],"_refrigerant_cabinet":["field_66852557c98a6"],"_main_specifications":["field_66855b25b1245"],"_last_translation_edit_mode":["translation-editor"],"_edit_lock":["1721899867:8383"],"classic-editor-remember":["classic-editor"],"rank_math_seo_score":["87"],"_edit_last":["8383"],"commercekit_gallery_layout":[""],"commercekit_disable_sticky_atc":["0"],"commercekit_wc_video_gallery":["a:0:{}"],"_rank_math_gtin_code":[""],"_wcml_average_rating":[null],"_wcml_review_count":[null],"_wcml_rating_count":[null],"_wc_average_rating":[0],"_wc_review_count":["0"],"_product_version":["9.1.2"],"display_data_alarm":[""],"calibration":[""],"calibration_suitable_ids_gb":[""],"calibration_suitable_ids_us":[""],"show_in_calibration_suitable":[""],"other_features":[""],"shipping":[""],"refrigerant_cabinet":[""],"main_specifications":[""],"shoptimizer_layout_pdp_short_description_position":["default"],"product_datasheet":["10318"],"brand_image":["10474"],"_wpml_media_duplicate":["1"],"_wpml_media_featured":["1"],"rank_math_primary_product_cat":["108","108"],"faqs":["[accordion]\n[accordion_header]Ho visto che esiste una scheda aggiuntiva per RS485 per l'SGD 43-A ma non per l'SGD 70-A, perch\u00e9 non esiste una scheda per il 70?[\/accordion_header]\n[accordion_section]Questo perch\u00e9 il 70-A ha gi\u00e0 l'hardware incorporato e quindi non \u00e8 necessaria una scheda aggiuntiva.[\/accordion_section]\n[\/accordion]\n\n[accordion]\n[accordion_header]L'orologio \u00e8 impostato sull'ora sbagliata, come faccio a regolarlo?[\/accordion_header]\n[accordion_section]Apri lo studio di progettazione Panel Pilot ACE e collega il tuo dispositivo. Se il dispositivo \u00e8 stato collegato correttamente, dovresti poterlo selezionare nella casella a discesa Dispositivo in alto a destra dello studio. Clicca sul pulsante a destra della selezione del dispositivo che ha l'aspetto di tre linee bianche orizzontali. Dal menu a tendina che appare seleziona \"Configurazione del dispositivo\". Spunta quindi la casella \"Imposta orologio in tempo reale\" e assicurati che sia selezionata l'ora corretta (+1 si riferisce a GMT+1). Premi il pulsante di configurazione e l'applicazione verr\u00e0 aggiornata.  [\/accordion_section]\n[\/accordion]\n\n<a class=\"button button-orange\" href=\"\/support\/panelpilotace\/\" target=\"_blank\" rel=\"noopener\">Pi\u00f9 supporto<\/a>"],"usd_price_4":["0.00"],"usd_price_9":["0.00"],"usd_price_24":["0.00"],"usd_price_49":["0.00"],"usd_price_99":["0.00"],"gbp_price_4":["0.00"],"gbp_price_99":["0.00"],"usdhk_price_4":["0.00"],"usdhk_price_99":["0.00"],"_wpml_word_count":["256"],"_other_features":[""],"_backorders":["no","no"],"_manage_stock":["no","no"],"min_temp":[""],"max_temp":[""],"_min_temp":[""],"_max_temp":[""],"_other_features_arctiko":[""],"rank_math_title":["PanelPilot SGD 70-A | Display touch screen da 7 pollici | HMIs"],"rank_math_description":["Hai bisogno di un display touch screen versatile? L'SGD 70-A di Lascar \u00e8 un display capacitivo da 7\" che offre due uscite di allarme, controllo PID e registrazione dei dati multicanale."],"rank_math_focus_keyword":["SGD 70-A"],"specifications_table":["<table class=\"specifications\">\n<tbody>\n<tr class=\"even-row\">\n<td class=\"left-td\">Display<\/td>\n<td>TFT da 7\" con 16,7M di colori<\/td>\n<\/tr>\n<tr class=\"odd-row\">\n<td class=\"left-td\">Schermo tattile<\/td>\n<td>Touch screen capacitivo<\/td>\n<\/tr>\n<tr class=\"even-row\">\n<td class=\"left-td\">Risoluzione<\/td>\n<td>1024 x 600 pixel<\/td>\n<\/tr>\n<tr class=\"odd-row\">\n<td class=\"left-td\">Processore<\/td>\n<td>Freescale i.MX 6SoloX (ARM Cortex A9 e M4)<\/td>\n<\/tr>\n<tr class=\"even-row\">\n<td class=\"left-td\">Ingressi analogici<\/td>\n<td>Quattro ingressi a 16 bit a \u00b140V d.c.<\/td>\n<\/tr>\n<tr class=\"odd-row\">\n<td class=\"left-td\">Alimentazione<\/td>\n<td>Da 5 a 30 V d.c. (1A tipico a 5 V d.c.)<\/td>\n<\/tr>\n<tr class=\"even-row\">\n<td class=\"left-td\">Dimensioni esterne<\/td>\n<td>186 mm (7,3\") x 122 mm (4,3\") x 21 mm (0,8\")<\/td>\n<\/tr>\n<\/tbody>\n<\/table>"],"resources":["<ul class=\"resources-list\">\n \t<li><img src=\"https:\/\/praxas.com\/wp-content\/uploads\/document-icon.png\" alt=\"Icona del documento\"><a href=\"https:\/\/praxas.com\/wp-content\/uploads\/panelpilot-panel-instrument-sgd-70-a_iss7_10-18.pdf\" target=\"_blank\" rel=\"noopener\">Scheda tecnica SGD 70-A<\/a><\/li>\n \t<li><img src=\"https:\/\/praxas.com\/wp-content\/uploads\/software-icon.png\" alt=\"Icona del software\"><a href=\"https:\/\/praxas.com\/software\/panelpilot-software\/panelpilotace-design-studio\/\" target=\"_blank\" rel=\"noopener\">Scarica il software PanelPilotACE<\/a><\/li>\n \t<li><img src=\"https:\/\/praxas.com\/wp-content\/uploads\/document-icon.png\" alt=\"Icona del documento\"><a href=\"https:\/\/praxas.com\/wp-content\/uploads\/sgd-70-a-quickstart-guide-postcard-04_2018.pdf\" target=\"_blank\" rel=\"noopener\">Guida rapida SGD 70-A<\/a><\/li>\n \t<li><img src=\"https:\/\/praxas.com\/wp-content\/uploads\/document-icon.png\" alt=\"Icona del documento\"><a href=\"https:\/\/praxas.com\/wp-content\/uploads\/declaration-of-conformity_ppace_iss6_01-17.pdf\" target=\"_blank\" rel=\"noopener\">Dichiarazione di conformit\u00e0<\/a><\/li>\n<\/ul>\n<a class=\"button button-secondary\" href=\"\/support\/\">Pi\u00f9 supporto<\/a>"],"accessories":["[products skus=\"SGD 70-A DK+,S70-CAN,S70-TP\"]"],"gbp_price_9":["306.89"],"gbp_price_24":["296.99"],"gbp_price_49":["280.49"],"usdhk_price_9":["416.63"],"usdhk_price_24":["403.61"],"usdhk_price_49":["390.59"],"_uag_page_assets":["a:9:{s:3:\"css\";s:0:\"\";s:2:\"js\";s:0:\"\";s:18:\"current_block_list\";a:0:{}s:8:\"uag_flag\";b:0;s:11:\"uag_version\";s:10:\"1775212209\";s:6:\"gfonts\";a:0:{}s:10:\"gfonts_url\";s:0:\"\";s:12:\"gfonts_files\";a:0:{}s:14:\"uag_faq_layout\";b:0;}"],"_regular_price":["421.15","421.15"],"_price":["421.15","421.15"],"_max_variation_price":[""],"_max_variation_regular_price":[""],"_max_variation_sale_price":[""],"_min_variation_price":[""],"_min_variation_regular_price":[""],"_min_variation_sale_price":[""],"_sale_price":[""],"_wc_pb_base_regular_price":[""],"_wc_pb_base_sale_price":[""],"_wc_pb_base_price":[""],"_wc_sw_max_price":[""],"_wc_sw_max_regular_price":[""],"_wc_rating_count":[""]},"uagb_featured_image_src":{"full":["https:\/\/praxas.com\/wp-content\/uploads\/PanelPilotAce-Display-Solutions-SGD-70-A-Front-Logo.png",800,463,false],"thumbnail":["https:\/\/praxas.com\/wp-content\/uploads\/PanelPilotAce-Display-Solutions-SGD-70-A-Front-Logo-150x150.png",150,150,true],"medium":["https:\/\/praxas.com\/wp-content\/uploads\/PanelPilotAce-Display-Solutions-SGD-70-A-Front-Logo-300x174.png",300,174,true],"medium_large":["https:\/\/praxas.com\/wp-content\/uploads\/PanelPilotAce-Display-Solutions-SGD-70-A-Front-Logo-768x444.png",768,444,true],"large":["https:\/\/praxas.com\/wp-content\/uploads\/PanelPilotAce-Display-Solutions-SGD-70-A-Front-Logo.png",800,463,false],"1536x1536":["https:\/\/praxas.com\/wp-content\/uploads\/PanelPilotAce-Display-Solutions-SGD-70-A-Front-Logo.png",800,463,false],"2048x2048":["https:\/\/praxas.com\/wp-content\/uploads\/PanelPilotAce-Display-Solutions-SGD-70-A-Front-Logo.png",800,463,false],"crunchify-admin-post-featured-image":["https:\/\/praxas.com\/wp-content\/uploads\/PanelPilotAce-Display-Solutions-SGD-70-A-Front-Logo-120x69.png",120,69,true],"commercegurus-pdp-large":["https:\/\/praxas.com\/wp-content\/uploads\/PanelPilotAce-Display-Solutions-SGD-70-A-Front-Logo.png",800,463,false],"commercegurus-plp-mobile":["https:\/\/praxas.com\/wp-content\/uploads\/PanelPilotAce-Display-Solutions-SGD-70-A-Front-Logo-441x255.png",441,255,true],"cgkit_image_swatch":["https:\/\/praxas.com\/wp-content\/uploads\/PanelPilotAce-Display-Solutions-SGD-70-A-Front-Logo-100x100.png",100,100,true],"woocommerce_thumbnail":["https:\/\/praxas.com\/wp-content\/uploads\/PanelPilotAce-Display-Solutions-SGD-70-A-Front-Logo-300x174.png",300,174,true],"woocommerce_single":["https:\/\/praxas.com\/wp-content\/uploads\/PanelPilotAce-Display-Solutions-SGD-70-A-Front-Logo.png",800,463,false],"woocommerce_gallery_thumbnail":["https:\/\/praxas.com\/wp-content\/uploads\/PanelPilotAce-Display-Solutions-SGD-70-A-Front-Logo-150x87.png",150,87,true]},"uagb_author_info":{"display_name":"AndyS","author_link":"https:\/\/praxas.com\/it\/author\/"},"uagb_comment_info":0,"uagb_excerpt":"7\" con interfacce analogiche, digitali, PWM e seriali","_links":{"self":[{"href":"https:\/\/praxas.com\/it\/wp-json\/wp\/v2\/product\/35342","targetHints":{"allow":["GET"]}}],"collection":[{"href":"https:\/\/praxas.com\/it\/wp-json\/wp\/v2\/product"}],"about":[{"href":"https:\/\/praxas.com\/it\/wp-json\/wp\/v2\/types\/product"}],"wp:featuredmedia":[{"embeddable":true,"href":"https:\/\/praxas.com\/it\/wp-json\/wp\/v2\/media\/35343"}],"wp:attachment":[{"href":"https:\/\/praxas.com\/it\/wp-json\/wp\/v2\/media?parent=35342"}],"wp:term":[{"taxonomy":"product_brand","embeddable":true,"href":"https:\/\/praxas.com\/it\/wp-json\/wp\/v2\/product_brand?post=35342"},{"taxonomy":"product_cat","embeddable":true,"href":"https:\/\/praxas.com\/it\/wp-json\/wp\/v2\/product_cat?post=35342"},{"taxonomy":"product_tag","embeddable":true,"href":"https:\/\/praxas.com\/it\/wp-json\/wp\/v2\/product_tag?post=35342"}],"curies":[{"name":"wp","href":"https:\/\/api.w.org\/{rel}","templated":true}]}}