{"id":35380,"date":"2023-06-13T17:28:00","date_gmt":"2023-06-13T15:28:00","guid":{"rendered":"https:\/\/staging.praxas.com\/product\/senza-categoria\/el-wem-2\/"},"modified":"2025-10-14T17:41:30","modified_gmt":"2025-10-14T15:41:30","slug":"el-wem-2","status":"publish","type":"product","link":"https:\/\/praxas.com\/it\/product\/registratori-di-dati\/qualita-dellaria\/el-wem-2\/","title":{"rendered":"EL-WEM+"},"content":{"rendered":"<p>Il monitor EL-WEM+ per<sub>la CO2<\/sub> e la qualit\u00e0 dell&#8217;aria interna (IAQ) di EasyLog \u00e8 il dispositivo ideale per garantire livelli adeguati di qualit\u00e0 dell&#8217;aria al lavoro e a casa.<\/p>\n<p>Misurando e registrando i livelli di<sub>CO2<\/sub>, la temperatura, l&#8217;umidit\u00e0, i VOC, la pressione, il PM1, il PM2.5 e il PM10, l&#8217;EL-WEM+ monitora continuamente la IAQ, valutandola su cinque livelli da Eccellente a Inadeguata. Se l&#8217;IAQ scende ai due livelli pi\u00f9 bassi, l&#8217;anello luminoso di stato del dispositivo diventa rosso, si attiva un allarme sonoro e si pu\u00f2 impostare l&#8217;invio di una notifica via e-mail e SMS ai contatti selezionati per avvisare immediatamente del cambiamento.<\/p>\n<p>Perfetto per le case e i luoghi di lavoro, l&#8217;EL-WEM+ include una modalit\u00e0 &#8220;Non disturbare&#8221; che ti permette di impostare le ore del giorno in cui la suoneria e il segnale acustico sono spenti.<\/p>\n<p><strong>EL-WEM+ Parametri di misurazione:<\/strong><\/p>\n<ul>\n<li><sub>CO2<\/sub><\/li>\n<li>Temperatura<\/li>\n<li>Umidit\u00e0<\/li>\n<li>VOC<\/li>\n<li>PM1, PM2.5 e PM10<\/li>\n<li>Pressione<\/li>\n<\/ul>\n<p>L&#8217;EL-WEM+ fornisce una misurazione costante in tempo reale e carica automaticamente le misure su EasyLog Cloud. <strong><br \/>\n  <a href=\"https:\/\/praxas.com\/en\/easylog-cloud\/\">EasyLog Cloud,<\/a><br \/>\n<\/strong> per un facile accesso ai dati attuali e storici. Scarica l&#8217;applicazione EasyLog Cloud che consente di visualizzare, analizzare e scaricare l&#8217;intero set di dati da qualsiasi dispositivo abilitato a navigare in internet.  Puoi anche configurare una modalit\u00e0 notturna che disattiva il segnale acustico e accende i LED.<\/p>\n","protected":false},"excerpt":{"rendered":"<p><span class=\"product-detail__short-desc\">Monitor<\/span><span class=\"product-detail__short-desc\">WiFi <\/span><sub>di CO2 <\/sub>e qualit\u00e0 dell&#8217;aria interna<\/p>\n","protected":false},"featured_media":35362,"template":"","meta":{"_acf_changed":false,"content-type":"","_uag_custom_page_level_css":""},"product_brand":[],"product_cat":[1961,1964,1962,1925,1880],"product_tag":[1883,2436,1887,1886,1881],"class_list":{"0":"post-35380","1":"product","2":"type-product","3":"status-publish","4":"has-post-thumbnail","6":"product_cat-qualita-dellaria","7":"product_cat-anidride-carbonica","8":"product_cat-cov-it","9":"product_cat-pressione","10":"product_cat-temperatura-e-umidita","11":"product_tag-allarme","12":"product_tag-easylog-it","13":"product_tag-easylog-cloud-it","14":"product_tag-iot-it","15":"product_tag-wifi-it","17":"first","18":"instock","19":"taxable","20":"shipping-taxable","21":"purchasable","22":"product-type-simple"},"bundled_by":[],"bundle_stock_status":"instock","bundle_stock_quantity":12,"bundle_virtual":false,"bundle_layout":"","bundle_add_to_cart_form_location":"","bundle_editable_in_cart":false,"bundle_sold_individually_context":"","bundle_item_grouping":"","bundle_min_size":"","bundle_max_size":"","bundle_price":[],"bundled_items":[],"bundle_sell_ids":[],"acf":[],"spectra_custom_meta":{"_wcml_average_rating":[null],"_wcml_review_count":[null],"_wcml_rating_count":[null],"_download_limit":["-1","-1"],"_download_expiry":["-1","-1"],"_downloadable":["no","no"],"_sku":["EL-WEM+","EL-WEM+"],"_stock_status":["instock","instock","instock","instock","instock","instock","instock"],"_sold_individually":["no","no"],"_tax_class":["",""],"_tax_status":["taxable","taxable"],"_virtual":["no","no"],"_weight":["1.400000","1.400000"],"_length":["field_64dde24193a2b","field_64dde24193a2b"],"total_sales":["26","26"],"product_datasheet":["10295"],"_product_datasheet":["field_650ad7d6ea3a0"],"connectivity":["WiFi","WiFi"],"_connectivity":["field_64dce263bb57c","field_64dce263bb57c"],"brand":["EasyLog","EasyLog"],"_brand":["field_64ddf62ed2593","field_64ddf62ed2593"],"brand_image":["10467"],"_brand_image":["field_650c5e7c84cae"],"_specifications_table":["field_65044e1db92a8"],"_display_data_alarm":["field_667d647bcb066"],"_resources":["field_650849c6945ee"],"_accessories":["field_650849e6945f0","field_650849e6945f0"],"_faqs":["field_650859523d8d5"],"_calibration_suitable_ids_gb":["field_654b4c4acb54a"],"_calibration_suitable_ids_us":["field_654b4c56cb54b"],"_show_in_calibration_suitable":["field_654cfb691d345"],"_usd_price_4":["field_651570dcac479"],"_usd_price_9":["field_6515713eb4807"],"_usd_price_24":["field_65157141b4809"],"_usd_price_49":["field_65157140b4808"],"_usd_price_99":["field_6515715bb480a"],"_gbp_price_4":["field_6515716e83bfa"],"_gbp_price_9":["field_6515724783bfb"],"_gbp_price_24":["field_6515724b83bfc"],"_gbp_price_49":["field_6515725983bfd"],"_gbp_price_99":["field_6515725d83bfe"],"_usdhk_price_4":["field_6515726f83bff"],"_usdhk_price_9":["field_6515727c83c00"],"_usdhk_price_24":["field_6515728083c01"],"_usdhk_price_49":["field_6515728983c02"],"_usdhk_price_99":["field_6515728e83c03"],"stock_options":["In stock"],"_stock_options":["field_6544b605dc7f9"],"_top_nav_excluded":[""],"_cms_nav_minihome":[""],"wcml_sync_hash":["a:1:{s:15:\"postmeta_fields\";s:32:\"31adeec97ab8c02d43331f1fc77e1bb1\";}"],"attr_label_translations":["a:0:{}"],"_product_attributes":["a:2:{s:16:\"pa_product-brand\";a:6:{s:4:\"name\";s:16:\"pa_product-brand\";s:5:\"value\";s:0:\"\";s:8:\"position\";i:0;s:10:\"is_visible\";i:1;s:12:\"is_variation\";i:0;s:11:\"is_taxonomy\";i:1;}s:19:\"pa_product-features\";a:6:{s:4:\"name\";s:19:\"pa_product-features\";s:5:\"value\";s:0:\"\";s:8:\"position\";i:1;s:10:\"is_visible\";i:1;s:12:\"is_variation\";i:0;s:11:\"is_taxonomy\";i:1;}}"],"_thumbnail_id":["35362"],"_product_image_gallery":["35365,35364,35363"],"_crosssell_ids":["a:0:{}"],"_stock":["12.000000"],"_last_translation_edit_mode":["translation-editor"],"_backorders":["no","no"],"_manage_stock":["no","no"],"_calibration":["field_66a0ddd599972"],"_shipping":["field_66852535c98a5"],"_refrigerant_cabinet":["field_66852557c98a6"],"_main_specifications":["field_66855b25b1245"],"min_temp":["-20"],"max_temp":["60"],"_min_temp":["field_67ea5eb4e0a77"],"_max_temp":["field_67ea5f81e0a79"],"_wpml_word_count":["240"],"rank_math_primary_product_cat":["86","86"],"_global_unique_id":["5056744401103"],"faqs":["[accordion]\n[accordion_header]Perch\u00e9 non vedo i dati del mio EL-WEM dopo averlo acceso per la prima volta?[\/accordion_header]\n[accordion_section]I sensori di qualit\u00e0 dell'aria dell'EL-WEM sono molto sensibili e impiegano circa 5 minuti per autocalibrarsi quando il dispositivo viene acceso. Dopo questo periodo di tempo, l'EL-WEM inizier\u00e0 automaticamente a registrare le letture.[\/accordion_section]\n[\/accordion]\n\n<a class=\"button button-orange\" href=\"\/support\/el-wem-air-quality-monitors\/\">Pi\u00f9 supporto<\/a>"],"_other_features":["field_686fa2aa98dce"],"rank_math_title":["EL-WEM+ | Monitor WiFi di CO2 e qualit\u00e0 dell'aria interna | Praxas"],"rank_math_description":["Lascar Electronics EasyLog EL-WEM+ Monitor della qualit\u00e0 dell'aria interna ad alta precisione che misura temperatura, umidit\u00e0, VOC, PM1, PM2.5, PM10, CO2 e pressione."],"rank_math_focus_keyword":["EL-WEM+"],"specifications_table":["<table class=\"specifications\">\n<tbody>\n<tr class=\"even-row\">\n<td class=\"left-td\">\n<div class=\"col-xxs-4 product-specification__label-container\">\n<div class=\"product-specification__label\">Intervallo di misurazione (<sub>CO2<\/sub>)<\/div>\n<\/div><\/td>\n<td>\n<div class=\"product-specification__value col-m-6\">\n<div class=\"product-specification__row\">\n<div class=\"row no-gutter equal-height\">\n<div class=\"col-xxs-8 product-specification__value-container\">\n<div class=\"product-specification__value\">Da 0 a 40.000 ppm<\/div>\n<\/div>\n<\/div>\n<\/div>\n<\/div><\/td>\n<\/tr>\n<tr class=\"odd-row\">\n<td class=\"left-td\">\n<div class=\"col-xxs-4 product-specification__label-container\">\n<div class=\"product-specification__label\">Precisione (<sub>CO2<\/sub>)<\/div>\n<\/div><\/td>\n<td>\n<div class=\"product-specification__row\">\n<div class=\"row no-gutter equal-height\">\n<div class=\"col-xxs-8 product-specification__value-container\">\n<div class=\"product-specification__value\">\u00b13%<\/div>\n<\/div>\n<\/div>\n<\/div><\/td>\n<\/tr>\n<tr class=\"even-row\">\n<td class=\"left-td\">\n<div class=\"col-xxs-4 product-specification__label-container\">\n<div class=\"product-specification__label\">Intervallo di misurazione (T)<\/div>\n<\/div><\/td>\n<td>\n<div class=\"product-specification__row\">\n<div class=\"row no-gutter equal-height\">\n<div class=\"col-xxs-8 product-specification__value-container\">\n<div class=\"product-specification__value\">Da -20 a +60\u00b0C<\/div>\n<\/div>\n<\/div>\n<\/div><\/td>\n<\/tr>\n<tr class=\"odd-row\">\n<td class=\"left-td\">\n<div class=\"col-xxs-4 product-specification__label-container\">\n<div class=\"product-specification__label\">Precisione (T)<\/div>\n<\/div><\/td>\n<td>\n<div class=\"product-specification__row\">\n<div class=\"row no-gutter equal-height\">\n<div class=\"col-xxs-8 product-specification__value-container\">\n<div class=\"product-specification__value\">\u00b10,6\u00b0C a 15\u00b0C<\/div>\n<\/div>\n<\/div>\n<\/div><\/td>\n<\/tr>\n<tr class=\"even-row\">\n<td class=\"left-td\">\n<div class=\"col-xxs-4 product-specification__label-container\">\n<div class=\"product-specification__label\">Intervallo di misurazione (RH)<\/div>\n<\/div><\/td>\n<td>\n<div class=\"product-specification__row\">\n<div class=\"row no-gutter equal-height\">\n<div class=\"col-xxs-8 product-specification__value-container\">\n<div class=\"product-specification__value\">Da 0 a 95%RH<\/div>\n<\/div>\n<\/div>\n<\/div><\/td>\n<\/tr>\n<tr class=\"odd-row\">\n<td class=\"left-td\">\n<div class=\"col-xxs-4 product-specification__label-container\">\n<div class=\"product-specification__label\">Precisione (RH)<\/div>\n<\/div><\/td>\n<td>\n<div class=\"product-specification__row\">\n<div class=\"row no-gutter equal-height\">\n<div class=\"col-xxs-8 product-specification__value-container\">\n<div class=\"product-specification__value\">\u00b13%<\/div>\n<\/div>\n<\/div>\n<\/div><\/td>\n<\/tr>\n<tr class=\"even-row\">\n<td class=\"left-td\">\n<div class=\"col-xxs-4 product-specification__label-container\">\n<div class=\"product-specification__label\">Precisione dei COV biogenici<\/div>\n<\/div><\/td>\n<td>\n<div class=\"product-specification__row\">\n<div class=\"row no-gutter equal-height\">\n<div class=\"col-xxs-8 product-specification__value-container\">\n<div class=\"product-specification__value\">\u00b15%<\/div>\n<\/div>\n<\/div>\n<\/div><\/td>\n<\/tr>\n<tr class=\"odd-row\">\n<td class=\"left-td\">\n<div class=\"col-xxs-4 product-specification__label-container\">\n<div class=\"product-specification__label\">Dimensione del particolato misurata<\/div>\n<\/div><\/td>\n<td>\n<div class=\"product-specification__row\">\n<div class=\"row no-gutter equal-height\">\n<div class=\"col-xxs-8 product-specification__value-container\">\n<div class=\"product-specification__value\">PM10, PM2.5, PM1<\/div>\n<\/div>\n<\/div>\n<\/div><\/td>\n<\/tr>\n<tr class=\"even-row\">\n<td class=\"left-td\">\n<div class=\"col-xxs-4 product-specification__label-container\">\n<div class=\"product-specification__label\">Precisione (PM)<\/div>\n<\/div><\/td>\n<td>\n<div class=\"product-specification__row\">\n<div class=\"row no-gutter equal-height\">\n<div class=\"col-xxs-8 product-specification__value-container\">\n<div class=\"product-specification__value\">Da 0 a 1000\u00b5g\/m3<\/div>\n<\/div>\n<\/div>\n<\/div><\/td>\n<\/tr>\n<tr class=\"odd-row\">\n<td class=\"left-td\">\n<div class=\"col-xxs-4 product-specification__label-container\">\n<div class=\"product-specification__label\">Campo di misura (mbar)<\/div>\n<\/div><\/td>\n<td>\n<div class=\"product-specification__row\">\n<div class=\"row no-gutter equal-height\">\n<div class=\"col-xxs-8 product-specification__value-container\">\n<div class=\"product-specification__value\">Da 300 a 1100mbar<\/div>\n<\/div>\n<\/div>\n<\/div><\/td>\n<\/tr>\n<tr class=\"even-row\">\n<td class=\"left-td\">\n<div class=\"col-xxs-4 product-specification__label-container\">\n<div class=\"product-specification__label\">Precisione (mbar)<\/div>\n<\/div><\/td>\n<td>\n<div class=\"product-specification__row\">\n<div class=\"row no-gutter equal-height\">\n<div class=\"col-xxs-8 product-specification__value-container\">\n<div class=\"product-specification__value\">\u00b10,6mbar<\/div>\n<\/div>\n<\/div>\n<\/div><\/td>\n<\/tr>\n<tr class=\"odd-row\">\n<td class=\"left-td\">\n<div class=\"col-xxs-4 product-specification__label-container\">\n<div class=\"product-specification__label\">Dimensioni (altezza x diametro)<\/div>\n<\/div><\/td>\n<td>170,5 x 77 mm<\/td>\n<\/tr>\n<\/tbody>\n<\/table>"],"resources":["<ul class=\"resources-list\">\n \t<li><img src=\"https:\/\/praxas.com\/wp-content\/uploads\/document-icon.png\" alt=\"Icona del documento\"><a href=\"https:\/\/praxas.com\/wp-content\/uploads\/el-wemplusdatasheet-issue-6-07_2023.pdf\"><span class=\"mldTitle\">Scheda tecnica di EL-WEM+<\/span><\/a><\/li>\n \t<li><img src=\"https:\/\/praxas.com\/wp-content\/uploads\/software-icon.png\" alt=\"Icona del software\"><a href=\"https:\/\/praxas.com\/en\/easylog-cloud\/\" target=\"_blank\" rel=\"noopener\">EasyLog Cloud<\/a><\/li>\n \t<li><img src=\"https:\/\/praxas.com\/wp-content\/uploads\/document-icon.png\" alt=\"Icona del documento\"><a href=\"https:\/\/praxas.com\/wp-content\/uploads\/el-wem-qsg-03_2022-issue_3-repro-no-tick-marks.pdf\" target=\"_blank\" rel=\"noopener\">Guida rapida EL-WEM+<\/a><\/li>\n \t<li><img src=\"https:\/\/praxas.com\/wp-content\/uploads\/document-icon.png\" alt=\"Icona del documento\">\n<a href=\"https:\/\/praxas.com\/wp-content\/uploads\/help-guide-3-network-requirements-and-settings-12-09-2022_issue-6.pdf\" target=\"_blank\" rel=\"noopener\">Requisiti e impostazioni di rete<\/a><\/li>\n \t<li><img src=\"https:\/\/praxas.com\/wp-content\/uploads\/document-icon.png\" alt=\"Icona del documento\"><a href=\"https:\/\/praxas.com\/wp-content\/uploads\/declaration-of-conformity_el-wem_iss2-08_2022.pdf\" target=\"_blank\" rel=\"noopener\">Dichiarazione di conformit\u00e0 EL-WEM+<\/a><\/li>\n<\/ul>"],"usd_price_4":["0.00"],"usd_price_9":["0.00"],"usd_price_24":["0.00"],"usd_price_49":["0.00"],"usd_price_99":["0.00"],"gbp_price_4":["0.00"],"gbp_price_9":["0.00"],"gbp_price_24":["197.99"],"gbp_price_49":["0.00"],"gbp_price_99":["175.99"],"usdhk_price_4":["0.00"],"usdhk_price_9":["0.00"],"usdhk_price_24":["269.99"],"usdhk_price_49":["0.00"],"usdhk_price_99":["239.99"],"_uag_page_assets":["a:9:{s:3:\"css\";s:0:\"\";s:2:\"js\";s:0:\"\";s:18:\"current_block_list\";a:0:{}s:8:\"uag_flag\";b:0;s:11:\"uag_version\";s:10:\"1775212209\";s:6:\"gfonts\";a:0:{}s:10:\"gfonts_url\";s:0:\"\";s:12:\"gfonts_files\";a:0:{}s:14:\"uag_faq_layout\";b:0;}"],"_regular_price":["284.9","284.9"],"_price":["284.9","284.9"],"_max_variation_price":[""],"_max_variation_regular_price":[""],"_max_variation_sale_price":[""],"_min_variation_price":[""],"_min_variation_regular_price":[""],"_min_variation_sale_price":[""],"_sale_price":[""],"_wc_pb_base_regular_price":[""],"_wc_pb_base_sale_price":[""],"_wc_pb_base_price":[""],"_wc_sw_max_price":[""],"_wc_sw_max_regular_price":[""],"_wc_rating_count":[""],"_wc_review_count":[""],"_wc_average_rating":[0]},"uagb_featured_image_src":{"full":["https:\/\/praxas.com\/wp-content\/uploads\/EL-WEM-3-800x463-1.png",800,463,false],"thumbnail":["https:\/\/praxas.com\/wp-content\/uploads\/EL-WEM-3-800x463-1-150x150.png",150,150,true],"medium":["https:\/\/praxas.com\/wp-content\/uploads\/EL-WEM-3-800x463-1-300x174.png",300,174,true],"medium_large":["https:\/\/praxas.com\/wp-content\/uploads\/EL-WEM-3-800x463-1-768x444.png",768,444,true],"large":["https:\/\/praxas.com\/wp-content\/uploads\/EL-WEM-3-800x463-1.png",800,463,false],"1536x1536":["https:\/\/praxas.com\/wp-content\/uploads\/EL-WEM-3-800x463-1.png",800,463,false],"2048x2048":["https:\/\/praxas.com\/wp-content\/uploads\/EL-WEM-3-800x463-1.png",800,463,false],"crunchify-admin-post-featured-image":["https:\/\/praxas.com\/wp-content\/uploads\/EL-WEM-3-800x463-1-120x69.png",120,69,true],"commercegurus-pdp-large":["https:\/\/praxas.com\/wp-content\/uploads\/EL-WEM-3-800x463-1.png",800,463,false],"commercegurus-plp-mobile":["https:\/\/praxas.com\/wp-content\/uploads\/EL-WEM-3-800x463-1-441x255.png",441,255,true],"cgkit_image_swatch":["https:\/\/praxas.com\/wp-content\/uploads\/EL-WEM-3-800x463-1-100x100.png",100,100,true],"woocommerce_thumbnail":["https:\/\/praxas.com\/wp-content\/uploads\/EL-WEM-3-800x463-1-300x174.png",300,174,true],"woocommerce_single":["https:\/\/praxas.com\/wp-content\/uploads\/EL-WEM-3-800x463-1.png",800,463,false],"woocommerce_gallery_thumbnail":["https:\/\/praxas.com\/wp-content\/uploads\/EL-WEM-3-800x463-1-150x87.png",150,87,true]},"uagb_author_info":{"display_name":"AndyS","author_link":"https:\/\/praxas.com\/it\/author\/"},"uagb_comment_info":0,"uagb_excerpt":"MonitorWiFi di CO2 e qualit\u00e0 dell'aria interna","_links":{"self":[{"href":"https:\/\/praxas.com\/it\/wp-json\/wp\/v2\/product\/35380","targetHints":{"allow":["GET"]}}],"collection":[{"href":"https:\/\/praxas.com\/it\/wp-json\/wp\/v2\/product"}],"about":[{"href":"https:\/\/praxas.com\/it\/wp-json\/wp\/v2\/types\/product"}],"wp:featuredmedia":[{"embeddable":true,"href":"https:\/\/praxas.com\/it\/wp-json\/wp\/v2\/media\/35362"}],"wp:attachment":[{"href":"https:\/\/praxas.com\/it\/wp-json\/wp\/v2\/media?parent=35380"}],"wp:term":[{"taxonomy":"product_brand","embeddable":true,"href":"https:\/\/praxas.com\/it\/wp-json\/wp\/v2\/product_brand?post=35380"},{"taxonomy":"product_cat","embeddable":true,"href":"https:\/\/praxas.com\/it\/wp-json\/wp\/v2\/product_cat?post=35380"},{"taxonomy":"product_tag","embeddable":true,"href":"https:\/\/praxas.com\/it\/wp-json\/wp\/v2\/product_tag?post=35380"}],"curies":[{"name":"wp","href":"https:\/\/api.w.org\/{rel}","templated":true}]}}