{"id":36132,"date":"2024-07-04T12:03:54","date_gmt":"2024-07-04T10:03:54","guid":{"rendered":"https:\/\/staging.praxas.com\/product\/senza-categoria\/frigorifero-medio-per-banche-del-sangue-bbr-700-d\/"},"modified":"2025-10-09T10:10:08","modified_gmt":"2025-10-09T08:10:08","slug":"frigorifero-medio-per-banche-del-sangue-bbr-700-d","status":"publish","type":"product","link":"https:\/\/praxas.com\/it\/product\/refrigerazione_prodotti\/frigoriferi-per-banche-del-sangue\/frigorifero-medio-per-banche-del-sangue-bbr-700-d\/","title":{"rendered":"Frigorifero medio per banche del sangue BBR 700-D"},"content":{"rendered":"<p style=\"text-align: left;\">Il sistema ARCTIKO BBR 700-D, frigorifero per banche del sangue, \u00e8 dotato di due sistemi di raffreddamento separati e indipendenti, abbinati al sofisticato controller ARCTIKO, per offrire una sicurezza senza precedenti per le esigenze di conservazione critiche. Questo sistema \u00e8 dotato di serie di tutte le funzionalit\u00e0 essenziali del controller, tra cui un registratore di dati e funzioni di allarme complete. L&#8217;unit\u00e0 verticale vanta una notevole capacit\u00e0 di 628 L e funziona a una temperatura stabile di +4 \u00b0C, garantendo condizioni ottimali per le tue esigenze di conservazione.<\/p>\n<ul>\n<li style=\"text-align: left;\">In posizione verticale<\/li>\n<li style=\"text-align: left;\">Capacit\u00e0 (L) 628 L.<\/li>\n<li style=\"text-align: left;\">Intervallo +4 \u00b0C<\/li>\n<\/ul>\n<p>&nbsp;<\/p>\n<p>&nbsp;<\/p>\n<p>&nbsp;<\/p>\n<p>&nbsp;<\/p>\n","protected":false},"excerpt":{"rendered":"<ul>\n<li>+4 \u00b0C<\/li>\n<li>Modello verticale &#8211; 628 L<\/li>\n<li>Vera tecnologia Dual<\/li>\n<li>Dispositivo medico di classe IIA<\/li>\n<li>Registratore di grafici<\/li>\n<li>Cassetti in acciaio inox<\/li>\n<li>Porta a doppio vetro<\/li>\n<li>Capacit\u00e0 di stoccaggio<\/li>\n<li>Raffreddamento ad aria forzata<\/li>\n<li>Interno in acciaio inox<\/li>\n<li>Ripiani regolabili<\/li>\n<\/ul>\n","protected":false},"featured_media":36133,"template":"","meta":{"_acf_changed":false,"content-type":"","_uag_custom_page_level_css":""},"product_brand":[],"product_cat":[2126,2082],"product_tag":[2528,2633],"class_list":{"0":"post-36132","1":"product","2":"type-product","3":"status-publish","4":"has-post-thumbnail","6":"product_cat-frigoriferi-per-banche-del-sangue","7":"product_cat-refrigerazione_prodotti","8":"product_tag-arctiko-it","9":"product_tag-frigorifero","10":"product_shipping_class-pesante","12":"first","13":"instock","14":"taxable","15":"shipping-taxable","16":"purchasable","17":"product-type-simple"},"bundled_by":[],"bundle_stock_status":"instock","bundle_stock_quantity":null,"bundle_virtual":false,"bundle_layout":"","bundle_add_to_cart_form_location":"","bundle_editable_in_cart":false,"bundle_sold_individually_context":"","bundle_item_grouping":"","bundle_min_size":"","bundle_max_size":"","bundle_price":[],"bundled_items":[],"bundle_sell_ids":[],"acf":[],"spectra_custom_meta":{"_wcml_average_rating":[null],"_wcml_review_count":[null],"_wcml_rating_count":[null],"_backorders":["no"],"_download_limit":["0"],"_download_expiry":["0"],"_downloadable":["no"],"_manage_stock":["no"],"_sku":["DAI 1150"],"_stock_status":["instock"],"_sold_individually":["no"],"_tax_class":[""],"_tax_status":["taxable"],"_virtual":["no"],"_weight":["265"],"_width":["84"],"_height":["220"],"_length":["109"],"total_sales":["0"],"product_datasheet":[""],"_product_datasheet":["field_650ad7d6ea3a0"],"connectivity":[""],"_connectivity":["field_64dce263bb57c"],"brand":["Arctiko"],"_brand":["field_64ddf62ed2593"],"brand_image":[""],"_brand_image":["field_650c5e7c84cae"],"_specifications_table":["field_65044e1db92a8"],"_display_data_alarm":["field_667d647bcb066"],"_resources":["field_650849c6945ee"],"_accessories":["field_650849e6945f0"],"_faqs":["field_650859523d8d5"],"_calibration_suitable_ids_gb":["field_654b4c4acb54a"],"_calibration_suitable_ids_us":["field_654b4c56cb54b"],"_show_in_calibration_suitable":["field_654cfb691d345"],"_other_features":["field_668524f8c98a4"],"_shipping":["field_66852535c98a5"],"_refrigerant_cabinet":["field_66852557c98a6"],"_main_specifications":["field_66855b25b1245"],"_usd_price_4":["field_651570dcac479"],"_usd_price_9":["field_6515713eb4807"],"_usd_price_24":["field_65157141b4809"],"_usd_price_49":["field_65157140b4808"],"_usd_price_99":["field_6515715bb480a"],"_gbp_price_4":["field_6515716e83bfa"],"_gbp_price_9":["field_6515724783bfb"],"_gbp_price_24":["field_6515724b83bfc"],"_gbp_price_49":["field_6515725983bfd"],"_gbp_price_99":["field_6515725d83bfe"],"_usdhk_price_4":["field_6515726f83bff"],"_usdhk_price_9":["field_6515727c83c00"],"_usdhk_price_24":["field_6515728083c01"],"_usdhk_price_49":["field_6515728983c02"],"_usdhk_price_99":["field_6515728e83c03"],"stock_options":["In stock"],"_stock_options":["field_6544b605dc7f9"],"_top_nav_excluded":[""],"_cms_nav_minihome":[""],"wcml_sync_hash":["a:1:{s:15:\"postmeta_fields\";s:32:\"c66f5956db3366c6c73071abadaabc30\";}"],"attr_label_translations":["a:0:{}"],"_product_attributes":["a:4:{s:16:\"pa_product-brand\";a:6:{s:4:\"name\";s:16:\"pa_product-brand\";s:5:\"value\";s:0:\"\";s:8:\"position\";i:0;s:10:\"is_visible\";i:1;s:12:\"is_variation\";i:0;s:11:\"is_taxonomy\";i:1;}s:19:\"pa_product-features\";a:6:{s:4:\"name\";s:19:\"pa_product-features\";s:5:\"value\";s:0:\"\";s:8:\"position\";i:1;s:10:\"is_visible\";i:1;s:12:\"is_variation\";i:0;s:11:\"is_taxonomy\";i:1;}s:11:\"pa_capacity\";a:6:{s:4:\"name\";s:11:\"pa_capacity\";s:5:\"value\";s:0:\"\";s:8:\"position\";i:2;s:10:\"is_visible\";i:1;s:12:\"is_variation\";i:0;s:11:\"is_taxonomy\";i:1;}s:14:\"pa_temperature\";a:6:{s:4:\"name\";s:14:\"pa_temperature\";s:5:\"value\";s:0:\"\";s:8:\"position\";i:3;s:10:\"is_visible\";i:1;s:12:\"is_variation\";i:0;s:11:\"is_taxonomy\";i:1;}}"],"_product_image_gallery":["36131,35931"],"_thumbnail_id":["36133"],"_crosssell_ids":["a:0:{}"],"_last_translation_edit_mode":["translation-editor"],"_calibration":["field_66a0ddd599972"],"min_temp":["4"],"max_temp":["4"],"_min_temp":["field_67ea5eb4e0a77"],"_max_temp":["field_67ea5f81e0a79"],"_wpml_word_count":["163"],"_regular_price":["12545"],"_price":["12545"],"rank_math_primary_product_cat":["414"],"_other_features_arctiko":["field_668524f8c98a4"],"rank_math_description":["Proteggi la conservazione del sangue critico con il frigorifero per autoemoteca BBR 700-D\u00ae, dotato di raffreddamento TRUE DUAL\u2122, capacit\u00e0 di 628L e funzioni di sicurezza avanzate come allarmi e registrazione dei dati per la massima tranquillit\u00e0."],"rank_math_focus_keyword":["Frigorifero della banca del sangue"],"display_data_alarm":["<table class=\"specifications\">\n<tbody>\n<tr>\n<td class=\"left-td\">Visualizzazione dell'allarme come testo - Non i codici<\/td>\n<td>S\u00ec<\/td>\n<\/tr>\n<tr>\n<td class=\"left-td\">Allarme visivo\/acustico<\/td>\n<td>S\u00ec \/ S\u00ec<\/td>\n<\/tr>\n<tr>\n<td class=\"left-td\">Allarme di interruzione di corrente<\/td>\n<td>S\u00ec<\/td>\n<\/tr>\n<tr>\n<td class=\"left-td\">Allarme temperatura alta\/bassa regolabile<\/td>\n<td>S\u00ec \/ S\u00ec<\/td>\n<\/tr>\n<tr>\n<td class=\"left-td\">Allarme porta aperta<\/td>\n<td>S\u00ec<\/td>\n<\/tr>\n<tr>\n<td class=\"left-td\">Allarme guasto sonda<\/td>\n<td>S\u00ec<\/td>\n<\/tr>\n<tr>\n<td class=\"left-td\">Allarme batteria scarica<\/td>\n<td>S\u00ec<\/td>\n<\/tr>\n<tr>\n<td class=\"left-td\">Allarme di guasto del compressore<\/td>\n<td>S\u00ec<\/td>\n<\/tr>\n<tr>\n<td class=\"left-td\">Contatto libero da tensione per allarme remoto (ad es. modulo di allarme GSM)<\/td>\n<td>S\u00ec<\/td>\n<\/tr>\n<tr>\n<td class=\"left-td\">Data Logger elettronico<\/td>\n<td>S\u00ec<\/td>\n<\/tr>\n<tr>\n<td class=\"left-td\">Porta RS 485<\/td>\n<td>1<\/td>\n<\/tr>\n<tr>\n<td class=\"left-td\">Porta USB per l'aggiornamento del software e il download dei dati<\/td>\n<td>S\u00ec<\/td>\n<\/tr>\n<tr>\n<td class=\"left-td\">Registratore di grafici di temperatura<\/td>\n<td>S\u00ec<\/td>\n<\/tr>\n<tr>\n<td class=\"left-td\">Tipo di display<\/td>\n<td>4,3\" con tasti a sfioramento<\/td>\n<\/tr>\n<tr>\n<td class=\"left-td\">Numero di sonde di riferimento opzionali<\/td>\n<td>2<\/td>\n<\/tr>\n<tr>\n<td class=\"left-td\">Protezione con password per l'accensione e lo spegnimento<\/td>\n<td>S\u00ec<\/td>\n<\/tr>\n<tr>\n<td class=\"left-td\">Grafico della temperatura sul display<\/td>\n<td>S\u00ec<\/td>\n<\/tr>\n<\/tbody>\n<\/table>"],"resources":["<ul class=\"resources-list\">\n \t<li><img src=\"https:\/\/praxas.com\/wp-content\/uploads\/document-icon.png\" alt=\"Icona del documento\"><a href=\"https:\/\/arctiko.com\/wp-content\/uploads\/bbr-700-d_datasheet_31-8-2022_v1.pdf\" target=\"_blank\" rel=\"noopener\">Scheda prodotto BBR 700-D<\/a><\/li>\n \t<li><img src=\"https:\/\/praxas.com\/wp-content\/uploads\/document-icon.png\" alt=\"Icona del documento\"><a href=\"https:\/\/arctiko.com\/wp-content\/uploads\/5080034-14-gb-operating-instruction-bbr-100_300_500_700_1400_-d.pdf\" target=\"_blank\" rel=\"noopener\">Istruzioni per l'uso BBR 100 300 500 700 1400 &-D<\/a><\/li>\n \t<li><img src=\"https:\/\/praxas.com\/wp-content\/uploads\/document-icon.png\" alt=\"Icona del documento\"><a href=\"https:\/\/arctiko.com\/wp-content\/uploads\/5086083-02-wiring-diagram-bbr-700-d_-1400-d_mdd.pdf\" target=\"_blank\" rel=\"noopener\">Schema di cablaggio BBR 700D 1400D<\/a><\/li>\n \t<li><img src=\"https:\/\/praxas.com\/wp-content\/uploads\/document-icon.png\" alt=\"Icona del documento\"><a href=\"https:\/\/arctiko.com\/wp-content\/uploads\/5088093-06-dimension-drawing-bbr700-d-mdd.pdf\" target=\"_blank\" rel=\"noopener\">Disegno quotato BBR 700-D<\/a><\/li>\n \t<li><img src=\"https:\/\/praxas.com\/wp-content\/uploads\/document-icon.png\" alt=\"Icona del documento\"><a href=\"https:\/\/arctiko.com\/wp-content\/uploads\/5082536-03-safety-datasheet-r290.pdf\" target=\"_blank\" rel=\"noopener\">Scheda tecnica di sicurezza R290<\/a><\/li>\n \t<li><img src=\"https:\/\/praxas.com\/wp-content\/uploads\/document-icon.png\" alt=\"Icona del documento\"><a href=\"https:\/\/arctiko.com\/wp-content\/uploads\/5082052-12-ce-certifikat-bbr100_1400.pdf\" target=\"_blank\" rel=\"noopener\">Certificato CE BBR 100 300 500 700 1400 & -D<\/a><\/li>\n \t<li><img src=\"https:\/\/praxas.com\/wp-content\/uploads\/document-icon.png\" alt=\"Icona del documento\"><a href=\"\/wp-content\/uploads\/2022-certifikat-iso-9001-arctiko-as.pdf\" target=\"_blank\" rel=\"noopener\">ISO 9001<\/a><\/li>\n \t<li><img src=\"https:\/\/praxas.com\/wp-content\/uploads\/document-icon.png\" alt=\"Icona del documento\"><a href=\"https:\/\/arctiko.com\/wp-content\/uploads\/5082904-03-gb-mdd-93_42-eec-certificate-1.pdf\" target=\"_blank\" rel=\"noopener\">Certificato MDD 93 42 CEE<\/a><\/li>\n<\/ul>"],"other_features":["<table class=\"specifications\">\n<tbody>\n<tr>\n<td class=\"left-td\">Sbrinamento automatico<\/td>\n<td>S\u00ec<\/td>\n<\/tr>\n<tr>\n<td class=\"left-td\">Funzione antigelo<\/td>\n<td>No<\/td>\n<\/tr>\n<tr>\n<td class=\"left-td\">Porta di rilascio del vuoto<\/td>\n<td>No<\/td>\n<\/tr>\n<tr>\n<td class=\"left-td\">Porta di accesso per sonda esterna ecc. (diametro interno mm)<\/td>\n<td>12<\/td>\n<\/tr>\n<tr>\n<td class=\"left-td\">Luce<\/td>\n<td>S\u00ec<\/td>\n<\/tr>\n<tr>\n<td class=\"left-td\">Blocco con chiave<\/td>\n<td>S\u00ec<\/td>\n<\/tr>\n<tr>\n<td class=\"left-td\">Ruote (totale pezzi) \/ Ruote con freno (pezzi)<\/td>\n<td>4 \/ 2<\/td>\n<\/tr>\n<tr>\n<td class=\"left-td\">Piedi fissi (pezzi) \/ Piedi di livellamento (pezzi)<\/td>\n<td>No<\/td>\n<\/tr>\n<tr>\n<td class=\"left-td\">Coperchi o sportelli interni (pezzi)<\/td>\n<td>4<\/td>\n<\/tr>\n<tr>\n<td class=\"left-td\">Porte reversibili (pezzi)<\/td>\n<td>S\u00ec<\/td>\n<\/tr>\n<tr>\n<td class=\"left-td\">Ripiani fissi (pezzi) \/ Ripiani regolabili (pezzi)<\/td>\n<td>No<\/td>\n<\/tr>\n<tr>\n<td class=\"left-td\">Max. No. Di ripiani (Pz) \/ Max. raccomandata No. Di ripiani (pz)<\/td>\n<td>No<\/td>\n<\/tr>\n<tr>\n<td class=\"left-td\">Carico massimo per ripiano (Kg)<\/td>\n<td>No<\/td>\n<\/tr>\n<tr>\n<td class=\"left-td\">Cassetti regolabili (pezzi)<\/td>\n<td>5<\/td>\n<\/tr>\n<tr>\n<td class=\"left-td\">Max. Carico per cassetto regolabile (Kg)<\/td>\n<td>30<\/td>\n<\/tr>\n<tr>\n<td class=\"left-td\">Max. No. Di sacche di sangue - Per numero standard Di Adj. Cassetti (pezzi)<\/td>\n<td>300<\/td>\n<\/tr>\n<tr>\n<td class=\"left-td\">Cestino (pezzi)<\/td>\n<td>No<\/td>\n<\/tr>\n<tr>\n<td class=\"left-td\">Max. No. Di cestini (pz)<\/td>\n<td>No<\/td>\n<\/tr>\n<tr>\n<td class=\"left-td\">Max. Carico per cesto (Kg)<\/td>\n<td>No<\/td>\n<\/tr>\n<tr>\n<td class=\"left-td\">Capacit\u00e0 totale di divisori da 50 mm per scatole 9x9 (pezzi)<\/td>\n<td>No<\/td>\n<\/tr>\n<tr>\n<td class=\"left-td\">Capacit\u00e0 totale di divisori per scatole 9x9 da 75 mm (pezzi)<\/td>\n<td>No<\/td>\n<\/tr>\n<tr>\n<td class=\"left-td\">Capacit\u00e0 totale di divisori 9x9 per scatole da 96 mm (pezzi)<\/td>\n<td>No<\/td>\n<\/tr>\n<\/tbody>\n<\/table>"],"shipping":["<table class=\"specifications\">\n<tbody>\n<tr>\n<td class=\"left-td\">Peso di spedizione (KG)<\/td>\n<td>265<\/td>\n<\/tr>\n<tr>\n<td class=\"left-td\">Dimensioni di spedizione LxPxA (cm)<\/td>\n<td>109 X 84 X 220<\/td>\n<\/tr>\n<tr>\n<td class=\"left-td\">Volume di spedizione (M\u00b3)<\/td>\n<td>2,01<\/td>\n<\/tr>\n<\/tbody>\n<\/table>"],"refrigerant_cabinet":["<table class=\"specifications\">\n<tbody>\n<tr>\n<td class=\"left-td\">Numero di compressori<\/td>\n<td>2<\/td>\n<\/tr>\n<tr>\n<td class=\"left-td\">Refrigerante<\/td>\n<td>R290<\/td>\n<\/tr>\n<tr>\n<td class=\"left-td\">Materiale del mobile interno<\/td>\n<td>Acciaio inossidabile<\/td>\n<\/tr>\n<tr>\n<td class=\"left-td\">Materiale del mobile esterno<\/td>\n<td>Acciaio verniciato<\/td>\n<\/tr>\n<tr>\n<td class=\"left-td\">Colore (mobile esterno)<\/td>\n<td>Bianco<\/td>\n<\/tr>\n<tr>\n<td class=\"left-td\">Agente schiumogeno<\/td>\n<td>Poliuretano<\/td>\n<\/tr>\n<tr>\n<td class=\"left-td\">Pannelli isolati sottovuoto VIP<\/td>\n<td>No<\/td>\n<\/tr>\n<\/tbody>\n<\/table>\n\u00a0"],"main_specifications":["<table class=\"specifications\">\n<tbody>\n<tr>\n<td class=\"left-td\">Codice articolo<\/td>\n<td>DAI 1150<\/td>\n<\/tr>\n<tr>\n<td class=\"left-td\">Intervallo di temperatura (\u00b0C)<\/td>\n<td>+4<\/td>\n<\/tr>\n<tr>\n<td class=\"left-td\">Max. Temperatura ambiente (\u00b0C)<\/td>\n<td>32<\/td>\n<\/tr>\n<tr>\n<td class=\"left-td\">Capacit\u00e0 (L)<\/td>\n<td>628<\/td>\n<\/tr>\n<tr>\n<td class=\"left-td\">Dimensioni esterne LxPxA (mm)<\/td>\n<td>720 x 860 x 1997<\/td>\n<\/tr>\n<tr>\n<td class=\"left-td\">Dimensioni interne LxPxA (mm)<\/td>\n<td>600 x 695 x 1505<\/td>\n<\/tr>\n<tr>\n<td class=\"left-td\">Peso (KG)<\/td>\n<td>178<\/td>\n<\/tr>\n<tr>\n<td class=\"left-td\">Isolamento (mm)<\/td>\n<td>60<\/td>\n<\/tr>\n<tr>\n<td class=\"left-td\">Tecnologia di raffreddamento<\/td>\n<td>Ad aria forzata<\/td>\n<\/tr>\n<tr>\n<td class=\"left-td\">Modello di controller \/ Tipo di sonda<\/td>\n<td>Arctiko G 214\u00ae \/ Pt 1000<\/td>\n<\/tr>\n<tr>\n<td class=\"left-td\">Alimentazione (V)<\/td>\n<td>230<\/td>\n<\/tr>\n<tr>\n<td class=\"left-td\">Frequenza (Hz)<\/td>\n<td>50\/60<\/td>\n<\/tr>\n<tr>\n<td class=\"left-td\">Consumo di energia (KWHH\/24H)<\/td>\n<td>8,5<\/td>\n<\/tr>\n<tr>\n<td class=\"left-td\">AMP (A)<\/td>\n<td>4,2<\/td>\n<\/tr>\n<tr>\n<td class=\"left-td\">Potenza (Watt)<\/td>\n<td>474<\/td>\n<\/tr>\n<tr>\n<td class=\"left-td\">Potenza in cavalli (HP)<\/td>\n<td>2 x 1\/4<\/td>\n<\/tr>\n<\/tbody>\n<\/table>"],"other_features_arctiko":["<table class=\"specifications\">\n<tbody>\n<tr>\n<td class=\"left-td\">Sbrinamento automatico<\/td>\n<td>S\u00ec<\/td>\n<\/tr>\n<tr>\n<td class=\"left-td\">Funzione antigelo<\/td>\n<td>No<\/td>\n<\/tr>\n<tr>\n<td class=\"left-td\">Porta di rilascio del vuoto<\/td>\n<td>No<\/td>\n<\/tr>\n<tr>\n<td class=\"left-td\">Porta di accesso per sonda esterna ecc. (diametro interno mm)<\/td>\n<td>12<\/td>\n<\/tr>\n<tr>\n<td class=\"left-td\">Luce<\/td>\n<td>S\u00ec<\/td>\n<\/tr>\n<tr>\n<td class=\"left-td\">Blocco con chiave<\/td>\n<td>S\u00ec<\/td>\n<\/tr>\n<tr>\n<td class=\"left-td\">Ruote (totale pezzi) \/ Ruote con freno (pezzi)<\/td>\n<td>4 \/ 2<\/td>\n<\/tr>\n<tr>\n<td class=\"left-td\">Piedi fissi (pezzi) \/ Piedi di livellamento (pezzi)<\/td>\n<td>No<\/td>\n<\/tr>\n<tr>\n<td class=\"left-td\">Coperchi o sportelli interni (pezzi)<\/td>\n<td>4<\/td>\n<\/tr>\n<tr>\n<td class=\"left-td\">Porte reversibili (pezzi)<\/td>\n<td>S\u00ec<\/td>\n<\/tr>\n<tr>\n<td class=\"left-td\">Ripiani fissi (pezzi) \/ Ripiani regolabili (pezzi)<\/td>\n<td>No<\/td>\n<\/tr>\n<tr>\n<td class=\"left-td\">Max. No. Di ripiani (Pz) \/ Max. raccomandata No. Di ripiani (pz)<\/td>\n<td>No<\/td>\n<\/tr>\n<tr>\n<td class=\"left-td\">Carico massimo per ripiano (Kg)<\/td>\n<td>No<\/td>\n<\/tr>\n<tr>\n<td class=\"left-td\">Cassetti regolabili (pezzi)<\/td>\n<td>5<\/td>\n<\/tr>\n<tr>\n<td class=\"left-td\">Max. Carico per cassetto regolabile (Kg)<\/td>\n<td>30<\/td>\n<\/tr>\n<tr>\n<td class=\"left-td\">Max. No. Di sacche di sangue - Per numero standard Di Adj. Cassetti (pezzi)<\/td>\n<td>300<\/td>\n<\/tr>\n<tr>\n<td class=\"left-td\">Cestino (pezzi)<\/td>\n<td>No<\/td>\n<\/tr>\n<tr>\n<td class=\"left-td\">Max. No. Di cestini (pz)<\/td>\n<td>No<\/td>\n<\/tr>\n<tr>\n<td class=\"left-td\">Max. Carico per cesto (Kg)<\/td>\n<td>No<\/td>\n<\/tr>\n<tr>\n<td class=\"left-td\">Capacit\u00e0 totale di divisori da 50 mm per scatole 9x9 (pezzi)<\/td>\n<td>No<\/td>\n<\/tr>\n<tr>\n<td class=\"left-td\">Capacit\u00e0 totale di divisori per scatole 9x9 da 75 mm (pezzi)<\/td>\n<td>No<\/td>\n<\/tr>\n<tr>\n<td class=\"left-td\">Capacit\u00e0 totale di divisori 9x9 per scatole da 96 mm (pezzi)<\/td>\n<td>No<\/td>\n<\/tr>\n<\/tbody>\n<\/table>"],"_uag_page_assets":["a:9:{s:3:\"css\";s:0:\"\";s:2:\"js\";s:0:\"\";s:18:\"current_block_list\";a:0:{}s:8:\"uag_flag\";b:0;s:11:\"uag_version\";s:10:\"1777052440\";s:6:\"gfonts\";a:0:{}s:10:\"gfonts_url\";s:0:\"\";s:12:\"gfonts_files\";a:0:{}s:14:\"uag_faq_layout\";b:0;}"],"_max_variation_price":[""],"_max_variation_regular_price":[""],"_max_variation_sale_price":[""],"_min_variation_price":[""],"_min_variation_regular_price":[""],"_min_variation_sale_price":[""],"_sale_price":[""],"_wc_pb_base_regular_price":[""],"_wc_pb_base_sale_price":[""],"_wc_pb_base_price":[""],"_wc_sw_max_price":[""],"_wc_sw_max_regular_price":[""],"_wc_rating_count":[""],"_wc_review_count":[""],"_wc_average_rating":[0]},"uagb_featured_image_src":{"full":["https:\/\/praxas.com\/wp-content\/uploads\/BBR-700-800x463-1.jpg",800,463,false],"thumbnail":["https:\/\/praxas.com\/wp-content\/uploads\/BBR-700-800x463-1-150x150.jpg",150,150,true],"medium":["https:\/\/praxas.com\/wp-content\/uploads\/BBR-700-800x463-1-300x174.jpg",300,174,true],"medium_large":["https:\/\/praxas.com\/wp-content\/uploads\/BBR-700-800x463-1-768x444.jpg",768,444,true],"large":["https:\/\/praxas.com\/wp-content\/uploads\/BBR-700-800x463-1.jpg",800,463,false],"1536x1536":["https:\/\/praxas.com\/wp-content\/uploads\/BBR-700-800x463-1.jpg",800,463,false],"2048x2048":["https:\/\/praxas.com\/wp-content\/uploads\/BBR-700-800x463-1.jpg",800,463,false],"crunchify-admin-post-featured-image":["https:\/\/praxas.com\/wp-content\/uploads\/BBR-700-800x463-1-120x69.jpg",120,69,true],"commercegurus-pdp-large":["https:\/\/praxas.com\/wp-content\/uploads\/BBR-700-800x463-1.jpg",800,463,false],"commercegurus-plp-mobile":["https:\/\/praxas.com\/wp-content\/uploads\/BBR-700-800x463-1-441x255.jpg",441,255,true],"cgkit_image_swatch":["https:\/\/praxas.com\/wp-content\/uploads\/BBR-700-800x463-1-100x100.jpg",100,100,true],"woocommerce_thumbnail":["https:\/\/praxas.com\/wp-content\/uploads\/BBR-700-800x463-1-350x203.jpg",350,203,true],"woocommerce_single":["https:\/\/praxas.com\/wp-content\/uploads\/BBR-700-800x463-1.jpg",800,463,false],"woocommerce_gallery_thumbnail":["https:\/\/praxas.com\/wp-content\/uploads\/BBR-700-800x463-1-150x87.jpg",150,87,true]},"uagb_author_info":{"display_name":"Alex James","author_link":"https:\/\/praxas.com\/it\/author\/"},"uagb_comment_info":0,"uagb_excerpt":"+4 \u00b0C Modello verticale - 628 L Vera tecnologia Dual Dispositivo medico di classe IIA Registratore di grafici Cassetti in acciaio inox Porta a doppio vetro Capacit\u00e0 di stoccaggio Raffreddamento ad aria forzata Interno in acciaio inox Ripiani regolabili","_links":{"self":[{"href":"https:\/\/praxas.com\/it\/wp-json\/wp\/v2\/product\/36132","targetHints":{"allow":["GET"]}}],"collection":[{"href":"https:\/\/praxas.com\/it\/wp-json\/wp\/v2\/product"}],"about":[{"href":"https:\/\/praxas.com\/it\/wp-json\/wp\/v2\/types\/product"}],"wp:featuredmedia":[{"embeddable":true,"href":"https:\/\/praxas.com\/it\/wp-json\/wp\/v2\/media\/36133"}],"wp:attachment":[{"href":"https:\/\/praxas.com\/it\/wp-json\/wp\/v2\/media?parent=36132"}],"wp:term":[{"taxonomy":"product_brand","embeddable":true,"href":"https:\/\/praxas.com\/it\/wp-json\/wp\/v2\/product_brand?post=36132"},{"taxonomy":"product_cat","embeddable":true,"href":"https:\/\/praxas.com\/it\/wp-json\/wp\/v2\/product_cat?post=36132"},{"taxonomy":"product_tag","embeddable":true,"href":"https:\/\/praxas.com\/it\/wp-json\/wp\/v2\/product_tag?post=36132"}],"curies":[{"name":"wp","href":"https:\/\/api.w.org\/{rel}","templated":true}]}}