{"id":36136,"date":"2024-07-04T09:55:26","date_gmt":"2024-07-04T07:55:26","guid":{"rendered":"https:\/\/staging.praxas.com\/product\/senza-categoria\/piccolo-frigorifero-biomedico-pr-100\/"},"modified":"2026-01-19T16:47:49","modified_gmt":"2026-01-19T15:47:49","slug":"piccolo-frigorifero-biomedico-pr-100","status":"publish","type":"product","link":"https:\/\/praxas.com\/it\/product\/refrigerazione_prodotti\/frigoriferi\/piccolo-frigorifero-biomedico-pr-100\/","title":{"rendered":"Piccolo frigorifero biomedico PR 100"},"content":{"rendered":"<p>Il PR 100 aggiunger\u00e0 una nuova dimensione al tuo laboratorio. Il frigorifero biomedico pu\u00f2 essere utilizzato come modello da banco o sottobanco. Il design compatto e salvaspazio e il basso livello di rumorosit\u00e0 lo rendono una soluzione di archiviazione perfetta per il tuo laboratorio. Il PR 100 conserva e protegge i tuoi campioni con prestazioni e affidabilit\u00e0 di raffreddamento eccezionali. ARCTIKO ha unito le prestazioni di raffreddamento di alta qualit\u00e0 ottenute grazie alla circolazione dell&#8217;aria con le numerose funzioni e la facilit\u00e0 d&#8217;uso offerte dal controller ARCRIKO G214.<\/p>\n<ul class=\"small d-none d-sm-block ulnoindent\">\n<li class=\"fLight\">In posizione verticale<\/li>\n<li class=\"fLight\">Capacit\u00e0 (L) 94 L.<\/li>\n<li class=\"fLight\">Intervallo +1 \/ +10 \u00b0C<\/li>\n<\/ul>\n","protected":false},"excerpt":{"rendered":"<ul class=\"small d-none d-sm-block ulnoindent\">\n<li class=\"fLight\">+1 \u00b0C\/ +10 \u00b0C<\/li>\n<li class=\"fLight\">Modello da banco\/sottobanco &#8211; 94 L.<\/li>\n<li class=\"fLight\">Raffreddamento ad aria forzata<\/li>\n<li>Interno in acciaio inox<\/li>\n<li>Ripiani regolabili<\/li>\n<li>Serratura a chiave sulla porta<\/li>\n<li>Sbrinamento automatico<\/li>\n<li>Disponibile con ATEX<\/li>\n<\/ul>\n","protected":false},"featured_media":36137,"template":"","meta":{"_acf_changed":false,"content-type":"","_uag_custom_page_level_css":""},"product_brand":[],"product_cat":[2130,2131,2082],"product_tag":[2528,2633,3866],"class_list":{"0":"post-36136","1":"product","2":"type-product","3":"status-publish","4":"has-post-thumbnail","6":"product_cat-frigoriferi","7":"product_cat-1c-10c-frigoriferi-farmaceutici-e-biomedicali","8":"product_cat-refrigerazione_prodotti","9":"product_tag-arctiko-it","10":"product_tag-frigorifero","11":"product_tag-sottobanco","12":"product_shipping_class-pesante","14":"first","15":"instock","16":"taxable","17":"shipping-taxable","18":"purchasable","19":"product-type-simple"},"bundled_by":[],"bundle_stock_status":"instock","bundle_stock_quantity":null,"bundle_virtual":false,"bundle_layout":"","bundle_add_to_cart_form_location":"","bundle_editable_in_cart":false,"bundle_sold_individually_context":"","bundle_item_grouping":"","bundle_min_size":"","bundle_max_size":"","bundle_price":[],"bundled_items":[],"bundle_sell_ids":[],"acf":[],"spectra_custom_meta":{"_wcml_average_rating":[null],"_wcml_review_count":[null],"_wcml_rating_count":[null],"_backorders":["no"],"_download_limit":["0"],"_download_expiry":["0"],"_downloadable":["no"],"_manage_stock":["no"],"_sku":["DAI 0895"],"_stock_status":["instock"],"_sold_individually":["no"],"_tax_class":[""],"_tax_status":["taxable"],"_virtual":["no"],"_weight":["83"],"_width":["69"],"_height":["103"],"_length":["81"],"total_sales":["0"],"product_datasheet":[""],"_product_datasheet":["field_650ad7d6ea3a0"],"_connectivity":["field_64dce263bb57c"],"brand":["Arctiko"],"_brand":["field_64ddf62ed2593"],"brand_image":[""],"_brand_image":["field_650c5e7c84cae"],"_specifications_table":["field_65044e1db92a8"],"_display_data_alarm":["field_667d647bcb066"],"_resources":["field_650849c6945ee"],"_accessories":["field_650849e6945f0"],"_faqs":["field_650859523d8d5"],"_calibration_suitable_ids_gb":["field_654b4c4acb54a"],"_calibration_suitable_ids_us":["field_654b4c56cb54b"],"_show_in_calibration_suitable":["field_654cfb691d345"],"_shipping":["field_66852535c98a5"],"_refrigerant_cabinet":["field_66852557c98a6"],"_main_specifications":["field_66855b25b1245"],"_usd_price_4":["field_651570dcac479"],"_usd_price_9":["field_6515713eb4807"],"_usd_price_24":["field_65157141b4809"],"_usd_price_49":["field_65157140b4808"],"_usd_price_99":["field_6515715bb480a"],"_gbp_price_4":["field_6515716e83bfa"],"_gbp_price_9":["field_6515724783bfb"],"_gbp_price_24":["field_6515724b83bfc"],"_gbp_price_49":["field_6515725983bfd"],"_gbp_price_99":["field_6515725d83bfe"],"_usdhk_price_4":["field_6515726f83bff"],"_usdhk_price_9":["field_6515727c83c00"],"_usdhk_price_24":["field_6515728083c01"],"_usdhk_price_49":["field_6515728983c02"],"_usdhk_price_99":["field_6515728e83c03"],"stock_options":["In stock"],"_stock_options":["field_6544b605dc7f9"],"_top_nav_excluded":[""],"_cms_nav_minihome":[""],"wcml_sync_hash":["a:1:{s:15:\"postmeta_fields\";s:32:\"df5358b192c7daaa56c27672f9ee35a2\";}"],"attr_label_translations":["a:0:{}"],"_product_attributes":["a:4:{s:16:\"pa_product-brand\";a:6:{s:4:\"name\";s:16:\"pa_product-brand\";s:5:\"value\";s:0:\"\";s:8:\"position\";i:0;s:10:\"is_visible\";i:1;s:12:\"is_variation\";i:0;s:11:\"is_taxonomy\";i:1;}s:11:\"pa_capacity\";a:6:{s:4:\"name\";s:11:\"pa_capacity\";s:5:\"value\";s:0:\"\";s:8:\"position\";i:1;s:10:\"is_visible\";i:1;s:12:\"is_variation\";i:0;s:11:\"is_taxonomy\";i:1;}s:14:\"pa_temperature\";a:6:{s:4:\"name\";s:14:\"pa_temperature\";s:5:\"value\";s:0:\"\";s:8:\"position\";i:2;s:10:\"is_visible\";i:1;s:12:\"is_variation\";i:0;s:11:\"is_taxonomy\";i:1;}s:15:\"pa_product-type\";a:6:{s:4:\"name\";s:15:\"pa_product-type\";s:5:\"value\";s:0:\"\";s:8:\"position\";i:3;s:10:\"is_visible\";i:1;s:12:\"is_variation\";i:0;s:11:\"is_taxonomy\";i:1;}}"],"_product_image_gallery":["36138"],"_thumbnail_id":["36137"],"_crosssell_ids":["a:0:{}"],"_last_translation_edit_mode":["translation-editor"],"connectivity":[""],"_calibration":["field_66a0ddd599972"],"_wpml_word_count":["148"],"min_temp":["1"],"max_temp":["10"],"_min_temp":["field_67ea5eb4e0a77"],"_max_temp":["field_67ea5f81e0a79"],"rank_math_primary_product_cat":["411"],"_other_features_arctiko":["field_668524f8c98a4"],"shipping":["<table class=\"specifications\">\n<tbody>\n<tr class=\"even-row\">\n<td class=\"left-td\">Peso di spedizione (KG)<\/td>\n<td>83<\/td>\n<\/tr>\n<tr class=\"even-row\">\n<td class=\"left-td\">Dimensioni di spedizione LxPxH (cm)<\/td>\n<td>81x69x103<\/td>\n<\/tr>\n<tr class=\"even-row\">\n<td class=\"left-td\">Volume di spedizione (M\u00b3)<\/td>\n<td>0,58<\/td>\n<\/tr>\n<\/tbody>\n<\/table>"],"_regular_price":["4545"],"_price":["4545"],"_other_features":["field_686fa2aa98dce"],"rank_math_description":["Migliora il tuo laboratorio con il frigorifero biomedico da banco PR 100\u00ae, che offre una capacit\u00e0 di 94L e un intervallo da +1 a +10\u00b0C per una conservazione biomedica precisa."],"rank_math_focus_keyword":["Frigorifero biomedico"],"display_data_alarm":["<table class=\"specifications\">\n<tbody>\n<tr class=\"even-row\">\n<td class=\"left-td\">Visualizzazione dell'allarme come testo - Non i codici<\/td>\n<td>S\u00ec<\/td>\n<\/tr>\n<tr class=\"odd-row\">\n<td class=\"left-td\">Allarme visivo\/acustico<\/td>\n<td>S\u00ec \/ S\u00ec<\/td>\n<\/tr>\n<tr class=\"even-row\">\n<td class=\"left-td\">Allarme di interruzione di corrente<\/td>\n<td>S\u00ec<\/td>\n<\/tr>\n<tr class=\"odd-row\">\n<td class=\"left-td\">Allarme temperatura alta\/bassa regolabile<\/td>\n<td>S\u00ec \/ S\u00ec<\/td>\n<\/tr>\n<tr class=\"even-row\">\n<td class=\"left-td\">Allarme porta aperta<\/td>\n<td>S\u00ec<\/td>\n<\/tr>\n<tr class=\"odd-row\">\n<td class=\"left-td\">Allarme guasto sonda<\/td>\n<td>S\u00ec<\/td>\n<\/tr>\n<tr class=\"even-row\">\n<td class=\"left-td\">Allarme batteria scarica<\/td>\n<td>S\u00ec<\/td>\n<\/tr>\n<tr class=\"even-row\">\n<td class=\"left-td\">Allarme guasto compressore<\/td>\n<td>No<\/td>\n<\/tr>\n<tr class=\"odd-row\">\n<td class=\"left-td\">Contatto libero da tensione per allarme remoto (ad es. modulo di allarme GSM)<\/td>\n<td>S\u00ec<\/td>\n<\/tr>\n<tr class=\"even-row\">\n<td class=\"left-td\">Data Logger elettronico<\/td>\n<td>S\u00ec<\/td>\n<\/tr>\n<tr class=\"odd-row\">\n<td class=\"left-td\">Porta RS485<\/td>\n<td>S\u00ec<\/td>\n<\/tr>\n<tr class=\"odd-row\">\n<td class=\"left-td\">Porta USB per l'aggiornamento del software e il download dei dati<\/td>\n<td>S\u00ec<\/td>\n<\/tr>\n<tr class=\"odd-row\">\n<td class=\"left-td\">Registratore di grafici di temperatura<\/td>\n<td>Opzionale<\/td>\n<\/tr>\n<tr class=\"even-row\">\n<td class=\"left-td\">Tipo di display<\/td>\n<td>4,3'' con tasti a sfioramento<\/td>\n<\/tr>\n<tr class=\"odd-row\">\n<td class=\"left-td\">Numero di sonde di riferimento opzionali<\/td>\n<td>2<\/td>\n<\/tr>\n<tr class=\"odd-row\">\n<td class=\"left-td\">Protezione con password per l'accensione e lo spegnimento dell'unit\u00e0<\/td>\n<td>S\u00ec<\/td>\n<\/tr>\n<tr class=\"odd-row\">\n<td class=\"left-td\">Grafico della temperatura sul display<\/td>\n<td>S\u00ec<\/td>\n<\/tr>\n<\/tbody>\n<\/table>"],"resources":["<ul class=\"resources-list\">\n \t<li><img src=\"https:\/\/praxas.com\/wp-content\/uploads\/document-icon.png\" alt=\"Icona del documento\"><a href=\"https:\/\/arctiko.com\/wp-content\/uploads\/pr-100_datasheet_15-12-22_v2.pdf\" target=\"_blank\" rel=\"noopener\">Scheda prodotto PR 100<\/a><\/li>\n \t<li><img src=\"https:\/\/praxas.com\/wp-content\/uploads\/document-icon.png\" alt=\"Icona del documento\"><a href=\"https:\/\/arctiko.com\/wp-content\/uploads\/5080021-12-gb-operating-instructions-laboratory-pharmaceutical-unit.pdf\" target=\"_blank\" rel=\"noopener\">Istruzioni per l'uso dell'unit\u00e0 di laboratorio e farmaceutica<\/a><\/li>\n \t<li><img src=\"https:\/\/praxas.com\/wp-content\/uploads\/document-icon.png\" alt=\"Icona del documento\"><a href=\"https:\/\/arctiko.com\/wp-content\/uploads\/5086003-08-wiring-diagram-mbr_pr_-100-300_500_700_900_-st.pdf\" target=\"_blank\" rel=\"noopener\">Schema elettrico PR 100<\/a><\/li>\n \t<li><img src=\"https:\/\/praxas.com\/wp-content\/uploads\/document-icon.png\" alt=\"Icona del documento\"><a href=\"https:\/\/arctiko.com\/wp-content\/uploads\/5088122-01-dimension-drawing-pr-100-pr-100-st-pf100-pf100-st.pdf\" target=\"_blank\" rel=\"noopener\">Disegno quotato PR 100<\/a><\/li>\n \t<li><img src=\"https:\/\/praxas.com\/wp-content\/uploads\/document-icon.png\" alt=\"Icona del documento\"><a href=\"https:\/\/arctiko.com\/wp-content\/uploads\/5082536-03-safety-datasheet-r290.pdf\" target=\"_blank\" rel=\"noopener\">Scheda tecnica di sicurezza R600a<\/a><\/li>\n \t<li><img src=\"https:\/\/praxas.com\/wp-content\/uploads\/document-icon.png\" alt=\"Icona del documento\"><a href=\"https:\/\/arctiko.com\/wp-content\/uploads\/5082011-12-ce-certifikat-pr-100_300_500_700_1400-st.pdf\" target=\"_blank\" rel=\"noopener\">Certificato CE PR 100\/270-2\/300\/500\/700\/1400<\/a><\/li>\n \t<li><img src=\"https:\/\/praxas.com\/wp-content\/uploads\/document-icon.png\" alt=\"Icona del documento\"><a href=\"https:\/\/arctiko.com\/wp-content\/uploads\/2022-certifikat-iso-9001-arctiko-as.pdf\" target=\"_blank\" rel=\"noopener\">ISO 9001<\/a><\/li>\n \t<li><img src=\"https:\/\/praxas.com\/wp-content\/uploads\/document-icon.png\" alt=\"Icona del documento\"><a href=\"https:\/\/arctiko.com\/wp-content\/uploads\/5082269-01-ukca-certificate-pr-100.pdf\" target=\"_blank\" rel=\"noopener\">Certificato UKCA PR 100<\/a><\/li>\n<\/ul>"],"other_features":["<table class=\"specifications\">\n<tbody>\n<tr class=\"even-row\">\n<td class=\"left-td\">Sbrinamento automatico<\/td>\n<td>S\u00ec<\/td>\n<\/tr>\n<tr class=\"odd-row\">\n<td class=\"left-td\">Funzione antigelo<\/td>\n<td>No<\/td>\n<\/tr>\n<tr class=\"odd-row\">\n<td class=\"left-td\">Porta di rilascio del vuoto<\/td>\n<td>No<\/td>\n<\/tr>\n<tr class=\"even-row\">\n<td class=\"left-td\">Porta di accesso per sonda esterna ecc. (diametro interno mm)<\/td>\n<td>Opzionale<\/td>\n<\/tr>\n<tr class=\"odd-row\">\n<td class=\"left-td\">Luce<\/td>\n<td>S\u00ec<\/td>\n<\/tr>\n<tr class=\"even-row\">\n<td class=\"left-td\">Blocco con chiave<\/td>\n<td>S\u00ec<\/td>\n<\/tr>\n<tr class=\"odd-row\">\n<td class=\"left-td\">Ruote (totale pezzi) \/ Ruote con freno (pezzi))<\/td>\n<td>2 rotelle \/ 0<\/td>\n<\/tr>\n<tr class=\"odd-row\">\n<td class=\"left-td\">Piedi fissi (pezzi) \/ Piedi di livellamento (pezzi)<\/td>\n<td>No<\/td>\n<\/tr>\n<tr class=\"even-row\">\n<td class=\"left-td\">Coperchi o sportelli interni (Pz)<\/td>\n<td>No<\/td>\n<\/tr>\n<tr class=\"even-row\">\n<td class=\"left-td\">Porte reversibili (pezzi)<\/td>\n<td>S\u00ec<\/td>\n<\/tr>\n<tr class=\"odd-row\">\n<td class=\"left-td\">Ripiani fissi (pezzi) \/ Ripiani regolabili (pezzi)<\/td>\n<td>0 \/ 2<\/td>\n<\/tr>\n<tr class=\"even-row\">\n<td class=\"left-td\">Max. No. Di ripiani (Pz) \/ Max. raccomandata No. Di ripiani (pz)<\/td>\n<td>5\/3<\/td>\n<\/tr>\n<tr class=\"odd-row\">\n<td class=\"left-td\">Carico massimo per ripiano (Kg)<\/td>\n<td>30<\/td>\n<\/tr>\n<\/tbody>\n<\/table>"],"refrigerant_cabinet":["<table class=\"specifications\">\n<tbody>\n<tr class=\"even-row\">\n<td class=\"left-td\">Numero di compressori<\/td>\n<td>1<\/td>\n<\/tr>\n<tr class=\"odd-row\">\n<td class=\"left-td\">Refrigerante<\/td>\n<td>R290<\/td>\n<\/tr>\n<tr class=\"even-row\">\n<td class=\"left-td\">Materiale del mobile interno<\/td>\n<td>Acciaio inossidabile<\/td>\n<\/tr>\n<tr class=\"odd-row\">\n<td class=\"left-td\">Materiale del mobile esterno<\/td>\n<td>Acciaio verniciato<\/td>\n<\/tr>\n<tr class=\"even-row\">\n<td class=\"left-td\">Colore (mobile esterno)<\/td>\n<td>Bianco<\/td>\n<\/tr>\n<tr class=\"odd-row\">\n<td class=\"left-td\">Agente schiumogeno<\/td>\n<td>Poliuretano<\/td>\n<\/tr>\n<tr class=\"odd-row\">\n<td class=\"left-td\">Pannelli isolati sottovuoto VIP<\/td>\n<td>No<\/td>\n<\/tr>\n<\/tbody>\n<\/table>"],"main_specifications":["<table class=\"specifications\">\n<tbody>\n<tr>\n<td class=\"left-td\">Codice articolo<\/td>\n<td>DAI 0895<\/td>\n<\/tr>\n<tr>\n<td class=\"left-td\">Intervallo di temperatura (\u00b0C)<\/td>\n<td>+1 \/ +10 \u00b0C<\/td>\n<\/tr>\n<tr>\n<td class=\"left-td\">Intervallo di temperatura (\u00b0F)<\/td>\n<td>+35.6 \/ +50 \u00b0F<\/td>\n<\/tr>\n<tr class=\"odd-row\">\n<td class=\"left-td\">Max. Temperatura ambiente (\u00b0C)<\/td>\n<td>+32 \u00b0C<\/td>\n<\/tr>\n<tr class=\"even-row\">\n<td class=\"left-td\">Capacit\u00e0 (L)<\/td>\n<td>94<\/td>\n<\/tr>\n<tr>\n<td class=\"left-td\">Dimensioni esterne LxPxH (mm)<\/td>\n<td>610x659x790<\/td>\n<\/tr>\n<tr class=\"even-row\">\n<td class=\"left-td\">Dimensioni interne LxPxA (mm)<\/td>\n<td>490x440x434<\/td>\n<\/tr>\n<tr class=\"even-row\">\n<td class=\"left-td\">Peso (KG)<\/td>\n<td>61<\/td>\n<\/tr>\n<tr class=\"even-row\">\n<td class=\"left-td\">Isolamento (mm)<\/td>\n<td>60<\/td>\n<\/tr>\n<tr class=\"even-row\">\n<td class=\"left-td\">Tecnologia di raffreddamento<\/td>\n<td>Aria forzata<\/td>\n<\/tr>\n<tr class=\"odd-row\">\n<td class=\"left-td\">Modello di controller \/ Tipo di sonda<\/td>\n<td>Arctiko G 214\u00ae \/ Pt1000<\/td>\n<\/tr>\n<tr class=\"even-row\">\n<td class=\"left-td\">Alimentazione (V)<\/td>\n<td>230*<\/td>\n<\/tr>\n<tr class=\"odd-row\">\n<td class=\"left-td\">Frequenza (Hz)<\/td>\n<td>50\/60<\/td>\n<\/tr>\n<tr>\n<td class=\"left-td\">Consumo di energia (KWHH\/24H)<\/td>\n<td>4.2<\/td>\n<\/tr>\n<tr>\n<td class=\"left-td\">AMP (A)<\/td>\n<td>1.6<\/td>\n<\/tr>\n<tr>\n<td class=\"left-td\">Potenza (Watt)<\/td>\n<td>254<\/td>\n<\/tr>\n<tr>\n<td class=\"left-td\">Potenza in cavalli (HP)<\/td>\n<td>1\/8<\/td>\n<\/tr>\n<\/tbody>\n<\/table>\n*110V\/60Hz disponibile come opzione"],"other_features_arctiko":["<table class=\"specifications\">\n<tbody>\n<tr class=\"even-row\">\n<td class=\"left-td\">Sbrinamento automatico<\/td>\n<td>S\u00ec<\/td>\n<\/tr>\n<tr class=\"odd-row\">\n<td class=\"left-td\">Funzione antigelo<\/td>\n<td>No<\/td>\n<\/tr>\n<tr class=\"odd-row\">\n<td class=\"left-td\">Porta di rilascio del vuoto<\/td>\n<td>No<\/td>\n<\/tr>\n<tr class=\"even-row\">\n<td class=\"left-td\">Porta di accesso per sonda esterna ecc. (diametro interno mm)<\/td>\n<td>Opzionale<\/td>\n<\/tr>\n<tr class=\"odd-row\">\n<td class=\"left-td\">Luce<\/td>\n<td>S\u00ec<\/td>\n<\/tr>\n<tr class=\"even-row\">\n<td class=\"left-td\">Blocco con chiave<\/td>\n<td>S\u00ec<\/td>\n<\/tr>\n<tr class=\"odd-row\">\n<td class=\"left-td\">Ruote (totale pezzi) \/ Ruote con freno (pezzi))<\/td>\n<td>2 rotelle \/ 0<\/td>\n<\/tr>\n<tr class=\"odd-row\">\n<td class=\"left-td\">Piedi fissi (pezzi) \/ Piedi di livellamento (pezzi)<\/td>\n<td>No<\/td>\n<\/tr>\n<tr class=\"even-row\">\n<td class=\"left-td\">Coperchi o sportelli interni (Pz)<\/td>\n<td>No<\/td>\n<\/tr>\n<tr class=\"even-row\">\n<td class=\"left-td\">Porte reversibili (pezzi)<\/td>\n<td>S\u00ec<\/td>\n<\/tr>\n<tr class=\"odd-row\">\n<td class=\"left-td\">Ripiani fissi (pezzi) \/ Ripiani regolabili (pezzi)<\/td>\n<td>0 \/ 2<\/td>\n<\/tr>\n<tr class=\"even-row\">\n<td class=\"left-td\">Max. No. Di ripiani (Pz) \/ Max. raccomandata No. Di ripiani (pz)<\/td>\n<td>5\/3<\/td>\n<\/tr>\n<tr class=\"odd-row\">\n<td class=\"left-td\">Carico massimo per ripiano (Kg)<\/td>\n<td>30<\/td>\n<\/tr>\n<\/tbody>\n<\/table>"],"_uag_page_assets":["a:9:{s:3:\"css\";s:0:\"\";s:2:\"js\";s:0:\"\";s:18:\"current_block_list\";a:0:{}s:8:\"uag_flag\";b:0;s:11:\"uag_version\";s:10:\"1777295789\";s:6:\"gfonts\";a:0:{}s:10:\"gfonts_url\";s:0:\"\";s:12:\"gfonts_files\";a:0:{}s:14:\"uag_faq_layout\";b:0;}"],"_max_variation_price":[""],"_max_variation_regular_price":[""],"_max_variation_sale_price":[""],"_min_variation_price":[""],"_min_variation_regular_price":[""],"_min_variation_sale_price":[""],"_sale_price":[""],"_wc_pb_base_regular_price":[""],"_wc_pb_base_sale_price":[""],"_wc_pb_base_price":[""],"_wc_sw_max_price":[""],"_wc_sw_max_regular_price":[""],"_wc_rating_count":[""],"_wc_review_count":[""],"_wc_average_rating":[0]},"uagb_featured_image_src":{"full":["https:\/\/praxas.com\/wp-content\/uploads\/PR_PF-100.jpg",800,463,false],"thumbnail":["https:\/\/praxas.com\/wp-content\/uploads\/PR_PF-100-150x150.jpg",150,150,true],"medium":["https:\/\/praxas.com\/wp-content\/uploads\/PR_PF-100-300x174.jpg",300,174,true],"medium_large":["https:\/\/praxas.com\/wp-content\/uploads\/PR_PF-100-768x444.jpg",768,444,true],"large":["https:\/\/praxas.com\/wp-content\/uploads\/PR_PF-100.jpg",800,463,false],"1536x1536":["https:\/\/praxas.com\/wp-content\/uploads\/PR_PF-100.jpg",800,463,false],"2048x2048":["https:\/\/praxas.com\/wp-content\/uploads\/PR_PF-100.jpg",800,463,false],"crunchify-admin-post-featured-image":["https:\/\/praxas.com\/wp-content\/uploads\/PR_PF-100-120x69.jpg",120,69,true],"commercegurus-pdp-large":["https:\/\/praxas.com\/wp-content\/uploads\/PR_PF-100.jpg",800,463,false],"commercegurus-plp-mobile":["https:\/\/praxas.com\/wp-content\/uploads\/PR_PF-100-441x255.jpg",441,255,true],"cgkit_image_swatch":["https:\/\/praxas.com\/wp-content\/uploads\/PR_PF-100-100x100.jpg",100,100,true],"woocommerce_thumbnail":["https:\/\/praxas.com\/wp-content\/uploads\/PR_PF-100-350x203.jpg",350,203,true],"woocommerce_single":["https:\/\/praxas.com\/wp-content\/uploads\/PR_PF-100.jpg",800,463,false],"woocommerce_gallery_thumbnail":["https:\/\/praxas.com\/wp-content\/uploads\/PR_PF-100-150x87.jpg",150,87,true]},"uagb_author_info":{"display_name":"Alex James","author_link":"https:\/\/praxas.com\/it\/author\/"},"uagb_comment_info":0,"uagb_excerpt":"+1 \u00b0C\/ +10 \u00b0C Modello da banco\/sottobanco - 94 L. Raffreddamento ad aria forzata Interno in acciaio inox Ripiani regolabili Serratura a chiave sulla porta Sbrinamento automatico Disponibile con ATEX","_links":{"self":[{"href":"https:\/\/praxas.com\/it\/wp-json\/wp\/v2\/product\/36136","targetHints":{"allow":["GET"]}}],"collection":[{"href":"https:\/\/praxas.com\/it\/wp-json\/wp\/v2\/product"}],"about":[{"href":"https:\/\/praxas.com\/it\/wp-json\/wp\/v2\/types\/product"}],"wp:featuredmedia":[{"embeddable":true,"href":"https:\/\/praxas.com\/it\/wp-json\/wp\/v2\/media\/36137"}],"wp:attachment":[{"href":"https:\/\/praxas.com\/it\/wp-json\/wp\/v2\/media?parent=36136"}],"wp:term":[{"taxonomy":"product_brand","embeddable":true,"href":"https:\/\/praxas.com\/it\/wp-json\/wp\/v2\/product_brand?post=36136"},{"taxonomy":"product_cat","embeddable":true,"href":"https:\/\/praxas.com\/it\/wp-json\/wp\/v2\/product_cat?post=36136"},{"taxonomy":"product_tag","embeddable":true,"href":"https:\/\/praxas.com\/it\/wp-json\/wp\/v2\/product_tag?post=36136"}],"curies":[{"name":"wp","href":"https:\/\/api.w.org\/{rel}","templated":true}]}}