{"id":36184,"date":"2024-06-27T15:17:20","date_gmt":"2024-06-27T13:17:20","guid":{"rendered":"https:\/\/staging.praxas.com\/product\/senza-categoria\/congelatore-criogenico-di-grandi-dimensioni-cryo-230\/"},"modified":"2026-01-19T12:49:23","modified_gmt":"2026-01-19T11:49:23","slug":"congelatore-criogenico-di-grandi-dimensioni-cryo-230","status":"publish","type":"product","link":"https:\/\/praxas.com\/it\/product\/refrigerazione_prodotti\/congelatori-criogenici\/congelatore-criogenico-di-grandi-dimensioni-cryo-230\/","title":{"rendered":"Congelatore criogenico di grandi dimensioni CRYO 230"},"content":{"rendered":"<p>Questo congelatore criogenico Arctiko \u00e8 dotato dell&#8217;affidabilissima tecnologia TRUE DUAL\u2122, composta da due sistemi di raffreddamento indipendenti che offrono una doppia sicurezza. Nell&#8217;improbabile caso in cui uno dei due sistemi di raffreddamento dovesse guastarsi, il secondo sistema di raffreddamento manterr\u00e0 il congelatore CRYO a -130 \u00b0C.<\/p>\n<p>Il CRYO 230 offre un&#8217;ampia gamma di applicazioni di ricerca e conservazione a lungo termine per esperimenti scientifici a bassa temperatura, conservazione di cellule, DNA, materiale osseo, batteri, ecc. Grazie alla sua precisione di raffreddamento e alle sue caratteristiche superiori, il CRYO 230 \u00e8 la scelta perfetta per la conservazione di materiale speciale, ideale per ospedali, laboratori universitari, industrie militari o stazioni sanitarie. Questo congelatore criogenico pu\u00f2 essere fornito con i nostri cryobox 9\u00d79 o 10\u00d710, per una gestione sicura dei tuoi campioni.<\/p>\n<p>Nota: il registratore di grafici illustrato non \u00e8 incluso.<\/p>\n","protected":false},"excerpt":{"rendered":"<ul class=\"small d-none d-sm-block ulnoindent\">\n<li class=\"fLight\">-140 \u00b0C\/ -150 \u00b0C<\/li>\n<li>Modello di petto criogenico &#8211; 233 L<\/li>\n<li class=\"fLight\">Vera tecnologia Dual<\/li>\n<li>Basso consumo energetico<\/li>\n<li>Preparati per il backup con LN2 (opzionale)<\/li>\n<li>Riduzione del rumore<\/li>\n<li>Costruzione senza filtro<\/li>\n<\/ul>\n","protected":false},"featured_media":36185,"template":"","meta":{"_acf_changed":false,"content-type":"","_uag_custom_page_level_css":""},"product_brand":[],"product_cat":[2135,2082],"product_tag":[2528,2639],"class_list":{"0":"post-36184","1":"product","2":"type-product","3":"status-publish","4":"has-post-thumbnail","6":"product_cat-congelatori-criogenici","7":"product_cat-refrigerazione_prodotti","8":"product_tag-arctiko-it","9":"product_tag-congelatore","10":"product_shipping_class-pesante","12":"first","13":"instock","14":"taxable","15":"shipping-taxable","16":"purchasable","17":"product-type-simple"},"bundled_by":[],"bundle_stock_status":"instock","bundle_stock_quantity":null,"bundle_virtual":false,"bundle_layout":"","bundle_add_to_cart_form_location":"","bundle_editable_in_cart":false,"bundle_sold_individually_context":"","bundle_item_grouping":"","bundle_min_size":"","bundle_max_size":"","bundle_price":[],"bundled_items":[],"bundle_sell_ids":[],"acf":[],"spectra_custom_meta":{"_wcml_average_rating":[null],"_wcml_review_count":[null],"_wcml_rating_count":[null],"_backorders":["no"],"_download_limit":["0"],"_download_expiry":["0"],"_downloadable":["no"],"_manage_stock":["no"],"_sku":["Dai 0198 \/ 1200002"],"_stock_status":["instock"],"_sold_individually":["no"],"_tax_class":[""],"_tax_status":["taxable"],"_virtual":["no"],"_weight":["563"],"_width":["122"],"_height":["140"],"_length":["210"],"total_sales":["0"],"product_datasheet":[""],"_product_datasheet":["field_650ad7d6ea3a0"],"_connectivity":["field_64dce263bb57c"],"brand":["Arctiko"],"_brand":["field_64ddf62ed2593"],"brand_image":[""],"_brand_image":["field_650c5e7c84cae"],"_specifications_table":["field_65044e1db92a8"],"_display_data_alarm":["field_667d647bcb066"],"_resources":["field_650849c6945ee"],"_accessories":["field_650849e6945f0"],"_faqs":["field_650859523d8d5"],"_calibration_suitable_ids_gb":["field_654b4c4acb54a"],"_calibration_suitable_ids_us":["field_654b4c56cb54b"],"_show_in_calibration_suitable":["field_654cfb691d345"],"_shipping":["field_66852535c98a5"],"_refrigerant_cabinet":["field_66852557c98a6"],"_main_specifications":["field_66855b25b1245"],"_usd_price_4":["field_651570dcac479"],"_usd_price_9":["field_6515713eb4807"],"_usd_price_24":["field_65157141b4809"],"_usd_price_49":["field_65157140b4808"],"_usd_price_99":["field_6515715bb480a"],"_gbp_price_4":["field_6515716e83bfa"],"_gbp_price_9":["field_6515724783bfb"],"_gbp_price_24":["field_6515724b83bfc"],"_gbp_price_49":["field_6515725983bfd"],"_gbp_price_99":["field_6515725d83bfe"],"_usdhk_price_4":["field_6515726f83bff"],"_usdhk_price_9":["field_6515727c83c00"],"_usdhk_price_24":["field_6515728083c01"],"_usdhk_price_49":["field_6515728983c02"],"_usdhk_price_99":["field_6515728e83c03"],"stock_options":["In stock"],"_stock_options":["field_6544b605dc7f9"],"_top_nav_excluded":[""],"_cms_nav_minihome":[""],"wcml_sync_hash":["a:1:{s:15:\"postmeta_fields\";s:32:\"bfacec009c7f14fcbdda1b9794cce725\";}"],"attr_label_translations":["a:0:{}"],"_product_attributes":["a:4:{s:16:\"pa_product-brand\";a:6:{s:4:\"name\";s:16:\"pa_product-brand\";s:5:\"value\";s:0:\"\";s:8:\"position\";i:0;s:10:\"is_visible\";i:1;s:12:\"is_variation\";i:0;s:11:\"is_taxonomy\";i:1;}s:11:\"pa_capacity\";a:6:{s:4:\"name\";s:11:\"pa_capacity\";s:5:\"value\";s:0:\"\";s:8:\"position\";i:1;s:10:\"is_visible\";i:1;s:12:\"is_variation\";i:0;s:11:\"is_taxonomy\";i:1;}s:14:\"pa_temperature\";a:6:{s:4:\"name\";s:14:\"pa_temperature\";s:5:\"value\";s:0:\"\";s:8:\"position\";i:2;s:10:\"is_visible\";i:1;s:12:\"is_variation\";i:0;s:11:\"is_taxonomy\";i:1;}s:15:\"pa_product-type\";a:6:{s:4:\"name\";s:15:\"pa_product-type\";s:5:\"value\";s:0:\"\";s:8:\"position\";i:3;s:10:\"is_visible\";i:1;s:12:\"is_variation\";i:0;s:11:\"is_taxonomy\";i:1;}}"],"_thumbnail_id":["36185"],"_product_image_gallery":["36186,36187,36188"],"_last_translation_edit_mode":["translation-editor"],"connectivity":[""],"_calibration":["field_66a0ddd599972"],"_wpml_word_count":["206"],"min_temp":["-150"],"max_temp":["-140"],"_min_temp":["field_67ea5eb4e0a77"],"_max_temp":["field_67ea5f81e0a79"],"rank_math_primary_product_cat":["419"],"_other_features_arctiko":["field_668524f8c98a4"],"shipping":["<table class=\"specifications\">\n<tbody>\n<tr>\n<td class=\"left-td\">Peso di spedizione (KG)<\/td>\n<td>563<\/td>\n<\/tr>\n<tr>\n<td class=\"left-td\">Dimensioni di spedizione LxPxA (cm)<\/td>\n<td>210 X 122 X 140<\/td>\n<\/tr>\n<tr>\n<td class=\"left-td\">Volume di spedizione (M\u00b3)<\/td>\n<td>03.59<\/td>\n<\/tr>\n<\/tbody>\n<\/table>"],"_regular_price":["33445"],"_price":["33445"],"_other_features":["field_686fa2aa98dce"],"rank_math_description":["Metti al sicuro i tuoi campioni scientifici e medici con il congelatore criogenico CRYO 230 di ARCTIKO, dotato di doppio sistema di raffreddamento e ottimale per le diverse esigenze di ricerca."],"rank_math_focus_keyword":["Congelatore criogenico"],"_crosssell_ids":["a:1:{i:0;i:19859;}"],"specifications_table":["<table class=\"specifications\">\n<tbody>\n<tr>\n<td class=\"left-td\">Codice articolo<\/td>\n<td>Dai 0198 \/ 1200002<\/td>\n<\/tr>\n<tr>\n<td class=\"left-td\">Intervallo di temperatura (\u00b0C)<\/td>\n<td>-140 \/ -150 \u00b0C<\/td>\n<\/tr>\n<tr>\n<td class=\"left-td\">Max. Temperatura ambiente (\u00b0C)<\/td>\n<td>+30 \u00b0C<\/td>\n<\/tr>\n<tr>\n<td class=\"left-td\">Capacit\u00e0 (L)<\/td>\n<td>233<\/td>\n<\/tr>\n<tr>\n<td class=\"left-td\">Dimensioni esterne LxPxA (mm)<\/td>\n<td>1760 X 962,5 \/ 1137,5 X 1090<\/td>\n<\/tr>\n<tr>\n<td class=\"left-td\">Dimensioni interne LxPxH (mm)<\/td>\n<td>680 X 500 X 685<\/td>\n<\/tr>\n<tr>\n<td class=\"left-td\">Peso (KG)<\/td>\n<td>391<\/td>\n<\/tr>\n<tr>\n<td class=\"left-td\">Isolamento (mm)<\/td>\n<td>170<\/td>\n<\/tr>\n<tr>\n<td class=\"left-td\">Tecnologia di raffreddamento<\/td>\n<td>Sistema doppio \/ Raffreddamento statico<\/td>\n<\/tr>\n<tr>\n<td class=\"left-td\">Modello di controller \/ Tipo di sonda<\/td>\n<td>TTM-004 \/ PT100<\/td>\n<\/tr>\n<tr>\n<td class=\"left-td\">Alimentazione (V)<\/td>\n<td>3 X 400<\/td>\n<\/tr>\n<tr>\n<td class=\"left-td\">Frequenza (Hz)<\/td>\n<td>50<\/td>\n<\/tr>\n<tr>\n<td class=\"left-td\">Consumo di energia (KWHH\/24H)<\/td>\n<td>33.5<\/td>\n<\/tr>\n<tr>\n<td class=\"left-td\">AMP (A)<\/td>\n<td>4.7<\/td>\n<\/tr>\n<tr>\n<td class=\"left-td\">Potenza (Watt)<\/td>\n<td>2021<\/td>\n<\/tr>\n<tr>\n<td class=\"left-td\">Potenza in cavalli (HP)<\/td>\n<td>2 x 11\/2<\/td>\n<\/tr>\n<\/tbody>\n<\/table>"],"display_data_alarm":["<table class=\"specifications\">\n<tbody>\n<tr>\n<td class=\"left-td\">Visualizzazione dell'allarme come testo - Non codici<\/td>\n<td>No<\/td>\n<\/tr>\n<tr>\n<td class=\"left-td\">Allarme visivo\/acustico<\/td>\n<td>S\u00ec \/ S\u00ec<\/td>\n<\/tr>\n<tr>\n<td class=\"left-td\">Allarme di interruzione di corrente<\/td>\n<td>S\u00ec<\/td>\n<\/tr>\n<tr>\n<td class=\"left-td\">Allarme temperatura alta\/bassa regolabile<\/td>\n<td>S\u00ec \/ S\u00ec<\/td>\n<\/tr>\n<tr>\n<td class=\"left-td\">Allarme porta aperta<\/td>\n<td>No<\/td>\n<\/tr>\n<tr>\n<td class=\"left-td\">Allarme guasto sonda<\/td>\n<td>S\u00ec<\/td>\n<\/tr>\n<tr>\n<td class=\"left-td\">Allarme batteria scarica<\/td>\n<td>No<\/td>\n<\/tr>\n<tr>\n<td class=\"left-td\">Allarme guasto compressore<\/td>\n<td>No<\/td>\n<\/tr>\n<tr>\n<td class=\"left-td\">Contatto libero da tensione per allarme remoto (ad es. modulo di allarme GSM)<\/td>\n<td>S\u00ec<\/td>\n<\/tr>\n<tr>\n<td class=\"left-td\">Data Logger elettronico<\/td>\n<td>No<\/td>\n<\/tr>\n<tr>\n<td class=\"left-td\">Porta RS 485<\/td>\n<td>No<\/td>\n<\/tr>\n<tr>\n<td class=\"left-td\">Porta USB per l'aggiornamento del software e il download dei dati<\/td>\n<td>No<\/td>\n<\/tr>\n<tr>\n<td class=\"left-td\">Registratore di grafici di temperatura<\/td>\n<td>Opzionale<\/td>\n<\/tr>\n<tr>\n<td class=\"left-td\">Tipo di display<\/td>\n<td>Display a LED<\/td>\n<\/tr>\n<tr>\n<td class=\"left-td\">Numero di sonde di riferimento opzionali<\/td>\n<td>N\/D<\/td>\n<\/tr>\n<tr>\n<td class=\"left-td\">Protezione con password per l'accensione e lo spegnimento<\/td>\n<td>No<\/td>\n<\/tr>\n<tr>\n<td class=\"left-td\">Grafico della temperatura sul display<\/td>\n<td>No<\/td>\n<\/tr>\n<\/tbody>\n<\/table>"],"resources":["<ul class=\"resources-list\">\n \t<li><img class=\"alignnone\" src=\"https:\/\/praxas.com\/wp-content\/uploads\/document-icon.png\" alt=\"Icona del documento\" width=\"50\" height=\"50\"><a href=\"\/wp-content\/uploads\/cryo-230_datasheet_23-8-2022_v9.pdf\" target=\"_blank\" rel=\"noopener\">Scheda prodotto CRYO 230<\/a><\/li>\n \t<li><img class=\"alignnone\" src=\"https:\/\/praxas.com\/wp-content\/uploads\/document-icon.png\" alt=\"Icona del documento\" width=\"50\" height=\"50\"><a href=\"\/wp-content\/uploads\/5080056-04-gb-operating-instruction-cryo-170_230.pdf\" target=\"_blank\" rel=\"noopener\">Istruzioni per l'uso CRYO 170 230<\/a><\/li>\n \t<li><img class=\"alignnone\" src=\"https:\/\/praxas.com\/wp-content\/uploads\/document-icon.png\" alt=\"Icona del documento\" width=\"50\" height=\"50\"><a href=\"\/wp-content\/uploads\/5086084-05-wiring-diagram-cryo-170_230.pdf\" target=\"_blank\" rel=\"noopener\">Schema elettrico CRYO 170\/230<\/a><\/li>\n \t<li><img class=\"alignnone\" src=\"https:\/\/praxas.com\/wp-content\/uploads\/document-icon.png\" alt=\"Icona del documento\" width=\"50\" height=\"50\"><a href=\"\/wp-content\/uploads\/5088107-05-dimension-drawing-cryo-230.pdf\" target=\"_blank\" rel=\"noopener\">Disegno quotato CRYO 230<\/a><\/li>\n \t<li><img class=\"alignnone\" src=\"https:\/\/praxas.com\/wp-content\/uploads\/document-icon.png\" alt=\"Icona del documento\" width=\"50\" height=\"50\"><a href=\"\/wp-content\/uploads\/5082050-04-ce-arctiko-cryo-170-cryo-230.pdf\" target=\"_blank\" rel=\"noopener\">Certificato CE CRYO 170\/230<\/a><\/li>\n \t<li><img class=\"alignnone\" src=\"https:\/\/praxas.com\/wp-content\/uploads\/document-icon.png\" alt=\"Icona del documento\" width=\"50\" height=\"50\"><a href=\"\/wp-content\/uploads\/2022-certifikat-iso-9001-arctiko-as.pdf\" target=\"_blank\" rel=\"noopener\">ISO 9001<\/a><\/li>\n \t<li><img class=\"alignnone\" src=\"https:\/\/praxas.com\/wp-content\/uploads\/document-icon.png\" alt=\"Icona del documento\" width=\"50\" height=\"50\"><a href=\"\/wp-content\/uploads\/5082201-01-ukca-certificate-cryo-230.pdf\" target=\"_blank\" rel=\"noopener\">Certificato UKCA CRYO 230<\/a><\/li>\n<\/ul>"],"other_features":["<table class=\"specifications\">\n<tbody>\n<tr>\n<td class=\"left-td\">Sbrinamento automatico<\/td>\n<td>No<\/td>\n<\/tr>\n<tr>\n<td class=\"left-td\">Funzione antigelo<\/td>\n<td>No<\/td>\n<\/tr>\n<tr>\n<td class=\"left-td\">Porta di rilascio del vuoto<\/td>\n<td>S\u00ec<\/td>\n<\/tr>\n<tr>\n<td class=\"left-td\">Porta di accesso per sonda esterna ecc. (diametro interno mm)<\/td>\n<td>20<\/td>\n<\/tr>\n<tr>\n<td class=\"left-td\">Luce<\/td>\n<td>No<\/td>\n<\/tr>\n<tr>\n<td class=\"left-td\">Blocco con chiave<\/td>\n<td>S\u00ec<\/td>\n<\/tr>\n<tr>\n<td class=\"left-td\">Ruote (totale pezzi) \/ Ruote con freno (pezzi)<\/td>\n<td>4 \/ 0<\/td>\n<\/tr>\n<tr>\n<td class=\"left-td\">Piedi fissi (pezzi) \/ Piedi di livellamento (pezzi)<\/td>\n<td>0 \/ 2<\/td>\n<\/tr>\n<tr>\n<td class=\"left-td\">Coperchi o sportelli interni (pezzi)<\/td>\n<td>2<\/td>\n<\/tr>\n<tr>\n<td class=\"left-td\">Porte reversibili (pezzi)<\/td>\n<td>No<\/td>\n<\/tr>\n<tr>\n<td class=\"left-td\">Ripiani fissi (pezzi) \/ Ripiani regolabili (pezzi)<\/td>\n<td>No<\/td>\n<\/tr>\n<tr>\n<td class=\"left-td\">Max. No. Di ripiani (Pz) \/ Max. raccomandata No. Di ripiani (pz)<\/td>\n<td>No<\/td>\n<\/tr>\n<tr>\n<td class=\"left-td\">Carico massimo per ripiano (Kg)<\/td>\n<td>No<\/td>\n<\/tr>\n<tr>\n<td class=\"left-td\">Cassetti regolabili (pezzi)<\/td>\n<td>No<\/td>\n<\/tr>\n<tr>\n<td class=\"left-td\">Max. No. Di cassetti regolabili (pezzi)<\/td>\n<td>No<\/td>\n<\/tr>\n<tr>\n<td class=\"left-td\">Max. Carico per cassetto regolabile (Kg)<\/td>\n<td>No<\/td>\n<\/tr>\n<tr>\n<td class=\"left-td\">Max. No. Di sacche di sangue - Per numero standard Di Adj. Cassetti (pezzi)<\/td>\n<td>No<\/td>\n<\/tr>\n<tr>\n<td class=\"left-td\">Max. No. Di sacche di sangue - Di Max. No. Di Adj. Cassetti (pezzi)<\/td>\n<td>No<\/td>\n<\/tr>\n<tr>\n<td class=\"left-td\">Cestino (pezzi)<\/td>\n<td>No<\/td>\n<\/tr>\n<tr>\n<td class=\"left-td\">Max. No. Di cestini (pz)<\/td>\n<td>No<\/td>\n<\/tr>\n<tr>\n<td class=\"left-td\">Max. Carico per cesto (Kg)<\/td>\n<td>No<\/td>\n<\/tr>\n<tr>\n<td class=\"left-td\">Capacit\u00e0 totale dei divisori 9x9 delle scatole da 50 mm (pezzi)<\/td>\n<td>144<\/td>\n<\/tr>\n<tr>\n<td class=\"left-td\">Capacit\u00e0 totale di divisori per scatole 9x9 da 75 mm (pezzi)<\/td>\n<td>96<\/td>\n<\/tr>\n<tr>\n<td class=\"left-td\">Capacit\u00e0 totale dei divisori 9x9 delle scatole da 96 mm (pezzi)<\/td>\n<td>72<\/td>\n<\/tr>\n<\/tbody>\n<\/table>"],"refrigerant_cabinet":["<table class=\"specifications\">\n<tbody>\n<tr>\n<td class=\"left-td\">Numero di compressori<\/td>\n<td>2<\/td>\n<\/tr>\n<tr>\n<td class=\"left-td\">Refrigerante<\/td>\n<td>Miscela<\/td>\n<\/tr>\n<tr>\n<td class=\"left-td\">Materiale del mobile interno<\/td>\n<td>Acciaio inossidabile<\/td>\n<\/tr>\n<tr>\n<td class=\"left-td\">Materiale del mobile esterno<\/td>\n<td>Acciaio verniciato<\/td>\n<\/tr>\n<tr>\n<td class=\"left-td\">Colore (mobile esterno)<\/td>\n<td>Avorio<\/td>\n<\/tr>\n<tr>\n<td class=\"left-td\">Agente schiumogeno<\/td>\n<td>Poliuretano<\/td>\n<\/tr>\n<tr>\n<td class=\"left-td\">Pannelli isolati sottovuoto VIP<\/td>\n<td>No<\/td>\n<\/tr>\n<\/tbody>\n<\/table>"],"other_features_arctiko":["<table class=\"specifications\">\n<tbody>\n<tr>\n<td class=\"left-td\">Sbrinamento automatico<\/td>\n<td>No<\/td>\n<\/tr>\n<tr>\n<td class=\"left-td\">Funzione antigelo<\/td>\n<td>No<\/td>\n<\/tr>\n<tr>\n<td class=\"left-td\">Porta di rilascio del vuoto<\/td>\n<td>S\u00ec<\/td>\n<\/tr>\n<tr>\n<td class=\"left-td\">Porta di accesso per sonda esterna ecc. (diametro interno mm)<\/td>\n<td>20<\/td>\n<\/tr>\n<tr>\n<td class=\"left-td\">Luce<\/td>\n<td>No<\/td>\n<\/tr>\n<tr>\n<td class=\"left-td\">Blocco con chiave<\/td>\n<td>S\u00ec<\/td>\n<\/tr>\n<tr>\n<td class=\"left-td\">Ruote (totale pezzi) \/ Ruote con freno (pezzi)<\/td>\n<td>4 \/ 0<\/td>\n<\/tr>\n<tr>\n<td class=\"left-td\">Piedi fissi (pezzi) \/ Piedi di livellamento (pezzi)<\/td>\n<td>0 \/ 2<\/td>\n<\/tr>\n<tr>\n<td class=\"left-td\">Coperchi o sportelli interni (pezzi)<\/td>\n<td>2<\/td>\n<\/tr>\n<tr>\n<td class=\"left-td\">Porte reversibili (pezzi)<\/td>\n<td>No<\/td>\n<\/tr>\n<tr>\n<td class=\"left-td\">Ripiani fissi (pezzi) \/ Ripiani regolabili (pezzi)<\/td>\n<td>No<\/td>\n<\/tr>\n<tr>\n<td class=\"left-td\">Max. No. Di ripiani (Pz) \/ Max. raccomandata No. Di ripiani (pz)<\/td>\n<td>No<\/td>\n<\/tr>\n<tr>\n<td class=\"left-td\">Carico massimo per ripiano (Kg)<\/td>\n<td>No<\/td>\n<\/tr>\n<tr>\n<td class=\"left-td\">Cassetti regolabili (pezzi)<\/td>\n<td>No<\/td>\n<\/tr>\n<tr>\n<td class=\"left-td\">Max. No. Di cassetti regolabili (pezzi)<\/td>\n<td>No<\/td>\n<\/tr>\n<tr>\n<td class=\"left-td\">Max. Carico per cassetto regolabile (Kg)<\/td>\n<td>No<\/td>\n<\/tr>\n<tr>\n<td class=\"left-td\">Max. No. Di sacche di sangue - Per numero standard Di Adj. Cassetti (pezzi)<\/td>\n<td>No<\/td>\n<\/tr>\n<tr>\n<td class=\"left-td\">Max. No. Di sacche di sangue - Di Max. No. Di Adj. Cassetti (pezzi)<\/td>\n<td>No<\/td>\n<\/tr>\n<tr>\n<td class=\"left-td\">Cestino (pezzi)<\/td>\n<td>No<\/td>\n<\/tr>\n<tr>\n<td class=\"left-td\">Max. No. Di cestini (pz)<\/td>\n<td>No<\/td>\n<\/tr>\n<tr>\n<td class=\"left-td\">Max. Carico per cesto (Kg)<\/td>\n<td>No<\/td>\n<\/tr>\n<tr>\n<td class=\"left-td\">Capacit\u00e0 totale dei divisori 9x9 delle scatole da 50 mm (pezzi)<\/td>\n<td>144<\/td>\n<\/tr>\n<tr>\n<td class=\"left-td\">Capacit\u00e0 totale di divisori per scatole 9x9 da 75 mm (pezzi)<\/td>\n<td>96<\/td>\n<\/tr>\n<tr>\n<td class=\"left-td\">Capacit\u00e0 totale dei divisori 9x9 delle scatole da 96 mm (pezzi)<\/td>\n<td>72<\/td>\n<\/tr>\n<\/tbody>\n<\/table>"],"_uag_page_assets":["a:9:{s:3:\"css\";s:0:\"\";s:2:\"js\";s:0:\"\";s:18:\"current_block_list\";a:0:{}s:8:\"uag_flag\";b:0;s:11:\"uag_version\";s:10:\"1777052440\";s:6:\"gfonts\";a:0:{}s:10:\"gfonts_url\";s:0:\"\";s:12:\"gfonts_files\";a:0:{}s:14:\"uag_faq_layout\";b:0;}"],"_max_variation_price":[""],"_max_variation_regular_price":[""],"_max_variation_sale_price":[""],"_min_variation_price":[""],"_min_variation_regular_price":[""],"_min_variation_sale_price":[""],"_sale_price":[""],"_wc_pb_base_regular_price":[""],"_wc_pb_base_sale_price":[""],"_wc_pb_base_price":[""],"_wc_sw_max_price":[""],"_wc_sw_max_regular_price":[""],"_wc_rating_count":[""],"_wc_review_count":[""],"_wc_average_rating":[0]},"uagb_featured_image_src":{"full":["https:\/\/praxas.com\/wp-content\/uploads\/CRYO-230-Front-Facing-800-x-463px-1.jpg",800,463,false],"thumbnail":["https:\/\/praxas.com\/wp-content\/uploads\/CRYO-230-Front-Facing-800-x-463px-1-150x150.jpg",150,150,true],"medium":["https:\/\/praxas.com\/wp-content\/uploads\/CRYO-230-Front-Facing-800-x-463px-1-300x174.jpg",300,174,true],"medium_large":["https:\/\/praxas.com\/wp-content\/uploads\/CRYO-230-Front-Facing-800-x-463px-1-768x444.jpg",768,444,true],"large":["https:\/\/praxas.com\/wp-content\/uploads\/CRYO-230-Front-Facing-800-x-463px-1.jpg",800,463,false],"1536x1536":["https:\/\/praxas.com\/wp-content\/uploads\/CRYO-230-Front-Facing-800-x-463px-1.jpg",800,463,false],"2048x2048":["https:\/\/praxas.com\/wp-content\/uploads\/CRYO-230-Front-Facing-800-x-463px-1.jpg",800,463,false],"crunchify-admin-post-featured-image":["https:\/\/praxas.com\/wp-content\/uploads\/CRYO-230-Front-Facing-800-x-463px-1-120x69.jpg",120,69,true],"commercegurus-pdp-large":["https:\/\/praxas.com\/wp-content\/uploads\/CRYO-230-Front-Facing-800-x-463px-1.jpg",800,463,false],"commercegurus-plp-mobile":["https:\/\/praxas.com\/wp-content\/uploads\/CRYO-230-Front-Facing-800-x-463px-1-441x255.jpg",441,255,true],"cgkit_image_swatch":["https:\/\/praxas.com\/wp-content\/uploads\/CRYO-230-Front-Facing-800-x-463px-1-100x100.jpg",100,100,true],"woocommerce_thumbnail":["https:\/\/praxas.com\/wp-content\/uploads\/CRYO-230-Front-Facing-800-x-463px-1-350x203.jpg",350,203,true],"woocommerce_single":["https:\/\/praxas.com\/wp-content\/uploads\/CRYO-230-Front-Facing-800-x-463px-1.jpg",800,463,false],"woocommerce_gallery_thumbnail":["https:\/\/praxas.com\/wp-content\/uploads\/CRYO-230-Front-Facing-800-x-463px-1-150x87.jpg",150,87,true]},"uagb_author_info":{"display_name":"Andy Price","author_link":"https:\/\/praxas.com\/it\/author\/"},"uagb_comment_info":0,"uagb_excerpt":"-140 \u00b0C\/ -150 \u00b0C Modello di petto criogenico - 233 L Vera tecnologia Dual Basso consumo energetico Preparati per il backup con LN2 (opzionale) Riduzione del rumore Costruzione senza filtro","_links":{"self":[{"href":"https:\/\/praxas.com\/it\/wp-json\/wp\/v2\/product\/36184","targetHints":{"allow":["GET"]}}],"collection":[{"href":"https:\/\/praxas.com\/it\/wp-json\/wp\/v2\/product"}],"about":[{"href":"https:\/\/praxas.com\/it\/wp-json\/wp\/v2\/types\/product"}],"wp:featuredmedia":[{"embeddable":true,"href":"https:\/\/praxas.com\/it\/wp-json\/wp\/v2\/media\/36185"}],"wp:attachment":[{"href":"https:\/\/praxas.com\/it\/wp-json\/wp\/v2\/media?parent=36184"}],"wp:term":[{"taxonomy":"product_brand","embeddable":true,"href":"https:\/\/praxas.com\/it\/wp-json\/wp\/v2\/product_brand?post=36184"},{"taxonomy":"product_cat","embeddable":true,"href":"https:\/\/praxas.com\/it\/wp-json\/wp\/v2\/product_cat?post=36184"},{"taxonomy":"product_tag","embeddable":true,"href":"https:\/\/praxas.com\/it\/wp-json\/wp\/v2\/product_tag?post=36184"}],"curies":[{"name":"wp","href":"https:\/\/api.w.org\/{rel}","templated":true}]}}