{"id":36395,"date":"2024-06-12T11:18:02","date_gmt":"2024-06-12T09:18:02","guid":{"rendered":"https:\/\/staging.praxas.com\/product\/senza-categoria\/registratore-di-temperatura-e-umidita-uhado-16\/"},"modified":"2025-10-08T18:13:42","modified_gmt":"2025-10-08T16:13:42","slug":"registratore-di-temperatura-e-umidita-uhado-16","status":"publish","type":"product","link":"https:\/\/praxas.com\/it\/product\/registratori-di-dati\/temperatura-e-umidita\/registratore-di-temperatura-e-umidita-uhado-16\/","title":{"rendered":"Registratore di temperatura e umidit\u00e0 UHADO-16"},"content":{"rendered":"<p>Il registratore di temperatura e umidit\u00e0 LogTag UHADO-16 monitora i livelli di temperatura e umidit\u00e0 durante il trasporto e la conservazione. Pu\u00f2 registrare fino a 16.000 misurazioni di temperatura e umidit\u00e0.<\/p>\n<p>Con un range di umidit\u00e0 compreso tra 0% e 100% RH e un range di temperatura compreso tra -30\u00b0C e +70\u00b0C, puoi monitorare da vicino le condizioni del carico per evitare danni o deterioramenti durante il trasporto. Il datalogger \u00e8 dotato di uno schermo LCD e pu\u00f2 essere collegato direttamente a un computer.<\/p>\n<p><strong>Vantaggi del LogTag UHADO-16:<\/strong><\/p>\n<ul>\n<li>16.000 punti di misurazione<\/li>\n<li>Registra e visualizza simultaneamente le letture della temperatura e dell&#8217;umidit\u00e0 sullo schermo.<\/li>\n<li>Impostazioni di allarme regolabili e indicatori LED<\/li>\n<li>Intervalli di temperatura da -30 a +70 \u00b0C<\/li>\n<li>Genera rapporti PDF automatici senza bisogno di un software speciale<\/li>\n<li>Nessuna misurazione manuale<\/li>\n<\/ul>\n<p><strong>Temperatura e umidit\u00e0<\/strong><\/p>\n<p>Il registratore di temperatura e umidit\u00e0 LogTag UHADO-16 monitora i livelli di temperatura e umidit\u00e0 durante il trasporto, sia su brevi che su lunghe distanze, e durante lo stoccaggio. La qualit\u00e0 dei prodotti, come gli alimenti, dipende molto dalla temperatura e dall&#8217;umidit\u00e0 dell&#8217;ambiente. L&#8217;inserimento del LogTag UHADO-16 nel tuo carico ti assicura di essere informato di queste condizioni, garantendo la qualit\u00e0 e la sicurezza del prodotto.<\/p>\n<p><strong>Facile accesso ai dati<\/strong><\/p>\n<p>Il registratore di temperatura e umidit\u00e0 LogTag UHADO-16 semplifica la gestione dei dati senza richiedere un software speciale. Collega il datalogger al tuo PC utilizzando un cavo micro-USB standard per generare automaticamente dei report in formato PDF.<\/p>\n<p>Questo datalogger \u00e8 compatibile con le interfacce LTI-USB, LTI-HID e LTI-WiFi di LogTag e consente l&#8217;elaborazione diretta dei dati con i programmi cloud LogTag Analyser e LogTag Online.<\/p>\n<p>Nota: per la configurazione e la creazione di report \u00e8 necessaria un&#8217;interfaccia.<\/p>\n<p><strong> <\/strong><\/p>\n<p>L&#8217;utilizzo del registratore di temperatura e umidit\u00e0 LogTag UHADO-16 consente di monitorare costantemente la temperatura del carico per evitare danni da trasporto.<\/p>\n","protected":false},"excerpt":{"rendered":"<ul>\n<li>Registratore di temperatura e umidit\u00e0<\/li>\n<li>Da 0 a 100% RH e da -30\u00b0C a +70\u00b0C<\/li>\n<li>Indicatore di allarme<\/li>\n<li>16.000 punti di misurazione<\/li>\n<li>Genera PDF automatici<\/li>\n<\/ul>\n","protected":false},"featured_media":36396,"template":"","meta":{"_acf_changed":false,"content-type":"","_uag_custom_page_level_css":""},"product_brand":[],"product_cat":[1880],"product_tag":[2512],"class_list":{"0":"post-36395","1":"product","2":"type-product","3":"status-publish","4":"has-post-thumbnail","6":"product_cat-temperatura-e-umidita","7":"product_tag-logtag-it","9":"first","10":"instock","11":"taxable","12":"shipping-taxable","13":"purchasable","14":"product-type-simple"},"bundled_by":[],"bundle_stock_status":"instock","bundle_stock_quantity":null,"bundle_virtual":false,"bundle_layout":"","bundle_add_to_cart_form_location":"","bundle_editable_in_cart":false,"bundle_sold_individually_context":"","bundle_item_grouping":"","bundle_min_size":"","bundle_max_size":"","bundle_price":[],"bundled_items":[],"bundle_sell_ids":[],"acf":[],"spectra_custom_meta":{"_backorders":["no"],"_download_limit":["-1"],"_download_expiry":["-1"],"_downloadable":["no"],"_manage_stock":["no"],"_sku":["UHADO-16"],"_stock_status":["instock"],"_sold_individually":["no"],"_tax_class":[""],"_tax_status":["taxable"],"_virtual":["no"],"_weight":["0"],"_width":["0"],"_height":["0"],"_length":["0"],"total_sales":["12"],"product_datasheet":[""],"_product_datasheet":["field_650ad7d6ea3a0"],"_connectivity":["field_64dce263bb57c"],"brand":["LogTag"],"_brand":["field_64ddf62ed2593"],"brand_image":[""],"_brand_image":["field_650c5e7c84cae"],"_specifications_table":["field_65044e1db92a8"],"_resources":["field_650849c6945ee"],"_accessories":["field_650849e6945f0"],"_faqs":["field_650859523d8d5"],"_calibration_suitable_ids_gb":["field_654b4c4acb54a"],"_calibration_suitable_ids_us":["field_654b4c56cb54b"],"_show_in_calibration_suitable":["field_654cfb691d345"],"_usd_price_4":["field_651570dcac479"],"_usd_price_9":["field_6515713eb4807"],"_usd_price_24":["field_65157141b4809"],"_usd_price_49":["field_65157140b4808"],"_usd_price_99":["field_6515715bb480a"],"_gbp_price_4":["field_6515716e83bfa"],"_gbp_price_9":["field_6515724783bfb"],"_gbp_price_24":["field_6515724b83bfc"],"_gbp_price_49":["field_6515725983bfd"],"_gbp_price_99":["field_6515725d83bfe"],"_usdhk_price_4":["field_6515726f83bff"],"_usdhk_price_9":["field_6515727c83c00"],"_usdhk_price_24":["field_6515728083c01"],"_usdhk_price_49":["field_6515728983c02"],"_usdhk_price_99":["field_6515728e83c03"],"stock_options":["In stock"],"_stock_options":["field_6544b605dc7f9"],"_top_nav_excluded":[""],"_cms_nav_minihome":[""],"wcml_sync_hash":["a:1:{s:15:\"postmeta_fields\";s:32:\"fbab84e5a7d587dfab9445f7df133eda\";}"],"attr_label_translations":["a:0:{}"],"_product_attributes":["a:1:{s:16:\"pa_product-brand\";a:6:{s:4:\"name\";s:16:\"pa_product-brand\";s:5:\"value\";s:0:\"\";s:8:\"position\";i:0;s:10:\"is_visible\";i:1;s:12:\"is_variation\";i:0;s:11:\"is_taxonomy\";i:1;}}"],"_product_image_gallery":[""],"_thumbnail_id":["36396"],"_crosssell_ids":["a:0:{}"],"_display_data_alarm":["field_667d647bcb066"],"_other_features":["field_668524f8c98a4"],"_shipping":["field_66852535c98a5"],"_refrigerant_cabinet":["field_66852557c98a6"],"_main_specifications":["field_66855b25b1245"],"_last_translation_edit_mode":["translation-editor"],"_calibration":["field_66a0ddd599972"],"connectivity":["Interface Cradle"],"_edit_lock":["1724254993:8383"],"classic-editor-remember":["classic-editor"],"rank_math_seo_score":["87"],"rank_math_contentai_score":["a:5:{s:8:\"keywords\";s:5:\"74.51\";s:9:\"wordCount\";s:1:\"0\";s:9:\"linkCount\";s:1:\"0\";s:12:\"headingCount\";s:1:\"0\";s:10:\"mediaCount\";s:1:\"0\";}"],"_edit_last":["8383"],"commercekit_gallery_layout":[""],"commercekit_disable_sticky_atc":["0"],"commercekit_wc_video_gallery":["a:0:{}"],"_rank_math_gtin_code":[""],"_wcml_average_rating":[null],"_wcml_review_count":[null],"_wcml_rating_count":[null],"_stock":[null],"_wc_average_rating":[0],"_wc_review_count":["0"],"_product_version":["9.1.4"],"usd_price_4":[""],"usd_price_9":[""],"usd_price_24":[""],"usd_price_49":[""],"usd_price_99":[""],"gbp_price_4":[""],"gbp_price_9":[""],"gbp_price_24":[""],"gbp_price_49":[""],"gbp_price_99":[""],"usdhk_price_4":[""],"usdhk_price_9":[""],"usdhk_price_24":[""],"usdhk_price_49":[""],"usdhk_price_99":[""],"display_data_alarm":[""],"calibration":[""],"faqs":[""],"calibration_suitable_ids_gb":[""],"calibration_suitable_ids_us":[""],"show_in_calibration_suitable":[""],"other_features":[""],"shipping":[""],"refrigerant_cabinet":[""],"main_specifications":[""],"shoptimizer_layout_pdp_short_description_position":["default"],"rank_math_analytic_object_id":["691"],"_wpml_media_duplicate":["1"],"_wpml_media_featured":["1"],"_regular_price":["121.10"],"_price":["121.10"],"min_temp":["-30"],"max_temp":["70"],"_min_temp":["field_67ea5eb4e0a77"],"_max_temp":["field_67ea5f81e0a79"],"_wpml_word_count":["374"],"rank_math_primary_product_cat":["97"],"_global_unique_id":["850040258127"],"rank_math_description":["Registratore di temperatura e umidit\u00e0 da 0 a 100% RH da -30\u00b0C a +70\u00b0C Indicatore di allarme 16.000 punti di misura Genera PDF automatici Indicatori LED"],"rank_math_focus_keyword":["UHADO-16"],"specifications_table":["<table class=\"specifications\">\n<tbody>\n<tr>\n<td class=\"left-td\">Intervallo di misurazione della temperatura<\/td>\n<td>Da -30\u00b0C a +70\u00b0C (da -22\u00b0F a +158\u00b0F)<\/td>\n<\/tr>\n<tr>\n<td class=\"left-td\">Intervallo di temperatura di conservazione<\/td>\n<td>Da +10\u00b0C a +50\u00b0C (da +50\u00b0F a +122\u00b0F)<\/td>\n<\/tr>\n<tr>\n<td class=\"left-td\">Intervallo di misurazione dell'umidit\u00e0<\/td>\n<td>Da 0% RH a 100% RH (senza condensa), con limitazioni<\/td>\n<\/tr>\n<tr>\n<td class=\"left-td\">Intervallo di umidit\u00e0 operativa<\/td>\n<td>Da 0% RH a 100% RH (senza condensa), con limitazioni<\/td>\n<\/tr>\n<tr>\n<td class=\"left-td\">Intervallo di conservazione dell'umidit\u00e0<\/td>\n<td>Dal 20% RH al 60% RH<\/td>\n<\/tr>\n<tr>\n<td class=\"left-td\">Precisione di lettura della temperatura nominale<\/td>\n<td>Migliore di \u00b10,45\u00b0C (\u00b10,8\u00b0F) per temperature da +0\u00b0C a +50\u00b0C (da +32\u00b0F a +122\u00b0F), in genere \u00b10,3\u00b0C (0,6\u00b0F)\nMigliore di \u00b10,8\u00b0C (\u00b11,4\u00b0F) per temperature da +50\u00b0C a +70\u00b0C (da +122\u00b0F a +158\u00b0F), in genere \u00b10,5\u00b0C (0,9\u00b0F) Migliore di \u00b10,95\u00b0C (\u00b11,7\u00b0F) per temperature da -40\u00b0C a +0\u00b0C (da -40\u00b0F a +32\u00b0F), in genere \u00b10,5\u00b0C (0,9\u00b0F).9\u00b0F)\nMigliore di \u00b10,95\u00b0C (\u00b11,7\u00b0F) per temperature da -40\u00b0C a +0\u00b0C (da -40\u00b0F a +32\u00b0F), in genere \u00b10,6\u00b0C (1,1\u00b0F)\nLe prestazioni effettive sono in genere molto migliori dei valori nominali\nI valori di precisione possono essere migliorati con una ricalibrazione.<\/td>\n<\/tr>\n<tr>\n<td class=\"left-td\">Precisione di lettura dell'umidit\u00e0 nominale<\/td>\n<td>Migliore di \u00b13%RH per valori compresi tra 20%RH e 80%RH, tipicamente \u00b12%RH\nMigliore di \u00b15%RH per valori compresi tra 0%RH e 20%RH, tipicamente \u00b14%RH\nMigliore di \u00b15%RH per valori compresi tra 80%RH e 100%RH, tipicamente \u00b14%RH\nLe prestazioni effettive sono tipicamente molto migliori dei valori nominali\nI valori di precisione possono essere migliorati con una ricalibrazione.<\/td>\n<\/tr>\n<tr>\n<td class=\"left-td\">Risoluzione dell'umidit\u00e0<\/td>\n<td>Migliore dello 0,1% RH<\/td>\n<\/tr>\n<tr>\n<td class=\"left-td\">Risoluzione della temperatura<\/td>\n<td>Migliore di 0,1\u00b0C o 0,1\u00b0F<\/td>\n<\/tr>\n<tr>\n<td class=\"left-td\">Capacit\u00e0 di registrazione<\/td>\n<td>16.128 coppie di letture di umidit\u00e0 e temperatura. 112 giorni a 10 minuti di registrazione, 168 giorni a 15 minuti di registrazione\nMemoria statistica per la visualizzazione dei valori massimi e minimi di temperatura e UR sul display LCD\nMemoria statistica di riepilogo giornaliero (per la visualizzazione sul display LCD): fino a 30 giorni di statistiche di massima\/minima\/durata e di attivazione degli allarmi <\/td>\n<\/tr>\n<tr>\n<td class=\"left-td\">Intervallo di campionamento<\/td>\n<td>Configurabile da 30 secondi a diverse ore<\/td>\n<\/tr>\n<tr>\n<td class=\"left-td\">Opzioni di avvio della registrazione<\/td>\n<td>Avvio tramite pulsante o data e ora specifiche<\/td>\n<\/tr>\n<tr>\n<td class=\"left-td\">Indicazione di registrazione<\/td>\n<td>Indicatore di stato \"REC<\/td>\n<\/tr>\n<tr>\n<td class=\"left-td\">Allarmi<\/td>\n<td>4 allarmi di temperatura e 2 di umidit\u00e0<\/td>\n<\/tr>\n<tr>\n<td class=\"left-td\">Tempo di download<\/td>\n<td>In genere meno di 10 secondi per l'intera memoria, a seconda del computer o del dispositivo di lettura utilizzato.<\/td>\n<\/tr>\n<tr>\n<td class=\"left-td\">Ambientali<\/td>\n<td>IP61 (se appeso o montato verticalmente)<\/td>\n<\/tr>\n<tr>\n<td class=\"left-td\">Fonte di alimentazione<\/td>\n<td>Batteria CR2032 3V LiMnO2 (sostituibile)<\/td>\n<\/tr>\n<tr>\n<td class=\"left-td\">Durata della batteria<\/td>\n<td>1 anno di stoccaggio, 1 anno di utilizzo normale (basato su registrazioni di 15 minuti, download dei dati mensile)<\/td>\n<\/tr>\n<tr>\n<td class=\"left-td\">Orologio in tempo reale<\/td>\n<td>Orologio in tempo reale incorporato\nPrecisione tipica \u00b125ppm @ 25\u00b0C (equivalente a 2,5 secondi\/giorno)<\/td>\n<\/tr>\n<tr>\n<td class=\"left-td\">Interfaccia di connessione<\/td>\n<td>Interfaccia Cradle o presa USB 2.0 \/ Micro USB (cavo non incluso)<\/td>\n<\/tr>\n<tr>\n<td class=\"left-td\">Software<\/td>\n<td>Analizzatore LogTag\u00ae e LogTag\u00ae Online<\/td>\n<\/tr>\n<tr>\n<td class=\"left-td\">Supporto multilingue<\/td>\n<td>Supporto multilingue per inglese, spagnolo, francese, russo e tedesco.<\/td>\n<\/tr>\n<tr>\n<td class=\"left-td\">Dimensioni<\/td>\n<td>93 mm (H) x 54,5 mm (L) x 8,6 mm (T) compreso il cappuccio protettivo USB<\/td>\n<\/tr>\n<tr>\n<td class=\"left-td\">Peso<\/td>\n<td>41g<\/td>\n<\/tr>\n<tr>\n<td class=\"left-td\">Materiale della custodia<\/td>\n<td>Policarbonato<\/td>\n<\/tr>\n<\/tbody>\n<\/table>"],"resources":["<ul class=\"resources-list\">\n \t<li><a href=\"https:\/\/praxas.com\/wp-content\/uploads\/LogTag_UHADO-16_Brochure.pdf\"><img src=\"https:\/\/praxas.com\/wp-content\/uploads\/document-icon.png\" alt=\"Icona del documento\">Opuscolo LogTag UHADO-16<\/a><\/li>\n \t<li><img src=\"https:\/\/praxas.com\/wp-content\/uploads\/document-icon.png\" alt=\"Icona del documento\"><a href=\"https:\/\/praxas.com\/wp-content\/uploads\/UHADO_16_Quickstart_Guide.pdf\">Guida rapida al LogTag UHADO-16<\/a><\/li>\n \t<li><a href=\"https:\/\/praxas.com\/wp-content\/uploads\/UHADO-16_Product_User_Guide.pdf\"><img src=\"https:\/\/praxas.com\/wp-content\/uploads\/document-icon.png\" alt=\"Icona del documento\">Manuale LogTag UHADO-16<\/a><\/li>\n<\/ul>"],"accessories":["[products skus=\"LTI-HID,WMB-1\"]"],"_uag_page_assets":["a:9:{s:3:\"css\";s:0:\"\";s:2:\"js\";s:0:\"\";s:18:\"current_block_list\";a:0:{}s:8:\"uag_flag\";b:0;s:11:\"uag_version\";s:10:\"1776927755\";s:6:\"gfonts\";a:0:{}s:10:\"gfonts_url\";s:0:\"\";s:12:\"gfonts_files\";a:0:{}s:14:\"uag_faq_layout\";b:0;}"],"_max_variation_price":[""],"_max_variation_regular_price":[""],"_max_variation_sale_price":[""],"_min_variation_price":[""],"_min_variation_regular_price":[""],"_min_variation_sale_price":[""],"_sale_price":[""],"_wc_pb_base_regular_price":[""],"_wc_pb_base_sale_price":[""],"_wc_pb_base_price":[""],"_wc_sw_max_price":[""],"_wc_sw_max_regular_price":[""],"_wc_rating_count":[""]},"uagb_featured_image_src":{"full":["https:\/\/praxas.com\/wp-content\/uploads\/logtag-logtag-uhado-16-temperature-and-humidity-re-800px.jpg",800,463,false],"thumbnail":["https:\/\/praxas.com\/wp-content\/uploads\/logtag-logtag-uhado-16-temperature-and-humidity-re-800px-150x150.jpg",150,150,true],"medium":["https:\/\/praxas.com\/wp-content\/uploads\/logtag-logtag-uhado-16-temperature-and-humidity-re-800px-300x174.jpg",300,174,true],"medium_large":["https:\/\/praxas.com\/wp-content\/uploads\/logtag-logtag-uhado-16-temperature-and-humidity-re-800px-768x444.jpg",768,444,true],"large":["https:\/\/praxas.com\/wp-content\/uploads\/logtag-logtag-uhado-16-temperature-and-humidity-re-800px.jpg",800,463,false],"1536x1536":["https:\/\/praxas.com\/wp-content\/uploads\/logtag-logtag-uhado-16-temperature-and-humidity-re-800px.jpg",800,463,false],"2048x2048":["https:\/\/praxas.com\/wp-content\/uploads\/logtag-logtag-uhado-16-temperature-and-humidity-re-800px.jpg",800,463,false],"crunchify-admin-post-featured-image":["https:\/\/praxas.com\/wp-content\/uploads\/logtag-logtag-uhado-16-temperature-and-humidity-re-800px-120x69.jpg",120,69,true],"commercegurus-pdp-large":["https:\/\/praxas.com\/wp-content\/uploads\/logtag-logtag-uhado-16-temperature-and-humidity-re-800px.jpg",800,463,false],"commercegurus-plp-mobile":["https:\/\/praxas.com\/wp-content\/uploads\/logtag-logtag-uhado-16-temperature-and-humidity-re-800px-441x255.jpg",441,255,true],"cgkit_image_swatch":["https:\/\/praxas.com\/wp-content\/uploads\/logtag-logtag-uhado-16-temperature-and-humidity-re-800px-100x100.jpg",100,100,true],"woocommerce_thumbnail":["https:\/\/praxas.com\/wp-content\/uploads\/logtag-logtag-uhado-16-temperature-and-humidity-re-800px-350x203.jpg",350,203,true],"woocommerce_single":["https:\/\/praxas.com\/wp-content\/uploads\/logtag-logtag-uhado-16-temperature-and-humidity-re-800px.jpg",800,463,false],"woocommerce_gallery_thumbnail":["https:\/\/praxas.com\/wp-content\/uploads\/logtag-logtag-uhado-16-temperature-and-humidity-re-800px-150x87.jpg",150,87,true]},"uagb_author_info":{"display_name":"Beth Foord","author_link":"https:\/\/praxas.com\/it\/author\/"},"uagb_comment_info":0,"uagb_excerpt":"Registratore di temperatura e umidit\u00e0 Da 0 a 100% RH e da -30\u00b0C a +70\u00b0C Indicatore di allarme 16.000 punti di misurazione Genera PDF automatici","_links":{"self":[{"href":"https:\/\/praxas.com\/it\/wp-json\/wp\/v2\/product\/36395","targetHints":{"allow":["GET"]}}],"collection":[{"href":"https:\/\/praxas.com\/it\/wp-json\/wp\/v2\/product"}],"about":[{"href":"https:\/\/praxas.com\/it\/wp-json\/wp\/v2\/types\/product"}],"wp:featuredmedia":[{"embeddable":true,"href":"https:\/\/praxas.com\/it\/wp-json\/wp\/v2\/media\/36396"}],"wp:attachment":[{"href":"https:\/\/praxas.com\/it\/wp-json\/wp\/v2\/media?parent=36395"}],"wp:term":[{"taxonomy":"product_brand","embeddable":true,"href":"https:\/\/praxas.com\/it\/wp-json\/wp\/v2\/product_brand?post=36395"},{"taxonomy":"product_cat","embeddable":true,"href":"https:\/\/praxas.com\/it\/wp-json\/wp\/v2\/product_cat?post=36395"},{"taxonomy":"product_tag","embeddable":true,"href":"https:\/\/praxas.com\/it\/wp-json\/wp\/v2\/product_tag?post=36395"}],"curies":[{"name":"wp","href":"https:\/\/api.w.org\/{rel}","templated":true}]}}