{"id":36448,"date":"2024-06-11T17:15:13","date_gmt":"2024-06-11T15:15:13","guid":{"rendered":"https:\/\/staging.praxas.com\/product\/senza-categoria\/contenitore-essiccante-absorgel-blanket\/"},"modified":"2025-12-12T10:54:31","modified_gmt":"2025-12-12T09:54:31","slug":"contenitore-essiccante-absorgel-blanket","status":"publish","type":"product","link":"https:\/\/praxas.com\/it\/product\/protezione-del-carico\/contenitore-essiccante-absorgel-blanket\/","title":{"rendered":"CONTENITORE ESSICCANTE ABSORGEL\u00ae BLANKET"},"content":{"rendered":"<p>La coperta AbsorGel \u00e8 un prodotto facile da usare e affidabile, progettato per assorbire l&#8217;umidit\u00e0 all&#8217;interno dei contenitori. \u00c8 dotato di una custodia in polietilene riciclabile e di una parte superiore in pile di fibra. La pellicola di polietilene impedisce all&#8217;umidit\u00e0 di fuoriuscire.<\/p>\n<p>Ideale per contenitori caricati da parete a parete, dove AbsorPole e AbsorGel Hanging sono inefficaci. La coperta AbsorGel inizia a funzionare non appena viene tolta dalla confezione. Pu\u00f2 essere posizionato sopra il carico o i pallet con il lato stampato rivolto verso l&#8217;alto.<\/p>\n<p>Il cloruro di calcio assorbe l&#8217;umidit\u00e0 dall&#8217;aria circostante grazie alla sua confezione traspirante. Il gel adesivo di AbsorGel Blanket e la pellicola di plastica in polietilene riciclabile sul lato inferiore garantiscono che l&#8217;umidit\u00e0 assorbita rimanga all&#8217;interno del prodotto. Le coperte AbsorGel possono essere utilizzate con tutti i tipi di carico. Sono particolarmente efficaci quando il carico \u00e8 molto stretto.<\/p>\n<p>Le coperte AbsorGel sono adatte anche ai container e ai rimorchi che non dispongono di anelli di fissaggio per appendere gli essiccanti. La coperta AbsorGel \u00e8 dotata di cuscinetti adesivi che la mantengono saldamente in posizione.<\/p>\n<p>&nbsp;<\/p>\n<p><iframe loading=\"lazy\" src=\"https:\/\/www.youtube.com\/embed\/A-MLHHh77Vk\" width=\"560\" height=\"315\" frameborder=\"0\" allowfullscreen=\"allowfullscreen\" data-mce-fragment=\"1\"><\/iframe><\/p>\n<p>&nbsp;<\/p>\n<p><a href=\"https:\/\/praxas.com\/it\/categoria-prodotto\/protezione-del-carico\/trattamento-dellaria\/essiccanti\/\">Clicca qui<\/a> per una panoramica della nostra vasta gamma di essiccanti<\/p>\n","protected":false},"excerpt":{"rendered":"<ul>\n<li>Essiccante ad alto assorbimento<\/li>\n<li>Velocit\u00e0 di assorbimento rapida<\/li>\n<li>Adatto per container a carico stretto<\/li>\n<li>Facile da usare<\/li>\n<li>Efficiente dal punto di vista dei costi<\/li>\n<li>Rispettoso dell&#8217;ambiente, senza materiali tossici<\/li>\n<\/ul>\n","protected":false},"featured_media":36449,"template":"","meta":{"_acf_changed":false,"content-type":"","_uag_custom_page_level_css":""},"product_brand":[],"product_cat":[2531,2138],"product_tag":[2519,2501],"class_list":{"0":"post-36448","1":"product","2":"type-product","3":"status-publish","4":"has-post-thumbnail","6":"product_cat-protezione-del-carico","7":"product_cat-essiccanti","8":"product_tag-absortech-it","9":"product_tag-contenitore-essiccante","11":"first","12":"instock","13":"taxable","14":"shipping-taxable","15":"purchasable","16":"product-type-simple"},"bundled_by":[],"bundle_stock_status":"instock","bundle_stock_quantity":null,"bundle_virtual":false,"bundle_layout":"","bundle_add_to_cart_form_location":"","bundle_editable_in_cart":false,"bundle_sold_individually_context":"","bundle_item_grouping":"","bundle_min_size":"","bundle_max_size":"","bundle_price":[],"bundled_items":[],"bundle_sell_ids":[],"acf":[],"spectra_custom_meta":{"_backorders":["no"],"_download_limit":["-1"],"_download_expiry":["-1"],"_downloadable":["no"],"_manage_stock":["no"],"_sku":["6003"],"_stock_status":["instock"],"_sold_individually":["no"],"_tax_class":[""],"_tax_status":["taxable"],"_virtual":["no"],"_weight":["1.5"],"_width":["1500"],"_height":["20"],"_length":["500"],"total_sales":["165"],"_regular_price":["18.17"],"_price":["18.17"],"product_datasheet":[""],"_product_datasheet":["field_650ad7d6ea3a0"],"connectivity":[""],"_connectivity":["field_64dce263bb57c"],"_brand":["field_64ddf62ed2593"],"brand_image":[""],"_brand_image":["field_650c5e7c84cae"],"_specifications_table":["field_65044e1db92a8"],"_display_data_alarm":["field_667d647bcb066"],"_resources":["field_650849c6945ee"],"_accessories":["field_650849e6945f0"],"_faqs":["field_650859523d8d5"],"_calibration_suitable_ids_gb":["field_654b4c4acb54a"],"_calibration_suitable_ids_us":["field_654b4c56cb54b"],"_show_in_calibration_suitable":["field_654cfb691d345"],"_shipping":["field_66852535c98a5"],"_refrigerant_cabinet":["field_66852557c98a6"],"_main_specifications":["field_66855b25b1245"],"_usd_price_4":["field_651570dcac479"],"_usd_price_9":["field_6515713eb4807"],"_usd_price_24":["field_65157141b4809"],"_usd_price_49":["field_65157140b4808"],"_usd_price_99":["field_6515715bb480a"],"_gbp_price_4":["field_6515716e83bfa"],"_gbp_price_9":["field_6515724783bfb"],"_gbp_price_24":["field_6515724b83bfc"],"_gbp_price_49":["field_6515725983bfd"],"_gbp_price_99":["field_6515725d83bfe"],"_usdhk_price_4":["field_6515726f83bff"],"_usdhk_price_9":["field_6515727c83c00"],"_usdhk_price_24":["field_6515728083c01"],"_usdhk_price_49":["field_6515728983c02"],"_usdhk_price_99":["field_6515728e83c03"],"stock_options":["In stock"],"_stock_options":["field_6544b605dc7f9"],"_top_nav_excluded":[""],"_cms_nav_minihome":[""],"wcml_sync_hash":["a:1:{s:15:\"postmeta_fields\";s:32:\"0742f716a230f79293121b94f8ac415d\";}"],"attr_label_translations":["a:0:{}"],"_product_attributes":["a:1:{s:16:\"pa_product-brand\";a:6:{s:4:\"name\";s:16:\"pa_product-brand\";s:5:\"value\";s:0:\"\";s:8:\"position\";i:0;s:10:\"is_visible\";i:1;s:12:\"is_variation\";i:0;s:11:\"is_taxonomy\";i:1;}}"],"_product_image_gallery":["36450"],"_thumbnail_id":["36449"],"_crosssell_ids":["a:0:{}"],"_edit_lock":["1721749871:8383"],"classic-editor-remember":["classic-editor"],"rank_math_schema_WooCommerceProduct":["a:2:{s:5:\"@type\";s:18:\"WooCommerceProduct\";s:8:\"metadata\";a:3:{s:5:\"title\";s:19:\"WooCommerce Product\";s:4:\"type\";s:8:\"template\";s:9:\"isPrimary\";b:1;}}"],"rank_math_schema_VideoObject":["a:12:{s:5:\"@type\";s:11:\"VideoObject\";s:8:\"metadata\";a:8:{s:5:\"title\";s:5:\"Video\";s:4:\"type\";s:8:\"template\";s:9:\"shortcode\";s:15:\"s-669fc39177897\";s:9:\"isPrimary\";b:1;s:23:\"reviewLocationShortcode\";s:24:\"[rank_math_rich_snippet]\";s:8:\"category\";s:12:\"%categories%\";s:4:\"tags\";s:6:\"%tags%\";s:15:\"isAutoGenerated\";b:1;}s:4:\"name\";s:57:\"How to install the AbsorGel\u00ae Blanket Container desiccant\";s:11:\"description\";s:161:\"The AbsorGel Blanket\u00ae is a container desiccant blanket to be placed on top of the cargo. The horizontal installation provides maximum absorption and no acces...\";s:10:\"uploadDate\";s:25:\"2022-01-24T14:14:11-08:00\";s:12:\"thumbnailUrl\";s:16:\"%post_thumbnail%\";s:8:\"embedUrl\";s:41:\"https:\/\/www.youtube.com\/embed\/A-MLHHh77Vk\";s:10:\"contentUrl\";s:0:\"\";s:8:\"duration\";s:7:\"PT0M50S\";s:5:\"width\";s:4:\"1280\";s:6:\"height\";s:3:\"720\";s:16:\"isFamilyFriendly\";b:1;}"],"rank_math_seo_score":["14"],"_edit_last":["8383"],"commercekit_gallery_layout":[""],"commercekit_disable_sticky_atc":["0"],"commercekit_wc_video_gallery":["a:0:{}"],"_rank_math_gtin_code":[""],"_wcml_average_rating":[null],"_wcml_review_count":[null],"_wcml_rating_count":[null],"_stock":[null],"_wc_average_rating":[0],"_wc_review_count":["0"],"_product_version":["9.1.2"],"usd_price_4":[""],"usd_price_9":[""],"usd_price_24":[""],"usd_price_49":[""],"usd_price_99":[""],"gbp_price_4":[""],"gbp_price_9":[""],"gbp_price_24":[""],"gbp_price_49":[""],"gbp_price_99":[""],"usdhk_price_4":[""],"usdhk_price_9":[""],"usdhk_price_24":[""],"usdhk_price_49":[""],"usdhk_price_99":[""],"display_data_alarm":[""],"resources":[""],"calibration":[""],"accessories":[""],"faqs":[""],"calibration_suitable_ids_gb":[""],"calibration_suitable_ids_us":[""],"show_in_calibration_suitable":[""],"other_features":[""],"shipping":[""],"refrigerant_cabinet":[""],"main_specifications":[""],"shoptimizer_layout_pdp_short_description_position":["default"],"_wpml_media_duplicate":["1"],"_wpml_media_featured":["1"],"_last_translation_edit_mode":["translation-editor"],"brand":["Absortech"],"_calibration":["field_66a0ddd599972"],"rank_math_primary_product_cat":["2529"],"_wpml_word_count":["266"],"_other_features":["field_686fa2aa98dce"],"min_temp":[""],"max_temp":[""],"_min_temp":["field_67ea5eb4e0a77"],"_max_temp":["field_67ea5f81e0a79"],"rank_math_title":["Coperte essiccanti Absorgel | Assorbono l'umidit\u00e0 %sep% %sitename%"],"rank_math_description":["Proteggi il carico con la coperta AbsorGel, un assorbitore di umidit\u00e0 affidabile e facile da usare che trattiene l'umidit\u00e0. Ideale per container, navi frigorifere e rimorchi. "],"rank_math_focus_keyword":["absorgel"],"specifications_table":["<table class=\"specification\">\n<tbody>\n<tr>\n<td class=\"td-left\">Lunghezza<\/td>\n<td>1500 mm<\/td>\n<\/tr>\n<tr>\n<td class=\"td-left\">Larghezza<\/td>\n<td>500 mm<\/td>\n<\/tr>\n<tr>\n<td class=\"td-left\">Altezza<\/td>\n<td>20 mm<\/td>\n<\/tr>\n<tr>\n<td class=\"td-left\">Peso<\/td>\n<td>1500 grammi<\/td>\n<\/tr>\n<tr>\n<td class=\"td-left\">Codice prodotto<\/td>\n<td>6003<\/td>\n<\/tr>\n<tr>\n<td class=\"td-left\">Larghezza mm<\/td>\n<td>500<\/td>\n<\/tr>\n<tr>\n<td class=\"td-left\">Altezza mm<\/td>\n<td>20<\/td>\n<\/tr>\n<tr>\n<td class=\"td-left\">Peso in grammi<\/td>\n<td>2100<\/td>\n<\/tr>\n<tr>\n<td class=\"td-left\">Temperatura di esercizio<\/td>\n<td>Da -20\u00baC a +80\u00baC<\/td>\n<\/tr>\n<tr>\n<td class=\"td-left\">Lunghezza mm<\/td>\n<td>1500<\/td>\n<\/tr>\n<tr>\n<td class=\"td-left\">Capacit\u00e0 di registrazione<\/td>\n<td>3,84 litri<\/td>\n<\/tr>\n<tr>\n<td class=\"td-left\">Quantit\u00e0 di assorbimento<\/td>\n<td>1,5<\/td>\n<\/tr>\n<tr>\n<td class=\"td-left\">Quantit\u00e0 necessaria di<\/td>\n<td>1<\/td>\n<\/tr>\n<tr>\n<td class=\"td-left\">Unit\u00e0 di vendita<\/td>\n<td>Pz<\/td>\n<\/tr>\n<tr>\n<td class=\"td-left\">Quantit\u00e0 minima d'ordine<\/td>\n<td>10<\/td>\n<\/tr>\n<\/tbody>\n<\/table>"],"_uag_page_assets":["a:9:{s:3:\"css\";s:0:\"\";s:2:\"js\";s:0:\"\";s:18:\"current_block_list\";a:0:{}s:8:\"uag_flag\";b:0;s:11:\"uag_version\";s:10:\"1777020109\";s:6:\"gfonts\";a:0:{}s:10:\"gfonts_url\";s:0:\"\";s:12:\"gfonts_files\";a:0:{}s:14:\"uag_faq_layout\";b:0;}"],"_max_variation_price":[""],"_max_variation_regular_price":[""],"_max_variation_sale_price":[""],"_min_variation_price":[""],"_min_variation_regular_price":[""],"_min_variation_sale_price":[""],"_sale_price":[""],"_wc_pb_base_regular_price":[""],"_wc_pb_base_sale_price":[""],"_wc_pb_base_price":[""],"_wc_sw_max_price":[""],"_wc_sw_max_regular_price":[""],"_wc_rating_count":[""]},"uagb_featured_image_src":{"full":["https:\/\/praxas.com\/wp-content\/uploads\/absortech-absorgel-blanket-dessiccant-800px.jpg",800,463,false],"thumbnail":["https:\/\/praxas.com\/wp-content\/uploads\/absortech-absorgel-blanket-dessiccant-800px-150x150.jpg",150,150,true],"medium":["https:\/\/praxas.com\/wp-content\/uploads\/absortech-absorgel-blanket-dessiccant-800px-300x174.jpg",300,174,true],"medium_large":["https:\/\/praxas.com\/wp-content\/uploads\/absortech-absorgel-blanket-dessiccant-800px-768x444.jpg",768,444,true],"large":["https:\/\/praxas.com\/wp-content\/uploads\/absortech-absorgel-blanket-dessiccant-800px.jpg",800,463,false],"1536x1536":["https:\/\/praxas.com\/wp-content\/uploads\/absortech-absorgel-blanket-dessiccant-800px.jpg",800,463,false],"2048x2048":["https:\/\/praxas.com\/wp-content\/uploads\/absortech-absorgel-blanket-dessiccant-800px.jpg",800,463,false],"crunchify-admin-post-featured-image":["https:\/\/praxas.com\/wp-content\/uploads\/absortech-absorgel-blanket-dessiccant-800px-120x69.jpg",120,69,true],"commercegurus-pdp-large":["https:\/\/praxas.com\/wp-content\/uploads\/absortech-absorgel-blanket-dessiccant-800px.jpg",800,463,false],"commercegurus-plp-mobile":["https:\/\/praxas.com\/wp-content\/uploads\/absortech-absorgel-blanket-dessiccant-800px-441x255.jpg",441,255,true],"cgkit_image_swatch":["https:\/\/praxas.com\/wp-content\/uploads\/absortech-absorgel-blanket-dessiccant-800px-100x100.jpg",100,100,true],"woocommerce_thumbnail":["https:\/\/praxas.com\/wp-content\/uploads\/absortech-absorgel-blanket-dessiccant-800px-350x203.jpg",350,203,true],"woocommerce_single":["https:\/\/praxas.com\/wp-content\/uploads\/absortech-absorgel-blanket-dessiccant-800px.jpg",800,463,false],"woocommerce_gallery_thumbnail":["https:\/\/praxas.com\/wp-content\/uploads\/absortech-absorgel-blanket-dessiccant-800px-150x87.jpg",150,87,true]},"uagb_author_info":{"display_name":"Andy Price","author_link":"https:\/\/praxas.com\/it\/author\/"},"uagb_comment_info":0,"uagb_excerpt":"Essiccante ad alto assorbimento Velocit\u00e0 di assorbimento rapida Adatto per container a carico stretto Facile da usare Efficiente dal punto di vista dei costi Rispettoso dell'ambiente, senza materiali tossici","_links":{"self":[{"href":"https:\/\/praxas.com\/it\/wp-json\/wp\/v2\/product\/36448","targetHints":{"allow":["GET"]}}],"collection":[{"href":"https:\/\/praxas.com\/it\/wp-json\/wp\/v2\/product"}],"about":[{"href":"https:\/\/praxas.com\/it\/wp-json\/wp\/v2\/types\/product"}],"wp:featuredmedia":[{"embeddable":true,"href":"https:\/\/praxas.com\/it\/wp-json\/wp\/v2\/media\/36449"}],"wp:attachment":[{"href":"https:\/\/praxas.com\/it\/wp-json\/wp\/v2\/media?parent=36448"}],"wp:term":[{"taxonomy":"product_brand","embeddable":true,"href":"https:\/\/praxas.com\/it\/wp-json\/wp\/v2\/product_brand?post=36448"},{"taxonomy":"product_cat","embeddable":true,"href":"https:\/\/praxas.com\/it\/wp-json\/wp\/v2\/product_cat?post=36448"},{"taxonomy":"product_tag","embeddable":true,"href":"https:\/\/praxas.com\/it\/wp-json\/wp\/v2\/product_tag?post=36448"}],"curies":[{"name":"wp","href":"https:\/\/api.w.org\/{rel}","templated":true}]}}