{"id":36508,"date":"2024-06-10T16:38:55","date_gmt":"2024-06-10T14:38:55","guid":{"rendered":"https:\/\/staging.praxas.com\/product\/senza-categoria\/utred30-16r\/"},"modified":"2025-10-09T10:22:13","modified_gmt":"2025-10-09T08:22:13","slug":"utred30-16r","status":"publish","type":"product","link":"https:\/\/praxas.com\/it\/product\/registratori-di-dati\/registratori-di-dati-di-temperatura\/utred30-16r\/","title":{"rendered":"UTRED30-16R"},"content":{"rendered":"<p>Il LogTag UTRED30-16R Temperature Logger CDC\/VFC \u00e8 progettato per monitorare le temperature dei vaccini durante il trasporto e la conservazione. Con un intervallo di misurazione da -40\u00b0C a +99\u00b0C, registra fino a 16.129 misurazioni utilizzando un sensore esterno.<\/p>\n<p>Il monitoraggio accurato della temperatura durante il trasporto evita danni e perdite. Le funzioni integrate, come l&#8217;orologio in tempo reale con data e ora e la batteria sostituibile, lo rendono ideale per il trasporto di prodotti sensibili alla temperatura come i vaccini.<\/p>\n<p>I registratori di temperatura LogTag sono rinomati per i loro tempi di download rapidi e per la loro precisione. Grazie a un design innovativo e alla produzione in grandi volumi, LogTag offre i registratori pi\u00f9 economici e performanti del mercato.<\/p>\n<p><strong>I vantaggi del Data Logger LogTag UTRED 30-16R includono:<\/strong><\/p>\n<ul>\n<li>Misura e memorizza fino a 16.129 letture dell&#8217;ora e della temperatura<\/li>\n<li>Le letture della temperatura minima\/massima possono essere facilmente azzerate in qualsiasi momento<\/li>\n<li>L&#8217;allarme acustico e il LED rosso segnalano l&#8217;attivazione dell&#8217;allarme.<\/li>\n<li>Intervallo di temperatura da -40\u00b0C a +99\u00b0C, con sensore esterno<\/li>\n<li>Leggere i dati direttamente dallo schermo<\/li>\n<li>Non \u00e8 necessario alcun software per scaricare i dati<\/li>\n<li>Niente pi\u00f9 misurazioni manuali<\/li>\n<\/ul>\n<p><strong>Display<\/strong><\/p>\n<p>Questo datalogger \u00e8 dotato di un comodo display che indica quando la temperatura \u00e8 troppo alta o troppo bassa. Inoltre, mostra la temperatura attuale, l&#8217;ora, lo stato di registrazione e il livello della batteria, consentendoti di visualizzare rapidamente tutti i dati importanti con un solo sguardo.<\/p>\n<p><strong>Perch\u00e9 utilizzare un sensore esterno?<\/strong><\/p>\n<p>I prodotti LogTag sono di altissimo livello, ma alcune situazioni richiedono un sensore esterno, come la misurazione della temperatura dei liquidi. Collocando il sensore esterno nel liquido (ad esempio, un vaccino), \u00e8 possibile monitorare con precisione la temperatura. Questo garantisce la qualit\u00e0 e la sicurezza dei prodotti.<\/p>\n<p><strong>Conserva la merce per un periodo pi\u00f9 lungo<\/strong><\/p>\n<p>Questo registratore di temperatura monitora la temperatura di trasporto e di stoccaggio su brevi e lunghe distanze ed \u00e8 noto per le sue elevate prestazioni, qualit\u00e0 e precisione. La qualit\u00e0 di prodotti come i vaccini dipende dalla corretta temperatura ambientale. Inserendo il LogTag UTRED30-16R nel carico, puoi garantire la qualit\u00e0 e la sicurezza dei prodotti.<\/p>\n<p><strong>Facile accesso ai dati<\/strong><\/p>\n<p>Con l&#8217;acquisto del registratore di temperatura, avrai accesso gratuito al software LogTag Analyser. Questa piattaforma ti permette di configurare, scaricare e visualizzare i dati del registratore di temperatura LogTag UTRED30-16R. Puoi esportare facilmente i dati in file come Excel. Inoltre, puoi scaricare i dati in formato PDF senza bisogno di alcun software.<\/p>\n","protected":false},"excerpt":{"rendered":"<ul>\n<li>Registratore di temperatura CDC\/VFC<\/li>\n<li>Da -40\u00b0C a +99\u00b0C<\/li>\n<li>Schermo grande e facile da leggere<\/li>\n<li>Allarme acustico e LED<\/li>\n<li>Connettivit\u00e0 della sonda<\/li>\n<li>Misura e memorizza oltre 16.000 letture<\/li>\n<\/ul>\n","protected":false},"featured_media":36509,"template":"","meta":{"_acf_changed":false,"content-type":"","_uag_custom_page_level_css":""},"product_brand":[],"product_cat":[1892],"product_tag":[2512,2264],"class_list":{"0":"post-36508","1":"product","2":"type-product","3":"status-publish","4":"has-post-thumbnail","6":"product_cat-registratori-di-dati-di-temperatura","7":"product_tag-logtag-it","8":"product_tag-temperatura","10":"first","11":"instock","12":"taxable","13":"shipping-taxable","14":"purchasable","15":"product-type-variable"},"bundled_by":[],"bundle_stock_status":"instock","bundle_stock_quantity":null,"bundle_virtual":false,"bundle_layout":"","bundle_add_to_cart_form_location":"","bundle_editable_in_cart":false,"bundle_sold_individually_context":"","bundle_item_grouping":"","bundle_min_size":"","bundle_max_size":"","bundle_price":[],"bundled_items":[],"bundle_sell_ids":[],"acf":[],"spectra_custom_meta":{"_backorders":["no"],"_download_limit":["-1"],"_download_expiry":["-1"],"_downloadable":["no"],"_manage_stock":["no"],"_stock_status":["instock"],"_sold_individually":["no"],"_tax_class":[""],"_tax_status":["taxable"],"_virtual":["no"],"_weight":["0"],"_width":["0"],"_height":["0"],"_length":["0"],"total_sales":["0"],"product_datasheet":[""],"_product_datasheet":["field_650ad7d6ea3a0"],"connectivity":["USB"],"_connectivity":["field_64dce263bb57c"],"brand":["LogTag"],"_brand":["field_64ddf62ed2593"],"brand_image":[""],"_brand_image":["field_650c5e7c84cae"],"_specifications_table":["field_65044e1db92a8"],"_display_data_alarm":["field_667d647bcb066"],"_resources":["field_650849c6945ee"],"_accessories":["field_650849e6945f0"],"_faqs":["field_650859523d8d5"],"_calibration_suitable_ids_gb":["field_654b4c4acb54a"],"_calibration_suitable_ids_us":["field_654b4c56cb54b"],"_show_in_calibration_suitable":["field_654cfb691d345"],"_other_features":["field_668524f8c98a4"],"_shipping":["field_66852535c98a5"],"_refrigerant_cabinet":["field_66852557c98a6"],"_main_specifications":["field_66855b25b1245"],"_usd_price_4":["field_651570dcac479"],"_usd_price_9":["field_6515713eb4807"],"_usd_price_24":["field_65157141b4809"],"_usd_price_49":["field_65157140b4808"],"_usd_price_99":["field_6515715bb480a"],"_gbp_price_4":["field_6515716e83bfa"],"_gbp_price_9":["field_6515724783bfb"],"_gbp_price_24":["field_6515724b83bfc"],"_gbp_price_49":["field_6515725983bfd"],"_gbp_price_99":["field_6515725d83bfe"],"_usdhk_price_4":["field_6515726f83bff"],"_usdhk_price_9":["field_6515727c83c00"],"_usdhk_price_24":["field_6515728083c01"],"_usdhk_price_49":["field_6515728983c02"],"_usdhk_price_99":["field_6515728e83c03"],"stock_options":["In stock"],"_stock_options":["field_6544b605dc7f9"],"_top_nav_excluded":[""],"_cms_nav_minihome":[""],"wcml_sync_hash":["a:1:{s:15:\"postmeta_fields\";s:32:\"d5088cc8c80eaad39d954d5ac8909a21\";}"],"attr_label_translations":["a:0:{}"],"_product_attributes":["a:2:{s:16:\"pa_product-brand\";a:6:{s:4:\"name\";s:16:\"pa_product-brand\";s:5:\"value\";s:0:\"\";s:8:\"position\";i:0;s:10:\"is_visible\";i:1;s:12:\"is_variation\";i:0;s:11:\"is_taxonomy\";i:1;}s:22:\"pa_logtag-probe-choice\";a:6:{s:4:\"name\";s:22:\"pa_logtag-probe-choice\";s:5:\"value\";s:0:\"\";s:8:\"position\";i:1;s:10:\"is_visible\";i:1;s:12:\"is_variation\";i:1;s:11:\"is_taxonomy\";i:1;}}"],"_product_image_gallery":["36510"],"_thumbnail_id":["36509"],"_crosssell_ids":["a:0:{}"],"_last_translation_edit_mode":["translation-editor"],"_calibration":["field_66a0ddd599972"],"_edit_lock":["1724241628:8383"],"classic-editor-remember":["classic-editor"],"rank_math_seo_score":["87"],"rank_math_contentai_score":["a:5:{s:8:\"keywords\";s:5:\"74.51\";s:9:\"wordCount\";s:1:\"0\";s:9:\"linkCount\";s:1:\"0\";s:12:\"headingCount\";s:1:\"0\";s:10:\"mediaCount\";s:1:\"0\";}"],"_edit_last":["8383"],"commercekit_gallery_layout":[""],"commercekit_disable_sticky_atc":["0"],"commercekit_wc_video_gallery":["a:0:{}"],"_rank_math_gtin_code":[""],"_wcml_average_rating":[null],"_wcml_review_count":[null],"_wcml_rating_count":[null],"_stock":[null],"_wc_average_rating":[0],"_wc_review_count":["0"],"_product_version":["9.1.4"],"usd_price_4":[""],"usd_price_9":[""],"usd_price_24":[""],"usd_price_49":[""],"usd_price_99":[""],"gbp_price_4":[""],"gbp_price_9":[""],"gbp_price_24":[""],"gbp_price_49":[""],"gbp_price_99":[""],"usdhk_price_4":[""],"usdhk_price_9":[""],"usdhk_price_24":[""],"usdhk_price_49":[""],"usdhk_price_99":[""],"display_data_alarm":[""],"calibration":[""],"faqs":[""],"calibration_suitable_ids_gb":[""],"calibration_suitable_ids_us":[""],"show_in_calibration_suitable":[""],"other_features":[""],"shipping":[""],"refrigerant_cabinet":[""],"main_specifications":[""],"shoptimizer_layout_pdp_short_description_position":["default"],"rank_math_analytic_object_id":["616"],"_wpml_media_duplicate":["1"],"_wpml_media_featured":["1"],"_price":["121.10","149.10","154","154.70","156.10","157.5","157.50","158.90"],"min_temp":["-40"],"max_temp":["99"],"_min_temp":["field_67ea5eb4e0a77"],"_max_temp":["field_67ea5f81e0a79"],"_wpml_word_count":["493"],"rank_math_primary_product_cat":["87"],"_sku":["UTRED30-16R"],"_global_unique_id":["850040258028"],"rank_math_description":["Logger di temperatura CDC\/VFC da 40\u00b0C a +99\u00b0C Ampio schermo di facile lettura LED di allarme sonoro Visualizzazione dello stato di allarme fino a 30 giorni Misurazione e memorizzazione di oltre 16.000 letture"],"rank_math_focus_keyword":["UTRED30"],"specifications_table":["<table class=\"specifications\">\n<tbody>\n<tr>\n<td class=\"left-td\">Intervallo di misurazione del sensore esterno<\/td>\n<td>Da -40\u00b0C a +99\u00b0C (da -40\u00b0F a +210\u00b0F)<\/td>\n<\/tr>\n<tr>\n<td class=\"left-td\">Intervallo di temperatura di conservazione<\/td>\n<td>Da -10\u00b0C a +40\u00b0C (da 32\u00b0F a +104\u00b0F)<\/td>\n<\/tr>\n<tr>\n<td class=\"left-td\">Risoluzione della temperatura nominale<\/td>\n<td>Migliore di 0,1\u00b0C (0,2\u00b0F) per i valori da -30\u00b0C a +60\u00b0C (da -22\u00b0F a +140\u00b0F)\nMigliore di 0,2\u00b0C (0,4\u00b0F) per i valori da -40\u00b0C a -30\u00b0C (da -40\u00b0F a -22\u00b0F)\nMigliore di 0,5\u00b0C (0,9\u00b0F) per i valori da +60\u00b0C a +99\u00b0C (da +140\u00b0F a +210\u00b0F)\nLogTag Analyzer attualmente visualizza con una sola cifra decimale \u00b0C o \u00b0F. La risoluzione nativa \u00e8 quella memorizzata nel LogTag\u00ae. <\/td>\n<\/tr>\n<tr>\n<td class=\"left-td\">Connettivit\u00e0 della sonda<\/td>\n<td>Fino a 2<\/td>\n<\/tr>\n<tr>\n<td class=\"left-td\">Compatibilit\u00e0 della sonda<\/td>\n<td>Tutte le sonde esterne a termistore di precisione ST100 possono essere collegate in modo intercambiabile all'UTRED30-16\nPer le sonde esterne compatibili, consulta la sezione Accessori. \u00c8 possibile utilizzare modelli di sonda diversi per ciascun canale. Non compatibile con i sensori ST10  <\/td>\n<\/tr>\n<tr>\n<td class=\"left-td\">Tempo di reazione del sensore<\/td>\n<td>Tipicamente inferiore a 2 minuti (T90) in aria in movimento (1m\/s) per il tipo ST100S<\/td>\n<\/tr>\n<tr>\n<td class=\"left-td\">Capacit\u00e0 di registrazione<\/td>\n<td>32.000 memorie di registro totali. Fornisce 16.000 letture di temperatura per canale\nMemoria di riepilogo delle statistiche giornaliere (per la visualizzazione sul display LCD): fino a 30 giorni di statistiche di Min\/Max\/durata e di attivazione degli allarmi <\/td>\n<\/tr>\n<tr>\n<td class=\"left-td\">Intervallo di campionamento<\/td>\n<td>Configurabile da 30 secondi a 18 ore (tipicamente 5 minuti di registrazione)<\/td>\n<\/tr>\n<tr>\n<td class=\"left-td\">Allarmi<\/td>\n<td>Fino a 6 allarmi configurabili individualmente per ogni canale\nPossibilit\u00e0 di impostare allarmi separatamente per il Canale 1 e il Canale 2<\/td>\n<\/tr>\n<tr>\n<td class=\"left-td\">Opzioni di avvio della registrazione<\/td>\n<td>Avvio tramite pulsante o data e ora specifiche. Ritardo di avvio opzionale <\/td>\n<\/tr>\n<tr>\n<td class=\"left-td\">Tempo di download<\/td>\n<td>In genere con la memoria completa (32.000 letture) in meno di 20 secondi<\/td>\n<\/tr>\n<tr>\n<td class=\"left-td\">Ambientale<\/td>\n<td>IP61 (se montato in verticale o appeso con il cappuccio antipolvere USB in posizione)<\/td>\n<\/tr>\n<tr>\n<td class=\"left-td\">Fonte di alimentazione<\/td>\n<td>5V tramite presa micro USB o 2 batterie AAA da 1,5V. Pile a bottone CR2032 LiMnO2 (solo per la funzione di registrazione di backup) <\/td>\n<\/tr>\n<tr>\n<td class=\"left-td\">Durata della batteria<\/td>\n<td>La batteria AAA dura fino a 12 mesi, se l'unit\u00e0 viene utilizzata senza alimentazione.<\/td>\n<\/tr>\n<tr>\n<td class=\"left-td\">Orologio in tempo reale<\/td>\n<td>Orologio in tempo reale incorporato\nAccuratezza tipica \u00b125ppm @ 25\u00b0C (equivalente a 2,5 secondi\/giorno)\nIl coefficiente di temperatura nominale \u00e8 -0,034 \u00b10,006ppm\/\u00b0C (cio\u00e8 tipicamente +\/- 0,00294 secondi\/giorno\/\u00b0C)<\/td>\n<\/tr>\n<tr>\n<td class=\"left-td\">Interfaccia di connessione<\/td>\n<td>Presa USB 2.0 \/ Micro USB<\/td>\n<\/tr>\n<tr>\n<td class=\"left-td\">Lunghezze standard dei cavi delle sonde remote<\/td>\n<td>Standard: 1,5 m (4'11\")\nEsteso: 3 m (9'10\") (massima consigliata)<\/td>\n<\/tr>\n<tr>\n<td class=\"left-td\">Tipo di cavo della sonda remota<\/td>\n<td>Coassiale in PTFE (classificato per il contatto con gli alimenti dalla FDA)<\/td>\n<\/tr>\n<tr>\n<td class=\"left-td\">Dimensioni<\/td>\n<td>141 mm (H) x 72 mm (L) x 18 mm (T)<\/td>\n<\/tr>\n<tr>\n<td class=\"left-td\">Peso<\/td>\n<td>156g con batterie AAA, (132g - esclusa la sonda e le batterie AAA)<\/td>\n<\/tr>\n<tr>\n<td class=\"left-td\">Materiale della custodia<\/td>\n<td>Policarbonato<\/td>\n<\/tr>\n<\/tbody>\n<\/table>"],"resources":["<img src=\"https:\/\/praxas.com\/wp-content\/uploads\/document-icon.png\" alt=\"Icona del documento\"><a href=\"https:\/\/praxas.com\/wp-content\/uploads\/LogTag_UTRED30-16_Brochure.pdf\">Opuscolo LogTag UTRED30-16R<\/a>\n\n<img src=\"https:\/\/praxas.com\/wp-content\/uploads\/document-icon.png\" alt=\"Icona del documento\"><a href=\"https:\/\/praxas.com\/wp-content\/uploads\/User-Guide-UTRED30-16.pdf\">Guida rapida di LogTag UTRED30-16R<\/a>\n\n<img src=\"https:\/\/praxas.com\/wp-content\/uploads\/document-icon.png\" alt=\"Icona del documento\"><a href=\"https:\/\/praxas.com\/wp-content\/uploads\/UTRED30-16_Product_User_Guide.pdf\">Manuale d'uso LogTag UTRED30-16R<\/a>\n\n\u00a0"],"accessories":["[products skus=\"Buffer Bottle,WBM-02\"]"],"_uag_page_assets":["a:9:{s:3:\"css\";s:0:\"\";s:2:\"js\";s:0:\"\";s:18:\"current_block_list\";a:0:{}s:8:\"uag_flag\";b:0;s:11:\"uag_version\";s:10:\"1777052440\";s:6:\"gfonts\";a:0:{}s:10:\"gfonts_url\";s:0:\"\";s:12:\"gfonts_files\";a:0:{}s:14:\"uag_faq_layout\";b:0;}"],"_max_variation_price":[""],"_max_variation_regular_price":[""],"_max_variation_sale_price":[""],"_min_variation_price":[""],"_min_variation_regular_price":[""],"_min_variation_sale_price":[""],"_regular_price":[""],"_sale_price":[""],"_wc_pb_base_regular_price":[""],"_wc_pb_base_sale_price":[""],"_wc_pb_base_price":[""],"_wc_sw_max_price":[""],"_wc_sw_max_regular_price":[""],"_wc_rating_count":[""]},"uagb_featured_image_src":{"full":["https:\/\/praxas.com\/wp-content\/uploads\/logtag-logtag-utred30-16r-temperature-logger-cdc-v-800px.jpg",800,463,false],"thumbnail":["https:\/\/praxas.com\/wp-content\/uploads\/logtag-logtag-utred30-16r-temperature-logger-cdc-v-800px-150x150.jpg",150,150,true],"medium":["https:\/\/praxas.com\/wp-content\/uploads\/logtag-logtag-utred30-16r-temperature-logger-cdc-v-800px-300x174.jpg",300,174,true],"medium_large":["https:\/\/praxas.com\/wp-content\/uploads\/logtag-logtag-utred30-16r-temperature-logger-cdc-v-800px-768x444.jpg",768,444,true],"large":["https:\/\/praxas.com\/wp-content\/uploads\/logtag-logtag-utred30-16r-temperature-logger-cdc-v-800px.jpg",800,463,false],"1536x1536":["https:\/\/praxas.com\/wp-content\/uploads\/logtag-logtag-utred30-16r-temperature-logger-cdc-v-800px.jpg",800,463,false],"2048x2048":["https:\/\/praxas.com\/wp-content\/uploads\/logtag-logtag-utred30-16r-temperature-logger-cdc-v-800px.jpg",800,463,false],"crunchify-admin-post-featured-image":["https:\/\/praxas.com\/wp-content\/uploads\/logtag-logtag-utred30-16r-temperature-logger-cdc-v-800px-120x69.jpg",120,69,true],"commercegurus-pdp-large":["https:\/\/praxas.com\/wp-content\/uploads\/logtag-logtag-utred30-16r-temperature-logger-cdc-v-800px.jpg",800,463,false],"commercegurus-plp-mobile":["https:\/\/praxas.com\/wp-content\/uploads\/logtag-logtag-utred30-16r-temperature-logger-cdc-v-800px-441x255.jpg",441,255,true],"cgkit_image_swatch":["https:\/\/praxas.com\/wp-content\/uploads\/logtag-logtag-utred30-16r-temperature-logger-cdc-v-800px-100x100.jpg",100,100,true],"woocommerce_thumbnail":["https:\/\/praxas.com\/wp-content\/uploads\/logtag-logtag-utred30-16r-temperature-logger-cdc-v-800px-350x203.jpg",350,203,true],"woocommerce_single":["https:\/\/praxas.com\/wp-content\/uploads\/logtag-logtag-utred30-16r-temperature-logger-cdc-v-800px.jpg",800,463,false],"woocommerce_gallery_thumbnail":["https:\/\/praxas.com\/wp-content\/uploads\/logtag-logtag-utred30-16r-temperature-logger-cdc-v-800px-150x87.jpg",150,87,true]},"uagb_author_info":{"display_name":"Beth Foord","author_link":"https:\/\/praxas.com\/it\/author\/"},"uagb_comment_info":0,"uagb_excerpt":"Registratore di temperatura CDC\/VFC Da -40\u00b0C a +99\u00b0C Schermo grande e facile da leggere Allarme acustico e LED Connettivit\u00e0 della sonda Misura e memorizza oltre 16.000 letture","_links":{"self":[{"href":"https:\/\/praxas.com\/it\/wp-json\/wp\/v2\/product\/36508","targetHints":{"allow":["GET"]}}],"collection":[{"href":"https:\/\/praxas.com\/it\/wp-json\/wp\/v2\/product"}],"about":[{"href":"https:\/\/praxas.com\/it\/wp-json\/wp\/v2\/types\/product"}],"wp:featuredmedia":[{"embeddable":true,"href":"https:\/\/praxas.com\/it\/wp-json\/wp\/v2\/media\/36509"}],"wp:attachment":[{"href":"https:\/\/praxas.com\/it\/wp-json\/wp\/v2\/media?parent=36508"}],"wp:term":[{"taxonomy":"product_brand","embeddable":true,"href":"https:\/\/praxas.com\/it\/wp-json\/wp\/v2\/product_brand?post=36508"},{"taxonomy":"product_cat","embeddable":true,"href":"https:\/\/praxas.com\/it\/wp-json\/wp\/v2\/product_cat?post=36508"},{"taxonomy":"product_tag","embeddable":true,"href":"https:\/\/praxas.com\/it\/wp-json\/wp\/v2\/product_tag?post=36508"}],"curies":[{"name":"wp","href":"https:\/\/api.w.org\/{rel}","templated":true}]}}