{"id":36518,"date":"2024-06-11T15:52:42","date_gmt":"2024-06-11T13:52:42","guid":{"rendered":"https:\/\/staging.praxas.com\/product\/senza-categoria\/sacchetti-filtranti-in-etilene-gk4-2\/"},"modified":"2025-10-09T09:56:15","modified_gmt":"2025-10-09T07:56:15","slug":"sacchetti-filtranti-in-etilene-gk4-2","status":"publish","type":"product","link":"https:\/\/praxas.com\/it\/product\/protezione-del-carico\/sacchetti-filtranti-in-etilene-gk4-2\/","title":{"rendered":"SACCHETTI FILTRANTI IN ETILENE GK4\/2"},"content":{"rendered":"<p>Il Filtro Etilene Praxas aiuta i prodotti a maturare pi\u00f9 lentamente e a prolungare la loro durata di conservazione durante il trasporto o lo stoccaggio. Quando si conservano frutta e verdura, \u00e8 fondamentale eliminare gli agenti patogeni e l&#8217;etilene dall&#8217;aria, oltre a controllare la temperatura e l&#8217;umidit\u00e0. I filtri etilenici Praxas manterranno i prodotti freschi pi\u00f9 a lungo!<\/p>\n<p>Metti la busta in una scatola per rimuovere il gas etilene e i batteri dall&#8217;aria, inibendo il processo di maturazione. I filtri etilenici Praxas manterranno i prodotti freschi pi\u00f9 a lungo!<\/p>\n<p>Scopri <a href=\"https:\/\/praxas.com\/it\/categoria-prodotto\/protezione-del-carico\/trattamento-dellaria\/filtri-per-etilene\/\">altre opzioni<\/a> per proteggere i tuoi prodotti deperibili e le persone da un&#8217;alta concentrazione di gas etilene con i filtri etilene per tubi di trasporto.<\/p>\n<p><strong>I vantaggi dei filtri per etilene Praxas includono:<\/strong><\/p>\n<ul>\n<li>Mantenere i prodotti stabili sugli scaffali pi\u00f9 a lungo<\/li>\n<li>Rimozione dell&#8217;etilene<\/li>\n<li>Alta capacit\u00e0 di assorbimento<\/li>\n<li>Facile da inserire in una scatola<\/li>\n<li>Rimuovere le spore fungine e i batteri presenti nell&#8217;aria<\/li>\n<\/ul>\n<p><strong>Gas etilene<\/strong><\/p>\n<p>L&#8217;etilene \u00e8 un ormone naturale delle piante, inodore e incolore. Questo ormone influisce sullo sviluppo di piante, ortaggi e frutta. \u00c8 importante per la crescita, ma un eccesso di etilene provoca danni. Un&#8217;eccedenza porta a frutta e verdura troppo mature che non sono pi\u00f9 commerciabili.<\/p>\n<p>Durante il trasporto, le scatole vengono posizionate molto vicine tra loro. I fori di ventilazione vengono cos\u00ec chiusi e il gas etilene si accumula nella scatola. Questo a scapito della qualit\u00e0. Le possibilit\u00e0 di scolorimento e maturazione aumentano notevolmente.<\/p>\n","protected":false},"excerpt":{"rendered":"<ul>\n<li>Filtro etilene Styveck GK4<\/li>\n<li>Alta capacit\u00e0 di assorbimento<\/li>\n<li>Piccolo<\/li>\n<li>Leggero<\/li>\n<li>Alta capacit\u00e0 di assorbimento<\/li>\n<li>Rispettoso dell&#8217;ambiente<\/li>\n<\/ul>\n","protected":false},"featured_media":36519,"template":"","meta":{"_acf_changed":false,"content-type":"","_uag_custom_page_level_css":""},"product_brand":[],"product_cat":[2531,2140],"product_tag":[],"class_list":{"0":"post-36518","1":"product","2":"type-product","3":"status-publish","4":"has-post-thumbnail","6":"product_cat-protezione-del-carico","7":"product_cat-filtri-per-etilene","9":"first","10":"instock","11":"taxable","12":"shipping-taxable","13":"purchasable","14":"product-type-simple"},"bundled_by":[],"bundle_stock_status":"instock","bundle_stock_quantity":10,"bundle_virtual":false,"bundle_layout":"","bundle_add_to_cart_form_location":"","bundle_editable_in_cart":false,"bundle_sold_individually_context":"","bundle_item_grouping":"","bundle_min_size":"","bundle_max_size":"","bundle_price":[],"bundled_items":[],"bundle_sell_ids":[],"acf":[],"spectra_custom_meta":{"_backorders":["no"],"_download_limit":["-1"],"_download_expiry":["-1"],"_downloadable":["no"],"_sku":["GK4\/2"],"_stock_status":["instock"],"_sold_individually":["no"],"_tax_class":[""],"_tax_status":["taxable"],"_virtual":["no"],"_weight":["14.2"],"_width":["30"],"_height":["35"],"_length":["320"],"total_sales":["1"],"_regular_price":["231.47"],"_price":["231.47"],"product_datasheet":[""],"_product_datasheet":["field_650ad7d6ea3a0"],"connectivity":[""],"_connectivity":["field_64dce263bb57c"],"brand":["Praxas"],"_brand":["field_64ddf62ed2593"],"brand_image":[""],"_brand_image":["field_650c5e7c84cae"],"_specifications_table":["field_65044e1db92a8"],"_display_data_alarm":["field_667d647bcb066"],"_resources":["field_650849c6945ee"],"_accessories":["field_650849e6945f0"],"_faqs":["field_650859523d8d5"],"_calibration_suitable_ids_gb":["field_654b4c4acb54a"],"_calibration_suitable_ids_us":["field_654b4c56cb54b"],"_show_in_calibration_suitable":["field_654cfb691d345"],"_other_features":["field_668524f8c98a4"],"_shipping":["field_66852535c98a5"],"_refrigerant_cabinet":["field_66852557c98a6"],"_main_specifications":["field_66855b25b1245"],"_usd_price_4":["field_651570dcac479"],"_usd_price_9":["field_6515713eb4807"],"_usd_price_24":["field_65157141b4809"],"_usd_price_49":["field_65157140b4808"],"_usd_price_99":["field_6515715bb480a"],"_gbp_price_4":["field_6515716e83bfa"],"_gbp_price_9":["field_6515724783bfb"],"_gbp_price_24":["field_6515724b83bfc"],"_gbp_price_49":["field_6515725983bfd"],"_gbp_price_99":["field_6515725d83bfe"],"_usdhk_price_4":["field_6515726f83bff"],"_usdhk_price_9":["field_6515727c83c00"],"_usdhk_price_24":["field_6515728083c01"],"_usdhk_price_49":["field_6515728983c02"],"_usdhk_price_99":["field_6515728e83c03"],"stock_options":["In stock"],"_stock_options":["field_6544b605dc7f9"],"_top_nav_excluded":[""],"_cms_nav_minihome":[""],"wcml_sync_hash":["a:1:{s:15:\"postmeta_fields\";s:32:\"e3a7c958ad20a927954d008865ff22dd\";}"],"attr_label_translations":["a:0:{}"],"_product_attributes":["a:1:{s:16:\"pa_product-brand\";a:6:{s:4:\"name\";s:16:\"pa_product-brand\";s:5:\"value\";s:0:\"\";s:8:\"position\";i:0;s:10:\"is_visible\";i:1;s:12:\"is_variation\";i:0;s:11:\"is_taxonomy\";i:1;}}"],"_thumbnail_id":["36519"],"_product_image_gallery":["36520"],"_crosssell_ids":["a:0:{}"],"_last_translation_edit_mode":["translation-editor"],"_edit_lock":["1721808279:8383"],"classic-editor-remember":["classic-editor"],"rank_math_seo_score":["20"],"_edit_last":["8383"],"commercekit_gallery_layout":[""],"commercekit_disable_sticky_atc":["0"],"commercekit_wc_video_gallery":["a:0:{}"],"_rank_math_gtin_code":[""],"_wcml_average_rating":[null],"_wcml_review_count":[null],"_wcml_rating_count":[null],"_stock":["10.000000"],"_wc_average_rating":[0],"_wc_review_count":["0"],"_product_version":["9.1.2"],"usd_price_4":[""],"usd_price_9":[""],"usd_price_24":[""],"usd_price_49":[""],"usd_price_99":[""],"gbp_price_4":[""],"gbp_price_9":[""],"gbp_price_24":[""],"gbp_price_49":[""],"gbp_price_99":[""],"usdhk_price_4":[""],"usdhk_price_9":[""],"usdhk_price_24":[""],"usdhk_price_49":[""],"usdhk_price_99":[""],"display_data_alarm":[""],"calibration":[""],"accessories":[""],"faqs":[""],"calibration_suitable_ids_gb":[""],"calibration_suitable_ids_us":[""],"show_in_calibration_suitable":[""],"other_features":[""],"shipping":[""],"refrigerant_cabinet":[""],"main_specifications":[""],"shoptimizer_layout_pdp_short_description_position":["default"],"_wpml_media_duplicate":["1"],"_wpml_media_featured":["1"],"_manage_stock":["no"],"_calibration":["field_66a0ddd599972"],"rank_math_primary_product_cat":["2529"],"_wpml_word_count":["292"],"rank_math_focus_keyword":["Filtro per etilene"],"specifications_table":["<table class=\"specifications\">\n<tbody>\n<tr>\n<td class=\"left-td\">Lunghezza<\/td>\n<td>30 mm<\/td>\n<\/tr>\n<tr>\n<td class=\"left-td\">Larghezza<\/td>\n<td>320 mm<\/td>\n<\/tr>\n<tr>\n<td class=\"left-td\">Altezza<\/td>\n<td>35 mm<\/td>\n<\/tr>\n<tr>\n<td class=\"left-td\">Peso<\/td>\n<td>14200 grammi<\/td>\n<\/tr>\n<tr>\n<td class=\"left-td\">Prodotto<\/td>\n<td>1101<\/td>\n<\/tr>\n<tr>\n<td class=\"left-td\">Peso in grammi<\/td>\n<td>5000<\/td>\n<\/tr>\n<tr>\n<td class=\"left-td\">Composizione del grano<\/td>\n<td>AL203-Kmn05<\/td>\n<\/tr>\n<tr>\n<td class=\"left-td\">Unit\u00e0 di vendita<\/td>\n<td>Scatola<\/td>\n<\/tr>\n<tr>\n<td class=\"left-td\">Quantit\u00e0 Scatola<\/td>\n<td>2500 pezzi<\/td>\n<\/tr>\n<tr>\n<td class=\"left-td\">Tema<\/td>\n<td>L'etilene<\/td>\n<\/tr>\n<\/tbody>\n<\/table>"],"resources":["<ul class=\"resources-list\">\n \t<li><a href=\"https:\/\/praxas.com\/wp-content\/uploads\/1105-vrachttubes-ethylene-filter.pdf\" target=\"_blank\" rel=\"noopener\"><img src=\"https:\/\/praxas.com\/wp-content\/uploads\/document-icon.png\" alt=\"Icona del documento\">Opuscolo sulle bustine di etilene<\/a><\/li>\n \t<li><a href=\"\/wp-content\/uploads\/2103-msds-gk4p-sachet-blanket-en.pdf\" target=\"_blank\" rel=\"noopener\"><img src=\"https:\/\/praxas.com\/wp-content\/uploads\/document-icon.png\" alt=\"Icona del documento\">Scheda di sicurezza della bustina di etilene<\/a><\/li>\n<\/ul>"],"_uag_page_assets":["a:9:{s:3:\"css\";s:0:\"\";s:2:\"js\";s:0:\"\";s:18:\"current_block_list\";a:0:{}s:8:\"uag_flag\";b:0;s:11:\"uag_version\";s:10:\"1776927755\";s:6:\"gfonts\";a:0:{}s:10:\"gfonts_url\";s:0:\"\";s:12:\"gfonts_files\";a:0:{}s:14:\"uag_faq_layout\";b:0;}"],"_max_variation_price":[""],"_max_variation_regular_price":[""],"_max_variation_sale_price":[""],"_min_variation_price":[""],"_min_variation_regular_price":[""],"_min_variation_sale_price":[""],"_sale_price":[""],"_wc_pb_base_regular_price":[""],"_wc_pb_base_sale_price":[""],"_wc_pb_base_price":[""],"_wc_sw_max_price":[""],"_wc_sw_max_regular_price":[""],"_wc_rating_count":[""]},"uagb_featured_image_src":{"full":["https:\/\/praxas.com\/wp-content\/uploads\/oxylene-praxas-styveck-gk4-ethylene-filter-5gr-250-800px.jpg",800,463,false],"thumbnail":["https:\/\/praxas.com\/wp-content\/uploads\/oxylene-praxas-styveck-gk4-ethylene-filter-5gr-250-800px-150x150.jpg",150,150,true],"medium":["https:\/\/praxas.com\/wp-content\/uploads\/oxylene-praxas-styveck-gk4-ethylene-filter-5gr-250-800px-300x174.jpg",300,174,true],"medium_large":["https:\/\/praxas.com\/wp-content\/uploads\/oxylene-praxas-styveck-gk4-ethylene-filter-5gr-250-800px-768x444.jpg",768,444,true],"large":["https:\/\/praxas.com\/wp-content\/uploads\/oxylene-praxas-styveck-gk4-ethylene-filter-5gr-250-800px.jpg",800,463,false],"1536x1536":["https:\/\/praxas.com\/wp-content\/uploads\/oxylene-praxas-styveck-gk4-ethylene-filter-5gr-250-800px.jpg",800,463,false],"2048x2048":["https:\/\/praxas.com\/wp-content\/uploads\/oxylene-praxas-styveck-gk4-ethylene-filter-5gr-250-800px.jpg",800,463,false],"crunchify-admin-post-featured-image":["https:\/\/praxas.com\/wp-content\/uploads\/oxylene-praxas-styveck-gk4-ethylene-filter-5gr-250-800px-120x69.jpg",120,69,true],"commercegurus-pdp-large":["https:\/\/praxas.com\/wp-content\/uploads\/oxylene-praxas-styveck-gk4-ethylene-filter-5gr-250-800px.jpg",800,463,false],"commercegurus-plp-mobile":["https:\/\/praxas.com\/wp-content\/uploads\/oxylene-praxas-styveck-gk4-ethylene-filter-5gr-250-800px-441x255.jpg",441,255,true],"cgkit_image_swatch":["https:\/\/praxas.com\/wp-content\/uploads\/oxylene-praxas-styveck-gk4-ethylene-filter-5gr-250-800px-100x100.jpg",100,100,true],"woocommerce_thumbnail":["https:\/\/praxas.com\/wp-content\/uploads\/oxylene-praxas-styveck-gk4-ethylene-filter-5gr-250-800px-350x203.jpg",350,203,true],"woocommerce_single":["https:\/\/praxas.com\/wp-content\/uploads\/oxylene-praxas-styveck-gk4-ethylene-filter-5gr-250-800px.jpg",800,463,false],"woocommerce_gallery_thumbnail":["https:\/\/praxas.com\/wp-content\/uploads\/oxylene-praxas-styveck-gk4-ethylene-filter-5gr-250-800px-150x87.jpg",150,87,true]},"uagb_author_info":{"display_name":"Andy Price","author_link":"https:\/\/praxas.com\/it\/author\/"},"uagb_comment_info":0,"uagb_excerpt":"Filtro etilene Styveck GK4 Alta capacit\u00e0 di assorbimento Piccolo Leggero Alta capacit\u00e0 di assorbimento Rispettoso dell'ambiente","_links":{"self":[{"href":"https:\/\/praxas.com\/it\/wp-json\/wp\/v2\/product\/36518","targetHints":{"allow":["GET"]}}],"collection":[{"href":"https:\/\/praxas.com\/it\/wp-json\/wp\/v2\/product"}],"about":[{"href":"https:\/\/praxas.com\/it\/wp-json\/wp\/v2\/types\/product"}],"wp:featuredmedia":[{"embeddable":true,"href":"https:\/\/praxas.com\/it\/wp-json\/wp\/v2\/media\/36519"}],"wp:attachment":[{"href":"https:\/\/praxas.com\/it\/wp-json\/wp\/v2\/media?parent=36518"}],"wp:term":[{"taxonomy":"product_brand","embeddable":true,"href":"https:\/\/praxas.com\/it\/wp-json\/wp\/v2\/product_brand?post=36518"},{"taxonomy":"product_cat","embeddable":true,"href":"https:\/\/praxas.com\/it\/wp-json\/wp\/v2\/product_cat?post=36518"},{"taxonomy":"product_tag","embeddable":true,"href":"https:\/\/praxas.com\/it\/wp-json\/wp\/v2\/product_tag?post=36518"}],"curies":[{"name":"wp","href":"https:\/\/api.w.org\/{rel}","templated":true}]}}