{"id":36521,"date":"2024-06-11T15:42:26","date_gmt":"2024-06-11T13:42:26","guid":{"rendered":"https:\/\/staging.praxas.com\/product\/senza-categoria\/registratore-di-temperatura-trid30-7r\/"},"modified":"2025-10-08T18:14:03","modified_gmt":"2025-10-08T16:14:03","slug":"registratore-di-temperatura-trid30-7r","status":"publish","type":"product","link":"https:\/\/praxas.com\/it\/product\/registratori-di-dati\/registratori-di-dati-di-temperatura\/registratore-di-temperatura-trid30-7r\/","title":{"rendered":"Registratore di temperatura TRID30-7R"},"content":{"rendered":"<p><strong>Nota bene:<\/strong> il registratore di temperatura LogTag TRID30-7R ha una batteria interna <strong>sostituibile<\/strong>.<\/p>\n<p>Il registratore di temperatura LogTag TRID30-7R \u00e8 un registratore di temperatura conforme all&#8217;OMS, progettato per monitorare le condizioni di conservazione nei frigoriferi per vaccini, nelle aree di vendita al dettaglio e nelle strutture mediche.<\/p>\n<p>Questo registratore di temperatura misura e monitora le temperature durante il trasporto e l&#8217;immagazzinamento con un intervallo compreso tra -30\u00b0C e +60\u00b0C, rendendolo adatto ad ambienti con temperature estreme durante il trasporto.<\/p>\n<p>La misurazione accurata della temperatura aiuta a prevenire danni o perdite di peso durante il trasporto. \u00c8 dotato di un orologio in tempo reale che fornisce la data e l&#8217;ora di ogni lettura della temperatura, rendendolo ideale per il trasporto di prodotti sensibili alla temperatura e di dispositivi medici.<\/p>\n<p>I registratori di temperatura LogTag sono rinomati per il loro tempo di download e la loro precisione, leader nel settore. Con una durata della batteria fino a 3 anni, puoi contare su un&#8217;acquisizione dei dati continua e precisa.<\/p>\n<p><strong>I vantaggi dell&#8217;utilizzo del registratore di temperatura LogTag TRID30-7R includono:<\/strong><\/p>\n<ul>\n<li>Un intervallo di temperatura compreso tra -30\u00b0C e +60\u00b0C<\/li>\n<li>Misura fino a 30 giorni<\/li>\n<li>L&#8217;indicatore di allarme segnala quando le letture sono al di fuori dei limiti impostati<\/li>\n<li>Niente pi\u00f9 misurazioni manuali<\/li>\n<li>Dimensioni compatte per un facile trasporto e stoccaggio<\/li>\n<li>Conforme all&#8217;OMS<\/li>\n<\/ul>\n<p><strong>Display LCD<\/strong><\/p>\n<p>Una funzionalit\u00e0 utile di questo datalogger \u00e8 il display. Questo display mostra quando \u00e8 stata misurata una temperatura troppo alta o troppo bassa. Mostra anche la temperatura e l&#8217;ora di quel momento, lo stato di registrazione e il livello della batteria.<\/p>\n<p>Vedendo la temperatura passata e presente in un colpo d&#8217;occhio, si possono prendere provvedimenti.<\/p>\n<p><strong>Conserva la merce per un periodo pi\u00f9 lungo<\/strong><\/p>\n<p>Questo registratore di temperatura monitora la temperatura durante il trasporto su brevi e lunghe distanze, rinomato per le sue elevate prestazioni, la qualit\u00e0 e l&#8217;accuratezza, fondamentali per garantire l&#8217;integrit\u00e0 del prodotto. Il mantenimento di temperature ambientali adeguate \u00e8 fondamentale per la qualit\u00e0 e la sicurezza di prodotti come farmaci e vaccini.<\/p>\n<p><strong>Facile accesso ai dati<\/strong><\/p>\n<p>Acquistando il registratore di temperatura, otterrai l&#8217;accesso <strong>gratuito<\/strong> al software LogTag Analyser. Questa piattaforma facilita la configurazione, il download e la visualizzazione dei dati del logger di temperatura LogTag TRID30-7R. I dati possono essere esportati senza problemi in vari formati di file, tra cui Excel.<\/p>\n<p><strong> <\/strong><\/p>\n<p>Installando il LogTag TRID30-7R all&#8217;interno del carico, potrai conoscere la temperatura in tempo reale, proteggendoti da potenziali danni da trasporto.<\/p>\n","protected":false},"excerpt":{"rendered":"<ul>\n<li>Registratore di temperatura con display<\/li>\n<li>Da -30\u00b0C a +60\u00b0C<\/li>\n<li>Misura fino a 30 giorni<\/li>\n<li>Estremamente preciso<\/li>\n<\/ul>\n","protected":false},"featured_media":36522,"template":"","meta":{"_acf_changed":false,"content-type":"","_uag_custom_page_level_css":""},"product_brand":[],"product_cat":[1892],"product_tag":[2512],"class_list":{"0":"post-36521","1":"product","2":"type-product","3":"status-publish","4":"has-post-thumbnail","6":"product_cat-registratori-di-dati-di-temperatura","7":"product_tag-logtag-it","9":"first","10":"instock","11":"taxable","12":"shipping-taxable","13":"purchasable","14":"product-type-simple"},"bundled_by":[],"bundle_stock_status":"instock","bundle_stock_quantity":null,"bundle_virtual":false,"bundle_layout":"","bundle_add_to_cart_form_location":"","bundle_editable_in_cart":false,"bundle_sold_individually_context":"","bundle_item_grouping":"","bundle_min_size":"","bundle_max_size":"","bundle_price":[],"bundled_items":[],"bundle_sell_ids":[],"acf":[],"spectra_custom_meta":{"_product_attributes":["a:2:{s:16:\"pa_product-brand\";a:6:{s:4:\"name\";s:16:\"pa_product-brand\";s:5:\"value\";s:0:\"\";s:8:\"position\";i:0;s:10:\"is_visible\";i:1;s:12:\"is_variation\";i:0;s:11:\"is_taxonomy\";i:1;}s:16:\"pa_make-a-choice\";a:6:{s:4:\"name\";s:16:\"pa_make-a-choice\";s:5:\"value\";s:0:\"\";s:8:\"position\";i:1;s:10:\"is_visible\";i:1;s:12:\"is_variation\";i:0;s:11:\"is_taxonomy\";i:1;}}"],"attr_label_translations":["a:1:{s:2:\"it\";a:1:{s:13:\"make-a-choice\";s:14:\"Fai una scelta\";}}"],"_backorders":["no"],"_download_limit":["-1"],"_download_expiry":["-1"],"_downloadable":["no"],"_manage_stock":["no"],"_stock_status":["instock"],"_sold_individually":["no"],"_tax_class":[""],"_tax_status":["taxable"],"_virtual":["no"],"total_sales":["4"],"product_datasheet":[""],"_product_datasheet":["field_650ad7d6ea3a0"],"_connectivity":["field_64dce263bb57c"],"brand":["LogTag"],"_brand":["field_64ddf62ed2593"],"brand_image":[""],"_brand_image":["field_650c5e7c84cae"],"_specifications_table":["field_65044e1db92a8"],"_resources":["field_650849c6945ee"],"_accessories":["field_650849e6945f0"],"_faqs":["field_650859523d8d5"],"_calibration_suitable_ids_gb":["field_654b4c4acb54a"],"_calibration_suitable_ids_us":["field_654b4c56cb54b"],"_show_in_calibration_suitable":["field_654cfb691d345"],"_usd_price_4":["field_651570dcac479"],"_usd_price_9":["field_6515713eb4807"],"_usd_price_24":["field_65157141b4809"],"_usd_price_49":["field_65157140b4808"],"_usd_price_99":["field_6515715bb480a"],"_gbp_price_4":["field_6515716e83bfa"],"_gbp_price_9":["field_6515724783bfb"],"_gbp_price_24":["field_6515724b83bfc"],"_gbp_price_49":["field_6515725983bfd"],"_gbp_price_99":["field_6515725d83bfe"],"_usdhk_price_4":["field_6515726f83bff"],"_usdhk_price_9":["field_6515727c83c00"],"_usdhk_price_24":["field_6515728083c01"],"_usdhk_price_49":["field_6515728983c02"],"_usdhk_price_99":["field_6515728e83c03"],"stock_options":["In stock"],"_stock_options":["field_6544b605dc7f9"],"_top_nav_excluded":[""],"_cms_nav_minihome":[""],"wcml_sync_hash":["a:1:{s:15:\"postmeta_fields\";s:32:\"eaa54a03829d495cbd3ad2f0923d76b3\";}"],"_product_image_gallery":["36523,36524,36525"],"_thumbnail_id":["36522"],"_crosssell_ids":["a:0:{}"],"_display_data_alarm":["field_667d647bcb066"],"_other_features":["field_668524f8c98a4"],"_shipping":["field_66852535c98a5"],"_refrigerant_cabinet":["field_66852557c98a6"],"_main_specifications":["field_66855b25b1245"],"_last_translation_edit_mode":["translation-editor"],"connectivity":["Interface Cradle"],"_calibration":["field_66a0ddd599972"],"_edit_lock":["1724250005:8383"],"classic-editor-remember":["classic-editor"],"rank_math_seo_score":["88"],"rank_math_contentai_score":["a:5:{s:8:\"keywords\";s:5:\"74.51\";s:9:\"wordCount\";s:1:\"0\";s:9:\"linkCount\";s:1:\"0\";s:12:\"headingCount\";s:1:\"0\";s:10:\"mediaCount\";s:1:\"0\";}"],"_edit_last":["8383"],"commercekit_gallery_layout":[""],"commercekit_disable_sticky_atc":["0"],"commercekit_wc_video_gallery":["a:0:{}"],"_rank_math_gtin_code":[""],"_wcml_average_rating":[null],"_wcml_review_count":[null],"_wcml_rating_count":[null],"_stock":[null],"_wc_average_rating":[0],"_wc_review_count":["0"],"_product_version":["9.1.4"],"usd_price_4":[""],"usd_price_9":[""],"usd_price_24":[""],"usd_price_49":[""],"usd_price_99":[""],"gbp_price_4":[""],"gbp_price_9":[""],"gbp_price_24":[""],"gbp_price_49":[""],"gbp_price_99":[""],"usdhk_price_4":[""],"usdhk_price_9":[""],"usdhk_price_24":[""],"usdhk_price_49":[""],"usdhk_price_99":[""],"display_data_alarm":[""],"calibration":[""],"faqs":[""],"calibration_suitable_ids_gb":[""],"calibration_suitable_ids_us":[""],"show_in_calibration_suitable":[""],"other_features":[""],"shipping":[""],"refrigerant_cabinet":[""],"main_specifications":[""],"shoptimizer_layout_pdp_short_description_position":["default"],"rank_math_analytic_object_id":["646"],"_wpml_media_duplicate":["1"],"_wpml_media_featured":["1"],"_regular_price":["65.10"],"_price":["65.10","65.10","65.10"],"min_temp":["-30"],"max_temp":["60"],"_min_temp":["field_67ea5eb4e0a77"],"_max_temp":["field_67ea5f81e0a79"],"hubwoo_ecomm_pro_id":["21488696333"],"_wpml_word_count":["488"],"rank_math_primary_product_cat":["87"],"rank_math_description":["Logger di temperatura per un monitoraggio accurato. Presenta un intervallo da -30\u00b0C a +60\u00b0C, un display LCD e la conformit\u00e0 all'OMS. Perfetto per le strutture mediche. Per saperne di pi\u00f9, visita Praxas."],"rank_math_focus_keyword":["Registratore di temperatura"],"specifications_table":["<table class=\"specifications\">\n<tbody>\n<tr>\n<td class=\"left-td\">Modello del prodotto<\/td>\n<td>TRID30-7R (batteria sostituibile)<\/td>\n<\/tr>\n<tr>\n<td class=\"left-td\">Intervallo di misurazione della temperatura<\/td>\n<td>Da -30\u00b0C a +60\u00b0C (da -22\u00b0F a +140\u00b0F)<\/td>\n<\/tr>\n<tr>\n<td class=\"left-td\">Intervallo di temperatura di conservazione<\/td>\n<td>Da -10\u00b0C a +40\u00b0C (da 14\u00b0F a +104\u00b0F)<\/td>\n<\/tr>\n<tr>\n<td class=\"left-td\">Tempo di reazione del sensore<\/td>\n<td>Tipicamente inferiore a 5 minuti (T90) in aria in movimento (1m\/s) in EN12830:1999<\/td>\n<\/tr>\n<tr>\n<td class=\"left-td\">Capacit\u00e0 di registrazione<\/td>\n<td>7.650 letture di temperatura. 53 giorni a 10 minuti di registrazione, 80 giorni a 15 minuti di registrazione\nMemoria per le statistiche di riepilogo giornaliere (per la visualizzazione sul display LCD): fino a 30 giorni di statistiche di massima\/minima\/durata e di attivazione degli allarmi. <\/td>\n<\/tr>\n<tr>\n<td class=\"left-td\">Intervallo di campionamento<\/td>\n<td>Configurabile da 30 secondi a un'ora<\/td>\n<\/tr>\n<tr>\n<td class=\"left-td\">Opzioni di avvio della registrazione<\/td>\n<td>Avvio tramite pulsante o data e ora specifiche.\nRitardo di avvio opzionale fino a 18 ore <\/td>\n<\/tr>\n<tr>\n<td class=\"left-td\">Indicazione di registrazione<\/td>\n<td>Indicatore di stato \"REC<\/td>\n<\/tr>\n<tr>\n<td class=\"left-td\">Tempo di download<\/td>\n<td>In genere meno di 5 secondi per l'intera memoria (7.650 letture), a seconda del computer o del dispositivo di lettura utilizzato.<\/td>\n<\/tr>\n<tr>\n<td class=\"left-td\">Ambientale<\/td>\n<td>IP65 (approssimativamente equivalente a NEMA 4) se montato o appeso verticalmente<\/td>\n<\/tr>\n<tr>\n<td class=\"left-td\">Fonte di alimentazione<\/td>\n<td>TRID30-7R (batteria sostituibile): CR2032 3V LiMnO2<\/td>\n<\/tr>\n<tr>\n<td class=\"left-td\">Durata della batteria<\/td>\n<td>TRID30-7R (batteria sostituibile): 1 anno di conservazione, seguito da 1 anno di funzionamento con uso normale (registrazione di 6 minuti, statistiche riviste sul display non pi\u00f9 di una volta al giorno per non pi\u00f9 di 30 secondi ogni volta, download dei dati mensile).<\/td>\n<\/tr>\n<tr>\n<td class=\"left-td\">Orologio in tempo reale<\/td>\n<td>Orologio in tempo reale incorporato\nAccuratezza nominale \u00b125ppm @ 25\u00b0C (equivalente a 2,5 secondi\/giorno)\nIl coefficiente di temperatura nominale \u00e8 -0,034 \u00b10,006ppm\/\u00b0C (cio\u00e8 tipicamente +\/- 0,00294 secondi\/giorno\/\u00b0C)<\/td>\n<\/tr>\n<tr>\n<td class=\"left-td\">Interfaccia di connessione<\/td>\n<td>Interfaccia Cradle<\/td>\n<\/tr>\n<tr>\n<td class=\"left-td\">Software<\/td>\n<td>Analizzatore LogTag<\/td>\n<\/tr>\n<tr>\n<td class=\"left-td\">Dimensioni<\/td>\n<td>93 mm (H) x 54,5 mm (L) x 8,6 mm (T)<\/td>\n<\/tr>\n<tr>\n<td class=\"left-td\">Peso<\/td>\n<td>TRID30-7R: 41 g<\/td>\n<\/tr>\n<tr>\n<td class=\"left-td\">Materiale della custodia<\/td>\n<td>Policarbonato<\/td>\n<\/tr>\n<\/tbody>\n<\/table>"],"resources":["<ul class=\"resources-list\">\n \t<li style=\"list-style-type: none;\">\n<ul class=\"resources-list\">\n \t<li><a href=\"https:\/\/praxas.com\/wp-content\/uploads\/LogTag_TRID30-7_Brochure.pdf\"><img src=\"https:\/\/praxas.com\/wp-content\/uploads\/document-icon.png\" alt=\"Icona del documento\">Opuscolo LogTag TRID30-7R<\/a><\/li>\n \t<li><img src=\"https:\/\/praxas.com\/wp-content\/uploads\/document-icon.png\" alt=\"Icona del documento\"><a href=\"https:\/\/praxas.com\/wp-content\/uploads\/LogTag_TRID_Quickstart_Guide.pdf\">Guida rapida di LogTag TRID30-7R<\/a><\/li>\n \t<li><img src=\"https:\/\/praxas.com\/wp-content\/uploads\/document-icon.png\" alt=\"Icona del documento\"><a href=\"https:\/\/praxas.com\/wp-content\/uploads\/TRID30-7_Product_User_Guide.pdf\">Manuale d'uso LogTag TRID30-7R<\/a><\/li>\n \t<li><img src=\"https:\/\/praxas.com\/wp-content\/uploads\/document-icon.png\" alt=\"Icona del documento\"><a href=\"https:\/\/praxas.com\/wp-content\/uploads\/TRID30-7R_TRED30-7R_Battery_replacement.pdf\">Guida alla sostituzione della batteria LogTag TRID30-7R<\/a><\/li>\n<\/ul>\n<\/li>\n<\/ul>"],"accessories":["[products skus=\"LTI-HID,PROTECTIVE ENCLOSURE,WMB-1\"]"],"_uag_page_assets":["a:9:{s:3:\"css\";s:0:\"\";s:2:\"js\";s:0:\"\";s:18:\"current_block_list\";a:0:{}s:8:\"uag_flag\";b:0;s:11:\"uag_version\";s:10:\"1777651425\";s:6:\"gfonts\";a:0:{}s:10:\"gfonts_url\";s:0:\"\";s:12:\"gfonts_files\";a:0:{}s:14:\"uag_faq_layout\";b:0;}"],"_max_variation_price":[""],"_max_variation_regular_price":[""],"_max_variation_sale_price":[""],"_min_variation_price":[""],"_min_variation_regular_price":[""],"_min_variation_sale_price":[""],"_sale_price":[""],"_wc_pb_base_regular_price":[""],"_wc_pb_base_sale_price":[""],"_wc_pb_base_price":[""],"_wc_sw_max_price":[""],"_wc_sw_max_regular_price":[""],"_wc_rating_count":[""]},"uagb_featured_image_src":{"full":["https:\/\/praxas.com\/wp-content\/uploads\/logtag-logtag-trid30-7r-temperature-logger-who-wit-800px.jpg",800,463,false],"thumbnail":["https:\/\/praxas.com\/wp-content\/uploads\/logtag-logtag-trid30-7r-temperature-logger-who-wit-800px-150x150.jpg",150,150,true],"medium":["https:\/\/praxas.com\/wp-content\/uploads\/logtag-logtag-trid30-7r-temperature-logger-who-wit-800px-300x174.jpg",300,174,true],"medium_large":["https:\/\/praxas.com\/wp-content\/uploads\/logtag-logtag-trid30-7r-temperature-logger-who-wit-800px-768x444.jpg",768,444,true],"large":["https:\/\/praxas.com\/wp-content\/uploads\/logtag-logtag-trid30-7r-temperature-logger-who-wit-800px.jpg",800,463,false],"1536x1536":["https:\/\/praxas.com\/wp-content\/uploads\/logtag-logtag-trid30-7r-temperature-logger-who-wit-800px.jpg",800,463,false],"2048x2048":["https:\/\/praxas.com\/wp-content\/uploads\/logtag-logtag-trid30-7r-temperature-logger-who-wit-800px.jpg",800,463,false],"crunchify-admin-post-featured-image":["https:\/\/praxas.com\/wp-content\/uploads\/logtag-logtag-trid30-7r-temperature-logger-who-wit-800px-120x69.jpg",120,69,true],"commercegurus-pdp-large":["https:\/\/praxas.com\/wp-content\/uploads\/logtag-logtag-trid30-7r-temperature-logger-who-wit-800px.jpg",800,463,false],"commercegurus-plp-mobile":["https:\/\/praxas.com\/wp-content\/uploads\/logtag-logtag-trid30-7r-temperature-logger-who-wit-800px-441x255.jpg",441,255,true],"cgkit_image_swatch":["https:\/\/praxas.com\/wp-content\/uploads\/logtag-logtag-trid30-7r-temperature-logger-who-wit-800px-100x100.jpg",100,100,true],"woocommerce_thumbnail":["https:\/\/praxas.com\/wp-content\/uploads\/logtag-logtag-trid30-7r-temperature-logger-who-wit-800px-350x203.jpg",350,203,true],"woocommerce_single":["https:\/\/praxas.com\/wp-content\/uploads\/logtag-logtag-trid30-7r-temperature-logger-who-wit-800px.jpg",800,463,false],"woocommerce_gallery_thumbnail":["https:\/\/praxas.com\/wp-content\/uploads\/logtag-logtag-trid30-7r-temperature-logger-who-wit-800px-150x87.jpg",150,87,true]},"uagb_author_info":{"display_name":"Beth Foord","author_link":"https:\/\/praxas.com\/it\/author\/"},"uagb_comment_info":0,"uagb_excerpt":"Registratore di temperatura con display Da -30\u00b0C a +60\u00b0C Misura fino a 30 giorni Estremamente preciso","_links":{"self":[{"href":"https:\/\/praxas.com\/it\/wp-json\/wp\/v2\/product\/36521","targetHints":{"allow":["GET"]}}],"collection":[{"href":"https:\/\/praxas.com\/it\/wp-json\/wp\/v2\/product"}],"about":[{"href":"https:\/\/praxas.com\/it\/wp-json\/wp\/v2\/types\/product"}],"wp:featuredmedia":[{"embeddable":true,"href":"https:\/\/praxas.com\/it\/wp-json\/wp\/v2\/media\/36522"}],"wp:attachment":[{"href":"https:\/\/praxas.com\/it\/wp-json\/wp\/v2\/media?parent=36521"}],"wp:term":[{"taxonomy":"product_brand","embeddable":true,"href":"https:\/\/praxas.com\/it\/wp-json\/wp\/v2\/product_brand?post=36521"},{"taxonomy":"product_cat","embeddable":true,"href":"https:\/\/praxas.com\/it\/wp-json\/wp\/v2\/product_cat?post=36521"},{"taxonomy":"product_tag","embeddable":true,"href":"https:\/\/praxas.com\/it\/wp-json\/wp\/v2\/product_tag?post=36521"}],"curies":[{"name":"wp","href":"https:\/\/api.w.org\/{rel}","templated":true}]}}