{"id":36529,"date":"2024-06-11T13:52:20","date_gmt":"2024-06-11T11:52:20","guid":{"rendered":"https:\/\/staging.praxas.com\/product\/senza-categoria\/registratore-di-temperatura-tred30-16r\/"},"modified":"2025-10-09T10:23:48","modified_gmt":"2025-10-09T08:23:48","slug":"registratore-di-temperatura-tred30-16r","status":"publish","type":"product","link":"https:\/\/praxas.com\/it\/product\/registratori-di-dati\/registratori-di-dati-di-temperatura\/registratore-di-temperatura-tred30-16r\/","title":{"rendered":"Registratore di temperatura TRED30-16R"},"content":{"rendered":"<p>Il registratore di temperatura LogTag TRED30-16R con sensore esterno \u00e8 progettato per un monitoraggio preciso della temperatura durante il trasporto e lo stoccaggio. Pu\u00f2 ospitare fino a 15.900 misurazioni e opera in un ampio intervallo compreso tra -40\u00b0C e +99\u00b0C utilizzando un sensore esterno.<\/p>\n<p>Dotato di un allarme integrato, il logger ti segnala le deviazioni di temperatura oltre i limiti preimpostati.<\/p>\n<p>La misurazione accurata della temperatura durante il trasporto riduce i rischi di danni, perdita di peso o deterioramento. Il dispositivo \u00e8 dotato di un orologio in tempo reale per la marcatura di data e ora di ogni lettura, il che lo rende ideale per il trasporto di merci sensibili alla temperatura.<\/p>\n<p>I registratori di temperatura LogTag si distinguono per i tempi rapidi di download e la precisione superiore, sostenuti da una tecnologia avanzata e da una produzione efficiente, che garantiscono economicit\u00e0 e prestazioni elevate.<\/p>\n<p><strong>I vantaggi dell&#8217;utilizzo del registratore di temperatura LogTag TRED30-16R includono:<\/strong><\/p>\n<ul>\n<li>Allarme acustico<\/li>\n<li>Schermo LCD<\/li>\n<li>Capacit\u00e0 fino a 15.900 misure<\/li>\n<li>Sensore esterno intercambiabile<\/li>\n<li>Niente pi\u00f9 misurazioni manuali<\/li>\n<\/ul>\n<p><strong>Display LCD<\/strong><\/p>\n<p>Una funzionalit\u00e0 utile di questo datalogger \u00e8 il display. Questo display mostra quando la temperatura \u00e8 troppo alta o troppo bassa. Inoltre, vengono mostrati la temperatura e l&#8217;ora di quel momento, lo stato di registrazione e il livello della batteria.<\/p>\n<p><strong>Facile accesso ai dati<\/strong><\/p>\n<p>Quando acquisti il registratore di temperatura TRED30-16R con sensore esterno, ottieni l&#8217;accesso <strong>gratuito<\/strong> al software LogTag Analyser. Questa piattaforma consente di configurare, scaricare e visualizzare i dati sulla temperatura. L&#8217;esportazione dei dati in formati come Excel \u00e8 semplice con questo software.<\/p>\n<p>&nbsp;<\/p>\n<p>Utilizzando il registratore di temperatura TRED30-16R con un sensore esterno, sarai sempre al corrente della temperatura del tuo carico e potrai prevenire danni da trasporto e stoccaggio.<\/p>\n","protected":false},"excerpt":{"rendered":"<ul>\n<li>Conformit\u00e0 della conservazione dei vaccini<\/li>\n<li>Da -40 a + 99\u00b0C<\/li>\n<li>Temperatura e display esterni<\/li>\n<li>Oltre 15.000 letture<\/li>\n<li>Allarme acustico incorporato<\/li>\n<\/ul>\n","protected":false},"featured_media":49615,"template":"","meta":{"_acf_changed":false,"content-type":"","_uag_custom_page_level_css":""},"product_brand":[],"product_cat":[1892],"product_tag":[2512,2264],"class_list":{"0":"post-36529","1":"product","2":"type-product","3":"status-publish","4":"has-post-thumbnail","6":"product_cat-registratori-di-dati-di-temperatura","7":"product_tag-logtag-it","8":"product_tag-temperatura","10":"first","11":"instock","12":"taxable","13":"shipping-taxable","14":"purchasable","15":"product-type-variable"},"bundled_by":[],"bundle_stock_status":"instock","bundle_stock_quantity":null,"bundle_virtual":false,"bundle_layout":"","bundle_add_to_cart_form_location":"","bundle_editable_in_cart":false,"bundle_sold_individually_context":"","bundle_item_grouping":"","bundle_min_size":"","bundle_max_size":"","bundle_price":[],"bundled_items":[],"bundle_sell_ids":[],"acf":[],"spectra_custom_meta":{"_backorders":["no"],"_download_limit":["-1"],"_download_expiry":["-1"],"_downloadable":["no"],"_manage_stock":["no"],"_sku":["UTRED30-16"],"_stock_status":["instock"],"_sold_individually":["no"],"_tax_class":[""],"_tax_status":["taxable"],"_virtual":["no"],"_weight":["0"],"_width":["0"],"_height":["0"],"_length":["0"],"total_sales":["2"],"product_datasheet":[""],"_product_datasheet":["field_650ad7d6ea3a0"],"_connectivity":["field_64dce263bb57c"],"brand":["LogTag"],"_brand":["field_64ddf62ed2593"],"brand_image":[""],"_brand_image":["field_650c5e7c84cae"],"_specifications_table":["field_65044e1db92a8"],"_resources":["field_650849c6945ee"],"_accessories":["field_650849e6945f0"],"_faqs":["field_650859523d8d5"],"_calibration_suitable_ids_gb":["field_654b4c4acb54a"],"_calibration_suitable_ids_us":["field_654b4c56cb54b"],"_show_in_calibration_suitable":["field_654cfb691d345"],"_usd_price_4":["field_651570dcac479"],"_usd_price_9":["field_6515713eb4807"],"_usd_price_24":["field_65157141b4809"],"_usd_price_49":["field_65157140b4808"],"_usd_price_99":["field_6515715bb480a"],"_gbp_price_4":["field_6515716e83bfa"],"_gbp_price_9":["field_6515724783bfb"],"_gbp_price_24":["field_6515724b83bfc"],"_gbp_price_49":["field_6515725983bfd"],"_gbp_price_99":["field_6515725d83bfe"],"_usdhk_price_4":["field_6515726f83bff"],"_usdhk_price_9":["field_6515727c83c00"],"_usdhk_price_24":["field_6515728083c01"],"_usdhk_price_49":["field_6515728983c02"],"_usdhk_price_99":["field_6515728e83c03"],"stock_options":["In stock"],"_stock_options":["field_6544b605dc7f9"],"_top_nav_excluded":[""],"_cms_nav_minihome":[""],"wcml_sync_hash":["a:1:{s:15:\"postmeta_fields\";s:32:\"29fc894a8f33843463d924baabae2bf9\";}"],"attr_label_translations":["a:0:{}"],"_product_attributes":["a:2:{s:16:\"pa_product-brand\";a:6:{s:4:\"name\";s:16:\"pa_product-brand\";s:5:\"value\";s:0:\"\";s:8:\"position\";i:0;s:10:\"is_visible\";i:1;s:12:\"is_variation\";i:0;s:11:\"is_taxonomy\";i:1;}s:22:\"pa_logtag-probe-choice\";a:6:{s:4:\"name\";s:22:\"pa_logtag-probe-choice\";s:5:\"value\";s:0:\"\";s:8:\"position\";i:1;s:10:\"is_visible\";i:1;s:12:\"is_variation\";i:1;s:11:\"is_taxonomy\";i:1;}}"],"_product_image_gallery":["36532,36533,49621"],"_crosssell_ids":["a:0:{}"],"_display_data_alarm":["field_667d647bcb066"],"_other_features":["field_668524f8c98a4"],"_shipping":["field_66852535c98a5"],"_refrigerant_cabinet":["field_66852557c98a6"],"_main_specifications":["field_66855b25b1245"],"_last_translation_edit_mode":["translation-editor"],"connectivity":["Interface Cradle"],"_calibration":["field_66a0ddd599972"],"_edit_lock":["1724249331:8383"],"classic-editor-remember":["classic-editor"],"rank_math_seo_score":["81"],"rank_math_contentai_score":["a:5:{s:8:\"keywords\";s:5:\"74.51\";s:9:\"wordCount\";s:1:\"0\";s:9:\"linkCount\";s:1:\"0\";s:12:\"headingCount\";s:1:\"0\";s:10:\"mediaCount\";s:1:\"0\";}"],"_edit_last":["8383"],"commercekit_gallery_layout":[""],"commercekit_disable_sticky_atc":["0"],"commercekit_wc_video_gallery":["a:0:{}"],"_rank_math_gtin_code":[""],"_wcml_average_rating":[null],"_wcml_review_count":[null],"_wcml_rating_count":[null],"_stock":[null],"_wc_average_rating":[0],"_wc_review_count":["0"],"_product_version":["9.1.4"],"usd_price_4":[""],"usd_price_9":[""],"usd_price_24":[""],"usd_price_49":[""],"usd_price_99":[""],"gbp_price_4":[""],"gbp_price_9":[""],"gbp_price_24":[""],"gbp_price_49":[""],"gbp_price_99":[""],"usdhk_price_4":[""],"usdhk_price_9":[""],"usdhk_price_24":[""],"usdhk_price_49":[""],"usdhk_price_99":[""],"display_data_alarm":[""],"calibration":[""],"faqs":[""],"calibration_suitable_ids_gb":[""],"calibration_suitable_ids_us":[""],"show_in_calibration_suitable":[""],"other_features":[""],"shipping":[""],"refrigerant_cabinet":[""],"main_specifications":[""],"shoptimizer_layout_pdp_short_description_position":["default"],"rank_math_analytic_object_id":["641"],"_wpml_media_duplicate":["1"],"_wpml_media_featured":["1"],"_price":["75.60","103.60","108.50","109.20","110.60","112","113.40"],"min_temp":["-40"],"_min_temp":["field_67ea5eb4e0a77"],"_max_temp":["field_67ea5f81e0a79"],"_wpml_word_count":["355"],"rank_math_primary_product_cat":["87"],"max_temp":["99"],"_thumbnail_id":["49615"],"_global_unique_id":["850040258219"],"rank_math_description":["Monitora le temperature da -40 a + 99\u00b0C da una sonda esterna. Dispone di un display LCD, di un allarme sonoro e di 15.000 letture.  "],"rank_math_focus_keyword":["TRED30-16R"],"specifications_table":["<table class=\"specifications\">\n<tbody>\n<tr>\n<td class=\"left-td\">Intervallo di misurazione del sensore esterno<\/td>\n<td>Da -40\u00b0C a +99\u00b0C (da -40\u00b0F a +210\u00b0F)<\/td>\n<\/tr>\n<tr>\n<td class=\"left-td\">Temperatura di esercizio<\/td>\n<td>Da -30\u00b0C a +60\u00b0C (da -22\u00b0F a +140\u00b0F)<\/td>\n<\/tr>\n<tr>\n<td class=\"left-td\">Intervallo di temperatura di conservazione<\/td>\n<td>Da -10\u00b0C a +40\u00b0C (da 14\u00b0F a +104\u00b0F)<\/td>\n<\/tr>\n<tr>\n<td class=\"left-td\">Tempo di reazione del sensore<\/td>\n<td>Tipicamente inferiore a 2 minuti (T90) in aria in movimento (1m\/s) per i tipi ST100T, ST100H e ST100S<\/td>\n<\/tr>\n<tr>\n<td class=\"left-td\">Capacit\u00e0 di registrazione<\/td>\n<td>15.905 letture di temperatura. 66 giorni @ 6min di registrazione.\nMemoria per le statistiche di riepilogo giornaliere (per la visualizzazione sul display LCD): fino a 30 giorni di statistiche di massima\/minima\/durata e di attivazione degli allarmi. <\/td>\n<\/tr>\n<tr>\n<td class=\"left-td\">Intervallo di campionamento<\/td>\n<td>Configurabile da 30 secondi a un'ora<\/td>\n<\/tr>\n<tr>\n<td class=\"left-td\">Opzioni di avvio della registrazione<\/td>\n<td>Avvio tramite pulsante o data e ora specifiche.\nRitardo di avvio opzionale fino a 18 ore <\/td>\n<\/tr>\n<tr>\n<td class=\"left-td\">Indicazione di registrazione<\/td>\n<td>Indicatore di stato \"RECORDING\"<\/td>\n<\/tr>\n<tr>\n<td class=\"left-td\">Tempo di download<\/td>\n<td>In genere meno di 10 secondi per la memoria completa (15.905 letture), a seconda del computer o del dispositivo di lettura utilizzato.<\/td>\n<\/tr>\n<tr>\n<td class=\"left-td\">Ambientali<\/td>\n<td>IP61 (se montato o appeso verticalmente)<\/td>\n<\/tr>\n<tr>\n<td class=\"left-td\">Fonte di alimentazione<\/td>\n<td>Batteria a bottone da 3V CR2032 (LiMnO2), sostituibile dall'utente<\/td>\n<\/tr>\n<tr>\n<td class=\"left-td\">Durata della batteria<\/td>\n<td>In genere, la durata della batteria \u00e8 di 1 anno.\nNOTA: La durata tipica della batteria presuppone una registrazione di 6 minuti, mentre le statistiche giornaliere vengono riviste sul display non pi\u00f9 di una volta al giorno per non pi\u00f9 di 30 secondi ogni volta.\nScarica i dati mensilmente.\nNOTA: L'attivazione continua dell'allarme acustico riduce la durata della batteria. Quando scatta un allarme, \u00e8 necessario cancellarlo e resettarlo il prima possibile. <\/td>\n<\/tr>\n<tr>\n<td class=\"left-td\">Orologio in tempo reale<\/td>\n<td>Orologio in tempo reale incorporato.\nAccuratezza nominale \u00b125ppm @ 25\u00b0C (equivalente a 2,5 secondi\/giorno).\nIl coefficiente di temperatura nominale \u00e8 -0,034 \u00b10,006ppm\/\u00b0C (cio\u00e8 tipicamente +\/- 0,00294 secondi\/giorno\/\u00b0C).<\/td>\n<\/tr>\n<tr>\n<td class=\"left-td\">Lunghezza del cavo del sensore remoto standard<\/td>\n<td>Standard: 1,5 m (4'11\u2033).\nEsteso: 3m (9'10\u2033) (massimo consigliato)<\/td>\n<\/tr>\n<tr>\n<td class=\"left-td\">Tipo di cavo del sensore remoto<\/td>\n<td>PTFE (classificato FDA per il contatto con gli alimenti), coassiale<\/td>\n<\/tr>\n<tr>\n<td class=\"left-td\">Dimensioni<\/td>\n<td>93 mm (H) x 54,5 mm (L) x 8,6 mm (T)<\/td>\n<\/tr>\n<tr>\n<td class=\"left-td\">Peso<\/td>\n<td>41g<\/td>\n<\/tr>\n<tr>\n<td class=\"left-td\">Materiale della custodia<\/td>\n<td>Policarbonato<\/td>\n<\/tr>\n<\/tbody>\n<\/table>"],"resources":["<ul class=\"resources-list\">\n \t<li style=\"list-style-type: none;\">\n<ul class=\"resources-list\">\n \t<li><img src=\"https:\/\/praxas.com\/wp-content\/uploads\/document-icon.png\" alt=\"Icona del documento\"><a href=\"https:\/\/praxas.com\/wp-content\/uploads\/LogTag_TRED30-16R_Brochure.pdf\">Opuscolo LogTag TRED30-16R<\/a><\/li>\n \t<li><img src=\"https:\/\/praxas.com\/wp-content\/uploads\/document-icon.png\" alt=\"Icona del documento\"><a href=\"https:\/\/praxas.com\/wp-content\/uploads\/TRED30-16R-Quick-Start-Guide-1.pdf\">Guida rapida di LogTag TRED30-16R<\/a><\/li>\n \t<li><img src=\"https:\/\/praxas.com\/wp-content\/uploads\/document-icon.png\" alt=\"Icona del documento\"><a href=\"https:\/\/praxas.com\/wp-content\/uploads\/TRED30-16R_Product_User_Guide-1.pdf\">Manuale d'uso LogTag TRED30-16R<\/a><\/li>\n<\/ul>\n<\/li>\n<\/ul>\n\u00a0"],"accessories":["[products skus=\"LTI-HID,Buffer Bottle,WMB-1\"]"],"_uag_page_assets":["a:9:{s:3:\"css\";s:0:\"\";s:2:\"js\";s:0:\"\";s:18:\"current_block_list\";a:0:{}s:8:\"uag_flag\";b:0;s:11:\"uag_version\";s:10:\"1776763693\";s:6:\"gfonts\";a:0:{}s:10:\"gfonts_url\";s:0:\"\";s:12:\"gfonts_files\";a:0:{}s:14:\"uag_faq_layout\";b:0;}"],"_max_variation_price":[""],"_max_variation_regular_price":[""],"_max_variation_sale_price":[""],"_min_variation_price":[""],"_min_variation_regular_price":[""],"_min_variation_sale_price":[""],"_regular_price":[""],"_sale_price":[""],"_wc_pb_base_regular_price":[""],"_wc_pb_base_sale_price":[""],"_wc_pb_base_price":[""],"_wc_sw_max_price":[""],"_wc_sw_max_regular_price":[""],"_wc_rating_count":[""]},"uagb_featured_image_src":{"full":["https:\/\/praxas.com\/wp-content\/uploads\/TRED30-16R-Front-WEB.jpg",1200,680,false],"thumbnail":["https:\/\/praxas.com\/wp-content\/uploads\/TRED30-16R-Front-WEB-150x150.jpg",150,150,true],"medium":["https:\/\/praxas.com\/wp-content\/uploads\/TRED30-16R-Front-WEB-300x170.jpg",300,170,true],"medium_large":["https:\/\/praxas.com\/wp-content\/uploads\/TRED30-16R-Front-WEB-768x435.jpg",768,435,true],"large":["https:\/\/praxas.com\/wp-content\/uploads\/TRED30-16R-Front-WEB-1024x580.jpg",1024,580,true],"1536x1536":["https:\/\/praxas.com\/wp-content\/uploads\/TRED30-16R-Front-WEB.jpg",1200,680,false],"2048x2048":["https:\/\/praxas.com\/wp-content\/uploads\/TRED30-16R-Front-WEB.jpg",1200,680,false],"crunchify-admin-post-featured-image":["https:\/\/praxas.com\/wp-content\/uploads\/TRED30-16R-Front-WEB-120x68.jpg",120,68,true],"commercegurus-pdp-large":["https:\/\/praxas.com\/wp-content\/uploads\/TRED30-16R-Front-WEB-990x561.jpg",990,561,true],"commercegurus-plp-mobile":["https:\/\/praxas.com\/wp-content\/uploads\/TRED30-16R-Front-WEB-441x250.jpg",441,250,true],"cgkit_image_swatch":["https:\/\/praxas.com\/wp-content\/uploads\/TRED30-16R-Front-WEB-100x100.jpg",100,100,true],"woocommerce_thumbnail":["https:\/\/praxas.com\/wp-content\/uploads\/TRED30-16R-Front-WEB-350x198.jpg",350,198,true],"woocommerce_single":["https:\/\/praxas.com\/wp-content\/uploads\/TRED30-16R-Front-WEB-800x453.jpg",800,453,true],"woocommerce_gallery_thumbnail":["https:\/\/praxas.com\/wp-content\/uploads\/TRED30-16R-Front-WEB-150x85.jpg",150,85,true]},"uagb_author_info":{"display_name":"Beth Foord","author_link":"https:\/\/praxas.com\/it\/author\/"},"uagb_comment_info":0,"uagb_excerpt":"Conformit\u00e0 della conservazione dei vaccini Da -40 a + 99\u00b0C Temperatura e display esterni Oltre 15.000 letture Allarme acustico incorporato","_links":{"self":[{"href":"https:\/\/praxas.com\/it\/wp-json\/wp\/v2\/product\/36529","targetHints":{"allow":["GET"]}}],"collection":[{"href":"https:\/\/praxas.com\/it\/wp-json\/wp\/v2\/product"}],"about":[{"href":"https:\/\/praxas.com\/it\/wp-json\/wp\/v2\/types\/product"}],"wp:featuredmedia":[{"embeddable":true,"href":"https:\/\/praxas.com\/it\/wp-json\/wp\/v2\/media\/49615"}],"wp:attachment":[{"href":"https:\/\/praxas.com\/it\/wp-json\/wp\/v2\/media?parent=36529"}],"wp:term":[{"taxonomy":"product_brand","embeddable":true,"href":"https:\/\/praxas.com\/it\/wp-json\/wp\/v2\/product_brand?post=36529"},{"taxonomy":"product_cat","embeddable":true,"href":"https:\/\/praxas.com\/it\/wp-json\/wp\/v2\/product_cat?post=36529"},{"taxonomy":"product_tag","embeddable":true,"href":"https:\/\/praxas.com\/it\/wp-json\/wp\/v2\/product_tag?post=36529"}],"curies":[{"name":"wp","href":"https:\/\/api.w.org\/{rel}","templated":true}]}}